{"id":847,"date":"2024-09-01T09:08:19","date_gmt":"2024-09-01T09:08:19","guid":{"rendered":"https:\/\/mistrzowieimprez.pl\/produkt\/fluo-party\/"},"modified":"2026-03-31T21:14:12","modified_gmt":"2026-03-31T21:14:12","slug":"fluo-party","status":"publish","type":"product","link":"https:\/\/mistrzowieimprez.pl\/en\/product\/fluo-party\/","title":{"rendered":"Fluo Party"},"content":{"rendered":"<h4>Opis scenariusza:<\/h4>\n<p>Zapraszamy na wyj\u0105tkowe wydarzenie \u2013 Fluo Party! Przygotuj si\u0119 na noc, kt\u00f3ra przeniesie Ci\u0119 w \u015bwiat neonowych barw i magii \u015bwietlistych efekt\u00f3w. Po wej\u015bciu do zaaran\u017cowanej przestrzeni nasi Go\u015bcie zostan\u0105 oczarowani migocz\u0105cymi \u015bwiat\u0142ami, kt\u00f3re nadadz\u0105 wyj\u0105tkowego klimatu ka\u017cdemu zak\u0105tkowi.<\/p>\n<p>Nasza oferta obejmuje szereg energicznych stref zabaw, w tym bodypainting farbami fluorescencyjnymi, gdzie mo\u017cesz sta\u0107 si\u0119 cz\u0119\u015bci\u0105 sztuki na \u017cywo. Dodatkowo, przygotowali\u015bmy bar molekularny, kt\u00f3ry zaskoczy Twoje kubki smakowe niezwyk\u0142ymi koktajlami. Dla mi\u0142o\u015bnik\u00f3w rywalizacji oferujemy emocjonuj\u0105ce gry w klimacie Fluo, takie jak cornhole, beer pong, klasy czy limbo dance.<\/p>\n<p>Nie zapominaj o muzyce! Nasz DJ zapewni \u015bwietn\u0105 atmosfer\u0119 i rozgrzeje parkiet do czerwono\u015bci.<\/p>","protected":false},"excerpt":{"rendered":"<p>Noc Pe\u0142na Kolor\u00f3w i \u015awietlistych Wra\u017ce\u0144! Do\u0142\u0105cz do nas na niezapomnian\u0105 imprez\u0119 Fluo Party! Czekaj\u0105 na Ciebie neonowe \u015bwiat\u0142a, energiczne strefy z bodypaintingiem, bar molekularny i ekscytuj\u0105ce gry takie jak beer pong i limbo dance. Nasz DJ rozgrzeje parkiet, a Ty prze\u017cyjesz wiecz\u00f3r pe\u0142en magii i intensywnych kolor\u00f3w. Przyjd\u017a i poczuj magi\u0119 fluorescencyjnego \u015bwiat\u0142a!<\/p>","protected":false},"featured_media":1159,"comment_status":"closed","ping_status":"closed","template":"","meta":{"_acf_changed":false},"product_brand":[],"product_cat":[94,98],"product_tag":[],"class_list":{"0":"post-847","1":"product","2":"type-product","3":"status-publish","4":"has-post-thumbnail","6":"product_cat-team-building","7":"product_cat-wieczory-tematyczne","9":"first","10":"instock","11":"shipping-taxable","12":"purchasable","13":"product-type-simple"},"acf":[],"yoast_head":"<!-- This site is optimized with the Yoast SEO plugin v27.5 - https:\/\/yoast.com\/product\/yoast-seo-wordpress\/ -->\n<title>Roz\u015bwietl noc! Fluo Party: neonowy Beer Pong, Bodypainting i DJ<\/title>\n<meta name=\"robots\" content=\"index, follow, max-snippet:-1, max-image-preview:large, max-video-preview:-1\" \/>\n<link rel=\"canonical\" href=\"https:\/\/mistrzowieimprez.pl\/en\/product\/fluo-party\/\" \/>\n<meta property=\"og:locale\" content=\"en_GB\" \/>\n<meta property=\"og:type\" content=\"article\" \/>\n<meta property=\"og:title\" content=\"Roz\u015bwietl noc! Fluo Party: neonowy Beer Pong, Bodypainting i DJ\" \/>\n<meta property=\"og:description\" content=\"Noc Pe\u0142na Kolor\u00f3w i \u015awietlistych Wra\u017ce\u0144! Do\u0142\u0105cz do nas na niezapomnian\u0105 imprez\u0119 Fluo Party! Czekaj\u0105 na Ciebie neonowe \u015bwiat\u0142a, energiczne strefy z bodypaintingiem, bar molekularny i ekscytuj\u0105ce gry takie jak beer pong i limbo dance. Nasz DJ rozgrzeje parkiet, a Ty prze\u017cyjesz wiecz\u00f3r pe\u0142en magii i intensywnych kolor\u00f3w. Przyjd\u017a i poczuj magi\u0119 fluorescencyjnego \u015bwiat\u0142a!\" \/>\n<meta property=\"og:url\" content=\"https:\/\/mistrzowieimprez.pl\/en\/product\/fluo-party\/\" \/>\n<meta property=\"og:site_name\" content=\"Mistrzowie Imprez\" \/>\n<meta property=\"article:publisher\" content=\"https:\/\/www.facebook.com\/mistrzowieimprez\" \/>\n<meta property=\"article:modified_time\" content=\"2026-03-31T21:14:12+00:00\" \/>\n<meta property=\"og:image\" content=\"https:\/\/mistrzowieimprez.pl\/wp-content\/uploads\/2024\/09\/Fluoparty.png\" \/>\n\t<meta property=\"og:image:width\" content=\"1000\" \/>\n\t<meta property=\"og:image:height\" content=\"1000\" \/>\n\t<meta property=\"og:image:type\" content=\"image\/png\" \/>\n<meta name=\"twitter:card\" content=\"summary_large_image\" \/>\n<meta name=\"twitter:label1\" content=\"Estimated reading time\" \/>\n\t<meta name=\"twitter:data1\" content=\"1 minute\" \/>\n<script type=\"application\/ld+json\" class=\"yoast-schema-graph\">{\"@context\":\"https:\\\/\\\/schema.org\",\"@graph\":[{\"@type\":\"WebPage\",\"@id\":\"https:\\\/\\\/mistrzowieimprez.pl\\\/produkt\\\/fluo-party\\\/\",\"url\":\"https:\\\/\\\/mistrzowieimprez.pl\\\/produkt\\\/fluo-party\\\/\",\"name\":\"Roz\u015bwietl noc! Fluo Party: neonowy Beer Pong, Bodypainting i DJ\",\"isPartOf\":{\"@id\":\"https:\\\/\\\/mistrzowieimprez.pl\\\/#website\"},\"primaryImageOfPage\":{\"@id\":\"https:\\\/\\\/mistrzowieimprez.pl\\\/produkt\\\/fluo-party\\\/#primaryimage\"},\"image\":{\"@id\":\"https:\\\/\\\/mistrzowieimprez.pl\\\/produkt\\\/fluo-party\\\/#primaryimage\"},\"thumbnailUrl\":\"https:\\\/\\\/mistrzowieimprez.pl\\\/wp-content\\\/uploads\\\/2024\\\/09\\\/Fluoparty.png\",\"datePublished\":\"2024-09-01T09:08:19+00:00\",\"dateModified\":\"2026-03-31T21:14:12+00:00\",\"breadcrumb\":{\"@id\":\"https:\\\/\\\/mistrzowieimprez.pl\\\/produkt\\\/fluo-party\\\/#breadcrumb\"},\"inLanguage\":\"en-GB\",\"potentialAction\":[{\"@type\":\"ReadAction\",\"target\":[\"https:\\\/\\\/mistrzowieimprez.pl\\\/produkt\\\/fluo-party\\\/\"]}]},{\"@type\":\"ImageObject\",\"inLanguage\":\"en-GB\",\"@id\":\"https:\\\/\\\/mistrzowieimprez.pl\\\/produkt\\\/fluo-party\\\/#primaryimage\",\"url\":\"https:\\\/\\\/mistrzowieimprez.pl\\\/wp-content\\\/uploads\\\/2024\\\/09\\\/Fluoparty.png\",\"contentUrl\":\"https:\\\/\\\/mistrzowieimprez.pl\\\/wp-content\\\/uploads\\\/2024\\\/09\\\/Fluoparty.png\",\"width\":1000,\"height\":1000,\"caption\":\"Neonowy baner z napisem Fluo Party i kolorowymi skrzyd\u0142ami tworzy efektown\u0105 opraw\u0119 wizualn\u0105 na imprez\u0119.\"},{\"@type\":\"BreadcrumbList\",\"@id\":\"https:\\\/\\\/mistrzowieimprez.pl\\\/produkt\\\/fluo-party\\\/#breadcrumb\",\"itemListElement\":[{\"@type\":\"ListItem\",\"position\":1,\"name\":\"Strona g\u0142\u00f3wna\",\"item\":\"https:\\\/\\\/mistrzowieimprez.pl\\\/\"},{\"@type\":\"ListItem\",\"position\":2,\"name\":\"sklep\",\"item\":\"https:\\\/\\\/mistrzowieimprez.pl\\\/sklep\\\/\"},{\"@type\":\"ListItem\",\"position\":3,\"name\":\"Fluo Party\"}]},{\"@type\":\"WebSite\",\"@id\":\"https:\\\/\\\/mistrzowieimprez.pl\\\/#website\",\"url\":\"https:\\\/\\\/mistrzowieimprez.pl\\\/\",\"name\":\"Mistrzowie Imprez\",\"description\":\"Kompleksowa organizacja imprez\",\"publisher\":{\"@id\":\"https:\\\/\\\/mistrzowieimprez.pl\\\/#organization\"},\"potentialAction\":[{\"@type\":\"SearchAction\",\"target\":{\"@type\":\"EntryPoint\",\"urlTemplate\":\"https:\\\/\\\/mistrzowieimprez.pl\\\/?s={search_term_string}\"},\"query-input\":{\"@type\":\"PropertyValueSpecification\",\"valueRequired\":true,\"valueName\":\"search_term_string\"}}],\"inLanguage\":\"en-GB\"},{\"@type\":\"Organization\",\"@id\":\"https:\\\/\\\/mistrzowieimprez.pl\\\/#organization\",\"name\":\"Mistrzowie Imprez\",\"url\":\"https:\\\/\\\/mistrzowieimprez.pl\\\/\",\"logo\":{\"@type\":\"ImageObject\",\"inLanguage\":\"en-GB\",\"@id\":\"https:\\\/\\\/mistrzowieimprez.pl\\\/#\\\/schema\\\/logo\\\/image\\\/\",\"url\":\"https:\\\/\\\/mistrzowieimprez.pl\\\/wp-content\\\/uploads\\\/2024\\\/08\\\/mistrzowie_imprez_logo_ciemne-tlo@4x.png\",\"contentUrl\":\"https:\\\/\\\/mistrzowieimprez.pl\\\/wp-content\\\/uploads\\\/2024\\\/08\\\/mistrzowie_imprez_logo_ciemne-tlo@4x.png\",\"width\":1318,\"height\":351,\"caption\":\"Mistrzowie Imprez\"},\"image\":{\"@id\":\"https:\\\/\\\/mistrzowieimprez.pl\\\/#\\\/schema\\\/logo\\\/image\\\/\"},\"sameAs\":[\"https:\\\/\\\/www.facebook.com\\\/mistrzowieimprez\",\"https:\\\/\\\/www.instagram.com\\\/mistrzowieimprez\\\/\",\"https:\\\/\\\/www.youtube.com\\\/@ytmistrzowieimprez\"]}]}<\/script>\n<!-- \/ Yoast SEO plugin. -->","yoast_head_json":{"title":"Roz\u015bwietl noc! Fluo Party: neonowy Beer Pong, Bodypainting i DJ","robots":{"index":"index","follow":"follow","max-snippet":"max-snippet:-1","max-image-preview":"max-image-preview:large","max-video-preview":"max-video-preview:-1"},"canonical":"https:\/\/mistrzowieimprez.pl\/en\/product\/fluo-party\/","og_locale":"en_GB","og_type":"article","og_title":"Roz\u015bwietl noc! Fluo Party: neonowy Beer Pong, Bodypainting i DJ","og_description":"Noc Pe\u0142na Kolor\u00f3w i \u015awietlistych Wra\u017ce\u0144! Do\u0142\u0105cz do nas na niezapomnian\u0105 imprez\u0119 Fluo Party! Czekaj\u0105 na Ciebie neonowe \u015bwiat\u0142a, energiczne strefy z bodypaintingiem, bar molekularny i ekscytuj\u0105ce gry takie jak beer pong i limbo dance. Nasz DJ rozgrzeje parkiet, a Ty prze\u017cyjesz wiecz\u00f3r pe\u0142en magii i intensywnych kolor\u00f3w. Przyjd\u017a i poczuj magi\u0119 fluorescencyjnego \u015bwiat\u0142a!","og_url":"https:\/\/mistrzowieimprez.pl\/en\/product\/fluo-party\/","og_site_name":"Mistrzowie Imprez","article_publisher":"https:\/\/www.facebook.com\/mistrzowieimprez","article_modified_time":"2026-03-31T21:14:12+00:00","og_image":[{"width":1000,"height":1000,"url":"https:\/\/mistrzowieimprez.pl\/wp-content\/uploads\/2024\/09\/Fluoparty.png","type":"image\/png"}],"twitter_card":"summary_large_image","twitter_misc":{"Estimated reading time":"1 minute"},"schema":{"@context":"https:\/\/schema.org","@graph":[{"@type":"WebPage","@id":"https:\/\/mistrzowieimprez.pl\/produkt\/fluo-party\/","url":"https:\/\/mistrzowieimprez.pl\/produkt\/fluo-party\/","name":"Roz\u015bwietl noc! Fluo Party: neonowy Beer Pong, Bodypainting i DJ","isPartOf":{"@id":"https:\/\/mistrzowieimprez.pl\/#website"},"primaryImageOfPage":{"@id":"https:\/\/mistrzowieimprez.pl\/produkt\/fluo-party\/#primaryimage"},"image":{"@id":"https:\/\/mistrzowieimprez.pl\/produkt\/fluo-party\/#primaryimage"},"thumbnailUrl":"https:\/\/mistrzowieimprez.pl\/wp-content\/uploads\/2024\/09\/Fluoparty.png","datePublished":"2024-09-01T09:08:19+00:00","dateModified":"2026-03-31T21:14:12+00:00","breadcrumb":{"@id":"https:\/\/mistrzowieimprez.pl\/produkt\/fluo-party\/#breadcrumb"},"inLanguage":"en-GB","potentialAction":[{"@type":"ReadAction","target":["https:\/\/mistrzowieimprez.pl\/produkt\/fluo-party\/"]}]},{"@type":"ImageObject","inLanguage":"en-GB","@id":"https:\/\/mistrzowieimprez.pl\/produkt\/fluo-party\/#primaryimage","url":"https:\/\/mistrzowieimprez.pl\/wp-content\/uploads\/2024\/09\/Fluoparty.png","contentUrl":"https:\/\/mistrzowieimprez.pl\/wp-content\/uploads\/2024\/09\/Fluoparty.png","width":1000,"height":1000,"caption":"Neonowy baner z napisem Fluo Party i kolorowymi skrzyd\u0142ami tworzy efektown\u0105 opraw\u0119 wizualn\u0105 na imprez\u0119."},{"@type":"BreadcrumbList","@id":"https:\/\/mistrzowieimprez.pl\/produkt\/fluo-party\/#breadcrumb","itemListElement":[{"@type":"ListItem","position":1,"name":"Strona g\u0142\u00f3wna","item":"https:\/\/mistrzowieimprez.pl\/"},{"@type":"ListItem","position":2,"name":"sklep","item":"https:\/\/mistrzowieimprez.pl\/sklep\/"},{"@type":"ListItem","position":3,"name":"Fluo Party"}]},{"@type":"WebSite","@id":"https:\/\/mistrzowieimprez.pl\/#website","url":"https:\/\/mistrzowieimprez.pl\/","name":"Mistrzowie Imprez","description":"Kompleksowa organizacja imprez","publisher":{"@id":"https:\/\/mistrzowieimprez.pl\/#organization"},"potentialAction":[{"@type":"SearchAction","target":{"@type":"EntryPoint","urlTemplate":"https:\/\/mistrzowieimprez.pl\/?s={search_term_string}"},"query-input":{"@type":"PropertyValueSpecification","valueRequired":true,"valueName":"search_term_string"}}],"inLanguage":"en-GB"},{"@type":"Organization","@id":"https:\/\/mistrzowieimprez.pl\/#organization","name":"Mistrzowie Imprez","url":"https:\/\/mistrzowieimprez.pl\/","logo":{"@type":"ImageObject","inLanguage":"en-GB","@id":"https:\/\/mistrzowieimprez.pl\/#\/schema\/logo\/image\/","url":"https:\/\/mistrzowieimprez.pl\/wp-content\/uploads\/2024\/08\/mistrzowie_imprez_logo_ciemne-tlo@4x.png","contentUrl":"https:\/\/mistrzowieimprez.pl\/wp-content\/uploads\/2024\/08\/mistrzowie_imprez_logo_ciemne-tlo@4x.png","width":1318,"height":351,"caption":"Mistrzowie Imprez"},"image":{"@id":"https:\/\/mistrzowieimprez.pl\/#\/schema\/logo\/image\/"},"sameAs":["https:\/\/www.facebook.com\/mistrzowieimprez","https:\/\/www.instagram.com\/mistrzowieimprez\/","https:\/\/www.youtube.com\/@ytmistrzowieimprez"]}]}},"_links":{"self":[{"href":"https:\/\/mistrzowieimprez.pl\/en\/wp-json\/wp\/v2\/product\/847","targetHints":{"allow":["GET"]}}],"collection":[{"href":"https:\/\/mistrzowieimprez.pl\/en\/wp-json\/wp\/v2\/product"}],"about":[{"href":"https:\/\/mistrzowieimprez.pl\/en\/wp-json\/wp\/v2\/types\/product"}],"replies":[{"embeddable":true,"href":"https:\/\/mistrzowieimprez.pl\/en\/wp-json\/wp\/v2\/comments?post=847"}],"version-history":[{"count":2,"href":"https:\/\/mistrzowieimprez.pl\/en\/wp-json\/wp\/v2\/product\/847\/revisions"}],"predecessor-version":[{"id":2234,"href":"https:\/\/mistrzowieimprez.pl\/en\/wp-json\/wp\/v2\/product\/847\/revisions\/2234"}],"wp:featuredmedia":[{"embeddable":true,"href":"https:\/\/mistrzowieimprez.pl\/en\/wp-json\/wp\/v2\/media\/1159"}],"wp:attachment":[{"href":"https:\/\/mistrzowieimprez.pl\/en\/wp-json\/wp\/v2\/media?parent=847"}],"wp:term":[{"taxonomy":"product_brand","embeddable":true,"href":"https:\/\/mistrzowieimprez.pl\/en\/wp-json\/wp\/v2\/product_brand?post=847"},{"taxonomy":"product_cat","embeddable":true,"href":"https:\/\/mistrzowieimprez.pl\/en\/wp-json\/wp\/v2\/product_cat?post=847"},{"taxonomy":"product_tag","embeddable":true,"href":"https:\/\/mistrzowieimprez.pl\/en\/wp-json\/wp\/v2\/product_tag?post=847"}],"curies":[{"name":"wp","href":"https:\/\/api.w.org\/{rel}","templated":true}]}}