{"id":845,"date":"2024-09-01T09:08:18","date_gmt":"2024-09-01T09:08:18","guid":{"rendered":"https:\/\/mistrzowieimprez.pl\/produkt\/dookola-swiata\/"},"modified":"2026-03-31T21:14:32","modified_gmt":"2026-03-31T21:14:32","slug":"dookola-swiata","status":"publish","type":"product","link":"https:\/\/mistrzowieimprez.pl\/en\/product\/dookola-swiata\/","title":{"rendered":"Dooko\u0142a \u015awiata"},"content":{"rendered":"<h4>Opis scenariusza:<\/h4>\n<p>Zapraszamy Pa\u0144stwa na <strong>niezwyk\u0142\u0105 podr\u00f3\u017c dooko\u0142a \u015bwiata<\/strong>! Ta wyj\u0105tkowa impreza to nie tylko \u015bwietna okazja do wsp\u00f3lnej zabawy, ale tak\u017ce do odkrywania r\u00f3\u017cnorodno\u015bci kulturowej, kt\u00f3ra otacza nas na co dzie\u0144. Nasze wydarzenie stwarza niepowtarzaln\u0105 atmosfer\u0119 podr\u00f3\u017cy, a przestrze\u0144 zostanie udekorowana w motywach charakterystycznych dla r\u00f3\u017cnych cz\u0119\u015bci globu oraz lotniska, co dodatkowo pot\u0119guje wra\u017cenie przygody.<\/p>\n<p>Podczas imprezy czeka na uczestnik\u00f3w wiele atrakcji, w tym <strong>muzyka<\/strong> z r\u00f3\u017cnych zak\u0105tk\u00f3w \u015bwiata, kt\u00f3ra wprowadzi w wyj\u0105tkowy nastr\u00f3j. Przygotowali\u015bmy tak\u017ce szereg <strong>gier i zabaw integracyjnych<\/strong>, kt\u00f3re b\u0119d\u0105 doskona\u0142\u0105 okazj\u0105 do budowania wi\u0119zi mi\u0119dzy uczestnikami i lepszego poznania si\u0119. Ka\u017cdy b\u0119dzie mia\u0142 szans\u0119 wzi\u0105\u0107 udzia\u0142 w <strong>konkursach<\/strong>, <strong>quizach tematycznych<\/strong> oraz <strong>zabawnych wyzwaniach<\/strong>, kt\u00f3re dodadz\u0105 energii i rado\u015bci ca\u0142emu wydarzeniu.<\/p>\n<p>Nie przegapcie tej okazji, by prze\u017cy\u0107 wiecz\u00f3r pe\u0142en emocji, kulturowych odkry\u0107 i niezapomnianych wspomnie\u0144! Do\u0142\u0105czcie do nas w podr\u00f3\u017cy dooko\u0142a \u015bwiata i sprawcie, by ta impreza sta\u0142a si\u0119 jednym z najpi\u0119kniejszych wspomnie\u0144.<\/p>","protected":false},"excerpt":{"rendered":"<p>Zapraszamy na niezwyk\u0142\u0105 podr\u00f3\u017c dooko\u0142a \u015bwiata! Nasza impreza to doskona\u0142a okazja do wsp\u00f3lnej zabawy i poznania r\u00f3\u017cnorodno\u015bci kulturowej. Przestrze\u0144 wydarzenia udekorowana w motywach r\u00f3\u017cnych kraj\u00f3w stworzy atmosfer\u0119 podr\u00f3\u017cy. W programie znajdzie si\u0119 muzyka, gry i zabawy integracyjne, konkursy oraz quizy tematyczne. Do\u0142\u0105cz do nas i prze\u017cyj wyj\u0105tkowy wiecz\u00f3r pe\u0142en energii oraz integracji!<\/p>","protected":false},"featured_media":1160,"comment_status":"closed","ping_status":"closed","template":"","meta":{"_acf_changed":false},"product_brand":[],"product_cat":[94,98],"product_tag":[],"class_list":{"0":"post-845","1":"product","2":"type-product","3":"status-publish","4":"has-post-thumbnail","6":"product_cat-team-building","7":"product_cat-wieczory-tematyczne","9":"first","10":"instock","11":"shipping-taxable","12":"purchasable","13":"product-type-simple"},"acf":[],"yoast_head":"<!-- This site is optimized with the Yoast SEO plugin v27.2 - https:\/\/yoast.com\/product\/yoast-seo-wordpress\/ -->\n<title>Podr\u00f3\u017c Dooko\u0142a \u015awiata \u2013 impreza firmowa i integracja kulturowa<\/title>\n<meta name=\"robots\" content=\"index, follow, max-snippet:-1, max-image-preview:large, max-video-preview:-1\" \/>\n<link rel=\"canonical\" href=\"https:\/\/mistrzowieimprez.pl\/en\/product\/dookola-swiata\/\" \/>\n<meta property=\"og:locale\" content=\"en_GB\" \/>\n<meta property=\"og:type\" content=\"article\" \/>\n<meta property=\"og:title\" content=\"Podr\u00f3\u017c Dooko\u0142a \u015awiata \u2013 impreza firmowa i integracja kulturowa\" \/>\n<meta property=\"og:description\" content=\"Zapraszamy na niezwyk\u0142\u0105 podr\u00f3\u017c dooko\u0142a \u015bwiata! Nasza impreza to doskona\u0142a okazja do wsp\u00f3lnej zabawy i poznania r\u00f3\u017cnorodno\u015bci kulturowej. Przestrze\u0144 wydarzenia udekorowana w motywach r\u00f3\u017cnych kraj\u00f3w stworzy atmosfer\u0119 podr\u00f3\u017cy. W programie znajdzie si\u0119 muzyka, gry i zabawy integracyjne, konkursy oraz quizy tematyczne. Do\u0142\u0105cz do nas i prze\u017cyj wyj\u0105tkowy wiecz\u00f3r pe\u0142en energii oraz integracji!\" \/>\n<meta property=\"og:url\" content=\"https:\/\/mistrzowieimprez.pl\/en\/product\/dookola-swiata\/\" \/>\n<meta property=\"og:site_name\" content=\"Mistrzowie Imprez\" \/>\n<meta property=\"article:publisher\" content=\"https:\/\/www.facebook.com\/mistrzowieimprez\" \/>\n<meta property=\"article:modified_time\" content=\"2026-03-31T21:14:32+00:00\" \/>\n<meta property=\"og:image\" content=\"https:\/\/mistrzowieimprez.pl\/wp-content\/uploads\/2024\/09\/Dookola-Swiata.png\" \/>\n\t<meta property=\"og:image:width\" content=\"1000\" \/>\n\t<meta property=\"og:image:height\" content=\"1000\" \/>\n\t<meta property=\"og:image:type\" content=\"image\/png\" \/>\n<meta name=\"twitter:card\" content=\"summary_large_image\" \/>\n<meta name=\"twitter:label1\" content=\"Estimated reading time\" \/>\n\t<meta name=\"twitter:data1\" content=\"2 minutes\" \/>\n<script type=\"application\/ld+json\" class=\"yoast-schema-graph\">{\"@context\":\"https:\/\/schema.org\",\"@graph\":[{\"@type\":\"WebPage\",\"@id\":\"https:\/\/mistrzowieimprez.pl\/produkt\/dookola-swiata\/\",\"url\":\"https:\/\/mistrzowieimprez.pl\/produkt\/dookola-swiata\/\",\"name\":\"Podr\u00f3\u017c Dooko\u0142a \u015awiata \u2013 impreza firmowa i integracja kulturowa\",\"isPartOf\":{\"@id\":\"https:\/\/mistrzowieimprez.pl\/#website\"},\"primaryImageOfPage\":{\"@id\":\"https:\/\/mistrzowieimprez.pl\/produkt\/dookola-swiata\/#primaryimage\"},\"image\":{\"@id\":\"https:\/\/mistrzowieimprez.pl\/produkt\/dookola-swiata\/#primaryimage\"},\"thumbnailUrl\":\"https:\/\/mistrzowieimprez.pl\/wp-content\/uploads\/2024\/09\/Dookola-Swiata.png\",\"datePublished\":\"2024-09-01T09:08:18+00:00\",\"dateModified\":\"2026-03-31T21:14:32+00:00\",\"breadcrumb\":{\"@id\":\"https:\/\/mistrzowieimprez.pl\/produkt\/dookola-swiata\/#breadcrumb\"},\"inLanguage\":\"en-GB\",\"potentialAction\":[{\"@type\":\"ReadAction\",\"target\":[\"https:\/\/mistrzowieimprez.pl\/produkt\/dookola-swiata\/\"]}]},{\"@type\":\"ImageObject\",\"inLanguage\":\"en-GB\",\"@id\":\"https:\/\/mistrzowieimprez.pl\/produkt\/dookola-swiata\/#primaryimage\",\"url\":\"https:\/\/mistrzowieimprez.pl\/wp-content\/uploads\/2024\/09\/Dookola-Swiata.png\",\"contentUrl\":\"https:\/\/mistrzowieimprez.pl\/wp-content\/uploads\/2024\/09\/Dookola-Swiata.png\",\"width\":1000,\"height\":1000,\"caption\":\"Trzej m\u0119\u017cczy\u017ani w przeciws\u0142onecznych okularach i mundurach salutuj\u0105 do kamery.\"},{\"@type\":\"BreadcrumbList\",\"@id\":\"https:\/\/mistrzowieimprez.pl\/produkt\/dookola-swiata\/#breadcrumb\",\"itemListElement\":[{\"@type\":\"ListItem\",\"position\":1,\"name\":\"Strona g\u0142\u00f3wna\",\"item\":\"https:\/\/mistrzowieimprez.pl\/\"},{\"@type\":\"ListItem\",\"position\":2,\"name\":\"sklep\",\"item\":\"https:\/\/mistrzowieimprez.pl\/sklep\/\"},{\"@type\":\"ListItem\",\"position\":3,\"name\":\"Dooko\u0142a \u015awiata\"}]},{\"@type\":\"WebSite\",\"@id\":\"https:\/\/mistrzowieimprez.pl\/#website\",\"url\":\"https:\/\/mistrzowieimprez.pl\/\",\"name\":\"Mistrzowie Imprez\",\"description\":\"Kompleksowa organizacja imprez\",\"publisher\":{\"@id\":\"https:\/\/mistrzowieimprez.pl\/#organization\"},\"potentialAction\":[{\"@type\":\"SearchAction\",\"target\":{\"@type\":\"EntryPoint\",\"urlTemplate\":\"https:\/\/mistrzowieimprez.pl\/?s={search_term_string}\"},\"query-input\":{\"@type\":\"PropertyValueSpecification\",\"valueRequired\":true,\"valueName\":\"search_term_string\"}}],\"inLanguage\":\"en-GB\"},{\"@type\":\"Organization\",\"@id\":\"https:\/\/mistrzowieimprez.pl\/#organization\",\"name\":\"Mistrzowie Imprez\",\"url\":\"https:\/\/mistrzowieimprez.pl\/\",\"logo\":{\"@type\":\"ImageObject\",\"inLanguage\":\"en-GB\",\"@id\":\"https:\/\/mistrzowieimprez.pl\/#\/schema\/logo\/image\/\",\"url\":\"https:\/\/mistrzowieimprez.pl\/wp-content\/uploads\/2024\/08\/mistrzowie_imprez_logo_ciemne-tlo@4x.png\",\"contentUrl\":\"https:\/\/mistrzowieimprez.pl\/wp-content\/uploads\/2024\/08\/mistrzowie_imprez_logo_ciemne-tlo@4x.png\",\"width\":1318,\"height\":351,\"caption\":\"Mistrzowie Imprez\"},\"image\":{\"@id\":\"https:\/\/mistrzowieimprez.pl\/#\/schema\/logo\/image\/\"},\"sameAs\":[\"https:\/\/www.facebook.com\/mistrzowieimprez\",\"https:\/\/www.instagram.com\/mistrzowieimprez\/\",\"https:\/\/www.youtube.com\/@ytmistrzowieimprez\"]}]}<\/script>\n<!-- \/ Yoast SEO plugin. -->","yoast_head_json":{"title":"Podr\u00f3\u017c Dooko\u0142a \u015awiata \u2013 impreza firmowa i integracja kulturowa","robots":{"index":"index","follow":"follow","max-snippet":"max-snippet:-1","max-image-preview":"max-image-preview:large","max-video-preview":"max-video-preview:-1"},"canonical":"https:\/\/mistrzowieimprez.pl\/en\/product\/dookola-swiata\/","og_locale":"en_GB","og_type":"article","og_title":"Podr\u00f3\u017c Dooko\u0142a \u015awiata \u2013 impreza firmowa i integracja kulturowa","og_description":"Zapraszamy na niezwyk\u0142\u0105 podr\u00f3\u017c dooko\u0142a \u015bwiata! Nasza impreza to doskona\u0142a okazja do wsp\u00f3lnej zabawy i poznania r\u00f3\u017cnorodno\u015bci kulturowej. Przestrze\u0144 wydarzenia udekorowana w motywach r\u00f3\u017cnych kraj\u00f3w stworzy atmosfer\u0119 podr\u00f3\u017cy. W programie znajdzie si\u0119 muzyka, gry i zabawy integracyjne, konkursy oraz quizy tematyczne. Do\u0142\u0105cz do nas i prze\u017cyj wyj\u0105tkowy wiecz\u00f3r pe\u0142en energii oraz integracji!","og_url":"https:\/\/mistrzowieimprez.pl\/en\/product\/dookola-swiata\/","og_site_name":"Mistrzowie Imprez","article_publisher":"https:\/\/www.facebook.com\/mistrzowieimprez","article_modified_time":"2026-03-31T21:14:32+00:00","og_image":[{"width":1000,"height":1000,"url":"https:\/\/mistrzowieimprez.pl\/wp-content\/uploads\/2024\/09\/Dookola-Swiata.png","type":"image\/png"}],"twitter_card":"summary_large_image","twitter_misc":{"Estimated reading time":"2 minutes"},"schema":{"@context":"https:\/\/schema.org","@graph":[{"@type":"WebPage","@id":"https:\/\/mistrzowieimprez.pl\/produkt\/dookola-swiata\/","url":"https:\/\/mistrzowieimprez.pl\/produkt\/dookola-swiata\/","name":"Podr\u00f3\u017c Dooko\u0142a \u015awiata \u2013 impreza firmowa i integracja kulturowa","isPartOf":{"@id":"https:\/\/mistrzowieimprez.pl\/#website"},"primaryImageOfPage":{"@id":"https:\/\/mistrzowieimprez.pl\/produkt\/dookola-swiata\/#primaryimage"},"image":{"@id":"https:\/\/mistrzowieimprez.pl\/produkt\/dookola-swiata\/#primaryimage"},"thumbnailUrl":"https:\/\/mistrzowieimprez.pl\/wp-content\/uploads\/2024\/09\/Dookola-Swiata.png","datePublished":"2024-09-01T09:08:18+00:00","dateModified":"2026-03-31T21:14:32+00:00","breadcrumb":{"@id":"https:\/\/mistrzowieimprez.pl\/produkt\/dookola-swiata\/#breadcrumb"},"inLanguage":"en-GB","potentialAction":[{"@type":"ReadAction","target":["https:\/\/mistrzowieimprez.pl\/produkt\/dookola-swiata\/"]}]},{"@type":"ImageObject","inLanguage":"en-GB","@id":"https:\/\/mistrzowieimprez.pl\/produkt\/dookola-swiata\/#primaryimage","url":"https:\/\/mistrzowieimprez.pl\/wp-content\/uploads\/2024\/09\/Dookola-Swiata.png","contentUrl":"https:\/\/mistrzowieimprez.pl\/wp-content\/uploads\/2024\/09\/Dookola-Swiata.png","width":1000,"height":1000,"caption":"Trzej m\u0119\u017cczy\u017ani w przeciws\u0142onecznych okularach i mundurach salutuj\u0105 do kamery."},{"@type":"BreadcrumbList","@id":"https:\/\/mistrzowieimprez.pl\/produkt\/dookola-swiata\/#breadcrumb","itemListElement":[{"@type":"ListItem","position":1,"name":"Strona g\u0142\u00f3wna","item":"https:\/\/mistrzowieimprez.pl\/"},{"@type":"ListItem","position":2,"name":"sklep","item":"https:\/\/mistrzowieimprez.pl\/sklep\/"},{"@type":"ListItem","position":3,"name":"Dooko\u0142a \u015awiata"}]},{"@type":"WebSite","@id":"https:\/\/mistrzowieimprez.pl\/#website","url":"https:\/\/mistrzowieimprez.pl\/","name":"Mistrzowie Imprez","description":"Kompleksowa organizacja imprez","publisher":{"@id":"https:\/\/mistrzowieimprez.pl\/#organization"},"potentialAction":[{"@type":"SearchAction","target":{"@type":"EntryPoint","urlTemplate":"https:\/\/mistrzowieimprez.pl\/?s={search_term_string}"},"query-input":{"@type":"PropertyValueSpecification","valueRequired":true,"valueName":"search_term_string"}}],"inLanguage":"en-GB"},{"@type":"Organization","@id":"https:\/\/mistrzowieimprez.pl\/#organization","name":"Mistrzowie Imprez","url":"https:\/\/mistrzowieimprez.pl\/","logo":{"@type":"ImageObject","inLanguage":"en-GB","@id":"https:\/\/mistrzowieimprez.pl\/#\/schema\/logo\/image\/","url":"https:\/\/mistrzowieimprez.pl\/wp-content\/uploads\/2024\/08\/mistrzowie_imprez_logo_ciemne-tlo@4x.png","contentUrl":"https:\/\/mistrzowieimprez.pl\/wp-content\/uploads\/2024\/08\/mistrzowie_imprez_logo_ciemne-tlo@4x.png","width":1318,"height":351,"caption":"Mistrzowie Imprez"},"image":{"@id":"https:\/\/mistrzowieimprez.pl\/#\/schema\/logo\/image\/"},"sameAs":["https:\/\/www.facebook.com\/mistrzowieimprez","https:\/\/www.instagram.com\/mistrzowieimprez\/","https:\/\/www.youtube.com\/@ytmistrzowieimprez"]}]}},"_links":{"self":[{"href":"https:\/\/mistrzowieimprez.pl\/en\/wp-json\/wp\/v2\/product\/845","targetHints":{"allow":["GET"]}}],"collection":[{"href":"https:\/\/mistrzowieimprez.pl\/en\/wp-json\/wp\/v2\/product"}],"about":[{"href":"https:\/\/mistrzowieimprez.pl\/en\/wp-json\/wp\/v2\/types\/product"}],"replies":[{"embeddable":true,"href":"https:\/\/mistrzowieimprez.pl\/en\/wp-json\/wp\/v2\/comments?post=845"}],"version-history":[{"count":3,"href":"https:\/\/mistrzowieimprez.pl\/en\/wp-json\/wp\/v2\/product\/845\/revisions"}],"predecessor-version":[{"id":3617,"href":"https:\/\/mistrzowieimprez.pl\/en\/wp-json\/wp\/v2\/product\/845\/revisions\/3617"}],"wp:featuredmedia":[{"embeddable":true,"href":"https:\/\/mistrzowieimprez.pl\/en\/wp-json\/wp\/v2\/media\/1160"}],"wp:attachment":[{"href":"https:\/\/mistrzowieimprez.pl\/en\/wp-json\/wp\/v2\/media?parent=845"}],"wp:term":[{"taxonomy":"product_brand","embeddable":true,"href":"https:\/\/mistrzowieimprez.pl\/en\/wp-json\/wp\/v2\/product_brand?post=845"},{"taxonomy":"product_cat","embeddable":true,"href":"https:\/\/mistrzowieimprez.pl\/en\/wp-json\/wp\/v2\/product_cat?post=845"},{"taxonomy":"product_tag","embeddable":true,"href":"https:\/\/mistrzowieimprez.pl\/en\/wp-json\/wp\/v2\/product_tag?post=845"}],"curies":[{"name":"wp","href":"https:\/\/api.w.org\/{rel}","templated":true}]}}