{"id":843,"date":"2024-09-01T09:08:17","date_gmt":"2024-09-01T09:08:17","guid":{"rendered":"https:\/\/mistrzowieimprez.pl\/produkt\/wyspa-piratow\/"},"modified":"2026-03-31T21:14:55","modified_gmt":"2026-03-31T21:14:55","slug":"wyspa-piratow","status":"publish","type":"product","link":"https:\/\/mistrzowieimprez.pl\/en\/product\/wyspa-piratow\/","title":{"rendered":"Wyspa Pirat\u00f3w"},"content":{"rendered":"<h4>Opis scenariusza:<\/h4>\n<p>Przygotujcie si\u0119 na niezapomnian\u0105 przygod\u0119 na <strong>pirackiej wyspie<\/strong>, gdzie czekaj\u0105 na Was tajemnice, zagadki i ekscytuj\u0105ce wyzwania! Nasza impreza rozpocznie si\u0119 powitaniem przez <strong>Kapitana Haczyka<\/strong>, kt\u00f3ry wprowadzi wszystkich w piracki nastr\u00f3j i zaprosi do wsp\u00f3lnego snucia opowie\u015bci o dokonanych grabie\u017cach.<\/p>\n<p>Po chwili relaksu przy sto\u0142ach, Kapitan Haczyk zaprowadzi Was na parkiet, gdzie czekaj\u0105 liczne atrakcje. Uczestnicy b\u0119d\u0105 mieli okazj\u0119 wzi\u0105\u0107 udzia\u0142 w konkursie na najlepiej przebranego pirata lub piratk\u0119, co z pewno\u015bci\u0105 doda kolorytu ca\u0142emu wydarzeniu. Dodatkowo, na ch\u0119tnych czekaj\u0105 zawody w rzucaniu kotwic\u0105, kt\u00f3re dostarcz\u0105 mn\u00f3stwo emocji i rywalizacji. Nie zapomnijcie r\u00f3wnie\u017c o poszukiwaniu skarb\u00f3w, ukrytych na terenie naszej imprezy \u2013 to \u015bwietna okazja, by poczu\u0107 si\u0119 jak prawdziwi piraci w akcji!<\/p>\n<p>Oczywi\u015bcie, nie zabraknie r\u00f3wnie\u017c muzyki w klimacie pirackim, kt\u00f3ra zach\u0119ci Was do ta\u0144ca i bujania si\u0119 jak na pok\u0142adzie pirackiego statku. Przygotujcie si\u0119 na wiecz\u00f3r pe\u0142en \u015bmiechu, przyg\u00f3d i niezapomnianych wspomnie\u0144.<\/p>\n<p>Do\u0142\u0105czcie do naszej pirackiej imprezy i prze\u017cyjcie wyj\u0105tkowe chwile w towarzystwie innych mi\u0142o\u015bnik\u00f3w przyg\u00f3d na morzu!<\/p>","protected":false},"excerpt":{"rendered":"<p>Przygotujcie si\u0119 na niezapomnian\u0105 przygod\u0119 na pirackiej wyspie pe\u0142nej tajemnic, zagadek i ekscytuj\u0105cych wyzwa\u0144! Wiecz\u00f3r rozpocznie powitanie przez Kapitana Haczyka, kt\u00f3ry zaprosi do wsp\u00f3lnego snucia opowie\u015bci o grabie\u017cach. Czekaj\u0105 na Was konkursy na najlepiej przebranego pirata, zawody w rzucaniu kotwic\u0105 i poszukiwanie skarb\u00f3w. Nie zabraknie tak\u017ce pirackiej muzyki, kt\u00f3ra zach\u0119ci do ta\u0144ca! Do\u0142\u0105czcie do naszej pirackiej imprezy i prze\u017cyjcie niezapomniane chwile!<\/p>","protected":false},"featured_media":1161,"comment_status":"closed","ping_status":"closed","template":"","meta":{"_acf_changed":false},"product_brand":[],"product_cat":[94,98],"product_tag":[],"class_list":{"0":"post-843","1":"product","2":"type-product","3":"status-publish","4":"has-post-thumbnail","6":"product_cat-team-building","7":"product_cat-wieczory-tematyczne","9":"first","10":"instock","11":"shipping-taxable","12":"purchasable","13":"product-type-simple"},"acf":[],"yoast_head":"<!-- This site is optimized with the Yoast SEO plugin v27.2 - https:\/\/yoast.com\/product\/yoast-seo-wordpress\/ -->\n<title>Piracka Impreza Firmowa \u2013 event z poszukiwaniem skarbu<\/title>\n<meta name=\"robots\" content=\"index, follow, max-snippet:-1, max-image-preview:large, max-video-preview:-1\" \/>\n<link rel=\"canonical\" href=\"https:\/\/mistrzowieimprez.pl\/en\/product\/wyspa-piratow\/\" \/>\n<meta property=\"og:locale\" content=\"en_GB\" \/>\n<meta property=\"og:type\" content=\"article\" \/>\n<meta property=\"og:title\" content=\"Piracka Impreza Firmowa \u2013 event z poszukiwaniem skarbu\" \/>\n<meta property=\"og:description\" content=\"Przygotujcie si\u0119 na niezapomnian\u0105 przygod\u0119 na pirackiej wyspie pe\u0142nej tajemnic, zagadek i ekscytuj\u0105cych wyzwa\u0144! Wiecz\u00f3r rozpocznie powitanie przez Kapitana Haczyka, kt\u00f3ry zaprosi do wsp\u00f3lnego snucia opowie\u015bci o grabie\u017cach. Czekaj\u0105 na Was konkursy na najlepiej przebranego pirata, zawody w rzucaniu kotwic\u0105 i poszukiwanie skarb\u00f3w. Nie zabraknie tak\u017ce pirackiej muzyki, kt\u00f3ra zach\u0119ci do ta\u0144ca! Do\u0142\u0105czcie do naszej pirackiej imprezy i prze\u017cyjcie niezapomniane chwile!\" \/>\n<meta property=\"og:url\" content=\"https:\/\/mistrzowieimprez.pl\/en\/product\/wyspa-piratow\/\" \/>\n<meta property=\"og:site_name\" content=\"Mistrzowie Imprez\" \/>\n<meta property=\"article:publisher\" content=\"https:\/\/www.facebook.com\/mistrzowieimprez\" \/>\n<meta property=\"article:modified_time\" content=\"2026-03-31T21:14:55+00:00\" \/>\n<meta property=\"og:image\" content=\"https:\/\/mistrzowieimprez.pl\/wp-content\/uploads\/2024\/09\/Wyspa-Piratow.png\" \/>\n\t<meta property=\"og:image:width\" content=\"800\" \/>\n\t<meta property=\"og:image:height\" content=\"800\" \/>\n\t<meta property=\"og:image:type\" content=\"image\/png\" \/>\n<meta name=\"twitter:card\" content=\"summary_large_image\" \/>\n<meta name=\"twitter:label1\" content=\"Estimated reading time\" \/>\n\t<meta name=\"twitter:data1\" content=\"2 minutes\" \/>\n<script type=\"application\/ld+json\" class=\"yoast-schema-graph\">{\"@context\":\"https:\/\/schema.org\",\"@graph\":[{\"@type\":\"WebPage\",\"@id\":\"https:\/\/mistrzowieimprez.pl\/produkt\/wyspa-piratow\/\",\"url\":\"https:\/\/mistrzowieimprez.pl\/produkt\/wyspa-piratow\/\",\"name\":\"Piracka Impreza Firmowa \u2013 event z poszukiwaniem skarbu\",\"isPartOf\":{\"@id\":\"https:\/\/mistrzowieimprez.pl\/#website\"},\"primaryImageOfPage\":{\"@id\":\"https:\/\/mistrzowieimprez.pl\/produkt\/wyspa-piratow\/#primaryimage\"},\"image\":{\"@id\":\"https:\/\/mistrzowieimprez.pl\/produkt\/wyspa-piratow\/#primaryimage\"},\"thumbnailUrl\":\"https:\/\/mistrzowieimprez.pl\/wp-content\/uploads\/2024\/09\/Wyspa-Piratow.png\",\"datePublished\":\"2024-09-01T09:08:17+00:00\",\"dateModified\":\"2026-03-31T21:14:55+00:00\",\"breadcrumb\":{\"@id\":\"https:\/\/mistrzowieimprez.pl\/produkt\/wyspa-piratow\/#breadcrumb\"},\"inLanguage\":\"en-GB\",\"potentialAction\":[{\"@type\":\"ReadAction\",\"target\":[\"https:\/\/mistrzowieimprez.pl\/produkt\/wyspa-piratow\/\"]}]},{\"@type\":\"ImageObject\",\"inLanguage\":\"en-GB\",\"@id\":\"https:\/\/mistrzowieimprez.pl\/produkt\/wyspa-piratow\/#primaryimage\",\"url\":\"https:\/\/mistrzowieimprez.pl\/wp-content\/uploads\/2024\/09\/Wyspa-Piratow.png\",\"contentUrl\":\"https:\/\/mistrzowieimprez.pl\/wp-content\/uploads\/2024\/09\/Wyspa-Piratow.png\",\"width\":1000,\"height\":1000,\"caption\":\"Na zdj\u0119ciu wida\u0107 grup\u0119 os\u00f3b przebranych za pirat\u00f3w, najprawdopodobniej uczestnicz\u0105cych w tematycznej imprezie organizowanej przez Mistrz\u00f3w imprez.\"},{\"@type\":\"BreadcrumbList\",\"@id\":\"https:\/\/mistrzowieimprez.pl\/produkt\/wyspa-piratow\/#breadcrumb\",\"itemListElement\":[{\"@type\":\"ListItem\",\"position\":1,\"name\":\"Strona g\u0142\u00f3wna\",\"item\":\"https:\/\/mistrzowieimprez.pl\/\"},{\"@type\":\"ListItem\",\"position\":2,\"name\":\"sklep\",\"item\":\"https:\/\/mistrzowieimprez.pl\/sklep\/\"},{\"@type\":\"ListItem\",\"position\":3,\"name\":\"Wyspa Pirat\u00f3w\"}]},{\"@type\":\"WebSite\",\"@id\":\"https:\/\/mistrzowieimprez.pl\/#website\",\"url\":\"https:\/\/mistrzowieimprez.pl\/\",\"name\":\"Mistrzowie Imprez\",\"description\":\"Kompleksowa organizacja imprez\",\"publisher\":{\"@id\":\"https:\/\/mistrzowieimprez.pl\/#organization\"},\"potentialAction\":[{\"@type\":\"SearchAction\",\"target\":{\"@type\":\"EntryPoint\",\"urlTemplate\":\"https:\/\/mistrzowieimprez.pl\/?s={search_term_string}\"},\"query-input\":{\"@type\":\"PropertyValueSpecification\",\"valueRequired\":true,\"valueName\":\"search_term_string\"}}],\"inLanguage\":\"en-GB\"},{\"@type\":\"Organization\",\"@id\":\"https:\/\/mistrzowieimprez.pl\/#organization\",\"name\":\"Mistrzowie Imprez\",\"url\":\"https:\/\/mistrzowieimprez.pl\/\",\"logo\":{\"@type\":\"ImageObject\",\"inLanguage\":\"en-GB\",\"@id\":\"https:\/\/mistrzowieimprez.pl\/#\/schema\/logo\/image\/\",\"url\":\"https:\/\/mistrzowieimprez.pl\/wp-content\/uploads\/2024\/08\/mistrzowie_imprez_logo_ciemne-tlo@4x.png\",\"contentUrl\":\"https:\/\/mistrzowieimprez.pl\/wp-content\/uploads\/2024\/08\/mistrzowie_imprez_logo_ciemne-tlo@4x.png\",\"width\":1318,\"height\":351,\"caption\":\"Mistrzowie Imprez\"},\"image\":{\"@id\":\"https:\/\/mistrzowieimprez.pl\/#\/schema\/logo\/image\/\"},\"sameAs\":[\"https:\/\/www.facebook.com\/mistrzowieimprez\",\"https:\/\/www.instagram.com\/mistrzowieimprez\/\",\"https:\/\/www.youtube.com\/@ytmistrzowieimprez\"]}]}<\/script>\n<!-- \/ Yoast SEO plugin. -->","yoast_head_json":{"title":"Piracka Impreza Firmowa \u2013 event z poszukiwaniem skarbu","robots":{"index":"index","follow":"follow","max-snippet":"max-snippet:-1","max-image-preview":"max-image-preview:large","max-video-preview":"max-video-preview:-1"},"canonical":"https:\/\/mistrzowieimprez.pl\/en\/product\/wyspa-piratow\/","og_locale":"en_GB","og_type":"article","og_title":"Piracka Impreza Firmowa \u2013 event z poszukiwaniem skarbu","og_description":"Przygotujcie si\u0119 na niezapomnian\u0105 przygod\u0119 na pirackiej wyspie pe\u0142nej tajemnic, zagadek i ekscytuj\u0105cych wyzwa\u0144! Wiecz\u00f3r rozpocznie powitanie przez Kapitana Haczyka, kt\u00f3ry zaprosi do wsp\u00f3lnego snucia opowie\u015bci o grabie\u017cach. Czekaj\u0105 na Was konkursy na najlepiej przebranego pirata, zawody w rzucaniu kotwic\u0105 i poszukiwanie skarb\u00f3w. Nie zabraknie tak\u017ce pirackiej muzyki, kt\u00f3ra zach\u0119ci do ta\u0144ca! Do\u0142\u0105czcie do naszej pirackiej imprezy i prze\u017cyjcie niezapomniane chwile!","og_url":"https:\/\/mistrzowieimprez.pl\/en\/product\/wyspa-piratow\/","og_site_name":"Mistrzowie Imprez","article_publisher":"https:\/\/www.facebook.com\/mistrzowieimprez","article_modified_time":"2026-03-31T21:14:55+00:00","og_image":[{"url":"https:\/\/mistrzowieimprez.pl\/wp-content\/uploads\/2024\/09\/Wyspa-Piratow.png","width":800,"height":800,"type":"image\/png"}],"twitter_card":"summary_large_image","twitter_misc":{"Estimated reading time":"2 minutes"},"schema":{"@context":"https:\/\/schema.org","@graph":[{"@type":"WebPage","@id":"https:\/\/mistrzowieimprez.pl\/produkt\/wyspa-piratow\/","url":"https:\/\/mistrzowieimprez.pl\/produkt\/wyspa-piratow\/","name":"Piracka Impreza Firmowa \u2013 event z poszukiwaniem skarbu","isPartOf":{"@id":"https:\/\/mistrzowieimprez.pl\/#website"},"primaryImageOfPage":{"@id":"https:\/\/mistrzowieimprez.pl\/produkt\/wyspa-piratow\/#primaryimage"},"image":{"@id":"https:\/\/mistrzowieimprez.pl\/produkt\/wyspa-piratow\/#primaryimage"},"thumbnailUrl":"https:\/\/mistrzowieimprez.pl\/wp-content\/uploads\/2024\/09\/Wyspa-Piratow.png","datePublished":"2024-09-01T09:08:17+00:00","dateModified":"2026-03-31T21:14:55+00:00","breadcrumb":{"@id":"https:\/\/mistrzowieimprez.pl\/produkt\/wyspa-piratow\/#breadcrumb"},"inLanguage":"en-GB","potentialAction":[{"@type":"ReadAction","target":["https:\/\/mistrzowieimprez.pl\/produkt\/wyspa-piratow\/"]}]},{"@type":"ImageObject","inLanguage":"en-GB","@id":"https:\/\/mistrzowieimprez.pl\/produkt\/wyspa-piratow\/#primaryimage","url":"https:\/\/mistrzowieimprez.pl\/wp-content\/uploads\/2024\/09\/Wyspa-Piratow.png","contentUrl":"https:\/\/mistrzowieimprez.pl\/wp-content\/uploads\/2024\/09\/Wyspa-Piratow.png","width":1000,"height":1000,"caption":"Na zdj\u0119ciu wida\u0107 grup\u0119 os\u00f3b przebranych za pirat\u00f3w, najprawdopodobniej uczestnicz\u0105cych w tematycznej imprezie organizowanej przez Mistrz\u00f3w imprez."},{"@type":"BreadcrumbList","@id":"https:\/\/mistrzowieimprez.pl\/produkt\/wyspa-piratow\/#breadcrumb","itemListElement":[{"@type":"ListItem","position":1,"name":"Strona g\u0142\u00f3wna","item":"https:\/\/mistrzowieimprez.pl\/"},{"@type":"ListItem","position":2,"name":"sklep","item":"https:\/\/mistrzowieimprez.pl\/sklep\/"},{"@type":"ListItem","position":3,"name":"Wyspa Pirat\u00f3w"}]},{"@type":"WebSite","@id":"https:\/\/mistrzowieimprez.pl\/#website","url":"https:\/\/mistrzowieimprez.pl\/","name":"Mistrzowie Imprez","description":"Kompleksowa organizacja imprez","publisher":{"@id":"https:\/\/mistrzowieimprez.pl\/#organization"},"potentialAction":[{"@type":"SearchAction","target":{"@type":"EntryPoint","urlTemplate":"https:\/\/mistrzowieimprez.pl\/?s={search_term_string}"},"query-input":{"@type":"PropertyValueSpecification","valueRequired":true,"valueName":"search_term_string"}}],"inLanguage":"en-GB"},{"@type":"Organization","@id":"https:\/\/mistrzowieimprez.pl\/#organization","name":"Mistrzowie Imprez","url":"https:\/\/mistrzowieimprez.pl\/","logo":{"@type":"ImageObject","inLanguage":"en-GB","@id":"https:\/\/mistrzowieimprez.pl\/#\/schema\/logo\/image\/","url":"https:\/\/mistrzowieimprez.pl\/wp-content\/uploads\/2024\/08\/mistrzowie_imprez_logo_ciemne-tlo@4x.png","contentUrl":"https:\/\/mistrzowieimprez.pl\/wp-content\/uploads\/2024\/08\/mistrzowie_imprez_logo_ciemne-tlo@4x.png","width":1318,"height":351,"caption":"Mistrzowie Imprez"},"image":{"@id":"https:\/\/mistrzowieimprez.pl\/#\/schema\/logo\/image\/"},"sameAs":["https:\/\/www.facebook.com\/mistrzowieimprez","https:\/\/www.instagram.com\/mistrzowieimprez\/","https:\/\/www.youtube.com\/@ytmistrzowieimprez"]}]}},"_links":{"self":[{"href":"https:\/\/mistrzowieimprez.pl\/en\/wp-json\/wp\/v2\/product\/843","targetHints":{"allow":["GET"]}}],"collection":[{"href":"https:\/\/mistrzowieimprez.pl\/en\/wp-json\/wp\/v2\/product"}],"about":[{"href":"https:\/\/mistrzowieimprez.pl\/en\/wp-json\/wp\/v2\/types\/product"}],"replies":[{"embeddable":true,"href":"https:\/\/mistrzowieimprez.pl\/en\/wp-json\/wp\/v2\/comments?post=843"}],"version-history":[{"count":2,"href":"https:\/\/mistrzowieimprez.pl\/en\/wp-json\/wp\/v2\/product\/843\/revisions"}],"predecessor-version":[{"id":2227,"href":"https:\/\/mistrzowieimprez.pl\/en\/wp-json\/wp\/v2\/product\/843\/revisions\/2227"}],"wp:featuredmedia":[{"embeddable":true,"href":"https:\/\/mistrzowieimprez.pl\/en\/wp-json\/wp\/v2\/media\/1161"}],"wp:attachment":[{"href":"https:\/\/mistrzowieimprez.pl\/en\/wp-json\/wp\/v2\/media?parent=843"}],"wp:term":[{"taxonomy":"product_brand","embeddable":true,"href":"https:\/\/mistrzowieimprez.pl\/en\/wp-json\/wp\/v2\/product_brand?post=843"},{"taxonomy":"product_cat","embeddable":true,"href":"https:\/\/mistrzowieimprez.pl\/en\/wp-json\/wp\/v2\/product_cat?post=843"},{"taxonomy":"product_tag","embeddable":true,"href":"https:\/\/mistrzowieimprez.pl\/en\/wp-json\/wp\/v2\/product_tag?post=843"}],"curies":[{"name":"wp","href":"https:\/\/api.w.org\/{rel}","templated":true}]}}