{"id":842,"date":"2024-09-01T09:08:16","date_gmt":"2024-09-01T09:08:16","guid":{"rendered":"https:\/\/mistrzowieimprez.pl\/produkt\/country\/"},"modified":"2026-03-31T21:15:22","modified_gmt":"2026-03-31T21:15:22","slug":"country","status":"publish","type":"product","link":"https:\/\/mistrzowieimprez.pl\/en\/product\/country\/","title":{"rendered":"Wiecz\u00f3r country"},"content":{"rendered":"<h4>Opis scenariusza:<\/h4>\n<p>Zapraszamy do <strong>Country Saloon<\/strong>, gdzie czeka na Was niezapomniana impreza w klimacie Dzikiego Zachodu! To doskona\u0142a okazja, by przenie\u015b\u0107 si\u0119 w czasie i poczu\u0107 atmosfer\u0119 westernu, pe\u0142nego przyg\u00f3d, kolorytu i niezwyk\u0142ych wyzwa\u0144.<\/p>\n<p>W programie imprezy znajdziecie wiele ciekawych konkurs\u00f3w i atrakcji, kt\u00f3re dostarcz\u0105 Wam mn\u00f3stwo emocji. Spr\u00f3bujcie swoich si\u0142 w strzelaniu z \u0142uku do celu, dojeniu krowy, a tak\u017ce pi\u0142owaniu bala! Te unikalne wyzwania z pewno\u015bci\u0105 zapewni\u0105 mn\u00f3stwo \u015bmiechu i rywalizacji.<\/p>\n<p>Nie zabraknie tak\u017ce popis\u00f3w tanecznych, w kt\u00f3rych zaproszeni go\u015bcie b\u0119d\u0105 mogli zaprezentowa\u0107 swoje umiej\u0119tno\u015bci w ta\u0144cach w stylu country. Zach\u0119camy do ucharakteryzowania si\u0119 zgodnie z tematyk\u0105 Dzikiego Zachodu, co doda jeszcze wi\u0119cej uroku i rado\u015bci ca\u0142emu wydarzeniu.<\/p>\n<p>Aby wzmocni\u0107 klimat imprezy, mo\u017cemy wzbogaci\u0107 nasz\u0105 ofert\u0119 o dodatkowe atrakcje, kt\u00f3re uczyni\u0105 ten wiecz\u00f3r jeszcze bardziej wyj\u0105tkowym.<\/p>\n<p>Prze\u017cyj wiecz\u00f3r pe\u0142en wspania\u0142ych wspomnie\u0144, \u015bmiechu i wyj\u0105tkowej zabawy w klimacie Dzikiego Zachodu!<\/p>","protected":false},"excerpt":{"rendered":"<p>Zapraszamy do <strong>Country Saloon<\/strong> na niezapomnian\u0105 imprez\u0119 w klimacie Dzikiego Zachodu! Czekaj\u0105 na Was ciekawe konkursy i wyzwania, takie jak strzelanie z \u0142uku, dojenie krowy czy pi\u0142owanie bala. Uczestnicy b\u0119d\u0105 mieli okazj\u0119 zaprezentowa\u0107 swoje umiej\u0119tno\u015bci taneczne, a tak\u017ce wzi\u0105\u0107 udzia\u0142 w dodatkowych atrakcjach, kt\u00f3re podkre\u015bl\u0105 wyj\u0105tkowy klimat wydarzenia. Do\u0142\u0105cz do nas na wiecz\u00f3r pe\u0142en zabawy i niezapomnianych wspomnie\u0144!<\/p>","protected":false},"featured_media":1179,"comment_status":"closed","ping_status":"closed","template":"","meta":{"_acf_changed":false},"product_brand":[],"product_cat":[94,98],"product_tag":[],"class_list":{"0":"post-842","1":"product","2":"type-product","3":"status-publish","4":"has-post-thumbnail","6":"product_cat-team-building","7":"product_cat-wieczory-tematyczne","9":"first","10":"instock","11":"shipping-taxable","12":"purchasable","13":"product-type-simple"},"acf":[],"yoast_head":"<!-- This site is optimized with the Yoast SEO plugin v27.2 - https:\/\/yoast.com\/product\/yoast-seo-wordpress\/ -->\n<title>Poczuj klimat Westernu! Country Saloon: dojenie krowy i ta\u0144ce line<\/title>\n<meta name=\"robots\" content=\"index, follow, max-snippet:-1, max-image-preview:large, max-video-preview:-1\" \/>\n<link rel=\"canonical\" href=\"https:\/\/mistrzowieimprez.pl\/en\/product\/country\/\" \/>\n<meta property=\"og:locale\" content=\"en_GB\" \/>\n<meta property=\"og:type\" content=\"article\" \/>\n<meta property=\"og:title\" content=\"Poczuj klimat Westernu! Country Saloon: dojenie krowy i ta\u0144ce line\" \/>\n<meta property=\"og:description\" content=\"Zapraszamy do Country Saloon na niezapomnian\u0105 imprez\u0119 w klimacie Dzikiego Zachodu! Czekaj\u0105 na Was ciekawe konkursy i wyzwania, takie jak strzelanie z \u0142uku, dojenie krowy czy pi\u0142owanie bala. Uczestnicy b\u0119d\u0105 mieli okazj\u0119 zaprezentowa\u0107 swoje umiej\u0119tno\u015bci taneczne, a tak\u017ce wzi\u0105\u0107 udzia\u0142 w dodatkowych atrakcjach, kt\u00f3re podkre\u015bl\u0105 wyj\u0105tkowy klimat wydarzenia. Do\u0142\u0105cz do nas na wiecz\u00f3r pe\u0142en zabawy i niezapomnianych wspomnie\u0144!\" \/>\n<meta property=\"og:url\" content=\"https:\/\/mistrzowieimprez.pl\/en\/product\/country\/\" \/>\n<meta property=\"og:site_name\" content=\"Mistrzowie Imprez\" \/>\n<meta property=\"article:publisher\" content=\"https:\/\/www.facebook.com\/mistrzowieimprez\" \/>\n<meta property=\"article:modified_time\" content=\"2026-03-31T21:15:22+00:00\" \/>\n<meta property=\"og:image\" content=\"https:\/\/mistrzowieimprez.pl\/wp-content\/uploads\/2024\/09\/Country.png\" \/>\n\t<meta property=\"og:image:width\" content=\"800\" \/>\n\t<meta property=\"og:image:height\" content=\"800\" \/>\n\t<meta property=\"og:image:type\" content=\"image\/png\" \/>\n<meta name=\"twitter:card\" content=\"summary_large_image\" \/>\n<meta name=\"twitter:label1\" content=\"Estimated reading time\" \/>\n\t<meta name=\"twitter:data1\" content=\"2 minutes\" \/>\n<script type=\"application\/ld+json\" class=\"yoast-schema-graph\">{\"@context\":\"https:\/\/schema.org\",\"@graph\":[{\"@type\":\"WebPage\",\"@id\":\"https:\/\/mistrzowieimprez.pl\/produkt\/country\/\",\"url\":\"https:\/\/mistrzowieimprez.pl\/produkt\/country\/\",\"name\":\"Poczuj klimat Westernu! Country Saloon: dojenie krowy i ta\u0144ce line\",\"isPartOf\":{\"@id\":\"https:\/\/mistrzowieimprez.pl\/#website\"},\"primaryImageOfPage\":{\"@id\":\"https:\/\/mistrzowieimprez.pl\/produkt\/country\/#primaryimage\"},\"image\":{\"@id\":\"https:\/\/mistrzowieimprez.pl\/produkt\/country\/#primaryimage\"},\"thumbnailUrl\":\"https:\/\/mistrzowieimprez.pl\/wp-content\/uploads\/2024\/09\/Country.png\",\"datePublished\":\"2024-09-01T09:08:16+00:00\",\"dateModified\":\"2026-03-31T21:15:22+00:00\",\"breadcrumb\":{\"@id\":\"https:\/\/mistrzowieimprez.pl\/produkt\/country\/#breadcrumb\"},\"inLanguage\":\"en-GB\",\"potentialAction\":[{\"@type\":\"ReadAction\",\"target\":[\"https:\/\/mistrzowieimprez.pl\/produkt\/country\/\"]}]},{\"@type\":\"ImageObject\",\"inLanguage\":\"en-GB\",\"@id\":\"https:\/\/mistrzowieimprez.pl\/produkt\/country\/#primaryimage\",\"url\":\"https:\/\/mistrzowieimprez.pl\/wp-content\/uploads\/2024\/09\/Country.png\",\"contentUrl\":\"https:\/\/mistrzowieimprez.pl\/wp-content\/uploads\/2024\/09\/Country.png\",\"width\":1000,\"height\":1000,\"caption\":\"M\u0119\u017cczy\u017ani w kowbojskich strojach pi\u0142uj\u0105 k\u0142od\u0119, uczestnicz\u0105c w konkurencji organizowanej przez firm\u0119 eventow\u0105.\"},{\"@type\":\"BreadcrumbList\",\"@id\":\"https:\/\/mistrzowieimprez.pl\/produkt\/country\/#breadcrumb\",\"itemListElement\":[{\"@type\":\"ListItem\",\"position\":1,\"name\":\"Strona g\u0142\u00f3wna\",\"item\":\"https:\/\/mistrzowieimprez.pl\/\"},{\"@type\":\"ListItem\",\"position\":2,\"name\":\"sklep\",\"item\":\"https:\/\/mistrzowieimprez.pl\/sklep\/\"},{\"@type\":\"ListItem\",\"position\":3,\"name\":\"Wiecz\u00f3r country\"}]},{\"@type\":\"WebSite\",\"@id\":\"https:\/\/mistrzowieimprez.pl\/#website\",\"url\":\"https:\/\/mistrzowieimprez.pl\/\",\"name\":\"Mistrzowie Imprez\",\"description\":\"Kompleksowa organizacja imprez\",\"publisher\":{\"@id\":\"https:\/\/mistrzowieimprez.pl\/#organization\"},\"potentialAction\":[{\"@type\":\"SearchAction\",\"target\":{\"@type\":\"EntryPoint\",\"urlTemplate\":\"https:\/\/mistrzowieimprez.pl\/?s={search_term_string}\"},\"query-input\":{\"@type\":\"PropertyValueSpecification\",\"valueRequired\":true,\"valueName\":\"search_term_string\"}}],\"inLanguage\":\"en-GB\"},{\"@type\":\"Organization\",\"@id\":\"https:\/\/mistrzowieimprez.pl\/#organization\",\"name\":\"Mistrzowie Imprez\",\"url\":\"https:\/\/mistrzowieimprez.pl\/\",\"logo\":{\"@type\":\"ImageObject\",\"inLanguage\":\"en-GB\",\"@id\":\"https:\/\/mistrzowieimprez.pl\/#\/schema\/logo\/image\/\",\"url\":\"https:\/\/mistrzowieimprez.pl\/wp-content\/uploads\/2024\/08\/mistrzowie_imprez_logo_ciemne-tlo@4x.png\",\"contentUrl\":\"https:\/\/mistrzowieimprez.pl\/wp-content\/uploads\/2024\/08\/mistrzowie_imprez_logo_ciemne-tlo@4x.png\",\"width\":1318,\"height\":351,\"caption\":\"Mistrzowie Imprez\"},\"image\":{\"@id\":\"https:\/\/mistrzowieimprez.pl\/#\/schema\/logo\/image\/\"},\"sameAs\":[\"https:\/\/www.facebook.com\/mistrzowieimprez\",\"https:\/\/www.instagram.com\/mistrzowieimprez\/\",\"https:\/\/www.youtube.com\/@ytmistrzowieimprez\"]}]}<\/script>\n<!-- \/ Yoast SEO plugin. -->","yoast_head_json":{"title":"Poczuj klimat Westernu! Country Saloon: dojenie krowy i ta\u0144ce line","robots":{"index":"index","follow":"follow","max-snippet":"max-snippet:-1","max-image-preview":"max-image-preview:large","max-video-preview":"max-video-preview:-1"},"canonical":"https:\/\/mistrzowieimprez.pl\/en\/product\/country\/","og_locale":"en_GB","og_type":"article","og_title":"Poczuj klimat Westernu! Country Saloon: dojenie krowy i ta\u0144ce line","og_description":"Zapraszamy do Country Saloon na niezapomnian\u0105 imprez\u0119 w klimacie Dzikiego Zachodu! Czekaj\u0105 na Was ciekawe konkursy i wyzwania, takie jak strzelanie z \u0142uku, dojenie krowy czy pi\u0142owanie bala. Uczestnicy b\u0119d\u0105 mieli okazj\u0119 zaprezentowa\u0107 swoje umiej\u0119tno\u015bci taneczne, a tak\u017ce wzi\u0105\u0107 udzia\u0142 w dodatkowych atrakcjach, kt\u00f3re podkre\u015bl\u0105 wyj\u0105tkowy klimat wydarzenia. Do\u0142\u0105cz do nas na wiecz\u00f3r pe\u0142en zabawy i niezapomnianych wspomnie\u0144!","og_url":"https:\/\/mistrzowieimprez.pl\/en\/product\/country\/","og_site_name":"Mistrzowie Imprez","article_publisher":"https:\/\/www.facebook.com\/mistrzowieimprez","article_modified_time":"2026-03-31T21:15:22+00:00","og_image":[{"url":"https:\/\/mistrzowieimprez.pl\/wp-content\/uploads\/2024\/09\/Country.png","width":800,"height":800,"type":"image\/png"}],"twitter_card":"summary_large_image","twitter_misc":{"Estimated reading time":"2 minutes"},"schema":{"@context":"https:\/\/schema.org","@graph":[{"@type":"WebPage","@id":"https:\/\/mistrzowieimprez.pl\/produkt\/country\/","url":"https:\/\/mistrzowieimprez.pl\/produkt\/country\/","name":"Poczuj klimat Westernu! Country Saloon: dojenie krowy i ta\u0144ce line","isPartOf":{"@id":"https:\/\/mistrzowieimprez.pl\/#website"},"primaryImageOfPage":{"@id":"https:\/\/mistrzowieimprez.pl\/produkt\/country\/#primaryimage"},"image":{"@id":"https:\/\/mistrzowieimprez.pl\/produkt\/country\/#primaryimage"},"thumbnailUrl":"https:\/\/mistrzowieimprez.pl\/wp-content\/uploads\/2024\/09\/Country.png","datePublished":"2024-09-01T09:08:16+00:00","dateModified":"2026-03-31T21:15:22+00:00","breadcrumb":{"@id":"https:\/\/mistrzowieimprez.pl\/produkt\/country\/#breadcrumb"},"inLanguage":"en-GB","potentialAction":[{"@type":"ReadAction","target":["https:\/\/mistrzowieimprez.pl\/produkt\/country\/"]}]},{"@type":"ImageObject","inLanguage":"en-GB","@id":"https:\/\/mistrzowieimprez.pl\/produkt\/country\/#primaryimage","url":"https:\/\/mistrzowieimprez.pl\/wp-content\/uploads\/2024\/09\/Country.png","contentUrl":"https:\/\/mistrzowieimprez.pl\/wp-content\/uploads\/2024\/09\/Country.png","width":1000,"height":1000,"caption":"M\u0119\u017cczy\u017ani w kowbojskich strojach pi\u0142uj\u0105 k\u0142od\u0119, uczestnicz\u0105c w konkurencji organizowanej przez firm\u0119 eventow\u0105."},{"@type":"BreadcrumbList","@id":"https:\/\/mistrzowieimprez.pl\/produkt\/country\/#breadcrumb","itemListElement":[{"@type":"ListItem","position":1,"name":"Strona g\u0142\u00f3wna","item":"https:\/\/mistrzowieimprez.pl\/"},{"@type":"ListItem","position":2,"name":"sklep","item":"https:\/\/mistrzowieimprez.pl\/sklep\/"},{"@type":"ListItem","position":3,"name":"Wiecz\u00f3r country"}]},{"@type":"WebSite","@id":"https:\/\/mistrzowieimprez.pl\/#website","url":"https:\/\/mistrzowieimprez.pl\/","name":"Mistrzowie Imprez","description":"Kompleksowa organizacja imprez","publisher":{"@id":"https:\/\/mistrzowieimprez.pl\/#organization"},"potentialAction":[{"@type":"SearchAction","target":{"@type":"EntryPoint","urlTemplate":"https:\/\/mistrzowieimprez.pl\/?s={search_term_string}"},"query-input":{"@type":"PropertyValueSpecification","valueRequired":true,"valueName":"search_term_string"}}],"inLanguage":"en-GB"},{"@type":"Organization","@id":"https:\/\/mistrzowieimprez.pl\/#organization","name":"Mistrzowie Imprez","url":"https:\/\/mistrzowieimprez.pl\/","logo":{"@type":"ImageObject","inLanguage":"en-GB","@id":"https:\/\/mistrzowieimprez.pl\/#\/schema\/logo\/image\/","url":"https:\/\/mistrzowieimprez.pl\/wp-content\/uploads\/2024\/08\/mistrzowie_imprez_logo_ciemne-tlo@4x.png","contentUrl":"https:\/\/mistrzowieimprez.pl\/wp-content\/uploads\/2024\/08\/mistrzowie_imprez_logo_ciemne-tlo@4x.png","width":1318,"height":351,"caption":"Mistrzowie Imprez"},"image":{"@id":"https:\/\/mistrzowieimprez.pl\/#\/schema\/logo\/image\/"},"sameAs":["https:\/\/www.facebook.com\/mistrzowieimprez","https:\/\/www.instagram.com\/mistrzowieimprez\/","https:\/\/www.youtube.com\/@ytmistrzowieimprez"]}]}},"_links":{"self":[{"href":"https:\/\/mistrzowieimprez.pl\/en\/wp-json\/wp\/v2\/product\/842","targetHints":{"allow":["GET"]}}],"collection":[{"href":"https:\/\/mistrzowieimprez.pl\/en\/wp-json\/wp\/v2\/product"}],"about":[{"href":"https:\/\/mistrzowieimprez.pl\/en\/wp-json\/wp\/v2\/types\/product"}],"replies":[{"embeddable":true,"href":"https:\/\/mistrzowieimprez.pl\/en\/wp-json\/wp\/v2\/comments?post=842"}],"version-history":[{"count":5,"href":"https:\/\/mistrzowieimprez.pl\/en\/wp-json\/wp\/v2\/product\/842\/revisions"}],"predecessor-version":[{"id":2289,"href":"https:\/\/mistrzowieimprez.pl\/en\/wp-json\/wp\/v2\/product\/842\/revisions\/2289"}],"wp:featuredmedia":[{"embeddable":true,"href":"https:\/\/mistrzowieimprez.pl\/en\/wp-json\/wp\/v2\/media\/1179"}],"wp:attachment":[{"href":"https:\/\/mistrzowieimprez.pl\/en\/wp-json\/wp\/v2\/media?parent=842"}],"wp:term":[{"taxonomy":"product_brand","embeddable":true,"href":"https:\/\/mistrzowieimprez.pl\/en\/wp-json\/wp\/v2\/product_brand?post=842"},{"taxonomy":"product_cat","embeddable":true,"href":"https:\/\/mistrzowieimprez.pl\/en\/wp-json\/wp\/v2\/product_cat?post=842"},{"taxonomy":"product_tag","embeddable":true,"href":"https:\/\/mistrzowieimprez.pl\/en\/wp-json\/wp\/v2\/product_tag?post=842"}],"curies":[{"name":"wp","href":"https:\/\/api.w.org\/{rel}","templated":true}]}}