{"id":841,"date":"2024-09-01T09:08:16","date_gmt":"2024-09-01T09:08:16","guid":{"rendered":"https:\/\/mistrzowieimprez.pl\/produkt\/disco\/"},"modified":"2026-03-31T21:16:27","modified_gmt":"2026-03-31T21:16:27","slug":"disco","status":"publish","type":"product","link":"https:\/\/mistrzowieimprez.pl\/en\/product\/disco\/","title":{"rendered":"Wiecz\u00f3r Disco"},"content":{"rendered":"<h4>Opis scenariusza:<\/h4>\n<p>Zapraszamy na wyj\u0105tkow\u0105 imprez\u0119, kt\u00f3ra przeniesie Was w czasy lat 70, 80 i 90! To niepowtarzalna okazja, by na w\u0142asnej sk\u00f3rze poczu\u0107 klimat szalonych dyskotek i niezapomnianych przyj\u0119\u0107. Nasze starannie dobrane tematyczne dekoracje stworz\u0105 niepowtarzaln\u0105 atmosfer\u0119, kt\u00f3ra przeniesie Was w czasie.<\/p>\n<p>U nas nie tylko dekoracje s\u0105 wyj\u0105tkowe! Nasz ucharakteryzowany prowadz\u0105cy, w towarzystwie \u015bwietnego DJ-a, zadbaj\u0105 o doskona\u0142\u0105 zabaw\u0119 i niezapomniane wra\u017cenia. B\u0119dzie to szalona podr\u00f3\u017c w czasie, pe\u0142na emocji i wspomnie\u0144. Zorganizujemy liczne konkursy, kt\u00f3re dodadz\u0105 energii i rywalizacji, a migocz\u0105ce \u015bwiat\u0142a kolorowych dyskotekowych kul o\u017cywi\u0105 ka\u017cd\u0105 chwil\u0119.<\/p>\n<p>Niech ta impreza stanie si\u0119 dla Was niezapomnian\u0105 podr\u00f3\u017c\u0105 do przesz\u0142o\u015bci, gdzie szalone rytmy i taniec na parkiecie b\u0119d\u0105 kr\u00f3lowa\u0107! Nie przegapcie szansy na prze\u017cycie magicznego wieczoru w klimacie lat 70, 80 i 90!<\/p>","protected":false},"excerpt":{"rendered":"<p>Poczuj magi\u0119 lat 70, 80 i 90 na naszej wyj\u0105tkowej imprezie! Tematyczne dekoracje, ucharakteryzowany prowadz\u0105cy oraz DJ przenios\u0105 Ci\u0119 w czasy szalonych dyskotek. Zorganizujemy konkursy i szalon\u0105 zabaw\u0119 przy migocz\u0105cych \u015bwiat\u0142ach kolorowych kul disco. Prze\u017cyj niezapomnian\u0105 noc w rytm nostalgicznych hit\u00f3w!<\/p>","protected":false},"featured_media":1182,"comment_status":"closed","ping_status":"closed","template":"","meta":{"_acf_changed":false},"product_brand":[],"product_cat":[94,98],"product_tag":[],"class_list":{"0":"post-841","1":"product","2":"type-product","3":"status-publish","4":"has-post-thumbnail","6":"product_cat-team-building","7":"product_cat-wieczory-tematyczne","9":"first","10":"instock","11":"shipping-taxable","12":"purchasable","13":"product-type-simple"},"acf":[],"yoast_head":"<!-- This site is optimized with the Yoast SEO plugin v27.2 - https:\/\/yoast.com\/product\/yoast-seo-wordpress\/ -->\n<title>Retro Party \u2013 impreza firmowa w klimacie lat 70, 80 i 90<\/title>\n<meta name=\"robots\" content=\"index, follow, max-snippet:-1, max-image-preview:large, max-video-preview:-1\" \/>\n<link rel=\"canonical\" href=\"https:\/\/mistrzowieimprez.pl\/en\/product\/disco\/\" \/>\n<meta property=\"og:locale\" content=\"en_GB\" \/>\n<meta property=\"og:type\" content=\"article\" \/>\n<meta property=\"og:title\" content=\"Retro Party \u2013 impreza firmowa w klimacie lat 70, 80 i 90\" \/>\n<meta property=\"og:description\" content=\"Poczuj magi\u0119 lat 70, 80 i 90 na naszej wyj\u0105tkowej imprezie! Tematyczne dekoracje, ucharakteryzowany prowadz\u0105cy oraz DJ przenios\u0105 Ci\u0119 w czasy szalonych dyskotek. Zorganizujemy konkursy i szalon\u0105 zabaw\u0119 przy migocz\u0105cych \u015bwiat\u0142ach kolorowych kul disco. Prze\u017cyj niezapomnian\u0105 noc w rytm nostalgicznych hit\u00f3w!\" \/>\n<meta property=\"og:url\" content=\"https:\/\/mistrzowieimprez.pl\/en\/product\/disco\/\" \/>\n<meta property=\"og:site_name\" content=\"Mistrzowie Imprez\" \/>\n<meta property=\"article:publisher\" content=\"https:\/\/www.facebook.com\/mistrzowieimprez\" \/>\n<meta property=\"article:modified_time\" content=\"2026-03-31T21:16:27+00:00\" \/>\n<meta property=\"og:image\" content=\"https:\/\/mistrzowieimprez.pl\/wp-content\/uploads\/2024\/09\/Disco-e1727253386503.png\" \/>\n\t<meta property=\"og:image:width\" content=\"1000\" \/>\n\t<meta property=\"og:image:height\" content=\"898\" \/>\n\t<meta property=\"og:image:type\" content=\"image\/png\" \/>\n<meta name=\"twitter:card\" content=\"summary_large_image\" \/>\n<meta name=\"twitter:label1\" content=\"Estimated reading time\" \/>\n\t<meta name=\"twitter:data1\" content=\"1 minute\" \/>\n<script type=\"application\/ld+json\" class=\"yoast-schema-graph\">{\"@context\":\"https:\/\/schema.org\",\"@graph\":[{\"@type\":\"WebPage\",\"@id\":\"https:\/\/mistrzowieimprez.pl\/produkt\/disco\/\",\"url\":\"https:\/\/mistrzowieimprez.pl\/produkt\/disco\/\",\"name\":\"Retro Party \u2013 impreza firmowa w klimacie lat 70, 80 i 90\",\"isPartOf\":{\"@id\":\"https:\/\/mistrzowieimprez.pl\/#website\"},\"primaryImageOfPage\":{\"@id\":\"https:\/\/mistrzowieimprez.pl\/produkt\/disco\/#primaryimage\"},\"image\":{\"@id\":\"https:\/\/mistrzowieimprez.pl\/produkt\/disco\/#primaryimage\"},\"thumbnailUrl\":\"https:\/\/mistrzowieimprez.pl\/wp-content\/uploads\/2024\/09\/Disco-e1727253386503.png\",\"datePublished\":\"2024-09-01T09:08:16+00:00\",\"dateModified\":\"2026-03-31T21:16:27+00:00\",\"breadcrumb\":{\"@id\":\"https:\/\/mistrzowieimprez.pl\/produkt\/disco\/#breadcrumb\"},\"inLanguage\":\"en-GB\",\"potentialAction\":[{\"@type\":\"ReadAction\",\"target\":[\"https:\/\/mistrzowieimprez.pl\/produkt\/disco\/\"]}]},{\"@type\":\"ImageObject\",\"inLanguage\":\"en-GB\",\"@id\":\"https:\/\/mistrzowieimprez.pl\/produkt\/disco\/#primaryimage\",\"url\":\"https:\/\/mistrzowieimprez.pl\/wp-content\/uploads\/2024\/09\/Disco-e1727253386503.png\",\"contentUrl\":\"https:\/\/mistrzowieimprez.pl\/wp-content\/uploads\/2024\/09\/Disco-e1727253386503.png\",\"width\":1000,\"height\":898,\"caption\":\"Pomieszczenie zosta\u0142o zaaran\u017cowane w stylu dyskotekowym, z du\u017cymi dekoracjami przypominaj\u0105cymi winylowe p\u0142yty oraz pod\u015bwietlanym napisem DISCO.\"},{\"@type\":\"BreadcrumbList\",\"@id\":\"https:\/\/mistrzowieimprez.pl\/produkt\/disco\/#breadcrumb\",\"itemListElement\":[{\"@type\":\"ListItem\",\"position\":1,\"name\":\"Strona g\u0142\u00f3wna\",\"item\":\"https:\/\/mistrzowieimprez.pl\/\"},{\"@type\":\"ListItem\",\"position\":2,\"name\":\"sklep\",\"item\":\"https:\/\/mistrzowieimprez.pl\/sklep\/\"},{\"@type\":\"ListItem\",\"position\":3,\"name\":\"Wiecz\u00f3r Disco\"}]},{\"@type\":\"WebSite\",\"@id\":\"https:\/\/mistrzowieimprez.pl\/#website\",\"url\":\"https:\/\/mistrzowieimprez.pl\/\",\"name\":\"Mistrzowie Imprez\",\"description\":\"Kompleksowa organizacja imprez\",\"publisher\":{\"@id\":\"https:\/\/mistrzowieimprez.pl\/#organization\"},\"potentialAction\":[{\"@type\":\"SearchAction\",\"target\":{\"@type\":\"EntryPoint\",\"urlTemplate\":\"https:\/\/mistrzowieimprez.pl\/?s={search_term_string}\"},\"query-input\":{\"@type\":\"PropertyValueSpecification\",\"valueRequired\":true,\"valueName\":\"search_term_string\"}}],\"inLanguage\":\"en-GB\"},{\"@type\":\"Organization\",\"@id\":\"https:\/\/mistrzowieimprez.pl\/#organization\",\"name\":\"Mistrzowie Imprez\",\"url\":\"https:\/\/mistrzowieimprez.pl\/\",\"logo\":{\"@type\":\"ImageObject\",\"inLanguage\":\"en-GB\",\"@id\":\"https:\/\/mistrzowieimprez.pl\/#\/schema\/logo\/image\/\",\"url\":\"https:\/\/mistrzowieimprez.pl\/wp-content\/uploads\/2024\/08\/mistrzowie_imprez_logo_ciemne-tlo@4x.png\",\"contentUrl\":\"https:\/\/mistrzowieimprez.pl\/wp-content\/uploads\/2024\/08\/mistrzowie_imprez_logo_ciemne-tlo@4x.png\",\"width\":1318,\"height\":351,\"caption\":\"Mistrzowie Imprez\"},\"image\":{\"@id\":\"https:\/\/mistrzowieimprez.pl\/#\/schema\/logo\/image\/\"},\"sameAs\":[\"https:\/\/www.facebook.com\/mistrzowieimprez\",\"https:\/\/www.instagram.com\/mistrzowieimprez\/\",\"https:\/\/www.youtube.com\/@ytmistrzowieimprez\"]}]}<\/script>\n<!-- \/ Yoast SEO plugin. -->","yoast_head_json":{"title":"Retro Party \u2013 impreza firmowa w klimacie lat 70, 80 i 90","robots":{"index":"index","follow":"follow","max-snippet":"max-snippet:-1","max-image-preview":"max-image-preview:large","max-video-preview":"max-video-preview:-1"},"canonical":"https:\/\/mistrzowieimprez.pl\/en\/product\/disco\/","og_locale":"en_GB","og_type":"article","og_title":"Retro Party \u2013 impreza firmowa w klimacie lat 70, 80 i 90","og_description":"Poczuj magi\u0119 lat 70, 80 i 90 na naszej wyj\u0105tkowej imprezie! Tematyczne dekoracje, ucharakteryzowany prowadz\u0105cy oraz DJ przenios\u0105 Ci\u0119 w czasy szalonych dyskotek. Zorganizujemy konkursy i szalon\u0105 zabaw\u0119 przy migocz\u0105cych \u015bwiat\u0142ach kolorowych kul disco. Prze\u017cyj niezapomnian\u0105 noc w rytm nostalgicznych hit\u00f3w!","og_url":"https:\/\/mistrzowieimprez.pl\/en\/product\/disco\/","og_site_name":"Mistrzowie Imprez","article_publisher":"https:\/\/www.facebook.com\/mistrzowieimprez","article_modified_time":"2026-03-31T21:16:27+00:00","og_image":[{"width":1000,"height":898,"url":"https:\/\/mistrzowieimprez.pl\/wp-content\/uploads\/2024\/09\/Disco-e1727253386503.png","type":"image\/png"}],"twitter_card":"summary_large_image","twitter_misc":{"Estimated reading time":"1 minute"},"schema":{"@context":"https:\/\/schema.org","@graph":[{"@type":"WebPage","@id":"https:\/\/mistrzowieimprez.pl\/produkt\/disco\/","url":"https:\/\/mistrzowieimprez.pl\/produkt\/disco\/","name":"Retro Party \u2013 impreza firmowa w klimacie lat 70, 80 i 90","isPartOf":{"@id":"https:\/\/mistrzowieimprez.pl\/#website"},"primaryImageOfPage":{"@id":"https:\/\/mistrzowieimprez.pl\/produkt\/disco\/#primaryimage"},"image":{"@id":"https:\/\/mistrzowieimprez.pl\/produkt\/disco\/#primaryimage"},"thumbnailUrl":"https:\/\/mistrzowieimprez.pl\/wp-content\/uploads\/2024\/09\/Disco-e1727253386503.png","datePublished":"2024-09-01T09:08:16+00:00","dateModified":"2026-03-31T21:16:27+00:00","breadcrumb":{"@id":"https:\/\/mistrzowieimprez.pl\/produkt\/disco\/#breadcrumb"},"inLanguage":"en-GB","potentialAction":[{"@type":"ReadAction","target":["https:\/\/mistrzowieimprez.pl\/produkt\/disco\/"]}]},{"@type":"ImageObject","inLanguage":"en-GB","@id":"https:\/\/mistrzowieimprez.pl\/produkt\/disco\/#primaryimage","url":"https:\/\/mistrzowieimprez.pl\/wp-content\/uploads\/2024\/09\/Disco-e1727253386503.png","contentUrl":"https:\/\/mistrzowieimprez.pl\/wp-content\/uploads\/2024\/09\/Disco-e1727253386503.png","width":1000,"height":898,"caption":"Pomieszczenie zosta\u0142o zaaran\u017cowane w stylu dyskotekowym, z du\u017cymi dekoracjami przypominaj\u0105cymi winylowe p\u0142yty oraz pod\u015bwietlanym napisem DISCO."},{"@type":"BreadcrumbList","@id":"https:\/\/mistrzowieimprez.pl\/produkt\/disco\/#breadcrumb","itemListElement":[{"@type":"ListItem","position":1,"name":"Strona g\u0142\u00f3wna","item":"https:\/\/mistrzowieimprez.pl\/"},{"@type":"ListItem","position":2,"name":"sklep","item":"https:\/\/mistrzowieimprez.pl\/sklep\/"},{"@type":"ListItem","position":3,"name":"Wiecz\u00f3r Disco"}]},{"@type":"WebSite","@id":"https:\/\/mistrzowieimprez.pl\/#website","url":"https:\/\/mistrzowieimprez.pl\/","name":"Mistrzowie Imprez","description":"Kompleksowa organizacja imprez","publisher":{"@id":"https:\/\/mistrzowieimprez.pl\/#organization"},"potentialAction":[{"@type":"SearchAction","target":{"@type":"EntryPoint","urlTemplate":"https:\/\/mistrzowieimprez.pl\/?s={search_term_string}"},"query-input":{"@type":"PropertyValueSpecification","valueRequired":true,"valueName":"search_term_string"}}],"inLanguage":"en-GB"},{"@type":"Organization","@id":"https:\/\/mistrzowieimprez.pl\/#organization","name":"Mistrzowie Imprez","url":"https:\/\/mistrzowieimprez.pl\/","logo":{"@type":"ImageObject","inLanguage":"en-GB","@id":"https:\/\/mistrzowieimprez.pl\/#\/schema\/logo\/image\/","url":"https:\/\/mistrzowieimprez.pl\/wp-content\/uploads\/2024\/08\/mistrzowie_imprez_logo_ciemne-tlo@4x.png","contentUrl":"https:\/\/mistrzowieimprez.pl\/wp-content\/uploads\/2024\/08\/mistrzowie_imprez_logo_ciemne-tlo@4x.png","width":1318,"height":351,"caption":"Mistrzowie Imprez"},"image":{"@id":"https:\/\/mistrzowieimprez.pl\/#\/schema\/logo\/image\/"},"sameAs":["https:\/\/www.facebook.com\/mistrzowieimprez","https:\/\/www.instagram.com\/mistrzowieimprez\/","https:\/\/www.youtube.com\/@ytmistrzowieimprez"]}]}},"_links":{"self":[{"href":"https:\/\/mistrzowieimprez.pl\/en\/wp-json\/wp\/v2\/product\/841","targetHints":{"allow":["GET"]}}],"collection":[{"href":"https:\/\/mistrzowieimprez.pl\/en\/wp-json\/wp\/v2\/product"}],"about":[{"href":"https:\/\/mistrzowieimprez.pl\/en\/wp-json\/wp\/v2\/types\/product"}],"replies":[{"embeddable":true,"href":"https:\/\/mistrzowieimprez.pl\/en\/wp-json\/wp\/v2\/comments?post=841"}],"version-history":[{"count":5,"href":"https:\/\/mistrzowieimprez.pl\/en\/wp-json\/wp\/v2\/product\/841\/revisions"}],"predecessor-version":[{"id":2294,"href":"https:\/\/mistrzowieimprez.pl\/en\/wp-json\/wp\/v2\/product\/841\/revisions\/2294"}],"wp:featuredmedia":[{"embeddable":true,"href":"https:\/\/mistrzowieimprez.pl\/en\/wp-json\/wp\/v2\/media\/1182"}],"wp:attachment":[{"href":"https:\/\/mistrzowieimprez.pl\/en\/wp-json\/wp\/v2\/media?parent=841"}],"wp:term":[{"taxonomy":"product_brand","embeddable":true,"href":"https:\/\/mistrzowieimprez.pl\/en\/wp-json\/wp\/v2\/product_brand?post=841"},{"taxonomy":"product_cat","embeddable":true,"href":"https:\/\/mistrzowieimprez.pl\/en\/wp-json\/wp\/v2\/product_cat?post=841"},{"taxonomy":"product_tag","embeddable":true,"href":"https:\/\/mistrzowieimprez.pl\/en\/wp-json\/wp\/v2\/product_tag?post=841"}],"curies":[{"name":"wp","href":"https:\/\/api.w.org\/{rel}","templated":true}]}}