{"id":839,"date":"2024-09-01T09:08:15","date_gmt":"2024-09-01T09:08:15","guid":{"rendered":"https:\/\/mistrzowieimprez.pl\/produkt\/czasy-prl\/"},"modified":"2026-03-31T21:16:58","modified_gmt":"2026-03-31T21:16:58","slug":"czasy-prl","status":"publish","type":"product","link":"https:\/\/mistrzowieimprez.pl\/en\/product\/czasy-prl\/","title":{"rendered":"Czasy PRL"},"content":{"rendered":"<h4>Opis scenariusza:<\/h4>\n<p>Zapraszamy na niezapomnian\u0105 imprez\u0119 <strong>&#8222;Czasy PRL&#8221;<\/strong>, kt\u00f3ra przeniesie Was kilkadziesi\u0105t lat wstecz! To wyj\u0105tkowe wydarzenie to doskona\u0142a okazja, by poczu\u0107 autentyczn\u0105 atmosfer\u0119 Polski Ludowej, wype\u0142nion\u0105 muzyk\u0105 lat 60., 70. i 80. Dzi\u0119ki odpowiedniej scenografii i tematycznym konkursom, ka\u017cdy uczestnik b\u0119dzie mia\u0142 okazj\u0119 do\u015bwiadczy\u0107 wyj\u0105tkowego klimatu PRL.<\/p>\n<p>Na uczestnik\u00f3w czekaj\u0105 r\u00f3\u017cnorodne atrakcje, w tym <strong>konkursy wiedzy o PRL<\/strong>, kt\u00f3re pozwol\u0105 sprawdzi\u0107 Wasz\u0105 znajomo\u015b\u0107 historii tego okresu. Dodatkowo, przygotowali\u015bmy <strong>karaoke z polskimi przebojami<\/strong>, kt\u00f3re na pewno rozgrzeje atmosfer\u0119 i zach\u0119ci do wsp\u00f3lnego \u015bpiewania. Nie zabraknie tak\u017ce <strong>konkursu tanecznego<\/strong> rodem z tamtych lat, kt\u00f3ry pozwoli na pokazanie swoich umiej\u0119tno\u015bci tanecznych w stylu PRL.<\/p>\n<p>Zach\u0119camy do wzi\u0119cia udzia\u0142u w tej wyj\u0105tkowej imprezie, przybywaj\u0105c w strojach nawi\u0105zuj\u0105cych do stylu PRL, co dodatkowo podkre\u015bli klimat wydarzenia. <strong>Czasy PRL<\/strong> to idealna okazja do wsp\u00f3lnej zabawy, integracji i odkrywania fascynuj\u0105cych aspekt\u00f3w polskiej kultury lat minionych.<\/p>\n<p>Do\u0142\u0105czcie do nas i prze\u017cyjcie wiecz\u00f3r pe\u0142en nostalgii, rado\u015bci oraz niezapomnianych wspomnie\u0144!<\/p>","protected":false},"excerpt":{"rendered":"<p>Przenie\u015bcie si\u0119 w czasie na imprez\u0119 &#8222;Czasy PRL&#8221; i odkryjcie niezapomniane lata 60., 70. i 80.! Czeka na Was wiecz\u00f3r pe\u0142en muzyki, autentycznej atmosfery PRL oraz tematycznych konkurs\u00f3w. Uczestnicy wezm\u0105 udzia\u0142 w konkursach wiedzy o PRL, karaoke z polskimi przebojami oraz tanecznych z epoki. Zach\u0119camy do stylizacji w klimacie PRL, aby w pe\u0142ni poczu\u0107 atmosfer\u0119 tego wyj\u0105tkowego wydarzenia. Do\u0142\u0105czcie do nas!<\/p>","protected":false},"featured_media":1565,"comment_status":"closed","ping_status":"closed","template":"","meta":{"_acf_changed":false},"product_brand":[],"product_cat":[94,98],"product_tag":[],"class_list":{"0":"post-839","1":"product","2":"type-product","3":"status-publish","4":"has-post-thumbnail","6":"product_cat-team-building","7":"product_cat-wieczory-tematyczne","9":"first","10":"instock","11":"shipping-taxable","12":"purchasable","13":"product-type-simple"},"acf":[],"yoast_head":"<!-- This site is optimized with the Yoast SEO plugin v27.5 - https:\/\/yoast.com\/product\/yoast-seo-wordpress\/ -->\n<title>Impreza w klimacie PRL \u2013 event firmowy, karaoke i polskie hity<\/title>\n<meta name=\"robots\" content=\"index, follow, max-snippet:-1, max-image-preview:large, max-video-preview:-1\" \/>\n<link rel=\"canonical\" href=\"https:\/\/mistrzowieimprez.pl\/en\/product\/czasy-prl\/\" \/>\n<meta property=\"og:locale\" content=\"en_GB\" \/>\n<meta property=\"og:type\" content=\"article\" \/>\n<meta property=\"og:title\" content=\"Impreza w klimacie PRL \u2013 event firmowy, karaoke i polskie hity\" \/>\n<meta property=\"og:description\" content=\"Przenie\u015bcie si\u0119 w czasie na imprez\u0119 &quot;Czasy PRL&quot; i odkryjcie niezapomniane lata 60., 70. i 80.! Czeka na Was wiecz\u00f3r pe\u0142en muzyki, autentycznej atmosfery PRL oraz tematycznych konkurs\u00f3w. Uczestnicy wezm\u0105 udzia\u0142 w konkursach wiedzy o PRL, karaoke z polskimi przebojami oraz tanecznych z epoki. Zach\u0119camy do stylizacji w klimacie PRL, aby w pe\u0142ni poczu\u0107 atmosfer\u0119 tego wyj\u0105tkowego wydarzenia. Do\u0142\u0105czcie do nas!\" \/>\n<meta property=\"og:url\" content=\"https:\/\/mistrzowieimprez.pl\/en\/product\/czasy-prl\/\" \/>\n<meta property=\"og:site_name\" content=\"Mistrzowie Imprez\" \/>\n<meta property=\"article:publisher\" content=\"https:\/\/www.facebook.com\/mistrzowieimprez\" \/>\n<meta property=\"article:modified_time\" content=\"2026-03-31T21:16:58+00:00\" \/>\n<meta property=\"og:image\" content=\"https:\/\/mistrzowieimprez.pl\/wp-content\/uploads\/2024\/09\/kreatyw-media_253-scaled.jpg\" \/>\n\t<meta property=\"og:image:width\" content=\"2560\" \/>\n\t<meta property=\"og:image:height\" content=\"1707\" \/>\n\t<meta property=\"og:image:type\" content=\"image\/jpeg\" \/>\n<meta name=\"twitter:card\" content=\"summary_large_image\" \/>\n<meta name=\"twitter:label1\" content=\"Estimated reading time\" \/>\n\t<meta name=\"twitter:data1\" content=\"2 minutes\" \/>\n<script type=\"application\/ld+json\" class=\"yoast-schema-graph\">{\"@context\":\"https:\\\/\\\/schema.org\",\"@graph\":[{\"@type\":\"WebPage\",\"@id\":\"https:\\\/\\\/mistrzowieimprez.pl\\\/produkt\\\/czasy-prl\\\/\",\"url\":\"https:\\\/\\\/mistrzowieimprez.pl\\\/produkt\\\/czasy-prl\\\/\",\"name\":\"Impreza w klimacie PRL \u2013 event firmowy, karaoke i polskie hity\",\"isPartOf\":{\"@id\":\"https:\\\/\\\/mistrzowieimprez.pl\\\/#website\"},\"primaryImageOfPage\":{\"@id\":\"https:\\\/\\\/mistrzowieimprez.pl\\\/produkt\\\/czasy-prl\\\/#primaryimage\"},\"image\":{\"@id\":\"https:\\\/\\\/mistrzowieimprez.pl\\\/produkt\\\/czasy-prl\\\/#primaryimage\"},\"thumbnailUrl\":\"https:\\\/\\\/mistrzowieimprez.pl\\\/wp-content\\\/uploads\\\/2024\\\/09\\\/kreatyw-media_253-scaled.jpg\",\"datePublished\":\"2024-09-01T09:08:15+00:00\",\"dateModified\":\"2026-03-31T21:16:58+00:00\",\"breadcrumb\":{\"@id\":\"https:\\\/\\\/mistrzowieimprez.pl\\\/produkt\\\/czasy-prl\\\/#breadcrumb\"},\"inLanguage\":\"en-GB\",\"potentialAction\":[{\"@type\":\"ReadAction\",\"target\":[\"https:\\\/\\\/mistrzowieimprez.pl\\\/produkt\\\/czasy-prl\\\/\"]}]},{\"@type\":\"ImageObject\",\"inLanguage\":\"en-GB\",\"@id\":\"https:\\\/\\\/mistrzowieimprez.pl\\\/produkt\\\/czasy-prl\\\/#primaryimage\",\"url\":\"https:\\\/\\\/mistrzowieimprez.pl\\\/wp-content\\\/uploads\\\/2024\\\/09\\\/kreatyw-media_253-scaled.jpg\",\"contentUrl\":\"https:\\\/\\\/mistrzowieimprez.pl\\\/wp-content\\\/uploads\\\/2024\\\/09\\\/kreatyw-media_253-scaled.jpg\",\"width\":2560,\"height\":1707,\"caption\":\"Elegancko udekorowana sala bankietowa z czerwonymi i bia\u0142ymi balonami oraz sto\u0142ami pokrytymi kraciastymi obrusami.\"},{\"@type\":\"BreadcrumbList\",\"@id\":\"https:\\\/\\\/mistrzowieimprez.pl\\\/produkt\\\/czasy-prl\\\/#breadcrumb\",\"itemListElement\":[{\"@type\":\"ListItem\",\"position\":1,\"name\":\"Strona g\u0142\u00f3wna\",\"item\":\"https:\\\/\\\/mistrzowieimprez.pl\\\/\"},{\"@type\":\"ListItem\",\"position\":2,\"name\":\"sklep\",\"item\":\"https:\\\/\\\/mistrzowieimprez.pl\\\/sklep\\\/\"},{\"@type\":\"ListItem\",\"position\":3,\"name\":\"Czasy PRL\"}]},{\"@type\":\"WebSite\",\"@id\":\"https:\\\/\\\/mistrzowieimprez.pl\\\/#website\",\"url\":\"https:\\\/\\\/mistrzowieimprez.pl\\\/\",\"name\":\"Mistrzowie Imprez\",\"description\":\"Kompleksowa organizacja imprez\",\"publisher\":{\"@id\":\"https:\\\/\\\/mistrzowieimprez.pl\\\/#organization\"},\"potentialAction\":[{\"@type\":\"SearchAction\",\"target\":{\"@type\":\"EntryPoint\",\"urlTemplate\":\"https:\\\/\\\/mistrzowieimprez.pl\\\/?s={search_term_string}\"},\"query-input\":{\"@type\":\"PropertyValueSpecification\",\"valueRequired\":true,\"valueName\":\"search_term_string\"}}],\"inLanguage\":\"en-GB\"},{\"@type\":\"Organization\",\"@id\":\"https:\\\/\\\/mistrzowieimprez.pl\\\/#organization\",\"name\":\"Mistrzowie Imprez\",\"url\":\"https:\\\/\\\/mistrzowieimprez.pl\\\/\",\"logo\":{\"@type\":\"ImageObject\",\"inLanguage\":\"en-GB\",\"@id\":\"https:\\\/\\\/mistrzowieimprez.pl\\\/#\\\/schema\\\/logo\\\/image\\\/\",\"url\":\"https:\\\/\\\/mistrzowieimprez.pl\\\/wp-content\\\/uploads\\\/2024\\\/08\\\/mistrzowie_imprez_logo_ciemne-tlo@4x.png\",\"contentUrl\":\"https:\\\/\\\/mistrzowieimprez.pl\\\/wp-content\\\/uploads\\\/2024\\\/08\\\/mistrzowie_imprez_logo_ciemne-tlo@4x.png\",\"width\":1318,\"height\":351,\"caption\":\"Mistrzowie Imprez\"},\"image\":{\"@id\":\"https:\\\/\\\/mistrzowieimprez.pl\\\/#\\\/schema\\\/logo\\\/image\\\/\"},\"sameAs\":[\"https:\\\/\\\/www.facebook.com\\\/mistrzowieimprez\",\"https:\\\/\\\/www.instagram.com\\\/mistrzowieimprez\\\/\",\"https:\\\/\\\/www.youtube.com\\\/@ytmistrzowieimprez\"]}]}<\/script>\n<!-- \/ Yoast SEO plugin. -->","yoast_head_json":{"title":"Impreza w klimacie PRL \u2013 event firmowy, karaoke i polskie hity","robots":{"index":"index","follow":"follow","max-snippet":"max-snippet:-1","max-image-preview":"max-image-preview:large","max-video-preview":"max-video-preview:-1"},"canonical":"https:\/\/mistrzowieimprez.pl\/en\/product\/czasy-prl\/","og_locale":"en_GB","og_type":"article","og_title":"Impreza w klimacie PRL \u2013 event firmowy, karaoke i polskie hity","og_description":"Przenie\u015bcie si\u0119 w czasie na imprez\u0119 \"Czasy PRL\" i odkryjcie niezapomniane lata 60., 70. i 80.! Czeka na Was wiecz\u00f3r pe\u0142en muzyki, autentycznej atmosfery PRL oraz tematycznych konkurs\u00f3w. Uczestnicy wezm\u0105 udzia\u0142 w konkursach wiedzy o PRL, karaoke z polskimi przebojami oraz tanecznych z epoki. Zach\u0119camy do stylizacji w klimacie PRL, aby w pe\u0142ni poczu\u0107 atmosfer\u0119 tego wyj\u0105tkowego wydarzenia. Do\u0142\u0105czcie do nas!","og_url":"https:\/\/mistrzowieimprez.pl\/en\/product\/czasy-prl\/","og_site_name":"Mistrzowie Imprez","article_publisher":"https:\/\/www.facebook.com\/mistrzowieimprez","article_modified_time":"2026-03-31T21:16:58+00:00","og_image":[{"width":2560,"height":1707,"url":"https:\/\/mistrzowieimprez.pl\/wp-content\/uploads\/2024\/09\/kreatyw-media_253-scaled.jpg","type":"image\/jpeg"}],"twitter_card":"summary_large_image","twitter_misc":{"Estimated reading time":"2 minutes"},"schema":{"@context":"https:\/\/schema.org","@graph":[{"@type":"WebPage","@id":"https:\/\/mistrzowieimprez.pl\/produkt\/czasy-prl\/","url":"https:\/\/mistrzowieimprez.pl\/produkt\/czasy-prl\/","name":"Impreza w klimacie PRL \u2013 event firmowy, karaoke i polskie hity","isPartOf":{"@id":"https:\/\/mistrzowieimprez.pl\/#website"},"primaryImageOfPage":{"@id":"https:\/\/mistrzowieimprez.pl\/produkt\/czasy-prl\/#primaryimage"},"image":{"@id":"https:\/\/mistrzowieimprez.pl\/produkt\/czasy-prl\/#primaryimage"},"thumbnailUrl":"https:\/\/mistrzowieimprez.pl\/wp-content\/uploads\/2024\/09\/kreatyw-media_253-scaled.jpg","datePublished":"2024-09-01T09:08:15+00:00","dateModified":"2026-03-31T21:16:58+00:00","breadcrumb":{"@id":"https:\/\/mistrzowieimprez.pl\/produkt\/czasy-prl\/#breadcrumb"},"inLanguage":"en-GB","potentialAction":[{"@type":"ReadAction","target":["https:\/\/mistrzowieimprez.pl\/produkt\/czasy-prl\/"]}]},{"@type":"ImageObject","inLanguage":"en-GB","@id":"https:\/\/mistrzowieimprez.pl\/produkt\/czasy-prl\/#primaryimage","url":"https:\/\/mistrzowieimprez.pl\/wp-content\/uploads\/2024\/09\/kreatyw-media_253-scaled.jpg","contentUrl":"https:\/\/mistrzowieimprez.pl\/wp-content\/uploads\/2024\/09\/kreatyw-media_253-scaled.jpg","width":2560,"height":1707,"caption":"Elegancko udekorowana sala bankietowa z czerwonymi i bia\u0142ymi balonami oraz sto\u0142ami pokrytymi kraciastymi obrusami."},{"@type":"BreadcrumbList","@id":"https:\/\/mistrzowieimprez.pl\/produkt\/czasy-prl\/#breadcrumb","itemListElement":[{"@type":"ListItem","position":1,"name":"Strona g\u0142\u00f3wna","item":"https:\/\/mistrzowieimprez.pl\/"},{"@type":"ListItem","position":2,"name":"sklep","item":"https:\/\/mistrzowieimprez.pl\/sklep\/"},{"@type":"ListItem","position":3,"name":"Czasy PRL"}]},{"@type":"WebSite","@id":"https:\/\/mistrzowieimprez.pl\/#website","url":"https:\/\/mistrzowieimprez.pl\/","name":"Mistrzowie Imprez","description":"Kompleksowa organizacja imprez","publisher":{"@id":"https:\/\/mistrzowieimprez.pl\/#organization"},"potentialAction":[{"@type":"SearchAction","target":{"@type":"EntryPoint","urlTemplate":"https:\/\/mistrzowieimprez.pl\/?s={search_term_string}"},"query-input":{"@type":"PropertyValueSpecification","valueRequired":true,"valueName":"search_term_string"}}],"inLanguage":"en-GB"},{"@type":"Organization","@id":"https:\/\/mistrzowieimprez.pl\/#organization","name":"Mistrzowie Imprez","url":"https:\/\/mistrzowieimprez.pl\/","logo":{"@type":"ImageObject","inLanguage":"en-GB","@id":"https:\/\/mistrzowieimprez.pl\/#\/schema\/logo\/image\/","url":"https:\/\/mistrzowieimprez.pl\/wp-content\/uploads\/2024\/08\/mistrzowie_imprez_logo_ciemne-tlo@4x.png","contentUrl":"https:\/\/mistrzowieimprez.pl\/wp-content\/uploads\/2024\/08\/mistrzowie_imprez_logo_ciemne-tlo@4x.png","width":1318,"height":351,"caption":"Mistrzowie Imprez"},"image":{"@id":"https:\/\/mistrzowieimprez.pl\/#\/schema\/logo\/image\/"},"sameAs":["https:\/\/www.facebook.com\/mistrzowieimprez","https:\/\/www.instagram.com\/mistrzowieimprez\/","https:\/\/www.youtube.com\/@ytmistrzowieimprez"]}]}},"_links":{"self":[{"href":"https:\/\/mistrzowieimprez.pl\/en\/wp-json\/wp\/v2\/product\/839","targetHints":{"allow":["GET"]}}],"collection":[{"href":"https:\/\/mistrzowieimprez.pl\/en\/wp-json\/wp\/v2\/product"}],"about":[{"href":"https:\/\/mistrzowieimprez.pl\/en\/wp-json\/wp\/v2\/types\/product"}],"replies":[{"embeddable":true,"href":"https:\/\/mistrzowieimprez.pl\/en\/wp-json\/wp\/v2\/comments?post=839"}],"version-history":[{"count":3,"href":"https:\/\/mistrzowieimprez.pl\/en\/wp-json\/wp\/v2\/product\/839\/revisions"}],"predecessor-version":[{"id":2291,"href":"https:\/\/mistrzowieimprez.pl\/en\/wp-json\/wp\/v2\/product\/839\/revisions\/2291"}],"wp:featuredmedia":[{"embeddable":true,"href":"https:\/\/mistrzowieimprez.pl\/en\/wp-json\/wp\/v2\/media\/1565"}],"wp:attachment":[{"href":"https:\/\/mistrzowieimprez.pl\/en\/wp-json\/wp\/v2\/media?parent=839"}],"wp:term":[{"taxonomy":"product_brand","embeddable":true,"href":"https:\/\/mistrzowieimprez.pl\/en\/wp-json\/wp\/v2\/product_brand?post=839"},{"taxonomy":"product_cat","embeddable":true,"href":"https:\/\/mistrzowieimprez.pl\/en\/wp-json\/wp\/v2\/product_cat?post=839"},{"taxonomy":"product_tag","embeddable":true,"href":"https:\/\/mistrzowieimprez.pl\/en\/wp-json\/wp\/v2\/product_tag?post=839"}],"curies":[{"name":"wp","href":"https:\/\/api.w.org\/{rel}","templated":true}]}}