{"id":834,"date":"2024-09-01T09:08:12","date_gmt":"2024-09-01T09:08:12","guid":{"rendered":"https:\/\/mistrzowieimprez.pl\/produkt\/degustacje\/"},"modified":"2026-03-31T21:18:32","modified_gmt":"2026-03-31T21:18:32","slug":"degustacje","status":"publish","type":"product","link":"https:\/\/mistrzowieimprez.pl\/en\/product\/degustacje\/","title":{"rendered":"Degustacje"},"content":{"rendered":"<p>Podnie\u015b swoje wydarzenie na wy\u017cszy poziom z naszymi warsztatami degustacyjnymi! To nie tylko smaczna zabawa, ale te\u017c okazja do odkrycia nowych smak\u00f3w i poszerzenia horyzont\u00f3w kulinarnych. Idealne dla zar\u00f3wno doros\u0142ych, jak i m\u0142odzie\u017cy, nasze degustacje to gwarancja niezapomnianych wra\u017ce\u0144 i nauki przyjemnego w spos\u00f3b.<\/p>\n<ul>\n<li>Profesjonalni prowadz\u0105cy z do\u015bwiadczeniem w bran\u017cy gastronomicznej<\/li>\n<li>Mo\u017cliwo\u015b\u0107 wyboru z r\u00f3\u017cnych tematycznych warsztat\u00f3w degustacyjnych (np. wina, sery, czekolada)<\/li>\n<li>Dostosowanie do potrzeb diety uczestnik\u00f3w (np. opcje wega\u0144skie, bezglutenowe)<\/li>\n<\/ul>\n<ul>\n<li>Poznanie nowych smak\u00f3w i odkrywanie tajnik\u00f3w r\u00f3\u017cnych kuchni<\/li>\n<li>Rozwijanie umiej\u0119tno\u015bci sensorycznych i kulinarnych<\/li>\n<li>Wzmacnianie relacji mi\u0119dzy uczestnikami poprzez wsp\u00f3ln\u0105 zabaw\u0119 i nauk\u0119<\/li>\n<\/ul>\n<p>Gotowi na kulinarn\u0105 przygod\u0119? Dodaj nasze warsztaty degustacyjne do swojego zapytania o wycen\u0119!<\/p>","protected":false},"excerpt":{"rendered":"<p>Podnie\u015b standard swojego wydarzenia dzi\u0119ki naszym warsztatom degustacyjnym! Odkryj nowe smaki i rozszerz swoje horyzonty kulinarne w towarzystwie profesjonalist\u00f3w z bran\u017cy gastronomicznej. Nasze degustacje to nie tylko wspania\u0142a zabawa, ale tak\u017ce cenne do\u015bwiadczenie kulinarnego odkrywania dla doros\u0142ych i m\u0142odzie\u017cy.<\/p>","protected":false},"featured_media":1181,"comment_status":"closed","ping_status":"closed","template":"","meta":{"_acf_changed":false},"product_brand":[],"product_cat":[94,97],"product_tag":[],"class_list":{"0":"post-834","1":"product","2":"type-product","3":"status-publish","4":"has-post-thumbnail","6":"product_cat-team-building","7":"product_cat-warsztaty-na-imprezy-integracyjne","9":"first","10":"instock","11":"shipping-taxable","12":"purchasable","13":"product-type-simple"},"acf":[],"yoast_head":"<!-- This site is optimized with the Yoast SEO plugin v27.5 - https:\/\/yoast.com\/product\/yoast-seo-wordpress\/ -->\n<title>Odkryj nowe smaki! Warsztaty Degustacyjne: kulinarna przygoda<\/title>\n<meta name=\"robots\" content=\"index, follow, max-snippet:-1, max-image-preview:large, max-video-preview:-1\" \/>\n<link rel=\"canonical\" href=\"https:\/\/mistrzowieimprez.pl\/en\/product\/degustacje\/\" \/>\n<meta property=\"og:locale\" content=\"en_GB\" \/>\n<meta property=\"og:type\" content=\"article\" \/>\n<meta property=\"og:title\" content=\"Odkryj nowe smaki! Warsztaty Degustacyjne: kulinarna przygoda\" \/>\n<meta property=\"og:description\" content=\"Podnie\u015b standard swojego wydarzenia dzi\u0119ki naszym warsztatom degustacyjnym! Odkryj nowe smaki i rozszerz swoje horyzonty kulinarne w towarzystwie profesjonalist\u00f3w z bran\u017cy gastronomicznej. Nasze degustacje to nie tylko wspania\u0142a zabawa, ale tak\u017ce cenne do\u015bwiadczenie kulinarnego odkrywania dla doros\u0142ych i m\u0142odzie\u017cy.\" \/>\n<meta property=\"og:url\" content=\"https:\/\/mistrzowieimprez.pl\/en\/product\/degustacje\/\" \/>\n<meta property=\"og:site_name\" content=\"Mistrzowie Imprez\" \/>\n<meta property=\"article:publisher\" content=\"https:\/\/www.facebook.com\/mistrzowieimprez\" \/>\n<meta property=\"article:modified_time\" content=\"2026-03-31T21:18:32+00:00\" \/>\n<meta property=\"og:image\" content=\"https:\/\/mistrzowieimprez.pl\/wp-content\/uploads\/2024\/09\/Degustacje.png\" \/>\n\t<meta property=\"og:image:width\" content=\"1000\" \/>\n\t<meta property=\"og:image:height\" content=\"1000\" \/>\n\t<meta property=\"og:image:type\" content=\"image\/png\" \/>\n<meta name=\"twitter:card\" content=\"summary_large_image\" \/>\n<meta name=\"twitter:label1\" content=\"Estimated reading time\" \/>\n\t<meta name=\"twitter:data1\" content=\"1 minute\" \/>\n<script type=\"application\/ld+json\" class=\"yoast-schema-graph\">{\"@context\":\"https:\\\/\\\/schema.org\",\"@graph\":[{\"@type\":\"WebPage\",\"@id\":\"https:\\\/\\\/mistrzowieimprez.pl\\\/produkt\\\/degustacje\\\/\",\"url\":\"https:\\\/\\\/mistrzowieimprez.pl\\\/produkt\\\/degustacje\\\/\",\"name\":\"Odkryj nowe smaki! Warsztaty Degustacyjne: kulinarna przygoda\",\"isPartOf\":{\"@id\":\"https:\\\/\\\/mistrzowieimprez.pl\\\/#website\"},\"primaryImageOfPage\":{\"@id\":\"https:\\\/\\\/mistrzowieimprez.pl\\\/produkt\\\/degustacje\\\/#primaryimage\"},\"image\":{\"@id\":\"https:\\\/\\\/mistrzowieimprez.pl\\\/produkt\\\/degustacje\\\/#primaryimage\"},\"thumbnailUrl\":\"https:\\\/\\\/mistrzowieimprez.pl\\\/wp-content\\\/uploads\\\/2024\\\/09\\\/Degustacje.png\",\"datePublished\":\"2024-09-01T09:08:12+00:00\",\"dateModified\":\"2026-03-31T21:18:32+00:00\",\"breadcrumb\":{\"@id\":\"https:\\\/\\\/mistrzowieimprez.pl\\\/produkt\\\/degustacje\\\/#breadcrumb\"},\"inLanguage\":\"en-GB\",\"potentialAction\":[{\"@type\":\"ReadAction\",\"target\":[\"https:\\\/\\\/mistrzowieimprez.pl\\\/produkt\\\/degustacje\\\/\"]}]},{\"@type\":\"ImageObject\",\"inLanguage\":\"en-GB\",\"@id\":\"https:\\\/\\\/mistrzowieimprez.pl\\\/produkt\\\/degustacje\\\/#primaryimage\",\"url\":\"https:\\\/\\\/mistrzowieimprez.pl\\\/wp-content\\\/uploads\\\/2024\\\/09\\\/Degustacje.png\",\"contentUrl\":\"https:\\\/\\\/mistrzowieimprez.pl\\\/wp-content\\\/uploads\\\/2024\\\/09\\\/Degustacje.png\",\"width\":1000,\"height\":1000,\"caption\":\"Na fotografii widoczne s\u0105 eleganckie kieliszki z alkoholem oraz opakowanie z napisem The Classic Laddie, co sugeruje degustacj\u0119 whisky na eventach organizowanych przez Mistrz\u00f3w imprez.\"},{\"@type\":\"BreadcrumbList\",\"@id\":\"https:\\\/\\\/mistrzowieimprez.pl\\\/produkt\\\/degustacje\\\/#breadcrumb\",\"itemListElement\":[{\"@type\":\"ListItem\",\"position\":1,\"name\":\"Strona g\u0142\u00f3wna\",\"item\":\"https:\\\/\\\/mistrzowieimprez.pl\\\/\"},{\"@type\":\"ListItem\",\"position\":2,\"name\":\"sklep\",\"item\":\"https:\\\/\\\/mistrzowieimprez.pl\\\/sklep\\\/\"},{\"@type\":\"ListItem\",\"position\":3,\"name\":\"Degustacje\"}]},{\"@type\":\"WebSite\",\"@id\":\"https:\\\/\\\/mistrzowieimprez.pl\\\/#website\",\"url\":\"https:\\\/\\\/mistrzowieimprez.pl\\\/\",\"name\":\"Mistrzowie Imprez\",\"description\":\"Kompleksowa organizacja imprez\",\"publisher\":{\"@id\":\"https:\\\/\\\/mistrzowieimprez.pl\\\/#organization\"},\"potentialAction\":[{\"@type\":\"SearchAction\",\"target\":{\"@type\":\"EntryPoint\",\"urlTemplate\":\"https:\\\/\\\/mistrzowieimprez.pl\\\/?s={search_term_string}\"},\"query-input\":{\"@type\":\"PropertyValueSpecification\",\"valueRequired\":true,\"valueName\":\"search_term_string\"}}],\"inLanguage\":\"en-GB\"},{\"@type\":\"Organization\",\"@id\":\"https:\\\/\\\/mistrzowieimprez.pl\\\/#organization\",\"name\":\"Mistrzowie Imprez\",\"url\":\"https:\\\/\\\/mistrzowieimprez.pl\\\/\",\"logo\":{\"@type\":\"ImageObject\",\"inLanguage\":\"en-GB\",\"@id\":\"https:\\\/\\\/mistrzowieimprez.pl\\\/#\\\/schema\\\/logo\\\/image\\\/\",\"url\":\"https:\\\/\\\/mistrzowieimprez.pl\\\/wp-content\\\/uploads\\\/2024\\\/08\\\/mistrzowie_imprez_logo_ciemne-tlo@4x.png\",\"contentUrl\":\"https:\\\/\\\/mistrzowieimprez.pl\\\/wp-content\\\/uploads\\\/2024\\\/08\\\/mistrzowie_imprez_logo_ciemne-tlo@4x.png\",\"width\":1318,\"height\":351,\"caption\":\"Mistrzowie Imprez\"},\"image\":{\"@id\":\"https:\\\/\\\/mistrzowieimprez.pl\\\/#\\\/schema\\\/logo\\\/image\\\/\"},\"sameAs\":[\"https:\\\/\\\/www.facebook.com\\\/mistrzowieimprez\",\"https:\\\/\\\/www.instagram.com\\\/mistrzowieimprez\\\/\",\"https:\\\/\\\/www.youtube.com\\\/@ytmistrzowieimprez\"]}]}<\/script>\n<!-- \/ Yoast SEO plugin. -->","yoast_head_json":{"title":"Odkryj nowe smaki! Warsztaty Degustacyjne: kulinarna przygoda","robots":{"index":"index","follow":"follow","max-snippet":"max-snippet:-1","max-image-preview":"max-image-preview:large","max-video-preview":"max-video-preview:-1"},"canonical":"https:\/\/mistrzowieimprez.pl\/en\/product\/degustacje\/","og_locale":"en_GB","og_type":"article","og_title":"Odkryj nowe smaki! Warsztaty Degustacyjne: kulinarna przygoda","og_description":"Podnie\u015b standard swojego wydarzenia dzi\u0119ki naszym warsztatom degustacyjnym! Odkryj nowe smaki i rozszerz swoje horyzonty kulinarne w towarzystwie profesjonalist\u00f3w z bran\u017cy gastronomicznej. Nasze degustacje to nie tylko wspania\u0142a zabawa, ale tak\u017ce cenne do\u015bwiadczenie kulinarnego odkrywania dla doros\u0142ych i m\u0142odzie\u017cy.","og_url":"https:\/\/mistrzowieimprez.pl\/en\/product\/degustacje\/","og_site_name":"Mistrzowie Imprez","article_publisher":"https:\/\/www.facebook.com\/mistrzowieimprez","article_modified_time":"2026-03-31T21:18:32+00:00","og_image":[{"width":1000,"height":1000,"url":"https:\/\/mistrzowieimprez.pl\/wp-content\/uploads\/2024\/09\/Degustacje.png","type":"image\/png"}],"twitter_card":"summary_large_image","twitter_misc":{"Estimated reading time":"1 minute"},"schema":{"@context":"https:\/\/schema.org","@graph":[{"@type":"WebPage","@id":"https:\/\/mistrzowieimprez.pl\/produkt\/degustacje\/","url":"https:\/\/mistrzowieimprez.pl\/produkt\/degustacje\/","name":"Odkryj nowe smaki! Warsztaty Degustacyjne: kulinarna przygoda","isPartOf":{"@id":"https:\/\/mistrzowieimprez.pl\/#website"},"primaryImageOfPage":{"@id":"https:\/\/mistrzowieimprez.pl\/produkt\/degustacje\/#primaryimage"},"image":{"@id":"https:\/\/mistrzowieimprez.pl\/produkt\/degustacje\/#primaryimage"},"thumbnailUrl":"https:\/\/mistrzowieimprez.pl\/wp-content\/uploads\/2024\/09\/Degustacje.png","datePublished":"2024-09-01T09:08:12+00:00","dateModified":"2026-03-31T21:18:32+00:00","breadcrumb":{"@id":"https:\/\/mistrzowieimprez.pl\/produkt\/degustacje\/#breadcrumb"},"inLanguage":"en-GB","potentialAction":[{"@type":"ReadAction","target":["https:\/\/mistrzowieimprez.pl\/produkt\/degustacje\/"]}]},{"@type":"ImageObject","inLanguage":"en-GB","@id":"https:\/\/mistrzowieimprez.pl\/produkt\/degustacje\/#primaryimage","url":"https:\/\/mistrzowieimprez.pl\/wp-content\/uploads\/2024\/09\/Degustacje.png","contentUrl":"https:\/\/mistrzowieimprez.pl\/wp-content\/uploads\/2024\/09\/Degustacje.png","width":1000,"height":1000,"caption":"Na fotografii widoczne s\u0105 eleganckie kieliszki z alkoholem oraz opakowanie z napisem The Classic Laddie, co sugeruje degustacj\u0119 whisky na eventach organizowanych przez Mistrz\u00f3w imprez."},{"@type":"BreadcrumbList","@id":"https:\/\/mistrzowieimprez.pl\/produkt\/degustacje\/#breadcrumb","itemListElement":[{"@type":"ListItem","position":1,"name":"Strona g\u0142\u00f3wna","item":"https:\/\/mistrzowieimprez.pl\/"},{"@type":"ListItem","position":2,"name":"sklep","item":"https:\/\/mistrzowieimprez.pl\/sklep\/"},{"@type":"ListItem","position":3,"name":"Degustacje"}]},{"@type":"WebSite","@id":"https:\/\/mistrzowieimprez.pl\/#website","url":"https:\/\/mistrzowieimprez.pl\/","name":"Mistrzowie Imprez","description":"Kompleksowa organizacja imprez","publisher":{"@id":"https:\/\/mistrzowieimprez.pl\/#organization"},"potentialAction":[{"@type":"SearchAction","target":{"@type":"EntryPoint","urlTemplate":"https:\/\/mistrzowieimprez.pl\/?s={search_term_string}"},"query-input":{"@type":"PropertyValueSpecification","valueRequired":true,"valueName":"search_term_string"}}],"inLanguage":"en-GB"},{"@type":"Organization","@id":"https:\/\/mistrzowieimprez.pl\/#organization","name":"Mistrzowie Imprez","url":"https:\/\/mistrzowieimprez.pl\/","logo":{"@type":"ImageObject","inLanguage":"en-GB","@id":"https:\/\/mistrzowieimprez.pl\/#\/schema\/logo\/image\/","url":"https:\/\/mistrzowieimprez.pl\/wp-content\/uploads\/2024\/08\/mistrzowie_imprez_logo_ciemne-tlo@4x.png","contentUrl":"https:\/\/mistrzowieimprez.pl\/wp-content\/uploads\/2024\/08\/mistrzowie_imprez_logo_ciemne-tlo@4x.png","width":1318,"height":351,"caption":"Mistrzowie Imprez"},"image":{"@id":"https:\/\/mistrzowieimprez.pl\/#\/schema\/logo\/image\/"},"sameAs":["https:\/\/www.facebook.com\/mistrzowieimprez","https:\/\/www.instagram.com\/mistrzowieimprez\/","https:\/\/www.youtube.com\/@ytmistrzowieimprez"]}]}},"_links":{"self":[{"href":"https:\/\/mistrzowieimprez.pl\/en\/wp-json\/wp\/v2\/product\/834","targetHints":{"allow":["GET"]}}],"collection":[{"href":"https:\/\/mistrzowieimprez.pl\/en\/wp-json\/wp\/v2\/product"}],"about":[{"href":"https:\/\/mistrzowieimprez.pl\/en\/wp-json\/wp\/v2\/types\/product"}],"replies":[{"embeddable":true,"href":"https:\/\/mistrzowieimprez.pl\/en\/wp-json\/wp\/v2\/comments?post=834"}],"version-history":[{"count":1,"href":"https:\/\/mistrzowieimprez.pl\/en\/wp-json\/wp\/v2\/product\/834\/revisions"}],"predecessor-version":[{"id":3619,"href":"https:\/\/mistrzowieimprez.pl\/en\/wp-json\/wp\/v2\/product\/834\/revisions\/3619"}],"wp:featuredmedia":[{"embeddable":true,"href":"https:\/\/mistrzowieimprez.pl\/en\/wp-json\/wp\/v2\/media\/1181"}],"wp:attachment":[{"href":"https:\/\/mistrzowieimprez.pl\/en\/wp-json\/wp\/v2\/media?parent=834"}],"wp:term":[{"taxonomy":"product_brand","embeddable":true,"href":"https:\/\/mistrzowieimprez.pl\/en\/wp-json\/wp\/v2\/product_brand?post=834"},{"taxonomy":"product_cat","embeddable":true,"href":"https:\/\/mistrzowieimprez.pl\/en\/wp-json\/wp\/v2\/product_cat?post=834"},{"taxonomy":"product_tag","embeddable":true,"href":"https:\/\/mistrzowieimprez.pl\/en\/wp-json\/wp\/v2\/product_tag?post=834"}],"curies":[{"name":"wp","href":"https:\/\/api.w.org\/{rel}","templated":true}]}}