{"id":832,"date":"2024-09-01T09:08:10","date_gmt":"2024-09-01T09:08:10","guid":{"rendered":"https:\/\/mistrzowieimprez.pl\/produkt\/barmanskie-2\/"},"modified":"2026-03-31T21:18:49","modified_gmt":"2026-03-31T21:18:49","slug":"barmanskie-2","status":"publish","type":"product","link":"https:\/\/mistrzowieimprez.pl\/en\/product\/barmanskie-2\/","title":{"rendered":"Barma\u0144skie"},"content":{"rendered":"<p>Nasze warsztaty barma\u0144skie to \u015bwietna zabawa i niezapomniane do\u015bwiadczenie! Spr\u00f3buj swoich si\u0142 jako barman, mieszaj\u0105c i podaj\u0105c swoje ulubione koktajle. To doskona\u0142y spos\u00f3b na zintegrowanie zespo\u0142u w lu\u017anej, kreatywnej atmosferze, idealne na imprezy firmowe, wieczory panie\u0144skie czy urodziny.<\/p>\n<ul>\n<li>R\u00f3\u017cnorodno\u015b\u0107 sprz\u0119tu barma\u0144skiego do u\u017cytku<\/li>\n<li>Profesjonalni barmeni prowadz\u0105cy warsztaty<\/li>\n<li>Mo\u017cliwo\u015b\u0107 tworzenia w\u0142asnych, unikalnych koktajli<\/li>\n<\/ul>\n<ul>\n<li>Poznanie tajnik\u00f3w sztuki barma\u0144skiej<\/li>\n<li>Integracja zespo\u0142u przez wsp\u00f3lne dzia\u0142anie<\/li>\n<li>Podniesienie kreatywno\u015bci poprzez eksperymentowanie z r\u00f3\u017cnymi sk\u0142adnikami<\/li>\n<\/ul>\n<p>Nie czekaj, dodaj warsztaty barma\u0144skie do swojego zapytania ofertowego. Odkryj smak wyj\u0105tkowej zabawy!<\/p>","protected":false},"excerpt":{"rendered":"<p>Zapraszamy na nasze warsztaty barma\u0144skie, gdzie ka\u017cdy mo\u017ce poczu\u0107 si\u0119 jak prawdziwy barman! To nie tylko \u015bwietna zabawa, ale i okazja do zintegrowania zespo\u0142u w lu\u017anej, kreatywnej atmosferze. Doskona\u0142e na imprezy firmowe, wieczory panie\u0144skie czy urodziny.<\/p>","protected":false},"featured_media":1169,"comment_status":"closed","ping_status":"closed","template":"","meta":{"_acf_changed":false},"product_brand":[],"product_cat":[94,97],"product_tag":[],"class_list":{"0":"post-832","1":"product","2":"type-product","3":"status-publish","4":"has-post-thumbnail","6":"product_cat-team-building","7":"product_cat-warsztaty-na-imprezy-integracyjne","9":"first","10":"instock","11":"shipping-taxable","12":"purchasable","13":"product-type-simple"},"acf":[],"yoast_head":"<!-- This site is optimized with the Yoast SEO plugin v27.5 - https:\/\/yoast.com\/product\/yoast-seo-wordpress\/ -->\n<title>Warsztaty Barma\u0144skie dla firm \u2013 profesjonalny kurs robienia koktajli<\/title>\n<meta name=\"robots\" content=\"index, follow, max-snippet:-1, max-image-preview:large, max-video-preview:-1\" \/>\n<link rel=\"canonical\" href=\"https:\/\/mistrzowieimprez.pl\/en\/product\/barmanskie-2\/\" \/>\n<meta property=\"og:locale\" content=\"en_GB\" \/>\n<meta property=\"og:type\" content=\"article\" \/>\n<meta property=\"og:title\" content=\"Warsztaty Barma\u0144skie dla firm \u2013 profesjonalny kurs robienia koktajli\" \/>\n<meta property=\"og:description\" content=\"Zapraszamy na nasze warsztaty barma\u0144skie, gdzie ka\u017cdy mo\u017ce poczu\u0107 si\u0119 jak prawdziwy barman! To nie tylko \u015bwietna zabawa, ale i okazja do zintegrowania zespo\u0142u w lu\u017anej, kreatywnej atmosferze. Doskona\u0142e na imprezy firmowe, wieczory panie\u0144skie czy urodziny.\" \/>\n<meta property=\"og:url\" content=\"https:\/\/mistrzowieimprez.pl\/en\/product\/barmanskie-2\/\" \/>\n<meta property=\"og:site_name\" content=\"Mistrzowie Imprez\" \/>\n<meta property=\"article:publisher\" content=\"https:\/\/www.facebook.com\/mistrzowieimprez\" \/>\n<meta property=\"article:modified_time\" content=\"2026-03-31T21:18:49+00:00\" \/>\n<meta property=\"og:image\" content=\"https:\/\/mistrzowieimprez.pl\/wp-content\/uploads\/2024\/09\/Barmanskie-e1727248960764.png\" \/>\n\t<meta property=\"og:image:width\" content=\"800\" \/>\n\t<meta property=\"og:image:height\" content=\"757\" \/>\n\t<meta property=\"og:image:type\" content=\"image\/png\" \/>\n<meta name=\"twitter:card\" content=\"summary_large_image\" \/>\n<meta name=\"twitter:label1\" content=\"Estimated reading time\" \/>\n\t<meta name=\"twitter:data1\" content=\"1 minute\" \/>\n<script type=\"application\/ld+json\" class=\"yoast-schema-graph\">{\"@context\":\"https:\\\/\\\/schema.org\",\"@graph\":[{\"@type\":\"WebPage\",\"@id\":\"https:\\\/\\\/mistrzowieimprez.pl\\\/produkt\\\/barmanskie-2\\\/\",\"url\":\"https:\\\/\\\/mistrzowieimprez.pl\\\/produkt\\\/barmanskie-2\\\/\",\"name\":\"Warsztaty Barma\u0144skie dla firm \u2013 profesjonalny kurs robienia koktajli\",\"isPartOf\":{\"@id\":\"https:\\\/\\\/mistrzowieimprez.pl\\\/#website\"},\"primaryImageOfPage\":{\"@id\":\"https:\\\/\\\/mistrzowieimprez.pl\\\/produkt\\\/barmanskie-2\\\/#primaryimage\"},\"image\":{\"@id\":\"https:\\\/\\\/mistrzowieimprez.pl\\\/produkt\\\/barmanskie-2\\\/#primaryimage\"},\"thumbnailUrl\":\"https:\\\/\\\/mistrzowieimprez.pl\\\/wp-content\\\/uploads\\\/2024\\\/09\\\/Barmanskie-e1727248960764.png\",\"datePublished\":\"2024-09-01T09:08:10+00:00\",\"dateModified\":\"2026-03-31T21:18:49+00:00\",\"breadcrumb\":{\"@id\":\"https:\\\/\\\/mistrzowieimprez.pl\\\/produkt\\\/barmanskie-2\\\/#breadcrumb\"},\"inLanguage\":\"en-GB\",\"potentialAction\":[{\"@type\":\"ReadAction\",\"target\":[\"https:\\\/\\\/mistrzowieimprez.pl\\\/produkt\\\/barmanskie-2\\\/\"]}]},{\"@type\":\"ImageObject\",\"inLanguage\":\"en-GB\",\"@id\":\"https:\\\/\\\/mistrzowieimprez.pl\\\/produkt\\\/barmanskie-2\\\/#primaryimage\",\"url\":\"https:\\\/\\\/mistrzowieimprez.pl\\\/wp-content\\\/uploads\\\/2024\\\/09\\\/Barmanskie-e1727248960764.png\",\"contentUrl\":\"https:\\\/\\\/mistrzowieimprez.pl\\\/wp-content\\\/uploads\\\/2024\\\/09\\\/Barmanskie-e1727248960764.png\",\"width\":1000,\"height\":946,\"caption\":\"Kolorowe napoje s\u0105 nalewane do kieliszk\u00f3w stoj\u0105cych nad p\u0142omieniami, tworz\u0105c efektown\u0105 i widowiskow\u0105 atrakcj\u0119 barow\u0105.\"},{\"@type\":\"BreadcrumbList\",\"@id\":\"https:\\\/\\\/mistrzowieimprez.pl\\\/produkt\\\/barmanskie-2\\\/#breadcrumb\",\"itemListElement\":[{\"@type\":\"ListItem\",\"position\":1,\"name\":\"Strona g\u0142\u00f3wna\",\"item\":\"https:\\\/\\\/mistrzowieimprez.pl\\\/\"},{\"@type\":\"ListItem\",\"position\":2,\"name\":\"sklep\",\"item\":\"https:\\\/\\\/mistrzowieimprez.pl\\\/sklep\\\/\"},{\"@type\":\"ListItem\",\"position\":3,\"name\":\"Barma\u0144skie\"}]},{\"@type\":\"WebSite\",\"@id\":\"https:\\\/\\\/mistrzowieimprez.pl\\\/#website\",\"url\":\"https:\\\/\\\/mistrzowieimprez.pl\\\/\",\"name\":\"Mistrzowie Imprez\",\"description\":\"Kompleksowa organizacja imprez\",\"publisher\":{\"@id\":\"https:\\\/\\\/mistrzowieimprez.pl\\\/#organization\"},\"potentialAction\":[{\"@type\":\"SearchAction\",\"target\":{\"@type\":\"EntryPoint\",\"urlTemplate\":\"https:\\\/\\\/mistrzowieimprez.pl\\\/?s={search_term_string}\"},\"query-input\":{\"@type\":\"PropertyValueSpecification\",\"valueRequired\":true,\"valueName\":\"search_term_string\"}}],\"inLanguage\":\"en-GB\"},{\"@type\":\"Organization\",\"@id\":\"https:\\\/\\\/mistrzowieimprez.pl\\\/#organization\",\"name\":\"Mistrzowie Imprez\",\"url\":\"https:\\\/\\\/mistrzowieimprez.pl\\\/\",\"logo\":{\"@type\":\"ImageObject\",\"inLanguage\":\"en-GB\",\"@id\":\"https:\\\/\\\/mistrzowieimprez.pl\\\/#\\\/schema\\\/logo\\\/image\\\/\",\"url\":\"https:\\\/\\\/mistrzowieimprez.pl\\\/wp-content\\\/uploads\\\/2024\\\/08\\\/mistrzowie_imprez_logo_ciemne-tlo@4x.png\",\"contentUrl\":\"https:\\\/\\\/mistrzowieimprez.pl\\\/wp-content\\\/uploads\\\/2024\\\/08\\\/mistrzowie_imprez_logo_ciemne-tlo@4x.png\",\"width\":1318,\"height\":351,\"caption\":\"Mistrzowie Imprez\"},\"image\":{\"@id\":\"https:\\\/\\\/mistrzowieimprez.pl\\\/#\\\/schema\\\/logo\\\/image\\\/\"},\"sameAs\":[\"https:\\\/\\\/www.facebook.com\\\/mistrzowieimprez\",\"https:\\\/\\\/www.instagram.com\\\/mistrzowieimprez\\\/\",\"https:\\\/\\\/www.youtube.com\\\/@ytmistrzowieimprez\"]}]}<\/script>\n<!-- \/ Yoast SEO plugin. -->","yoast_head_json":{"title":"Warsztaty Barma\u0144skie dla firm \u2013 profesjonalny kurs robienia koktajli","robots":{"index":"index","follow":"follow","max-snippet":"max-snippet:-1","max-image-preview":"max-image-preview:large","max-video-preview":"max-video-preview:-1"},"canonical":"https:\/\/mistrzowieimprez.pl\/en\/product\/barmanskie-2\/","og_locale":"en_GB","og_type":"article","og_title":"Warsztaty Barma\u0144skie dla firm \u2013 profesjonalny kurs robienia koktajli","og_description":"Zapraszamy na nasze warsztaty barma\u0144skie, gdzie ka\u017cdy mo\u017ce poczu\u0107 si\u0119 jak prawdziwy barman! To nie tylko \u015bwietna zabawa, ale i okazja do zintegrowania zespo\u0142u w lu\u017anej, kreatywnej atmosferze. Doskona\u0142e na imprezy firmowe, wieczory panie\u0144skie czy urodziny.","og_url":"https:\/\/mistrzowieimprez.pl\/en\/product\/barmanskie-2\/","og_site_name":"Mistrzowie Imprez","article_publisher":"https:\/\/www.facebook.com\/mistrzowieimprez","article_modified_time":"2026-03-31T21:18:49+00:00","og_image":[{"url":"https:\/\/mistrzowieimprez.pl\/wp-content\/uploads\/2024\/09\/Barmanskie-e1727248960764.png","width":800,"height":757,"type":"image\/png"}],"twitter_card":"summary_large_image","twitter_misc":{"Estimated reading time":"1 minute"},"schema":{"@context":"https:\/\/schema.org","@graph":[{"@type":"WebPage","@id":"https:\/\/mistrzowieimprez.pl\/produkt\/barmanskie-2\/","url":"https:\/\/mistrzowieimprez.pl\/produkt\/barmanskie-2\/","name":"Warsztaty Barma\u0144skie dla firm \u2013 profesjonalny kurs robienia koktajli","isPartOf":{"@id":"https:\/\/mistrzowieimprez.pl\/#website"},"primaryImageOfPage":{"@id":"https:\/\/mistrzowieimprez.pl\/produkt\/barmanskie-2\/#primaryimage"},"image":{"@id":"https:\/\/mistrzowieimprez.pl\/produkt\/barmanskie-2\/#primaryimage"},"thumbnailUrl":"https:\/\/mistrzowieimprez.pl\/wp-content\/uploads\/2024\/09\/Barmanskie-e1727248960764.png","datePublished":"2024-09-01T09:08:10+00:00","dateModified":"2026-03-31T21:18:49+00:00","breadcrumb":{"@id":"https:\/\/mistrzowieimprez.pl\/produkt\/barmanskie-2\/#breadcrumb"},"inLanguage":"en-GB","potentialAction":[{"@type":"ReadAction","target":["https:\/\/mistrzowieimprez.pl\/produkt\/barmanskie-2\/"]}]},{"@type":"ImageObject","inLanguage":"en-GB","@id":"https:\/\/mistrzowieimprez.pl\/produkt\/barmanskie-2\/#primaryimage","url":"https:\/\/mistrzowieimprez.pl\/wp-content\/uploads\/2024\/09\/Barmanskie-e1727248960764.png","contentUrl":"https:\/\/mistrzowieimprez.pl\/wp-content\/uploads\/2024\/09\/Barmanskie-e1727248960764.png","width":1000,"height":946,"caption":"Kolorowe napoje s\u0105 nalewane do kieliszk\u00f3w stoj\u0105cych nad p\u0142omieniami, tworz\u0105c efektown\u0105 i widowiskow\u0105 atrakcj\u0119 barow\u0105."},{"@type":"BreadcrumbList","@id":"https:\/\/mistrzowieimprez.pl\/produkt\/barmanskie-2\/#breadcrumb","itemListElement":[{"@type":"ListItem","position":1,"name":"Strona g\u0142\u00f3wna","item":"https:\/\/mistrzowieimprez.pl\/"},{"@type":"ListItem","position":2,"name":"sklep","item":"https:\/\/mistrzowieimprez.pl\/sklep\/"},{"@type":"ListItem","position":3,"name":"Barma\u0144skie"}]},{"@type":"WebSite","@id":"https:\/\/mistrzowieimprez.pl\/#website","url":"https:\/\/mistrzowieimprez.pl\/","name":"Mistrzowie Imprez","description":"Kompleksowa organizacja imprez","publisher":{"@id":"https:\/\/mistrzowieimprez.pl\/#organization"},"potentialAction":[{"@type":"SearchAction","target":{"@type":"EntryPoint","urlTemplate":"https:\/\/mistrzowieimprez.pl\/?s={search_term_string}"},"query-input":{"@type":"PropertyValueSpecification","valueRequired":true,"valueName":"search_term_string"}}],"inLanguage":"en-GB"},{"@type":"Organization","@id":"https:\/\/mistrzowieimprez.pl\/#organization","name":"Mistrzowie Imprez","url":"https:\/\/mistrzowieimprez.pl\/","logo":{"@type":"ImageObject","inLanguage":"en-GB","@id":"https:\/\/mistrzowieimprez.pl\/#\/schema\/logo\/image\/","url":"https:\/\/mistrzowieimprez.pl\/wp-content\/uploads\/2024\/08\/mistrzowie_imprez_logo_ciemne-tlo@4x.png","contentUrl":"https:\/\/mistrzowieimprez.pl\/wp-content\/uploads\/2024\/08\/mistrzowie_imprez_logo_ciemne-tlo@4x.png","width":1318,"height":351,"caption":"Mistrzowie Imprez"},"image":{"@id":"https:\/\/mistrzowieimprez.pl\/#\/schema\/logo\/image\/"},"sameAs":["https:\/\/www.facebook.com\/mistrzowieimprez","https:\/\/www.instagram.com\/mistrzowieimprez\/","https:\/\/www.youtube.com\/@ytmistrzowieimprez"]}]}},"_links":{"self":[{"href":"https:\/\/mistrzowieimprez.pl\/en\/wp-json\/wp\/v2\/product\/832","targetHints":{"allow":["GET"]}}],"collection":[{"href":"https:\/\/mistrzowieimprez.pl\/en\/wp-json\/wp\/v2\/product"}],"about":[{"href":"https:\/\/mistrzowieimprez.pl\/en\/wp-json\/wp\/v2\/types\/product"}],"replies":[{"embeddable":true,"href":"https:\/\/mistrzowieimprez.pl\/en\/wp-json\/wp\/v2\/comments?post=832"}],"version-history":[{"count":1,"href":"https:\/\/mistrzowieimprez.pl\/en\/wp-json\/wp\/v2\/product\/832\/revisions"}],"predecessor-version":[{"id":1929,"href":"https:\/\/mistrzowieimprez.pl\/en\/wp-json\/wp\/v2\/product\/832\/revisions\/1929"}],"wp:featuredmedia":[{"embeddable":true,"href":"https:\/\/mistrzowieimprez.pl\/en\/wp-json\/wp\/v2\/media\/1169"}],"wp:attachment":[{"href":"https:\/\/mistrzowieimprez.pl\/en\/wp-json\/wp\/v2\/media?parent=832"}],"wp:term":[{"taxonomy":"product_brand","embeddable":true,"href":"https:\/\/mistrzowieimprez.pl\/en\/wp-json\/wp\/v2\/product_brand?post=832"},{"taxonomy":"product_cat","embeddable":true,"href":"https:\/\/mistrzowieimprez.pl\/en\/wp-json\/wp\/v2\/product_cat?post=832"},{"taxonomy":"product_tag","embeddable":true,"href":"https:\/\/mistrzowieimprez.pl\/en\/wp-json\/wp\/v2\/product_tag?post=832"}],"curies":[{"name":"wp","href":"https:\/\/api.w.org\/{rel}","templated":true}]}}