{"id":829,"date":"2024-09-01T09:08:08","date_gmt":"2024-09-01T09:08:08","guid":{"rendered":"https:\/\/mistrzowieimprez.pl\/produkt\/kulinarne\/"},"modified":"2026-03-31T21:21:05","modified_gmt":"2026-03-31T21:21:05","slug":"kulinarne","status":"publish","type":"product","link":"https:\/\/mistrzowieimprez.pl\/en\/product\/kulinarne\/","title":{"rendered":"Warsztaty kulinarne"},"content":{"rendered":"<h4>Opis scenariusza:<\/h4>\n<p>Szukasz oryginalnego pomys\u0142u na integracj\u0119 dla swojego zespo\u0142u? Nasze warsztaty kulinarne to idealne rozwi\u0105zanie! Oferujemy niezwyk\u0142e do\u015bwiadczenie, kt\u00f3re \u0142\u0105czy w sobie nauk\u0119, dobr\u0105 zabaw\u0119 i znakomite jedzenie. W ci\u0105gu 2,5-3 godzin nasi do\u015bwiadczeni specjali\u015bci wprowadz\u0105 uczestnik\u00f3w w \u015bwiat kulinarnych tajnik\u00f3w, omawiaj\u0105c teoretyczne aspekty gotowania oraz demonstruj\u0105c przygotowanie wyj\u0105tkowych potraw.<\/p>\n<p>Podczas warsztat\u00f3w ka\u017cdy uczestnik ma okazj\u0119 aktywnie wzi\u0105\u0107 udzia\u0142 w gotowaniu, co sprzyja integracji zespo\u0142u i budowaniu relacji. Nasze warsztaty to nie tylko nauka gotowania, ale tak\u017ce \u015bwietna okazja do wsp\u00f3lnego sp\u0119dzenia czasu w przyjemnej atmosferze, kt\u00f3ra sprzyja kreatywno\u015bci i wymianie pomys\u0142\u00f3w.<\/p>\n<p>Dla jeszcze wi\u0119kszego efektu mo\u017cemy wzbogaci\u0107 program o znanych prowadz\u0105cych z ekran\u00f3w TV, kt\u00f3rzy dodadz\u0105 wyj\u0105tkowego charakteru ca\u0142emu wydarzeniu. Nasze warsztaty kulinarne to doskona\u0142y spos\u00f3b na zaskoczenie koleg\u00f3w z pracy, a tak\u017ce na zdobycie wiedzy, kt\u00f3r\u0105 mo\u017cna wykorzysta\u0107 przy najbli\u017cszym niedzielnym obiedzie.<\/p>","protected":false},"excerpt":{"rendered":"<p>Zorganizuj niezapomniane warsztaty kulinarne dla swojej firmy! To doskona\u0142a okazja na integracj\u0119, nauk\u0119 i \u015bwietn\u0105 zabaw\u0119. Nasi specjali\u015bci wprowadz\u0105 Was w \u015bwiat gotowania, obja\u015bniaj\u0105c teoretyczne niuanse oraz demonstruj\u0105c przygotowanie potraw. W ci\u0105gu 2,5-3 godzin wsp\u00f3lnie stworzycie pyszne dania, kt\u00f3re zaskocz\u0105 nawet najbardziej wymagaj\u0105cych smakoszy. Dodatkowo, istnieje mo\u017cliwo\u015b\u0107 zaproszenia znanych prowadz\u0105cych z ekran\u00f3w TV.<\/p>","protected":false},"featured_media":1225,"comment_status":"closed","ping_status":"closed","template":"","meta":{"_acf_changed":false},"product_brand":[],"product_cat":[94,97],"product_tag":[],"class_list":{"0":"post-829","1":"product","2":"type-product","3":"status-publish","4":"has-post-thumbnail","6":"product_cat-team-building","7":"product_cat-warsztaty-na-imprezy-integracyjne","9":"first","10":"instock","11":"shipping-taxable","12":"purchasable","13":"product-type-simple"},"acf":[],"yoast_head":"<!-- This site is optimized with the Yoast SEO plugin v27.5 - https:\/\/yoast.com\/product\/yoast-seo-wordpress\/ -->\n<title>Warsztaty Kulinarne dla firm \u2013 integracja w kuchni i gotowanie<\/title>\n<meta name=\"robots\" content=\"index, follow, max-snippet:-1, max-image-preview:large, max-video-preview:-1\" \/>\n<link rel=\"canonical\" href=\"https:\/\/mistrzowieimprez.pl\/en\/product\/kulinarne\/\" \/>\n<meta property=\"og:locale\" content=\"en_GB\" \/>\n<meta property=\"og:type\" content=\"article\" \/>\n<meta property=\"og:title\" content=\"Warsztaty Kulinarne dla firm \u2013 integracja w kuchni i gotowanie\" \/>\n<meta property=\"og:description\" content=\"Zorganizuj niezapomniane warsztaty kulinarne dla swojej firmy! To doskona\u0142a okazja na integracj\u0119, nauk\u0119 i \u015bwietn\u0105 zabaw\u0119. Nasi specjali\u015bci wprowadz\u0105 Was w \u015bwiat gotowania, obja\u015bniaj\u0105c teoretyczne niuanse oraz demonstruj\u0105c przygotowanie potraw. W ci\u0105gu 2,5-3 godzin wsp\u00f3lnie stworzycie pyszne dania, kt\u00f3re zaskocz\u0105 nawet najbardziej wymagaj\u0105cych smakoszy. Dodatkowo, istnieje mo\u017cliwo\u015b\u0107 zaproszenia znanych prowadz\u0105cych z ekran\u00f3w TV.\" \/>\n<meta property=\"og:url\" content=\"https:\/\/mistrzowieimprez.pl\/en\/product\/kulinarne\/\" \/>\n<meta property=\"og:site_name\" content=\"Mistrzowie Imprez\" \/>\n<meta property=\"article:publisher\" content=\"https:\/\/www.facebook.com\/mistrzowieimprez\" \/>\n<meta property=\"article:modified_time\" content=\"2026-03-31T21:21:05+00:00\" \/>\n<meta property=\"og:image\" content=\"https:\/\/mistrzowieimprez.pl\/wp-content\/uploads\/2024\/09\/Kulinarne.png\" \/>\n\t<meta property=\"og:image:width\" content=\"1000\" \/>\n\t<meta property=\"og:image:height\" content=\"1000\" \/>\n\t<meta property=\"og:image:type\" content=\"image\/png\" \/>\n<meta name=\"twitter:card\" content=\"summary_large_image\" \/>\n<meta name=\"twitter:label1\" content=\"Estimated reading time\" \/>\n\t<meta name=\"twitter:data1\" content=\"2 minutes\" \/>\n<script type=\"application\/ld+json\" class=\"yoast-schema-graph\">{\"@context\":\"https:\\\/\\\/schema.org\",\"@graph\":[{\"@type\":\"WebPage\",\"@id\":\"https:\\\/\\\/mistrzowieimprez.pl\\\/produkt\\\/kulinarne\\\/\",\"url\":\"https:\\\/\\\/mistrzowieimprez.pl\\\/produkt\\\/kulinarne\\\/\",\"name\":\"Warsztaty Kulinarne dla firm \u2013 integracja w kuchni i gotowanie\",\"isPartOf\":{\"@id\":\"https:\\\/\\\/mistrzowieimprez.pl\\\/#website\"},\"primaryImageOfPage\":{\"@id\":\"https:\\\/\\\/mistrzowieimprez.pl\\\/produkt\\\/kulinarne\\\/#primaryimage\"},\"image\":{\"@id\":\"https:\\\/\\\/mistrzowieimprez.pl\\\/produkt\\\/kulinarne\\\/#primaryimage\"},\"thumbnailUrl\":\"https:\\\/\\\/mistrzowieimprez.pl\\\/wp-content\\\/uploads\\\/2024\\\/09\\\/Kulinarne.png\",\"datePublished\":\"2024-09-01T09:08:08+00:00\",\"dateModified\":\"2026-03-31T21:21:05+00:00\",\"breadcrumb\":{\"@id\":\"https:\\\/\\\/mistrzowieimprez.pl\\\/produkt\\\/kulinarne\\\/#breadcrumb\"},\"inLanguage\":\"en-GB\",\"potentialAction\":[{\"@type\":\"ReadAction\",\"target\":[\"https:\\\/\\\/mistrzowieimprez.pl\\\/produkt\\\/kulinarne\\\/\"]}]},{\"@type\":\"ImageObject\",\"inLanguage\":\"en-GB\",\"@id\":\"https:\\\/\\\/mistrzowieimprez.pl\\\/produkt\\\/kulinarne\\\/#primaryimage\",\"url\":\"https:\\\/\\\/mistrzowieimprez.pl\\\/wp-content\\\/uploads\\\/2024\\\/09\\\/Kulinarne.png\",\"contentUrl\":\"https:\\\/\\\/mistrzowieimprez.pl\\\/wp-content\\\/uploads\\\/2024\\\/09\\\/Kulinarne.png\",\"width\":1000,\"height\":1000,\"caption\":\"Grupa ludzi uczestniczy w warsztatach kulinarnych, gdzie kto\u015b z nich u\u017cywa wa\u0142ka do ciasta.\"},{\"@type\":\"BreadcrumbList\",\"@id\":\"https:\\\/\\\/mistrzowieimprez.pl\\\/produkt\\\/kulinarne\\\/#breadcrumb\",\"itemListElement\":[{\"@type\":\"ListItem\",\"position\":1,\"name\":\"Strona g\u0142\u00f3wna\",\"item\":\"https:\\\/\\\/mistrzowieimprez.pl\\\/\"},{\"@type\":\"ListItem\",\"position\":2,\"name\":\"sklep\",\"item\":\"https:\\\/\\\/mistrzowieimprez.pl\\\/sklep\\\/\"},{\"@type\":\"ListItem\",\"position\":3,\"name\":\"Warsztaty kulinarne\"}]},{\"@type\":\"WebSite\",\"@id\":\"https:\\\/\\\/mistrzowieimprez.pl\\\/#website\",\"url\":\"https:\\\/\\\/mistrzowieimprez.pl\\\/\",\"name\":\"Mistrzowie Imprez\",\"description\":\"Kompleksowa organizacja imprez\",\"publisher\":{\"@id\":\"https:\\\/\\\/mistrzowieimprez.pl\\\/#organization\"},\"potentialAction\":[{\"@type\":\"SearchAction\",\"target\":{\"@type\":\"EntryPoint\",\"urlTemplate\":\"https:\\\/\\\/mistrzowieimprez.pl\\\/?s={search_term_string}\"},\"query-input\":{\"@type\":\"PropertyValueSpecification\",\"valueRequired\":true,\"valueName\":\"search_term_string\"}}],\"inLanguage\":\"en-GB\"},{\"@type\":\"Organization\",\"@id\":\"https:\\\/\\\/mistrzowieimprez.pl\\\/#organization\",\"name\":\"Mistrzowie Imprez\",\"url\":\"https:\\\/\\\/mistrzowieimprez.pl\\\/\",\"logo\":{\"@type\":\"ImageObject\",\"inLanguage\":\"en-GB\",\"@id\":\"https:\\\/\\\/mistrzowieimprez.pl\\\/#\\\/schema\\\/logo\\\/image\\\/\",\"url\":\"https:\\\/\\\/mistrzowieimprez.pl\\\/wp-content\\\/uploads\\\/2024\\\/08\\\/mistrzowie_imprez_logo_ciemne-tlo@4x.png\",\"contentUrl\":\"https:\\\/\\\/mistrzowieimprez.pl\\\/wp-content\\\/uploads\\\/2024\\\/08\\\/mistrzowie_imprez_logo_ciemne-tlo@4x.png\",\"width\":1318,\"height\":351,\"caption\":\"Mistrzowie Imprez\"},\"image\":{\"@id\":\"https:\\\/\\\/mistrzowieimprez.pl\\\/#\\\/schema\\\/logo\\\/image\\\/\"},\"sameAs\":[\"https:\\\/\\\/www.facebook.com\\\/mistrzowieimprez\",\"https:\\\/\\\/www.instagram.com\\\/mistrzowieimprez\\\/\",\"https:\\\/\\\/www.youtube.com\\\/@ytmistrzowieimprez\"]}]}<\/script>\n<!-- \/ Yoast SEO plugin. -->","yoast_head_json":{"title":"Warsztaty Kulinarne dla firm \u2013 integracja w kuchni i gotowanie","robots":{"index":"index","follow":"follow","max-snippet":"max-snippet:-1","max-image-preview":"max-image-preview:large","max-video-preview":"max-video-preview:-1"},"canonical":"https:\/\/mistrzowieimprez.pl\/en\/product\/kulinarne\/","og_locale":"en_GB","og_type":"article","og_title":"Warsztaty Kulinarne dla firm \u2013 integracja w kuchni i gotowanie","og_description":"Zorganizuj niezapomniane warsztaty kulinarne dla swojej firmy! To doskona\u0142a okazja na integracj\u0119, nauk\u0119 i \u015bwietn\u0105 zabaw\u0119. Nasi specjali\u015bci wprowadz\u0105 Was w \u015bwiat gotowania, obja\u015bniaj\u0105c teoretyczne niuanse oraz demonstruj\u0105c przygotowanie potraw. W ci\u0105gu 2,5-3 godzin wsp\u00f3lnie stworzycie pyszne dania, kt\u00f3re zaskocz\u0105 nawet najbardziej wymagaj\u0105cych smakoszy. Dodatkowo, istnieje mo\u017cliwo\u015b\u0107 zaproszenia znanych prowadz\u0105cych z ekran\u00f3w TV.","og_url":"https:\/\/mistrzowieimprez.pl\/en\/product\/kulinarne\/","og_site_name":"Mistrzowie Imprez","article_publisher":"https:\/\/www.facebook.com\/mistrzowieimprez","article_modified_time":"2026-03-31T21:21:05+00:00","og_image":[{"width":1000,"height":1000,"url":"https:\/\/mistrzowieimprez.pl\/wp-content\/uploads\/2024\/09\/Kulinarne.png","type":"image\/png"}],"twitter_card":"summary_large_image","twitter_misc":{"Estimated reading time":"2 minutes"},"schema":{"@context":"https:\/\/schema.org","@graph":[{"@type":"WebPage","@id":"https:\/\/mistrzowieimprez.pl\/produkt\/kulinarne\/","url":"https:\/\/mistrzowieimprez.pl\/produkt\/kulinarne\/","name":"Warsztaty Kulinarne dla firm \u2013 integracja w kuchni i gotowanie","isPartOf":{"@id":"https:\/\/mistrzowieimprez.pl\/#website"},"primaryImageOfPage":{"@id":"https:\/\/mistrzowieimprez.pl\/produkt\/kulinarne\/#primaryimage"},"image":{"@id":"https:\/\/mistrzowieimprez.pl\/produkt\/kulinarne\/#primaryimage"},"thumbnailUrl":"https:\/\/mistrzowieimprez.pl\/wp-content\/uploads\/2024\/09\/Kulinarne.png","datePublished":"2024-09-01T09:08:08+00:00","dateModified":"2026-03-31T21:21:05+00:00","breadcrumb":{"@id":"https:\/\/mistrzowieimprez.pl\/produkt\/kulinarne\/#breadcrumb"},"inLanguage":"en-GB","potentialAction":[{"@type":"ReadAction","target":["https:\/\/mistrzowieimprez.pl\/produkt\/kulinarne\/"]}]},{"@type":"ImageObject","inLanguage":"en-GB","@id":"https:\/\/mistrzowieimprez.pl\/produkt\/kulinarne\/#primaryimage","url":"https:\/\/mistrzowieimprez.pl\/wp-content\/uploads\/2024\/09\/Kulinarne.png","contentUrl":"https:\/\/mistrzowieimprez.pl\/wp-content\/uploads\/2024\/09\/Kulinarne.png","width":1000,"height":1000,"caption":"Grupa ludzi uczestniczy w warsztatach kulinarnych, gdzie kto\u015b z nich u\u017cywa wa\u0142ka do ciasta."},{"@type":"BreadcrumbList","@id":"https:\/\/mistrzowieimprez.pl\/produkt\/kulinarne\/#breadcrumb","itemListElement":[{"@type":"ListItem","position":1,"name":"Strona g\u0142\u00f3wna","item":"https:\/\/mistrzowieimprez.pl\/"},{"@type":"ListItem","position":2,"name":"sklep","item":"https:\/\/mistrzowieimprez.pl\/sklep\/"},{"@type":"ListItem","position":3,"name":"Warsztaty kulinarne"}]},{"@type":"WebSite","@id":"https:\/\/mistrzowieimprez.pl\/#website","url":"https:\/\/mistrzowieimprez.pl\/","name":"Mistrzowie Imprez","description":"Kompleksowa organizacja imprez","publisher":{"@id":"https:\/\/mistrzowieimprez.pl\/#organization"},"potentialAction":[{"@type":"SearchAction","target":{"@type":"EntryPoint","urlTemplate":"https:\/\/mistrzowieimprez.pl\/?s={search_term_string}"},"query-input":{"@type":"PropertyValueSpecification","valueRequired":true,"valueName":"search_term_string"}}],"inLanguage":"en-GB"},{"@type":"Organization","@id":"https:\/\/mistrzowieimprez.pl\/#organization","name":"Mistrzowie Imprez","url":"https:\/\/mistrzowieimprez.pl\/","logo":{"@type":"ImageObject","inLanguage":"en-GB","@id":"https:\/\/mistrzowieimprez.pl\/#\/schema\/logo\/image\/","url":"https:\/\/mistrzowieimprez.pl\/wp-content\/uploads\/2024\/08\/mistrzowie_imprez_logo_ciemne-tlo@4x.png","contentUrl":"https:\/\/mistrzowieimprez.pl\/wp-content\/uploads\/2024\/08\/mistrzowie_imprez_logo_ciemne-tlo@4x.png","width":1318,"height":351,"caption":"Mistrzowie Imprez"},"image":{"@id":"https:\/\/mistrzowieimprez.pl\/#\/schema\/logo\/image\/"},"sameAs":["https:\/\/www.facebook.com\/mistrzowieimprez","https:\/\/www.instagram.com\/mistrzowieimprez\/","https:\/\/www.youtube.com\/@ytmistrzowieimprez"]}]}},"_links":{"self":[{"href":"https:\/\/mistrzowieimprez.pl\/en\/wp-json\/wp\/v2\/product\/829","targetHints":{"allow":["GET"]}}],"collection":[{"href":"https:\/\/mistrzowieimprez.pl\/en\/wp-json\/wp\/v2\/product"}],"about":[{"href":"https:\/\/mistrzowieimprez.pl\/en\/wp-json\/wp\/v2\/types\/product"}],"replies":[{"embeddable":true,"href":"https:\/\/mistrzowieimprez.pl\/en\/wp-json\/wp\/v2\/comments?post=829"}],"version-history":[{"count":2,"href":"https:\/\/mistrzowieimprez.pl\/en\/wp-json\/wp\/v2\/product\/829\/revisions"}],"predecessor-version":[{"id":2244,"href":"https:\/\/mistrzowieimprez.pl\/en\/wp-json\/wp\/v2\/product\/829\/revisions\/2244"}],"wp:featuredmedia":[{"embeddable":true,"href":"https:\/\/mistrzowieimprez.pl\/en\/wp-json\/wp\/v2\/media\/1225"}],"wp:attachment":[{"href":"https:\/\/mistrzowieimprez.pl\/en\/wp-json\/wp\/v2\/media?parent=829"}],"wp:term":[{"taxonomy":"product_brand","embeddable":true,"href":"https:\/\/mistrzowieimprez.pl\/en\/wp-json\/wp\/v2\/product_brand?post=829"},{"taxonomy":"product_cat","embeddable":true,"href":"https:\/\/mistrzowieimprez.pl\/en\/wp-json\/wp\/v2\/product_cat?post=829"},{"taxonomy":"product_tag","embeddable":true,"href":"https:\/\/mistrzowieimprez.pl\/en\/wp-json\/wp\/v2\/product_tag?post=829"}],"curies":[{"name":"wp","href":"https:\/\/api.w.org\/{rel}","templated":true}]}}