{"id":828,"date":"2024-09-01T09:08:08","date_gmt":"2024-09-01T09:08:08","guid":{"rendered":"https:\/\/mistrzowieimprez.pl\/produkt\/bebniarskie\/"},"modified":"2026-03-31T21:20:44","modified_gmt":"2026-03-31T21:20:44","slug":"bebniarskie","status":"publish","type":"product","link":"https:\/\/mistrzowieimprez.pl\/en\/product\/bebniarskie\/","title":{"rendered":"Warsztaty b\u0119bniarskie"},"content":{"rendered":"<h4>Opis scenariusza:<\/h4>\n<p>Szukasz innowacyjnego pomys\u0142u na integracj\u0119 dla swojej firmy? Proponujemy fascynuj\u0105c\u0105 nauk\u0119 gry na b\u0119bnach, kt\u00f3ra przeniesie Was w \u015bwiat muzyki i d\u017awi\u0119k\u00f3w! Nasze warsztaty obejmuj\u0105 r\u00f3\u017cnorodne instrumenty, w tym b\u0119bny afryka\u0144skie, tradycyjne oraz azjatyckie. Nasi utalentowani arty\u015bci nie tylko naucz\u0105 Was podstaw gry, ale tak\u017ce opowiedz\u0105 fascynuj\u0105ce historie zwi\u0105zane z pochodzeniem i budow\u0105 tych niezwyk\u0142ych instrument\u00f3w.<\/p>\n<p>Podczas warsztat\u00f3w uczestnicy do\u015bwiadcz\u0105 magii d\u017awi\u0119k\u00f3w wydobywaj\u0105cych si\u0119 z b\u0119bn\u00f3w, co wprowadzi ich w znakomity nastr\u00f3j i zbuduje silne wi\u0119zi zespo\u0142owe. Integracja z muzyk\u0105 to doskona\u0142y spos\u00f3b na rozwijanie kreatywno\u015bci, popraw\u0119 komunikacji i odkrycie ukrytych talent\u00f3w w\u015br\u00f3d pracownik\u00f3w.<\/p>\n<p>Z naszymi warsztatami b\u0119bniarskimi zyskujesz nie tylko wyj\u0105tkowe do\u015bwiadczenie, ale r\u00f3wnie\u017c wspania\u0142\u0105 atmosfer\u0119, kt\u00f3ra z pewno\u015bci\u0105 na d\u0142ugo pozostanie w pami\u0119ci uczestnik\u00f3w. Nie czekaj \u2013 zorganizuj z nami niezapomnian\u0105 integracj\u0119, kt\u00f3ra wprowadzi Twoj\u0105 firm\u0119 w rytm muzyki i pozytywnej energii!<\/p>","protected":false},"excerpt":{"rendered":"<p>Warsztaty z r\u00f3\u017cnorodnymi instrumentami: afryka\u0144skimi, tradycyjnymi, azjatyckimi i innymi. Nasi do\u015bwiadczeni arty\u015bci wprowadz\u0105 Was w \u015bwiat b\u0119bn\u00f3w, opowiedz\u0105 historie ich powstania i naucz\u0105 podstaw gry. To niezwyk\u0142y spos\u00f3b na budowanie zespo\u0142owego ducha i odkrywanie talent\u00f3w w\u015br\u00f3d pracownik\u00f3w. Gwarantujemy niezapomniane emocje!<\/p>","protected":false},"featured_media":1171,"comment_status":"closed","ping_status":"closed","template":"","meta":{"_acf_changed":false},"product_brand":[],"product_cat":[102,94,97],"product_tag":[],"class_list":{"0":"post-828","1":"product","2":"type-product","3":"status-publish","4":"has-post-thumbnail","6":"product_cat-polecane-scenariusze","7":"product_cat-team-building","8":"product_cat-warsztaty-na-imprezy-integracyjne","10":"first","11":"instock","12":"shipping-taxable","13":"purchasable","14":"product-type-simple"},"acf":[],"yoast_head":"<!-- This site is optimized with the Yoast SEO plugin v27.5 - https:\/\/yoast.com\/product\/yoast-seo-wordpress\/ -->\n<title>Warsztaty B\u0119bniarskie dla firm \u2013 energetyczna integracja i nauka rytmu<\/title>\n<meta name=\"robots\" content=\"index, follow, max-snippet:-1, max-image-preview:large, max-video-preview:-1\" \/>\n<link rel=\"canonical\" href=\"https:\/\/mistrzowieimprez.pl\/en\/product\/bebniarskie\/\" \/>\n<meta property=\"og:locale\" content=\"en_GB\" \/>\n<meta property=\"og:type\" content=\"article\" \/>\n<meta property=\"og:title\" content=\"Warsztaty B\u0119bniarskie dla firm \u2013 energetyczna integracja i nauka rytmu\" \/>\n<meta property=\"og:description\" content=\"Warsztaty z r\u00f3\u017cnorodnymi instrumentami: afryka\u0144skimi, tradycyjnymi, azjatyckimi i innymi. Nasi do\u015bwiadczeni arty\u015bci wprowadz\u0105 Was w \u015bwiat b\u0119bn\u00f3w, opowiedz\u0105 historie ich powstania i naucz\u0105 podstaw gry. To niezwyk\u0142y spos\u00f3b na budowanie zespo\u0142owego ducha i odkrywanie talent\u00f3w w\u015br\u00f3d pracownik\u00f3w. Gwarantujemy niezapomniane emocje!\" \/>\n<meta property=\"og:url\" content=\"https:\/\/mistrzowieimprez.pl\/en\/product\/bebniarskie\/\" \/>\n<meta property=\"og:site_name\" content=\"Mistrzowie Imprez\" \/>\n<meta property=\"article:publisher\" content=\"https:\/\/www.facebook.com\/mistrzowieimprez\" \/>\n<meta property=\"article:modified_time\" content=\"2026-03-31T21:20:44+00:00\" \/>\n<meta property=\"og:image\" content=\"https:\/\/mistrzowieimprez.pl\/wp-content\/uploads\/2024\/09\/Bebniarskie.png\" \/>\n\t<meta property=\"og:image:width\" content=\"800\" \/>\n\t<meta property=\"og:image:height\" content=\"800\" \/>\n\t<meta property=\"og:image:type\" content=\"image\/png\" \/>\n<meta name=\"twitter:card\" content=\"summary_large_image\" \/>\n<meta name=\"twitter:label1\" content=\"Estimated reading time\" \/>\n\t<meta name=\"twitter:data1\" content=\"2 minutes\" \/>\n<script type=\"application\/ld+json\" class=\"yoast-schema-graph\">{\"@context\":\"https:\\\/\\\/schema.org\",\"@graph\":[{\"@type\":\"WebPage\",\"@id\":\"https:\\\/\\\/mistrzowieimprez.pl\\\/produkt\\\/bebniarskie\\\/\",\"url\":\"https:\\\/\\\/mistrzowieimprez.pl\\\/produkt\\\/bebniarskie\\\/\",\"name\":\"Warsztaty B\u0119bniarskie dla firm \u2013 energetyczna integracja i nauka rytmu\",\"isPartOf\":{\"@id\":\"https:\\\/\\\/mistrzowieimprez.pl\\\/#website\"},\"primaryImageOfPage\":{\"@id\":\"https:\\\/\\\/mistrzowieimprez.pl\\\/produkt\\\/bebniarskie\\\/#primaryimage\"},\"image\":{\"@id\":\"https:\\\/\\\/mistrzowieimprez.pl\\\/produkt\\\/bebniarskie\\\/#primaryimage\"},\"thumbnailUrl\":\"https:\\\/\\\/mistrzowieimprez.pl\\\/wp-content\\\/uploads\\\/2024\\\/09\\\/Bebniarskie.png\",\"datePublished\":\"2024-09-01T09:08:08+00:00\",\"dateModified\":\"2026-03-31T21:20:44+00:00\",\"breadcrumb\":{\"@id\":\"https:\\\/\\\/mistrzowieimprez.pl\\\/produkt\\\/bebniarskie\\\/#breadcrumb\"},\"inLanguage\":\"en-GB\",\"potentialAction\":[{\"@type\":\"ReadAction\",\"target\":[\"https:\\\/\\\/mistrzowieimprez.pl\\\/produkt\\\/bebniarskie\\\/\"]}]},{\"@type\":\"ImageObject\",\"inLanguage\":\"en-GB\",\"@id\":\"https:\\\/\\\/mistrzowieimprez.pl\\\/produkt\\\/bebniarskie\\\/#primaryimage\",\"url\":\"https:\\\/\\\/mistrzowieimprez.pl\\\/wp-content\\\/uploads\\\/2024\\\/09\\\/Bebniarskie.png\",\"contentUrl\":\"https:\\\/\\\/mistrzowieimprez.pl\\\/wp-content\\\/uploads\\\/2024\\\/09\\\/Bebniarskie.png\",\"width\":1000,\"height\":1000,\"caption\":\"Zdj\u0119cie przedstawia grup\u0119 ludzi siedz\u0105cych w kr\u0119gu i uczestnicz\u0105cych w warsztatach b\u0119bniarskich w sali wy\u0142o\u017conej drewnem.\"},{\"@type\":\"BreadcrumbList\",\"@id\":\"https:\\\/\\\/mistrzowieimprez.pl\\\/produkt\\\/bebniarskie\\\/#breadcrumb\",\"itemListElement\":[{\"@type\":\"ListItem\",\"position\":1,\"name\":\"Strona g\u0142\u00f3wna\",\"item\":\"https:\\\/\\\/mistrzowieimprez.pl\\\/\"},{\"@type\":\"ListItem\",\"position\":2,\"name\":\"sklep\",\"item\":\"https:\\\/\\\/mistrzowieimprez.pl\\\/sklep\\\/\"},{\"@type\":\"ListItem\",\"position\":3,\"name\":\"Warsztaty b\u0119bniarskie\"}]},{\"@type\":\"WebSite\",\"@id\":\"https:\\\/\\\/mistrzowieimprez.pl\\\/#website\",\"url\":\"https:\\\/\\\/mistrzowieimprez.pl\\\/\",\"name\":\"Mistrzowie Imprez\",\"description\":\"Kompleksowa organizacja imprez\",\"publisher\":{\"@id\":\"https:\\\/\\\/mistrzowieimprez.pl\\\/#organization\"},\"potentialAction\":[{\"@type\":\"SearchAction\",\"target\":{\"@type\":\"EntryPoint\",\"urlTemplate\":\"https:\\\/\\\/mistrzowieimprez.pl\\\/?s={search_term_string}\"},\"query-input\":{\"@type\":\"PropertyValueSpecification\",\"valueRequired\":true,\"valueName\":\"search_term_string\"}}],\"inLanguage\":\"en-GB\"},{\"@type\":\"Organization\",\"@id\":\"https:\\\/\\\/mistrzowieimprez.pl\\\/#organization\",\"name\":\"Mistrzowie Imprez\",\"url\":\"https:\\\/\\\/mistrzowieimprez.pl\\\/\",\"logo\":{\"@type\":\"ImageObject\",\"inLanguage\":\"en-GB\",\"@id\":\"https:\\\/\\\/mistrzowieimprez.pl\\\/#\\\/schema\\\/logo\\\/image\\\/\",\"url\":\"https:\\\/\\\/mistrzowieimprez.pl\\\/wp-content\\\/uploads\\\/2024\\\/08\\\/mistrzowie_imprez_logo_ciemne-tlo@4x.png\",\"contentUrl\":\"https:\\\/\\\/mistrzowieimprez.pl\\\/wp-content\\\/uploads\\\/2024\\\/08\\\/mistrzowie_imprez_logo_ciemne-tlo@4x.png\",\"width\":1318,\"height\":351,\"caption\":\"Mistrzowie Imprez\"},\"image\":{\"@id\":\"https:\\\/\\\/mistrzowieimprez.pl\\\/#\\\/schema\\\/logo\\\/image\\\/\"},\"sameAs\":[\"https:\\\/\\\/www.facebook.com\\\/mistrzowieimprez\",\"https:\\\/\\\/www.instagram.com\\\/mistrzowieimprez\\\/\",\"https:\\\/\\\/www.youtube.com\\\/@ytmistrzowieimprez\"]}]}<\/script>\n<!-- \/ Yoast SEO plugin. -->","yoast_head_json":{"title":"Warsztaty B\u0119bniarskie dla firm \u2013 energetyczna integracja i nauka rytmu","robots":{"index":"index","follow":"follow","max-snippet":"max-snippet:-1","max-image-preview":"max-image-preview:large","max-video-preview":"max-video-preview:-1"},"canonical":"https:\/\/mistrzowieimprez.pl\/en\/product\/bebniarskie\/","og_locale":"en_GB","og_type":"article","og_title":"Warsztaty B\u0119bniarskie dla firm \u2013 energetyczna integracja i nauka rytmu","og_description":"Warsztaty z r\u00f3\u017cnorodnymi instrumentami: afryka\u0144skimi, tradycyjnymi, azjatyckimi i innymi. Nasi do\u015bwiadczeni arty\u015bci wprowadz\u0105 Was w \u015bwiat b\u0119bn\u00f3w, opowiedz\u0105 historie ich powstania i naucz\u0105 podstaw gry. To niezwyk\u0142y spos\u00f3b na budowanie zespo\u0142owego ducha i odkrywanie talent\u00f3w w\u015br\u00f3d pracownik\u00f3w. Gwarantujemy niezapomniane emocje!","og_url":"https:\/\/mistrzowieimprez.pl\/en\/product\/bebniarskie\/","og_site_name":"Mistrzowie Imprez","article_publisher":"https:\/\/www.facebook.com\/mistrzowieimprez","article_modified_time":"2026-03-31T21:20:44+00:00","og_image":[{"url":"https:\/\/mistrzowieimprez.pl\/wp-content\/uploads\/2024\/09\/Bebniarskie.png","width":800,"height":800,"type":"image\/png"}],"twitter_card":"summary_large_image","twitter_misc":{"Estimated reading time":"2 minutes"},"schema":{"@context":"https:\/\/schema.org","@graph":[{"@type":"WebPage","@id":"https:\/\/mistrzowieimprez.pl\/produkt\/bebniarskie\/","url":"https:\/\/mistrzowieimprez.pl\/produkt\/bebniarskie\/","name":"Warsztaty B\u0119bniarskie dla firm \u2013 energetyczna integracja i nauka rytmu","isPartOf":{"@id":"https:\/\/mistrzowieimprez.pl\/#website"},"primaryImageOfPage":{"@id":"https:\/\/mistrzowieimprez.pl\/produkt\/bebniarskie\/#primaryimage"},"image":{"@id":"https:\/\/mistrzowieimprez.pl\/produkt\/bebniarskie\/#primaryimage"},"thumbnailUrl":"https:\/\/mistrzowieimprez.pl\/wp-content\/uploads\/2024\/09\/Bebniarskie.png","datePublished":"2024-09-01T09:08:08+00:00","dateModified":"2026-03-31T21:20:44+00:00","breadcrumb":{"@id":"https:\/\/mistrzowieimprez.pl\/produkt\/bebniarskie\/#breadcrumb"},"inLanguage":"en-GB","potentialAction":[{"@type":"ReadAction","target":["https:\/\/mistrzowieimprez.pl\/produkt\/bebniarskie\/"]}]},{"@type":"ImageObject","inLanguage":"en-GB","@id":"https:\/\/mistrzowieimprez.pl\/produkt\/bebniarskie\/#primaryimage","url":"https:\/\/mistrzowieimprez.pl\/wp-content\/uploads\/2024\/09\/Bebniarskie.png","contentUrl":"https:\/\/mistrzowieimprez.pl\/wp-content\/uploads\/2024\/09\/Bebniarskie.png","width":1000,"height":1000,"caption":"Zdj\u0119cie przedstawia grup\u0119 ludzi siedz\u0105cych w kr\u0119gu i uczestnicz\u0105cych w warsztatach b\u0119bniarskich w sali wy\u0142o\u017conej drewnem."},{"@type":"BreadcrumbList","@id":"https:\/\/mistrzowieimprez.pl\/produkt\/bebniarskie\/#breadcrumb","itemListElement":[{"@type":"ListItem","position":1,"name":"Strona g\u0142\u00f3wna","item":"https:\/\/mistrzowieimprez.pl\/"},{"@type":"ListItem","position":2,"name":"sklep","item":"https:\/\/mistrzowieimprez.pl\/sklep\/"},{"@type":"ListItem","position":3,"name":"Warsztaty b\u0119bniarskie"}]},{"@type":"WebSite","@id":"https:\/\/mistrzowieimprez.pl\/#website","url":"https:\/\/mistrzowieimprez.pl\/","name":"Mistrzowie Imprez","description":"Kompleksowa organizacja imprez","publisher":{"@id":"https:\/\/mistrzowieimprez.pl\/#organization"},"potentialAction":[{"@type":"SearchAction","target":{"@type":"EntryPoint","urlTemplate":"https:\/\/mistrzowieimprez.pl\/?s={search_term_string}"},"query-input":{"@type":"PropertyValueSpecification","valueRequired":true,"valueName":"search_term_string"}}],"inLanguage":"en-GB"},{"@type":"Organization","@id":"https:\/\/mistrzowieimprez.pl\/#organization","name":"Mistrzowie Imprez","url":"https:\/\/mistrzowieimprez.pl\/","logo":{"@type":"ImageObject","inLanguage":"en-GB","@id":"https:\/\/mistrzowieimprez.pl\/#\/schema\/logo\/image\/","url":"https:\/\/mistrzowieimprez.pl\/wp-content\/uploads\/2024\/08\/mistrzowie_imprez_logo_ciemne-tlo@4x.png","contentUrl":"https:\/\/mistrzowieimprez.pl\/wp-content\/uploads\/2024\/08\/mistrzowie_imprez_logo_ciemne-tlo@4x.png","width":1318,"height":351,"caption":"Mistrzowie Imprez"},"image":{"@id":"https:\/\/mistrzowieimprez.pl\/#\/schema\/logo\/image\/"},"sameAs":["https:\/\/www.facebook.com\/mistrzowieimprez","https:\/\/www.instagram.com\/mistrzowieimprez\/","https:\/\/www.youtube.com\/@ytmistrzowieimprez"]}]}},"_links":{"self":[{"href":"https:\/\/mistrzowieimprez.pl\/en\/wp-json\/wp\/v2\/product\/828","targetHints":{"allow":["GET"]}}],"collection":[{"href":"https:\/\/mistrzowieimprez.pl\/en\/wp-json\/wp\/v2\/product"}],"about":[{"href":"https:\/\/mistrzowieimprez.pl\/en\/wp-json\/wp\/v2\/types\/product"}],"replies":[{"embeddable":true,"href":"https:\/\/mistrzowieimprez.pl\/en\/wp-json\/wp\/v2\/comments?post=828"}],"version-history":[{"count":2,"href":"https:\/\/mistrzowieimprez.pl\/en\/wp-json\/wp\/v2\/product\/828\/revisions"}],"predecessor-version":[{"id":2241,"href":"https:\/\/mistrzowieimprez.pl\/en\/wp-json\/wp\/v2\/product\/828\/revisions\/2241"}],"wp:featuredmedia":[{"embeddable":true,"href":"https:\/\/mistrzowieimprez.pl\/en\/wp-json\/wp\/v2\/media\/1171"}],"wp:attachment":[{"href":"https:\/\/mistrzowieimprez.pl\/en\/wp-json\/wp\/v2\/media?parent=828"}],"wp:term":[{"taxonomy":"product_brand","embeddable":true,"href":"https:\/\/mistrzowieimprez.pl\/en\/wp-json\/wp\/v2\/product_brand?post=828"},{"taxonomy":"product_cat","embeddable":true,"href":"https:\/\/mistrzowieimprez.pl\/en\/wp-json\/wp\/v2\/product_cat?post=828"},{"taxonomy":"product_tag","embeddable":true,"href":"https:\/\/mistrzowieimprez.pl\/en\/wp-json\/wp\/v2\/product_tag?post=828"}],"curies":[{"name":"wp","href":"https:\/\/api.w.org\/{rel}","templated":true}]}}