{"id":822,"date":"2024-09-01T09:08:05","date_gmt":"2024-09-01T09:08:05","guid":{"rendered":"https:\/\/mistrzowieimprez.pl\/produkt\/jeden-z-n-dziesieciu\/"},"modified":"2026-03-18T09:37:59","modified_gmt":"2026-03-18T09:37:59","slug":"jeden-z-n-dziesieciu","status":"publish","type":"product","link":"https:\/\/mistrzowieimprez.pl\/en\/product\/jeden-z-n-dziesieciu\/","title":{"rendered":"Jeden z N-dziesi\u0119ciu"},"content":{"rendered":"<h4>Opis scenariusza:<\/h4>\n<p><strong>Przed Wami niepowtarzalna szansa<\/strong> wzi\u0119cia udzia\u0142u w naszym autorskim wydaniu jednego z najpopularniejszych polskich teleturniej\u00f3w! Ta ekscytuj\u0105ca gra to idealna okazja do integracji zespo\u0142owej, rywalizacji oraz sprawdzenia swojej wiedzy w przyjaznej atmosferze. W zabawie mog\u0105 uczestniczy\u0107 od 10 do nawet 100 zawodnik\u00f3w, kt\u00f3rzy b\u0119d\u0105 podzieleni na 10 grup. Losowe przydzielanie stanowisk od 1 do 10 dodaje element niespodzianki i emocji.<\/p>\n<p>Ka\u017cda dru\u017cyna rozpoczyna gr\u0119 z trzema \u201eszansami\u201d, co umo\u017cliwia dynamiczn\u0105 rywalizacj\u0119. Prowadz\u0105cy zadaje pytania z wiedzy og\u00f3lnej, ale istnieje r\u00f3wnie\u017c mo\u017cliwo\u015b\u0107 w\u0142\u0105czenia pyta\u0144 dotycz\u0105cych firmy lub wsp\u00f3\u0142pracownik\u00f3w, co czyni gr\u0119 jeszcze bardziej anga\u017cuj\u0105c\u0105 i dostosowan\u0105 do grupy. Czas na odpowiedzi wynosi od 10 do 20 sekund, a b\u0142\u0119dna odpowied\u017a lub brak odpowiedzi prowadzi do utraty jednej \u201eszansy\u201d.<\/p>\n<p>Program sk\u0142ada si\u0119 z trzech etap\u00f3w-rund, a po ich zako\u0144czeniu wygrywa dru\u017cyna z najwi\u0119ksz\u0105 liczb\u0105 punkt\u00f3w. <strong>Nasz teleturniej<\/strong> to doskona\u0142a propozycja na r\u00f3\u017cnego rodzaju firmowe spotkania integracyjne. Zorganizuj to niezapomniane do\u015bwiadczenie, kt\u00f3re dostarczy wielu emocji i dobrej zabawy wszystkim uczestnikom!<\/p>","protected":false},"excerpt":{"rendered":"<p><strong>Do\u0142\u0105cz do naszej unikalnej wersji popularnego teleturnieju!<\/strong> Uczestnicy, w liczbie od 10 do 100 os\u00f3b, zostan\u0105 podzieleni na 10 grup, kt\u00f3re rywalizuj\u0105 w pytaniach z wiedzy og\u00f3lnej lub zwi\u0105zanych z firm\u0105. Ka\u017cda dru\u017cyna zaczyna z trzema &#8222;szansami&#8221; i ma od 10 do 20 sekund na odpowied\u017a. Program sk\u0142ada si\u0119 z trzech rund, a zwyci\u0119\u017ca dru\u017cyna z najwi\u0119ksz\u0105 liczb\u0105 punkt\u00f3w. Zapisz si\u0119 ju\u017c dzi\u015b i sprawd\u017a, kt\u00f3ra dru\u017cyna zdob\u0119dzie tytu\u0142 mistrza!<\/p>","protected":false},"featured_media":1208,"comment_status":"closed","ping_status":"closed","template":"","meta":{"_acf_changed":false},"product_brand":[],"product_cat":[96,94],"product_tag":[],"class_list":{"0":"post-822","1":"product","2":"type-product","3":"status-publish","4":"has-post-thumbnail","6":"product_cat-indoor-team-building","7":"product_cat-team-building","9":"first","10":"instock","11":"shipping-taxable","12":"purchasable","13":"product-type-simple"},"acf":[],"yoast_head":"<!-- This site is optimized with the Yoast SEO plugin v27.2 - https:\/\/yoast.com\/product\/yoast-seo-wordpress\/ -->\n<title>Teleturniej na event firmowy \u2013 autorska gra Jeden z Dziesi\u0119ciu<\/title>\n<meta name=\"robots\" content=\"index, follow, max-snippet:-1, max-image-preview:large, max-video-preview:-1\" \/>\n<link rel=\"canonical\" href=\"https:\/\/mistrzowieimprez.pl\/en\/product\/jeden-z-n-dziesieciu\/\" \/>\n<meta property=\"og:locale\" content=\"en_GB\" \/>\n<meta property=\"og:type\" content=\"article\" \/>\n<meta property=\"og:title\" content=\"Teleturniej na event firmowy \u2013 autorska gra Jeden z Dziesi\u0119ciu\" \/>\n<meta property=\"og:description\" content=\"Do\u0142\u0105cz do naszej unikalnej wersji popularnego teleturnieju! Uczestnicy, w liczbie od 10 do 100 os\u00f3b, zostan\u0105 podzieleni na 10 grup, kt\u00f3re rywalizuj\u0105 w pytaniach z wiedzy og\u00f3lnej lub zwi\u0105zanych z firm\u0105. Ka\u017cda dru\u017cyna zaczyna z trzema &quot;szansami&quot; i ma od 10 do 20 sekund na odpowied\u017a. Program sk\u0142ada si\u0119 z trzech rund, a zwyci\u0119\u017ca dru\u017cyna z najwi\u0119ksz\u0105 liczb\u0105 punkt\u00f3w. Zapisz si\u0119 ju\u017c dzi\u015b i sprawd\u017a, kt\u00f3ra dru\u017cyna zdob\u0119dzie tytu\u0142 mistrza!\" \/>\n<meta property=\"og:url\" content=\"https:\/\/mistrzowieimprez.pl\/en\/product\/jeden-z-n-dziesieciu\/\" \/>\n<meta property=\"og:site_name\" content=\"Mistrzowie Imprez\" \/>\n<meta property=\"article:publisher\" content=\"https:\/\/www.facebook.com\/mistrzowieimprez\" \/>\n<meta property=\"article:modified_time\" content=\"2026-03-18T09:37:59+00:00\" \/>\n<meta property=\"og:image\" content=\"https:\/\/mistrzowieimprez.pl\/wp-content\/uploads\/2024\/09\/Jeden-z-N-dziesieciu.png\" \/>\n\t<meta property=\"og:image:width\" content=\"800\" \/>\n\t<meta property=\"og:image:height\" content=\"800\" \/>\n\t<meta property=\"og:image:type\" content=\"image\/png\" \/>\n<meta name=\"twitter:card\" content=\"summary_large_image\" \/>\n<meta name=\"twitter:label1\" content=\"Estimated reading time\" \/>\n\t<meta name=\"twitter:data1\" content=\"2 minutes\" \/>\n<script type=\"application\/ld+json\" class=\"yoast-schema-graph\">{\"@context\":\"https:\/\/schema.org\",\"@graph\":[{\"@type\":\"WebPage\",\"@id\":\"https:\/\/mistrzowieimprez.pl\/produkt\/jeden-z-n-dziesieciu\/\",\"url\":\"https:\/\/mistrzowieimprez.pl\/produkt\/jeden-z-n-dziesieciu\/\",\"name\":\"Teleturniej na event firmowy \u2013 autorska gra Jeden z Dziesi\u0119ciu\",\"isPartOf\":{\"@id\":\"https:\/\/mistrzowieimprez.pl\/#website\"},\"primaryImageOfPage\":{\"@id\":\"https:\/\/mistrzowieimprez.pl\/produkt\/jeden-z-n-dziesieciu\/#primaryimage\"},\"image\":{\"@id\":\"https:\/\/mistrzowieimprez.pl\/produkt\/jeden-z-n-dziesieciu\/#primaryimage\"},\"thumbnailUrl\":\"https:\/\/mistrzowieimprez.pl\/wp-content\/uploads\/2024\/09\/Jeden-z-N-dziesieciu.png\",\"datePublished\":\"2024-09-01T09:08:05+00:00\",\"dateModified\":\"2026-03-18T09:37:59+00:00\",\"breadcrumb\":{\"@id\":\"https:\/\/mistrzowieimprez.pl\/produkt\/jeden-z-n-dziesieciu\/#breadcrumb\"},\"inLanguage\":\"en-GB\",\"potentialAction\":[{\"@type\":\"ReadAction\",\"target\":[\"https:\/\/mistrzowieimprez.pl\/produkt\/jeden-z-n-dziesieciu\/\"]}]},{\"@type\":\"ImageObject\",\"inLanguage\":\"en-GB\",\"@id\":\"https:\/\/mistrzowieimprez.pl\/produkt\/jeden-z-n-dziesieciu\/#primaryimage\",\"url\":\"https:\/\/mistrzowieimprez.pl\/wp-content\/uploads\/2024\/09\/Jeden-z-N-dziesieciu.png\",\"contentUrl\":\"https:\/\/mistrzowieimprez.pl\/wp-content\/uploads\/2024\/09\/Jeden-z-N-dziesieciu.png\",\"width\":1000,\"height\":1000,\"caption\":\"Cztery osoby stoj\u0105ce przy bia\u0142ych stolikach z przyciskami i mikrofonami, prawdopodobnie podczas gry zespo\u0142owej lub quizu na scenie o\u015bwietlonej niebieskim \u015bwiat\u0142em.\"},{\"@type\":\"BreadcrumbList\",\"@id\":\"https:\/\/mistrzowieimprez.pl\/produkt\/jeden-z-n-dziesieciu\/#breadcrumb\",\"itemListElement\":[{\"@type\":\"ListItem\",\"position\":1,\"name\":\"Strona g\u0142\u00f3wna\",\"item\":\"https:\/\/mistrzowieimprez.pl\/\"},{\"@type\":\"ListItem\",\"position\":2,\"name\":\"sklep\",\"item\":\"https:\/\/mistrzowieimprez.pl\/sklep\/\"},{\"@type\":\"ListItem\",\"position\":3,\"name\":\"Jeden z N-dziesi\u0119ciu\"}]},{\"@type\":\"WebSite\",\"@id\":\"https:\/\/mistrzowieimprez.pl\/#website\",\"url\":\"https:\/\/mistrzowieimprez.pl\/\",\"name\":\"Mistrzowie Imprez\",\"description\":\"Kompleksowa organizacja imprez\",\"publisher\":{\"@id\":\"https:\/\/mistrzowieimprez.pl\/#organization\"},\"potentialAction\":[{\"@type\":\"SearchAction\",\"target\":{\"@type\":\"EntryPoint\",\"urlTemplate\":\"https:\/\/mistrzowieimprez.pl\/?s={search_term_string}\"},\"query-input\":{\"@type\":\"PropertyValueSpecification\",\"valueRequired\":true,\"valueName\":\"search_term_string\"}}],\"inLanguage\":\"en-GB\"},{\"@type\":\"Organization\",\"@id\":\"https:\/\/mistrzowieimprez.pl\/#organization\",\"name\":\"Mistrzowie Imprez\",\"url\":\"https:\/\/mistrzowieimprez.pl\/\",\"logo\":{\"@type\":\"ImageObject\",\"inLanguage\":\"en-GB\",\"@id\":\"https:\/\/mistrzowieimprez.pl\/#\/schema\/logo\/image\/\",\"url\":\"https:\/\/mistrzowieimprez.pl\/wp-content\/uploads\/2024\/08\/mistrzowie_imprez_logo_ciemne-tlo@4x.png\",\"contentUrl\":\"https:\/\/mistrzowieimprez.pl\/wp-content\/uploads\/2024\/08\/mistrzowie_imprez_logo_ciemne-tlo@4x.png\",\"width\":1318,\"height\":351,\"caption\":\"Mistrzowie Imprez\"},\"image\":{\"@id\":\"https:\/\/mistrzowieimprez.pl\/#\/schema\/logo\/image\/\"},\"sameAs\":[\"https:\/\/www.facebook.com\/mistrzowieimprez\",\"https:\/\/www.instagram.com\/mistrzowieimprez\/\",\"https:\/\/www.youtube.com\/@ytmistrzowieimprez\"]}]}<\/script>\n<!-- \/ Yoast SEO plugin. -->","yoast_head_json":{"title":"Teleturniej na event firmowy \u2013 autorska gra Jeden z Dziesi\u0119ciu","robots":{"index":"index","follow":"follow","max-snippet":"max-snippet:-1","max-image-preview":"max-image-preview:large","max-video-preview":"max-video-preview:-1"},"canonical":"https:\/\/mistrzowieimprez.pl\/en\/product\/jeden-z-n-dziesieciu\/","og_locale":"en_GB","og_type":"article","og_title":"Teleturniej na event firmowy \u2013 autorska gra Jeden z Dziesi\u0119ciu","og_description":"Do\u0142\u0105cz do naszej unikalnej wersji popularnego teleturnieju! Uczestnicy, w liczbie od 10 do 100 os\u00f3b, zostan\u0105 podzieleni na 10 grup, kt\u00f3re rywalizuj\u0105 w pytaniach z wiedzy og\u00f3lnej lub zwi\u0105zanych z firm\u0105. Ka\u017cda dru\u017cyna zaczyna z trzema \"szansami\" i ma od 10 do 20 sekund na odpowied\u017a. Program sk\u0142ada si\u0119 z trzech rund, a zwyci\u0119\u017ca dru\u017cyna z najwi\u0119ksz\u0105 liczb\u0105 punkt\u00f3w. Zapisz si\u0119 ju\u017c dzi\u015b i sprawd\u017a, kt\u00f3ra dru\u017cyna zdob\u0119dzie tytu\u0142 mistrza!","og_url":"https:\/\/mistrzowieimprez.pl\/en\/product\/jeden-z-n-dziesieciu\/","og_site_name":"Mistrzowie Imprez","article_publisher":"https:\/\/www.facebook.com\/mistrzowieimprez","article_modified_time":"2026-03-18T09:37:59+00:00","og_image":[{"url":"https:\/\/mistrzowieimprez.pl\/wp-content\/uploads\/2024\/09\/Jeden-z-N-dziesieciu.png","width":800,"height":800,"type":"image\/png"}],"twitter_card":"summary_large_image","twitter_misc":{"Estimated reading time":"2 minutes"},"schema":{"@context":"https:\/\/schema.org","@graph":[{"@type":"WebPage","@id":"https:\/\/mistrzowieimprez.pl\/produkt\/jeden-z-n-dziesieciu\/","url":"https:\/\/mistrzowieimprez.pl\/produkt\/jeden-z-n-dziesieciu\/","name":"Teleturniej na event firmowy \u2013 autorska gra Jeden z Dziesi\u0119ciu","isPartOf":{"@id":"https:\/\/mistrzowieimprez.pl\/#website"},"primaryImageOfPage":{"@id":"https:\/\/mistrzowieimprez.pl\/produkt\/jeden-z-n-dziesieciu\/#primaryimage"},"image":{"@id":"https:\/\/mistrzowieimprez.pl\/produkt\/jeden-z-n-dziesieciu\/#primaryimage"},"thumbnailUrl":"https:\/\/mistrzowieimprez.pl\/wp-content\/uploads\/2024\/09\/Jeden-z-N-dziesieciu.png","datePublished":"2024-09-01T09:08:05+00:00","dateModified":"2026-03-18T09:37:59+00:00","breadcrumb":{"@id":"https:\/\/mistrzowieimprez.pl\/produkt\/jeden-z-n-dziesieciu\/#breadcrumb"},"inLanguage":"en-GB","potentialAction":[{"@type":"ReadAction","target":["https:\/\/mistrzowieimprez.pl\/produkt\/jeden-z-n-dziesieciu\/"]}]},{"@type":"ImageObject","inLanguage":"en-GB","@id":"https:\/\/mistrzowieimprez.pl\/produkt\/jeden-z-n-dziesieciu\/#primaryimage","url":"https:\/\/mistrzowieimprez.pl\/wp-content\/uploads\/2024\/09\/Jeden-z-N-dziesieciu.png","contentUrl":"https:\/\/mistrzowieimprez.pl\/wp-content\/uploads\/2024\/09\/Jeden-z-N-dziesieciu.png","width":1000,"height":1000,"caption":"Cztery osoby stoj\u0105ce przy bia\u0142ych stolikach z przyciskami i mikrofonami, prawdopodobnie podczas gry zespo\u0142owej lub quizu na scenie o\u015bwietlonej niebieskim \u015bwiat\u0142em."},{"@type":"BreadcrumbList","@id":"https:\/\/mistrzowieimprez.pl\/produkt\/jeden-z-n-dziesieciu\/#breadcrumb","itemListElement":[{"@type":"ListItem","position":1,"name":"Strona g\u0142\u00f3wna","item":"https:\/\/mistrzowieimprez.pl\/"},{"@type":"ListItem","position":2,"name":"sklep","item":"https:\/\/mistrzowieimprez.pl\/sklep\/"},{"@type":"ListItem","position":3,"name":"Jeden z N-dziesi\u0119ciu"}]},{"@type":"WebSite","@id":"https:\/\/mistrzowieimprez.pl\/#website","url":"https:\/\/mistrzowieimprez.pl\/","name":"Mistrzowie Imprez","description":"Kompleksowa organizacja imprez","publisher":{"@id":"https:\/\/mistrzowieimprez.pl\/#organization"},"potentialAction":[{"@type":"SearchAction","target":{"@type":"EntryPoint","urlTemplate":"https:\/\/mistrzowieimprez.pl\/?s={search_term_string}"},"query-input":{"@type":"PropertyValueSpecification","valueRequired":true,"valueName":"search_term_string"}}],"inLanguage":"en-GB"},{"@type":"Organization","@id":"https:\/\/mistrzowieimprez.pl\/#organization","name":"Mistrzowie Imprez","url":"https:\/\/mistrzowieimprez.pl\/","logo":{"@type":"ImageObject","inLanguage":"en-GB","@id":"https:\/\/mistrzowieimprez.pl\/#\/schema\/logo\/image\/","url":"https:\/\/mistrzowieimprez.pl\/wp-content\/uploads\/2024\/08\/mistrzowie_imprez_logo_ciemne-tlo@4x.png","contentUrl":"https:\/\/mistrzowieimprez.pl\/wp-content\/uploads\/2024\/08\/mistrzowie_imprez_logo_ciemne-tlo@4x.png","width":1318,"height":351,"caption":"Mistrzowie Imprez"},"image":{"@id":"https:\/\/mistrzowieimprez.pl\/#\/schema\/logo\/image\/"},"sameAs":["https:\/\/www.facebook.com\/mistrzowieimprez","https:\/\/www.instagram.com\/mistrzowieimprez\/","https:\/\/www.youtube.com\/@ytmistrzowieimprez"]}]}},"_links":{"self":[{"href":"https:\/\/mistrzowieimprez.pl\/en\/wp-json\/wp\/v2\/product\/822","targetHints":{"allow":["GET"]}}],"collection":[{"href":"https:\/\/mistrzowieimprez.pl\/en\/wp-json\/wp\/v2\/product"}],"about":[{"href":"https:\/\/mistrzowieimprez.pl\/en\/wp-json\/wp\/v2\/types\/product"}],"replies":[{"embeddable":true,"href":"https:\/\/mistrzowieimprez.pl\/en\/wp-json\/wp\/v2\/comments?post=822"}],"version-history":[{"count":5,"href":"https:\/\/mistrzowieimprez.pl\/en\/wp-json\/wp\/v2\/product\/822\/revisions"}],"predecessor-version":[{"id":2278,"href":"https:\/\/mistrzowieimprez.pl\/en\/wp-json\/wp\/v2\/product\/822\/revisions\/2278"}],"wp:featuredmedia":[{"embeddable":true,"href":"https:\/\/mistrzowieimprez.pl\/en\/wp-json\/wp\/v2\/media\/1208"}],"wp:attachment":[{"href":"https:\/\/mistrzowieimprez.pl\/en\/wp-json\/wp\/v2\/media?parent=822"}],"wp:term":[{"taxonomy":"product_brand","embeddable":true,"href":"https:\/\/mistrzowieimprez.pl\/en\/wp-json\/wp\/v2\/product_brand?post=822"},{"taxonomy":"product_cat","embeddable":true,"href":"https:\/\/mistrzowieimprez.pl\/en\/wp-json\/wp\/v2\/product_cat?post=822"},{"taxonomy":"product_tag","embeddable":true,"href":"https:\/\/mistrzowieimprez.pl\/en\/wp-json\/wp\/v2\/product_tag?post=822"}],"curies":[{"name":"wp","href":"https:\/\/api.w.org\/{rel}","templated":true}]}}