{"id":820,"date":"2024-09-01T09:08:04","date_gmt":"2024-09-01T09:08:04","guid":{"rendered":"https:\/\/mistrzowieimprez.pl\/produkt\/indoor-games\/"},"modified":"2026-03-18T09:36:49","modified_gmt":"2026-03-18T09:36:49","slug":"indoor-games","status":"publish","type":"product","link":"https:\/\/mistrzowieimprez.pl\/en\/product\/indoor-games\/","title":{"rendered":"Indoor Games"},"content":{"rendered":"<h4>Opis scenariusza:<\/h4>\n<p><strong>Z\u0142a pogoda nie musi oznacza\u0107 rezygnacji z zabawy!<\/strong> Nasza oferta skierowana jest do os\u00f3b, kt\u00f3re chc\u0105 zorganizowa\u0107 emocjonuj\u0105c\u0105 imprez\u0119 w warunkach hotelowych, niezale\u017cnie od liczby uczestnik\u00f3w. Przygotowali\u015bmy specjalny zestaw atrakcji, kt\u00f3re zagwarantuj\u0105 \u015bwietn\u0105 zabaw\u0119, integracj\u0119 i wsp\u00f3\u0142prac\u0119.<\/p>\n<p>Podczas zabawy uczestnicy zostan\u0105 podzieleni na mniejsze zespo\u0142y, co sprzyja budowaniu wi\u0119zi i poprawie komunikacji w grupie. Nasza gra zosta\u0142a starannie zaplanowana, aby opiera\u0107 si\u0119 na wsp\u00f3\u0142pracy, kreatywno\u015bci i odpowiedniej strategii, a tak\u017ce logicznym my\u015bleniu. W programie znajd\u0105 si\u0119 r\u00f3\u017cnorodne zadania sprawno\u015bciowe oraz kreatywne, kt\u00f3re zachwyc\u0105 ka\u017cdego uczestnika. Nie zabraknie r\u00f3wnie\u017c tzw. ice-breaker\u00f3w, kt\u00f3re doskonale prze\u0142ami\u0105 pierwsze lody i wprowadz\u0105 wszystkich w pozytywn\u0105 atmosfer\u0119.<\/p>\n<p>Nasze atrakcje maj\u0105 na celu nie tylko dostarczenie emocji, ale r\u00f3wnie\u017c wzmacnianie relacji w zespole. Dodatkowo, na ko\u0144cu zabawy przewidujemy nagrody dla najlepszej dru\u017cyny, co doda zdrowej rywalizacji i motywacji do dzia\u0142ania.<\/p>\n<p>Zorganizujcie niezapomnian\u0105 imprez\u0119 bez wzgl\u0119du na pogod\u0119 i stw\u00f3rzcie wspomnienia, kt\u00f3re zostan\u0105 z Wami na zawsze!<\/p>","protected":false},"excerpt":{"rendered":"<p>Nie pozw\u00f3lcie, aby z\u0142a pogoda zepsu\u0142a Twoj\u0105 imprez\u0119! Oferujemy wyj\u0105tkowy zestaw atrakcji, kt\u00f3re mo\u017cna zorganizowa\u0107 w hotelu, niezale\u017cnie od liczby uczestnik\u00f3w. W programie czekaj\u0105 na Was zadania logiczne, sprawno\u015bciowe, kreatywne oraz ice-breakery, kt\u00f3re sprzyjaj\u0105 budowaniu wi\u0119zi w zespo\u0142ach. Emocjonuj\u0105ca rywalizacja, wsp\u00f3\u0142praca i nagrody dla najlepszej dru\u017cyny zapewni\u0105 niezapomniane chwile!<\/p>","protected":false},"featured_media":1205,"comment_status":"closed","ping_status":"closed","template":"","meta":{"_acf_changed":false},"product_brand":[],"product_cat":[96,94],"product_tag":[],"class_list":{"0":"post-820","1":"product","2":"type-product","3":"status-publish","4":"has-post-thumbnail","6":"product_cat-indoor-team-building","7":"product_cat-team-building","9":"first","10":"instock","11":"shipping-taxable","12":"purchasable","13":"product-type-simple"},"acf":[],"yoast_head":"<!-- This site is optimized with the Yoast SEO plugin v27.5 - https:\/\/yoast.com\/product\/yoast-seo-wordpress\/ -->\n<title>Integracja w hotelu \u2013 gry integracyjne i team building pod dachem<\/title>\n<meta name=\"robots\" content=\"index, follow, max-snippet:-1, max-image-preview:large, max-video-preview:-1\" \/>\n<link rel=\"canonical\" href=\"https:\/\/mistrzowieimprez.pl\/en\/product\/indoor-games\/\" \/>\n<meta property=\"og:locale\" content=\"en_GB\" \/>\n<meta property=\"og:type\" content=\"article\" \/>\n<meta property=\"og:title\" content=\"Integracja w hotelu \u2013 gry integracyjne i team building pod dachem\" \/>\n<meta property=\"og:description\" content=\"Nie pozw\u00f3lcie, aby z\u0142a pogoda zepsu\u0142a Twoj\u0105 imprez\u0119! Oferujemy wyj\u0105tkowy zestaw atrakcji, kt\u00f3re mo\u017cna zorganizowa\u0107 w hotelu, niezale\u017cnie od liczby uczestnik\u00f3w. W programie czekaj\u0105 na Was zadania logiczne, sprawno\u015bciowe, kreatywne oraz ice-breakery, kt\u00f3re sprzyjaj\u0105 budowaniu wi\u0119zi w zespo\u0142ach. Emocjonuj\u0105ca rywalizacja, wsp\u00f3\u0142praca i nagrody dla najlepszej dru\u017cyny zapewni\u0105 niezapomniane chwile!\" \/>\n<meta property=\"og:url\" content=\"https:\/\/mistrzowieimprez.pl\/en\/product\/indoor-games\/\" \/>\n<meta property=\"og:site_name\" content=\"Mistrzowie Imprez\" \/>\n<meta property=\"article:publisher\" content=\"https:\/\/www.facebook.com\/mistrzowieimprez\" \/>\n<meta property=\"article:modified_time\" content=\"2026-03-18T09:36:49+00:00\" \/>\n<meta property=\"og:image\" content=\"https:\/\/mistrzowieimprez.pl\/wp-content\/uploads\/2024\/09\/Indoor-Games-e1727253521679.png\" \/>\n\t<meta property=\"og:image:width\" content=\"1000\" \/>\n\t<meta property=\"og:image:height\" content=\"963\" \/>\n\t<meta property=\"og:image:type\" content=\"image\/png\" \/>\n<meta name=\"twitter:card\" content=\"summary_large_image\" \/>\n<meta name=\"twitter:label1\" content=\"Estimated reading time\" \/>\n\t<meta name=\"twitter:data1\" content=\"2 minutes\" \/>\n<script type=\"application\/ld+json\" class=\"yoast-schema-graph\">{\"@context\":\"https:\\\/\\\/schema.org\",\"@graph\":[{\"@type\":\"WebPage\",\"@id\":\"https:\\\/\\\/mistrzowieimprez.pl\\\/produkt\\\/indoor-games\\\/\",\"url\":\"https:\\\/\\\/mistrzowieimprez.pl\\\/produkt\\\/indoor-games\\\/\",\"name\":\"Integracja w hotelu \u2013 gry integracyjne i team building pod dachem\",\"isPartOf\":{\"@id\":\"https:\\\/\\\/mistrzowieimprez.pl\\\/#website\"},\"primaryImageOfPage\":{\"@id\":\"https:\\\/\\\/mistrzowieimprez.pl\\\/produkt\\\/indoor-games\\\/#primaryimage\"},\"image\":{\"@id\":\"https:\\\/\\\/mistrzowieimprez.pl\\\/produkt\\\/indoor-games\\\/#primaryimage\"},\"thumbnailUrl\":\"https:\\\/\\\/mistrzowieimprez.pl\\\/wp-content\\\/uploads\\\/2024\\\/09\\\/Indoor-Games-e1727253521679.png\",\"datePublished\":\"2024-09-01T09:08:04+00:00\",\"dateModified\":\"2026-03-18T09:36:49+00:00\",\"breadcrumb\":{\"@id\":\"https:\\\/\\\/mistrzowieimprez.pl\\\/produkt\\\/indoor-games\\\/#breadcrumb\"},\"inLanguage\":\"en-GB\",\"potentialAction\":[{\"@type\":\"ReadAction\",\"target\":[\"https:\\\/\\\/mistrzowieimprez.pl\\\/produkt\\\/indoor-games\\\/\"]}]},{\"@type\":\"ImageObject\",\"inLanguage\":\"en-GB\",\"@id\":\"https:\\\/\\\/mistrzowieimprez.pl\\\/produkt\\\/indoor-games\\\/#primaryimage\",\"url\":\"https:\\\/\\\/mistrzowieimprez.pl\\\/wp-content\\\/uploads\\\/2024\\\/09\\\/Indoor-Games-e1727253521679.png\",\"contentUrl\":\"https:\\\/\\\/mistrzowieimprez.pl\\\/wp-content\\\/uploads\\\/2024\\\/09\\\/Indoor-Games-e1727253521679.png\",\"width\":1000,\"height\":963,\"caption\":\"Ludzie z przepaskami na oczach uczestnicz\u0105 w grze zespo\u0142owej z labiryntem z drewna, trzymaj\u0105c linki.\"},{\"@type\":\"BreadcrumbList\",\"@id\":\"https:\\\/\\\/mistrzowieimprez.pl\\\/produkt\\\/indoor-games\\\/#breadcrumb\",\"itemListElement\":[{\"@type\":\"ListItem\",\"position\":1,\"name\":\"Strona g\u0142\u00f3wna\",\"item\":\"https:\\\/\\\/mistrzowieimprez.pl\\\/\"},{\"@type\":\"ListItem\",\"position\":2,\"name\":\"sklep\",\"item\":\"https:\\\/\\\/mistrzowieimprez.pl\\\/sklep\\\/\"},{\"@type\":\"ListItem\",\"position\":3,\"name\":\"Indoor Games\"}]},{\"@type\":\"WebSite\",\"@id\":\"https:\\\/\\\/mistrzowieimprez.pl\\\/#website\",\"url\":\"https:\\\/\\\/mistrzowieimprez.pl\\\/\",\"name\":\"Mistrzowie Imprez\",\"description\":\"Kompleksowa organizacja imprez\",\"publisher\":{\"@id\":\"https:\\\/\\\/mistrzowieimprez.pl\\\/#organization\"},\"potentialAction\":[{\"@type\":\"SearchAction\",\"target\":{\"@type\":\"EntryPoint\",\"urlTemplate\":\"https:\\\/\\\/mistrzowieimprez.pl\\\/?s={search_term_string}\"},\"query-input\":{\"@type\":\"PropertyValueSpecification\",\"valueRequired\":true,\"valueName\":\"search_term_string\"}}],\"inLanguage\":\"en-GB\"},{\"@type\":\"Organization\",\"@id\":\"https:\\\/\\\/mistrzowieimprez.pl\\\/#organization\",\"name\":\"Mistrzowie Imprez\",\"url\":\"https:\\\/\\\/mistrzowieimprez.pl\\\/\",\"logo\":{\"@type\":\"ImageObject\",\"inLanguage\":\"en-GB\",\"@id\":\"https:\\\/\\\/mistrzowieimprez.pl\\\/#\\\/schema\\\/logo\\\/image\\\/\",\"url\":\"https:\\\/\\\/mistrzowieimprez.pl\\\/wp-content\\\/uploads\\\/2024\\\/08\\\/mistrzowie_imprez_logo_ciemne-tlo@4x.png\",\"contentUrl\":\"https:\\\/\\\/mistrzowieimprez.pl\\\/wp-content\\\/uploads\\\/2024\\\/08\\\/mistrzowie_imprez_logo_ciemne-tlo@4x.png\",\"width\":1318,\"height\":351,\"caption\":\"Mistrzowie Imprez\"},\"image\":{\"@id\":\"https:\\\/\\\/mistrzowieimprez.pl\\\/#\\\/schema\\\/logo\\\/image\\\/\"},\"sameAs\":[\"https:\\\/\\\/www.facebook.com\\\/mistrzowieimprez\",\"https:\\\/\\\/www.instagram.com\\\/mistrzowieimprez\\\/\",\"https:\\\/\\\/www.youtube.com\\\/@ytmistrzowieimprez\"]}]}<\/script>\n<!-- \/ Yoast SEO plugin. -->","yoast_head_json":{"title":"Integracja w hotelu \u2013 gry integracyjne i team building pod dachem","robots":{"index":"index","follow":"follow","max-snippet":"max-snippet:-1","max-image-preview":"max-image-preview:large","max-video-preview":"max-video-preview:-1"},"canonical":"https:\/\/mistrzowieimprez.pl\/en\/product\/indoor-games\/","og_locale":"en_GB","og_type":"article","og_title":"Integracja w hotelu \u2013 gry integracyjne i team building pod dachem","og_description":"Nie pozw\u00f3lcie, aby z\u0142a pogoda zepsu\u0142a Twoj\u0105 imprez\u0119! Oferujemy wyj\u0105tkowy zestaw atrakcji, kt\u00f3re mo\u017cna zorganizowa\u0107 w hotelu, niezale\u017cnie od liczby uczestnik\u00f3w. W programie czekaj\u0105 na Was zadania logiczne, sprawno\u015bciowe, kreatywne oraz ice-breakery, kt\u00f3re sprzyjaj\u0105 budowaniu wi\u0119zi w zespo\u0142ach. Emocjonuj\u0105ca rywalizacja, wsp\u00f3\u0142praca i nagrody dla najlepszej dru\u017cyny zapewni\u0105 niezapomniane chwile!","og_url":"https:\/\/mistrzowieimprez.pl\/en\/product\/indoor-games\/","og_site_name":"Mistrzowie Imprez","article_publisher":"https:\/\/www.facebook.com\/mistrzowieimprez","article_modified_time":"2026-03-18T09:36:49+00:00","og_image":[{"width":1000,"height":963,"url":"https:\/\/mistrzowieimprez.pl\/wp-content\/uploads\/2024\/09\/Indoor-Games-e1727253521679.png","type":"image\/png"}],"twitter_card":"summary_large_image","twitter_misc":{"Estimated reading time":"2 minutes"},"schema":{"@context":"https:\/\/schema.org","@graph":[{"@type":"WebPage","@id":"https:\/\/mistrzowieimprez.pl\/produkt\/indoor-games\/","url":"https:\/\/mistrzowieimprez.pl\/produkt\/indoor-games\/","name":"Integracja w hotelu \u2013 gry integracyjne i team building pod dachem","isPartOf":{"@id":"https:\/\/mistrzowieimprez.pl\/#website"},"primaryImageOfPage":{"@id":"https:\/\/mistrzowieimprez.pl\/produkt\/indoor-games\/#primaryimage"},"image":{"@id":"https:\/\/mistrzowieimprez.pl\/produkt\/indoor-games\/#primaryimage"},"thumbnailUrl":"https:\/\/mistrzowieimprez.pl\/wp-content\/uploads\/2024\/09\/Indoor-Games-e1727253521679.png","datePublished":"2024-09-01T09:08:04+00:00","dateModified":"2026-03-18T09:36:49+00:00","breadcrumb":{"@id":"https:\/\/mistrzowieimprez.pl\/produkt\/indoor-games\/#breadcrumb"},"inLanguage":"en-GB","potentialAction":[{"@type":"ReadAction","target":["https:\/\/mistrzowieimprez.pl\/produkt\/indoor-games\/"]}]},{"@type":"ImageObject","inLanguage":"en-GB","@id":"https:\/\/mistrzowieimprez.pl\/produkt\/indoor-games\/#primaryimage","url":"https:\/\/mistrzowieimprez.pl\/wp-content\/uploads\/2024\/09\/Indoor-Games-e1727253521679.png","contentUrl":"https:\/\/mistrzowieimprez.pl\/wp-content\/uploads\/2024\/09\/Indoor-Games-e1727253521679.png","width":1000,"height":963,"caption":"Ludzie z przepaskami na oczach uczestnicz\u0105 w grze zespo\u0142owej z labiryntem z drewna, trzymaj\u0105c linki."},{"@type":"BreadcrumbList","@id":"https:\/\/mistrzowieimprez.pl\/produkt\/indoor-games\/#breadcrumb","itemListElement":[{"@type":"ListItem","position":1,"name":"Strona g\u0142\u00f3wna","item":"https:\/\/mistrzowieimprez.pl\/"},{"@type":"ListItem","position":2,"name":"sklep","item":"https:\/\/mistrzowieimprez.pl\/sklep\/"},{"@type":"ListItem","position":3,"name":"Indoor Games"}]},{"@type":"WebSite","@id":"https:\/\/mistrzowieimprez.pl\/#website","url":"https:\/\/mistrzowieimprez.pl\/","name":"Mistrzowie Imprez","description":"Kompleksowa organizacja imprez","publisher":{"@id":"https:\/\/mistrzowieimprez.pl\/#organization"},"potentialAction":[{"@type":"SearchAction","target":{"@type":"EntryPoint","urlTemplate":"https:\/\/mistrzowieimprez.pl\/?s={search_term_string}"},"query-input":{"@type":"PropertyValueSpecification","valueRequired":true,"valueName":"search_term_string"}}],"inLanguage":"en-GB"},{"@type":"Organization","@id":"https:\/\/mistrzowieimprez.pl\/#organization","name":"Mistrzowie Imprez","url":"https:\/\/mistrzowieimprez.pl\/","logo":{"@type":"ImageObject","inLanguage":"en-GB","@id":"https:\/\/mistrzowieimprez.pl\/#\/schema\/logo\/image\/","url":"https:\/\/mistrzowieimprez.pl\/wp-content\/uploads\/2024\/08\/mistrzowie_imprez_logo_ciemne-tlo@4x.png","contentUrl":"https:\/\/mistrzowieimprez.pl\/wp-content\/uploads\/2024\/08\/mistrzowie_imprez_logo_ciemne-tlo@4x.png","width":1318,"height":351,"caption":"Mistrzowie Imprez"},"image":{"@id":"https:\/\/mistrzowieimprez.pl\/#\/schema\/logo\/image\/"},"sameAs":["https:\/\/www.facebook.com\/mistrzowieimprez","https:\/\/www.instagram.com\/mistrzowieimprez\/","https:\/\/www.youtube.com\/@ytmistrzowieimprez"]}]}},"_links":{"self":[{"href":"https:\/\/mistrzowieimprez.pl\/en\/wp-json\/wp\/v2\/product\/820","targetHints":{"allow":["GET"]}}],"collection":[{"href":"https:\/\/mistrzowieimprez.pl\/en\/wp-json\/wp\/v2\/product"}],"about":[{"href":"https:\/\/mistrzowieimprez.pl\/en\/wp-json\/wp\/v2\/types\/product"}],"replies":[{"embeddable":true,"href":"https:\/\/mistrzowieimprez.pl\/en\/wp-json\/wp\/v2\/comments?post=820"}],"version-history":[{"count":5,"href":"https:\/\/mistrzowieimprez.pl\/en\/wp-json\/wp\/v2\/product\/820\/revisions"}],"predecessor-version":[{"id":2274,"href":"https:\/\/mistrzowieimprez.pl\/en\/wp-json\/wp\/v2\/product\/820\/revisions\/2274"}],"wp:featuredmedia":[{"embeddable":true,"href":"https:\/\/mistrzowieimprez.pl\/en\/wp-json\/wp\/v2\/media\/1205"}],"wp:attachment":[{"href":"https:\/\/mistrzowieimprez.pl\/en\/wp-json\/wp\/v2\/media?parent=820"}],"wp:term":[{"taxonomy":"product_brand","embeddable":true,"href":"https:\/\/mistrzowieimprez.pl\/en\/wp-json\/wp\/v2\/product_brand?post=820"},{"taxonomy":"product_cat","embeddable":true,"href":"https:\/\/mistrzowieimprez.pl\/en\/wp-json\/wp\/v2\/product_cat?post=820"},{"taxonomy":"product_tag","embeddable":true,"href":"https:\/\/mistrzowieimprez.pl\/en\/wp-json\/wp\/v2\/product_tag?post=820"}],"curies":[{"name":"wp","href":"https:\/\/api.w.org\/{rel}","templated":true}]}}