{"id":819,"date":"2024-09-01T09:08:04","date_gmt":"2024-09-01T09:08:04","guid":{"rendered":"https:\/\/mistrzowieimprez.pl\/produkt\/wyprawa-offroad\/"},"modified":"2026-03-18T09:37:13","modified_gmt":"2026-03-18T09:37:13","slug":"wyprawa-offroad","status":"publish","type":"product","link":"https:\/\/mistrzowieimprez.pl\/en\/product\/wyprawa-offroad\/","title":{"rendered":"Wyprawa Offroad"},"content":{"rendered":"<h4>Opis scenariusza:<\/h4>\n<p>Zapraszamy na ekscytuj\u0105c\u0105 <strong>wypraw\u0119 off-road<\/strong>, kt\u00f3ra zapewni Twojemu zespo\u0142owi niezapomniane prze\u017cycia i wyzwania! Oferujemy Wam mo\u017cliwo\u015b\u0107 ucieczki od rutyny biurowej, by prze\u017cy\u0107 pe\u0142n\u0105 emocji przygod\u0119 w terenie, gdzie b\u0142oto i wyboiste drogi stan\u0105 si\u0119 Waszymi towarzyszami.<\/p>\n<p>Nasza wyprawa to idealna okazja, by prze\u0142ama\u0107 granice komfortu i do\u015bwiadczy\u0107 ekscytacji za kierownic\u0105 aut terenowych. W trakcie wyprawy uczestnicy zostan\u0105 podzieleni na 3-osobowe zespo\u0142y, kt\u00f3re b\u0119d\u0105 musia\u0142y wsp\u00f3\u0142pracowa\u0107, by przetrwa\u0107 w trudnym terenie. Wsp\u00f3lna jazda wymaga wzajemnego wsparcia oraz efektywnej komunikacji, co z pewno\u015bci\u0105 wzmocni wi\u0119zi w zespole.<\/p>\n<p>Na trasie czekaj\u0105 na Was punkty kontrolne, gdzie dru\u017cyny zmierz\u0105 si\u0119 z r\u00f3\u017cnorodnymi zadaniami, kt\u00f3re przetestuj\u0105 ich zdolno\u015bci logicznego my\u015blenia i umiej\u0119tno\u015bci rozwi\u0105zywania problem\u00f3w. Ka\u017cde z wykonanych zada\u0144 przyczyni si\u0119 do osi\u0105gni\u0119cia wsp\u00f3lnego celu i zapewni dreszczyk emocji.<\/p>\n<p>Na koniec, dru\u017cyna, kt\u00f3ra najlepiej poradzi sobie z wyzwaniami, zgarnie nagrod\u0119 w postaci ogromnego szampana, co b\u0119dzie idealnym zwie\u0144czeniem Waszej przygody!<\/p>\n<p><strong>Wyprawa off-road<\/strong> to nie tylko test umiej\u0119tno\u015bci, ale tak\u017ce \u015bwietna zabawa i okazja do budowania relacji w zespole. Do\u0142\u0105cz do nas i stw\u00f3rzcie wspomnienia, kt\u00f3re zostan\u0105 z Wami na zawsze!<\/p>","protected":false},"excerpt":{"rendered":"<p>Wsp\u00f3lnie ze swoim zespo\u0142em do\u015bwiadczcie niezapomnianej przygody podczas wyprawy off-road! B\u0142oto, wyboiste drogi i wyzwania czekaj\u0105 na Tw\u00f3j zesp\u00f3\u0142. W trakcie jazdy autami terenowymi, dru\u017cyny musz\u0105 wsp\u00f3\u0142pracowa\u0107, pokonywa\u0107 trudno\u015bci i rozwi\u0105zywa\u0107 zadania na punktach kontrolnych. Na najlepsz\u0105 ekip\u0119 czeka nagroda \u2013 ogromny szampan! Prze\u0142amcie granice komfortu i stw\u00f3rzcie wspomnienia na ca\u0142e \u017cycie!<\/p>","protected":false},"featured_media":1302,"comment_status":"closed","ping_status":"closed","template":"","meta":{"_acf_changed":false},"product_brand":[],"product_cat":[95,94],"product_tag":[],"class_list":{"0":"post-819","1":"product","2":"type-product","3":"status-publish","4":"has-post-thumbnail","6":"product_cat-outdoor-team-building","7":"product_cat-team-building","9":"first","10":"instock","11":"shipping-taxable","12":"purchasable","13":"product-type-simple"},"acf":[],"yoast_head":"<!-- This site is optimized with the Yoast SEO plugin v27.2 - https:\/\/yoast.com\/product\/yoast-seo-wordpress\/ -->\n<title>Off-Road: pokonaj b\u0142oto i wyzwania! 3-osobowe sk\u0142ady<\/title>\n<meta name=\"robots\" content=\"index, follow, max-snippet:-1, max-image-preview:large, max-video-preview:-1\" \/>\n<link rel=\"canonical\" href=\"https:\/\/mistrzowieimprez.pl\/en\/product\/wyprawa-offroad\/\" \/>\n<meta property=\"og:locale\" content=\"en_GB\" \/>\n<meta property=\"og:type\" content=\"article\" \/>\n<meta property=\"og:title\" content=\"Off-Road: pokonaj b\u0142oto i wyzwania! 3-osobowe sk\u0142ady\" \/>\n<meta property=\"og:description\" content=\"Wsp\u00f3lnie ze swoim zespo\u0142em do\u015bwiadczcie niezapomnianej przygody podczas wyprawy off-road! B\u0142oto, wyboiste drogi i wyzwania czekaj\u0105 na Tw\u00f3j zesp\u00f3\u0142. W trakcie jazdy autami terenowymi, dru\u017cyny musz\u0105 wsp\u00f3\u0142pracowa\u0107, pokonywa\u0107 trudno\u015bci i rozwi\u0105zywa\u0107 zadania na punktach kontrolnych. Na najlepsz\u0105 ekip\u0119 czeka nagroda \u2013 ogromny szampan! Prze\u0142amcie granice komfortu i stw\u00f3rzcie wspomnienia na ca\u0142e \u017cycie!\" \/>\n<meta property=\"og:url\" content=\"https:\/\/mistrzowieimprez.pl\/en\/product\/wyprawa-offroad\/\" \/>\n<meta property=\"og:site_name\" content=\"Mistrzowie Imprez\" \/>\n<meta property=\"article:publisher\" content=\"https:\/\/www.facebook.com\/mistrzowieimprez\" \/>\n<meta property=\"article:modified_time\" content=\"2026-03-18T09:37:13+00:00\" \/>\n<meta property=\"og:image\" content=\"https:\/\/mistrzowieimprez.pl\/wp-content\/uploads\/2024\/09\/Wyprawa-Offroad.png\" \/>\n\t<meta property=\"og:image:width\" content=\"1000\" \/>\n\t<meta property=\"og:image:height\" content=\"1000\" \/>\n\t<meta property=\"og:image:type\" content=\"image\/png\" \/>\n<meta name=\"twitter:card\" content=\"summary_large_image\" \/>\n<meta name=\"twitter:label1\" content=\"Estimated reading time\" \/>\n\t<meta name=\"twitter:data1\" content=\"2 minutes\" \/>\n<script type=\"application\/ld+json\" class=\"yoast-schema-graph\">{\"@context\":\"https:\/\/schema.org\",\"@graph\":[{\"@type\":\"WebPage\",\"@id\":\"https:\/\/mistrzowieimprez.pl\/produkt\/wyprawa-offroad\/\",\"url\":\"https:\/\/mistrzowieimprez.pl\/produkt\/wyprawa-offroad\/\",\"name\":\"Off-Road: pokonaj b\u0142oto i wyzwania! 3-osobowe sk\u0142ady\",\"isPartOf\":{\"@id\":\"https:\/\/mistrzowieimprez.pl\/#website\"},\"primaryImageOfPage\":{\"@id\":\"https:\/\/mistrzowieimprez.pl\/produkt\/wyprawa-offroad\/#primaryimage\"},\"image\":{\"@id\":\"https:\/\/mistrzowieimprez.pl\/produkt\/wyprawa-offroad\/#primaryimage\"},\"thumbnailUrl\":\"https:\/\/mistrzowieimprez.pl\/wp-content\/uploads\/2024\/09\/Wyprawa-Offroad.png\",\"datePublished\":\"2024-09-01T09:08:04+00:00\",\"dateModified\":\"2026-03-18T09:37:13+00:00\",\"breadcrumb\":{\"@id\":\"https:\/\/mistrzowieimprez.pl\/produkt\/wyprawa-offroad\/#breadcrumb\"},\"inLanguage\":\"en-GB\",\"potentialAction\":[{\"@type\":\"ReadAction\",\"target\":[\"https:\/\/mistrzowieimprez.pl\/produkt\/wyprawa-offroad\/\"]}]},{\"@type\":\"ImageObject\",\"inLanguage\":\"en-GB\",\"@id\":\"https:\/\/mistrzowieimprez.pl\/produkt\/wyprawa-offroad\/#primaryimage\",\"url\":\"https:\/\/mistrzowieimprez.pl\/wp-content\/uploads\/2024\/09\/Wyprawa-Offroad.png\",\"contentUrl\":\"https:\/\/mistrzowieimprez.pl\/wp-content\/uploads\/2024\/09\/Wyprawa-Offroad.png\",\"width\":1000,\"height\":1000,\"caption\":\"Wyprawa offroadowa podczas zorganizowanego eventu\"},{\"@type\":\"BreadcrumbList\",\"@id\":\"https:\/\/mistrzowieimprez.pl\/produkt\/wyprawa-offroad\/#breadcrumb\",\"itemListElement\":[{\"@type\":\"ListItem\",\"position\":1,\"name\":\"Strona g\u0142\u00f3wna\",\"item\":\"https:\/\/mistrzowieimprez.pl\/\"},{\"@type\":\"ListItem\",\"position\":2,\"name\":\"sklep\",\"item\":\"https:\/\/mistrzowieimprez.pl\/sklep\/\"},{\"@type\":\"ListItem\",\"position\":3,\"name\":\"Wyprawa Offroad\"}]},{\"@type\":\"WebSite\",\"@id\":\"https:\/\/mistrzowieimprez.pl\/#website\",\"url\":\"https:\/\/mistrzowieimprez.pl\/\",\"name\":\"Mistrzowie Imprez\",\"description\":\"Kompleksowa organizacja imprez\",\"publisher\":{\"@id\":\"https:\/\/mistrzowieimprez.pl\/#organization\"},\"potentialAction\":[{\"@type\":\"SearchAction\",\"target\":{\"@type\":\"EntryPoint\",\"urlTemplate\":\"https:\/\/mistrzowieimprez.pl\/?s={search_term_string}\"},\"query-input\":{\"@type\":\"PropertyValueSpecification\",\"valueRequired\":true,\"valueName\":\"search_term_string\"}}],\"inLanguage\":\"en-GB\"},{\"@type\":\"Organization\",\"@id\":\"https:\/\/mistrzowieimprez.pl\/#organization\",\"name\":\"Mistrzowie Imprez\",\"url\":\"https:\/\/mistrzowieimprez.pl\/\",\"logo\":{\"@type\":\"ImageObject\",\"inLanguage\":\"en-GB\",\"@id\":\"https:\/\/mistrzowieimprez.pl\/#\/schema\/logo\/image\/\",\"url\":\"https:\/\/mistrzowieimprez.pl\/wp-content\/uploads\/2024\/08\/mistrzowie_imprez_logo_ciemne-tlo@4x.png\",\"contentUrl\":\"https:\/\/mistrzowieimprez.pl\/wp-content\/uploads\/2024\/08\/mistrzowie_imprez_logo_ciemne-tlo@4x.png\",\"width\":1318,\"height\":351,\"caption\":\"Mistrzowie Imprez\"},\"image\":{\"@id\":\"https:\/\/mistrzowieimprez.pl\/#\/schema\/logo\/image\/\"},\"sameAs\":[\"https:\/\/www.facebook.com\/mistrzowieimprez\",\"https:\/\/www.instagram.com\/mistrzowieimprez\/\",\"https:\/\/www.youtube.com\/@ytmistrzowieimprez\"]}]}<\/script>\n<!-- \/ Yoast SEO plugin. -->","yoast_head_json":{"title":"Off-Road: pokonaj b\u0142oto i wyzwania! 3-osobowe sk\u0142ady","robots":{"index":"index","follow":"follow","max-snippet":"max-snippet:-1","max-image-preview":"max-image-preview:large","max-video-preview":"max-video-preview:-1"},"canonical":"https:\/\/mistrzowieimprez.pl\/en\/product\/wyprawa-offroad\/","og_locale":"en_GB","og_type":"article","og_title":"Off-Road: pokonaj b\u0142oto i wyzwania! 3-osobowe sk\u0142ady","og_description":"Wsp\u00f3lnie ze swoim zespo\u0142em do\u015bwiadczcie niezapomnianej przygody podczas wyprawy off-road! B\u0142oto, wyboiste drogi i wyzwania czekaj\u0105 na Tw\u00f3j zesp\u00f3\u0142. W trakcie jazdy autami terenowymi, dru\u017cyny musz\u0105 wsp\u00f3\u0142pracowa\u0107, pokonywa\u0107 trudno\u015bci i rozwi\u0105zywa\u0107 zadania na punktach kontrolnych. Na najlepsz\u0105 ekip\u0119 czeka nagroda \u2013 ogromny szampan! Prze\u0142amcie granice komfortu i stw\u00f3rzcie wspomnienia na ca\u0142e \u017cycie!","og_url":"https:\/\/mistrzowieimprez.pl\/en\/product\/wyprawa-offroad\/","og_site_name":"Mistrzowie Imprez","article_publisher":"https:\/\/www.facebook.com\/mistrzowieimprez","article_modified_time":"2026-03-18T09:37:13+00:00","og_image":[{"width":1000,"height":1000,"url":"https:\/\/mistrzowieimprez.pl\/wp-content\/uploads\/2024\/09\/Wyprawa-Offroad.png","type":"image\/png"}],"twitter_card":"summary_large_image","twitter_misc":{"Estimated reading time":"2 minutes"},"schema":{"@context":"https:\/\/schema.org","@graph":[{"@type":"WebPage","@id":"https:\/\/mistrzowieimprez.pl\/produkt\/wyprawa-offroad\/","url":"https:\/\/mistrzowieimprez.pl\/produkt\/wyprawa-offroad\/","name":"Off-Road: pokonaj b\u0142oto i wyzwania! 3-osobowe sk\u0142ady","isPartOf":{"@id":"https:\/\/mistrzowieimprez.pl\/#website"},"primaryImageOfPage":{"@id":"https:\/\/mistrzowieimprez.pl\/produkt\/wyprawa-offroad\/#primaryimage"},"image":{"@id":"https:\/\/mistrzowieimprez.pl\/produkt\/wyprawa-offroad\/#primaryimage"},"thumbnailUrl":"https:\/\/mistrzowieimprez.pl\/wp-content\/uploads\/2024\/09\/Wyprawa-Offroad.png","datePublished":"2024-09-01T09:08:04+00:00","dateModified":"2026-03-18T09:37:13+00:00","breadcrumb":{"@id":"https:\/\/mistrzowieimprez.pl\/produkt\/wyprawa-offroad\/#breadcrumb"},"inLanguage":"en-GB","potentialAction":[{"@type":"ReadAction","target":["https:\/\/mistrzowieimprez.pl\/produkt\/wyprawa-offroad\/"]}]},{"@type":"ImageObject","inLanguage":"en-GB","@id":"https:\/\/mistrzowieimprez.pl\/produkt\/wyprawa-offroad\/#primaryimage","url":"https:\/\/mistrzowieimprez.pl\/wp-content\/uploads\/2024\/09\/Wyprawa-Offroad.png","contentUrl":"https:\/\/mistrzowieimprez.pl\/wp-content\/uploads\/2024\/09\/Wyprawa-Offroad.png","width":1000,"height":1000,"caption":"Wyprawa offroadowa podczas zorganizowanego eventu"},{"@type":"BreadcrumbList","@id":"https:\/\/mistrzowieimprez.pl\/produkt\/wyprawa-offroad\/#breadcrumb","itemListElement":[{"@type":"ListItem","position":1,"name":"Strona g\u0142\u00f3wna","item":"https:\/\/mistrzowieimprez.pl\/"},{"@type":"ListItem","position":2,"name":"sklep","item":"https:\/\/mistrzowieimprez.pl\/sklep\/"},{"@type":"ListItem","position":3,"name":"Wyprawa Offroad"}]},{"@type":"WebSite","@id":"https:\/\/mistrzowieimprez.pl\/#website","url":"https:\/\/mistrzowieimprez.pl\/","name":"Mistrzowie Imprez","description":"Kompleksowa organizacja imprez","publisher":{"@id":"https:\/\/mistrzowieimprez.pl\/#organization"},"potentialAction":[{"@type":"SearchAction","target":{"@type":"EntryPoint","urlTemplate":"https:\/\/mistrzowieimprez.pl\/?s={search_term_string}"},"query-input":{"@type":"PropertyValueSpecification","valueRequired":true,"valueName":"search_term_string"}}],"inLanguage":"en-GB"},{"@type":"Organization","@id":"https:\/\/mistrzowieimprez.pl\/#organization","name":"Mistrzowie Imprez","url":"https:\/\/mistrzowieimprez.pl\/","logo":{"@type":"ImageObject","inLanguage":"en-GB","@id":"https:\/\/mistrzowieimprez.pl\/#\/schema\/logo\/image\/","url":"https:\/\/mistrzowieimprez.pl\/wp-content\/uploads\/2024\/08\/mistrzowie_imprez_logo_ciemne-tlo@4x.png","contentUrl":"https:\/\/mistrzowieimprez.pl\/wp-content\/uploads\/2024\/08\/mistrzowie_imprez_logo_ciemne-tlo@4x.png","width":1318,"height":351,"caption":"Mistrzowie Imprez"},"image":{"@id":"https:\/\/mistrzowieimprez.pl\/#\/schema\/logo\/image\/"},"sameAs":["https:\/\/www.facebook.com\/mistrzowieimprez","https:\/\/www.instagram.com\/mistrzowieimprez\/","https:\/\/www.youtube.com\/@ytmistrzowieimprez"]}]}},"_links":{"self":[{"href":"https:\/\/mistrzowieimprez.pl\/en\/wp-json\/wp\/v2\/product\/819","targetHints":{"allow":["GET"]}}],"collection":[{"href":"https:\/\/mistrzowieimprez.pl\/en\/wp-json\/wp\/v2\/product"}],"about":[{"href":"https:\/\/mistrzowieimprez.pl\/en\/wp-json\/wp\/v2\/types\/product"}],"replies":[{"embeddable":true,"href":"https:\/\/mistrzowieimprez.pl\/en\/wp-json\/wp\/v2\/comments?post=819"}],"version-history":[{"count":5,"href":"https:\/\/mistrzowieimprez.pl\/en\/wp-json\/wp\/v2\/product\/819\/revisions"}],"predecessor-version":[{"id":2272,"href":"https:\/\/mistrzowieimprez.pl\/en\/wp-json\/wp\/v2\/product\/819\/revisions\/2272"}],"wp:featuredmedia":[{"embeddable":true,"href":"https:\/\/mistrzowieimprez.pl\/en\/wp-json\/wp\/v2\/media\/1302"}],"wp:attachment":[{"href":"https:\/\/mistrzowieimprez.pl\/en\/wp-json\/wp\/v2\/media?parent=819"}],"wp:term":[{"taxonomy":"product_brand","embeddable":true,"href":"https:\/\/mistrzowieimprez.pl\/en\/wp-json\/wp\/v2\/product_brand?post=819"},{"taxonomy":"product_cat","embeddable":true,"href":"https:\/\/mistrzowieimprez.pl\/en\/wp-json\/wp\/v2\/product_cat?post=819"},{"taxonomy":"product_tag","embeddable":true,"href":"https:\/\/mistrzowieimprez.pl\/en\/wp-json\/wp\/v2\/product_tag?post=819"}],"curies":[{"name":"wp","href":"https:\/\/api.w.org\/{rel}","templated":true}]}}