{"id":817,"date":"2024-09-01T09:08:03","date_gmt":"2024-09-01T09:08:03","guid":{"rendered":"https:\/\/mistrzowieimprez.pl\/produkt\/military-outdoor\/"},"modified":"2026-03-18T09:36:10","modified_gmt":"2026-03-18T09:36:10","slug":"military-outdoor","status":"publish","type":"product","link":"https:\/\/mistrzowieimprez.pl\/en\/product\/military-outdoor\/","title":{"rendered":"Operacja: Rekrut"},"content":{"rendered":"<h4>Opis scenariusza:<\/h4>\n<p>Oferujemy organizacj\u0119 wyj\u0105tkowej <strong>militarnej zabawy<\/strong>, kt\u00f3ra dostarcza emocji, wyzwa\u0144 oraz doskona\u0142ej okazji do integracji zespo\u0142owej. To niezapomniana przygoda, w kt\u00f3rej uczestnicy wcielaj\u0105 si\u0119 w kandydat\u00f3w na \u017co\u0142nierzy jednostek specjalnych, mierz\u0105c si\u0119 z seri\u0105 militarnych zada\u0144. W tej niezwyk\u0142ej grze zespo\u0142owej kluczow\u0105 rol\u0119 odgrywaj\u0105 wsp\u00f3\u0142praca, umiej\u0119tno\u015bci komunikacyjne oraz podejmowanie decyzji pod presj\u0105 czasu.<\/p>\n<p>W ramach tego militarnego scenariusza, uczestnicy b\u0119d\u0105 mieli okazj\u0119 za\u0142o\u017cy\u0107 <strong>wojskowe umundurowanie<\/strong>, a tak\u017ce skorzysta\u0107 z <strong>farb kamufla\u017cowych<\/strong>, kt\u00f3re dodadz\u0105 autentyczno\u015bci ca\u0142ej misji. Seria zada\u0144 obejmuje r\u00f3\u017cnorodne techniki wojskowe oraz wymagaj\u0105ce wyzwania, kt\u00f3re pozwol\u0105 uczestnikom poczu\u0107 smak ryzyka i ekscytacji.<\/p>\n<p>Zesp\u00f3\u0142, kt\u00f3ry wyka\u017ce si\u0119 najwi\u0119ksz\u0105 skuteczno\u015bci\u0105, zostanie nagrodzony nie tylko <strong>certyfikatem przyj\u0119cia do s\u0142u\u017cby<\/strong>, ale tak\u017ce skrzyni\u0105 z \u201eamunicj\u0105\u201d \u2013 symbolicznie wie\u0144cz\u0105c\u0105 sukces militarny. To idealna okazja do budowania relacji w zespole oraz prze\u017cycia niezapomnianych chwil pe\u0142nych adrenaliny i wsp\u00f3\u0142pracy.<\/p>\n<p>Nasza <strong>militarna zabawa<\/strong> to \u015bwietny wyb\u00f3r na eventy firmowe, integracyjne lub wyzwania team buildingowe, kt\u00f3re wyr\u00f3\u017cniaj\u0105 si\u0119 nietypowym podej\u015bciem do wsp\u00f3\u0142pracy zespo\u0142owej. Dzi\u0119ki bogatemu scenariuszowi oraz unikalnym atrakcjom, gwarantujemy, \u017ce to wydarzenie na d\u0142ugo pozostanie w pami\u0119ci uczestnik\u00f3w.<\/p>","protected":false},"excerpt":{"rendered":"<p>Zapraszamy na wyj\u0105tkow\u0105 <strong>militarn\u0105 zabaw\u0119<\/strong>, kt\u00f3ra \u0142\u0105czy zespo\u0142ow\u0105 integracj\u0119 z emocjonuj\u0105cymi wyzwaniami. Uczestnicy zmierz\u0105 si\u0119 z zadaniami, niemal jak kandydaci na \u017co\u0142nierzy jednostek specjalnych, w pe\u0142nym umundurowaniu i z technikami wojskowymi. Wsp\u00f3lna misja, smak ryzyka i certyfikaty dla najlepszych zapewni\u0105 niezapomnian\u0105 przygod\u0119!<\/p>","protected":false},"featured_media":81,"comment_status":"closed","ping_status":"closed","template":"","meta":{"_acf_changed":false},"product_brand":[],"product_cat":[95,94],"product_tag":[],"class_list":{"0":"post-817","1":"product","2":"type-product","3":"status-publish","4":"has-post-thumbnail","6":"product_cat-outdoor-team-building","7":"product_cat-team-building","9":"first","10":"instock","11":"shipping-taxable","12":"purchasable","13":"product-type-simple"},"acf":[],"yoast_head":"<!-- This site is optimized with the Yoast SEO plugin v27.2 - https:\/\/yoast.com\/product\/yoast-seo-wordpress\/ -->\n<title>Zosta\u0144 komandosem! Militarny Team Building: kamufla\u017c i misje<\/title>\n<meta name=\"robots\" content=\"index, follow, max-snippet:-1, max-image-preview:large, max-video-preview:-1\" \/>\n<link rel=\"canonical\" href=\"https:\/\/mistrzowieimprez.pl\/en\/product\/military-outdoor\/\" \/>\n<meta property=\"og:locale\" content=\"en_GB\" \/>\n<meta property=\"og:type\" content=\"article\" \/>\n<meta property=\"og:title\" content=\"Zosta\u0144 komandosem! Militarny Team Building: kamufla\u017c i misje\" \/>\n<meta property=\"og:description\" content=\"Zapraszamy na wyj\u0105tkow\u0105 militarn\u0105 zabaw\u0119, kt\u00f3ra \u0142\u0105czy zespo\u0142ow\u0105 integracj\u0119 z emocjonuj\u0105cymi wyzwaniami. Uczestnicy zmierz\u0105 si\u0119 z zadaniami, niemal jak kandydaci na \u017co\u0142nierzy jednostek specjalnych, w pe\u0142nym umundurowaniu i z technikami wojskowymi. Wsp\u00f3lna misja, smak ryzyka i certyfikaty dla najlepszych zapewni\u0105 niezapomnian\u0105 przygod\u0119!\" \/>\n<meta property=\"og:url\" content=\"https:\/\/mistrzowieimprez.pl\/en\/product\/military-outdoor\/\" \/>\n<meta property=\"og:site_name\" content=\"Mistrzowie Imprez\" \/>\n<meta property=\"article:publisher\" content=\"https:\/\/www.facebook.com\/mistrzowieimprez\" \/>\n<meta property=\"article:modified_time\" content=\"2026-03-18T09:36:10+00:00\" \/>\n<meta property=\"og:image\" content=\"https:\/\/mistrzowieimprez.pl\/wp-content\/uploads\/2024\/08\/military-outdoor-5.jpg\" \/>\n\t<meta property=\"og:image:width\" content=\"960\" \/>\n\t<meta property=\"og:image:height\" content=\"640\" \/>\n\t<meta property=\"og:image:type\" content=\"image\/jpeg\" \/>\n<meta name=\"twitter:card\" content=\"summary_large_image\" \/>\n<meta name=\"twitter:label1\" content=\"Estimated reading time\" \/>\n\t<meta name=\"twitter:data1\" content=\"2 minutes\" \/>\n<script type=\"application\/ld+json\" class=\"yoast-schema-graph\">{\"@context\":\"https:\/\/schema.org\",\"@graph\":[{\"@type\":\"WebPage\",\"@id\":\"https:\/\/mistrzowieimprez.pl\/produkt\/military-outdoor\/\",\"url\":\"https:\/\/mistrzowieimprez.pl\/produkt\/military-outdoor\/\",\"name\":\"Zosta\u0144 komandosem! Militarny Team Building: kamufla\u017c i misje\",\"isPartOf\":{\"@id\":\"https:\/\/mistrzowieimprez.pl\/#website\"},\"primaryImageOfPage\":{\"@id\":\"https:\/\/mistrzowieimprez.pl\/produkt\/military-outdoor\/#primaryimage\"},\"image\":{\"@id\":\"https:\/\/mistrzowieimprez.pl\/produkt\/military-outdoor\/#primaryimage\"},\"thumbnailUrl\":\"https:\/\/mistrzowieimprez.pl\/wp-content\/uploads\/2024\/08\/military-outdoor-5.jpg\",\"datePublished\":\"2024-09-01T09:08:03+00:00\",\"dateModified\":\"2026-03-18T09:36:10+00:00\",\"breadcrumb\":{\"@id\":\"https:\/\/mistrzowieimprez.pl\/produkt\/military-outdoor\/#breadcrumb\"},\"inLanguage\":\"en-GB\",\"potentialAction\":[{\"@type\":\"ReadAction\",\"target\":[\"https:\/\/mistrzowieimprez.pl\/produkt\/military-outdoor\/\"]}]},{\"@type\":\"ImageObject\",\"inLanguage\":\"en-GB\",\"@id\":\"https:\/\/mistrzowieimprez.pl\/produkt\/military-outdoor\/#primaryimage\",\"url\":\"https:\/\/mistrzowieimprez.pl\/wp-content\/uploads\/2024\/08\/military-outdoor-5.jpg\",\"contentUrl\":\"https:\/\/mistrzowieimprez.pl\/wp-content\/uploads\/2024\/08\/military-outdoor-5.jpg\",\"width\":960,\"height\":640,\"caption\":\"Grupa os\u00f3b ubranych w stroje do paintballa pozuje przed budynkiem z graffiti.\"},{\"@type\":\"BreadcrumbList\",\"@id\":\"https:\/\/mistrzowieimprez.pl\/produkt\/military-outdoor\/#breadcrumb\",\"itemListElement\":[{\"@type\":\"ListItem\",\"position\":1,\"name\":\"Strona g\u0142\u00f3wna\",\"item\":\"https:\/\/mistrzowieimprez.pl\/\"},{\"@type\":\"ListItem\",\"position\":2,\"name\":\"sklep\",\"item\":\"https:\/\/mistrzowieimprez.pl\/sklep\/\"},{\"@type\":\"ListItem\",\"position\":3,\"name\":\"Operacja: Rekrut\"}]},{\"@type\":\"WebSite\",\"@id\":\"https:\/\/mistrzowieimprez.pl\/#website\",\"url\":\"https:\/\/mistrzowieimprez.pl\/\",\"name\":\"Mistrzowie Imprez\",\"description\":\"Kompleksowa organizacja imprez\",\"publisher\":{\"@id\":\"https:\/\/mistrzowieimprez.pl\/#organization\"},\"potentialAction\":[{\"@type\":\"SearchAction\",\"target\":{\"@type\":\"EntryPoint\",\"urlTemplate\":\"https:\/\/mistrzowieimprez.pl\/?s={search_term_string}\"},\"query-input\":{\"@type\":\"PropertyValueSpecification\",\"valueRequired\":true,\"valueName\":\"search_term_string\"}}],\"inLanguage\":\"en-GB\"},{\"@type\":\"Organization\",\"@id\":\"https:\/\/mistrzowieimprez.pl\/#organization\",\"name\":\"Mistrzowie Imprez\",\"url\":\"https:\/\/mistrzowieimprez.pl\/\",\"logo\":{\"@type\":\"ImageObject\",\"inLanguage\":\"en-GB\",\"@id\":\"https:\/\/mistrzowieimprez.pl\/#\/schema\/logo\/image\/\",\"url\":\"https:\/\/mistrzowieimprez.pl\/wp-content\/uploads\/2024\/08\/mistrzowie_imprez_logo_ciemne-tlo@4x.png\",\"contentUrl\":\"https:\/\/mistrzowieimprez.pl\/wp-content\/uploads\/2024\/08\/mistrzowie_imprez_logo_ciemne-tlo@4x.png\",\"width\":1318,\"height\":351,\"caption\":\"Mistrzowie Imprez\"},\"image\":{\"@id\":\"https:\/\/mistrzowieimprez.pl\/#\/schema\/logo\/image\/\"},\"sameAs\":[\"https:\/\/www.facebook.com\/mistrzowieimprez\",\"https:\/\/www.instagram.com\/mistrzowieimprez\/\",\"https:\/\/www.youtube.com\/@ytmistrzowieimprez\"]}]}<\/script>\n<!-- \/ Yoast SEO plugin. -->","yoast_head_json":{"title":"Zosta\u0144 komandosem! Militarny Team Building: kamufla\u017c i misje","robots":{"index":"index","follow":"follow","max-snippet":"max-snippet:-1","max-image-preview":"max-image-preview:large","max-video-preview":"max-video-preview:-1"},"canonical":"https:\/\/mistrzowieimprez.pl\/en\/product\/military-outdoor\/","og_locale":"en_GB","og_type":"article","og_title":"Zosta\u0144 komandosem! Militarny Team Building: kamufla\u017c i misje","og_description":"Zapraszamy na wyj\u0105tkow\u0105 militarn\u0105 zabaw\u0119, kt\u00f3ra \u0142\u0105czy zespo\u0142ow\u0105 integracj\u0119 z emocjonuj\u0105cymi wyzwaniami. Uczestnicy zmierz\u0105 si\u0119 z zadaniami, niemal jak kandydaci na \u017co\u0142nierzy jednostek specjalnych, w pe\u0142nym umundurowaniu i z technikami wojskowymi. Wsp\u00f3lna misja, smak ryzyka i certyfikaty dla najlepszych zapewni\u0105 niezapomnian\u0105 przygod\u0119!","og_url":"https:\/\/mistrzowieimprez.pl\/en\/product\/military-outdoor\/","og_site_name":"Mistrzowie Imprez","article_publisher":"https:\/\/www.facebook.com\/mistrzowieimprez","article_modified_time":"2026-03-18T09:36:10+00:00","og_image":[{"width":960,"height":640,"url":"https:\/\/mistrzowieimprez.pl\/wp-content\/uploads\/2024\/08\/military-outdoor-5.jpg","type":"image\/jpeg"}],"twitter_card":"summary_large_image","twitter_misc":{"Estimated reading time":"2 minutes"},"schema":{"@context":"https:\/\/schema.org","@graph":[{"@type":"WebPage","@id":"https:\/\/mistrzowieimprez.pl\/produkt\/military-outdoor\/","url":"https:\/\/mistrzowieimprez.pl\/produkt\/military-outdoor\/","name":"Zosta\u0144 komandosem! Militarny Team Building: kamufla\u017c i misje","isPartOf":{"@id":"https:\/\/mistrzowieimprez.pl\/#website"},"primaryImageOfPage":{"@id":"https:\/\/mistrzowieimprez.pl\/produkt\/military-outdoor\/#primaryimage"},"image":{"@id":"https:\/\/mistrzowieimprez.pl\/produkt\/military-outdoor\/#primaryimage"},"thumbnailUrl":"https:\/\/mistrzowieimprez.pl\/wp-content\/uploads\/2024\/08\/military-outdoor-5.jpg","datePublished":"2024-09-01T09:08:03+00:00","dateModified":"2026-03-18T09:36:10+00:00","breadcrumb":{"@id":"https:\/\/mistrzowieimprez.pl\/produkt\/military-outdoor\/#breadcrumb"},"inLanguage":"en-GB","potentialAction":[{"@type":"ReadAction","target":["https:\/\/mistrzowieimprez.pl\/produkt\/military-outdoor\/"]}]},{"@type":"ImageObject","inLanguage":"en-GB","@id":"https:\/\/mistrzowieimprez.pl\/produkt\/military-outdoor\/#primaryimage","url":"https:\/\/mistrzowieimprez.pl\/wp-content\/uploads\/2024\/08\/military-outdoor-5.jpg","contentUrl":"https:\/\/mistrzowieimprez.pl\/wp-content\/uploads\/2024\/08\/military-outdoor-5.jpg","width":960,"height":640,"caption":"Grupa os\u00f3b ubranych w stroje do paintballa pozuje przed budynkiem z graffiti."},{"@type":"BreadcrumbList","@id":"https:\/\/mistrzowieimprez.pl\/produkt\/military-outdoor\/#breadcrumb","itemListElement":[{"@type":"ListItem","position":1,"name":"Strona g\u0142\u00f3wna","item":"https:\/\/mistrzowieimprez.pl\/"},{"@type":"ListItem","position":2,"name":"sklep","item":"https:\/\/mistrzowieimprez.pl\/sklep\/"},{"@type":"ListItem","position":3,"name":"Operacja: Rekrut"}]},{"@type":"WebSite","@id":"https:\/\/mistrzowieimprez.pl\/#website","url":"https:\/\/mistrzowieimprez.pl\/","name":"Mistrzowie Imprez","description":"Kompleksowa organizacja imprez","publisher":{"@id":"https:\/\/mistrzowieimprez.pl\/#organization"},"potentialAction":[{"@type":"SearchAction","target":{"@type":"EntryPoint","urlTemplate":"https:\/\/mistrzowieimprez.pl\/?s={search_term_string}"},"query-input":{"@type":"PropertyValueSpecification","valueRequired":true,"valueName":"search_term_string"}}],"inLanguage":"en-GB"},{"@type":"Organization","@id":"https:\/\/mistrzowieimprez.pl\/#organization","name":"Mistrzowie Imprez","url":"https:\/\/mistrzowieimprez.pl\/","logo":{"@type":"ImageObject","inLanguage":"en-GB","@id":"https:\/\/mistrzowieimprez.pl\/#\/schema\/logo\/image\/","url":"https:\/\/mistrzowieimprez.pl\/wp-content\/uploads\/2024\/08\/mistrzowie_imprez_logo_ciemne-tlo@4x.png","contentUrl":"https:\/\/mistrzowieimprez.pl\/wp-content\/uploads\/2024\/08\/mistrzowie_imprez_logo_ciemne-tlo@4x.png","width":1318,"height":351,"caption":"Mistrzowie Imprez"},"image":{"@id":"https:\/\/mistrzowieimprez.pl\/#\/schema\/logo\/image\/"},"sameAs":["https:\/\/www.facebook.com\/mistrzowieimprez","https:\/\/www.instagram.com\/mistrzowieimprez\/","https:\/\/www.youtube.com\/@ytmistrzowieimprez"]}]}},"_links":{"self":[{"href":"https:\/\/mistrzowieimprez.pl\/en\/wp-json\/wp\/v2\/product\/817","targetHints":{"allow":["GET"]}}],"collection":[{"href":"https:\/\/mistrzowieimprez.pl\/en\/wp-json\/wp\/v2\/product"}],"about":[{"href":"https:\/\/mistrzowieimprez.pl\/en\/wp-json\/wp\/v2\/types\/product"}],"replies":[{"embeddable":true,"href":"https:\/\/mistrzowieimprez.pl\/en\/wp-json\/wp\/v2\/comments?post=817"}],"version-history":[{"count":5,"href":"https:\/\/mistrzowieimprez.pl\/en\/wp-json\/wp\/v2\/product\/817\/revisions"}],"predecessor-version":[{"id":2249,"href":"https:\/\/mistrzowieimprez.pl\/en\/wp-json\/wp\/v2\/product\/817\/revisions\/2249"}],"wp:featuredmedia":[{"embeddable":true,"href":"https:\/\/mistrzowieimprez.pl\/en\/wp-json\/wp\/v2\/media\/81"}],"wp:attachment":[{"href":"https:\/\/mistrzowieimprez.pl\/en\/wp-json\/wp\/v2\/media?parent=817"}],"wp:term":[{"taxonomy":"product_brand","embeddable":true,"href":"https:\/\/mistrzowieimprez.pl\/en\/wp-json\/wp\/v2\/product_brand?post=817"},{"taxonomy":"product_cat","embeddable":true,"href":"https:\/\/mistrzowieimprez.pl\/en\/wp-json\/wp\/v2\/product_cat?post=817"},{"taxonomy":"product_tag","embeddable":true,"href":"https:\/\/mistrzowieimprez.pl\/en\/wp-json\/wp\/v2\/product_tag?post=817"}],"curies":[{"name":"wp","href":"https:\/\/api.w.org\/{rel}","templated":true}]}}