{"id":807,"date":"2024-09-01T09:07:58","date_gmt":"2024-09-01T09:07:58","guid":{"rendered":"https:\/\/mistrzowieimprez.pl\/produkt\/sladami-indiany-jonesa\/"},"modified":"2026-03-18T09:22:43","modified_gmt":"2026-03-18T09:22:43","slug":"lowcy-skarbow","status":"publish","type":"product","link":"https:\/\/mistrzowieimprez.pl\/en\/product\/lowcy-skarbow\/","title":{"rendered":"\u0141owcy skarb\u00f3w"},"content":{"rendered":"<h4>Opis scenariusza:<\/h4>\n<p>Zapraszamy do udzia\u0142u w ekscytuj\u0105cej grze terenowej dla grup \u2013 \u0141owcy Skarb\u00f3w! Na teren hotelu przybywa grupa poszukiwaczy, kt\u00f3ra po otrzymaniu tajemniczego maila rozpocznie fascynuj\u0105c\u0105 przygod\u0119 w poszukiwaniu zaginionego przed laty skarbu.<\/p>\n<p>Zadanie nie b\u0119dzie proste! Uczestnicy zostan\u0105 podzieleni na mniejsze zespo\u0142y, a ka\u017cdy z nich otrzyma fragment mapy, kt\u00f3ra poprowadzi ich w stron\u0119 ukrytego skarbu. Kluczem do sukcesu b\u0119dzie wsp\u00f3\u0142praca oraz skuteczno\u015b\u0107 w rozwi\u0105zywaniu zada\u0144 \u2013 zar\u00f3wno dru\u017cynowych, jak i indywidualnych. Ka\u017cde poprawnie wykonane wyzwanie nagrodzone zostanie dukatami, kt\u00f3re przybli\u017c\u0105 zesp\u00f3\u0142 do celu.<\/p>\n<p><strong>Gra \u0141owcy Skarb\u00f3w<\/strong>\u00a0to idealna propozycja na integracj\u0119, eventy firmowe czy zabawy zespo\u0142owe. Wsp\u00f3lne wyzwania i emocjonuj\u0105ce zadania gwarantuj\u0105 \u015bwietn\u0105 zabaw\u0119 i rozwijaj\u0105 umiej\u0119tno\u015bci wsp\u00f3\u0142pracy. Zawody zako\u0144cz\u0105 si\u0119 odnalezieniem skarbu przez najlepsz\u0105 dru\u017cyn\u0119, kt\u00f3ra zdob\u0119dzie najwi\u0119ksz\u0105 liczb\u0119 dukat\u00f3w.<\/p>\n<p>Nie czekaj! Prze\u017cyj pe\u0142n\u0105 przyg\u00f3d gr\u0119, podczas kt\u00f3rej poczujesz dreszczyk emocji i wyruszysz na ekscytuj\u0105ce <strong>poszukiwanie skarbu<\/strong>!<\/p>","protected":false},"excerpt":{"rendered":"<p>Do\u0142\u0105cz do fascynuj\u0105cej gry terenowej <strong>\u0142owc\u00f3w skarb\u00f3w<\/strong>! Zespo\u0142y, uzbrojone w fragmenty mapy, zmierz\u0105 si\u0119 z wyzwaniami, aby odnale\u017a\u0107 zaginiony skarb. Na uczestnik\u00f3w czekaj\u0105 zadania dru\u017cynowe i indywidualne, kt\u00f3re pozwol\u0105 zdobywa\u0107 dukaty i przybli\u017c\u0105 do celu. Czy uda Wam si\u0119 odkry\u0107 skarb?<\/p>","protected":false},"featured_media":1287,"comment_status":"closed","ping_status":"closed","template":"","meta":{"_acf_changed":false},"product_brand":[],"product_cat":[95,94],"product_tag":[],"class_list":{"0":"post-807","1":"product","2":"type-product","3":"status-publish","4":"has-post-thumbnail","6":"product_cat-outdoor-team-building","7":"product_cat-team-building","9":"first","10":"instock","11":"shipping-taxable","12":"purchasable","13":"product-type-simple"},"acf":[],"yoast_head":"<!-- This site is optimized with the Yoast SEO plugin v27.2 - https:\/\/yoast.com\/product\/yoast-seo-wordpress\/ -->\n<title>\u0141owcy Skarb\u00f3w: zdob\u0105d\u017a dukaty i odnajd\u017a skarb z zespo\u0142em!<\/title>\n<meta name=\"robots\" content=\"index, follow, max-snippet:-1, max-image-preview:large, max-video-preview:-1\" \/>\n<link rel=\"canonical\" href=\"https:\/\/mistrzowieimprez.pl\/en\/product\/lowcy-skarbow\/\" \/>\n<meta property=\"og:locale\" content=\"en_GB\" \/>\n<meta property=\"og:type\" content=\"article\" \/>\n<meta property=\"og:title\" content=\"\u0141owcy Skarb\u00f3w: zdob\u0105d\u017a dukaty i odnajd\u017a skarb z zespo\u0142em!\" \/>\n<meta property=\"og:description\" content=\"Do\u0142\u0105cz do fascynuj\u0105cej gry terenowej \u0142owc\u00f3w skarb\u00f3w! Zespo\u0142y, uzbrojone w fragmenty mapy, zmierz\u0105 si\u0119 z wyzwaniami, aby odnale\u017a\u0107 zaginiony skarb. Na uczestnik\u00f3w czekaj\u0105 zadania dru\u017cynowe i indywidualne, kt\u00f3re pozwol\u0105 zdobywa\u0107 dukaty i przybli\u017c\u0105 do celu. Czy uda Wam si\u0119 odkry\u0107 skarb?\" \/>\n<meta property=\"og:url\" content=\"https:\/\/mistrzowieimprez.pl\/en\/product\/lowcy-skarbow\/\" \/>\n<meta property=\"og:site_name\" content=\"Mistrzowie Imprez\" \/>\n<meta property=\"article:publisher\" content=\"https:\/\/www.facebook.com\/mistrzowieimprez\" \/>\n<meta property=\"article:modified_time\" content=\"2026-03-18T09:22:43+00:00\" \/>\n<meta property=\"og:image\" content=\"https:\/\/mistrzowieimprez.pl\/wp-content\/uploads\/2024\/09\/Sladami-Indiany-Jonesa.png\" \/>\n\t<meta property=\"og:image:width\" content=\"800\" \/>\n\t<meta property=\"og:image:height\" content=\"800\" \/>\n\t<meta property=\"og:image:type\" content=\"image\/png\" \/>\n<meta name=\"twitter:card\" content=\"summary_large_image\" \/>\n<meta name=\"twitter:label1\" content=\"Estimated reading time\" \/>\n\t<meta name=\"twitter:data1\" content=\"2 minutes\" \/>\n<script type=\"application\/ld+json\" class=\"yoast-schema-graph\">{\"@context\":\"https:\/\/schema.org\",\"@graph\":[{\"@type\":\"WebPage\",\"@id\":\"https:\/\/mistrzowieimprez.pl\/produkt\/lowcy-skarbow\/\",\"url\":\"https:\/\/mistrzowieimprez.pl\/produkt\/lowcy-skarbow\/\",\"name\":\"\u0141owcy Skarb\u00f3w: zdob\u0105d\u017a dukaty i odnajd\u017a skarb z zespo\u0142em!\",\"isPartOf\":{\"@id\":\"https:\/\/mistrzowieimprez.pl\/#website\"},\"primaryImageOfPage\":{\"@id\":\"https:\/\/mistrzowieimprez.pl\/produkt\/lowcy-skarbow\/#primaryimage\"},\"image\":{\"@id\":\"https:\/\/mistrzowieimprez.pl\/produkt\/lowcy-skarbow\/#primaryimage\"},\"thumbnailUrl\":\"https:\/\/mistrzowieimprez.pl\/wp-content\/uploads\/2024\/09\/Sladami-Indiany-Jonesa.png\",\"datePublished\":\"2024-09-01T09:07:58+00:00\",\"dateModified\":\"2026-03-18T09:22:43+00:00\",\"breadcrumb\":{\"@id\":\"https:\/\/mistrzowieimprez.pl\/produkt\/lowcy-skarbow\/#breadcrumb\"},\"inLanguage\":\"en-GB\",\"potentialAction\":[{\"@type\":\"ReadAction\",\"target\":[\"https:\/\/mistrzowieimprez.pl\/produkt\/lowcy-skarbow\/\"]}]},{\"@type\":\"ImageObject\",\"inLanguage\":\"en-GB\",\"@id\":\"https:\/\/mistrzowieimprez.pl\/produkt\/lowcy-skarbow\/#primaryimage\",\"url\":\"https:\/\/mistrzowieimprez.pl\/wp-content\/uploads\/2024\/09\/Sladami-Indiany-Jonesa.png\",\"contentUrl\":\"https:\/\/mistrzowieimprez.pl\/wp-content\/uploads\/2024\/09\/Sladami-Indiany-Jonesa.png\",\"width\":1000,\"height\":1000,\"caption\":\"Na drewnianym stole le\u017cy kapelusz obok sk\u00f3rzanego bata, w klimatycznym o\u015bwietleniu.\"},{\"@type\":\"BreadcrumbList\",\"@id\":\"https:\/\/mistrzowieimprez.pl\/produkt\/lowcy-skarbow\/#breadcrumb\",\"itemListElement\":[{\"@type\":\"ListItem\",\"position\":1,\"name\":\"Strona g\u0142\u00f3wna\",\"item\":\"https:\/\/mistrzowieimprez.pl\/\"},{\"@type\":\"ListItem\",\"position\":2,\"name\":\"sklep\",\"item\":\"https:\/\/mistrzowieimprez.pl\/sklep\/\"},{\"@type\":\"ListItem\",\"position\":3,\"name\":\"\u0141owcy skarb\u00f3w\"}]},{\"@type\":\"WebSite\",\"@id\":\"https:\/\/mistrzowieimprez.pl\/#website\",\"url\":\"https:\/\/mistrzowieimprez.pl\/\",\"name\":\"Mistrzowie Imprez\",\"description\":\"Kompleksowa organizacja imprez\",\"publisher\":{\"@id\":\"https:\/\/mistrzowieimprez.pl\/#organization\"},\"potentialAction\":[{\"@type\":\"SearchAction\",\"target\":{\"@type\":\"EntryPoint\",\"urlTemplate\":\"https:\/\/mistrzowieimprez.pl\/?s={search_term_string}\"},\"query-input\":{\"@type\":\"PropertyValueSpecification\",\"valueRequired\":true,\"valueName\":\"search_term_string\"}}],\"inLanguage\":\"en-GB\"},{\"@type\":\"Organization\",\"@id\":\"https:\/\/mistrzowieimprez.pl\/#organization\",\"name\":\"Mistrzowie Imprez\",\"url\":\"https:\/\/mistrzowieimprez.pl\/\",\"logo\":{\"@type\":\"ImageObject\",\"inLanguage\":\"en-GB\",\"@id\":\"https:\/\/mistrzowieimprez.pl\/#\/schema\/logo\/image\/\",\"url\":\"https:\/\/mistrzowieimprez.pl\/wp-content\/uploads\/2024\/08\/mistrzowie_imprez_logo_ciemne-tlo@4x.png\",\"contentUrl\":\"https:\/\/mistrzowieimprez.pl\/wp-content\/uploads\/2024\/08\/mistrzowie_imprez_logo_ciemne-tlo@4x.png\",\"width\":1318,\"height\":351,\"caption\":\"Mistrzowie Imprez\"},\"image\":{\"@id\":\"https:\/\/mistrzowieimprez.pl\/#\/schema\/logo\/image\/\"},\"sameAs\":[\"https:\/\/www.facebook.com\/mistrzowieimprez\",\"https:\/\/www.instagram.com\/mistrzowieimprez\/\",\"https:\/\/www.youtube.com\/@ytmistrzowieimprez\"]}]}<\/script>\n<!-- \/ Yoast SEO plugin. -->","yoast_head_json":{"title":"\u0141owcy Skarb\u00f3w: zdob\u0105d\u017a dukaty i odnajd\u017a skarb z zespo\u0142em!","robots":{"index":"index","follow":"follow","max-snippet":"max-snippet:-1","max-image-preview":"max-image-preview:large","max-video-preview":"max-video-preview:-1"},"canonical":"https:\/\/mistrzowieimprez.pl\/en\/product\/lowcy-skarbow\/","og_locale":"en_GB","og_type":"article","og_title":"\u0141owcy Skarb\u00f3w: zdob\u0105d\u017a dukaty i odnajd\u017a skarb z zespo\u0142em!","og_description":"Do\u0142\u0105cz do fascynuj\u0105cej gry terenowej \u0142owc\u00f3w skarb\u00f3w! Zespo\u0142y, uzbrojone w fragmenty mapy, zmierz\u0105 si\u0119 z wyzwaniami, aby odnale\u017a\u0107 zaginiony skarb. Na uczestnik\u00f3w czekaj\u0105 zadania dru\u017cynowe i indywidualne, kt\u00f3re pozwol\u0105 zdobywa\u0107 dukaty i przybli\u017c\u0105 do celu. Czy uda Wam si\u0119 odkry\u0107 skarb?","og_url":"https:\/\/mistrzowieimprez.pl\/en\/product\/lowcy-skarbow\/","og_site_name":"Mistrzowie Imprez","article_publisher":"https:\/\/www.facebook.com\/mistrzowieimprez","article_modified_time":"2026-03-18T09:22:43+00:00","og_image":[{"url":"https:\/\/mistrzowieimprez.pl\/wp-content\/uploads\/2024\/09\/Sladami-Indiany-Jonesa.png","width":800,"height":800,"type":"image\/png"}],"twitter_card":"summary_large_image","twitter_misc":{"Estimated reading time":"2 minutes"},"schema":{"@context":"https:\/\/schema.org","@graph":[{"@type":"WebPage","@id":"https:\/\/mistrzowieimprez.pl\/produkt\/lowcy-skarbow\/","url":"https:\/\/mistrzowieimprez.pl\/produkt\/lowcy-skarbow\/","name":"\u0141owcy Skarb\u00f3w: zdob\u0105d\u017a dukaty i odnajd\u017a skarb z zespo\u0142em!","isPartOf":{"@id":"https:\/\/mistrzowieimprez.pl\/#website"},"primaryImageOfPage":{"@id":"https:\/\/mistrzowieimprez.pl\/produkt\/lowcy-skarbow\/#primaryimage"},"image":{"@id":"https:\/\/mistrzowieimprez.pl\/produkt\/lowcy-skarbow\/#primaryimage"},"thumbnailUrl":"https:\/\/mistrzowieimprez.pl\/wp-content\/uploads\/2024\/09\/Sladami-Indiany-Jonesa.png","datePublished":"2024-09-01T09:07:58+00:00","dateModified":"2026-03-18T09:22:43+00:00","breadcrumb":{"@id":"https:\/\/mistrzowieimprez.pl\/produkt\/lowcy-skarbow\/#breadcrumb"},"inLanguage":"en-GB","potentialAction":[{"@type":"ReadAction","target":["https:\/\/mistrzowieimprez.pl\/produkt\/lowcy-skarbow\/"]}]},{"@type":"ImageObject","inLanguage":"en-GB","@id":"https:\/\/mistrzowieimprez.pl\/produkt\/lowcy-skarbow\/#primaryimage","url":"https:\/\/mistrzowieimprez.pl\/wp-content\/uploads\/2024\/09\/Sladami-Indiany-Jonesa.png","contentUrl":"https:\/\/mistrzowieimprez.pl\/wp-content\/uploads\/2024\/09\/Sladami-Indiany-Jonesa.png","width":1000,"height":1000,"caption":"Na drewnianym stole le\u017cy kapelusz obok sk\u00f3rzanego bata, w klimatycznym o\u015bwietleniu."},{"@type":"BreadcrumbList","@id":"https:\/\/mistrzowieimprez.pl\/produkt\/lowcy-skarbow\/#breadcrumb","itemListElement":[{"@type":"ListItem","position":1,"name":"Strona g\u0142\u00f3wna","item":"https:\/\/mistrzowieimprez.pl\/"},{"@type":"ListItem","position":2,"name":"sklep","item":"https:\/\/mistrzowieimprez.pl\/sklep\/"},{"@type":"ListItem","position":3,"name":"\u0141owcy skarb\u00f3w"}]},{"@type":"WebSite","@id":"https:\/\/mistrzowieimprez.pl\/#website","url":"https:\/\/mistrzowieimprez.pl\/","name":"Mistrzowie Imprez","description":"Kompleksowa organizacja imprez","publisher":{"@id":"https:\/\/mistrzowieimprez.pl\/#organization"},"potentialAction":[{"@type":"SearchAction","target":{"@type":"EntryPoint","urlTemplate":"https:\/\/mistrzowieimprez.pl\/?s={search_term_string}"},"query-input":{"@type":"PropertyValueSpecification","valueRequired":true,"valueName":"search_term_string"}}],"inLanguage":"en-GB"},{"@type":"Organization","@id":"https:\/\/mistrzowieimprez.pl\/#organization","name":"Mistrzowie Imprez","url":"https:\/\/mistrzowieimprez.pl\/","logo":{"@type":"ImageObject","inLanguage":"en-GB","@id":"https:\/\/mistrzowieimprez.pl\/#\/schema\/logo\/image\/","url":"https:\/\/mistrzowieimprez.pl\/wp-content\/uploads\/2024\/08\/mistrzowie_imprez_logo_ciemne-tlo@4x.png","contentUrl":"https:\/\/mistrzowieimprez.pl\/wp-content\/uploads\/2024\/08\/mistrzowie_imprez_logo_ciemne-tlo@4x.png","width":1318,"height":351,"caption":"Mistrzowie Imprez"},"image":{"@id":"https:\/\/mistrzowieimprez.pl\/#\/schema\/logo\/image\/"},"sameAs":["https:\/\/www.facebook.com\/mistrzowieimprez","https:\/\/www.instagram.com\/mistrzowieimprez\/","https:\/\/www.youtube.com\/@ytmistrzowieimprez"]}]}},"_links":{"self":[{"href":"https:\/\/mistrzowieimprez.pl\/en\/wp-json\/wp\/v2\/product\/807","targetHints":{"allow":["GET"]}}],"collection":[{"href":"https:\/\/mistrzowieimprez.pl\/en\/wp-json\/wp\/v2\/product"}],"about":[{"href":"https:\/\/mistrzowieimprez.pl\/en\/wp-json\/wp\/v2\/types\/product"}],"replies":[{"embeddable":true,"href":"https:\/\/mistrzowieimprez.pl\/en\/wp-json\/wp\/v2\/comments?post=807"}],"version-history":[{"count":6,"href":"https:\/\/mistrzowieimprez.pl\/en\/wp-json\/wp\/v2\/product\/807\/revisions"}],"predecessor-version":[{"id":2255,"href":"https:\/\/mistrzowieimprez.pl\/en\/wp-json\/wp\/v2\/product\/807\/revisions\/2255"}],"wp:featuredmedia":[{"embeddable":true,"href":"https:\/\/mistrzowieimprez.pl\/en\/wp-json\/wp\/v2\/media\/1287"}],"wp:attachment":[{"href":"https:\/\/mistrzowieimprez.pl\/en\/wp-json\/wp\/v2\/media?parent=807"}],"wp:term":[{"taxonomy":"product_brand","embeddable":true,"href":"https:\/\/mistrzowieimprez.pl\/en\/wp-json\/wp\/v2\/product_brand?post=807"},{"taxonomy":"product_cat","embeddable":true,"href":"https:\/\/mistrzowieimprez.pl\/en\/wp-json\/wp\/v2\/product_cat?post=807"},{"taxonomy":"product_tag","embeddable":true,"href":"https:\/\/mistrzowieimprez.pl\/en\/wp-json\/wp\/v2\/product_tag?post=807"}],"curies":[{"name":"wp","href":"https:\/\/api.w.org\/{rel}","templated":true}]}}