{"id":803,"date":"2024-09-01T09:07:56","date_gmt":"2024-09-01T09:07:56","guid":{"rendered":"https:\/\/mistrzowieimprez.pl\/produkt\/geocaching\/"},"modified":"2026-03-18T09:20:55","modified_gmt":"2026-03-18T09:20:55","slug":"geocaching","status":"publish","type":"product","link":"https:\/\/mistrzowieimprez.pl\/en\/product\/geocaching\/","title":{"rendered":"Geocaching"},"content":{"rendered":"<h4>Opis scenariusza:<\/h4>\n<p><strong>Geocaching<\/strong> to fascynuj\u0105ca gra terenowa, kt\u00f3ra idealnie \u0142\u0105czy elementy strategii, komunikacji i zespo\u0142owej wsp\u00f3\u0142pracy. Nasz scenariusz opiera si\u0119 na popularnej zabawie mi\u0142o\u015bnik\u00f3w GPS, gdzie uczestnicy musz\u0105 odnale\u017a\u0107 ukryte skrzynki na podstawie wcze\u015bniej podanych wsp\u00f3\u0142rz\u0119dnych.<\/p>\n<p>W naszej wersji zabawy, uczestnicy wyposa\u017ceni w GPS b\u0119d\u0105 poszukiwali ma\u0142ych pude\u0142eczek (4 cm \u015brednicy!), a tak\u017ce rozwi\u0105zywali inne zadania, takie jak odnalezienie charakterystycznych miejsc widocznych na zdj\u0119ciach i poradzili sobie z list\u0105 tajemniczych opis\u00f3w. Aby zaliczy\u0107 te zadania, przyda si\u0119 mapa, kt\u00f3ra pomo\u017ce w orientacji w terenie. Ca\u0142\u0105 gr\u0119 usprawnia r\u00f3wnie\u017c komunikacja przy u\u017cyciu kr\u00f3tkofal\u00f3wek, kt\u00f3re b\u0119d\u0105 kluczowe dla wsp\u00f3\u0142pracy mi\u0119dzy grupami.<\/p>\n<p>To wyj\u0105tkowa aktywno\u015b\u0107, kt\u00f3ra nie tylko integruje zesp\u00f3\u0142, ale r\u00f3wnie\u017c daje mo\u017cliwo\u015b\u0107 sprawdzenia swoich umiej\u0119tno\u015bci w dzia\u0142aniu w dynamicznych, terenowych warunkach. <strong>Geocaching<\/strong> to doskona\u0142a zabawa pe\u0142na wyzwa\u0144, idealna dla grup szukaj\u0105cych kreatywnej formy integracji i aktywnego sp\u0119dzenia czasu!<\/p>","protected":false},"excerpt":{"rendered":"<p class=\"cvGsUA direction-ltr align-start para-style-body\">Dynamiczna i anga\u017cuj\u0105ca gra terenowa, kt\u00f3ra \u0142\u0105czy wsp\u00f3\u0142prac\u0119, strategi\u0119 i dobr\u0105 zabaw\u0119! Uczestnicy, wyposa\u017ceni w GPS, poszukuj\u0105 ukrytych skrzynek i rozwi\u0105zuj\u0105 zagadki na podstawie wsp\u00f3\u0142rz\u0119dnych. \u015awietna zabawa integracyjna, pe\u0142na wyzwa\u0144, z dodatkowymi zadaniami jak odnalezienie miejsc ze zdj\u0119\u0107, rozszyfrowanie tajemniczych opis\u00f3w czy korzystanie z mapy.<\/p>","protected":false},"featured_media":1195,"comment_status":"closed","ping_status":"closed","template":"","meta":{"_acf_changed":false},"product_brand":[],"product_cat":[95,102,94],"product_tag":[],"class_list":{"0":"post-803","1":"product","2":"type-product","3":"status-publish","4":"has-post-thumbnail","6":"product_cat-outdoor-team-building","7":"product_cat-polecane-scenariusze","8":"product_cat-team-building","10":"first","11":"instock","12":"shipping-taxable","13":"purchasable","14":"product-type-simple"},"acf":[],"yoast_head":"<!-- This site is optimized with the Yoast SEO plugin v27.2 - https:\/\/yoast.com\/product\/yoast-seo-wordpress\/ -->\n<title>Geocaching na eventy \u2013 terenowa gra miejska i integracja z GPS<\/title>\n<meta name=\"robots\" content=\"index, follow, max-snippet:-1, max-image-preview:large, max-video-preview:-1\" \/>\n<link rel=\"canonical\" href=\"https:\/\/mistrzowieimprez.pl\/en\/product\/geocaching\/\" \/>\n<meta property=\"og:locale\" content=\"en_GB\" \/>\n<meta property=\"og:type\" content=\"article\" \/>\n<meta property=\"og:title\" content=\"Geocaching na eventy \u2013 terenowa gra miejska i integracja z GPS\" \/>\n<meta property=\"og:description\" content=\"Dynamiczna i anga\u017cuj\u0105ca gra terenowa, kt\u00f3ra \u0142\u0105czy wsp\u00f3\u0142prac\u0119, strategi\u0119 i dobr\u0105 zabaw\u0119! Uczestnicy, wyposa\u017ceni w GPS, poszukuj\u0105 ukrytych skrzynek i rozwi\u0105zuj\u0105 zagadki na podstawie wsp\u00f3\u0142rz\u0119dnych. \u015awietna zabawa integracyjna, pe\u0142na wyzwa\u0144, z dodatkowymi zadaniami jak odnalezienie miejsc ze zdj\u0119\u0107, rozszyfrowanie tajemniczych opis\u00f3w czy korzystanie z mapy.\" \/>\n<meta property=\"og:url\" content=\"https:\/\/mistrzowieimprez.pl\/en\/product\/geocaching\/\" \/>\n<meta property=\"og:site_name\" content=\"Mistrzowie Imprez\" \/>\n<meta property=\"article:publisher\" content=\"https:\/\/www.facebook.com\/mistrzowieimprez\" \/>\n<meta property=\"article:modified_time\" content=\"2026-03-18T09:20:55+00:00\" \/>\n<meta property=\"og:image\" content=\"https:\/\/mistrzowieimprez.pl\/wp-content\/uploads\/2024\/09\/Geocaching-3.png\" \/>\n\t<meta property=\"og:image:width\" content=\"800\" \/>\n\t<meta property=\"og:image:height\" content=\"800\" \/>\n\t<meta property=\"og:image:type\" content=\"image\/png\" \/>\n<meta name=\"twitter:card\" content=\"summary_large_image\" \/>\n<meta name=\"twitter:label1\" content=\"Estimated reading time\" \/>\n\t<meta name=\"twitter:data1\" content=\"2 minutes\" \/>\n<script type=\"application\/ld+json\" class=\"yoast-schema-graph\">{\"@context\":\"https:\/\/schema.org\",\"@graph\":[{\"@type\":\"WebPage\",\"@id\":\"https:\/\/mistrzowieimprez.pl\/produkt\/geocaching\/\",\"url\":\"https:\/\/mistrzowieimprez.pl\/produkt\/geocaching\/\",\"name\":\"Geocaching na eventy \u2013 terenowa gra miejska i integracja z GPS\",\"isPartOf\":{\"@id\":\"https:\/\/mistrzowieimprez.pl\/#website\"},\"primaryImageOfPage\":{\"@id\":\"https:\/\/mistrzowieimprez.pl\/produkt\/geocaching\/#primaryimage\"},\"image\":{\"@id\":\"https:\/\/mistrzowieimprez.pl\/produkt\/geocaching\/#primaryimage\"},\"thumbnailUrl\":\"https:\/\/mistrzowieimprez.pl\/wp-content\/uploads\/2024\/09\/Geocaching-3.png\",\"datePublished\":\"2024-09-01T09:07:56+00:00\",\"dateModified\":\"2026-03-18T09:20:55+00:00\",\"breadcrumb\":{\"@id\":\"https:\/\/mistrzowieimprez.pl\/produkt\/geocaching\/#breadcrumb\"},\"inLanguage\":\"en-GB\",\"potentialAction\":[{\"@type\":\"ReadAction\",\"target\":[\"https:\/\/mistrzowieimprez.pl\/produkt\/geocaching\/\"]}]},{\"@type\":\"ImageObject\",\"inLanguage\":\"en-GB\",\"@id\":\"https:\/\/mistrzowieimprez.pl\/produkt\/geocaching\/#primaryimage\",\"url\":\"https:\/\/mistrzowieimprez.pl\/wp-content\/uploads\/2024\/09\/Geocaching-3.png\",\"contentUrl\":\"https:\/\/mistrzowieimprez.pl\/wp-content\/uploads\/2024\/09\/Geocaching-3.png\",\"width\":1000,\"height\":1000,\"caption\":\"Grupa os\u00f3b siedzi na trawie, pochylaj\u0105c si\u0119 nad kartkami i akcesoriami, prawdopodobnie organizuj\u0105c lub planuj\u0105c wydarzenie.\"},{\"@type\":\"BreadcrumbList\",\"@id\":\"https:\/\/mistrzowieimprez.pl\/produkt\/geocaching\/#breadcrumb\",\"itemListElement\":[{\"@type\":\"ListItem\",\"position\":1,\"name\":\"Strona g\u0142\u00f3wna\",\"item\":\"https:\/\/mistrzowieimprez.pl\/\"},{\"@type\":\"ListItem\",\"position\":2,\"name\":\"sklep\",\"item\":\"https:\/\/mistrzowieimprez.pl\/sklep\/\"},{\"@type\":\"ListItem\",\"position\":3,\"name\":\"Geocaching\"}]},{\"@type\":\"WebSite\",\"@id\":\"https:\/\/mistrzowieimprez.pl\/#website\",\"url\":\"https:\/\/mistrzowieimprez.pl\/\",\"name\":\"Mistrzowie Imprez\",\"description\":\"Kompleksowa organizacja imprez\",\"publisher\":{\"@id\":\"https:\/\/mistrzowieimprez.pl\/#organization\"},\"potentialAction\":[{\"@type\":\"SearchAction\",\"target\":{\"@type\":\"EntryPoint\",\"urlTemplate\":\"https:\/\/mistrzowieimprez.pl\/?s={search_term_string}\"},\"query-input\":{\"@type\":\"PropertyValueSpecification\",\"valueRequired\":true,\"valueName\":\"search_term_string\"}}],\"inLanguage\":\"en-GB\"},{\"@type\":\"Organization\",\"@id\":\"https:\/\/mistrzowieimprez.pl\/#organization\",\"name\":\"Mistrzowie Imprez\",\"url\":\"https:\/\/mistrzowieimprez.pl\/\",\"logo\":{\"@type\":\"ImageObject\",\"inLanguage\":\"en-GB\",\"@id\":\"https:\/\/mistrzowieimprez.pl\/#\/schema\/logo\/image\/\",\"url\":\"https:\/\/mistrzowieimprez.pl\/wp-content\/uploads\/2024\/08\/mistrzowie_imprez_logo_ciemne-tlo@4x.png\",\"contentUrl\":\"https:\/\/mistrzowieimprez.pl\/wp-content\/uploads\/2024\/08\/mistrzowie_imprez_logo_ciemne-tlo@4x.png\",\"width\":1318,\"height\":351,\"caption\":\"Mistrzowie Imprez\"},\"image\":{\"@id\":\"https:\/\/mistrzowieimprez.pl\/#\/schema\/logo\/image\/\"},\"sameAs\":[\"https:\/\/www.facebook.com\/mistrzowieimprez\",\"https:\/\/www.instagram.com\/mistrzowieimprez\/\",\"https:\/\/www.youtube.com\/@ytmistrzowieimprez\"]}]}<\/script>\n<!-- \/ Yoast SEO plugin. -->","yoast_head_json":{"title":"Geocaching na eventy \u2013 terenowa gra miejska i integracja z GPS","robots":{"index":"index","follow":"follow","max-snippet":"max-snippet:-1","max-image-preview":"max-image-preview:large","max-video-preview":"max-video-preview:-1"},"canonical":"https:\/\/mistrzowieimprez.pl\/en\/product\/geocaching\/","og_locale":"en_GB","og_type":"article","og_title":"Geocaching na eventy \u2013 terenowa gra miejska i integracja z GPS","og_description":"Dynamiczna i anga\u017cuj\u0105ca gra terenowa, kt\u00f3ra \u0142\u0105czy wsp\u00f3\u0142prac\u0119, strategi\u0119 i dobr\u0105 zabaw\u0119! Uczestnicy, wyposa\u017ceni w GPS, poszukuj\u0105 ukrytych skrzynek i rozwi\u0105zuj\u0105 zagadki na podstawie wsp\u00f3\u0142rz\u0119dnych. \u015awietna zabawa integracyjna, pe\u0142na wyzwa\u0144, z dodatkowymi zadaniami jak odnalezienie miejsc ze zdj\u0119\u0107, rozszyfrowanie tajemniczych opis\u00f3w czy korzystanie z mapy.","og_url":"https:\/\/mistrzowieimprez.pl\/en\/product\/geocaching\/","og_site_name":"Mistrzowie Imprez","article_publisher":"https:\/\/www.facebook.com\/mistrzowieimprez","article_modified_time":"2026-03-18T09:20:55+00:00","og_image":[{"url":"https:\/\/mistrzowieimprez.pl\/wp-content\/uploads\/2024\/09\/Geocaching-3.png","width":800,"height":800,"type":"image\/png"}],"twitter_card":"summary_large_image","twitter_misc":{"Estimated reading time":"2 minutes"},"schema":{"@context":"https:\/\/schema.org","@graph":[{"@type":"WebPage","@id":"https:\/\/mistrzowieimprez.pl\/produkt\/geocaching\/","url":"https:\/\/mistrzowieimprez.pl\/produkt\/geocaching\/","name":"Geocaching na eventy \u2013 terenowa gra miejska i integracja z GPS","isPartOf":{"@id":"https:\/\/mistrzowieimprez.pl\/#website"},"primaryImageOfPage":{"@id":"https:\/\/mistrzowieimprez.pl\/produkt\/geocaching\/#primaryimage"},"image":{"@id":"https:\/\/mistrzowieimprez.pl\/produkt\/geocaching\/#primaryimage"},"thumbnailUrl":"https:\/\/mistrzowieimprez.pl\/wp-content\/uploads\/2024\/09\/Geocaching-3.png","datePublished":"2024-09-01T09:07:56+00:00","dateModified":"2026-03-18T09:20:55+00:00","breadcrumb":{"@id":"https:\/\/mistrzowieimprez.pl\/produkt\/geocaching\/#breadcrumb"},"inLanguage":"en-GB","potentialAction":[{"@type":"ReadAction","target":["https:\/\/mistrzowieimprez.pl\/produkt\/geocaching\/"]}]},{"@type":"ImageObject","inLanguage":"en-GB","@id":"https:\/\/mistrzowieimprez.pl\/produkt\/geocaching\/#primaryimage","url":"https:\/\/mistrzowieimprez.pl\/wp-content\/uploads\/2024\/09\/Geocaching-3.png","contentUrl":"https:\/\/mistrzowieimprez.pl\/wp-content\/uploads\/2024\/09\/Geocaching-3.png","width":1000,"height":1000,"caption":"Grupa os\u00f3b siedzi na trawie, pochylaj\u0105c si\u0119 nad kartkami i akcesoriami, prawdopodobnie organizuj\u0105c lub planuj\u0105c wydarzenie."},{"@type":"BreadcrumbList","@id":"https:\/\/mistrzowieimprez.pl\/produkt\/geocaching\/#breadcrumb","itemListElement":[{"@type":"ListItem","position":1,"name":"Strona g\u0142\u00f3wna","item":"https:\/\/mistrzowieimprez.pl\/"},{"@type":"ListItem","position":2,"name":"sklep","item":"https:\/\/mistrzowieimprez.pl\/sklep\/"},{"@type":"ListItem","position":3,"name":"Geocaching"}]},{"@type":"WebSite","@id":"https:\/\/mistrzowieimprez.pl\/#website","url":"https:\/\/mistrzowieimprez.pl\/","name":"Mistrzowie Imprez","description":"Kompleksowa organizacja imprez","publisher":{"@id":"https:\/\/mistrzowieimprez.pl\/#organization"},"potentialAction":[{"@type":"SearchAction","target":{"@type":"EntryPoint","urlTemplate":"https:\/\/mistrzowieimprez.pl\/?s={search_term_string}"},"query-input":{"@type":"PropertyValueSpecification","valueRequired":true,"valueName":"search_term_string"}}],"inLanguage":"en-GB"},{"@type":"Organization","@id":"https:\/\/mistrzowieimprez.pl\/#organization","name":"Mistrzowie Imprez","url":"https:\/\/mistrzowieimprez.pl\/","logo":{"@type":"ImageObject","inLanguage":"en-GB","@id":"https:\/\/mistrzowieimprez.pl\/#\/schema\/logo\/image\/","url":"https:\/\/mistrzowieimprez.pl\/wp-content\/uploads\/2024\/08\/mistrzowie_imprez_logo_ciemne-tlo@4x.png","contentUrl":"https:\/\/mistrzowieimprez.pl\/wp-content\/uploads\/2024\/08\/mistrzowie_imprez_logo_ciemne-tlo@4x.png","width":1318,"height":351,"caption":"Mistrzowie Imprez"},"image":{"@id":"https:\/\/mistrzowieimprez.pl\/#\/schema\/logo\/image\/"},"sameAs":["https:\/\/www.facebook.com\/mistrzowieimprez","https:\/\/www.instagram.com\/mistrzowieimprez\/","https:\/\/www.youtube.com\/@ytmistrzowieimprez"]}]}},"_links":{"self":[{"href":"https:\/\/mistrzowieimprez.pl\/en\/wp-json\/wp\/v2\/product\/803","targetHints":{"allow":["GET"]}}],"collection":[{"href":"https:\/\/mistrzowieimprez.pl\/en\/wp-json\/wp\/v2\/product"}],"about":[{"href":"https:\/\/mistrzowieimprez.pl\/en\/wp-json\/wp\/v2\/types\/product"}],"replies":[{"embeddable":true,"href":"https:\/\/mistrzowieimprez.pl\/en\/wp-json\/wp\/v2\/comments?post=803"}],"version-history":[{"count":8,"href":"https:\/\/mistrzowieimprez.pl\/en\/wp-json\/wp\/v2\/product\/803\/revisions"}],"predecessor-version":[{"id":2229,"href":"https:\/\/mistrzowieimprez.pl\/en\/wp-json\/wp\/v2\/product\/803\/revisions\/2229"}],"wp:featuredmedia":[{"embeddable":true,"href":"https:\/\/mistrzowieimprez.pl\/en\/wp-json\/wp\/v2\/media\/1195"}],"wp:attachment":[{"href":"https:\/\/mistrzowieimprez.pl\/en\/wp-json\/wp\/v2\/media?parent=803"}],"wp:term":[{"taxonomy":"product_brand","embeddable":true,"href":"https:\/\/mistrzowieimprez.pl\/en\/wp-json\/wp\/v2\/product_brand?post=803"},{"taxonomy":"product_cat","embeddable":true,"href":"https:\/\/mistrzowieimprez.pl\/en\/wp-json\/wp\/v2\/product_cat?post=803"},{"taxonomy":"product_tag","embeddable":true,"href":"https:\/\/mistrzowieimprez.pl\/en\/wp-json\/wp\/v2\/product_tag?post=803"}],"curies":[{"name":"wp","href":"https:\/\/api.w.org\/{rel}","templated":true}]}}