{"id":801,"date":"2024-09-01T09:07:55","date_gmt":"2024-09-01T09:07:55","guid":{"rendered":"https:\/\/mistrzowieimprez.pl\/produkt\/barmanskie\/"},"modified":"2024-09-24T11:57:19","modified_gmt":"2024-09-24T11:57:19","slug":"barmanskie","status":"publish","type":"product","link":"https:\/\/mistrzowieimprez.pl\/en\/product\/barmanskie\/","title":{"rendered":"Barma\u0144skie"},"content":{"rendered":"<p>Nie ma lepszego sposobu na urozmaicenie imprezy ni\u017c nasz spektakularny pokaz barma\u0144ski! Nasi do\u015bwiadczeni barmani, z \u0142atwo\u015bci\u0105 obracaj\u0105cy butelkami i szklankami, zapewni\u0105 niezapomniane wra\u017cenia, a ich kreatywne koktajle o\u017cywi\u0105 ka\u017cde przyj\u0119cie. To nie tylko serwis barowy, to prawdziwa rozrywka, kt\u00f3ra doda blasku Twojemu wydarzeniu!<\/p>\n<ul>\n<li>Profesjonalni barmani z wieloletnim do\u015bwiadczeniem<\/li>\n<li>Wysokiej jako\u015bci sprz\u0119t barma\u0144ski<\/li>\n<li>Kreatywne i smaczne koktajle dla ka\u017cdego<\/li>\n<\/ul>\n<ul>\n<li>Unikalne i niezapomniane do\u015bwiadczenie dla Twoich go\u015bci<\/li>\n<li>Profesjonalizm i zabawa w jednym<\/li>\n<li>Mo\u017cliwo\u015b\u0107 nauki kilku trik\u00f3w barma\u0144skich<\/li>\n<\/ul>\n<p>Nie czekaj, dodaj nasz pokaz barma\u0144ski do swojego zapytania o wycen\u0119 i zadbaj o to, by Twoja impreza by\u0142a wyj\u0105tkowa!<\/p>","protected":false},"excerpt":{"rendered":"<p>O\u017cyw swoje wydarzenie naszym spektakularnym pokazem barma\u0144skim! To nie tylko serwis barowy, ale prawdziwa rozrywka, kt\u00f3ra doda blasku Twojemu wydarzeniu. Profesjonalizm, zabawa i mo\u017cliwo\u015b\u0107 nauki kilku trik\u00f3w barma\u0144skich &#8211; wszystko to czeka na Ciebie!<\/p>","protected":false},"featured_media":1169,"comment_status":"closed","ping_status":"closed","template":"","meta":{"_acf_changed":false},"product_brand":[],"product_cat":[93],"product_tag":[],"class_list":{"0":"post-801","1":"product","2":"type-product","3":"status-publish","4":"has-post-thumbnail","6":"product_cat-pokazy","8":"first","9":"instock","10":"shipping-taxable","11":"purchasable","12":"product-type-simple"},"acf":[],"yoast_head":"<!-- This site is optimized with the Yoast SEO plugin v27.2 - https:\/\/yoast.com\/product\/yoast-seo-wordpress\/ -->\n<title>Barma\u0144skie - Mistrzowie Imprez<\/title>\n<meta name=\"robots\" content=\"index, follow, max-snippet:-1, max-image-preview:large, max-video-preview:-1\" \/>\n<link rel=\"canonical\" href=\"https:\/\/mistrzowieimprez.pl\/en\/product\/barmanskie\/\" \/>\n<meta property=\"og:locale\" content=\"en_GB\" \/>\n<meta property=\"og:type\" content=\"article\" \/>\n<meta property=\"og:title\" content=\"Barma\u0144skie - Mistrzowie Imprez\" \/>\n<meta property=\"og:description\" content=\"O\u017cyw swoje wydarzenie naszym spektakularnym pokazem barma\u0144skim! To nie tylko serwis barowy, ale prawdziwa rozrywka, kt\u00f3ra doda blasku Twojemu wydarzeniu. Profesjonalizm, zabawa i mo\u017cliwo\u015b\u0107 nauki kilku trik\u00f3w barma\u0144skich - wszystko to czeka na Ciebie!\" \/>\n<meta property=\"og:url\" content=\"https:\/\/mistrzowieimprez.pl\/en\/product\/barmanskie\/\" \/>\n<meta property=\"og:site_name\" content=\"Mistrzowie Imprez\" \/>\n<meta property=\"article:publisher\" content=\"https:\/\/www.facebook.com\/mistrzowieimprez\" \/>\n<meta property=\"article:modified_time\" content=\"2024-09-24T11:57:19+00:00\" \/>\n<meta property=\"og:image\" content=\"https:\/\/mistrzowieimprez.pl\/wp-content\/uploads\/2024\/09\/Barmanskie-e1727248960764.png\" \/>\n\t<meta property=\"og:image:width\" content=\"800\" \/>\n\t<meta property=\"og:image:height\" content=\"757\" \/>\n\t<meta property=\"og:image:type\" content=\"image\/png\" \/>\n<meta name=\"twitter:card\" content=\"summary_large_image\" \/>\n<meta name=\"twitter:label1\" content=\"Estimated reading time\" \/>\n\t<meta name=\"twitter:data1\" content=\"1 minute\" \/>\n<script type=\"application\/ld+json\" class=\"yoast-schema-graph\">{\"@context\":\"https:\/\/schema.org\",\"@graph\":[{\"@type\":\"WebPage\",\"@id\":\"https:\/\/mistrzowieimprez.pl\/produkt\/barmanskie\/\",\"url\":\"https:\/\/mistrzowieimprez.pl\/produkt\/barmanskie\/\",\"name\":\"Barma\u0144skie - Mistrzowie Imprez\",\"isPartOf\":{\"@id\":\"https:\/\/mistrzowieimprez.pl\/#website\"},\"primaryImageOfPage\":{\"@id\":\"https:\/\/mistrzowieimprez.pl\/produkt\/barmanskie\/#primaryimage\"},\"image\":{\"@id\":\"https:\/\/mistrzowieimprez.pl\/produkt\/barmanskie\/#primaryimage\"},\"thumbnailUrl\":\"https:\/\/mistrzowieimprez.pl\/wp-content\/uploads\/2024\/09\/Barmanskie-e1727248960764.png\",\"datePublished\":\"2024-09-01T09:07:55+00:00\",\"dateModified\":\"2024-09-24T11:57:19+00:00\",\"breadcrumb\":{\"@id\":\"https:\/\/mistrzowieimprez.pl\/produkt\/barmanskie\/#breadcrumb\"},\"inLanguage\":\"en-GB\",\"potentialAction\":[{\"@type\":\"ReadAction\",\"target\":[\"https:\/\/mistrzowieimprez.pl\/produkt\/barmanskie\/\"]}]},{\"@type\":\"ImageObject\",\"inLanguage\":\"en-GB\",\"@id\":\"https:\/\/mistrzowieimprez.pl\/produkt\/barmanskie\/#primaryimage\",\"url\":\"https:\/\/mistrzowieimprez.pl\/wp-content\/uploads\/2024\/09\/Barmanskie-e1727248960764.png\",\"contentUrl\":\"https:\/\/mistrzowieimprez.pl\/wp-content\/uploads\/2024\/09\/Barmanskie-e1727248960764.png\",\"width\":1000,\"height\":946,\"caption\":\"Kolorowe napoje s\u0105 nalewane do kieliszk\u00f3w stoj\u0105cych nad p\u0142omieniami, tworz\u0105c efektown\u0105 i widowiskow\u0105 atrakcj\u0119 barow\u0105.\"},{\"@type\":\"BreadcrumbList\",\"@id\":\"https:\/\/mistrzowieimprez.pl\/produkt\/barmanskie\/#breadcrumb\",\"itemListElement\":[{\"@type\":\"ListItem\",\"position\":1,\"name\":\"Strona g\u0142\u00f3wna\",\"item\":\"https:\/\/mistrzowieimprez.pl\/\"},{\"@type\":\"ListItem\",\"position\":2,\"name\":\"sklep\",\"item\":\"https:\/\/mistrzowieimprez.pl\/sklep\/\"},{\"@type\":\"ListItem\",\"position\":3,\"name\":\"Barma\u0144skie\"}]},{\"@type\":\"WebSite\",\"@id\":\"https:\/\/mistrzowieimprez.pl\/#website\",\"url\":\"https:\/\/mistrzowieimprez.pl\/\",\"name\":\"Mistrzowie Imprez\",\"description\":\"Kompleksowa organizacja imprez\",\"publisher\":{\"@id\":\"https:\/\/mistrzowieimprez.pl\/#organization\"},\"potentialAction\":[{\"@type\":\"SearchAction\",\"target\":{\"@type\":\"EntryPoint\",\"urlTemplate\":\"https:\/\/mistrzowieimprez.pl\/?s={search_term_string}\"},\"query-input\":{\"@type\":\"PropertyValueSpecification\",\"valueRequired\":true,\"valueName\":\"search_term_string\"}}],\"inLanguage\":\"en-GB\"},{\"@type\":\"Organization\",\"@id\":\"https:\/\/mistrzowieimprez.pl\/#organization\",\"name\":\"Mistrzowie Imprez\",\"url\":\"https:\/\/mistrzowieimprez.pl\/\",\"logo\":{\"@type\":\"ImageObject\",\"inLanguage\":\"en-GB\",\"@id\":\"https:\/\/mistrzowieimprez.pl\/#\/schema\/logo\/image\/\",\"url\":\"https:\/\/mistrzowieimprez.pl\/wp-content\/uploads\/2024\/08\/mistrzowie_imprez_logo_ciemne-tlo@4x.png\",\"contentUrl\":\"https:\/\/mistrzowieimprez.pl\/wp-content\/uploads\/2024\/08\/mistrzowie_imprez_logo_ciemne-tlo@4x.png\",\"width\":1318,\"height\":351,\"caption\":\"Mistrzowie Imprez\"},\"image\":{\"@id\":\"https:\/\/mistrzowieimprez.pl\/#\/schema\/logo\/image\/\"},\"sameAs\":[\"https:\/\/www.facebook.com\/mistrzowieimprez\",\"https:\/\/www.instagram.com\/mistrzowieimprez\/\",\"https:\/\/www.youtube.com\/@ytmistrzowieimprez\"]}]}<\/script>\n<!-- \/ Yoast SEO plugin. -->","yoast_head_json":{"title":"Barma\u0144skie - Mistrzowie Imprez","robots":{"index":"index","follow":"follow","max-snippet":"max-snippet:-1","max-image-preview":"max-image-preview:large","max-video-preview":"max-video-preview:-1"},"canonical":"https:\/\/mistrzowieimprez.pl\/en\/product\/barmanskie\/","og_locale":"en_GB","og_type":"article","og_title":"Barma\u0144skie - Mistrzowie Imprez","og_description":"O\u017cyw swoje wydarzenie naszym spektakularnym pokazem barma\u0144skim! To nie tylko serwis barowy, ale prawdziwa rozrywka, kt\u00f3ra doda blasku Twojemu wydarzeniu. Profesjonalizm, zabawa i mo\u017cliwo\u015b\u0107 nauki kilku trik\u00f3w barma\u0144skich - wszystko to czeka na Ciebie!","og_url":"https:\/\/mistrzowieimprez.pl\/en\/product\/barmanskie\/","og_site_name":"Mistrzowie Imprez","article_publisher":"https:\/\/www.facebook.com\/mistrzowieimprez","article_modified_time":"2024-09-24T11:57:19+00:00","og_image":[{"url":"https:\/\/mistrzowieimprez.pl\/wp-content\/uploads\/2024\/09\/Barmanskie-e1727248960764.png","width":800,"height":757,"type":"image\/png"}],"twitter_card":"summary_large_image","twitter_misc":{"Estimated reading time":"1 minute"},"schema":{"@context":"https:\/\/schema.org","@graph":[{"@type":"WebPage","@id":"https:\/\/mistrzowieimprez.pl\/produkt\/barmanskie\/","url":"https:\/\/mistrzowieimprez.pl\/produkt\/barmanskie\/","name":"Barma\u0144skie - Mistrzowie Imprez","isPartOf":{"@id":"https:\/\/mistrzowieimprez.pl\/#website"},"primaryImageOfPage":{"@id":"https:\/\/mistrzowieimprez.pl\/produkt\/barmanskie\/#primaryimage"},"image":{"@id":"https:\/\/mistrzowieimprez.pl\/produkt\/barmanskie\/#primaryimage"},"thumbnailUrl":"https:\/\/mistrzowieimprez.pl\/wp-content\/uploads\/2024\/09\/Barmanskie-e1727248960764.png","datePublished":"2024-09-01T09:07:55+00:00","dateModified":"2024-09-24T11:57:19+00:00","breadcrumb":{"@id":"https:\/\/mistrzowieimprez.pl\/produkt\/barmanskie\/#breadcrumb"},"inLanguage":"en-GB","potentialAction":[{"@type":"ReadAction","target":["https:\/\/mistrzowieimprez.pl\/produkt\/barmanskie\/"]}]},{"@type":"ImageObject","inLanguage":"en-GB","@id":"https:\/\/mistrzowieimprez.pl\/produkt\/barmanskie\/#primaryimage","url":"https:\/\/mistrzowieimprez.pl\/wp-content\/uploads\/2024\/09\/Barmanskie-e1727248960764.png","contentUrl":"https:\/\/mistrzowieimprez.pl\/wp-content\/uploads\/2024\/09\/Barmanskie-e1727248960764.png","width":1000,"height":946,"caption":"Kolorowe napoje s\u0105 nalewane do kieliszk\u00f3w stoj\u0105cych nad p\u0142omieniami, tworz\u0105c efektown\u0105 i widowiskow\u0105 atrakcj\u0119 barow\u0105."},{"@type":"BreadcrumbList","@id":"https:\/\/mistrzowieimprez.pl\/produkt\/barmanskie\/#breadcrumb","itemListElement":[{"@type":"ListItem","position":1,"name":"Strona g\u0142\u00f3wna","item":"https:\/\/mistrzowieimprez.pl\/"},{"@type":"ListItem","position":2,"name":"sklep","item":"https:\/\/mistrzowieimprez.pl\/sklep\/"},{"@type":"ListItem","position":3,"name":"Barma\u0144skie"}]},{"@type":"WebSite","@id":"https:\/\/mistrzowieimprez.pl\/#website","url":"https:\/\/mistrzowieimprez.pl\/","name":"Mistrzowie Imprez","description":"Kompleksowa organizacja imprez","publisher":{"@id":"https:\/\/mistrzowieimprez.pl\/#organization"},"potentialAction":[{"@type":"SearchAction","target":{"@type":"EntryPoint","urlTemplate":"https:\/\/mistrzowieimprez.pl\/?s={search_term_string}"},"query-input":{"@type":"PropertyValueSpecification","valueRequired":true,"valueName":"search_term_string"}}],"inLanguage":"en-GB"},{"@type":"Organization","@id":"https:\/\/mistrzowieimprez.pl\/#organization","name":"Mistrzowie Imprez","url":"https:\/\/mistrzowieimprez.pl\/","logo":{"@type":"ImageObject","inLanguage":"en-GB","@id":"https:\/\/mistrzowieimprez.pl\/#\/schema\/logo\/image\/","url":"https:\/\/mistrzowieimprez.pl\/wp-content\/uploads\/2024\/08\/mistrzowie_imprez_logo_ciemne-tlo@4x.png","contentUrl":"https:\/\/mistrzowieimprez.pl\/wp-content\/uploads\/2024\/08\/mistrzowie_imprez_logo_ciemne-tlo@4x.png","width":1318,"height":351,"caption":"Mistrzowie Imprez"},"image":{"@id":"https:\/\/mistrzowieimprez.pl\/#\/schema\/logo\/image\/"},"sameAs":["https:\/\/www.facebook.com\/mistrzowieimprez","https:\/\/www.instagram.com\/mistrzowieimprez\/","https:\/\/www.youtube.com\/@ytmistrzowieimprez"]}]}},"_links":{"self":[{"href":"https:\/\/mistrzowieimprez.pl\/en\/wp-json\/wp\/v2\/product\/801","targetHints":{"allow":["GET"]}}],"collection":[{"href":"https:\/\/mistrzowieimprez.pl\/en\/wp-json\/wp\/v2\/product"}],"about":[{"href":"https:\/\/mistrzowieimprez.pl\/en\/wp-json\/wp\/v2\/types\/product"}],"replies":[{"embeddable":true,"href":"https:\/\/mistrzowieimprez.pl\/en\/wp-json\/wp\/v2\/comments?post=801"}],"version-history":[{"count":0,"href":"https:\/\/mistrzowieimprez.pl\/en\/wp-json\/wp\/v2\/product\/801\/revisions"}],"wp:featuredmedia":[{"embeddable":true,"href":"https:\/\/mistrzowieimprez.pl\/en\/wp-json\/wp\/v2\/media\/1169"}],"wp:attachment":[{"href":"https:\/\/mistrzowieimprez.pl\/en\/wp-json\/wp\/v2\/media?parent=801"}],"wp:term":[{"taxonomy":"product_brand","embeddable":true,"href":"https:\/\/mistrzowieimprez.pl\/en\/wp-json\/wp\/v2\/product_brand?post=801"},{"taxonomy":"product_cat","embeddable":true,"href":"https:\/\/mistrzowieimprez.pl\/en\/wp-json\/wp\/v2\/product_cat?post=801"},{"taxonomy":"product_tag","embeddable":true,"href":"https:\/\/mistrzowieimprez.pl\/en\/wp-json\/wp\/v2\/product_tag?post=801"}],"curies":[{"name":"wp","href":"https:\/\/api.w.org\/{rel}","templated":true}]}}