{"id":800,"date":"2024-09-01T09:07:54","date_gmt":"2024-09-01T09:07:54","guid":{"rendered":"https:\/\/mistrzowieimprez.pl\/produkt\/taneczne\/"},"modified":"2026-03-18T09:19:32","modified_gmt":"2026-03-18T09:19:32","slug":"taneczne","status":"publish","type":"product","link":"https:\/\/mistrzowieimprez.pl\/en\/product\/taneczne\/","title":{"rendered":"Taneczne"},"content":{"rendered":"<p>Zapraszamy do \u015bwiata pe\u0142nego ruchu i energii z naszymi pokazami tanecznymi! Bez wzgl\u0119du na to, czy jeste\u015b fanem hip-hopu, baletu, breakdance, czy wsp\u00f3\u0142czesnej choreografii, mamy co\u015b dla Ciebie. Nasze pokazy taneczne to prawdziwe spektakle, kt\u00f3re przyci\u0105gaj\u0105 uwag\u0119 i zapewniaj\u0105 niezapomniane wra\u017cenia dla wszystkich uczestnik\u00f3w wydarzenia.<\/p>\n<ul>\n<li>Profesjonalni tancerze o r\u00f3\u017cnych stylach tanecznych<\/li>\n<li>Mo\u017cliwo\u015b\u0107 dostosowania pokazu do tematu wydarzenia<\/li>\n<li>Pokazy taneczne na \u017cywo (z mo\u017cliwo\u015bci\u0105 do\u0142\u0105czenia wysokiej jako\u015bci d\u017awi\u0119ku i o\u015bwietlenia)<\/li>\n<\/ul>\n<ul>\n<li>Wzrost energii na wydarzeniu<\/li>\n<li>Niesamowite wra\u017cenia estetyczne i artystyczne<\/li>\n<li>Mo\u017cliwo\u015b\u0107 uczestnictwa w interaktywnym pokazie tanecznym<\/li>\n<\/ul>\n<p>Zam\u00f3w nasz pokaz taneczny ju\u017c dzi\u015b i zaskocz swoich go\u015bci niezapomnianym spektaklem! Jest to idealne rozwi\u0105zanie dla tych, kt\u00f3rzy szukaj\u0105 unikalnej atrakcji na swoje wydarzenie. Dodaj do koszyka i zapytaj o wycen\u0119!<\/p>","protected":false},"excerpt":{"rendered":"<p>Zapraszamy do \u015bwiata pe\u0142nego ruchu i energii z naszymi pokazami tanecznymi. Oferujemy spektakle taneczne w r\u00f3\u017cnych stylach &#8211; od hip-hopu po balet. Zaskocz swoich go\u015bci niezapomnianym spektaklem, kt\u00f3ry dostosujemy do tematu Twojego wydarzenia.<\/p>","protected":false},"featured_media":1288,"comment_status":"closed","ping_status":"closed","template":"","meta":{"_acf_changed":false},"product_brand":[],"product_cat":[93],"product_tag":[],"class_list":{"0":"post-800","1":"product","2":"type-product","3":"status-publish","4":"has-post-thumbnail","6":"product_cat-pokazy","8":"first","9":"instock","10":"shipping-taxable","11":"purchasable","12":"product-type-simple"},"acf":[],"yoast_head":"<!-- This site is optimized with the Yoast SEO plugin v27.2 - https:\/\/yoast.com\/product\/yoast-seo-wordpress\/ -->\n<title>Pokazy taneczne: poczuj energi\u0119 i zobacz show na \u017cywo!<\/title>\n<meta name=\"robots\" content=\"index, follow, max-snippet:-1, max-image-preview:large, max-video-preview:-1\" \/>\n<link rel=\"canonical\" href=\"https:\/\/mistrzowieimprez.pl\/en\/product\/taneczne\/\" \/>\n<meta property=\"og:locale\" content=\"en_GB\" \/>\n<meta property=\"og:type\" content=\"article\" \/>\n<meta property=\"og:title\" content=\"Pokazy taneczne: poczuj energi\u0119 i zobacz show na \u017cywo!\" \/>\n<meta property=\"og:description\" content=\"Zapraszamy do \u015bwiata pe\u0142nego ruchu i energii z naszymi pokazami tanecznymi. Oferujemy spektakle taneczne w r\u00f3\u017cnych stylach - od hip-hopu po balet. Zaskocz swoich go\u015bci niezapomnianym spektaklem, kt\u00f3ry dostosujemy do tematu Twojego wydarzenia.\" \/>\n<meta property=\"og:url\" content=\"https:\/\/mistrzowieimprez.pl\/en\/product\/taneczne\/\" \/>\n<meta property=\"og:site_name\" content=\"Mistrzowie Imprez\" \/>\n<meta property=\"article:publisher\" content=\"https:\/\/www.facebook.com\/mistrzowieimprez\" \/>\n<meta property=\"article:modified_time\" content=\"2026-03-18T09:19:32+00:00\" \/>\n<meta property=\"og:image\" content=\"https:\/\/mistrzowieimprez.pl\/wp-content\/uploads\/2024\/09\/Taneczne.png\" \/>\n\t<meta property=\"og:image:width\" content=\"800\" \/>\n\t<meta property=\"og:image:height\" content=\"800\" \/>\n\t<meta property=\"og:image:type\" content=\"image\/png\" \/>\n<meta name=\"twitter:card\" content=\"summary_large_image\" \/>\n<meta name=\"twitter:label1\" content=\"Estimated reading time\" \/>\n\t<meta name=\"twitter:data1\" content=\"1 minute\" \/>\n<script type=\"application\/ld+json\" class=\"yoast-schema-graph\">{\"@context\":\"https:\/\/schema.org\",\"@graph\":[{\"@type\":\"WebPage\",\"@id\":\"https:\/\/mistrzowieimprez.pl\/produkt\/taneczne\/\",\"url\":\"https:\/\/mistrzowieimprez.pl\/produkt\/taneczne\/\",\"name\":\"Pokazy taneczne: poczuj energi\u0119 i zobacz show na \u017cywo!\",\"isPartOf\":{\"@id\":\"https:\/\/mistrzowieimprez.pl\/#website\"},\"primaryImageOfPage\":{\"@id\":\"https:\/\/mistrzowieimprez.pl\/produkt\/taneczne\/#primaryimage\"},\"image\":{\"@id\":\"https:\/\/mistrzowieimprez.pl\/produkt\/taneczne\/#primaryimage\"},\"thumbnailUrl\":\"https:\/\/mistrzowieimprez.pl\/wp-content\/uploads\/2024\/09\/Taneczne.png\",\"datePublished\":\"2024-09-01T09:07:54+00:00\",\"dateModified\":\"2026-03-18T09:19:32+00:00\",\"breadcrumb\":{\"@id\":\"https:\/\/mistrzowieimprez.pl\/produkt\/taneczne\/#breadcrumb\"},\"inLanguage\":\"en-GB\",\"potentialAction\":[{\"@type\":\"ReadAction\",\"target\":[\"https:\/\/mistrzowieimprez.pl\/produkt\/taneczne\/\"]}]},{\"@type\":\"ImageObject\",\"inLanguage\":\"en-GB\",\"@id\":\"https:\/\/mistrzowieimprez.pl\/produkt\/taneczne\/#primaryimage\",\"url\":\"https:\/\/mistrzowieimprez.pl\/wp-content\/uploads\/2024\/09\/Taneczne.png\",\"contentUrl\":\"https:\/\/mistrzowieimprez.pl\/wp-content\/uploads\/2024\/09\/Taneczne.png\",\"width\":1000,\"height\":1000,\"caption\":\"Osoba ta\u0144czy na \u015bwie\u017cym powietrzu, wygl\u0105daj\u0105c na pe\u0142n\u0105 energii i rado\u015bci, w koszulce z napisem Zumba.\"},{\"@type\":\"BreadcrumbList\",\"@id\":\"https:\/\/mistrzowieimprez.pl\/produkt\/taneczne\/#breadcrumb\",\"itemListElement\":[{\"@type\":\"ListItem\",\"position\":1,\"name\":\"Strona g\u0142\u00f3wna\",\"item\":\"https:\/\/mistrzowieimprez.pl\/\"},{\"@type\":\"ListItem\",\"position\":2,\"name\":\"sklep\",\"item\":\"https:\/\/mistrzowieimprez.pl\/sklep\/\"},{\"@type\":\"ListItem\",\"position\":3,\"name\":\"Taneczne\"}]},{\"@type\":\"WebSite\",\"@id\":\"https:\/\/mistrzowieimprez.pl\/#website\",\"url\":\"https:\/\/mistrzowieimprez.pl\/\",\"name\":\"Mistrzowie Imprez\",\"description\":\"Kompleksowa organizacja imprez\",\"publisher\":{\"@id\":\"https:\/\/mistrzowieimprez.pl\/#organization\"},\"potentialAction\":[{\"@type\":\"SearchAction\",\"target\":{\"@type\":\"EntryPoint\",\"urlTemplate\":\"https:\/\/mistrzowieimprez.pl\/?s={search_term_string}\"},\"query-input\":{\"@type\":\"PropertyValueSpecification\",\"valueRequired\":true,\"valueName\":\"search_term_string\"}}],\"inLanguage\":\"en-GB\"},{\"@type\":\"Organization\",\"@id\":\"https:\/\/mistrzowieimprez.pl\/#organization\",\"name\":\"Mistrzowie Imprez\",\"url\":\"https:\/\/mistrzowieimprez.pl\/\",\"logo\":{\"@type\":\"ImageObject\",\"inLanguage\":\"en-GB\",\"@id\":\"https:\/\/mistrzowieimprez.pl\/#\/schema\/logo\/image\/\",\"url\":\"https:\/\/mistrzowieimprez.pl\/wp-content\/uploads\/2024\/08\/mistrzowie_imprez_logo_ciemne-tlo@4x.png\",\"contentUrl\":\"https:\/\/mistrzowieimprez.pl\/wp-content\/uploads\/2024\/08\/mistrzowie_imprez_logo_ciemne-tlo@4x.png\",\"width\":1318,\"height\":351,\"caption\":\"Mistrzowie Imprez\"},\"image\":{\"@id\":\"https:\/\/mistrzowieimprez.pl\/#\/schema\/logo\/image\/\"},\"sameAs\":[\"https:\/\/www.facebook.com\/mistrzowieimprez\",\"https:\/\/www.instagram.com\/mistrzowieimprez\/\",\"https:\/\/www.youtube.com\/@ytmistrzowieimprez\"]}]}<\/script>\n<!-- \/ Yoast SEO plugin. -->","yoast_head_json":{"title":"Pokazy taneczne: poczuj energi\u0119 i zobacz show na \u017cywo!","robots":{"index":"index","follow":"follow","max-snippet":"max-snippet:-1","max-image-preview":"max-image-preview:large","max-video-preview":"max-video-preview:-1"},"canonical":"https:\/\/mistrzowieimprez.pl\/en\/product\/taneczne\/","og_locale":"en_GB","og_type":"article","og_title":"Pokazy taneczne: poczuj energi\u0119 i zobacz show na \u017cywo!","og_description":"Zapraszamy do \u015bwiata pe\u0142nego ruchu i energii z naszymi pokazami tanecznymi. Oferujemy spektakle taneczne w r\u00f3\u017cnych stylach - od hip-hopu po balet. Zaskocz swoich go\u015bci niezapomnianym spektaklem, kt\u00f3ry dostosujemy do tematu Twojego wydarzenia.","og_url":"https:\/\/mistrzowieimprez.pl\/en\/product\/taneczne\/","og_site_name":"Mistrzowie Imprez","article_publisher":"https:\/\/www.facebook.com\/mistrzowieimprez","article_modified_time":"2026-03-18T09:19:32+00:00","og_image":[{"url":"https:\/\/mistrzowieimprez.pl\/wp-content\/uploads\/2024\/09\/Taneczne.png","width":800,"height":800,"type":"image\/png"}],"twitter_card":"summary_large_image","twitter_misc":{"Estimated reading time":"1 minute"},"schema":{"@context":"https:\/\/schema.org","@graph":[{"@type":"WebPage","@id":"https:\/\/mistrzowieimprez.pl\/produkt\/taneczne\/","url":"https:\/\/mistrzowieimprez.pl\/produkt\/taneczne\/","name":"Pokazy taneczne: poczuj energi\u0119 i zobacz show na \u017cywo!","isPartOf":{"@id":"https:\/\/mistrzowieimprez.pl\/#website"},"primaryImageOfPage":{"@id":"https:\/\/mistrzowieimprez.pl\/produkt\/taneczne\/#primaryimage"},"image":{"@id":"https:\/\/mistrzowieimprez.pl\/produkt\/taneczne\/#primaryimage"},"thumbnailUrl":"https:\/\/mistrzowieimprez.pl\/wp-content\/uploads\/2024\/09\/Taneczne.png","datePublished":"2024-09-01T09:07:54+00:00","dateModified":"2026-03-18T09:19:32+00:00","breadcrumb":{"@id":"https:\/\/mistrzowieimprez.pl\/produkt\/taneczne\/#breadcrumb"},"inLanguage":"en-GB","potentialAction":[{"@type":"ReadAction","target":["https:\/\/mistrzowieimprez.pl\/produkt\/taneczne\/"]}]},{"@type":"ImageObject","inLanguage":"en-GB","@id":"https:\/\/mistrzowieimprez.pl\/produkt\/taneczne\/#primaryimage","url":"https:\/\/mistrzowieimprez.pl\/wp-content\/uploads\/2024\/09\/Taneczne.png","contentUrl":"https:\/\/mistrzowieimprez.pl\/wp-content\/uploads\/2024\/09\/Taneczne.png","width":1000,"height":1000,"caption":"Osoba ta\u0144czy na \u015bwie\u017cym powietrzu, wygl\u0105daj\u0105c na pe\u0142n\u0105 energii i rado\u015bci, w koszulce z napisem Zumba."},{"@type":"BreadcrumbList","@id":"https:\/\/mistrzowieimprez.pl\/produkt\/taneczne\/#breadcrumb","itemListElement":[{"@type":"ListItem","position":1,"name":"Strona g\u0142\u00f3wna","item":"https:\/\/mistrzowieimprez.pl\/"},{"@type":"ListItem","position":2,"name":"sklep","item":"https:\/\/mistrzowieimprez.pl\/sklep\/"},{"@type":"ListItem","position":3,"name":"Taneczne"}]},{"@type":"WebSite","@id":"https:\/\/mistrzowieimprez.pl\/#website","url":"https:\/\/mistrzowieimprez.pl\/","name":"Mistrzowie Imprez","description":"Kompleksowa organizacja imprez","publisher":{"@id":"https:\/\/mistrzowieimprez.pl\/#organization"},"potentialAction":[{"@type":"SearchAction","target":{"@type":"EntryPoint","urlTemplate":"https:\/\/mistrzowieimprez.pl\/?s={search_term_string}"},"query-input":{"@type":"PropertyValueSpecification","valueRequired":true,"valueName":"search_term_string"}}],"inLanguage":"en-GB"},{"@type":"Organization","@id":"https:\/\/mistrzowieimprez.pl\/#organization","name":"Mistrzowie Imprez","url":"https:\/\/mistrzowieimprez.pl\/","logo":{"@type":"ImageObject","inLanguage":"en-GB","@id":"https:\/\/mistrzowieimprez.pl\/#\/schema\/logo\/image\/","url":"https:\/\/mistrzowieimprez.pl\/wp-content\/uploads\/2024\/08\/mistrzowie_imprez_logo_ciemne-tlo@4x.png","contentUrl":"https:\/\/mistrzowieimprez.pl\/wp-content\/uploads\/2024\/08\/mistrzowie_imprez_logo_ciemne-tlo@4x.png","width":1318,"height":351,"caption":"Mistrzowie Imprez"},"image":{"@id":"https:\/\/mistrzowieimprez.pl\/#\/schema\/logo\/image\/"},"sameAs":["https:\/\/www.facebook.com\/mistrzowieimprez","https:\/\/www.instagram.com\/mistrzowieimprez\/","https:\/\/www.youtube.com\/@ytmistrzowieimprez"]}]}},"_links":{"self":[{"href":"https:\/\/mistrzowieimprez.pl\/en\/wp-json\/wp\/v2\/product\/800","targetHints":{"allow":["GET"]}}],"collection":[{"href":"https:\/\/mistrzowieimprez.pl\/en\/wp-json\/wp\/v2\/product"}],"about":[{"href":"https:\/\/mistrzowieimprez.pl\/en\/wp-json\/wp\/v2\/types\/product"}],"replies":[{"embeddable":true,"href":"https:\/\/mistrzowieimprez.pl\/en\/wp-json\/wp\/v2\/comments?post=800"}],"version-history":[{"count":2,"href":"https:\/\/mistrzowieimprez.pl\/en\/wp-json\/wp\/v2\/product\/800\/revisions"}],"predecessor-version":[{"id":2296,"href":"https:\/\/mistrzowieimprez.pl\/en\/wp-json\/wp\/v2\/product\/800\/revisions\/2296"}],"wp:featuredmedia":[{"embeddable":true,"href":"https:\/\/mistrzowieimprez.pl\/en\/wp-json\/wp\/v2\/media\/1288"}],"wp:attachment":[{"href":"https:\/\/mistrzowieimprez.pl\/en\/wp-json\/wp\/v2\/media?parent=800"}],"wp:term":[{"taxonomy":"product_brand","embeddable":true,"href":"https:\/\/mistrzowieimprez.pl\/en\/wp-json\/wp\/v2\/product_brand?post=800"},{"taxonomy":"product_cat","embeddable":true,"href":"https:\/\/mistrzowieimprez.pl\/en\/wp-json\/wp\/v2\/product_cat?post=800"},{"taxonomy":"product_tag","embeddable":true,"href":"https:\/\/mistrzowieimprez.pl\/en\/wp-json\/wp\/v2\/product_tag?post=800"}],"curies":[{"name":"wp","href":"https:\/\/api.w.org\/{rel}","templated":true}]}}