{"id":799,"date":"2024-09-01T09:07:54","date_gmt":"2024-09-01T09:07:54","guid":{"rendered":"https:\/\/mistrzowieimprez.pl\/produkt\/iluzjonistyczne\/"},"modified":"2026-03-18T09:19:48","modified_gmt":"2026-03-18T09:19:48","slug":"iluzjonistyczne","status":"publish","type":"product","link":"https:\/\/mistrzowieimprez.pl\/en\/product\/iluzjonistyczne\/","title":{"rendered":"Iluzjonistyczne"},"content":{"rendered":"<p>Zanurz si\u0119 w \u015bwiecie magii i czar\u00f3w z naszym pokazem iluzji! To niezapomniane do\u015bwiadczenie, kt\u00f3re z pewno\u015bci\u0105 zapewni Tobie i Twoim go\u015bciom mn\u00f3stwo zabawy i zdumienia. Nasz profesjonalny iluzjonista z pewno\u015bci\u0105 oczaruje publiczno\u015b\u0107 swoimi niewiarygodnymi sztuczkami i trikami, kt\u00f3re s\u0105 tak niesamowite, \u017ce po prostu musisz je zobaczy\u0107 na w\u0142asne oczy!<\/p>\n<ul>\n<li>Profesjonalny iluzjonista z wieloletnim do\u015bwiadczeniem<\/li>\n<li>Interaktywny pokaz z udzia\u0142em publiczno\u015bci<\/li>\n<li>Dostosowany do wszystkich grup wiekowych<\/li>\n<\/ul>\n<ul>\n<li>Zabawa i zdumienie dla ca\u0142ej rodziny<\/li>\n<li>Mo\u017cliwo\u015b\u0107 nauki kilku sztuczek<\/li>\n<li>Unikalne do\u015bwiadczenie, kt\u00f3re zostawi trwa\u0142e wspomnienia<\/li>\n<\/ul>\n<p>Nie pozw\u00f3l, aby ten magiczny moment Ci\u0119 omin\u0105\u0142! Dodaj pokaz iluzji do swojego zapytania o wycen\u0119 ju\u017c dzi\u015b!<\/p>","protected":false},"excerpt":{"rendered":"<p>Odkryj magiczny \u015bwiat iluzji z naszym profesjonalnym iluzjonist\u0105! Ta interaktywna, zabawna i zdumiewaj\u0105ca atrakcja dostarczy niezapomnianych wspomnie\u0144 dla wszystkich grup wiekowych. Nie przegap tej niezwyk\u0142ej okazji &#8211; do\u0142\u0105cz pokaz iluzji do swojego wydarzenia ju\u017c dzi\u015b!<\/p>","protected":false},"featured_media":1204,"comment_status":"closed","ping_status":"closed","template":"","meta":{"_acf_changed":false},"product_brand":[],"product_cat":[93],"product_tag":[],"class_list":{"0":"post-799","1":"product","2":"type-product","3":"status-publish","4":"has-post-thumbnail","6":"product_cat-pokazy","8":"first","9":"instock","10":"shipping-taxable","11":"purchasable","12":"product-type-simple"},"acf":[],"yoast_head":"<!-- This site is optimized with the Yoast SEO plugin v27.2 - https:\/\/yoast.com\/product\/yoast-seo-wordpress\/ -->\n<title>Pokaz iluzji na eventy \u2013 profesjonalny iluzjonista i magik na imprezy<\/title>\n<meta name=\"robots\" content=\"index, follow, max-snippet:-1, max-image-preview:large, max-video-preview:-1\" \/>\n<link rel=\"canonical\" href=\"https:\/\/mistrzowieimprez.pl\/en\/product\/iluzjonistyczne\/\" \/>\n<meta property=\"og:locale\" content=\"en_GB\" \/>\n<meta property=\"og:type\" content=\"article\" \/>\n<meta property=\"og:title\" content=\"Pokaz iluzji na eventy \u2013 profesjonalny iluzjonista i magik na imprezy\" \/>\n<meta property=\"og:description\" content=\"Odkryj magiczny \u015bwiat iluzji z naszym profesjonalnym iluzjonist\u0105! Ta interaktywna, zabawna i zdumiewaj\u0105ca atrakcja dostarczy niezapomnianych wspomnie\u0144 dla wszystkich grup wiekowych. Nie przegap tej niezwyk\u0142ej okazji - do\u0142\u0105cz pokaz iluzji do swojego wydarzenia ju\u017c dzi\u015b!\" \/>\n<meta property=\"og:url\" content=\"https:\/\/mistrzowieimprez.pl\/en\/product\/iluzjonistyczne\/\" \/>\n<meta property=\"og:site_name\" content=\"Mistrzowie Imprez\" \/>\n<meta property=\"article:publisher\" content=\"https:\/\/www.facebook.com\/mistrzowieimprez\" \/>\n<meta property=\"article:modified_time\" content=\"2026-03-18T09:19:48+00:00\" \/>\n<meta property=\"og:image\" content=\"https:\/\/mistrzowieimprez.pl\/wp-content\/uploads\/2024\/09\/Iluzjonistyczne.png\" \/>\n\t<meta property=\"og:image:width\" content=\"1000\" \/>\n\t<meta property=\"og:image:height\" content=\"1000\" \/>\n\t<meta property=\"og:image:type\" content=\"image\/png\" \/>\n<meta name=\"twitter:card\" content=\"summary_large_image\" \/>\n<meta name=\"twitter:label1\" content=\"Estimated reading time\" \/>\n\t<meta name=\"twitter:data1\" content=\"1 minute\" \/>\n<script type=\"application\/ld+json\" class=\"yoast-schema-graph\">{\"@context\":\"https:\/\/schema.org\",\"@graph\":[{\"@type\":\"WebPage\",\"@id\":\"https:\/\/mistrzowieimprez.pl\/produkt\/iluzjonistyczne\/\",\"url\":\"https:\/\/mistrzowieimprez.pl\/produkt\/iluzjonistyczne\/\",\"name\":\"Pokaz iluzji na eventy \u2013 profesjonalny iluzjonista i magik na imprezy\",\"isPartOf\":{\"@id\":\"https:\/\/mistrzowieimprez.pl\/#website\"},\"primaryImageOfPage\":{\"@id\":\"https:\/\/mistrzowieimprez.pl\/produkt\/iluzjonistyczne\/#primaryimage\"},\"image\":{\"@id\":\"https:\/\/mistrzowieimprez.pl\/produkt\/iluzjonistyczne\/#primaryimage\"},\"thumbnailUrl\":\"https:\/\/mistrzowieimprez.pl\/wp-content\/uploads\/2024\/09\/Iluzjonistyczne.png\",\"datePublished\":\"2024-09-01T09:07:54+00:00\",\"dateModified\":\"2026-03-18T09:19:48+00:00\",\"breadcrumb\":{\"@id\":\"https:\/\/mistrzowieimprez.pl\/produkt\/iluzjonistyczne\/#breadcrumb\"},\"inLanguage\":\"en-GB\",\"potentialAction\":[{\"@type\":\"ReadAction\",\"target\":[\"https:\/\/mistrzowieimprez.pl\/produkt\/iluzjonistyczne\/\"]}]},{\"@type\":\"ImageObject\",\"inLanguage\":\"en-GB\",\"@id\":\"https:\/\/mistrzowieimprez.pl\/produkt\/iluzjonistyczne\/#primaryimage\",\"url\":\"https:\/\/mistrzowieimprez.pl\/wp-content\/uploads\/2024\/09\/Iluzjonistyczne.png\",\"contentUrl\":\"https:\/\/mistrzowieimprez.pl\/wp-content\/uploads\/2024\/09\/Iluzjonistyczne.png\",\"width\":1000,\"height\":1000,\"caption\":\"Osoba ubrana w eleganck\u0105 kamizelk\u0119 pokazuje sztuczki karciane, co mo\u017ce by\u0107 cz\u0119\u015bci\u0105 atrakcji eventowej.\"},{\"@type\":\"BreadcrumbList\",\"@id\":\"https:\/\/mistrzowieimprez.pl\/produkt\/iluzjonistyczne\/#breadcrumb\",\"itemListElement\":[{\"@type\":\"ListItem\",\"position\":1,\"name\":\"Strona g\u0142\u00f3wna\",\"item\":\"https:\/\/mistrzowieimprez.pl\/\"},{\"@type\":\"ListItem\",\"position\":2,\"name\":\"sklep\",\"item\":\"https:\/\/mistrzowieimprez.pl\/sklep\/\"},{\"@type\":\"ListItem\",\"position\":3,\"name\":\"Iluzjonistyczne\"}]},{\"@type\":\"WebSite\",\"@id\":\"https:\/\/mistrzowieimprez.pl\/#website\",\"url\":\"https:\/\/mistrzowieimprez.pl\/\",\"name\":\"Mistrzowie Imprez\",\"description\":\"Kompleksowa organizacja imprez\",\"publisher\":{\"@id\":\"https:\/\/mistrzowieimprez.pl\/#organization\"},\"potentialAction\":[{\"@type\":\"SearchAction\",\"target\":{\"@type\":\"EntryPoint\",\"urlTemplate\":\"https:\/\/mistrzowieimprez.pl\/?s={search_term_string}\"},\"query-input\":{\"@type\":\"PropertyValueSpecification\",\"valueRequired\":true,\"valueName\":\"search_term_string\"}}],\"inLanguage\":\"en-GB\"},{\"@type\":\"Organization\",\"@id\":\"https:\/\/mistrzowieimprez.pl\/#organization\",\"name\":\"Mistrzowie Imprez\",\"url\":\"https:\/\/mistrzowieimprez.pl\/\",\"logo\":{\"@type\":\"ImageObject\",\"inLanguage\":\"en-GB\",\"@id\":\"https:\/\/mistrzowieimprez.pl\/#\/schema\/logo\/image\/\",\"url\":\"https:\/\/mistrzowieimprez.pl\/wp-content\/uploads\/2024\/08\/mistrzowie_imprez_logo_ciemne-tlo@4x.png\",\"contentUrl\":\"https:\/\/mistrzowieimprez.pl\/wp-content\/uploads\/2024\/08\/mistrzowie_imprez_logo_ciemne-tlo@4x.png\",\"width\":1318,\"height\":351,\"caption\":\"Mistrzowie Imprez\"},\"image\":{\"@id\":\"https:\/\/mistrzowieimprez.pl\/#\/schema\/logo\/image\/\"},\"sameAs\":[\"https:\/\/www.facebook.com\/mistrzowieimprez\",\"https:\/\/www.instagram.com\/mistrzowieimprez\/\",\"https:\/\/www.youtube.com\/@ytmistrzowieimprez\"]}]}<\/script>\n<!-- \/ Yoast SEO plugin. -->","yoast_head_json":{"title":"Pokaz iluzji na eventy \u2013 profesjonalny iluzjonista i magik na imprezy","robots":{"index":"index","follow":"follow","max-snippet":"max-snippet:-1","max-image-preview":"max-image-preview:large","max-video-preview":"max-video-preview:-1"},"canonical":"https:\/\/mistrzowieimprez.pl\/en\/product\/iluzjonistyczne\/","og_locale":"en_GB","og_type":"article","og_title":"Pokaz iluzji na eventy \u2013 profesjonalny iluzjonista i magik na imprezy","og_description":"Odkryj magiczny \u015bwiat iluzji z naszym profesjonalnym iluzjonist\u0105! Ta interaktywna, zabawna i zdumiewaj\u0105ca atrakcja dostarczy niezapomnianych wspomnie\u0144 dla wszystkich grup wiekowych. Nie przegap tej niezwyk\u0142ej okazji - do\u0142\u0105cz pokaz iluzji do swojego wydarzenia ju\u017c dzi\u015b!","og_url":"https:\/\/mistrzowieimprez.pl\/en\/product\/iluzjonistyczne\/","og_site_name":"Mistrzowie Imprez","article_publisher":"https:\/\/www.facebook.com\/mistrzowieimprez","article_modified_time":"2026-03-18T09:19:48+00:00","og_image":[{"width":1000,"height":1000,"url":"https:\/\/mistrzowieimprez.pl\/wp-content\/uploads\/2024\/09\/Iluzjonistyczne.png","type":"image\/png"}],"twitter_card":"summary_large_image","twitter_misc":{"Estimated reading time":"1 minute"},"schema":{"@context":"https:\/\/schema.org","@graph":[{"@type":"WebPage","@id":"https:\/\/mistrzowieimprez.pl\/produkt\/iluzjonistyczne\/","url":"https:\/\/mistrzowieimprez.pl\/produkt\/iluzjonistyczne\/","name":"Pokaz iluzji na eventy \u2013 profesjonalny iluzjonista i magik na imprezy","isPartOf":{"@id":"https:\/\/mistrzowieimprez.pl\/#website"},"primaryImageOfPage":{"@id":"https:\/\/mistrzowieimprez.pl\/produkt\/iluzjonistyczne\/#primaryimage"},"image":{"@id":"https:\/\/mistrzowieimprez.pl\/produkt\/iluzjonistyczne\/#primaryimage"},"thumbnailUrl":"https:\/\/mistrzowieimprez.pl\/wp-content\/uploads\/2024\/09\/Iluzjonistyczne.png","datePublished":"2024-09-01T09:07:54+00:00","dateModified":"2026-03-18T09:19:48+00:00","breadcrumb":{"@id":"https:\/\/mistrzowieimprez.pl\/produkt\/iluzjonistyczne\/#breadcrumb"},"inLanguage":"en-GB","potentialAction":[{"@type":"ReadAction","target":["https:\/\/mistrzowieimprez.pl\/produkt\/iluzjonistyczne\/"]}]},{"@type":"ImageObject","inLanguage":"en-GB","@id":"https:\/\/mistrzowieimprez.pl\/produkt\/iluzjonistyczne\/#primaryimage","url":"https:\/\/mistrzowieimprez.pl\/wp-content\/uploads\/2024\/09\/Iluzjonistyczne.png","contentUrl":"https:\/\/mistrzowieimprez.pl\/wp-content\/uploads\/2024\/09\/Iluzjonistyczne.png","width":1000,"height":1000,"caption":"Osoba ubrana w eleganck\u0105 kamizelk\u0119 pokazuje sztuczki karciane, co mo\u017ce by\u0107 cz\u0119\u015bci\u0105 atrakcji eventowej."},{"@type":"BreadcrumbList","@id":"https:\/\/mistrzowieimprez.pl\/produkt\/iluzjonistyczne\/#breadcrumb","itemListElement":[{"@type":"ListItem","position":1,"name":"Strona g\u0142\u00f3wna","item":"https:\/\/mistrzowieimprez.pl\/"},{"@type":"ListItem","position":2,"name":"sklep","item":"https:\/\/mistrzowieimprez.pl\/sklep\/"},{"@type":"ListItem","position":3,"name":"Iluzjonistyczne"}]},{"@type":"WebSite","@id":"https:\/\/mistrzowieimprez.pl\/#website","url":"https:\/\/mistrzowieimprez.pl\/","name":"Mistrzowie Imprez","description":"Kompleksowa organizacja imprez","publisher":{"@id":"https:\/\/mistrzowieimprez.pl\/#organization"},"potentialAction":[{"@type":"SearchAction","target":{"@type":"EntryPoint","urlTemplate":"https:\/\/mistrzowieimprez.pl\/?s={search_term_string}"},"query-input":{"@type":"PropertyValueSpecification","valueRequired":true,"valueName":"search_term_string"}}],"inLanguage":"en-GB"},{"@type":"Organization","@id":"https:\/\/mistrzowieimprez.pl\/#organization","name":"Mistrzowie Imprez","url":"https:\/\/mistrzowieimprez.pl\/","logo":{"@type":"ImageObject","inLanguage":"en-GB","@id":"https:\/\/mistrzowieimprez.pl\/#\/schema\/logo\/image\/","url":"https:\/\/mistrzowieimprez.pl\/wp-content\/uploads\/2024\/08\/mistrzowie_imprez_logo_ciemne-tlo@4x.png","contentUrl":"https:\/\/mistrzowieimprez.pl\/wp-content\/uploads\/2024\/08\/mistrzowie_imprez_logo_ciemne-tlo@4x.png","width":1318,"height":351,"caption":"Mistrzowie Imprez"},"image":{"@id":"https:\/\/mistrzowieimprez.pl\/#\/schema\/logo\/image\/"},"sameAs":["https:\/\/www.facebook.com\/mistrzowieimprez","https:\/\/www.instagram.com\/mistrzowieimprez\/","https:\/\/www.youtube.com\/@ytmistrzowieimprez"]}]}},"_links":{"self":[{"href":"https:\/\/mistrzowieimprez.pl\/en\/wp-json\/wp\/v2\/product\/799","targetHints":{"allow":["GET"]}}],"collection":[{"href":"https:\/\/mistrzowieimprez.pl\/en\/wp-json\/wp\/v2\/product"}],"about":[{"href":"https:\/\/mistrzowieimprez.pl\/en\/wp-json\/wp\/v2\/types\/product"}],"replies":[{"embeddable":true,"href":"https:\/\/mistrzowieimprez.pl\/en\/wp-json\/wp\/v2\/comments?post=799"}],"version-history":[{"count":1,"href":"https:\/\/mistrzowieimprez.pl\/en\/wp-json\/wp\/v2\/product\/799\/revisions"}],"predecessor-version":[{"id":3597,"href":"https:\/\/mistrzowieimprez.pl\/en\/wp-json\/wp\/v2\/product\/799\/revisions\/3597"}],"wp:featuredmedia":[{"embeddable":true,"href":"https:\/\/mistrzowieimprez.pl\/en\/wp-json\/wp\/v2\/media\/1204"}],"wp:attachment":[{"href":"https:\/\/mistrzowieimprez.pl\/en\/wp-json\/wp\/v2\/media?parent=799"}],"wp:term":[{"taxonomy":"product_brand","embeddable":true,"href":"https:\/\/mistrzowieimprez.pl\/en\/wp-json\/wp\/v2\/product_brand?post=799"},{"taxonomy":"product_cat","embeddable":true,"href":"https:\/\/mistrzowieimprez.pl\/en\/wp-json\/wp\/v2\/product_cat?post=799"},{"taxonomy":"product_tag","embeddable":true,"href":"https:\/\/mistrzowieimprez.pl\/en\/wp-json\/wp\/v2\/product_tag?post=799"}],"curies":[{"name":"wp","href":"https:\/\/api.w.org\/{rel}","templated":true}]}}