{"id":798,"date":"2024-09-01T09:07:54","date_gmt":"2024-09-01T09:07:54","guid":{"rendered":"https:\/\/mistrzowieimprez.pl\/produkt\/kaskaderskie\/"},"modified":"2026-03-18T09:19:13","modified_gmt":"2026-03-18T09:19:13","slug":"kaskaderskie","status":"publish","type":"product","link":"https:\/\/mistrzowieimprez.pl\/en\/product\/kaskaderskie\/","title":{"rendered":"Kaskaderskie"},"content":{"rendered":"<p>Nasze pokazy kaskaderskie to prawdziwa dawka adrenaliny, kt\u00f3rej nie da si\u0119 zapomnie\u0107! Profesjonalni kaskaderzy, kt\u00f3rzy pracowali na planach wielu film\u00f3w i seriali, zaprezentuj\u0105 niezwyk\u0142e ewolucje, skoki i sztuczki. To niezapomniane widowisko pe\u0142ne emocji, kt\u00f3re z pewno\u015bci\u0105 zrobi wra\u017cenie na wszystkich uczestnikach wydarzenia, niezale\u017cnie od wieku.<\/p>\n<ul>\n<li>Profesjonalni kaskaderzy z wieloletnim do\u015bwiadczeniem<\/li>\n<li>R\u00f3\u017cnorodne pokazy &#8211; od akrobacji na motocyklach, po sztuczki z ogniem<\/li>\n<li>Mo\u017cliwo\u015b\u0107 dostosowania pokazu do indywidualnych potrzeb i oczekiwa\u0144 Klienta<\/li>\n<\/ul>\n<ul>\n<li>Niezapomniane emocje i wra\u017cenia, kt\u00f3re pozostan\u0105 na d\u0142ugo w pami\u0119ci uczestnik\u00f3w<\/li>\n<li>Mo\u017cliwo\u015b\u0107 zobaczenia na \u017cywo profesjonalnych kaskader\u00f3w w akcji<\/li>\n<li>\u015awietna forma rozrywki na r\u00f3\u017cnego rodzaju wydarzeniach &#8211; od urodzin po firmowe eventy<\/li>\n<\/ul>\n<p>Chcesz zrobi\u0107 niesamowite wra\u017cenie na swoich go\u015bciach? Dodaj nasze pokazy kaskaderskie do swojego zapytania o wycen\u0119!<\/p>","protected":false},"excerpt":{"rendered":"<p>Nasze pokazy kaskaderskie to prawdziwa dawka adrenaliny, prezentowane przez profesjonalnych stuntman\u00f3w! Zaskocz swoich go\u015bci niezwyk\u0142ymi ewolucjami, skokami i sztuczkami, kt\u00f3re na d\u0142ugo zapadn\u0105 w pami\u0119\u0107 wszystkim uczestnikom wydarzenia.<\/p>","protected":false},"featured_media":1210,"comment_status":"closed","ping_status":"closed","template":"","meta":{"_acf_changed":false},"product_brand":[],"product_cat":[93],"product_tag":[],"class_list":{"0":"post-798","1":"product","2":"type-product","3":"status-publish","4":"has-post-thumbnail","6":"product_cat-pokazy","8":"first","9":"instock","10":"shipping-taxable","11":"purchasable","12":"product-type-simple"},"acf":[],"yoast_head":"<!-- This site is optimized with the Yoast SEO plugin v27.2 - https:\/\/yoast.com\/product\/yoast-seo-wordpress\/ -->\n<title>Ekstremalny Pokaz Kaskaderski: adrenalina i skoki na \u017cywo!<\/title>\n<meta name=\"robots\" content=\"index, follow, max-snippet:-1, max-image-preview:large, max-video-preview:-1\" \/>\n<link rel=\"canonical\" href=\"https:\/\/mistrzowieimprez.pl\/en\/product\/kaskaderskie\/\" \/>\n<meta property=\"og:locale\" content=\"en_GB\" \/>\n<meta property=\"og:type\" content=\"article\" \/>\n<meta property=\"og:title\" content=\"Ekstremalny Pokaz Kaskaderski: adrenalina i skoki na \u017cywo!\" \/>\n<meta property=\"og:description\" content=\"Nasze pokazy kaskaderskie to prawdziwa dawka adrenaliny, prezentowane przez profesjonalnych stuntman\u00f3w! Zaskocz swoich go\u015bci niezwyk\u0142ymi ewolucjami, skokami i sztuczkami, kt\u00f3re na d\u0142ugo zapadn\u0105 w pami\u0119\u0107 wszystkim uczestnikom wydarzenia.\" \/>\n<meta property=\"og:url\" content=\"https:\/\/mistrzowieimprez.pl\/en\/product\/kaskaderskie\/\" \/>\n<meta property=\"og:site_name\" content=\"Mistrzowie Imprez\" \/>\n<meta property=\"article:publisher\" content=\"https:\/\/www.facebook.com\/mistrzowieimprez\" \/>\n<meta property=\"article:modified_time\" content=\"2026-03-18T09:19:13+00:00\" \/>\n<meta property=\"og:image\" content=\"https:\/\/mistrzowieimprez.pl\/wp-content\/uploads\/2024\/09\/Kaskaderskie.png\" \/>\n\t<meta property=\"og:image:width\" content=\"1000\" \/>\n\t<meta property=\"og:image:height\" content=\"1000\" \/>\n\t<meta property=\"og:image:type\" content=\"image\/png\" \/>\n<meta name=\"twitter:card\" content=\"summary_large_image\" \/>\n<meta name=\"twitter:label1\" content=\"Estimated reading time\" \/>\n\t<meta name=\"twitter:data1\" content=\"1 minute\" \/>\n<script type=\"application\/ld+json\" class=\"yoast-schema-graph\">{\"@context\":\"https:\/\/schema.org\",\"@graph\":[{\"@type\":\"WebPage\",\"@id\":\"https:\/\/mistrzowieimprez.pl\/produkt\/kaskaderskie\/\",\"url\":\"https:\/\/mistrzowieimprez.pl\/produkt\/kaskaderskie\/\",\"name\":\"Ekstremalny Pokaz Kaskaderski: adrenalina i skoki na \u017cywo!\",\"isPartOf\":{\"@id\":\"https:\/\/mistrzowieimprez.pl\/#website\"},\"primaryImageOfPage\":{\"@id\":\"https:\/\/mistrzowieimprez.pl\/produkt\/kaskaderskie\/#primaryimage\"},\"image\":{\"@id\":\"https:\/\/mistrzowieimprez.pl\/produkt\/kaskaderskie\/#primaryimage\"},\"thumbnailUrl\":\"https:\/\/mistrzowieimprez.pl\/wp-content\/uploads\/2024\/09\/Kaskaderskie.png\",\"datePublished\":\"2024-09-01T09:07:54+00:00\",\"dateModified\":\"2026-03-18T09:19:13+00:00\",\"breadcrumb\":{\"@id\":\"https:\/\/mistrzowieimprez.pl\/produkt\/kaskaderskie\/#breadcrumb\"},\"inLanguage\":\"en-GB\",\"potentialAction\":[{\"@type\":\"ReadAction\",\"target\":[\"https:\/\/mistrzowieimprez.pl\/produkt\/kaskaderskie\/\"]}]},{\"@type\":\"ImageObject\",\"inLanguage\":\"en-GB\",\"@id\":\"https:\/\/mistrzowieimprez.pl\/produkt\/kaskaderskie\/#primaryimage\",\"url\":\"https:\/\/mistrzowieimprez.pl\/wp-content\/uploads\/2024\/09\/Kaskaderskie.png\",\"contentUrl\":\"https:\/\/mistrzowieimprez.pl\/wp-content\/uploads\/2024\/09\/Kaskaderskie.png\",\"width\":1000,\"height\":1000,\"caption\":\"Motocyklista wykonuje akrobacj\u0119 w powietrzu na tle nieba.\"},{\"@type\":\"BreadcrumbList\",\"@id\":\"https:\/\/mistrzowieimprez.pl\/produkt\/kaskaderskie\/#breadcrumb\",\"itemListElement\":[{\"@type\":\"ListItem\",\"position\":1,\"name\":\"Strona g\u0142\u00f3wna\",\"item\":\"https:\/\/mistrzowieimprez.pl\/\"},{\"@type\":\"ListItem\",\"position\":2,\"name\":\"sklep\",\"item\":\"https:\/\/mistrzowieimprez.pl\/sklep\/\"},{\"@type\":\"ListItem\",\"position\":3,\"name\":\"Kaskaderskie\"}]},{\"@type\":\"WebSite\",\"@id\":\"https:\/\/mistrzowieimprez.pl\/#website\",\"url\":\"https:\/\/mistrzowieimprez.pl\/\",\"name\":\"Mistrzowie Imprez\",\"description\":\"Kompleksowa organizacja imprez\",\"publisher\":{\"@id\":\"https:\/\/mistrzowieimprez.pl\/#organization\"},\"potentialAction\":[{\"@type\":\"SearchAction\",\"target\":{\"@type\":\"EntryPoint\",\"urlTemplate\":\"https:\/\/mistrzowieimprez.pl\/?s={search_term_string}\"},\"query-input\":{\"@type\":\"PropertyValueSpecification\",\"valueRequired\":true,\"valueName\":\"search_term_string\"}}],\"inLanguage\":\"en-GB\"},{\"@type\":\"Organization\",\"@id\":\"https:\/\/mistrzowieimprez.pl\/#organization\",\"name\":\"Mistrzowie Imprez\",\"url\":\"https:\/\/mistrzowieimprez.pl\/\",\"logo\":{\"@type\":\"ImageObject\",\"inLanguage\":\"en-GB\",\"@id\":\"https:\/\/mistrzowieimprez.pl\/#\/schema\/logo\/image\/\",\"url\":\"https:\/\/mistrzowieimprez.pl\/wp-content\/uploads\/2024\/08\/mistrzowie_imprez_logo_ciemne-tlo@4x.png\",\"contentUrl\":\"https:\/\/mistrzowieimprez.pl\/wp-content\/uploads\/2024\/08\/mistrzowie_imprez_logo_ciemne-tlo@4x.png\",\"width\":1318,\"height\":351,\"caption\":\"Mistrzowie Imprez\"},\"image\":{\"@id\":\"https:\/\/mistrzowieimprez.pl\/#\/schema\/logo\/image\/\"},\"sameAs\":[\"https:\/\/www.facebook.com\/mistrzowieimprez\",\"https:\/\/www.instagram.com\/mistrzowieimprez\/\",\"https:\/\/www.youtube.com\/@ytmistrzowieimprez\"]}]}<\/script>\n<!-- \/ Yoast SEO plugin. -->","yoast_head_json":{"title":"Ekstremalny Pokaz Kaskaderski: adrenalina i skoki na \u017cywo!","robots":{"index":"index","follow":"follow","max-snippet":"max-snippet:-1","max-image-preview":"max-image-preview:large","max-video-preview":"max-video-preview:-1"},"canonical":"https:\/\/mistrzowieimprez.pl\/en\/product\/kaskaderskie\/","og_locale":"en_GB","og_type":"article","og_title":"Ekstremalny Pokaz Kaskaderski: adrenalina i skoki na \u017cywo!","og_description":"Nasze pokazy kaskaderskie to prawdziwa dawka adrenaliny, prezentowane przez profesjonalnych stuntman\u00f3w! Zaskocz swoich go\u015bci niezwyk\u0142ymi ewolucjami, skokami i sztuczkami, kt\u00f3re na d\u0142ugo zapadn\u0105 w pami\u0119\u0107 wszystkim uczestnikom wydarzenia.","og_url":"https:\/\/mistrzowieimprez.pl\/en\/product\/kaskaderskie\/","og_site_name":"Mistrzowie Imprez","article_publisher":"https:\/\/www.facebook.com\/mistrzowieimprez","article_modified_time":"2026-03-18T09:19:13+00:00","og_image":[{"width":1000,"height":1000,"url":"https:\/\/mistrzowieimprez.pl\/wp-content\/uploads\/2024\/09\/Kaskaderskie.png","type":"image\/png"}],"twitter_card":"summary_large_image","twitter_misc":{"Estimated reading time":"1 minute"},"schema":{"@context":"https:\/\/schema.org","@graph":[{"@type":"WebPage","@id":"https:\/\/mistrzowieimprez.pl\/produkt\/kaskaderskie\/","url":"https:\/\/mistrzowieimprez.pl\/produkt\/kaskaderskie\/","name":"Ekstremalny Pokaz Kaskaderski: adrenalina i skoki na \u017cywo!","isPartOf":{"@id":"https:\/\/mistrzowieimprez.pl\/#website"},"primaryImageOfPage":{"@id":"https:\/\/mistrzowieimprez.pl\/produkt\/kaskaderskie\/#primaryimage"},"image":{"@id":"https:\/\/mistrzowieimprez.pl\/produkt\/kaskaderskie\/#primaryimage"},"thumbnailUrl":"https:\/\/mistrzowieimprez.pl\/wp-content\/uploads\/2024\/09\/Kaskaderskie.png","datePublished":"2024-09-01T09:07:54+00:00","dateModified":"2026-03-18T09:19:13+00:00","breadcrumb":{"@id":"https:\/\/mistrzowieimprez.pl\/produkt\/kaskaderskie\/#breadcrumb"},"inLanguage":"en-GB","potentialAction":[{"@type":"ReadAction","target":["https:\/\/mistrzowieimprez.pl\/produkt\/kaskaderskie\/"]}]},{"@type":"ImageObject","inLanguage":"en-GB","@id":"https:\/\/mistrzowieimprez.pl\/produkt\/kaskaderskie\/#primaryimage","url":"https:\/\/mistrzowieimprez.pl\/wp-content\/uploads\/2024\/09\/Kaskaderskie.png","contentUrl":"https:\/\/mistrzowieimprez.pl\/wp-content\/uploads\/2024\/09\/Kaskaderskie.png","width":1000,"height":1000,"caption":"Motocyklista wykonuje akrobacj\u0119 w powietrzu na tle nieba."},{"@type":"BreadcrumbList","@id":"https:\/\/mistrzowieimprez.pl\/produkt\/kaskaderskie\/#breadcrumb","itemListElement":[{"@type":"ListItem","position":1,"name":"Strona g\u0142\u00f3wna","item":"https:\/\/mistrzowieimprez.pl\/"},{"@type":"ListItem","position":2,"name":"sklep","item":"https:\/\/mistrzowieimprez.pl\/sklep\/"},{"@type":"ListItem","position":3,"name":"Kaskaderskie"}]},{"@type":"WebSite","@id":"https:\/\/mistrzowieimprez.pl\/#website","url":"https:\/\/mistrzowieimprez.pl\/","name":"Mistrzowie Imprez","description":"Kompleksowa organizacja imprez","publisher":{"@id":"https:\/\/mistrzowieimprez.pl\/#organization"},"potentialAction":[{"@type":"SearchAction","target":{"@type":"EntryPoint","urlTemplate":"https:\/\/mistrzowieimprez.pl\/?s={search_term_string}"},"query-input":{"@type":"PropertyValueSpecification","valueRequired":true,"valueName":"search_term_string"}}],"inLanguage":"en-GB"},{"@type":"Organization","@id":"https:\/\/mistrzowieimprez.pl\/#organization","name":"Mistrzowie Imprez","url":"https:\/\/mistrzowieimprez.pl\/","logo":{"@type":"ImageObject","inLanguage":"en-GB","@id":"https:\/\/mistrzowieimprez.pl\/#\/schema\/logo\/image\/","url":"https:\/\/mistrzowieimprez.pl\/wp-content\/uploads\/2024\/08\/mistrzowie_imprez_logo_ciemne-tlo@4x.png","contentUrl":"https:\/\/mistrzowieimprez.pl\/wp-content\/uploads\/2024\/08\/mistrzowie_imprez_logo_ciemne-tlo@4x.png","width":1318,"height":351,"caption":"Mistrzowie Imprez"},"image":{"@id":"https:\/\/mistrzowieimprez.pl\/#\/schema\/logo\/image\/"},"sameAs":["https:\/\/www.facebook.com\/mistrzowieimprez","https:\/\/www.instagram.com\/mistrzowieimprez\/","https:\/\/www.youtube.com\/@ytmistrzowieimprez"]}]}},"_links":{"self":[{"href":"https:\/\/mistrzowieimprez.pl\/en\/wp-json\/wp\/v2\/product\/798","targetHints":{"allow":["GET"]}}],"collection":[{"href":"https:\/\/mistrzowieimprez.pl\/en\/wp-json\/wp\/v2\/product"}],"about":[{"href":"https:\/\/mistrzowieimprez.pl\/en\/wp-json\/wp\/v2\/types\/product"}],"replies":[{"embeddable":true,"href":"https:\/\/mistrzowieimprez.pl\/en\/wp-json\/wp\/v2\/comments?post=798"}],"version-history":[{"count":1,"href":"https:\/\/mistrzowieimprez.pl\/en\/wp-json\/wp\/v2\/product\/798\/revisions"}],"predecessor-version":[{"id":3596,"href":"https:\/\/mistrzowieimprez.pl\/en\/wp-json\/wp\/v2\/product\/798\/revisions\/3596"}],"wp:featuredmedia":[{"embeddable":true,"href":"https:\/\/mistrzowieimprez.pl\/en\/wp-json\/wp\/v2\/media\/1210"}],"wp:attachment":[{"href":"https:\/\/mistrzowieimprez.pl\/en\/wp-json\/wp\/v2\/media?parent=798"}],"wp:term":[{"taxonomy":"product_brand","embeddable":true,"href":"https:\/\/mistrzowieimprez.pl\/en\/wp-json\/wp\/v2\/product_brand?post=798"},{"taxonomy":"product_cat","embeddable":true,"href":"https:\/\/mistrzowieimprez.pl\/en\/wp-json\/wp\/v2\/product_cat?post=798"},{"taxonomy":"product_tag","embeddable":true,"href":"https:\/\/mistrzowieimprez.pl\/en\/wp-json\/wp\/v2\/product_tag?post=798"}],"curies":[{"name":"wp","href":"https:\/\/api.w.org\/{rel}","templated":true}]}}