{"id":797,"date":"2024-09-01T09:07:53","date_gmt":"2024-09-01T09:07:53","guid":{"rendered":"https:\/\/mistrzowieimprez.pl\/produkt\/fire-show\/"},"modified":"2026-03-18T09:18:45","modified_gmt":"2026-03-18T09:18:45","slug":"fire-show","status":"publish","type":"product","link":"https:\/\/mistrzowieimprez.pl\/en\/product\/fire-show\/","title":{"rendered":"Fire Show"},"content":{"rendered":"<p>Podziwiaj spektakularne pokazy Fire Show na swoim wydarzeniu! Nasze fascynuj\u0105ce pokazy ognia to po\u0142\u0105czenie pi\u0119kna, si\u0142y i umiej\u0119tno\u015bci, kt\u00f3re z pewno\u015bci\u0105 zapieraj\u0105 dech w piersiach. Idealne dla doros\u0142ych i dzieci, te dynamiczne prezentacje s\u0105 doskona\u0142ym dodatkiem do ka\u017cdego rodzaju imprezy, od urodzin po festiwale.<\/p>\n<ul>\n<li>Spektakularny pokaz ognia wykonywany przez profesjonalnych artyst\u00f3w.<\/li>\n<li>Mo\u017cliwo\u015b\u0107 dostosowania pokazu do ka\u017cdego rodzaju imprezy.<\/li>\n<li>Bezpiecze\u0144stwo i profesjonalizm gwarantowane przez naszych do\u015bwiadczonych artyst\u00f3w.<\/li>\n<\/ul>\n<ul>\n<li>Do\u015bwiadczenie niesamowitego spektaklu, kt\u00f3ry zapewni niezapomniane wra\u017cenia dla wszystkich go\u015bci.<\/li>\n<li>Stworzenie niesamowitej atmosfery, kt\u00f3ra sprawi, \u017ce Twoje wydarzenie b\u0119dzie niezapomniane.<\/li>\n<li>Mo\u017cliwo\u015b\u0107 dostosowania pokazu do Twoich preferencji, co sprawi, \u017ce b\u0119dzie on jeszcze bardziej wyj\u0105tkowy.<\/li>\n<\/ul>\n<p>Nie czekaj, dodaj Fire Show do swojego zapytania o wycen\u0119 i zaskocz swoich go\u015bci niesamowitym spektaklem!<\/p>","protected":false},"excerpt":{"rendered":"<p>Podziwiaj spektakularne pokazy Fire Show na swoim wydarzeniu! Te fascynuj\u0105ce pokazy ognia to po\u0142\u0105czenie pi\u0119kna, si\u0142y i umiej\u0119tno\u015bci, kt\u00f3re zapieraj\u0105 dech w piersiach. Idealne dla wszystkich, te dynamiczne prezentacje s\u0105 doskona\u0142ym dodatkiem do ka\u017cdego rodzaju imprezy.<\/p>","protected":false},"featured_media":1189,"comment_status":"closed","ping_status":"closed","template":"","meta":{"_acf_changed":false},"product_brand":[],"product_cat":[93],"product_tag":[],"class_list":{"0":"post-797","1":"product","2":"type-product","3":"status-publish","4":"has-post-thumbnail","6":"product_cat-pokazy","8":"first","9":"instock","10":"shipping-taxable","11":"purchasable","12":"product-type-simple"},"acf":[],"yoast_head":"<!-- This site is optimized with the Yoast SEO plugin v27.2 - https:\/\/yoast.com\/product\/yoast-seo-wordpress\/ -->\n<title>Fire Show na eventy \u2013 profesjonalne pokazy ognia i teatr ognia<\/title>\n<meta name=\"robots\" content=\"index, follow, max-snippet:-1, max-image-preview:large, max-video-preview:-1\" \/>\n<link rel=\"canonical\" href=\"https:\/\/mistrzowieimprez.pl\/en\/product\/fire-show\/\" \/>\n<meta property=\"og:locale\" content=\"en_GB\" \/>\n<meta property=\"og:type\" content=\"article\" \/>\n<meta property=\"og:title\" content=\"Fire Show na eventy \u2013 profesjonalne pokazy ognia i teatr ognia\" \/>\n<meta property=\"og:description\" content=\"Podziwiaj spektakularne pokazy Fire Show na swoim wydarzeniu! Te fascynuj\u0105ce pokazy ognia to po\u0142\u0105czenie pi\u0119kna, si\u0142y i umiej\u0119tno\u015bci, kt\u00f3re zapieraj\u0105 dech w piersiach. Idealne dla wszystkich, te dynamiczne prezentacje s\u0105 doskona\u0142ym dodatkiem do ka\u017cdego rodzaju imprezy.\" \/>\n<meta property=\"og:url\" content=\"https:\/\/mistrzowieimprez.pl\/en\/product\/fire-show\/\" \/>\n<meta property=\"og:site_name\" content=\"Mistrzowie Imprez\" \/>\n<meta property=\"article:publisher\" content=\"https:\/\/www.facebook.com\/mistrzowieimprez\" \/>\n<meta property=\"article:modified_time\" content=\"2026-03-18T09:18:45+00:00\" \/>\n<meta property=\"og:image\" content=\"https:\/\/mistrzowieimprez.pl\/wp-content\/uploads\/2024\/09\/Fire-Show.png\" \/>\n\t<meta property=\"og:image:width\" content=\"1000\" \/>\n\t<meta property=\"og:image:height\" content=\"1000\" \/>\n\t<meta property=\"og:image:type\" content=\"image\/png\" \/>\n<meta name=\"twitter:card\" content=\"summary_large_image\" \/>\n<meta name=\"twitter:label1\" content=\"Estimated reading time\" \/>\n\t<meta name=\"twitter:data1\" content=\"1 minute\" \/>\n<script type=\"application\/ld+json\" class=\"yoast-schema-graph\">{\"@context\":\"https:\/\/schema.org\",\"@graph\":[{\"@type\":\"WebPage\",\"@id\":\"https:\/\/mistrzowieimprez.pl\/produkt\/fire-show\/\",\"url\":\"https:\/\/mistrzowieimprez.pl\/produkt\/fire-show\/\",\"name\":\"Fire Show na eventy \u2013 profesjonalne pokazy ognia i teatr ognia\",\"isPartOf\":{\"@id\":\"https:\/\/mistrzowieimprez.pl\/#website\"},\"primaryImageOfPage\":{\"@id\":\"https:\/\/mistrzowieimprez.pl\/produkt\/fire-show\/#primaryimage\"},\"image\":{\"@id\":\"https:\/\/mistrzowieimprez.pl\/produkt\/fire-show\/#primaryimage\"},\"thumbnailUrl\":\"https:\/\/mistrzowieimprez.pl\/wp-content\/uploads\/2024\/09\/Fire-Show.png\",\"datePublished\":\"2024-09-01T09:07:53+00:00\",\"dateModified\":\"2026-03-18T09:18:45+00:00\",\"breadcrumb\":{\"@id\":\"https:\/\/mistrzowieimprez.pl\/produkt\/fire-show\/#breadcrumb\"},\"inLanguage\":\"en-GB\",\"potentialAction\":[{\"@type\":\"ReadAction\",\"target\":[\"https:\/\/mistrzowieimprez.pl\/produkt\/fire-show\/\"]}]},{\"@type\":\"ImageObject\",\"inLanguage\":\"en-GB\",\"@id\":\"https:\/\/mistrzowieimprez.pl\/produkt\/fire-show\/#primaryimage\",\"url\":\"https:\/\/mistrzowieimprez.pl\/wp-content\/uploads\/2024\/09\/Fire-Show.png\",\"contentUrl\":\"https:\/\/mistrzowieimprez.pl\/wp-content\/uploads\/2024\/09\/Fire-Show.png\",\"width\":1000,\"height\":1000},{\"@type\":\"BreadcrumbList\",\"@id\":\"https:\/\/mistrzowieimprez.pl\/produkt\/fire-show\/#breadcrumb\",\"itemListElement\":[{\"@type\":\"ListItem\",\"position\":1,\"name\":\"Strona g\u0142\u00f3wna\",\"item\":\"https:\/\/mistrzowieimprez.pl\/\"},{\"@type\":\"ListItem\",\"position\":2,\"name\":\"sklep\",\"item\":\"https:\/\/mistrzowieimprez.pl\/sklep\/\"},{\"@type\":\"ListItem\",\"position\":3,\"name\":\"Fire Show\"}]},{\"@type\":\"WebSite\",\"@id\":\"https:\/\/mistrzowieimprez.pl\/#website\",\"url\":\"https:\/\/mistrzowieimprez.pl\/\",\"name\":\"Mistrzowie Imprez\",\"description\":\"Kompleksowa organizacja imprez\",\"publisher\":{\"@id\":\"https:\/\/mistrzowieimprez.pl\/#organization\"},\"potentialAction\":[{\"@type\":\"SearchAction\",\"target\":{\"@type\":\"EntryPoint\",\"urlTemplate\":\"https:\/\/mistrzowieimprez.pl\/?s={search_term_string}\"},\"query-input\":{\"@type\":\"PropertyValueSpecification\",\"valueRequired\":true,\"valueName\":\"search_term_string\"}}],\"inLanguage\":\"en-GB\"},{\"@type\":\"Organization\",\"@id\":\"https:\/\/mistrzowieimprez.pl\/#organization\",\"name\":\"Mistrzowie Imprez\",\"url\":\"https:\/\/mistrzowieimprez.pl\/\",\"logo\":{\"@type\":\"ImageObject\",\"inLanguage\":\"en-GB\",\"@id\":\"https:\/\/mistrzowieimprez.pl\/#\/schema\/logo\/image\/\",\"url\":\"https:\/\/mistrzowieimprez.pl\/wp-content\/uploads\/2024\/08\/mistrzowie_imprez_logo_ciemne-tlo@4x.png\",\"contentUrl\":\"https:\/\/mistrzowieimprez.pl\/wp-content\/uploads\/2024\/08\/mistrzowie_imprez_logo_ciemne-tlo@4x.png\",\"width\":1318,\"height\":351,\"caption\":\"Mistrzowie Imprez\"},\"image\":{\"@id\":\"https:\/\/mistrzowieimprez.pl\/#\/schema\/logo\/image\/\"},\"sameAs\":[\"https:\/\/www.facebook.com\/mistrzowieimprez\",\"https:\/\/www.instagram.com\/mistrzowieimprez\/\",\"https:\/\/www.youtube.com\/@ytmistrzowieimprez\"]}]}<\/script>\n<!-- \/ Yoast SEO plugin. -->","yoast_head_json":{"title":"Fire Show na eventy \u2013 profesjonalne pokazy ognia i teatr ognia","robots":{"index":"index","follow":"follow","max-snippet":"max-snippet:-1","max-image-preview":"max-image-preview:large","max-video-preview":"max-video-preview:-1"},"canonical":"https:\/\/mistrzowieimprez.pl\/en\/product\/fire-show\/","og_locale":"en_GB","og_type":"article","og_title":"Fire Show na eventy \u2013 profesjonalne pokazy ognia i teatr ognia","og_description":"Podziwiaj spektakularne pokazy Fire Show na swoim wydarzeniu! Te fascynuj\u0105ce pokazy ognia to po\u0142\u0105czenie pi\u0119kna, si\u0142y i umiej\u0119tno\u015bci, kt\u00f3re zapieraj\u0105 dech w piersiach. Idealne dla wszystkich, te dynamiczne prezentacje s\u0105 doskona\u0142ym dodatkiem do ka\u017cdego rodzaju imprezy.","og_url":"https:\/\/mistrzowieimprez.pl\/en\/product\/fire-show\/","og_site_name":"Mistrzowie Imprez","article_publisher":"https:\/\/www.facebook.com\/mistrzowieimprez","article_modified_time":"2026-03-18T09:18:45+00:00","og_image":[{"width":1000,"height":1000,"url":"https:\/\/mistrzowieimprez.pl\/wp-content\/uploads\/2024\/09\/Fire-Show.png","type":"image\/png"}],"twitter_card":"summary_large_image","twitter_misc":{"Estimated reading time":"1 minute"},"schema":{"@context":"https:\/\/schema.org","@graph":[{"@type":"WebPage","@id":"https:\/\/mistrzowieimprez.pl\/produkt\/fire-show\/","url":"https:\/\/mistrzowieimprez.pl\/produkt\/fire-show\/","name":"Fire Show na eventy \u2013 profesjonalne pokazy ognia i teatr ognia","isPartOf":{"@id":"https:\/\/mistrzowieimprez.pl\/#website"},"primaryImageOfPage":{"@id":"https:\/\/mistrzowieimprez.pl\/produkt\/fire-show\/#primaryimage"},"image":{"@id":"https:\/\/mistrzowieimprez.pl\/produkt\/fire-show\/#primaryimage"},"thumbnailUrl":"https:\/\/mistrzowieimprez.pl\/wp-content\/uploads\/2024\/09\/Fire-Show.png","datePublished":"2024-09-01T09:07:53+00:00","dateModified":"2026-03-18T09:18:45+00:00","breadcrumb":{"@id":"https:\/\/mistrzowieimprez.pl\/produkt\/fire-show\/#breadcrumb"},"inLanguage":"en-GB","potentialAction":[{"@type":"ReadAction","target":["https:\/\/mistrzowieimprez.pl\/produkt\/fire-show\/"]}]},{"@type":"ImageObject","inLanguage":"en-GB","@id":"https:\/\/mistrzowieimprez.pl\/produkt\/fire-show\/#primaryimage","url":"https:\/\/mistrzowieimprez.pl\/wp-content\/uploads\/2024\/09\/Fire-Show.png","contentUrl":"https:\/\/mistrzowieimprez.pl\/wp-content\/uploads\/2024\/09\/Fire-Show.png","width":1000,"height":1000},{"@type":"BreadcrumbList","@id":"https:\/\/mistrzowieimprez.pl\/produkt\/fire-show\/#breadcrumb","itemListElement":[{"@type":"ListItem","position":1,"name":"Strona g\u0142\u00f3wna","item":"https:\/\/mistrzowieimprez.pl\/"},{"@type":"ListItem","position":2,"name":"sklep","item":"https:\/\/mistrzowieimprez.pl\/sklep\/"},{"@type":"ListItem","position":3,"name":"Fire Show"}]},{"@type":"WebSite","@id":"https:\/\/mistrzowieimprez.pl\/#website","url":"https:\/\/mistrzowieimprez.pl\/","name":"Mistrzowie Imprez","description":"Kompleksowa organizacja imprez","publisher":{"@id":"https:\/\/mistrzowieimprez.pl\/#organization"},"potentialAction":[{"@type":"SearchAction","target":{"@type":"EntryPoint","urlTemplate":"https:\/\/mistrzowieimprez.pl\/?s={search_term_string}"},"query-input":{"@type":"PropertyValueSpecification","valueRequired":true,"valueName":"search_term_string"}}],"inLanguage":"en-GB"},{"@type":"Organization","@id":"https:\/\/mistrzowieimprez.pl\/#organization","name":"Mistrzowie Imprez","url":"https:\/\/mistrzowieimprez.pl\/","logo":{"@type":"ImageObject","inLanguage":"en-GB","@id":"https:\/\/mistrzowieimprez.pl\/#\/schema\/logo\/image\/","url":"https:\/\/mistrzowieimprez.pl\/wp-content\/uploads\/2024\/08\/mistrzowie_imprez_logo_ciemne-tlo@4x.png","contentUrl":"https:\/\/mistrzowieimprez.pl\/wp-content\/uploads\/2024\/08\/mistrzowie_imprez_logo_ciemne-tlo@4x.png","width":1318,"height":351,"caption":"Mistrzowie Imprez"},"image":{"@id":"https:\/\/mistrzowieimprez.pl\/#\/schema\/logo\/image\/"},"sameAs":["https:\/\/www.facebook.com\/mistrzowieimprez","https:\/\/www.instagram.com\/mistrzowieimprez\/","https:\/\/www.youtube.com\/@ytmistrzowieimprez"]}]}},"_links":{"self":[{"href":"https:\/\/mistrzowieimprez.pl\/en\/wp-json\/wp\/v2\/product\/797","targetHints":{"allow":["GET"]}}],"collection":[{"href":"https:\/\/mistrzowieimprez.pl\/en\/wp-json\/wp\/v2\/product"}],"about":[{"href":"https:\/\/mistrzowieimprez.pl\/en\/wp-json\/wp\/v2\/types\/product"}],"replies":[{"embeddable":true,"href":"https:\/\/mistrzowieimprez.pl\/en\/wp-json\/wp\/v2\/comments?post=797"}],"version-history":[{"count":1,"href":"https:\/\/mistrzowieimprez.pl\/en\/wp-json\/wp\/v2\/product\/797\/revisions"}],"predecessor-version":[{"id":3595,"href":"https:\/\/mistrzowieimprez.pl\/en\/wp-json\/wp\/v2\/product\/797\/revisions\/3595"}],"wp:featuredmedia":[{"embeddable":true,"href":"https:\/\/mistrzowieimprez.pl\/en\/wp-json\/wp\/v2\/media\/1189"}],"wp:attachment":[{"href":"https:\/\/mistrzowieimprez.pl\/en\/wp-json\/wp\/v2\/media?parent=797"}],"wp:term":[{"taxonomy":"product_brand","embeddable":true,"href":"https:\/\/mistrzowieimprez.pl\/en\/wp-json\/wp\/v2\/product_brand?post=797"},{"taxonomy":"product_cat","embeddable":true,"href":"https:\/\/mistrzowieimprez.pl\/en\/wp-json\/wp\/v2\/product_cat?post=797"},{"taxonomy":"product_tag","embeddable":true,"href":"https:\/\/mistrzowieimprez.pl\/en\/wp-json\/wp\/v2\/product_tag?post=797"}],"curies":[{"name":"wp","href":"https:\/\/api.w.org\/{rel}","templated":true}]}}