{"id":796,"date":"2024-09-01T09:07:53","date_gmt":"2024-09-01T09:07:53","guid":{"rendered":"https:\/\/mistrzowieimprez.pl\/produkt\/ledowe-i-laserowe\/"},"modified":"2026-03-18T09:18:11","modified_gmt":"2026-03-18T09:18:11","slug":"ledowe-i-laserowe","status":"publish","type":"product","link":"https:\/\/mistrzowieimprez.pl\/en\/product\/ledowe-i-laserowe\/","title":{"rendered":"Pokazy ledowe i laserowe"},"content":{"rendered":"<p>Zapraszamy do \u015bwiata blasku i kolor\u00f3w z naszymi pokazami LED i Laserowych! To niezapomniane do\u015bwiadczenie, kt\u00f3re dos\u0142ownie roz\u015bwietli ka\u017cd\u0105 imprez\u0119, od urodzin po festiwale. Uczestnicy b\u0119d\u0105 zafascynowani tym, jak \u015bwiat\u0142o i kolor mog\u0105 tworzy\u0107 niesamowite efekty i transformowa\u0107 przestrze\u0144 dooko\u0142a nich.<\/p>\n<ul>\n<li>Pokazy LED z wykorzystaniem r\u00f3\u017cnorodnych gad\u017cet\u00f3w, takich jak laski, kije jonglerskie, diabelki i wiele innych.<\/li>\n<li>Pokazy laserowe z wykorzystaniem nowoczesnej technologii, tworz\u0105ce niepowtarzalne wzory i efekty.<\/li>\n<li>Mo\u017cliwo\u015b\u0107 personalizacji pokaz\u00f3w, aby pasowa\u0142y do tematu lub kolorystyki wydarzenia.<\/li>\n<\/ul>\n<ul>\n<li>Zaoszcz\u0119d\u017a czas i wysi\u0142ek na organizacj\u0119 rozrywki &#8211; nasze pokazy LED i laserowe s\u0105 gotowe do u\u017cycia i zawsze robi\u0105 wra\u017cenie.<\/li>\n<li>Stw\u00f3rz niezapomniane wspomnienia dla swoich go\u015bci, obserwuj\u0105c niesamowite efekty \u015bwietlne.<\/li>\n<li>Dodaj &#8222;wow&#8221; efekt do swojego wydarzenia, kt\u00f3ry na d\u0142ugo zostanie w pami\u0119ci uczestnik\u00f3w.<\/li>\n<\/ul>\n<p>Nie czekaj, dodaj nasze pokazy LED i laserowe do swojego zapytania o wycen\u0119 ju\u017c dzi\u015b i zaskocz swoich go\u015bci niezapomnianym \u015bwietlnym do\u015bwiadczeniem!<\/p>","protected":false},"excerpt":{"rendered":"<p>Zapraszamy do niezapomnianego do\u015bwiadczenia z naszymi pokazami LED i Laserowymi, kt\u00f3re dos\u0142ownie roz\u015bwietl\u0105 ka\u017cd\u0105 imprez\u0119! Fascynuj\u0105ce efekty \u015bwietlne i kolorystyczne przenios\u0105 uczestnik\u00f3w do innej rzeczywisto\u015bci. Nasze pokazy s\u0105 gotowe do u\u017cycia i zawsze robi\u0105 wra\u017cenie &#8211; dodaj wow efekt do swojego wydarzenia!<\/p>","protected":false},"featured_media":1135,"comment_status":"closed","ping_status":"closed","template":"","meta":{"_acf_changed":false},"product_brand":[],"product_cat":[93],"product_tag":[],"class_list":{"0":"post-796","1":"product","2":"type-product","3":"status-publish","4":"has-post-thumbnail","6":"product_cat-pokazy","8":"first","9":"instock","10":"shipping-taxable","11":"purchasable","12":"product-type-simple"},"acf":[],"yoast_head":"<!-- This site is optimized with the Yoast SEO plugin v27.2 - https:\/\/yoast.com\/product\/yoast-seo-wordpress\/ -->\n<title>Pokaz LED i Laser\u00f3w: roz\u015bwietl sw\u00f3j event niesamowitym show!<\/title>\n<meta name=\"robots\" content=\"index, follow, max-snippet:-1, max-image-preview:large, max-video-preview:-1\" \/>\n<link rel=\"canonical\" href=\"https:\/\/mistrzowieimprez.pl\/en\/product\/ledowe-i-laserowe\/\" \/>\n<meta property=\"og:locale\" content=\"en_GB\" \/>\n<meta property=\"og:type\" content=\"article\" \/>\n<meta property=\"og:title\" content=\"Pokaz LED i Laser\u00f3w: roz\u015bwietl sw\u00f3j event niesamowitym show!\" \/>\n<meta property=\"og:description\" content=\"Zapraszamy do niezapomnianego do\u015bwiadczenia z naszymi pokazami LED i Laserowymi, kt\u00f3re dos\u0142ownie roz\u015bwietl\u0105 ka\u017cd\u0105 imprez\u0119! Fascynuj\u0105ce efekty \u015bwietlne i kolorystyczne przenios\u0105 uczestnik\u00f3w do innej rzeczywisto\u015bci. Nasze pokazy s\u0105 gotowe do u\u017cycia i zawsze robi\u0105 wra\u017cenie - dodaj wow efekt do swojego wydarzenia!\" \/>\n<meta property=\"og:url\" content=\"https:\/\/mistrzowieimprez.pl\/en\/product\/ledowe-i-laserowe\/\" \/>\n<meta property=\"og:site_name\" content=\"Mistrzowie Imprez\" \/>\n<meta property=\"article:publisher\" content=\"https:\/\/www.facebook.com\/mistrzowieimprez\" \/>\n<meta property=\"article:modified_time\" content=\"2026-03-18T09:18:11+00:00\" \/>\n<meta property=\"og:image\" content=\"https:\/\/mistrzowieimprez.pl\/wp-content\/uploads\/2024\/09\/Pokazy-ledowe-i-laserowe-scaled.jpg\" \/>\n\t<meta property=\"og:image:width\" content=\"2560\" \/>\n\t<meta property=\"og:image:height\" content=\"1707\" \/>\n\t<meta property=\"og:image:type\" content=\"image\/jpeg\" \/>\n<meta name=\"twitter:card\" content=\"summary_large_image\" \/>\n<meta name=\"twitter:label1\" content=\"Estimated reading time\" \/>\n\t<meta name=\"twitter:data1\" content=\"2 minutes\" \/>\n<script type=\"application\/ld+json\" class=\"yoast-schema-graph\">{\"@context\":\"https:\/\/schema.org\",\"@graph\":[{\"@type\":\"WebPage\",\"@id\":\"https:\/\/mistrzowieimprez.pl\/produkt\/ledowe-i-laserowe\/\",\"url\":\"https:\/\/mistrzowieimprez.pl\/produkt\/ledowe-i-laserowe\/\",\"name\":\"Pokaz LED i Laser\u00f3w: roz\u015bwietl sw\u00f3j event niesamowitym show!\",\"isPartOf\":{\"@id\":\"https:\/\/mistrzowieimprez.pl\/#website\"},\"primaryImageOfPage\":{\"@id\":\"https:\/\/mistrzowieimprez.pl\/produkt\/ledowe-i-laserowe\/#primaryimage\"},\"image\":{\"@id\":\"https:\/\/mistrzowieimprez.pl\/produkt\/ledowe-i-laserowe\/#primaryimage\"},\"thumbnailUrl\":\"https:\/\/mistrzowieimprez.pl\/wp-content\/uploads\/2024\/09\/Pokazy-ledowe-i-laserowe-scaled.jpg\",\"datePublished\":\"2024-09-01T09:07:53+00:00\",\"dateModified\":\"2026-03-18T09:18:11+00:00\",\"breadcrumb\":{\"@id\":\"https:\/\/mistrzowieimprez.pl\/produkt\/ledowe-i-laserowe\/#breadcrumb\"},\"inLanguage\":\"en-GB\",\"potentialAction\":[{\"@type\":\"ReadAction\",\"target\":[\"https:\/\/mistrzowieimprez.pl\/produkt\/ledowe-i-laserowe\/\"]}]},{\"@type\":\"ImageObject\",\"inLanguage\":\"en-GB\",\"@id\":\"https:\/\/mistrzowieimprez.pl\/produkt\/ledowe-i-laserowe\/#primaryimage\",\"url\":\"https:\/\/mistrzowieimprez.pl\/wp-content\/uploads\/2024\/09\/Pokazy-ledowe-i-laserowe-scaled.jpg\",\"contentUrl\":\"https:\/\/mistrzowieimprez.pl\/wp-content\/uploads\/2024\/09\/Pokazy-ledowe-i-laserowe-scaled.jpg\",\"width\":2560,\"height\":1707,\"caption\":\"Na zdj\u0119ciu wida\u0107 artyst\u0119 wykonuj\u0105cego pokaz \u015bwietlny z u\u017cyciem iluminowanych obr\u0119czy, tworz\u0105cego efektowne wzory \u015bwietlne.\"},{\"@type\":\"BreadcrumbList\",\"@id\":\"https:\/\/mistrzowieimprez.pl\/produkt\/ledowe-i-laserowe\/#breadcrumb\",\"itemListElement\":[{\"@type\":\"ListItem\",\"position\":1,\"name\":\"Strona g\u0142\u00f3wna\",\"item\":\"https:\/\/mistrzowieimprez.pl\/\"},{\"@type\":\"ListItem\",\"position\":2,\"name\":\"sklep\",\"item\":\"https:\/\/mistrzowieimprez.pl\/sklep\/\"},{\"@type\":\"ListItem\",\"position\":3,\"name\":\"Pokazy ledowe i laserowe\"}]},{\"@type\":\"WebSite\",\"@id\":\"https:\/\/mistrzowieimprez.pl\/#website\",\"url\":\"https:\/\/mistrzowieimprez.pl\/\",\"name\":\"Mistrzowie Imprez\",\"description\":\"Kompleksowa organizacja imprez\",\"publisher\":{\"@id\":\"https:\/\/mistrzowieimprez.pl\/#organization\"},\"potentialAction\":[{\"@type\":\"SearchAction\",\"target\":{\"@type\":\"EntryPoint\",\"urlTemplate\":\"https:\/\/mistrzowieimprez.pl\/?s={search_term_string}\"},\"query-input\":{\"@type\":\"PropertyValueSpecification\",\"valueRequired\":true,\"valueName\":\"search_term_string\"}}],\"inLanguage\":\"en-GB\"},{\"@type\":\"Organization\",\"@id\":\"https:\/\/mistrzowieimprez.pl\/#organization\",\"name\":\"Mistrzowie Imprez\",\"url\":\"https:\/\/mistrzowieimprez.pl\/\",\"logo\":{\"@type\":\"ImageObject\",\"inLanguage\":\"en-GB\",\"@id\":\"https:\/\/mistrzowieimprez.pl\/#\/schema\/logo\/image\/\",\"url\":\"https:\/\/mistrzowieimprez.pl\/wp-content\/uploads\/2024\/08\/mistrzowie_imprez_logo_ciemne-tlo@4x.png\",\"contentUrl\":\"https:\/\/mistrzowieimprez.pl\/wp-content\/uploads\/2024\/08\/mistrzowie_imprez_logo_ciemne-tlo@4x.png\",\"width\":1318,\"height\":351,\"caption\":\"Mistrzowie Imprez\"},\"image\":{\"@id\":\"https:\/\/mistrzowieimprez.pl\/#\/schema\/logo\/image\/\"},\"sameAs\":[\"https:\/\/www.facebook.com\/mistrzowieimprez\",\"https:\/\/www.instagram.com\/mistrzowieimprez\/\",\"https:\/\/www.youtube.com\/@ytmistrzowieimprez\"]}]}<\/script>\n<!-- \/ Yoast SEO plugin. -->","yoast_head_json":{"title":"Pokaz LED i Laser\u00f3w: roz\u015bwietl sw\u00f3j event niesamowitym show!","robots":{"index":"index","follow":"follow","max-snippet":"max-snippet:-1","max-image-preview":"max-image-preview:large","max-video-preview":"max-video-preview:-1"},"canonical":"https:\/\/mistrzowieimprez.pl\/en\/product\/ledowe-i-laserowe\/","og_locale":"en_GB","og_type":"article","og_title":"Pokaz LED i Laser\u00f3w: roz\u015bwietl sw\u00f3j event niesamowitym show!","og_description":"Zapraszamy do niezapomnianego do\u015bwiadczenia z naszymi pokazami LED i Laserowymi, kt\u00f3re dos\u0142ownie roz\u015bwietl\u0105 ka\u017cd\u0105 imprez\u0119! Fascynuj\u0105ce efekty \u015bwietlne i kolorystyczne przenios\u0105 uczestnik\u00f3w do innej rzeczywisto\u015bci. Nasze pokazy s\u0105 gotowe do u\u017cycia i zawsze robi\u0105 wra\u017cenie - dodaj wow efekt do swojego wydarzenia!","og_url":"https:\/\/mistrzowieimprez.pl\/en\/product\/ledowe-i-laserowe\/","og_site_name":"Mistrzowie Imprez","article_publisher":"https:\/\/www.facebook.com\/mistrzowieimprez","article_modified_time":"2026-03-18T09:18:11+00:00","og_image":[{"width":2560,"height":1707,"url":"https:\/\/mistrzowieimprez.pl\/wp-content\/uploads\/2024\/09\/Pokazy-ledowe-i-laserowe-scaled.jpg","type":"image\/jpeg"}],"twitter_card":"summary_large_image","twitter_misc":{"Estimated reading time":"2 minutes"},"schema":{"@context":"https:\/\/schema.org","@graph":[{"@type":"WebPage","@id":"https:\/\/mistrzowieimprez.pl\/produkt\/ledowe-i-laserowe\/","url":"https:\/\/mistrzowieimprez.pl\/produkt\/ledowe-i-laserowe\/","name":"Pokaz LED i Laser\u00f3w: roz\u015bwietl sw\u00f3j event niesamowitym show!","isPartOf":{"@id":"https:\/\/mistrzowieimprez.pl\/#website"},"primaryImageOfPage":{"@id":"https:\/\/mistrzowieimprez.pl\/produkt\/ledowe-i-laserowe\/#primaryimage"},"image":{"@id":"https:\/\/mistrzowieimprez.pl\/produkt\/ledowe-i-laserowe\/#primaryimage"},"thumbnailUrl":"https:\/\/mistrzowieimprez.pl\/wp-content\/uploads\/2024\/09\/Pokazy-ledowe-i-laserowe-scaled.jpg","datePublished":"2024-09-01T09:07:53+00:00","dateModified":"2026-03-18T09:18:11+00:00","breadcrumb":{"@id":"https:\/\/mistrzowieimprez.pl\/produkt\/ledowe-i-laserowe\/#breadcrumb"},"inLanguage":"en-GB","potentialAction":[{"@type":"ReadAction","target":["https:\/\/mistrzowieimprez.pl\/produkt\/ledowe-i-laserowe\/"]}]},{"@type":"ImageObject","inLanguage":"en-GB","@id":"https:\/\/mistrzowieimprez.pl\/produkt\/ledowe-i-laserowe\/#primaryimage","url":"https:\/\/mistrzowieimprez.pl\/wp-content\/uploads\/2024\/09\/Pokazy-ledowe-i-laserowe-scaled.jpg","contentUrl":"https:\/\/mistrzowieimprez.pl\/wp-content\/uploads\/2024\/09\/Pokazy-ledowe-i-laserowe-scaled.jpg","width":2560,"height":1707,"caption":"Na zdj\u0119ciu wida\u0107 artyst\u0119 wykonuj\u0105cego pokaz \u015bwietlny z u\u017cyciem iluminowanych obr\u0119czy, tworz\u0105cego efektowne wzory \u015bwietlne."},{"@type":"BreadcrumbList","@id":"https:\/\/mistrzowieimprez.pl\/produkt\/ledowe-i-laserowe\/#breadcrumb","itemListElement":[{"@type":"ListItem","position":1,"name":"Strona g\u0142\u00f3wna","item":"https:\/\/mistrzowieimprez.pl\/"},{"@type":"ListItem","position":2,"name":"sklep","item":"https:\/\/mistrzowieimprez.pl\/sklep\/"},{"@type":"ListItem","position":3,"name":"Pokazy ledowe i laserowe"}]},{"@type":"WebSite","@id":"https:\/\/mistrzowieimprez.pl\/#website","url":"https:\/\/mistrzowieimprez.pl\/","name":"Mistrzowie Imprez","description":"Kompleksowa organizacja imprez","publisher":{"@id":"https:\/\/mistrzowieimprez.pl\/#organization"},"potentialAction":[{"@type":"SearchAction","target":{"@type":"EntryPoint","urlTemplate":"https:\/\/mistrzowieimprez.pl\/?s={search_term_string}"},"query-input":{"@type":"PropertyValueSpecification","valueRequired":true,"valueName":"search_term_string"}}],"inLanguage":"en-GB"},{"@type":"Organization","@id":"https:\/\/mistrzowieimprez.pl\/#organization","name":"Mistrzowie Imprez","url":"https:\/\/mistrzowieimprez.pl\/","logo":{"@type":"ImageObject","inLanguage":"en-GB","@id":"https:\/\/mistrzowieimprez.pl\/#\/schema\/logo\/image\/","url":"https:\/\/mistrzowieimprez.pl\/wp-content\/uploads\/2024\/08\/mistrzowie_imprez_logo_ciemne-tlo@4x.png","contentUrl":"https:\/\/mistrzowieimprez.pl\/wp-content\/uploads\/2024\/08\/mistrzowie_imprez_logo_ciemne-tlo@4x.png","width":1318,"height":351,"caption":"Mistrzowie Imprez"},"image":{"@id":"https:\/\/mistrzowieimprez.pl\/#\/schema\/logo\/image\/"},"sameAs":["https:\/\/www.facebook.com\/mistrzowieimprez","https:\/\/www.instagram.com\/mistrzowieimprez\/","https:\/\/www.youtube.com\/@ytmistrzowieimprez"]}]}},"_links":{"self":[{"href":"https:\/\/mistrzowieimprez.pl\/en\/wp-json\/wp\/v2\/product\/796","targetHints":{"allow":["GET"]}}],"collection":[{"href":"https:\/\/mistrzowieimprez.pl\/en\/wp-json\/wp\/v2\/product"}],"about":[{"href":"https:\/\/mistrzowieimprez.pl\/en\/wp-json\/wp\/v2\/types\/product"}],"replies":[{"embeddable":true,"href":"https:\/\/mistrzowieimprez.pl\/en\/wp-json\/wp\/v2\/comments?post=796"}],"version-history":[{"count":1,"href":"https:\/\/mistrzowieimprez.pl\/en\/wp-json\/wp\/v2\/product\/796\/revisions"}],"predecessor-version":[{"id":3594,"href":"https:\/\/mistrzowieimprez.pl\/en\/wp-json\/wp\/v2\/product\/796\/revisions\/3594"}],"wp:featuredmedia":[{"embeddable":true,"href":"https:\/\/mistrzowieimprez.pl\/en\/wp-json\/wp\/v2\/media\/1135"}],"wp:attachment":[{"href":"https:\/\/mistrzowieimprez.pl\/en\/wp-json\/wp\/v2\/media?parent=796"}],"wp:term":[{"taxonomy":"product_brand","embeddable":true,"href":"https:\/\/mistrzowieimprez.pl\/en\/wp-json\/wp\/v2\/product_brand?post=796"},{"taxonomy":"product_cat","embeddable":true,"href":"https:\/\/mistrzowieimprez.pl\/en\/wp-json\/wp\/v2\/product_cat?post=796"},{"taxonomy":"product_tag","embeddable":true,"href":"https:\/\/mistrzowieimprez.pl\/en\/wp-json\/wp\/v2\/product_tag?post=796"}],"curies":[{"name":"wp","href":"https:\/\/api.w.org\/{rel}","templated":true}]}}