{"id":793,"date":"2024-09-01T09:07:51","date_gmt":"2024-09-01T09:07:51","guid":{"rendered":"https:\/\/mistrzowieimprez.pl\/produkt\/fotolustro\/"},"modified":"2026-03-18T09:17:04","modified_gmt":"2026-03-18T09:17:04","slug":"fotolustro","status":"publish","type":"product","link":"https:\/\/mistrzowieimprez.pl\/en\/product\/fotolustro\/","title":{"rendered":"Fotolustro"},"content":{"rendered":"<p>Zr\u00f3bcie miejsce dla Fotolustra! To zabawka, kt\u00f3ra przyprawi o u\u015bmiech ka\u017cdego go\u015bcia na Twoim evencie. Dzi\u0119ki swojemu eleganckiemu wygl\u0105dowi i interaktywnym funkcjom, jest to zabawka, kt\u00f3ra nie tylko dostarcza \u015bwietnej zabawy, ale r\u00f3wnie\u017c staje si\u0119 atrakcj\u0105 dla ka\u017cdego wieku.<\/p>\n<ul>\n<li>Interaktywne lustro z dotykowym ekranem<\/li>\n<li>Automatyczne wydruk zdj\u0119\u0107 w ci\u0105gu kilku sekund<\/li>\n<li>Mo\u017cliwo\u015b\u0107 personalizacji zdj\u0119\u0107 za pomoc\u0105 r\u00f3\u017cnych ramki i filtr\u00f3w<\/li>\n<\/ul>\n<ul>\n<li>\u015awietna zabawa i niezapomniane wspomnienia dla Twoich go\u015bci<\/li>\n<li>Mo\u017cliwo\u015b\u0107 stworzenia unikalnych pami\u0105tek z Twojego eventu<\/li>\n<li>Artyku\u0142, kt\u00f3ry promuje interakcje spo\u0142eczne i zabaw\u0119<\/li>\n<\/ul>\n<p>Nie czekaj! Dodaj Fotolustro do swojego zapytania ofertowego ju\u017c dzi\u015b, a Twoje wydarzenie stanie si\u0119 niezapomnianym do\u015bwiadczeniem dla wszystkich uczestnik\u00f3w!<\/p>","protected":false},"excerpt":{"rendered":"<p>Zapewniaj\u0105c u\u015bmiech i niezapomniane wspomnienia, nasze Fotolustro b\u0119dzie atrakcj\u0105 na ka\u017cdym wydarzeniu. Interaktywne, z dotykowym ekranem i mo\u017cliwo\u015bci\u0105 personalizacji zdj\u0119\u0107, dostarcza nie tylko \u015bwietnej zabawy, ale r\u00f3wnie\u017c unikalnych pami\u0105tek. Czekaj nie d\u0142u\u017cej, dodaj Fotolustro do swojego eventu!<\/p>","protected":false},"featured_media":1193,"comment_status":"closed","ping_status":"closed","template":"","meta":{"_acf_changed":false},"product_brand":[],"product_cat":[80,92],"product_tag":[],"class_list":{"0":"post-793","1":"product","2":"type-product","3":"status-publish","4":"has-post-thumbnail","6":"product_cat-dla-mlodziezy-i-doroslych","7":"product_cat-fotobudka-na-imprezy","9":"first","10":"instock","11":"downloadable","12":"virtual","13":"purchasable","14":"product-type-simple"},"acf":[],"yoast_head":"<!-- This site is optimized with the Yoast SEO plugin v27.5 - https:\/\/yoast.com\/product\/yoast-seo-wordpress\/ -->\n<title>Magic Mirror: poczuj magi\u0119 zdj\u0119\u0107 i zaskocz go\u015bci atrakcj\u0105!<\/title>\n<meta name=\"robots\" content=\"index, follow, max-snippet:-1, max-image-preview:large, max-video-preview:-1\" \/>\n<link rel=\"canonical\" href=\"https:\/\/mistrzowieimprez.pl\/en\/product\/fotolustro\/\" \/>\n<meta property=\"og:locale\" content=\"en_GB\" \/>\n<meta property=\"og:type\" content=\"article\" \/>\n<meta property=\"og:title\" content=\"Magic Mirror: poczuj magi\u0119 zdj\u0119\u0107 i zaskocz go\u015bci atrakcj\u0105!\" \/>\n<meta property=\"og:description\" content=\"Zapewniaj\u0105c u\u015bmiech i niezapomniane wspomnienia, nasze Fotolustro b\u0119dzie atrakcj\u0105 na ka\u017cdym wydarzeniu. Interaktywne, z dotykowym ekranem i mo\u017cliwo\u015bci\u0105 personalizacji zdj\u0119\u0107, dostarcza nie tylko \u015bwietnej zabawy, ale r\u00f3wnie\u017c unikalnych pami\u0105tek. Czekaj nie d\u0142u\u017cej, dodaj Fotolustro do swojego eventu!\" \/>\n<meta property=\"og:url\" content=\"https:\/\/mistrzowieimprez.pl\/en\/product\/fotolustro\/\" \/>\n<meta property=\"og:site_name\" content=\"Mistrzowie Imprez\" \/>\n<meta property=\"article:publisher\" content=\"https:\/\/www.facebook.com\/mistrzowieimprez\" \/>\n<meta property=\"article:modified_time\" content=\"2026-03-18T09:17:04+00:00\" \/>\n<meta property=\"og:image\" content=\"https:\/\/mistrzowieimprez.pl\/wp-content\/uploads\/2024\/09\/Fotolustro.png\" \/>\n\t<meta property=\"og:image:width\" content=\"1000\" \/>\n\t<meta property=\"og:image:height\" content=\"1000\" \/>\n\t<meta property=\"og:image:type\" content=\"image\/png\" \/>\n<meta name=\"twitter:card\" content=\"summary_large_image\" \/>\n<meta name=\"twitter:label1\" content=\"Estimated reading time\" \/>\n\t<meta name=\"twitter:data1\" content=\"1 minute\" \/>\n<script type=\"application\/ld+json\" class=\"yoast-schema-graph\">{\"@context\":\"https:\\\/\\\/schema.org\",\"@graph\":[{\"@type\":\"WebPage\",\"@id\":\"https:\\\/\\\/mistrzowieimprez.pl\\\/produkt\\\/fotolustro\\\/\",\"url\":\"https:\\\/\\\/mistrzowieimprez.pl\\\/produkt\\\/fotolustro\\\/\",\"name\":\"Magic Mirror: poczuj magi\u0119 zdj\u0119\u0107 i zaskocz go\u015bci atrakcj\u0105!\",\"isPartOf\":{\"@id\":\"https:\\\/\\\/mistrzowieimprez.pl\\\/#website\"},\"primaryImageOfPage\":{\"@id\":\"https:\\\/\\\/mistrzowieimprez.pl\\\/produkt\\\/fotolustro\\\/#primaryimage\"},\"image\":{\"@id\":\"https:\\\/\\\/mistrzowieimprez.pl\\\/produkt\\\/fotolustro\\\/#primaryimage\"},\"thumbnailUrl\":\"https:\\\/\\\/mistrzowieimprez.pl\\\/wp-content\\\/uploads\\\/2024\\\/09\\\/Fotolustro.png\",\"datePublished\":\"2024-09-01T09:07:51+00:00\",\"dateModified\":\"2026-03-18T09:17:04+00:00\",\"breadcrumb\":{\"@id\":\"https:\\\/\\\/mistrzowieimprez.pl\\\/produkt\\\/fotolustro\\\/#breadcrumb\"},\"inLanguage\":\"en-GB\",\"potentialAction\":[{\"@type\":\"ReadAction\",\"target\":[\"https:\\\/\\\/mistrzowieimprez.pl\\\/produkt\\\/fotolustro\\\/\"]}]},{\"@type\":\"ImageObject\",\"inLanguage\":\"en-GB\",\"@id\":\"https:\\\/\\\/mistrzowieimprez.pl\\\/produkt\\\/fotolustro\\\/#primaryimage\",\"url\":\"https:\\\/\\\/mistrzowieimprez.pl\\\/wp-content\\\/uploads\\\/2024\\\/09\\\/Fotolustro.png\",\"contentUrl\":\"https:\\\/\\\/mistrzowieimprez.pl\\\/wp-content\\\/uploads\\\/2024\\\/09\\\/Fotolustro.png\",\"width\":1000,\"height\":1000,\"caption\":\"Grupa os\u00f3b bawi si\u0119 przed fotobudk\u0105, korzystaj\u0105c z kolorowych akcesori\u00f3w na tle dekorowanej \u015bciany.\"},{\"@type\":\"BreadcrumbList\",\"@id\":\"https:\\\/\\\/mistrzowieimprez.pl\\\/produkt\\\/fotolustro\\\/#breadcrumb\",\"itemListElement\":[{\"@type\":\"ListItem\",\"position\":1,\"name\":\"Strona g\u0142\u00f3wna\",\"item\":\"https:\\\/\\\/mistrzowieimprez.pl\\\/\"},{\"@type\":\"ListItem\",\"position\":2,\"name\":\"sklep\",\"item\":\"https:\\\/\\\/mistrzowieimprez.pl\\\/sklep\\\/\"},{\"@type\":\"ListItem\",\"position\":3,\"name\":\"Fotolustro\"}]},{\"@type\":\"WebSite\",\"@id\":\"https:\\\/\\\/mistrzowieimprez.pl\\\/#website\",\"url\":\"https:\\\/\\\/mistrzowieimprez.pl\\\/\",\"name\":\"Mistrzowie Imprez\",\"description\":\"Kompleksowa organizacja imprez\",\"publisher\":{\"@id\":\"https:\\\/\\\/mistrzowieimprez.pl\\\/#organization\"},\"potentialAction\":[{\"@type\":\"SearchAction\",\"target\":{\"@type\":\"EntryPoint\",\"urlTemplate\":\"https:\\\/\\\/mistrzowieimprez.pl\\\/?s={search_term_string}\"},\"query-input\":{\"@type\":\"PropertyValueSpecification\",\"valueRequired\":true,\"valueName\":\"search_term_string\"}}],\"inLanguage\":\"en-GB\"},{\"@type\":\"Organization\",\"@id\":\"https:\\\/\\\/mistrzowieimprez.pl\\\/#organization\",\"name\":\"Mistrzowie Imprez\",\"url\":\"https:\\\/\\\/mistrzowieimprez.pl\\\/\",\"logo\":{\"@type\":\"ImageObject\",\"inLanguage\":\"en-GB\",\"@id\":\"https:\\\/\\\/mistrzowieimprez.pl\\\/#\\\/schema\\\/logo\\\/image\\\/\",\"url\":\"https:\\\/\\\/mistrzowieimprez.pl\\\/wp-content\\\/uploads\\\/2024\\\/08\\\/mistrzowie_imprez_logo_ciemne-tlo@4x.png\",\"contentUrl\":\"https:\\\/\\\/mistrzowieimprez.pl\\\/wp-content\\\/uploads\\\/2024\\\/08\\\/mistrzowie_imprez_logo_ciemne-tlo@4x.png\",\"width\":1318,\"height\":351,\"caption\":\"Mistrzowie Imprez\"},\"image\":{\"@id\":\"https:\\\/\\\/mistrzowieimprez.pl\\\/#\\\/schema\\\/logo\\\/image\\\/\"},\"sameAs\":[\"https:\\\/\\\/www.facebook.com\\\/mistrzowieimprez\",\"https:\\\/\\\/www.instagram.com\\\/mistrzowieimprez\\\/\",\"https:\\\/\\\/www.youtube.com\\\/@ytmistrzowieimprez\"]}]}<\/script>\n<!-- \/ Yoast SEO plugin. -->","yoast_head_json":{"title":"Magic Mirror: poczuj magi\u0119 zdj\u0119\u0107 i zaskocz go\u015bci atrakcj\u0105!","robots":{"index":"index","follow":"follow","max-snippet":"max-snippet:-1","max-image-preview":"max-image-preview:large","max-video-preview":"max-video-preview:-1"},"canonical":"https:\/\/mistrzowieimprez.pl\/en\/product\/fotolustro\/","og_locale":"en_GB","og_type":"article","og_title":"Magic Mirror: poczuj magi\u0119 zdj\u0119\u0107 i zaskocz go\u015bci atrakcj\u0105!","og_description":"Zapewniaj\u0105c u\u015bmiech i niezapomniane wspomnienia, nasze Fotolustro b\u0119dzie atrakcj\u0105 na ka\u017cdym wydarzeniu. Interaktywne, z dotykowym ekranem i mo\u017cliwo\u015bci\u0105 personalizacji zdj\u0119\u0107, dostarcza nie tylko \u015bwietnej zabawy, ale r\u00f3wnie\u017c unikalnych pami\u0105tek. Czekaj nie d\u0142u\u017cej, dodaj Fotolustro do swojego eventu!","og_url":"https:\/\/mistrzowieimprez.pl\/en\/product\/fotolustro\/","og_site_name":"Mistrzowie Imprez","article_publisher":"https:\/\/www.facebook.com\/mistrzowieimprez","article_modified_time":"2026-03-18T09:17:04+00:00","og_image":[{"width":1000,"height":1000,"url":"https:\/\/mistrzowieimprez.pl\/wp-content\/uploads\/2024\/09\/Fotolustro.png","type":"image\/png"}],"twitter_card":"summary_large_image","twitter_misc":{"Estimated reading time":"1 minute"},"schema":{"@context":"https:\/\/schema.org","@graph":[{"@type":"WebPage","@id":"https:\/\/mistrzowieimprez.pl\/produkt\/fotolustro\/","url":"https:\/\/mistrzowieimprez.pl\/produkt\/fotolustro\/","name":"Magic Mirror: poczuj magi\u0119 zdj\u0119\u0107 i zaskocz go\u015bci atrakcj\u0105!","isPartOf":{"@id":"https:\/\/mistrzowieimprez.pl\/#website"},"primaryImageOfPage":{"@id":"https:\/\/mistrzowieimprez.pl\/produkt\/fotolustro\/#primaryimage"},"image":{"@id":"https:\/\/mistrzowieimprez.pl\/produkt\/fotolustro\/#primaryimage"},"thumbnailUrl":"https:\/\/mistrzowieimprez.pl\/wp-content\/uploads\/2024\/09\/Fotolustro.png","datePublished":"2024-09-01T09:07:51+00:00","dateModified":"2026-03-18T09:17:04+00:00","breadcrumb":{"@id":"https:\/\/mistrzowieimprez.pl\/produkt\/fotolustro\/#breadcrumb"},"inLanguage":"en-GB","potentialAction":[{"@type":"ReadAction","target":["https:\/\/mistrzowieimprez.pl\/produkt\/fotolustro\/"]}]},{"@type":"ImageObject","inLanguage":"en-GB","@id":"https:\/\/mistrzowieimprez.pl\/produkt\/fotolustro\/#primaryimage","url":"https:\/\/mistrzowieimprez.pl\/wp-content\/uploads\/2024\/09\/Fotolustro.png","contentUrl":"https:\/\/mistrzowieimprez.pl\/wp-content\/uploads\/2024\/09\/Fotolustro.png","width":1000,"height":1000,"caption":"Grupa os\u00f3b bawi si\u0119 przed fotobudk\u0105, korzystaj\u0105c z kolorowych akcesori\u00f3w na tle dekorowanej \u015bciany."},{"@type":"BreadcrumbList","@id":"https:\/\/mistrzowieimprez.pl\/produkt\/fotolustro\/#breadcrumb","itemListElement":[{"@type":"ListItem","position":1,"name":"Strona g\u0142\u00f3wna","item":"https:\/\/mistrzowieimprez.pl\/"},{"@type":"ListItem","position":2,"name":"sklep","item":"https:\/\/mistrzowieimprez.pl\/sklep\/"},{"@type":"ListItem","position":3,"name":"Fotolustro"}]},{"@type":"WebSite","@id":"https:\/\/mistrzowieimprez.pl\/#website","url":"https:\/\/mistrzowieimprez.pl\/","name":"Mistrzowie Imprez","description":"Kompleksowa organizacja imprez","publisher":{"@id":"https:\/\/mistrzowieimprez.pl\/#organization"},"potentialAction":[{"@type":"SearchAction","target":{"@type":"EntryPoint","urlTemplate":"https:\/\/mistrzowieimprez.pl\/?s={search_term_string}"},"query-input":{"@type":"PropertyValueSpecification","valueRequired":true,"valueName":"search_term_string"}}],"inLanguage":"en-GB"},{"@type":"Organization","@id":"https:\/\/mistrzowieimprez.pl\/#organization","name":"Mistrzowie Imprez","url":"https:\/\/mistrzowieimprez.pl\/","logo":{"@type":"ImageObject","inLanguage":"en-GB","@id":"https:\/\/mistrzowieimprez.pl\/#\/schema\/logo\/image\/","url":"https:\/\/mistrzowieimprez.pl\/wp-content\/uploads\/2024\/08\/mistrzowie_imprez_logo_ciemne-tlo@4x.png","contentUrl":"https:\/\/mistrzowieimprez.pl\/wp-content\/uploads\/2024\/08\/mistrzowie_imprez_logo_ciemne-tlo@4x.png","width":1318,"height":351,"caption":"Mistrzowie Imprez"},"image":{"@id":"https:\/\/mistrzowieimprez.pl\/#\/schema\/logo\/image\/"},"sameAs":["https:\/\/www.facebook.com\/mistrzowieimprez","https:\/\/www.instagram.com\/mistrzowieimprez\/","https:\/\/www.youtube.com\/@ytmistrzowieimprez"]}]}},"_links":{"self":[{"href":"https:\/\/mistrzowieimprez.pl\/en\/wp-json\/wp\/v2\/product\/793","targetHints":{"allow":["GET"]}}],"collection":[{"href":"https:\/\/mistrzowieimprez.pl\/en\/wp-json\/wp\/v2\/product"}],"about":[{"href":"https:\/\/mistrzowieimprez.pl\/en\/wp-json\/wp\/v2\/types\/product"}],"replies":[{"embeddable":true,"href":"https:\/\/mistrzowieimprez.pl\/en\/wp-json\/wp\/v2\/comments?post=793"}],"version-history":[{"count":1,"href":"https:\/\/mistrzowieimprez.pl\/en\/wp-json\/wp\/v2\/product\/793\/revisions"}],"predecessor-version":[{"id":3592,"href":"https:\/\/mistrzowieimprez.pl\/en\/wp-json\/wp\/v2\/product\/793\/revisions\/3592"}],"wp:featuredmedia":[{"embeddable":true,"href":"https:\/\/mistrzowieimprez.pl\/en\/wp-json\/wp\/v2\/media\/1193"}],"wp:attachment":[{"href":"https:\/\/mistrzowieimprez.pl\/en\/wp-json\/wp\/v2\/media?parent=793"}],"wp:term":[{"taxonomy":"product_brand","embeddable":true,"href":"https:\/\/mistrzowieimprez.pl\/en\/wp-json\/wp\/v2\/product_brand?post=793"},{"taxonomy":"product_cat","embeddable":true,"href":"https:\/\/mistrzowieimprez.pl\/en\/wp-json\/wp\/v2\/product_cat?post=793"},{"taxonomy":"product_tag","embeddable":true,"href":"https:\/\/mistrzowieimprez.pl\/en\/wp-json\/wp\/v2\/product_tag?post=793"}],"curies":[{"name":"wp","href":"https:\/\/api.w.org\/{rel}","templated":true}]}}