{"id":789,"date":"2024-09-01T09:07:49","date_gmt":"2024-09-01T09:07:49","guid":{"rendered":"https:\/\/mistrzowieimprez.pl\/produkt\/atari-pong\/"},"modified":"2026-03-18T09:15:48","modified_gmt":"2026-03-18T09:15:48","slug":"atari-pong","status":"publish","type":"product","link":"https:\/\/mistrzowieimprez.pl\/en\/product\/atari-pong\/","title":{"rendered":"Atari Pong"},"content":{"rendered":"<p>Atari Pong to prawdziwy klasyk, kt\u00f3ry powraca na nasze eventy pe\u0142en energii i zabawy! Ta interaktywna gra retro sprawi, \u017ce poczujesz si\u0119 jak w starych dobrych czasach, kiedy to zatracali\u015bmy si\u0119 w prostej, ale wci\u0105gaj\u0105cej rozgrywce. Atari Pong to doskona\u0142y wyb\u00f3r dla tych, kt\u00f3rzy pragn\u0105 po\u0142\u0105czy\u0107 nostalgi\u0119 z nowoczesn\u0105 zabaw\u0105 na ka\u017cdym evencie!<\/p>\n<ul>\n<li>Wieloosobowy tryb gry zapewniaj\u0105cy rywalizacj\u0119 i zabaw\u0119 dla wszystkich<\/li>\n<li>Prosta obs\u0142uga i zasady gry, idealne dla os\u00f3b w ka\u017cdym wieku<\/li>\n<li>Styl retro, kt\u00f3ry przyci\u0105ga wzrok i dodaje charakteru ka\u017cdemu wydarzeniu<\/li>\n<\/ul>\n<ul>\n<li>Prze\u017cyj niesamowit\u0105 podr\u00f3\u017c do przesz\u0142o\u015bci z klasyczn\u0105 gr\u0105 Atari Pong<\/li>\n<li>Zdob\u0105d\u017a nowe umiej\u0119tno\u015bci, rozwijaj\u0105c swoj\u0105 zr\u0119czno\u015b\u0107 i szybko\u015b\u0107 reakcji<\/li>\n<li>Podziel si\u0119 rado\u015bci\u0105 gry z rodzin\u0105 i przyjaci\u00f3\u0142mi, tworz\u0105c wsp\u00f3lne, niezapomniane wspomnienia<\/li>\n<\/ul>\n<p>Nie czekaj, wr\u00f3\u0107 do przesz\u0142o\u015bci dzi\u0119ki Atari Pong! Dodaj t\u0119 fantastyczn\u0105 gr\u0119 do swojego zapytania o wycen\u0119 ju\u017c teraz!<\/p>","protected":false},"excerpt":{"rendered":"<p>Atari Pong to kultowa gra, kt\u00f3ra przenosi Ci\u0119 w \u015bwiat retro rozrywki! Idealna dla wszystkich wiek\u00f3w, zapewnia niezapomniane emocje i rywalizacj\u0119. Przywr\u00f3\u0107 wspomnienia z przesz\u0142o\u015bci i dodaj unikalny charakter swojemu wydarzeniu z Atari Pong.<\/p>","protected":false},"featured_media":1148,"comment_status":"closed","ping_status":"closed","template":"","meta":{"_acf_changed":false},"product_brand":[],"product_cat":[80,90],"product_tag":[],"class_list":{"0":"post-789","1":"product","2":"type-product","3":"status-publish","4":"has-post-thumbnail","6":"product_cat-dla-mlodziezy-i-doroslych","7":"product_cat-symulatory-i-gry-retro","9":"first","10":"instock","11":"downloadable","12":"virtual","13":"purchasable","14":"product-type-simple"},"acf":[],"yoast_head":"<!-- This site is optimized with the Yoast SEO plugin v27.5 - https:\/\/yoast.com\/product\/yoast-seo-wordpress\/ -->\n<title>Atari Pong: zmierz si\u0119 w kultowym pojedynku i sprawd\u017a refleks!<\/title>\n<meta name=\"robots\" content=\"index, follow, max-snippet:-1, max-image-preview:large, max-video-preview:-1\" \/>\n<link rel=\"canonical\" href=\"https:\/\/mistrzowieimprez.pl\/en\/product\/atari-pong\/\" \/>\n<meta property=\"og:locale\" content=\"en_GB\" \/>\n<meta property=\"og:type\" content=\"article\" \/>\n<meta property=\"og:title\" content=\"Atari Pong: zmierz si\u0119 w kultowym pojedynku i sprawd\u017a refleks!\" \/>\n<meta property=\"og:description\" content=\"Atari Pong to kultowa gra, kt\u00f3ra przenosi Ci\u0119 w \u015bwiat retro rozrywki! Idealna dla wszystkich wiek\u00f3w, zapewnia niezapomniane emocje i rywalizacj\u0119. Przywr\u00f3\u0107 wspomnienia z przesz\u0142o\u015bci i dodaj unikalny charakter swojemu wydarzeniu z Atari Pong.\" \/>\n<meta property=\"og:url\" content=\"https:\/\/mistrzowieimprez.pl\/en\/product\/atari-pong\/\" \/>\n<meta property=\"og:site_name\" content=\"Mistrzowie Imprez\" \/>\n<meta property=\"article:publisher\" content=\"https:\/\/www.facebook.com\/mistrzowieimprez\" \/>\n<meta property=\"article:modified_time\" content=\"2026-03-18T09:15:48+00:00\" \/>\n<meta property=\"og:image\" content=\"https:\/\/mistrzowieimprez.pl\/wp-content\/uploads\/2024\/09\/Atri-PONG.png\" \/>\n\t<meta property=\"og:image:width\" content=\"221\" \/>\n\t<meta property=\"og:image:height\" content=\"273\" \/>\n\t<meta property=\"og:image:type\" content=\"image\/png\" \/>\n<meta name=\"twitter:card\" content=\"summary_large_image\" \/>\n<meta name=\"twitter:label1\" content=\"Estimated reading time\" \/>\n\t<meta name=\"twitter:data1\" content=\"2 minutes\" \/>\n<script type=\"application\/ld+json\" class=\"yoast-schema-graph\">{\"@context\":\"https:\\\/\\\/schema.org\",\"@graph\":[{\"@type\":\"WebPage\",\"@id\":\"https:\\\/\\\/mistrzowieimprez.pl\\\/produkt\\\/atari-pong\\\/\",\"url\":\"https:\\\/\\\/mistrzowieimprez.pl\\\/produkt\\\/atari-pong\\\/\",\"name\":\"Atari Pong: zmierz si\u0119 w kultowym pojedynku i sprawd\u017a refleks!\",\"isPartOf\":{\"@id\":\"https:\\\/\\\/mistrzowieimprez.pl\\\/#website\"},\"primaryImageOfPage\":{\"@id\":\"https:\\\/\\\/mistrzowieimprez.pl\\\/produkt\\\/atari-pong\\\/#primaryimage\"},\"image\":{\"@id\":\"https:\\\/\\\/mistrzowieimprez.pl\\\/produkt\\\/atari-pong\\\/#primaryimage\"},\"thumbnailUrl\":\"https:\\\/\\\/mistrzowieimprez.pl\\\/wp-content\\\/uploads\\\/2024\\\/09\\\/Atri-PONG.png\",\"datePublished\":\"2024-09-01T09:07:49+00:00\",\"dateModified\":\"2026-03-18T09:15:48+00:00\",\"breadcrumb\":{\"@id\":\"https:\\\/\\\/mistrzowieimprez.pl\\\/produkt\\\/atari-pong\\\/#breadcrumb\"},\"inLanguage\":\"en-GB\",\"potentialAction\":[{\"@type\":\"ReadAction\",\"target\":[\"https:\\\/\\\/mistrzowieimprez.pl\\\/produkt\\\/atari-pong\\\/\"]}]},{\"@type\":\"ImageObject\",\"inLanguage\":\"en-GB\",\"@id\":\"https:\\\/\\\/mistrzowieimprez.pl\\\/produkt\\\/atari-pong\\\/#primaryimage\",\"url\":\"https:\\\/\\\/mistrzowieimprez.pl\\\/wp-content\\\/uploads\\\/2024\\\/09\\\/Atri-PONG.png\",\"contentUrl\":\"https:\\\/\\\/mistrzowieimprez.pl\\\/wp-content\\\/uploads\\\/2024\\\/09\\\/Atri-PONG.png\",\"width\":221,\"height\":273,\"caption\":\"Na grafice widzimy sto\u0142owy automat do gry Pong z kolorowym o\u015bwietleniem LED, prawdopodobnie u\u017cywany jako atrakcja na imprezach organizowanych przez Mistrz\u00f3w imprez.\"},{\"@type\":\"BreadcrumbList\",\"@id\":\"https:\\\/\\\/mistrzowieimprez.pl\\\/produkt\\\/atari-pong\\\/#breadcrumb\",\"itemListElement\":[{\"@type\":\"ListItem\",\"position\":1,\"name\":\"Strona g\u0142\u00f3wna\",\"item\":\"https:\\\/\\\/mistrzowieimprez.pl\\\/\"},{\"@type\":\"ListItem\",\"position\":2,\"name\":\"sklep\",\"item\":\"https:\\\/\\\/mistrzowieimprez.pl\\\/sklep\\\/\"},{\"@type\":\"ListItem\",\"position\":3,\"name\":\"Atari Pong\"}]},{\"@type\":\"WebSite\",\"@id\":\"https:\\\/\\\/mistrzowieimprez.pl\\\/#website\",\"url\":\"https:\\\/\\\/mistrzowieimprez.pl\\\/\",\"name\":\"Mistrzowie Imprez\",\"description\":\"Kompleksowa organizacja imprez\",\"publisher\":{\"@id\":\"https:\\\/\\\/mistrzowieimprez.pl\\\/#organization\"},\"potentialAction\":[{\"@type\":\"SearchAction\",\"target\":{\"@type\":\"EntryPoint\",\"urlTemplate\":\"https:\\\/\\\/mistrzowieimprez.pl\\\/?s={search_term_string}\"},\"query-input\":{\"@type\":\"PropertyValueSpecification\",\"valueRequired\":true,\"valueName\":\"search_term_string\"}}],\"inLanguage\":\"en-GB\"},{\"@type\":\"Organization\",\"@id\":\"https:\\\/\\\/mistrzowieimprez.pl\\\/#organization\",\"name\":\"Mistrzowie Imprez\",\"url\":\"https:\\\/\\\/mistrzowieimprez.pl\\\/\",\"logo\":{\"@type\":\"ImageObject\",\"inLanguage\":\"en-GB\",\"@id\":\"https:\\\/\\\/mistrzowieimprez.pl\\\/#\\\/schema\\\/logo\\\/image\\\/\",\"url\":\"https:\\\/\\\/mistrzowieimprez.pl\\\/wp-content\\\/uploads\\\/2024\\\/08\\\/mistrzowie_imprez_logo_ciemne-tlo@4x.png\",\"contentUrl\":\"https:\\\/\\\/mistrzowieimprez.pl\\\/wp-content\\\/uploads\\\/2024\\\/08\\\/mistrzowie_imprez_logo_ciemne-tlo@4x.png\",\"width\":1318,\"height\":351,\"caption\":\"Mistrzowie Imprez\"},\"image\":{\"@id\":\"https:\\\/\\\/mistrzowieimprez.pl\\\/#\\\/schema\\\/logo\\\/image\\\/\"},\"sameAs\":[\"https:\\\/\\\/www.facebook.com\\\/mistrzowieimprez\",\"https:\\\/\\\/www.instagram.com\\\/mistrzowieimprez\\\/\",\"https:\\\/\\\/www.youtube.com\\\/@ytmistrzowieimprez\"]}]}<\/script>\n<!-- \/ Yoast SEO plugin. -->","yoast_head_json":{"title":"Atari Pong: zmierz si\u0119 w kultowym pojedynku i sprawd\u017a refleks!","robots":{"index":"index","follow":"follow","max-snippet":"max-snippet:-1","max-image-preview":"max-image-preview:large","max-video-preview":"max-video-preview:-1"},"canonical":"https:\/\/mistrzowieimprez.pl\/en\/product\/atari-pong\/","og_locale":"en_GB","og_type":"article","og_title":"Atari Pong: zmierz si\u0119 w kultowym pojedynku i sprawd\u017a refleks!","og_description":"Atari Pong to kultowa gra, kt\u00f3ra przenosi Ci\u0119 w \u015bwiat retro rozrywki! Idealna dla wszystkich wiek\u00f3w, zapewnia niezapomniane emocje i rywalizacj\u0119. Przywr\u00f3\u0107 wspomnienia z przesz\u0142o\u015bci i dodaj unikalny charakter swojemu wydarzeniu z Atari Pong.","og_url":"https:\/\/mistrzowieimprez.pl\/en\/product\/atari-pong\/","og_site_name":"Mistrzowie Imprez","article_publisher":"https:\/\/www.facebook.com\/mistrzowieimprez","article_modified_time":"2026-03-18T09:15:48+00:00","og_image":[{"width":221,"height":273,"url":"https:\/\/mistrzowieimprez.pl\/wp-content\/uploads\/2024\/09\/Atri-PONG.png","type":"image\/png"}],"twitter_card":"summary_large_image","twitter_misc":{"Estimated reading time":"2 minutes"},"schema":{"@context":"https:\/\/schema.org","@graph":[{"@type":"WebPage","@id":"https:\/\/mistrzowieimprez.pl\/produkt\/atari-pong\/","url":"https:\/\/mistrzowieimprez.pl\/produkt\/atari-pong\/","name":"Atari Pong: zmierz si\u0119 w kultowym pojedynku i sprawd\u017a refleks!","isPartOf":{"@id":"https:\/\/mistrzowieimprez.pl\/#website"},"primaryImageOfPage":{"@id":"https:\/\/mistrzowieimprez.pl\/produkt\/atari-pong\/#primaryimage"},"image":{"@id":"https:\/\/mistrzowieimprez.pl\/produkt\/atari-pong\/#primaryimage"},"thumbnailUrl":"https:\/\/mistrzowieimprez.pl\/wp-content\/uploads\/2024\/09\/Atri-PONG.png","datePublished":"2024-09-01T09:07:49+00:00","dateModified":"2026-03-18T09:15:48+00:00","breadcrumb":{"@id":"https:\/\/mistrzowieimprez.pl\/produkt\/atari-pong\/#breadcrumb"},"inLanguage":"en-GB","potentialAction":[{"@type":"ReadAction","target":["https:\/\/mistrzowieimprez.pl\/produkt\/atari-pong\/"]}]},{"@type":"ImageObject","inLanguage":"en-GB","@id":"https:\/\/mistrzowieimprez.pl\/produkt\/atari-pong\/#primaryimage","url":"https:\/\/mistrzowieimprez.pl\/wp-content\/uploads\/2024\/09\/Atri-PONG.png","contentUrl":"https:\/\/mistrzowieimprez.pl\/wp-content\/uploads\/2024\/09\/Atri-PONG.png","width":221,"height":273,"caption":"Na grafice widzimy sto\u0142owy automat do gry Pong z kolorowym o\u015bwietleniem LED, prawdopodobnie u\u017cywany jako atrakcja na imprezach organizowanych przez Mistrz\u00f3w imprez."},{"@type":"BreadcrumbList","@id":"https:\/\/mistrzowieimprez.pl\/produkt\/atari-pong\/#breadcrumb","itemListElement":[{"@type":"ListItem","position":1,"name":"Strona g\u0142\u00f3wna","item":"https:\/\/mistrzowieimprez.pl\/"},{"@type":"ListItem","position":2,"name":"sklep","item":"https:\/\/mistrzowieimprez.pl\/sklep\/"},{"@type":"ListItem","position":3,"name":"Atari Pong"}]},{"@type":"WebSite","@id":"https:\/\/mistrzowieimprez.pl\/#website","url":"https:\/\/mistrzowieimprez.pl\/","name":"Mistrzowie Imprez","description":"Kompleksowa organizacja imprez","publisher":{"@id":"https:\/\/mistrzowieimprez.pl\/#organization"},"potentialAction":[{"@type":"SearchAction","target":{"@type":"EntryPoint","urlTemplate":"https:\/\/mistrzowieimprez.pl\/?s={search_term_string}"},"query-input":{"@type":"PropertyValueSpecification","valueRequired":true,"valueName":"search_term_string"}}],"inLanguage":"en-GB"},{"@type":"Organization","@id":"https:\/\/mistrzowieimprez.pl\/#organization","name":"Mistrzowie Imprez","url":"https:\/\/mistrzowieimprez.pl\/","logo":{"@type":"ImageObject","inLanguage":"en-GB","@id":"https:\/\/mistrzowieimprez.pl\/#\/schema\/logo\/image\/","url":"https:\/\/mistrzowieimprez.pl\/wp-content\/uploads\/2024\/08\/mistrzowie_imprez_logo_ciemne-tlo@4x.png","contentUrl":"https:\/\/mistrzowieimprez.pl\/wp-content\/uploads\/2024\/08\/mistrzowie_imprez_logo_ciemne-tlo@4x.png","width":1318,"height":351,"caption":"Mistrzowie Imprez"},"image":{"@id":"https:\/\/mistrzowieimprez.pl\/#\/schema\/logo\/image\/"},"sameAs":["https:\/\/www.facebook.com\/mistrzowieimprez","https:\/\/www.instagram.com\/mistrzowieimprez\/","https:\/\/www.youtube.com\/@ytmistrzowieimprez"]}]}},"_links":{"self":[{"href":"https:\/\/mistrzowieimprez.pl\/en\/wp-json\/wp\/v2\/product\/789","targetHints":{"allow":["GET"]}}],"collection":[{"href":"https:\/\/mistrzowieimprez.pl\/en\/wp-json\/wp\/v2\/product"}],"about":[{"href":"https:\/\/mistrzowieimprez.pl\/en\/wp-json\/wp\/v2\/types\/product"}],"replies":[{"embeddable":true,"href":"https:\/\/mistrzowieimprez.pl\/en\/wp-json\/wp\/v2\/comments?post=789"}],"version-history":[{"count":1,"href":"https:\/\/mistrzowieimprez.pl\/en\/wp-json\/wp\/v2\/product\/789\/revisions"}],"predecessor-version":[{"id":3589,"href":"https:\/\/mistrzowieimprez.pl\/en\/wp-json\/wp\/v2\/product\/789\/revisions\/3589"}],"wp:featuredmedia":[{"embeddable":true,"href":"https:\/\/mistrzowieimprez.pl\/en\/wp-json\/wp\/v2\/media\/1148"}],"wp:attachment":[{"href":"https:\/\/mistrzowieimprez.pl\/en\/wp-json\/wp\/v2\/media?parent=789"}],"wp:term":[{"taxonomy":"product_brand","embeddable":true,"href":"https:\/\/mistrzowieimprez.pl\/en\/wp-json\/wp\/v2\/product_brand?post=789"},{"taxonomy":"product_cat","embeddable":true,"href":"https:\/\/mistrzowieimprez.pl\/en\/wp-json\/wp\/v2\/product_cat?post=789"},{"taxonomy":"product_tag","embeddable":true,"href":"https:\/\/mistrzowieimprez.pl\/en\/wp-json\/wp\/v2\/product_tag?post=789"}],"curies":[{"name":"wp","href":"https:\/\/api.w.org\/{rel}","templated":true}]}}