{"id":787,"date":"2024-09-01T09:07:48","date_gmt":"2024-09-01T09:07:48","guid":{"rendered":"https:\/\/mistrzowieimprez.pl\/produkt\/flippery\/"},"modified":"2026-03-18T09:14:38","modified_gmt":"2026-03-18T09:14:38","slug":"flippery","status":"publish","type":"product","link":"https:\/\/mistrzowieimprez.pl\/en\/product\/flippery\/","title":{"rendered":"Flippery"},"content":{"rendered":"<p>Zanurz si\u0119 w nostalgicznej atmosferze gier z naszymi retro flipperami! Te klasyczne maszyny do gry, kt\u00f3re przypominaj\u0105 czasy, kiedy monety by\u0142y kluczem do nieko\u0144cz\u0105cej si\u0119 zabawy, s\u0105 doskona\u0142ym dodatkiem do ka\u017cdego wydarzenia. Z naszymi flipperami, mo\u017cesz przynie\u015b\u0107 t\u0119 niezapomnian\u0105 rozrywk\u0119 zar\u00f3wno dla m\u0142odzie\u017cy, jak i doros\u0142ych.<\/p>\n<ul>\n<li>Autentyczne maszyny flipperowe z retro designem<\/li>\n<li>W pe\u0142ni funkcjonalne i gotowe do gry<\/li>\n<li>Dost\u0119pne w r\u00f3\u017cnych tematach i stylach, aby dopasowa\u0107 do Twojego wydarzenia<\/li>\n<\/ul>\n<ul>\n<li>Przywr\u00f3cenie nostalgicznych wspomnie\u0144 z d\u017awi\u0119kiem monety wpadaj\u0105cej do maszyny<\/li>\n<li>Zapewnienie unikalnej formy rozrywki, kt\u00f3ra \u0142\u0105czy pokolenia<\/li>\n<li>Stworzenie emocjonuj\u0105cej atmosfery rywalizacji i zabawy<\/li>\n<\/ul>\n<p>Nie czekaj d\u0142u\u017cej! Dodaj nasze retro flippery do swojego zapytania ofertowego i zobacz, jak przynosz\u0105 one u\u015bmiech na twarzach Twoich go\u015bci!<\/p>","protected":false},"excerpt":{"rendered":"<p>Zapraszamy do \u015bwiata nostalgi za pomoc\u0105 naszych retro flipper\u00f3w! Autentyczne, w pe\u0142ni funkcjonalne maszyny, kt\u00f3re przynios\u0105 niezapomnian\u0105 rozrywk\u0119 dla m\u0142odzie\u017cy i doros\u0142ych. Przywr\u00f3\u0107 d\u017awi\u0119k monety wpadaj\u0105cej do maszyny i stw\u00f3rz atmosfer\u0119 rywalizacji i zabawy na swoim wydarzeniu.<\/p>","protected":false},"featured_media":1190,"comment_status":"closed","ping_status":"closed","template":"","meta":{"_acf_changed":false},"product_brand":[],"product_cat":[80,90],"product_tag":[],"class_list":{"0":"post-787","1":"product","2":"type-product","3":"status-publish","4":"has-post-thumbnail","6":"product_cat-dla-mlodziezy-i-doroslych","7":"product_cat-symulatory-i-gry-retro","9":"first","10":"instock","11":"downloadable","12":"virtual","13":"purchasable","14":"product-type-simple"},"acf":[],"yoast_head":"<!-- This site is optimized with the Yoast SEO plugin v27.5 - https:\/\/yoast.com\/product\/yoast-seo-wordpress\/ -->\n<title>Poczuj nostalgi\u0119! Retro Flippery \u2013 automaty do gry na evencie<\/title>\n<meta name=\"robots\" content=\"index, follow, max-snippet:-1, max-image-preview:large, max-video-preview:-1\" \/>\n<link rel=\"canonical\" href=\"https:\/\/mistrzowieimprez.pl\/en\/product\/flippery\/\" \/>\n<meta property=\"og:locale\" content=\"en_GB\" \/>\n<meta property=\"og:type\" content=\"article\" \/>\n<meta property=\"og:title\" content=\"Poczuj nostalgi\u0119! Retro Flippery \u2013 automaty do gry na evencie\" \/>\n<meta property=\"og:description\" content=\"Zapraszamy do \u015bwiata nostalgi za pomoc\u0105 naszych retro flipper\u00f3w! Autentyczne, w pe\u0142ni funkcjonalne maszyny, kt\u00f3re przynios\u0105 niezapomnian\u0105 rozrywk\u0119 dla m\u0142odzie\u017cy i doros\u0142ych. Przywr\u00f3\u0107 d\u017awi\u0119k monety wpadaj\u0105cej do maszyny i stw\u00f3rz atmosfer\u0119 rywalizacji i zabawy na swoim wydarzeniu.\" \/>\n<meta property=\"og:url\" content=\"https:\/\/mistrzowieimprez.pl\/en\/product\/flippery\/\" \/>\n<meta property=\"og:site_name\" content=\"Mistrzowie Imprez\" \/>\n<meta property=\"article:publisher\" content=\"https:\/\/www.facebook.com\/mistrzowieimprez\" \/>\n<meta property=\"article:modified_time\" content=\"2026-03-18T09:14:38+00:00\" \/>\n<meta property=\"og:image\" content=\"https:\/\/mistrzowieimprez.pl\/wp-content\/uploads\/2024\/09\/Flippery-e1727256579876.png\" \/>\n\t<meta property=\"og:image:width\" content=\"800\" \/>\n\t<meta property=\"og:image:height\" content=\"785\" \/>\n\t<meta property=\"og:image:type\" content=\"image\/png\" \/>\n<meta name=\"twitter:card\" content=\"summary_large_image\" \/>\n<meta name=\"twitter:label1\" content=\"Estimated reading time\" \/>\n\t<meta name=\"twitter:data1\" content=\"1 minute\" \/>\n<script type=\"application\/ld+json\" class=\"yoast-schema-graph\">{\"@context\":\"https:\\\/\\\/schema.org\",\"@graph\":[{\"@type\":\"WebPage\",\"@id\":\"https:\\\/\\\/mistrzowieimprez.pl\\\/produkt\\\/flippery\\\/\",\"url\":\"https:\\\/\\\/mistrzowieimprez.pl\\\/produkt\\\/flippery\\\/\",\"name\":\"Poczuj nostalgi\u0119! Retro Flippery \u2013 automaty do gry na evencie\",\"isPartOf\":{\"@id\":\"https:\\\/\\\/mistrzowieimprez.pl\\\/#website\"},\"primaryImageOfPage\":{\"@id\":\"https:\\\/\\\/mistrzowieimprez.pl\\\/produkt\\\/flippery\\\/#primaryimage\"},\"image\":{\"@id\":\"https:\\\/\\\/mistrzowieimprez.pl\\\/produkt\\\/flippery\\\/#primaryimage\"},\"thumbnailUrl\":\"https:\\\/\\\/mistrzowieimprez.pl\\\/wp-content\\\/uploads\\\/2024\\\/09\\\/Flippery-e1727256579876.png\",\"datePublished\":\"2024-09-01T09:07:48+00:00\",\"dateModified\":\"2026-03-18T09:14:38+00:00\",\"breadcrumb\":{\"@id\":\"https:\\\/\\\/mistrzowieimprez.pl\\\/produkt\\\/flippery\\\/#breadcrumb\"},\"inLanguage\":\"en-GB\",\"potentialAction\":[{\"@type\":\"ReadAction\",\"target\":[\"https:\\\/\\\/mistrzowieimprez.pl\\\/produkt\\\/flippery\\\/\"]}]},{\"@type\":\"ImageObject\",\"inLanguage\":\"en-GB\",\"@id\":\"https:\\\/\\\/mistrzowieimprez.pl\\\/produkt\\\/flippery\\\/#primaryimage\",\"url\":\"https:\\\/\\\/mistrzowieimprez.pl\\\/wp-content\\\/uploads\\\/2024\\\/09\\\/Flippery-e1727256579876.png\",\"contentUrl\":\"https:\\\/\\\/mistrzowieimprez.pl\\\/wp-content\\\/uploads\\\/2024\\\/09\\\/Flippery-e1727256579876.png\",\"width\":1000,\"height\":981,\"caption\":\"Automat do gry Jurassic Park o\u015bwietlony na czerwono, prawdopodobnie cz\u0119\u015b\u0107 atrakcji oferowanych przez organizator\u00f3w imprez.\"},{\"@type\":\"BreadcrumbList\",\"@id\":\"https:\\\/\\\/mistrzowieimprez.pl\\\/produkt\\\/flippery\\\/#breadcrumb\",\"itemListElement\":[{\"@type\":\"ListItem\",\"position\":1,\"name\":\"Strona g\u0142\u00f3wna\",\"item\":\"https:\\\/\\\/mistrzowieimprez.pl\\\/\"},{\"@type\":\"ListItem\",\"position\":2,\"name\":\"sklep\",\"item\":\"https:\\\/\\\/mistrzowieimprez.pl\\\/sklep\\\/\"},{\"@type\":\"ListItem\",\"position\":3,\"name\":\"Flippery\"}]},{\"@type\":\"WebSite\",\"@id\":\"https:\\\/\\\/mistrzowieimprez.pl\\\/#website\",\"url\":\"https:\\\/\\\/mistrzowieimprez.pl\\\/\",\"name\":\"Mistrzowie Imprez\",\"description\":\"Kompleksowa organizacja imprez\",\"publisher\":{\"@id\":\"https:\\\/\\\/mistrzowieimprez.pl\\\/#organization\"},\"potentialAction\":[{\"@type\":\"SearchAction\",\"target\":{\"@type\":\"EntryPoint\",\"urlTemplate\":\"https:\\\/\\\/mistrzowieimprez.pl\\\/?s={search_term_string}\"},\"query-input\":{\"@type\":\"PropertyValueSpecification\",\"valueRequired\":true,\"valueName\":\"search_term_string\"}}],\"inLanguage\":\"en-GB\"},{\"@type\":\"Organization\",\"@id\":\"https:\\\/\\\/mistrzowieimprez.pl\\\/#organization\",\"name\":\"Mistrzowie Imprez\",\"url\":\"https:\\\/\\\/mistrzowieimprez.pl\\\/\",\"logo\":{\"@type\":\"ImageObject\",\"inLanguage\":\"en-GB\",\"@id\":\"https:\\\/\\\/mistrzowieimprez.pl\\\/#\\\/schema\\\/logo\\\/image\\\/\",\"url\":\"https:\\\/\\\/mistrzowieimprez.pl\\\/wp-content\\\/uploads\\\/2024\\\/08\\\/mistrzowie_imprez_logo_ciemne-tlo@4x.png\",\"contentUrl\":\"https:\\\/\\\/mistrzowieimprez.pl\\\/wp-content\\\/uploads\\\/2024\\\/08\\\/mistrzowie_imprez_logo_ciemne-tlo@4x.png\",\"width\":1318,\"height\":351,\"caption\":\"Mistrzowie Imprez\"},\"image\":{\"@id\":\"https:\\\/\\\/mistrzowieimprez.pl\\\/#\\\/schema\\\/logo\\\/image\\\/\"},\"sameAs\":[\"https:\\\/\\\/www.facebook.com\\\/mistrzowieimprez\",\"https:\\\/\\\/www.instagram.com\\\/mistrzowieimprez\\\/\",\"https:\\\/\\\/www.youtube.com\\\/@ytmistrzowieimprez\"]}]}<\/script>\n<!-- \/ Yoast SEO plugin. -->","yoast_head_json":{"title":"Poczuj nostalgi\u0119! Retro Flippery \u2013 automaty do gry na evencie","robots":{"index":"index","follow":"follow","max-snippet":"max-snippet:-1","max-image-preview":"max-image-preview:large","max-video-preview":"max-video-preview:-1"},"canonical":"https:\/\/mistrzowieimprez.pl\/en\/product\/flippery\/","og_locale":"en_GB","og_type":"article","og_title":"Poczuj nostalgi\u0119! Retro Flippery \u2013 automaty do gry na evencie","og_description":"Zapraszamy do \u015bwiata nostalgi za pomoc\u0105 naszych retro flipper\u00f3w! Autentyczne, w pe\u0142ni funkcjonalne maszyny, kt\u00f3re przynios\u0105 niezapomnian\u0105 rozrywk\u0119 dla m\u0142odzie\u017cy i doros\u0142ych. Przywr\u00f3\u0107 d\u017awi\u0119k monety wpadaj\u0105cej do maszyny i stw\u00f3rz atmosfer\u0119 rywalizacji i zabawy na swoim wydarzeniu.","og_url":"https:\/\/mistrzowieimprez.pl\/en\/product\/flippery\/","og_site_name":"Mistrzowie Imprez","article_publisher":"https:\/\/www.facebook.com\/mistrzowieimprez","article_modified_time":"2026-03-18T09:14:38+00:00","og_image":[{"url":"https:\/\/mistrzowieimprez.pl\/wp-content\/uploads\/2024\/09\/Flippery-e1727256579876.png","width":800,"height":785,"type":"image\/png"}],"twitter_card":"summary_large_image","twitter_misc":{"Estimated reading time":"1 minute"},"schema":{"@context":"https:\/\/schema.org","@graph":[{"@type":"WebPage","@id":"https:\/\/mistrzowieimprez.pl\/produkt\/flippery\/","url":"https:\/\/mistrzowieimprez.pl\/produkt\/flippery\/","name":"Poczuj nostalgi\u0119! Retro Flippery \u2013 automaty do gry na evencie","isPartOf":{"@id":"https:\/\/mistrzowieimprez.pl\/#website"},"primaryImageOfPage":{"@id":"https:\/\/mistrzowieimprez.pl\/produkt\/flippery\/#primaryimage"},"image":{"@id":"https:\/\/mistrzowieimprez.pl\/produkt\/flippery\/#primaryimage"},"thumbnailUrl":"https:\/\/mistrzowieimprez.pl\/wp-content\/uploads\/2024\/09\/Flippery-e1727256579876.png","datePublished":"2024-09-01T09:07:48+00:00","dateModified":"2026-03-18T09:14:38+00:00","breadcrumb":{"@id":"https:\/\/mistrzowieimprez.pl\/produkt\/flippery\/#breadcrumb"},"inLanguage":"en-GB","potentialAction":[{"@type":"ReadAction","target":["https:\/\/mistrzowieimprez.pl\/produkt\/flippery\/"]}]},{"@type":"ImageObject","inLanguage":"en-GB","@id":"https:\/\/mistrzowieimprez.pl\/produkt\/flippery\/#primaryimage","url":"https:\/\/mistrzowieimprez.pl\/wp-content\/uploads\/2024\/09\/Flippery-e1727256579876.png","contentUrl":"https:\/\/mistrzowieimprez.pl\/wp-content\/uploads\/2024\/09\/Flippery-e1727256579876.png","width":1000,"height":981,"caption":"Automat do gry Jurassic Park o\u015bwietlony na czerwono, prawdopodobnie cz\u0119\u015b\u0107 atrakcji oferowanych przez organizator\u00f3w imprez."},{"@type":"BreadcrumbList","@id":"https:\/\/mistrzowieimprez.pl\/produkt\/flippery\/#breadcrumb","itemListElement":[{"@type":"ListItem","position":1,"name":"Strona g\u0142\u00f3wna","item":"https:\/\/mistrzowieimprez.pl\/"},{"@type":"ListItem","position":2,"name":"sklep","item":"https:\/\/mistrzowieimprez.pl\/sklep\/"},{"@type":"ListItem","position":3,"name":"Flippery"}]},{"@type":"WebSite","@id":"https:\/\/mistrzowieimprez.pl\/#website","url":"https:\/\/mistrzowieimprez.pl\/","name":"Mistrzowie Imprez","description":"Kompleksowa organizacja imprez","publisher":{"@id":"https:\/\/mistrzowieimprez.pl\/#organization"},"potentialAction":[{"@type":"SearchAction","target":{"@type":"EntryPoint","urlTemplate":"https:\/\/mistrzowieimprez.pl\/?s={search_term_string}"},"query-input":{"@type":"PropertyValueSpecification","valueRequired":true,"valueName":"search_term_string"}}],"inLanguage":"en-GB"},{"@type":"Organization","@id":"https:\/\/mistrzowieimprez.pl\/#organization","name":"Mistrzowie Imprez","url":"https:\/\/mistrzowieimprez.pl\/","logo":{"@type":"ImageObject","inLanguage":"en-GB","@id":"https:\/\/mistrzowieimprez.pl\/#\/schema\/logo\/image\/","url":"https:\/\/mistrzowieimprez.pl\/wp-content\/uploads\/2024\/08\/mistrzowie_imprez_logo_ciemne-tlo@4x.png","contentUrl":"https:\/\/mistrzowieimprez.pl\/wp-content\/uploads\/2024\/08\/mistrzowie_imprez_logo_ciemne-tlo@4x.png","width":1318,"height":351,"caption":"Mistrzowie Imprez"},"image":{"@id":"https:\/\/mistrzowieimprez.pl\/#\/schema\/logo\/image\/"},"sameAs":["https:\/\/www.facebook.com\/mistrzowieimprez","https:\/\/www.instagram.com\/mistrzowieimprez\/","https:\/\/www.youtube.com\/@ytmistrzowieimprez"]}]}},"_links":{"self":[{"href":"https:\/\/mistrzowieimprez.pl\/en\/wp-json\/wp\/v2\/product\/787","targetHints":{"allow":["GET"]}}],"collection":[{"href":"https:\/\/mistrzowieimprez.pl\/en\/wp-json\/wp\/v2\/product"}],"about":[{"href":"https:\/\/mistrzowieimprez.pl\/en\/wp-json\/wp\/v2\/types\/product"}],"replies":[{"embeddable":true,"href":"https:\/\/mistrzowieimprez.pl\/en\/wp-json\/wp\/v2\/comments?post=787"}],"version-history":[{"count":1,"href":"https:\/\/mistrzowieimprez.pl\/en\/wp-json\/wp\/v2\/product\/787\/revisions"}],"predecessor-version":[{"id":1950,"href":"https:\/\/mistrzowieimprez.pl\/en\/wp-json\/wp\/v2\/product\/787\/revisions\/1950"}],"wp:featuredmedia":[{"embeddable":true,"href":"https:\/\/mistrzowieimprez.pl\/en\/wp-json\/wp\/v2\/media\/1190"}],"wp:attachment":[{"href":"https:\/\/mistrzowieimprez.pl\/en\/wp-json\/wp\/v2\/media?parent=787"}],"wp:term":[{"taxonomy":"product_brand","embeddable":true,"href":"https:\/\/mistrzowieimprez.pl\/en\/wp-json\/wp\/v2\/product_brand?post=787"},{"taxonomy":"product_cat","embeddable":true,"href":"https:\/\/mistrzowieimprez.pl\/en\/wp-json\/wp\/v2\/product_cat?post=787"},{"taxonomy":"product_tag","embeddable":true,"href":"https:\/\/mistrzowieimprez.pl\/en\/wp-json\/wp\/v2\/product_tag?post=787"}],"curies":[{"name":"wp","href":"https:\/\/api.w.org\/{rel}","templated":true}]}}