{"id":786,"date":"2024-09-01T09:07:48","date_gmt":"2024-09-01T09:07:48","guid":{"rendered":"https:\/\/mistrzowieimprez.pl\/produkt\/gry-retro-konsole\/"},"modified":"2026-03-18T09:15:09","modified_gmt":"2026-03-18T09:15:09","slug":"gry-retro-konsole","status":"publish","type":"product","link":"https:\/\/mistrzowieimprez.pl\/en\/product\/gry-retro-konsole\/","title":{"rendered":"Gry retro (konsole)"},"content":{"rendered":"<p>Zanurz si\u0119 w nostalgicznej rozrywce z naszymi Retro Grami! Te klasyczne konsole to doskona\u0142a okazja, aby przypomnie\u0107 sobie ulubione gry z dzieci\u0144stwa lub zainicjowa\u0107 m\u0142odsze pokolenie w sekrety retro gamingu. Idealne na wszelkiego rodzaju imprezy, od urodzin po korporacyjne eventy.<\/p>\n<ul>\n<li>R\u00f3\u017cne modele konsol retro, w tym Atari, Nintendo i Sega<\/li>\n<li>Bogaty wyb\u00f3r gier z r\u00f3\u017cnych gatunk\u00f3w &#8211; od arcade po platform\u00f3wki<\/li>\n<li>Mo\u017cliwo\u015b\u0107 pod\u0142\u0105czenia do dowolnego telewizora lub monitora<\/li>\n<\/ul>\n<ul>\n<li>Podr\u00f3\u017c w czasie do z\u0142otej ery gier wideo<\/li>\n<li>Mo\u017cliwo\u015b\u0107 rywalizacji z przyjaci\u00f3\u0142mi i rodzin\u0105 w klasyczne gry<\/li>\n<li>Rozw\u00f3j umiej\u0119tno\u015bci manualnych i strategicznego my\u015blenia<\/li>\n<\/ul>\n<p>Gotowy na podr\u00f3\u017c w czasie? Dodaj nasze Retro Gry do zapytania ofertowego ju\u017c dzi\u015b!<\/p>","protected":false},"excerpt":{"rendered":"<p>Zapraszamy do podr\u00f3\u017cy w czasie z naszymi Retro Grami! Klasyczne konsole, takie jak Atari, Nintendo i Sega, przenios\u0105 Ci\u0119 do z\u0142otej ery gier wideo. Zagraj w ulubione gry z dzieci\u0144stwa lub zainicjowa\u0107 m\u0142odsze pokolenie w sekrety retro gamingu. Idealne na urodziny, korporacyjne eventy, a tak\u017ce rodzinn\u0105 zabaw\u0119.<\/p>","protected":false},"featured_media":1953,"comment_status":"closed","ping_status":"closed","template":"","meta":{"_acf_changed":false},"product_brand":[],"product_cat":[80,90],"product_tag":[],"class_list":{"0":"post-786","1":"product","2":"type-product","3":"status-publish","4":"has-post-thumbnail","6":"product_cat-dla-mlodziezy-i-doroslych","7":"product_cat-symulatory-i-gry-retro","9":"first","10":"instock","11":"downloadable","12":"virtual","13":"purchasable","14":"product-type-simple"},"acf":[],"yoast_head":"<!-- This site is optimized with the Yoast SEO plugin v27.5 - https:\/\/yoast.com\/product\/yoast-seo-wordpress\/ -->\n<title>Z\u0142ota era gier wideo na evencie! Prze\u017cyj powr\u00f3t do dzieci\u0144stwa<\/title>\n<meta name=\"robots\" content=\"index, follow, max-snippet:-1, max-image-preview:large, max-video-preview:-1\" \/>\n<link rel=\"canonical\" href=\"https:\/\/mistrzowieimprez.pl\/en\/product\/gry-retro-konsole\/\" \/>\n<meta property=\"og:locale\" content=\"en_GB\" \/>\n<meta property=\"og:type\" content=\"article\" \/>\n<meta property=\"og:title\" content=\"Z\u0142ota era gier wideo na evencie! Prze\u017cyj powr\u00f3t do dzieci\u0144stwa\" \/>\n<meta property=\"og:description\" content=\"Zapraszamy do podr\u00f3\u017cy w czasie z naszymi Retro Grami! Klasyczne konsole, takie jak Atari, Nintendo i Sega, przenios\u0105 Ci\u0119 do z\u0142otej ery gier wideo. Zagraj w ulubione gry z dzieci\u0144stwa lub zainicjowa\u0107 m\u0142odsze pokolenie w sekrety retro gamingu. Idealne na urodziny, korporacyjne eventy, a tak\u017ce rodzinn\u0105 zabaw\u0119.\" \/>\n<meta property=\"og:url\" content=\"https:\/\/mistrzowieimprez.pl\/en\/product\/gry-retro-konsole\/\" \/>\n<meta property=\"og:site_name\" content=\"Mistrzowie Imprez\" \/>\n<meta property=\"article:publisher\" content=\"https:\/\/www.facebook.com\/mistrzowieimprez\" \/>\n<meta property=\"article:modified_time\" content=\"2026-03-18T09:15:09+00:00\" \/>\n<meta property=\"og:image\" content=\"https:\/\/mistrzowieimprez.pl\/wp-content\/uploads\/2024\/09\/Projekt-bez-nazwy-12.png\" \/>\n\t<meta property=\"og:image:width\" content=\"1000\" \/>\n\t<meta property=\"og:image:height\" content=\"1000\" \/>\n\t<meta property=\"og:image:type\" content=\"image\/png\" \/>\n<meta name=\"twitter:card\" content=\"summary_large_image\" \/>\n<meta name=\"twitter:label1\" content=\"Estimated reading time\" \/>\n\t<meta name=\"twitter:data1\" content=\"1 minute\" \/>\n<script type=\"application\/ld+json\" class=\"yoast-schema-graph\">{\"@context\":\"https:\\\/\\\/schema.org\",\"@graph\":[{\"@type\":\"WebPage\",\"@id\":\"https:\\\/\\\/mistrzowieimprez.pl\\\/produkt\\\/gry-retro-konsole\\\/\",\"url\":\"https:\\\/\\\/mistrzowieimprez.pl\\\/produkt\\\/gry-retro-konsole\\\/\",\"name\":\"Z\u0142ota era gier wideo na evencie! Prze\u017cyj powr\u00f3t do dzieci\u0144stwa\",\"isPartOf\":{\"@id\":\"https:\\\/\\\/mistrzowieimprez.pl\\\/#website\"},\"primaryImageOfPage\":{\"@id\":\"https:\\\/\\\/mistrzowieimprez.pl\\\/produkt\\\/gry-retro-konsole\\\/#primaryimage\"},\"image\":{\"@id\":\"https:\\\/\\\/mistrzowieimprez.pl\\\/produkt\\\/gry-retro-konsole\\\/#primaryimage\"},\"thumbnailUrl\":\"https:\\\/\\\/mistrzowieimprez.pl\\\/wp-content\\\/uploads\\\/2024\\\/09\\\/Projekt-bez-nazwy-12.png\",\"datePublished\":\"2024-09-01T09:07:48+00:00\",\"dateModified\":\"2026-03-18T09:15:09+00:00\",\"breadcrumb\":{\"@id\":\"https:\\\/\\\/mistrzowieimprez.pl\\\/produkt\\\/gry-retro-konsole\\\/#breadcrumb\"},\"inLanguage\":\"en-GB\",\"potentialAction\":[{\"@type\":\"ReadAction\",\"target\":[\"https:\\\/\\\/mistrzowieimprez.pl\\\/produkt\\\/gry-retro-konsole\\\/\"]}]},{\"@type\":\"ImageObject\",\"inLanguage\":\"en-GB\",\"@id\":\"https:\\\/\\\/mistrzowieimprez.pl\\\/produkt\\\/gry-retro-konsole\\\/#primaryimage\",\"url\":\"https:\\\/\\\/mistrzowieimprez.pl\\\/wp-content\\\/uploads\\\/2024\\\/09\\\/Projekt-bez-nazwy-12.png\",\"contentUrl\":\"https:\\\/\\\/mistrzowieimprez.pl\\\/wp-content\\\/uploads\\\/2024\\\/09\\\/Projekt-bez-nazwy-12.png\",\"width\":1000,\"height\":1000,\"caption\":\"Zdj\u0119cie przedstawia klasyczny kontroler do konsoli w stylu retro na tle drewnianego sto\u0142u.\"},{\"@type\":\"BreadcrumbList\",\"@id\":\"https:\\\/\\\/mistrzowieimprez.pl\\\/produkt\\\/gry-retro-konsole\\\/#breadcrumb\",\"itemListElement\":[{\"@type\":\"ListItem\",\"position\":1,\"name\":\"Strona g\u0142\u00f3wna\",\"item\":\"https:\\\/\\\/mistrzowieimprez.pl\\\/\"},{\"@type\":\"ListItem\",\"position\":2,\"name\":\"sklep\",\"item\":\"https:\\\/\\\/mistrzowieimprez.pl\\\/sklep\\\/\"},{\"@type\":\"ListItem\",\"position\":3,\"name\":\"Gry retro (konsole)\"}]},{\"@type\":\"WebSite\",\"@id\":\"https:\\\/\\\/mistrzowieimprez.pl\\\/#website\",\"url\":\"https:\\\/\\\/mistrzowieimprez.pl\\\/\",\"name\":\"Mistrzowie Imprez\",\"description\":\"Kompleksowa organizacja imprez\",\"publisher\":{\"@id\":\"https:\\\/\\\/mistrzowieimprez.pl\\\/#organization\"},\"potentialAction\":[{\"@type\":\"SearchAction\",\"target\":{\"@type\":\"EntryPoint\",\"urlTemplate\":\"https:\\\/\\\/mistrzowieimprez.pl\\\/?s={search_term_string}\"},\"query-input\":{\"@type\":\"PropertyValueSpecification\",\"valueRequired\":true,\"valueName\":\"search_term_string\"}}],\"inLanguage\":\"en-GB\"},{\"@type\":\"Organization\",\"@id\":\"https:\\\/\\\/mistrzowieimprez.pl\\\/#organization\",\"name\":\"Mistrzowie Imprez\",\"url\":\"https:\\\/\\\/mistrzowieimprez.pl\\\/\",\"logo\":{\"@type\":\"ImageObject\",\"inLanguage\":\"en-GB\",\"@id\":\"https:\\\/\\\/mistrzowieimprez.pl\\\/#\\\/schema\\\/logo\\\/image\\\/\",\"url\":\"https:\\\/\\\/mistrzowieimprez.pl\\\/wp-content\\\/uploads\\\/2024\\\/08\\\/mistrzowie_imprez_logo_ciemne-tlo@4x.png\",\"contentUrl\":\"https:\\\/\\\/mistrzowieimprez.pl\\\/wp-content\\\/uploads\\\/2024\\\/08\\\/mistrzowie_imprez_logo_ciemne-tlo@4x.png\",\"width\":1318,\"height\":351,\"caption\":\"Mistrzowie Imprez\"},\"image\":{\"@id\":\"https:\\\/\\\/mistrzowieimprez.pl\\\/#\\\/schema\\\/logo\\\/image\\\/\"},\"sameAs\":[\"https:\\\/\\\/www.facebook.com\\\/mistrzowieimprez\",\"https:\\\/\\\/www.instagram.com\\\/mistrzowieimprez\\\/\",\"https:\\\/\\\/www.youtube.com\\\/@ytmistrzowieimprez\"]}]}<\/script>\n<!-- \/ Yoast SEO plugin. -->","yoast_head_json":{"title":"Z\u0142ota era gier wideo na evencie! Prze\u017cyj powr\u00f3t do dzieci\u0144stwa","robots":{"index":"index","follow":"follow","max-snippet":"max-snippet:-1","max-image-preview":"max-image-preview:large","max-video-preview":"max-video-preview:-1"},"canonical":"https:\/\/mistrzowieimprez.pl\/en\/product\/gry-retro-konsole\/","og_locale":"en_GB","og_type":"article","og_title":"Z\u0142ota era gier wideo na evencie! Prze\u017cyj powr\u00f3t do dzieci\u0144stwa","og_description":"Zapraszamy do podr\u00f3\u017cy w czasie z naszymi Retro Grami! Klasyczne konsole, takie jak Atari, Nintendo i Sega, przenios\u0105 Ci\u0119 do z\u0142otej ery gier wideo. Zagraj w ulubione gry z dzieci\u0144stwa lub zainicjowa\u0107 m\u0142odsze pokolenie w sekrety retro gamingu. Idealne na urodziny, korporacyjne eventy, a tak\u017ce rodzinn\u0105 zabaw\u0119.","og_url":"https:\/\/mistrzowieimprez.pl\/en\/product\/gry-retro-konsole\/","og_site_name":"Mistrzowie Imprez","article_publisher":"https:\/\/www.facebook.com\/mistrzowieimprez","article_modified_time":"2026-03-18T09:15:09+00:00","og_image":[{"width":1000,"height":1000,"url":"https:\/\/mistrzowieimprez.pl\/wp-content\/uploads\/2024\/09\/Projekt-bez-nazwy-12.png","type":"image\/png"}],"twitter_card":"summary_large_image","twitter_misc":{"Estimated reading time":"1 minute"},"schema":{"@context":"https:\/\/schema.org","@graph":[{"@type":"WebPage","@id":"https:\/\/mistrzowieimprez.pl\/produkt\/gry-retro-konsole\/","url":"https:\/\/mistrzowieimprez.pl\/produkt\/gry-retro-konsole\/","name":"Z\u0142ota era gier wideo na evencie! Prze\u017cyj powr\u00f3t do dzieci\u0144stwa","isPartOf":{"@id":"https:\/\/mistrzowieimprez.pl\/#website"},"primaryImageOfPage":{"@id":"https:\/\/mistrzowieimprez.pl\/produkt\/gry-retro-konsole\/#primaryimage"},"image":{"@id":"https:\/\/mistrzowieimprez.pl\/produkt\/gry-retro-konsole\/#primaryimage"},"thumbnailUrl":"https:\/\/mistrzowieimprez.pl\/wp-content\/uploads\/2024\/09\/Projekt-bez-nazwy-12.png","datePublished":"2024-09-01T09:07:48+00:00","dateModified":"2026-03-18T09:15:09+00:00","breadcrumb":{"@id":"https:\/\/mistrzowieimprez.pl\/produkt\/gry-retro-konsole\/#breadcrumb"},"inLanguage":"en-GB","potentialAction":[{"@type":"ReadAction","target":["https:\/\/mistrzowieimprez.pl\/produkt\/gry-retro-konsole\/"]}]},{"@type":"ImageObject","inLanguage":"en-GB","@id":"https:\/\/mistrzowieimprez.pl\/produkt\/gry-retro-konsole\/#primaryimage","url":"https:\/\/mistrzowieimprez.pl\/wp-content\/uploads\/2024\/09\/Projekt-bez-nazwy-12.png","contentUrl":"https:\/\/mistrzowieimprez.pl\/wp-content\/uploads\/2024\/09\/Projekt-bez-nazwy-12.png","width":1000,"height":1000,"caption":"Zdj\u0119cie przedstawia klasyczny kontroler do konsoli w stylu retro na tle drewnianego sto\u0142u."},{"@type":"BreadcrumbList","@id":"https:\/\/mistrzowieimprez.pl\/produkt\/gry-retro-konsole\/#breadcrumb","itemListElement":[{"@type":"ListItem","position":1,"name":"Strona g\u0142\u00f3wna","item":"https:\/\/mistrzowieimprez.pl\/"},{"@type":"ListItem","position":2,"name":"sklep","item":"https:\/\/mistrzowieimprez.pl\/sklep\/"},{"@type":"ListItem","position":3,"name":"Gry retro (konsole)"}]},{"@type":"WebSite","@id":"https:\/\/mistrzowieimprez.pl\/#website","url":"https:\/\/mistrzowieimprez.pl\/","name":"Mistrzowie Imprez","description":"Kompleksowa organizacja imprez","publisher":{"@id":"https:\/\/mistrzowieimprez.pl\/#organization"},"potentialAction":[{"@type":"SearchAction","target":{"@type":"EntryPoint","urlTemplate":"https:\/\/mistrzowieimprez.pl\/?s={search_term_string}"},"query-input":{"@type":"PropertyValueSpecification","valueRequired":true,"valueName":"search_term_string"}}],"inLanguage":"en-GB"},{"@type":"Organization","@id":"https:\/\/mistrzowieimprez.pl\/#organization","name":"Mistrzowie Imprez","url":"https:\/\/mistrzowieimprez.pl\/","logo":{"@type":"ImageObject","inLanguage":"en-GB","@id":"https:\/\/mistrzowieimprez.pl\/#\/schema\/logo\/image\/","url":"https:\/\/mistrzowieimprez.pl\/wp-content\/uploads\/2024\/08\/mistrzowie_imprez_logo_ciemne-tlo@4x.png","contentUrl":"https:\/\/mistrzowieimprez.pl\/wp-content\/uploads\/2024\/08\/mistrzowie_imprez_logo_ciemne-tlo@4x.png","width":1318,"height":351,"caption":"Mistrzowie Imprez"},"image":{"@id":"https:\/\/mistrzowieimprez.pl\/#\/schema\/logo\/image\/"},"sameAs":["https:\/\/www.facebook.com\/mistrzowieimprez","https:\/\/www.instagram.com\/mistrzowieimprez\/","https:\/\/www.youtube.com\/@ytmistrzowieimprez"]}]}},"_links":{"self":[{"href":"https:\/\/mistrzowieimprez.pl\/en\/wp-json\/wp\/v2\/product\/786","targetHints":{"allow":["GET"]}}],"collection":[{"href":"https:\/\/mistrzowieimprez.pl\/en\/wp-json\/wp\/v2\/product"}],"about":[{"href":"https:\/\/mistrzowieimprez.pl\/en\/wp-json\/wp\/v2\/types\/product"}],"replies":[{"embeddable":true,"href":"https:\/\/mistrzowieimprez.pl\/en\/wp-json\/wp\/v2\/comments?post=786"}],"version-history":[{"count":1,"href":"https:\/\/mistrzowieimprez.pl\/en\/wp-json\/wp\/v2\/product\/786\/revisions"}],"predecessor-version":[{"id":1954,"href":"https:\/\/mistrzowieimprez.pl\/en\/wp-json\/wp\/v2\/product\/786\/revisions\/1954"}],"wp:featuredmedia":[{"embeddable":true,"href":"https:\/\/mistrzowieimprez.pl\/en\/wp-json\/wp\/v2\/media\/1953"}],"wp:attachment":[{"href":"https:\/\/mistrzowieimprez.pl\/en\/wp-json\/wp\/v2\/media?parent=786"}],"wp:term":[{"taxonomy":"product_brand","embeddable":true,"href":"https:\/\/mistrzowieimprez.pl\/en\/wp-json\/wp\/v2\/product_brand?post=786"},{"taxonomy":"product_cat","embeddable":true,"href":"https:\/\/mistrzowieimprez.pl\/en\/wp-json\/wp\/v2\/product_cat?post=786"},{"taxonomy":"product_tag","embeddable":true,"href":"https:\/\/mistrzowieimprez.pl\/en\/wp-json\/wp\/v2\/product_tag?post=786"}],"curies":[{"name":"wp","href":"https:\/\/api.w.org\/{rel}","templated":true}]}}