{"id":784,"date":"2024-09-01T09:07:47","date_gmt":"2024-09-01T09:07:47","guid":{"rendered":"https:\/\/mistrzowieimprez.pl\/produkt\/ergometry\/"},"modified":"2026-03-18T09:13:08","modified_gmt":"2026-03-18T09:13:08","slug":"ergometry","status":"publish","type":"product","link":"https:\/\/mistrzowieimprez.pl\/en\/product\/ergometry\/","title":{"rendered":"Ergometry"},"content":{"rendered":"<p>Ergometry to interaktywne urz\u0105dzenia, kt\u00f3re wprowadz\u0105 Ci\u0119 w nowy wymiar zabawy! Wysokiej jako\u015bci symulatory, kt\u00f3re nie tylko dostarczaj\u0105 niesko\u0144czonej ilo\u015bci rado\u015bci, ale tak\u017ce \u0107wicz\u0105 Twoje cia\u0142o. Idealne dla os\u00f3b w ka\u017cdym wieku, od m\u0142odzie\u017cy po doros\u0142ych, na ka\u017cd\u0105 okazj\u0119 &#8211; od urodzin po festiwale!<\/p>\n<ul>\n<li>Wyposa\u017cone w najnowocze\u015bniejsze technologie symulacyjne<\/li>\n<li>Zr\u00f3\u017cnicowane poziomy trudno\u015bci, dostosowane do umiej\u0119tno\u015bci ka\u017cdego gracza<\/li>\n<li>Mo\u017cliwo\u015b\u0107 rywalizacji i gry w trybie wieloosobowym<\/li>\n<\/ul>\n<ul>\n<li>Odkrycie nowych form aktywno\u015bci i ruchu<\/li>\n<li>Rozw\u00f3j umiej\u0119tno\u015bci motorycznych i koordynacji ruchowej<\/li>\n<li>Stworzenie niezapomnianych wspomnie\u0144 dzi\u0119ki interaktywnej zabawie<\/li>\n<\/ul>\n<p>Nie czekaj d\u0142u\u017cej! Dodaj nasze ergometry do swojego zapytania ofertowego i zadbaj o niezapomnian\u0105 zabaw\u0119 na swoim wydarzeniu!<\/p>","protected":false},"excerpt":{"rendered":"<p>Ergometry to interaktywne urz\u0105dzenia, kt\u00f3re gwarantuj\u0105 nowy wymiar zabawy! Te wysokiej jako\u015bci symulatory dostarcz\u0105 nie tylko niesko\u0144czonej ilo\u015bci rado\u015bci, ale tak\u017ce \u015bwietny trening dla cia\u0142a. Idealne dla ka\u017cdego, od m\u0142odzie\u017cy po doros\u0142ych, na ka\u017cd\u0105 okazj\u0119 &#8211; od urodzin po festiwale!<\/p>","protected":false},"featured_media":1185,"comment_status":"closed","ping_status":"closed","template":"","meta":{"_acf_changed":false},"product_brand":[],"product_cat":[80,90],"product_tag":[],"class_list":{"0":"post-784","1":"product","2":"type-product","3":"status-publish","4":"has-post-thumbnail","6":"product_cat-dla-mlodziezy-i-doroslych","7":"product_cat-symulatory-i-gry-retro","9":"first","10":"instock","11":"downloadable","12":"virtual","13":"purchasable","14":"product-type-simple"},"acf":[],"yoast_head":"<!-- This site is optimized with the Yoast SEO plugin v27.5 - https:\/\/yoast.com\/product\/yoast-seo-wordpress\/ -->\n<title>Wirtualne wy\u015bcigi wio\u015blarskie: poczuj sportowe emocje na evencie!<\/title>\n<meta name=\"robots\" content=\"index, follow, max-snippet:-1, max-image-preview:large, max-video-preview:-1\" \/>\n<link rel=\"canonical\" href=\"https:\/\/mistrzowieimprez.pl\/en\/product\/ergometry\/\" \/>\n<meta property=\"og:locale\" content=\"en_GB\" \/>\n<meta property=\"og:type\" content=\"article\" \/>\n<meta property=\"og:title\" content=\"Wirtualne wy\u015bcigi wio\u015blarskie: poczuj sportowe emocje na evencie!\" \/>\n<meta property=\"og:description\" content=\"Ergometry to interaktywne urz\u0105dzenia, kt\u00f3re gwarantuj\u0105 nowy wymiar zabawy! Te wysokiej jako\u015bci symulatory dostarcz\u0105 nie tylko niesko\u0144czonej ilo\u015bci rado\u015bci, ale tak\u017ce \u015bwietny trening dla cia\u0142a. Idealne dla ka\u017cdego, od m\u0142odzie\u017cy po doros\u0142ych, na ka\u017cd\u0105 okazj\u0119 - od urodzin po festiwale!\" \/>\n<meta property=\"og:url\" content=\"https:\/\/mistrzowieimprez.pl\/en\/product\/ergometry\/\" \/>\n<meta property=\"og:site_name\" content=\"Mistrzowie Imprez\" \/>\n<meta property=\"article:publisher\" content=\"https:\/\/www.facebook.com\/mistrzowieimprez\" \/>\n<meta property=\"article:modified_time\" content=\"2026-03-18T09:13:08+00:00\" \/>\n<meta property=\"og:image\" content=\"https:\/\/mistrzowieimprez.pl\/wp-content\/uploads\/2024\/09\/Ergometry.png\" \/>\n\t<meta property=\"og:image:width\" content=\"800\" \/>\n\t<meta property=\"og:image:height\" content=\"800\" \/>\n\t<meta property=\"og:image:type\" content=\"image\/png\" \/>\n<meta name=\"twitter:card\" content=\"summary_large_image\" \/>\n<meta name=\"twitter:label1\" content=\"Estimated reading time\" \/>\n\t<meta name=\"twitter:data1\" content=\"1 minute\" \/>\n<script type=\"application\/ld+json\" class=\"yoast-schema-graph\">{\"@context\":\"https:\\\/\\\/schema.org\",\"@graph\":[{\"@type\":\"WebPage\",\"@id\":\"https:\\\/\\\/mistrzowieimprez.pl\\\/produkt\\\/ergometry\\\/\",\"url\":\"https:\\\/\\\/mistrzowieimprez.pl\\\/produkt\\\/ergometry\\\/\",\"name\":\"Wirtualne wy\u015bcigi wio\u015blarskie: poczuj sportowe emocje na evencie!\",\"isPartOf\":{\"@id\":\"https:\\\/\\\/mistrzowieimprez.pl\\\/#website\"},\"primaryImageOfPage\":{\"@id\":\"https:\\\/\\\/mistrzowieimprez.pl\\\/produkt\\\/ergometry\\\/#primaryimage\"},\"image\":{\"@id\":\"https:\\\/\\\/mistrzowieimprez.pl\\\/produkt\\\/ergometry\\\/#primaryimage\"},\"thumbnailUrl\":\"https:\\\/\\\/mistrzowieimprez.pl\\\/wp-content\\\/uploads\\\/2024\\\/09\\\/Ergometry.png\",\"datePublished\":\"2024-09-01T09:07:47+00:00\",\"dateModified\":\"2026-03-18T09:13:08+00:00\",\"breadcrumb\":{\"@id\":\"https:\\\/\\\/mistrzowieimprez.pl\\\/produkt\\\/ergometry\\\/#breadcrumb\"},\"inLanguage\":\"en-GB\",\"potentialAction\":[{\"@type\":\"ReadAction\",\"target\":[\"https:\\\/\\\/mistrzowieimprez.pl\\\/produkt\\\/ergometry\\\/\"]}]},{\"@type\":\"ImageObject\",\"inLanguage\":\"en-GB\",\"@id\":\"https:\\\/\\\/mistrzowieimprez.pl\\\/produkt\\\/ergometry\\\/#primaryimage\",\"url\":\"https:\\\/\\\/mistrzowieimprez.pl\\\/wp-content\\\/uploads\\\/2024\\\/09\\\/Ergometry.png\",\"contentUrl\":\"https:\\\/\\\/mistrzowieimprez.pl\\\/wp-content\\\/uploads\\\/2024\\\/09\\\/Ergometry.png\",\"width\":1000,\"height\":1000,\"caption\":\"Na zdj\u0119ciu dwoje ludzi \u0107wiczy na ergometrze wio\u015blarskim w si\u0142owni.\"},{\"@type\":\"BreadcrumbList\",\"@id\":\"https:\\\/\\\/mistrzowieimprez.pl\\\/produkt\\\/ergometry\\\/#breadcrumb\",\"itemListElement\":[{\"@type\":\"ListItem\",\"position\":1,\"name\":\"Strona g\u0142\u00f3wna\",\"item\":\"https:\\\/\\\/mistrzowieimprez.pl\\\/\"},{\"@type\":\"ListItem\",\"position\":2,\"name\":\"sklep\",\"item\":\"https:\\\/\\\/mistrzowieimprez.pl\\\/sklep\\\/\"},{\"@type\":\"ListItem\",\"position\":3,\"name\":\"Ergometry\"}]},{\"@type\":\"WebSite\",\"@id\":\"https:\\\/\\\/mistrzowieimprez.pl\\\/#website\",\"url\":\"https:\\\/\\\/mistrzowieimprez.pl\\\/\",\"name\":\"Mistrzowie Imprez\",\"description\":\"Kompleksowa organizacja imprez\",\"publisher\":{\"@id\":\"https:\\\/\\\/mistrzowieimprez.pl\\\/#organization\"},\"potentialAction\":[{\"@type\":\"SearchAction\",\"target\":{\"@type\":\"EntryPoint\",\"urlTemplate\":\"https:\\\/\\\/mistrzowieimprez.pl\\\/?s={search_term_string}\"},\"query-input\":{\"@type\":\"PropertyValueSpecification\",\"valueRequired\":true,\"valueName\":\"search_term_string\"}}],\"inLanguage\":\"en-GB\"},{\"@type\":\"Organization\",\"@id\":\"https:\\\/\\\/mistrzowieimprez.pl\\\/#organization\",\"name\":\"Mistrzowie Imprez\",\"url\":\"https:\\\/\\\/mistrzowieimprez.pl\\\/\",\"logo\":{\"@type\":\"ImageObject\",\"inLanguage\":\"en-GB\",\"@id\":\"https:\\\/\\\/mistrzowieimprez.pl\\\/#\\\/schema\\\/logo\\\/image\\\/\",\"url\":\"https:\\\/\\\/mistrzowieimprez.pl\\\/wp-content\\\/uploads\\\/2024\\\/08\\\/mistrzowie_imprez_logo_ciemne-tlo@4x.png\",\"contentUrl\":\"https:\\\/\\\/mistrzowieimprez.pl\\\/wp-content\\\/uploads\\\/2024\\\/08\\\/mistrzowie_imprez_logo_ciemne-tlo@4x.png\",\"width\":1318,\"height\":351,\"caption\":\"Mistrzowie Imprez\"},\"image\":{\"@id\":\"https:\\\/\\\/mistrzowieimprez.pl\\\/#\\\/schema\\\/logo\\\/image\\\/\"},\"sameAs\":[\"https:\\\/\\\/www.facebook.com\\\/mistrzowieimprez\",\"https:\\\/\\\/www.instagram.com\\\/mistrzowieimprez\\\/\",\"https:\\\/\\\/www.youtube.com\\\/@ytmistrzowieimprez\"]}]}<\/script>\n<!-- \/ Yoast SEO plugin. -->","yoast_head_json":{"title":"Wirtualne wy\u015bcigi wio\u015blarskie: poczuj sportowe emocje na evencie!","robots":{"index":"index","follow":"follow","max-snippet":"max-snippet:-1","max-image-preview":"max-image-preview:large","max-video-preview":"max-video-preview:-1"},"canonical":"https:\/\/mistrzowieimprez.pl\/en\/product\/ergometry\/","og_locale":"en_GB","og_type":"article","og_title":"Wirtualne wy\u015bcigi wio\u015blarskie: poczuj sportowe emocje na evencie!","og_description":"Ergometry to interaktywne urz\u0105dzenia, kt\u00f3re gwarantuj\u0105 nowy wymiar zabawy! Te wysokiej jako\u015bci symulatory dostarcz\u0105 nie tylko niesko\u0144czonej ilo\u015bci rado\u015bci, ale tak\u017ce \u015bwietny trening dla cia\u0142a. Idealne dla ka\u017cdego, od m\u0142odzie\u017cy po doros\u0142ych, na ka\u017cd\u0105 okazj\u0119 - od urodzin po festiwale!","og_url":"https:\/\/mistrzowieimprez.pl\/en\/product\/ergometry\/","og_site_name":"Mistrzowie Imprez","article_publisher":"https:\/\/www.facebook.com\/mistrzowieimprez","article_modified_time":"2026-03-18T09:13:08+00:00","og_image":[{"url":"https:\/\/mistrzowieimprez.pl\/wp-content\/uploads\/2024\/09\/Ergometry.png","width":800,"height":800,"type":"image\/png"}],"twitter_card":"summary_large_image","twitter_misc":{"Estimated reading time":"1 minute"},"schema":{"@context":"https:\/\/schema.org","@graph":[{"@type":"WebPage","@id":"https:\/\/mistrzowieimprez.pl\/produkt\/ergometry\/","url":"https:\/\/mistrzowieimprez.pl\/produkt\/ergometry\/","name":"Wirtualne wy\u015bcigi wio\u015blarskie: poczuj sportowe emocje na evencie!","isPartOf":{"@id":"https:\/\/mistrzowieimprez.pl\/#website"},"primaryImageOfPage":{"@id":"https:\/\/mistrzowieimprez.pl\/produkt\/ergometry\/#primaryimage"},"image":{"@id":"https:\/\/mistrzowieimprez.pl\/produkt\/ergometry\/#primaryimage"},"thumbnailUrl":"https:\/\/mistrzowieimprez.pl\/wp-content\/uploads\/2024\/09\/Ergometry.png","datePublished":"2024-09-01T09:07:47+00:00","dateModified":"2026-03-18T09:13:08+00:00","breadcrumb":{"@id":"https:\/\/mistrzowieimprez.pl\/produkt\/ergometry\/#breadcrumb"},"inLanguage":"en-GB","potentialAction":[{"@type":"ReadAction","target":["https:\/\/mistrzowieimprez.pl\/produkt\/ergometry\/"]}]},{"@type":"ImageObject","inLanguage":"en-GB","@id":"https:\/\/mistrzowieimprez.pl\/produkt\/ergometry\/#primaryimage","url":"https:\/\/mistrzowieimprez.pl\/wp-content\/uploads\/2024\/09\/Ergometry.png","contentUrl":"https:\/\/mistrzowieimprez.pl\/wp-content\/uploads\/2024\/09\/Ergometry.png","width":1000,"height":1000,"caption":"Na zdj\u0119ciu dwoje ludzi \u0107wiczy na ergometrze wio\u015blarskim w si\u0142owni."},{"@type":"BreadcrumbList","@id":"https:\/\/mistrzowieimprez.pl\/produkt\/ergometry\/#breadcrumb","itemListElement":[{"@type":"ListItem","position":1,"name":"Strona g\u0142\u00f3wna","item":"https:\/\/mistrzowieimprez.pl\/"},{"@type":"ListItem","position":2,"name":"sklep","item":"https:\/\/mistrzowieimprez.pl\/sklep\/"},{"@type":"ListItem","position":3,"name":"Ergometry"}]},{"@type":"WebSite","@id":"https:\/\/mistrzowieimprez.pl\/#website","url":"https:\/\/mistrzowieimprez.pl\/","name":"Mistrzowie Imprez","description":"Kompleksowa organizacja imprez","publisher":{"@id":"https:\/\/mistrzowieimprez.pl\/#organization"},"potentialAction":[{"@type":"SearchAction","target":{"@type":"EntryPoint","urlTemplate":"https:\/\/mistrzowieimprez.pl\/?s={search_term_string}"},"query-input":{"@type":"PropertyValueSpecification","valueRequired":true,"valueName":"search_term_string"}}],"inLanguage":"en-GB"},{"@type":"Organization","@id":"https:\/\/mistrzowieimprez.pl\/#organization","name":"Mistrzowie Imprez","url":"https:\/\/mistrzowieimprez.pl\/","logo":{"@type":"ImageObject","inLanguage":"en-GB","@id":"https:\/\/mistrzowieimprez.pl\/#\/schema\/logo\/image\/","url":"https:\/\/mistrzowieimprez.pl\/wp-content\/uploads\/2024\/08\/mistrzowie_imprez_logo_ciemne-tlo@4x.png","contentUrl":"https:\/\/mistrzowieimprez.pl\/wp-content\/uploads\/2024\/08\/mistrzowie_imprez_logo_ciemne-tlo@4x.png","width":1318,"height":351,"caption":"Mistrzowie Imprez"},"image":{"@id":"https:\/\/mistrzowieimprez.pl\/#\/schema\/logo\/image\/"},"sameAs":["https:\/\/www.facebook.com\/mistrzowieimprez","https:\/\/www.instagram.com\/mistrzowieimprez\/","https:\/\/www.youtube.com\/@ytmistrzowieimprez"]}]}},"_links":{"self":[{"href":"https:\/\/mistrzowieimprez.pl\/en\/wp-json\/wp\/v2\/product\/784","targetHints":{"allow":["GET"]}}],"collection":[{"href":"https:\/\/mistrzowieimprez.pl\/en\/wp-json\/wp\/v2\/product"}],"about":[{"href":"https:\/\/mistrzowieimprez.pl\/en\/wp-json\/wp\/v2\/types\/product"}],"replies":[{"embeddable":true,"href":"https:\/\/mistrzowieimprez.pl\/en\/wp-json\/wp\/v2\/comments?post=784"}],"version-history":[{"count":1,"href":"https:\/\/mistrzowieimprez.pl\/en\/wp-json\/wp\/v2\/product\/784\/revisions"}],"predecessor-version":[{"id":3587,"href":"https:\/\/mistrzowieimprez.pl\/en\/wp-json\/wp\/v2\/product\/784\/revisions\/3587"}],"wp:featuredmedia":[{"embeddable":true,"href":"https:\/\/mistrzowieimprez.pl\/en\/wp-json\/wp\/v2\/media\/1185"}],"wp:attachment":[{"href":"https:\/\/mistrzowieimprez.pl\/en\/wp-json\/wp\/v2\/media?parent=784"}],"wp:term":[{"taxonomy":"product_brand","embeddable":true,"href":"https:\/\/mistrzowieimprez.pl\/en\/wp-json\/wp\/v2\/product_brand?post=784"},{"taxonomy":"product_cat","embeddable":true,"href":"https:\/\/mistrzowieimprez.pl\/en\/wp-json\/wp\/v2\/product_cat?post=784"},{"taxonomy":"product_tag","embeddable":true,"href":"https:\/\/mistrzowieimprez.pl\/en\/wp-json\/wp\/v2\/product_tag?post=784"}],"curies":[{"name":"wp","href":"https:\/\/api.w.org\/{rel}","templated":true}]}}