{"id":783,"date":"2024-09-01T09:07:46","date_gmt":"2024-09-01T09:07:46","guid":{"rendered":"https:\/\/mistrzowieimprez.pl\/produkt\/symulator-rowerowy\/"},"modified":"2026-03-18T09:12:26","modified_gmt":"2026-03-18T09:12:26","slug":"symulator-rowerowy","status":"publish","type":"product","link":"https:\/\/mistrzowieimprez.pl\/en\/product\/symulator-rowerowy\/","title":{"rendered":"Symulator Rowerowy"},"content":{"rendered":"<p>Podnie\u015b poziom zabawy na swojej imprezie do nieznanych wcze\u015bniej wysoko\u015bci z naszym Symulatorem Rowerowym! Ten interaktywny symulator oferuje uczestnikom niesamowite doznanie jazdy na rowerze, bez wzgl\u0119du na warunki atmosferyczne. Idealny na festiwale, dni rodzinne, imprezy firmowe i wiele wi\u0119cej, Symulator Rowerowy to doskona\u0142y spos\u00f3b na dodanie troch\u0119 energii do ka\u017cdego wydarzenia!<\/p>\n<ul>\n<li>Interaktywny, realistyczny symulator jazdy na rowerze<\/li>\n<li>Bezpieczne i \u0142atwe w u\u017cyciu dla os\u00f3b w ka\u017cdym wieku<\/li>\n<li>Mo\u017cliwo\u015b\u0107 dostosowania trasy i poziomu trudno\u015bci<\/li>\n<\/ul>\n<ul>\n<li>\u015awietna forma aktywno\u015bci fizycznej, kt\u00f3ra jednocze\u015bnie dostarcza mn\u00f3stwo zabawy<\/li>\n<li>Stymuluje ducha rywalizacji i promuje zdrow\u0105 konkurencj\u0119<\/li>\n<li>Pomaga zwi\u0119kszy\u0107 zdolno\u015bci motoryczne i koordynacj\u0119<\/li>\n<\/ul>\n<p>Chcesz doda\u0107 troch\u0119 p\u0119du do swojej imprezy? Przy\u015blij nam zapytanie ofertowe na Symulator Rowerowy ju\u017c dzi\u015b!<\/p>","protected":false},"excerpt":{"rendered":"<p>Podkr\u0119\u0107 zabaw\u0119 na swoim evencie naszym Symulatorem Rowerowym! Ten interaktywny gad\u017cet dostarczy uczestnikom niesamowite emocje z jazdy na rowerze, bez wzgl\u0119du na pogod\u0119. Idealny na festiwale, dni rodzinne czy imprezy firmowe, doda energii do ka\u017cdego wydarzenia.<\/p>","protected":false},"featured_media":1281,"comment_status":"closed","ping_status":"closed","template":"","meta":{"_acf_changed":false},"product_brand":[],"product_cat":[80,90],"product_tag":[],"class_list":{"0":"post-783","1":"product","2":"type-product","3":"status-publish","4":"has-post-thumbnail","6":"product_cat-dla-mlodziezy-i-doroslych","7":"product_cat-symulatory-i-gry-retro","9":"first","10":"instock","11":"downloadable","12":"virtual","13":"purchasable","14":"product-type-simple"},"acf":[],"yoast_head":"<!-- This site is optimized with the Yoast SEO plugin v27.5 - https:\/\/yoast.com\/product\/yoast-seo-wordpress\/ -->\n<title>Wirtualny wy\u015bcig rowerowy: sprawd\u017a swoj\u0105 kondycj\u0119 i poczuj p\u0119d!<\/title>\n<meta name=\"robots\" content=\"index, follow, max-snippet:-1, max-image-preview:large, max-video-preview:-1\" \/>\n<link rel=\"canonical\" href=\"https:\/\/mistrzowieimprez.pl\/en\/product\/symulator-rowerowy\/\" \/>\n<meta property=\"og:locale\" content=\"en_GB\" \/>\n<meta property=\"og:type\" content=\"article\" \/>\n<meta property=\"og:title\" content=\"Wirtualny wy\u015bcig rowerowy: sprawd\u017a swoj\u0105 kondycj\u0119 i poczuj p\u0119d!\" \/>\n<meta property=\"og:description\" content=\"Podkr\u0119\u0107 zabaw\u0119 na swoim evencie naszym Symulatorem Rowerowym! Ten interaktywny gad\u017cet dostarczy uczestnikom niesamowite emocje z jazdy na rowerze, bez wzgl\u0119du na pogod\u0119. Idealny na festiwale, dni rodzinne czy imprezy firmowe, doda energii do ka\u017cdego wydarzenia.\" \/>\n<meta property=\"og:url\" content=\"https:\/\/mistrzowieimprez.pl\/en\/product\/symulator-rowerowy\/\" \/>\n<meta property=\"og:site_name\" content=\"Mistrzowie Imprez\" \/>\n<meta property=\"article:publisher\" content=\"https:\/\/www.facebook.com\/mistrzowieimprez\" \/>\n<meta property=\"article:modified_time\" content=\"2026-03-18T09:12:26+00:00\" \/>\n<meta property=\"og:image\" content=\"https:\/\/mistrzowieimprez.pl\/wp-content\/uploads\/2024\/09\/Symulator-Rowerowy.png\" \/>\n\t<meta property=\"og:image:width\" content=\"1000\" \/>\n\t<meta property=\"og:image:height\" content=\"1000\" \/>\n\t<meta property=\"og:image:type\" content=\"image\/png\" \/>\n<meta name=\"twitter:card\" content=\"summary_large_image\" \/>\n<meta name=\"twitter:label1\" content=\"Estimated reading time\" \/>\n\t<meta name=\"twitter:data1\" content=\"1 minute\" \/>\n<script type=\"application\/ld+json\" class=\"yoast-schema-graph\">{\"@context\":\"https:\\\/\\\/schema.org\",\"@graph\":[{\"@type\":\"WebPage\",\"@id\":\"https:\\\/\\\/mistrzowieimprez.pl\\\/produkt\\\/symulator-rowerowy\\\/\",\"url\":\"https:\\\/\\\/mistrzowieimprez.pl\\\/produkt\\\/symulator-rowerowy\\\/\",\"name\":\"Wirtualny wy\u015bcig rowerowy: sprawd\u017a swoj\u0105 kondycj\u0119 i poczuj p\u0119d!\",\"isPartOf\":{\"@id\":\"https:\\\/\\\/mistrzowieimprez.pl\\\/#website\"},\"primaryImageOfPage\":{\"@id\":\"https:\\\/\\\/mistrzowieimprez.pl\\\/produkt\\\/symulator-rowerowy\\\/#primaryimage\"},\"image\":{\"@id\":\"https:\\\/\\\/mistrzowieimprez.pl\\\/produkt\\\/symulator-rowerowy\\\/#primaryimage\"},\"thumbnailUrl\":\"https:\\\/\\\/mistrzowieimprez.pl\\\/wp-content\\\/uploads\\\/2024\\\/09\\\/Symulator-Rowerowy.png\",\"datePublished\":\"2024-09-01T09:07:46+00:00\",\"dateModified\":\"2026-03-18T09:12:26+00:00\",\"breadcrumb\":{\"@id\":\"https:\\\/\\\/mistrzowieimprez.pl\\\/produkt\\\/symulator-rowerowy\\\/#breadcrumb\"},\"inLanguage\":\"en-GB\",\"potentialAction\":[{\"@type\":\"ReadAction\",\"target\":[\"https:\\\/\\\/mistrzowieimprez.pl\\\/produkt\\\/symulator-rowerowy\\\/\"]}]},{\"@type\":\"ImageObject\",\"inLanguage\":\"en-GB\",\"@id\":\"https:\\\/\\\/mistrzowieimprez.pl\\\/produkt\\\/symulator-rowerowy\\\/#primaryimage\",\"url\":\"https:\\\/\\\/mistrzowieimprez.pl\\\/wp-content\\\/uploads\\\/2024\\\/09\\\/Symulator-Rowerowy.png\",\"contentUrl\":\"https:\\\/\\\/mistrzowieimprez.pl\\\/wp-content\\\/uploads\\\/2024\\\/09\\\/Symulator-Rowerowy.png\",\"width\":1000,\"height\":1000,\"caption\":\"Osoba na rowerze stacjonarnym symuluje jazd\u0119 w ramach atrakcji eventowej zorganizowanej przez Mistrz\u00f3w imprez.\"},{\"@type\":\"BreadcrumbList\",\"@id\":\"https:\\\/\\\/mistrzowieimprez.pl\\\/produkt\\\/symulator-rowerowy\\\/#breadcrumb\",\"itemListElement\":[{\"@type\":\"ListItem\",\"position\":1,\"name\":\"Strona g\u0142\u00f3wna\",\"item\":\"https:\\\/\\\/mistrzowieimprez.pl\\\/\"},{\"@type\":\"ListItem\",\"position\":2,\"name\":\"sklep\",\"item\":\"https:\\\/\\\/mistrzowieimprez.pl\\\/sklep\\\/\"},{\"@type\":\"ListItem\",\"position\":3,\"name\":\"Symulator Rowerowy\"}]},{\"@type\":\"WebSite\",\"@id\":\"https:\\\/\\\/mistrzowieimprez.pl\\\/#website\",\"url\":\"https:\\\/\\\/mistrzowieimprez.pl\\\/\",\"name\":\"Mistrzowie Imprez\",\"description\":\"Kompleksowa organizacja imprez\",\"publisher\":{\"@id\":\"https:\\\/\\\/mistrzowieimprez.pl\\\/#organization\"},\"potentialAction\":[{\"@type\":\"SearchAction\",\"target\":{\"@type\":\"EntryPoint\",\"urlTemplate\":\"https:\\\/\\\/mistrzowieimprez.pl\\\/?s={search_term_string}\"},\"query-input\":{\"@type\":\"PropertyValueSpecification\",\"valueRequired\":true,\"valueName\":\"search_term_string\"}}],\"inLanguage\":\"en-GB\"},{\"@type\":\"Organization\",\"@id\":\"https:\\\/\\\/mistrzowieimprez.pl\\\/#organization\",\"name\":\"Mistrzowie Imprez\",\"url\":\"https:\\\/\\\/mistrzowieimprez.pl\\\/\",\"logo\":{\"@type\":\"ImageObject\",\"inLanguage\":\"en-GB\",\"@id\":\"https:\\\/\\\/mistrzowieimprez.pl\\\/#\\\/schema\\\/logo\\\/image\\\/\",\"url\":\"https:\\\/\\\/mistrzowieimprez.pl\\\/wp-content\\\/uploads\\\/2024\\\/08\\\/mistrzowie_imprez_logo_ciemne-tlo@4x.png\",\"contentUrl\":\"https:\\\/\\\/mistrzowieimprez.pl\\\/wp-content\\\/uploads\\\/2024\\\/08\\\/mistrzowie_imprez_logo_ciemne-tlo@4x.png\",\"width\":1318,\"height\":351,\"caption\":\"Mistrzowie Imprez\"},\"image\":{\"@id\":\"https:\\\/\\\/mistrzowieimprez.pl\\\/#\\\/schema\\\/logo\\\/image\\\/\"},\"sameAs\":[\"https:\\\/\\\/www.facebook.com\\\/mistrzowieimprez\",\"https:\\\/\\\/www.instagram.com\\\/mistrzowieimprez\\\/\",\"https:\\\/\\\/www.youtube.com\\\/@ytmistrzowieimprez\"]}]}<\/script>\n<!-- \/ Yoast SEO plugin. -->","yoast_head_json":{"title":"Wirtualny wy\u015bcig rowerowy: sprawd\u017a swoj\u0105 kondycj\u0119 i poczuj p\u0119d!","robots":{"index":"index","follow":"follow","max-snippet":"max-snippet:-1","max-image-preview":"max-image-preview:large","max-video-preview":"max-video-preview:-1"},"canonical":"https:\/\/mistrzowieimprez.pl\/en\/product\/symulator-rowerowy\/","og_locale":"en_GB","og_type":"article","og_title":"Wirtualny wy\u015bcig rowerowy: sprawd\u017a swoj\u0105 kondycj\u0119 i poczuj p\u0119d!","og_description":"Podkr\u0119\u0107 zabaw\u0119 na swoim evencie naszym Symulatorem Rowerowym! Ten interaktywny gad\u017cet dostarczy uczestnikom niesamowite emocje z jazdy na rowerze, bez wzgl\u0119du na pogod\u0119. Idealny na festiwale, dni rodzinne czy imprezy firmowe, doda energii do ka\u017cdego wydarzenia.","og_url":"https:\/\/mistrzowieimprez.pl\/en\/product\/symulator-rowerowy\/","og_site_name":"Mistrzowie Imprez","article_publisher":"https:\/\/www.facebook.com\/mistrzowieimprez","article_modified_time":"2026-03-18T09:12:26+00:00","og_image":[{"width":1000,"height":1000,"url":"https:\/\/mistrzowieimprez.pl\/wp-content\/uploads\/2024\/09\/Symulator-Rowerowy.png","type":"image\/png"}],"twitter_card":"summary_large_image","twitter_misc":{"Estimated reading time":"1 minute"},"schema":{"@context":"https:\/\/schema.org","@graph":[{"@type":"WebPage","@id":"https:\/\/mistrzowieimprez.pl\/produkt\/symulator-rowerowy\/","url":"https:\/\/mistrzowieimprez.pl\/produkt\/symulator-rowerowy\/","name":"Wirtualny wy\u015bcig rowerowy: sprawd\u017a swoj\u0105 kondycj\u0119 i poczuj p\u0119d!","isPartOf":{"@id":"https:\/\/mistrzowieimprez.pl\/#website"},"primaryImageOfPage":{"@id":"https:\/\/mistrzowieimprez.pl\/produkt\/symulator-rowerowy\/#primaryimage"},"image":{"@id":"https:\/\/mistrzowieimprez.pl\/produkt\/symulator-rowerowy\/#primaryimage"},"thumbnailUrl":"https:\/\/mistrzowieimprez.pl\/wp-content\/uploads\/2024\/09\/Symulator-Rowerowy.png","datePublished":"2024-09-01T09:07:46+00:00","dateModified":"2026-03-18T09:12:26+00:00","breadcrumb":{"@id":"https:\/\/mistrzowieimprez.pl\/produkt\/symulator-rowerowy\/#breadcrumb"},"inLanguage":"en-GB","potentialAction":[{"@type":"ReadAction","target":["https:\/\/mistrzowieimprez.pl\/produkt\/symulator-rowerowy\/"]}]},{"@type":"ImageObject","inLanguage":"en-GB","@id":"https:\/\/mistrzowieimprez.pl\/produkt\/symulator-rowerowy\/#primaryimage","url":"https:\/\/mistrzowieimprez.pl\/wp-content\/uploads\/2024\/09\/Symulator-Rowerowy.png","contentUrl":"https:\/\/mistrzowieimprez.pl\/wp-content\/uploads\/2024\/09\/Symulator-Rowerowy.png","width":1000,"height":1000,"caption":"Osoba na rowerze stacjonarnym symuluje jazd\u0119 w ramach atrakcji eventowej zorganizowanej przez Mistrz\u00f3w imprez."},{"@type":"BreadcrumbList","@id":"https:\/\/mistrzowieimprez.pl\/produkt\/symulator-rowerowy\/#breadcrumb","itemListElement":[{"@type":"ListItem","position":1,"name":"Strona g\u0142\u00f3wna","item":"https:\/\/mistrzowieimprez.pl\/"},{"@type":"ListItem","position":2,"name":"sklep","item":"https:\/\/mistrzowieimprez.pl\/sklep\/"},{"@type":"ListItem","position":3,"name":"Symulator Rowerowy"}]},{"@type":"WebSite","@id":"https:\/\/mistrzowieimprez.pl\/#website","url":"https:\/\/mistrzowieimprez.pl\/","name":"Mistrzowie Imprez","description":"Kompleksowa organizacja imprez","publisher":{"@id":"https:\/\/mistrzowieimprez.pl\/#organization"},"potentialAction":[{"@type":"SearchAction","target":{"@type":"EntryPoint","urlTemplate":"https:\/\/mistrzowieimprez.pl\/?s={search_term_string}"},"query-input":{"@type":"PropertyValueSpecification","valueRequired":true,"valueName":"search_term_string"}}],"inLanguage":"en-GB"},{"@type":"Organization","@id":"https:\/\/mistrzowieimprez.pl\/#organization","name":"Mistrzowie Imprez","url":"https:\/\/mistrzowieimprez.pl\/","logo":{"@type":"ImageObject","inLanguage":"en-GB","@id":"https:\/\/mistrzowieimprez.pl\/#\/schema\/logo\/image\/","url":"https:\/\/mistrzowieimprez.pl\/wp-content\/uploads\/2024\/08\/mistrzowie_imprez_logo_ciemne-tlo@4x.png","contentUrl":"https:\/\/mistrzowieimprez.pl\/wp-content\/uploads\/2024\/08\/mistrzowie_imprez_logo_ciemne-tlo@4x.png","width":1318,"height":351,"caption":"Mistrzowie Imprez"},"image":{"@id":"https:\/\/mistrzowieimprez.pl\/#\/schema\/logo\/image\/"},"sameAs":["https:\/\/www.facebook.com\/mistrzowieimprez","https:\/\/www.instagram.com\/mistrzowieimprez\/","https:\/\/www.youtube.com\/@ytmistrzowieimprez"]}]}},"_links":{"self":[{"href":"https:\/\/mistrzowieimprez.pl\/en\/wp-json\/wp\/v2\/product\/783","targetHints":{"allow":["GET"]}}],"collection":[{"href":"https:\/\/mistrzowieimprez.pl\/en\/wp-json\/wp\/v2\/product"}],"about":[{"href":"https:\/\/mistrzowieimprez.pl\/en\/wp-json\/wp\/v2\/types\/product"}],"replies":[{"embeddable":true,"href":"https:\/\/mistrzowieimprez.pl\/en\/wp-json\/wp\/v2\/comments?post=783"}],"version-history":[{"count":1,"href":"https:\/\/mistrzowieimprez.pl\/en\/wp-json\/wp\/v2\/product\/783\/revisions"}],"predecessor-version":[{"id":3585,"href":"https:\/\/mistrzowieimprez.pl\/en\/wp-json\/wp\/v2\/product\/783\/revisions\/3585"}],"wp:featuredmedia":[{"embeddable":true,"href":"https:\/\/mistrzowieimprez.pl\/en\/wp-json\/wp\/v2\/media\/1281"}],"wp:attachment":[{"href":"https:\/\/mistrzowieimprez.pl\/en\/wp-json\/wp\/v2\/media?parent=783"}],"wp:term":[{"taxonomy":"product_brand","embeddable":true,"href":"https:\/\/mistrzowieimprez.pl\/en\/wp-json\/wp\/v2\/product_brand?post=783"},{"taxonomy":"product_cat","embeddable":true,"href":"https:\/\/mistrzowieimprez.pl\/en\/wp-json\/wp\/v2\/product_cat?post=783"},{"taxonomy":"product_tag","embeddable":true,"href":"https:\/\/mistrzowieimprez.pl\/en\/wp-json\/wp\/v2\/product_tag?post=783"}],"curies":[{"name":"wp","href":"https:\/\/api.w.org\/{rel}","templated":true}]}}