{"id":780,"date":"2024-09-01T09:07:45","date_gmt":"2024-09-01T09:07:45","guid":{"rendered":"https:\/\/mistrzowieimprez.pl\/produkt\/lamiglowki-logiczne\/"},"modified":"2026-03-18T09:11:24","modified_gmt":"2026-03-18T09:11:24","slug":"lamiglowki-logiczne","status":"publish","type":"product","link":"https:\/\/mistrzowieimprez.pl\/en\/product\/lamiglowki-logiczne\/","title":{"rendered":"\u0141amig\u0142\u00f3wki logiczne"},"content":{"rendered":"<p>\u0141amig\u0142\u00f3wki logiczne to wyj\u0105tkowo ekscytuj\u0105ca i pobudzaj\u0105ca aktywno\u015b\u0107 dla m\u0142odzie\u017cy i doros\u0142ych! Te interaktywne gry to doskona\u0142y spos\u00f3b na pobudzenie umys\u0142u, jednocze\u015bnie zapewniaj\u0105c mn\u00f3stwo zabawy. Doskona\u0142e na imprezy, eventy firmowe, czy spotkania integracyjne &#8211; stanowi\u0105 nie tylko \u015bwietn\u0105 zabaw\u0119, ale tak\u017ce anga\u017cuj\u0105ce wyzwanie dla umys\u0142u.<\/p>\n<ul>\n<li>Dost\u0119pne w r\u00f3\u017cnych wariantach trudno\u015bci.<\/li>\n<li>Zawieraj\u0105 r\u00f3\u017cnorodne rodzaje \u0142amig\u0142\u00f3wek &#8211; od zagadek matematycznych po \u0142amig\u0142\u00f3wki logiczne.<\/li>\n<li>Mo\u017cliwo\u015b\u0107 dostosowania do tematyki imprezy.<\/li>\n<\/ul>\n<ul>\n<li>Stymulacja logicznego my\u015blenia i umiej\u0119tno\u015bci rozwi\u0105zywania problem\u00f3w.<\/li>\n<li>Zabawa i nauka w jednym &#8211; doskona\u0142e \u0107wiczenie dla umys\u0142u.<\/li>\n<li>Mo\u017cliwo\u015b\u0107 integracji i rywalizacji w grupie.<\/li>\n<\/ul>\n<p>Zg\u0142o\u015b si\u0119 do nas ju\u017c dzi\u015b i zorganizuj niezapomnian\u0105 imprez\u0119 pe\u0142n\u0105 \u0142amig\u0142\u00f3wek logicznych, kt\u00f3re pobudz\u0105 umys\u0142y wszystkich uczestnik\u00f3w!<\/p>","protected":false},"excerpt":{"rendered":"<p>\u0141amig\u0142\u00f3wki logiczne to \u015bwietna zabawa i intelektualne wyzwanie dla m\u0142odzie\u017cy i doros\u0142ych. Rozwijaj\u0105 umys\u0142, jednocze\u015bnie dostarczaj\u0105c mn\u00f3stwo rado\u015bci. Idealne na eventy firmowe, imprezy czy spotkania integracyjne.<\/p>","protected":false},"featured_media":1233,"comment_status":"closed","ping_status":"closed","template":"","meta":{"_acf_changed":false},"product_brand":[],"product_cat":[80,100,101],"product_tag":[],"class_list":{"0":"post-780","1":"product","2":"type-product","3":"status-publish","4":"has-post-thumbnail","6":"product_cat-dla-mlodziezy-i-doroslych","7":"product_cat-gry-na-imprezy","8":"product_cat-konkursy-i-zabawy","10":"first","11":"instock","12":"downloadable","13":"virtual","14":"purchasable","15":"product-type-simple"},"acf":[],"yoast_head":"<!-- This site is optimized with the Yoast SEO plugin v27.5 - https:\/\/yoast.com\/product\/yoast-seo-wordpress\/ -->\n<title>Wyzwanie dla umys\u0142u: sprawd\u017a logiczne my\u015blenie na evencie!<\/title>\n<meta name=\"robots\" content=\"index, follow, max-snippet:-1, max-image-preview:large, max-video-preview:-1\" \/>\n<link rel=\"canonical\" href=\"https:\/\/mistrzowieimprez.pl\/en\/product\/lamiglowki-logiczne\/\" \/>\n<meta property=\"og:locale\" content=\"en_GB\" \/>\n<meta property=\"og:type\" content=\"article\" \/>\n<meta property=\"og:title\" content=\"Wyzwanie dla umys\u0142u: sprawd\u017a logiczne my\u015blenie na evencie!\" \/>\n<meta property=\"og:description\" content=\"\u0141amig\u0142\u00f3wki logiczne to \u015bwietna zabawa i intelektualne wyzwanie dla m\u0142odzie\u017cy i doros\u0142ych. Rozwijaj\u0105 umys\u0142, jednocze\u015bnie dostarczaj\u0105c mn\u00f3stwo rado\u015bci. Idealne na eventy firmowe, imprezy czy spotkania integracyjne.\" \/>\n<meta property=\"og:url\" content=\"https:\/\/mistrzowieimprez.pl\/en\/product\/lamiglowki-logiczne\/\" \/>\n<meta property=\"og:site_name\" content=\"Mistrzowie Imprez\" \/>\n<meta property=\"article:publisher\" content=\"https:\/\/www.facebook.com\/mistrzowieimprez\" \/>\n<meta property=\"article:modified_time\" content=\"2026-03-18T09:11:24+00:00\" \/>\n<meta property=\"og:image\" content=\"https:\/\/mistrzowieimprez.pl\/wp-content\/uploads\/2024\/09\/Lamiglowki-logiczne.png\" \/>\n\t<meta property=\"og:image:width\" content=\"1000\" \/>\n\t<meta property=\"og:image:height\" content=\"1000\" \/>\n\t<meta property=\"og:image:type\" content=\"image\/png\" \/>\n<meta name=\"twitter:card\" content=\"summary_large_image\" \/>\n<meta name=\"twitter:label1\" content=\"Estimated reading time\" \/>\n\t<meta name=\"twitter:data1\" content=\"1 minute\" \/>\n<script type=\"application\/ld+json\" class=\"yoast-schema-graph\">{\"@context\":\"https:\\\/\\\/schema.org\",\"@graph\":[{\"@type\":\"WebPage\",\"@id\":\"https:\\\/\\\/mistrzowieimprez.pl\\\/produkt\\\/lamiglowki-logiczne\\\/\",\"url\":\"https:\\\/\\\/mistrzowieimprez.pl\\\/produkt\\\/lamiglowki-logiczne\\\/\",\"name\":\"Wyzwanie dla umys\u0142u: sprawd\u017a logiczne my\u015blenie na evencie!\",\"isPartOf\":{\"@id\":\"https:\\\/\\\/mistrzowieimprez.pl\\\/#website\"},\"primaryImageOfPage\":{\"@id\":\"https:\\\/\\\/mistrzowieimprez.pl\\\/produkt\\\/lamiglowki-logiczne\\\/#primaryimage\"},\"image\":{\"@id\":\"https:\\\/\\\/mistrzowieimprez.pl\\\/produkt\\\/lamiglowki-logiczne\\\/#primaryimage\"},\"thumbnailUrl\":\"https:\\\/\\\/mistrzowieimprez.pl\\\/wp-content\\\/uploads\\\/2024\\\/09\\\/Lamiglowki-logiczne.png\",\"datePublished\":\"2024-09-01T09:07:45+00:00\",\"dateModified\":\"2026-03-18T09:11:24+00:00\",\"breadcrumb\":{\"@id\":\"https:\\\/\\\/mistrzowieimprez.pl\\\/produkt\\\/lamiglowki-logiczne\\\/#breadcrumb\"},\"inLanguage\":\"en-GB\",\"potentialAction\":[{\"@type\":\"ReadAction\",\"target\":[\"https:\\\/\\\/mistrzowieimprez.pl\\\/produkt\\\/lamiglowki-logiczne\\\/\"]}]},{\"@type\":\"ImageObject\",\"inLanguage\":\"en-GB\",\"@id\":\"https:\\\/\\\/mistrzowieimprez.pl\\\/produkt\\\/lamiglowki-logiczne\\\/#primaryimage\",\"url\":\"https:\\\/\\\/mistrzowieimprez.pl\\\/wp-content\\\/uploads\\\/2024\\\/09\\\/Lamiglowki-logiczne.png\",\"contentUrl\":\"https:\\\/\\\/mistrzowieimprez.pl\\\/wp-content\\\/uploads\\\/2024\\\/09\\\/Lamiglowki-logiczne.png\",\"width\":1000,\"height\":1000,\"caption\":\"Na zdj\u0119ciu wida\u0107 r\u0119ce bawi\u0105ce si\u0119 drewnian\u0105 uk\u0142adank\u0105 logiczn\u0105 na drewnianym stole.\"},{\"@type\":\"BreadcrumbList\",\"@id\":\"https:\\\/\\\/mistrzowieimprez.pl\\\/produkt\\\/lamiglowki-logiczne\\\/#breadcrumb\",\"itemListElement\":[{\"@type\":\"ListItem\",\"position\":1,\"name\":\"Strona g\u0142\u00f3wna\",\"item\":\"https:\\\/\\\/mistrzowieimprez.pl\\\/\"},{\"@type\":\"ListItem\",\"position\":2,\"name\":\"sklep\",\"item\":\"https:\\\/\\\/mistrzowieimprez.pl\\\/sklep\\\/\"},{\"@type\":\"ListItem\",\"position\":3,\"name\":\"\u0141amig\u0142\u00f3wki logiczne\"}]},{\"@type\":\"WebSite\",\"@id\":\"https:\\\/\\\/mistrzowieimprez.pl\\\/#website\",\"url\":\"https:\\\/\\\/mistrzowieimprez.pl\\\/\",\"name\":\"Mistrzowie Imprez\",\"description\":\"Kompleksowa organizacja imprez\",\"publisher\":{\"@id\":\"https:\\\/\\\/mistrzowieimprez.pl\\\/#organization\"},\"potentialAction\":[{\"@type\":\"SearchAction\",\"target\":{\"@type\":\"EntryPoint\",\"urlTemplate\":\"https:\\\/\\\/mistrzowieimprez.pl\\\/?s={search_term_string}\"},\"query-input\":{\"@type\":\"PropertyValueSpecification\",\"valueRequired\":true,\"valueName\":\"search_term_string\"}}],\"inLanguage\":\"en-GB\"},{\"@type\":\"Organization\",\"@id\":\"https:\\\/\\\/mistrzowieimprez.pl\\\/#organization\",\"name\":\"Mistrzowie Imprez\",\"url\":\"https:\\\/\\\/mistrzowieimprez.pl\\\/\",\"logo\":{\"@type\":\"ImageObject\",\"inLanguage\":\"en-GB\",\"@id\":\"https:\\\/\\\/mistrzowieimprez.pl\\\/#\\\/schema\\\/logo\\\/image\\\/\",\"url\":\"https:\\\/\\\/mistrzowieimprez.pl\\\/wp-content\\\/uploads\\\/2024\\\/08\\\/mistrzowie_imprez_logo_ciemne-tlo@4x.png\",\"contentUrl\":\"https:\\\/\\\/mistrzowieimprez.pl\\\/wp-content\\\/uploads\\\/2024\\\/08\\\/mistrzowie_imprez_logo_ciemne-tlo@4x.png\",\"width\":1318,\"height\":351,\"caption\":\"Mistrzowie Imprez\"},\"image\":{\"@id\":\"https:\\\/\\\/mistrzowieimprez.pl\\\/#\\\/schema\\\/logo\\\/image\\\/\"},\"sameAs\":[\"https:\\\/\\\/www.facebook.com\\\/mistrzowieimprez\",\"https:\\\/\\\/www.instagram.com\\\/mistrzowieimprez\\\/\",\"https:\\\/\\\/www.youtube.com\\\/@ytmistrzowieimprez\"]}]}<\/script>\n<!-- \/ Yoast SEO plugin. -->","yoast_head_json":{"title":"Wyzwanie dla umys\u0142u: sprawd\u017a logiczne my\u015blenie na evencie!","robots":{"index":"index","follow":"follow","max-snippet":"max-snippet:-1","max-image-preview":"max-image-preview:large","max-video-preview":"max-video-preview:-1"},"canonical":"https:\/\/mistrzowieimprez.pl\/en\/product\/lamiglowki-logiczne\/","og_locale":"en_GB","og_type":"article","og_title":"Wyzwanie dla umys\u0142u: sprawd\u017a logiczne my\u015blenie na evencie!","og_description":"\u0141amig\u0142\u00f3wki logiczne to \u015bwietna zabawa i intelektualne wyzwanie dla m\u0142odzie\u017cy i doros\u0142ych. Rozwijaj\u0105 umys\u0142, jednocze\u015bnie dostarczaj\u0105c mn\u00f3stwo rado\u015bci. Idealne na eventy firmowe, imprezy czy spotkania integracyjne.","og_url":"https:\/\/mistrzowieimprez.pl\/en\/product\/lamiglowki-logiczne\/","og_site_name":"Mistrzowie Imprez","article_publisher":"https:\/\/www.facebook.com\/mistrzowieimprez","article_modified_time":"2026-03-18T09:11:24+00:00","og_image":[{"width":1000,"height":1000,"url":"https:\/\/mistrzowieimprez.pl\/wp-content\/uploads\/2024\/09\/Lamiglowki-logiczne.png","type":"image\/png"}],"twitter_card":"summary_large_image","twitter_misc":{"Estimated reading time":"1 minute"},"schema":{"@context":"https:\/\/schema.org","@graph":[{"@type":"WebPage","@id":"https:\/\/mistrzowieimprez.pl\/produkt\/lamiglowki-logiczne\/","url":"https:\/\/mistrzowieimprez.pl\/produkt\/lamiglowki-logiczne\/","name":"Wyzwanie dla umys\u0142u: sprawd\u017a logiczne my\u015blenie na evencie!","isPartOf":{"@id":"https:\/\/mistrzowieimprez.pl\/#website"},"primaryImageOfPage":{"@id":"https:\/\/mistrzowieimprez.pl\/produkt\/lamiglowki-logiczne\/#primaryimage"},"image":{"@id":"https:\/\/mistrzowieimprez.pl\/produkt\/lamiglowki-logiczne\/#primaryimage"},"thumbnailUrl":"https:\/\/mistrzowieimprez.pl\/wp-content\/uploads\/2024\/09\/Lamiglowki-logiczne.png","datePublished":"2024-09-01T09:07:45+00:00","dateModified":"2026-03-18T09:11:24+00:00","breadcrumb":{"@id":"https:\/\/mistrzowieimprez.pl\/produkt\/lamiglowki-logiczne\/#breadcrumb"},"inLanguage":"en-GB","potentialAction":[{"@type":"ReadAction","target":["https:\/\/mistrzowieimprez.pl\/produkt\/lamiglowki-logiczne\/"]}]},{"@type":"ImageObject","inLanguage":"en-GB","@id":"https:\/\/mistrzowieimprez.pl\/produkt\/lamiglowki-logiczne\/#primaryimage","url":"https:\/\/mistrzowieimprez.pl\/wp-content\/uploads\/2024\/09\/Lamiglowki-logiczne.png","contentUrl":"https:\/\/mistrzowieimprez.pl\/wp-content\/uploads\/2024\/09\/Lamiglowki-logiczne.png","width":1000,"height":1000,"caption":"Na zdj\u0119ciu wida\u0107 r\u0119ce bawi\u0105ce si\u0119 drewnian\u0105 uk\u0142adank\u0105 logiczn\u0105 na drewnianym stole."},{"@type":"BreadcrumbList","@id":"https:\/\/mistrzowieimprez.pl\/produkt\/lamiglowki-logiczne\/#breadcrumb","itemListElement":[{"@type":"ListItem","position":1,"name":"Strona g\u0142\u00f3wna","item":"https:\/\/mistrzowieimprez.pl\/"},{"@type":"ListItem","position":2,"name":"sklep","item":"https:\/\/mistrzowieimprez.pl\/sklep\/"},{"@type":"ListItem","position":3,"name":"\u0141amig\u0142\u00f3wki logiczne"}]},{"@type":"WebSite","@id":"https:\/\/mistrzowieimprez.pl\/#website","url":"https:\/\/mistrzowieimprez.pl\/","name":"Mistrzowie Imprez","description":"Kompleksowa organizacja imprez","publisher":{"@id":"https:\/\/mistrzowieimprez.pl\/#organization"},"potentialAction":[{"@type":"SearchAction","target":{"@type":"EntryPoint","urlTemplate":"https:\/\/mistrzowieimprez.pl\/?s={search_term_string}"},"query-input":{"@type":"PropertyValueSpecification","valueRequired":true,"valueName":"search_term_string"}}],"inLanguage":"en-GB"},{"@type":"Organization","@id":"https:\/\/mistrzowieimprez.pl\/#organization","name":"Mistrzowie Imprez","url":"https:\/\/mistrzowieimprez.pl\/","logo":{"@type":"ImageObject","inLanguage":"en-GB","@id":"https:\/\/mistrzowieimprez.pl\/#\/schema\/logo\/image\/","url":"https:\/\/mistrzowieimprez.pl\/wp-content\/uploads\/2024\/08\/mistrzowie_imprez_logo_ciemne-tlo@4x.png","contentUrl":"https:\/\/mistrzowieimprez.pl\/wp-content\/uploads\/2024\/08\/mistrzowie_imprez_logo_ciemne-tlo@4x.png","width":1318,"height":351,"caption":"Mistrzowie Imprez"},"image":{"@id":"https:\/\/mistrzowieimprez.pl\/#\/schema\/logo\/image\/"},"sameAs":["https:\/\/www.facebook.com\/mistrzowieimprez","https:\/\/www.instagram.com\/mistrzowieimprez\/","https:\/\/www.youtube.com\/@ytmistrzowieimprez"]}]}},"_links":{"self":[{"href":"https:\/\/mistrzowieimprez.pl\/en\/wp-json\/wp\/v2\/product\/780","targetHints":{"allow":["GET"]}}],"collection":[{"href":"https:\/\/mistrzowieimprez.pl\/en\/wp-json\/wp\/v2\/product"}],"about":[{"href":"https:\/\/mistrzowieimprez.pl\/en\/wp-json\/wp\/v2\/types\/product"}],"replies":[{"embeddable":true,"href":"https:\/\/mistrzowieimprez.pl\/en\/wp-json\/wp\/v2\/comments?post=780"}],"version-history":[{"count":1,"href":"https:\/\/mistrzowieimprez.pl\/en\/wp-json\/wp\/v2\/product\/780\/revisions"}],"predecessor-version":[{"id":3583,"href":"https:\/\/mistrzowieimprez.pl\/en\/wp-json\/wp\/v2\/product\/780\/revisions\/3583"}],"wp:featuredmedia":[{"embeddable":true,"href":"https:\/\/mistrzowieimprez.pl\/en\/wp-json\/wp\/v2\/media\/1233"}],"wp:attachment":[{"href":"https:\/\/mistrzowieimprez.pl\/en\/wp-json\/wp\/v2\/media?parent=780"}],"wp:term":[{"taxonomy":"product_brand","embeddable":true,"href":"https:\/\/mistrzowieimprez.pl\/en\/wp-json\/wp\/v2\/product_brand?post=780"},{"taxonomy":"product_cat","embeddable":true,"href":"https:\/\/mistrzowieimprez.pl\/en\/wp-json\/wp\/v2\/product_cat?post=780"},{"taxonomy":"product_tag","embeddable":true,"href":"https:\/\/mistrzowieimprez.pl\/en\/wp-json\/wp\/v2\/product_tag?post=780"}],"curies":[{"name":"wp","href":"https:\/\/api.w.org\/{rel}","templated":true}]}}