{"id":778,"date":"2024-09-01T09:07:44","date_gmt":"2024-09-01T09:07:44","guid":{"rendered":"https:\/\/mistrzowieimprez.pl\/produkt\/transport-egipski\/"},"modified":"2026-03-18T09:10:34","modified_gmt":"2026-03-18T09:10:34","slug":"transport-egipski","status":"publish","type":"product","link":"https:\/\/mistrzowieimprez.pl\/en\/product\/transport-egipski\/","title":{"rendered":"Transport Egipski"},"content":{"rendered":"<p>Wci\u0105gaj\u0105ca, ekscytuj\u0105ca i pe\u0142na rado\u015bci &#8211; tak w trzech s\u0142owach mo\u017cna opisa\u0107 nasz\u0105 us\u0142ug\u0119 &#8222;Transport Egipski&#8221;. To fantastyczna gra zespo\u0142owa, kt\u00f3ra zapewnia nie tylko dobre samopoczucie, ale tak\u017ce rozwija umiej\u0119tno\u015bci pracy w grupie. Idealna dla m\u0142odzie\u017cy i doros\u0142ych na r\u00f3\u017cnego rodzaju imprezach.<\/p>\n<ul>\n<li>Us\u0142uga dost\u0119pna dla grup do 10 os\u00f3b<\/li>\n<li>Zestaw zawiera wszystkie niezb\u0119dne akcesoria do gry<\/li>\n<li>Wysoki standard bezpiecze\u0144stwa zapewniaj\u0105cy bezproblemow\u0105 zabaw\u0119<\/li>\n<\/ul>\n<ul>\n<li>Zabawa i rado\u015b\u0107 gwarantowane dla ka\u017cdego uczestnika<\/li>\n<li>Poprawa umiej\u0119tno\u015bci pracy zespo\u0142owej i koordynacji<\/li>\n<li>Mo\u017cliwo\u015b\u0107 zorganizowania niezapomnianego eventu dla znajomych, rodziny czy koleg\u00f3w z pracy<\/li>\n<\/ul>\n<p>Zam\u00f3w teraz &#8222;Transport Egipski&#8221; i zaskocz swoich go\u015bci niepowtarzaln\u0105 atrakcj\u0105!<\/p>","protected":false},"excerpt":{"rendered":"<p>Wci\u0105gaj\u0105ca i ekscytuj\u0105ca gra zespo\u0142owa &#8211; Transport Egipski! Idealna dla m\u0142odzie\u017cy i doros\u0142ych, zapewnia nie tylko zabaw\u0119, ale tak\u017ce rozwija umiej\u0119tno\u015bci pracy w grupie. Zaskocz swoich go\u015bci niepowtarzaln\u0105 atrakcj\u0105!<\/p>","protected":false},"featured_media":1293,"comment_status":"closed","ping_status":"closed","template":"","meta":{"_acf_changed":false},"product_brand":[],"product_cat":[80,100,101],"product_tag":[],"class_list":{"0":"post-778","1":"product","2":"type-product","3":"status-publish","4":"has-post-thumbnail","6":"product_cat-dla-mlodziezy-i-doroslych","7":"product_cat-gry-na-imprezy","8":"product_cat-konkursy-i-zabawy","10":"first","11":"instock","12":"downloadable","13":"virtual","14":"purchasable","15":"product-type-simple"},"acf":[],"yoast_head":"<!-- This site is optimized with the Yoast SEO plugin v27.5 - https:\/\/yoast.com\/product\/yoast-seo-wordpress\/ -->\n<title>Transport Egipski: sprawd\u017a komunikacj\u0119 i zgranie swojego zespo\u0142u!<\/title>\n<meta name=\"robots\" content=\"index, follow, max-snippet:-1, max-image-preview:large, max-video-preview:-1\" \/>\n<link rel=\"canonical\" href=\"https:\/\/mistrzowieimprez.pl\/en\/product\/transport-egipski\/\" \/>\n<meta property=\"og:locale\" content=\"en_GB\" \/>\n<meta property=\"og:type\" content=\"article\" \/>\n<meta property=\"og:title\" content=\"Transport Egipski: sprawd\u017a komunikacj\u0119 i zgranie swojego zespo\u0142u!\" \/>\n<meta property=\"og:description\" content=\"Wci\u0105gaj\u0105ca i ekscytuj\u0105ca gra zespo\u0142owa - Transport Egipski! Idealna dla m\u0142odzie\u017cy i doros\u0142ych, zapewnia nie tylko zabaw\u0119, ale tak\u017ce rozwija umiej\u0119tno\u015bci pracy w grupie. Zaskocz swoich go\u015bci niepowtarzaln\u0105 atrakcj\u0105!\" \/>\n<meta property=\"og:url\" content=\"https:\/\/mistrzowieimprez.pl\/en\/product\/transport-egipski\/\" \/>\n<meta property=\"og:site_name\" content=\"Mistrzowie Imprez\" \/>\n<meta property=\"article:publisher\" content=\"https:\/\/www.facebook.com\/mistrzowieimprez\" \/>\n<meta property=\"article:modified_time\" content=\"2026-03-18T09:10:34+00:00\" \/>\n<meta property=\"og:image\" content=\"https:\/\/mistrzowieimprez.pl\/wp-content\/uploads\/2024\/09\/Transport-Egipski.png\" \/>\n\t<meta property=\"og:image:width\" content=\"800\" \/>\n\t<meta property=\"og:image:height\" content=\"800\" \/>\n\t<meta property=\"og:image:type\" content=\"image\/png\" \/>\n<meta name=\"twitter:card\" content=\"summary_large_image\" \/>\n<meta name=\"twitter:label1\" content=\"Estimated reading time\" \/>\n\t<meta name=\"twitter:data1\" content=\"1 minute\" \/>\n<script type=\"application\/ld+json\" class=\"yoast-schema-graph\">{\"@context\":\"https:\\\/\\\/schema.org\",\"@graph\":[{\"@type\":\"WebPage\",\"@id\":\"https:\\\/\\\/mistrzowieimprez.pl\\\/produkt\\\/transport-egipski\\\/\",\"url\":\"https:\\\/\\\/mistrzowieimprez.pl\\\/produkt\\\/transport-egipski\\\/\",\"name\":\"Transport Egipski: sprawd\u017a komunikacj\u0119 i zgranie swojego zespo\u0142u!\",\"isPartOf\":{\"@id\":\"https:\\\/\\\/mistrzowieimprez.pl\\\/#website\"},\"primaryImageOfPage\":{\"@id\":\"https:\\\/\\\/mistrzowieimprez.pl\\\/produkt\\\/transport-egipski\\\/#primaryimage\"},\"image\":{\"@id\":\"https:\\\/\\\/mistrzowieimprez.pl\\\/produkt\\\/transport-egipski\\\/#primaryimage\"},\"thumbnailUrl\":\"https:\\\/\\\/mistrzowieimprez.pl\\\/wp-content\\\/uploads\\\/2024\\\/09\\\/Transport-Egipski.png\",\"datePublished\":\"2024-09-01T09:07:44+00:00\",\"dateModified\":\"2026-03-18T09:10:34+00:00\",\"breadcrumb\":{\"@id\":\"https:\\\/\\\/mistrzowieimprez.pl\\\/produkt\\\/transport-egipski\\\/#breadcrumb\"},\"inLanguage\":\"en-GB\",\"potentialAction\":[{\"@type\":\"ReadAction\",\"target\":[\"https:\\\/\\\/mistrzowieimprez.pl\\\/produkt\\\/transport-egipski\\\/\"]}]},{\"@type\":\"ImageObject\",\"inLanguage\":\"en-GB\",\"@id\":\"https:\\\/\\\/mistrzowieimprez.pl\\\/produkt\\\/transport-egipski\\\/#primaryimage\",\"url\":\"https:\\\/\\\/mistrzowieimprez.pl\\\/wp-content\\\/uploads\\\/2024\\\/09\\\/Transport-Egipski.png\",\"contentUrl\":\"https:\\\/\\\/mistrzowieimprez.pl\\\/wp-content\\\/uploads\\\/2024\\\/09\\\/Transport-Egipski.png\",\"width\":1000,\"height\":1000,\"caption\":\"Grupa os\u00f3b uczestniczy w aktywno\u015bci na \u015bwie\u017cym powietrzu, wykorzystuj\u0105c drewniane belki, prawdopodobnie jako cz\u0119\u015b\u0107 zespo\u0142owych gier terenowych.\"},{\"@type\":\"BreadcrumbList\",\"@id\":\"https:\\\/\\\/mistrzowieimprez.pl\\\/produkt\\\/transport-egipski\\\/#breadcrumb\",\"itemListElement\":[{\"@type\":\"ListItem\",\"position\":1,\"name\":\"Strona g\u0142\u00f3wna\",\"item\":\"https:\\\/\\\/mistrzowieimprez.pl\\\/\"},{\"@type\":\"ListItem\",\"position\":2,\"name\":\"sklep\",\"item\":\"https:\\\/\\\/mistrzowieimprez.pl\\\/sklep\\\/\"},{\"@type\":\"ListItem\",\"position\":3,\"name\":\"Transport Egipski\"}]},{\"@type\":\"WebSite\",\"@id\":\"https:\\\/\\\/mistrzowieimprez.pl\\\/#website\",\"url\":\"https:\\\/\\\/mistrzowieimprez.pl\\\/\",\"name\":\"Mistrzowie Imprez\",\"description\":\"Kompleksowa organizacja imprez\",\"publisher\":{\"@id\":\"https:\\\/\\\/mistrzowieimprez.pl\\\/#organization\"},\"potentialAction\":[{\"@type\":\"SearchAction\",\"target\":{\"@type\":\"EntryPoint\",\"urlTemplate\":\"https:\\\/\\\/mistrzowieimprez.pl\\\/?s={search_term_string}\"},\"query-input\":{\"@type\":\"PropertyValueSpecification\",\"valueRequired\":true,\"valueName\":\"search_term_string\"}}],\"inLanguage\":\"en-GB\"},{\"@type\":\"Organization\",\"@id\":\"https:\\\/\\\/mistrzowieimprez.pl\\\/#organization\",\"name\":\"Mistrzowie Imprez\",\"url\":\"https:\\\/\\\/mistrzowieimprez.pl\\\/\",\"logo\":{\"@type\":\"ImageObject\",\"inLanguage\":\"en-GB\",\"@id\":\"https:\\\/\\\/mistrzowieimprez.pl\\\/#\\\/schema\\\/logo\\\/image\\\/\",\"url\":\"https:\\\/\\\/mistrzowieimprez.pl\\\/wp-content\\\/uploads\\\/2024\\\/08\\\/mistrzowie_imprez_logo_ciemne-tlo@4x.png\",\"contentUrl\":\"https:\\\/\\\/mistrzowieimprez.pl\\\/wp-content\\\/uploads\\\/2024\\\/08\\\/mistrzowie_imprez_logo_ciemne-tlo@4x.png\",\"width\":1318,\"height\":351,\"caption\":\"Mistrzowie Imprez\"},\"image\":{\"@id\":\"https:\\\/\\\/mistrzowieimprez.pl\\\/#\\\/schema\\\/logo\\\/image\\\/\"},\"sameAs\":[\"https:\\\/\\\/www.facebook.com\\\/mistrzowieimprez\",\"https:\\\/\\\/www.instagram.com\\\/mistrzowieimprez\\\/\",\"https:\\\/\\\/www.youtube.com\\\/@ytmistrzowieimprez\"]}]}<\/script>\n<!-- \/ Yoast SEO plugin. -->","yoast_head_json":{"title":"Transport Egipski: sprawd\u017a komunikacj\u0119 i zgranie swojego zespo\u0142u!","robots":{"index":"index","follow":"follow","max-snippet":"max-snippet:-1","max-image-preview":"max-image-preview:large","max-video-preview":"max-video-preview:-1"},"canonical":"https:\/\/mistrzowieimprez.pl\/en\/product\/transport-egipski\/","og_locale":"en_GB","og_type":"article","og_title":"Transport Egipski: sprawd\u017a komunikacj\u0119 i zgranie swojego zespo\u0142u!","og_description":"Wci\u0105gaj\u0105ca i ekscytuj\u0105ca gra zespo\u0142owa - Transport Egipski! Idealna dla m\u0142odzie\u017cy i doros\u0142ych, zapewnia nie tylko zabaw\u0119, ale tak\u017ce rozwija umiej\u0119tno\u015bci pracy w grupie. Zaskocz swoich go\u015bci niepowtarzaln\u0105 atrakcj\u0105!","og_url":"https:\/\/mistrzowieimprez.pl\/en\/product\/transport-egipski\/","og_site_name":"Mistrzowie Imprez","article_publisher":"https:\/\/www.facebook.com\/mistrzowieimprez","article_modified_time":"2026-03-18T09:10:34+00:00","og_image":[{"url":"https:\/\/mistrzowieimprez.pl\/wp-content\/uploads\/2024\/09\/Transport-Egipski.png","width":800,"height":800,"type":"image\/png"}],"twitter_card":"summary_large_image","twitter_misc":{"Estimated reading time":"1 minute"},"schema":{"@context":"https:\/\/schema.org","@graph":[{"@type":"WebPage","@id":"https:\/\/mistrzowieimprez.pl\/produkt\/transport-egipski\/","url":"https:\/\/mistrzowieimprez.pl\/produkt\/transport-egipski\/","name":"Transport Egipski: sprawd\u017a komunikacj\u0119 i zgranie swojego zespo\u0142u!","isPartOf":{"@id":"https:\/\/mistrzowieimprez.pl\/#website"},"primaryImageOfPage":{"@id":"https:\/\/mistrzowieimprez.pl\/produkt\/transport-egipski\/#primaryimage"},"image":{"@id":"https:\/\/mistrzowieimprez.pl\/produkt\/transport-egipski\/#primaryimage"},"thumbnailUrl":"https:\/\/mistrzowieimprez.pl\/wp-content\/uploads\/2024\/09\/Transport-Egipski.png","datePublished":"2024-09-01T09:07:44+00:00","dateModified":"2026-03-18T09:10:34+00:00","breadcrumb":{"@id":"https:\/\/mistrzowieimprez.pl\/produkt\/transport-egipski\/#breadcrumb"},"inLanguage":"en-GB","potentialAction":[{"@type":"ReadAction","target":["https:\/\/mistrzowieimprez.pl\/produkt\/transport-egipski\/"]}]},{"@type":"ImageObject","inLanguage":"en-GB","@id":"https:\/\/mistrzowieimprez.pl\/produkt\/transport-egipski\/#primaryimage","url":"https:\/\/mistrzowieimprez.pl\/wp-content\/uploads\/2024\/09\/Transport-Egipski.png","contentUrl":"https:\/\/mistrzowieimprez.pl\/wp-content\/uploads\/2024\/09\/Transport-Egipski.png","width":1000,"height":1000,"caption":"Grupa os\u00f3b uczestniczy w aktywno\u015bci na \u015bwie\u017cym powietrzu, wykorzystuj\u0105c drewniane belki, prawdopodobnie jako cz\u0119\u015b\u0107 zespo\u0142owych gier terenowych."},{"@type":"BreadcrumbList","@id":"https:\/\/mistrzowieimprez.pl\/produkt\/transport-egipski\/#breadcrumb","itemListElement":[{"@type":"ListItem","position":1,"name":"Strona g\u0142\u00f3wna","item":"https:\/\/mistrzowieimprez.pl\/"},{"@type":"ListItem","position":2,"name":"sklep","item":"https:\/\/mistrzowieimprez.pl\/sklep\/"},{"@type":"ListItem","position":3,"name":"Transport Egipski"}]},{"@type":"WebSite","@id":"https:\/\/mistrzowieimprez.pl\/#website","url":"https:\/\/mistrzowieimprez.pl\/","name":"Mistrzowie Imprez","description":"Kompleksowa organizacja imprez","publisher":{"@id":"https:\/\/mistrzowieimprez.pl\/#organization"},"potentialAction":[{"@type":"SearchAction","target":{"@type":"EntryPoint","urlTemplate":"https:\/\/mistrzowieimprez.pl\/?s={search_term_string}"},"query-input":{"@type":"PropertyValueSpecification","valueRequired":true,"valueName":"search_term_string"}}],"inLanguage":"en-GB"},{"@type":"Organization","@id":"https:\/\/mistrzowieimprez.pl\/#organization","name":"Mistrzowie Imprez","url":"https:\/\/mistrzowieimprez.pl\/","logo":{"@type":"ImageObject","inLanguage":"en-GB","@id":"https:\/\/mistrzowieimprez.pl\/#\/schema\/logo\/image\/","url":"https:\/\/mistrzowieimprez.pl\/wp-content\/uploads\/2024\/08\/mistrzowie_imprez_logo_ciemne-tlo@4x.png","contentUrl":"https:\/\/mistrzowieimprez.pl\/wp-content\/uploads\/2024\/08\/mistrzowie_imprez_logo_ciemne-tlo@4x.png","width":1318,"height":351,"caption":"Mistrzowie Imprez"},"image":{"@id":"https:\/\/mistrzowieimprez.pl\/#\/schema\/logo\/image\/"},"sameAs":["https:\/\/www.facebook.com\/mistrzowieimprez","https:\/\/www.instagram.com\/mistrzowieimprez\/","https:\/\/www.youtube.com\/@ytmistrzowieimprez"]}]}},"_links":{"self":[{"href":"https:\/\/mistrzowieimprez.pl\/en\/wp-json\/wp\/v2\/product\/778","targetHints":{"allow":["GET"]}}],"collection":[{"href":"https:\/\/mistrzowieimprez.pl\/en\/wp-json\/wp\/v2\/product"}],"about":[{"href":"https:\/\/mistrzowieimprez.pl\/en\/wp-json\/wp\/v2\/types\/product"}],"replies":[{"embeddable":true,"href":"https:\/\/mistrzowieimprez.pl\/en\/wp-json\/wp\/v2\/comments?post=778"}],"version-history":[{"count":1,"href":"https:\/\/mistrzowieimprez.pl\/en\/wp-json\/wp\/v2\/product\/778\/revisions"}],"predecessor-version":[{"id":3582,"href":"https:\/\/mistrzowieimprez.pl\/en\/wp-json\/wp\/v2\/product\/778\/revisions\/3582"}],"wp:featuredmedia":[{"embeddable":true,"href":"https:\/\/mistrzowieimprez.pl\/en\/wp-json\/wp\/v2\/media\/1293"}],"wp:attachment":[{"href":"https:\/\/mistrzowieimprez.pl\/en\/wp-json\/wp\/v2\/media?parent=778"}],"wp:term":[{"taxonomy":"product_brand","embeddable":true,"href":"https:\/\/mistrzowieimprez.pl\/en\/wp-json\/wp\/v2\/product_brand?post=778"},{"taxonomy":"product_cat","embeddable":true,"href":"https:\/\/mistrzowieimprez.pl\/en\/wp-json\/wp\/v2\/product_cat?post=778"},{"taxonomy":"product_tag","embeddable":true,"href":"https:\/\/mistrzowieimprez.pl\/en\/wp-json\/wp\/v2\/product_tag?post=778"}],"curies":[{"name":"wp","href":"https:\/\/api.w.org\/{rel}","templated":true}]}}