{"id":777,"date":"2024-09-01T09:07:43","date_gmt":"2024-09-01T09:07:43","guid":{"rendered":"https:\/\/mistrzowieimprez.pl\/produkt\/twister-xxl\/"},"modified":"2026-03-18T09:10:16","modified_gmt":"2026-03-18T09:10:16","slug":"twister-xxl","status":"publish","type":"product","link":"https:\/\/mistrzowieimprez.pl\/en\/product\/twister-xxl\/","title":{"rendered":"Twister XXL"},"content":{"rendered":"<p>Zapraszamy do zabawy w Twister XXL &#8211; to klasyczna gra w wersji gigant! Daj si\u0119 porwa\u0107 szale\u0144stwu kolorowych k\u00f3\u0142ek i pokonaj r\u00f3wnowag\u0119 na ogromnym matowym polu. Idealne rozwi\u0105zanie na wszelkiego rodzaju imprezy, pikniki firmowe czy rodzinne spotkania.<\/p>\n<ul>\n<li>Wymiary maty: 5 x 5 m<\/li>\n<li>Mo\u017ce uczestniczy\u0107 jednocze\u015bnie do 10 os\u00f3b<\/li>\n<li>Mat\u0119 mo\u017cna umie\u015bci\u0107 zar\u00f3wno na zewn\u0105trz, jak i wewn\u0105trz pomieszczenia<\/li>\n<\/ul>\n<ul>\n<li>Poczuj dreszcz emocji i rado\u015bci podczas przek\u0142adania r\u0105k i n\u00f3g mi\u0119dzy kolorowymi ko\u0142ami<\/li>\n<li>Podkr\u0119\u0107 atmosfer\u0119 imprezy do czerwono\u015bci, anga\u017cuj\u0105c go\u015bci w interaktywn\u0105 zabaw\u0119<\/li>\n<li>Rozwijaj swoje umiej\u0119tno\u015bci motoryczne, r\u00f3wnowag\u0119 i elastyczno\u015b\u0107 w trakcie gry<\/li>\n<\/ul>\n<p>Nie czekaj, dodaj Twister XXL do swojego zapytania ofertowego ju\u017c teraz i daj si\u0119 porwa\u0107 szale\u0144stwu zabawy!<\/p>","protected":false},"excerpt":{"rendered":"<p>Zanurz si\u0119 w szale\u0144stwo kolorowych k\u00f3\u0142ek z Twister XXL &#8211; gigantyczn\u0105 wersj\u0105 klasycznej gry. Idealne na imprezy, pikniki firmowe czy rodzinne spotkania, umo\u017cliwiaj\u0105c do 10 os\u00f3b jednoczesnej zabawy na matowym polu o wymiarach 5x5m. Poczuj dreszcz emocji, podkr\u0119\u0107 atmosfer\u0119 do czerwono\u015bci i rozwijaj swoje umiej\u0119tno\u015bci motoryczne!<\/p>","protected":false},"featured_media":1294,"comment_status":"closed","ping_status":"closed","template":"","meta":{"_acf_changed":false},"product_brand":[],"product_cat":[80,100,91,101],"product_tag":[],"class_list":{"0":"post-777","1":"product","2":"type-product","3":"status-publish","4":"has-post-thumbnail","6":"product_cat-dla-mlodziezy-i-doroslych","7":"product_cat-gry-na-imprezy","8":"product_cat-gry-wielkoformatowe","9":"product_cat-konkursy-i-zabawy","11":"first","12":"instock","13":"downloadable","14":"virtual","15":"purchasable","16":"product-type-simple"},"acf":[],"yoast_head":"<!-- This site is optimized with the Yoast SEO plugin v27.5 - https:\/\/yoast.com\/product\/yoast-seo-wordpress\/ -->\n<title>Twister XXL: sprawd\u017a swoj\u0105 r\u00f3wnowag\u0119 na gigantycznej planszy!<\/title>\n<meta name=\"robots\" content=\"index, follow, max-snippet:-1, max-image-preview:large, max-video-preview:-1\" \/>\n<link rel=\"canonical\" href=\"https:\/\/mistrzowieimprez.pl\/en\/product\/twister-xxl\/\" \/>\n<meta property=\"og:locale\" content=\"en_GB\" \/>\n<meta property=\"og:type\" content=\"article\" \/>\n<meta property=\"og:title\" content=\"Twister XXL: sprawd\u017a swoj\u0105 r\u00f3wnowag\u0119 na gigantycznej planszy!\" \/>\n<meta property=\"og:description\" content=\"Zanurz si\u0119 w szale\u0144stwo kolorowych k\u00f3\u0142ek z Twister XXL - gigantyczn\u0105 wersj\u0105 klasycznej gry. Idealne na imprezy, pikniki firmowe czy rodzinne spotkania, umo\u017cliwiaj\u0105c do 10 os\u00f3b jednoczesnej zabawy na matowym polu o wymiarach 5x5m. Poczuj dreszcz emocji, podkr\u0119\u0107 atmosfer\u0119 do czerwono\u015bci i rozwijaj swoje umiej\u0119tno\u015bci motoryczne!\" \/>\n<meta property=\"og:url\" content=\"https:\/\/mistrzowieimprez.pl\/en\/product\/twister-xxl\/\" \/>\n<meta property=\"og:site_name\" content=\"Mistrzowie Imprez\" \/>\n<meta property=\"article:publisher\" content=\"https:\/\/www.facebook.com\/mistrzowieimprez\" \/>\n<meta property=\"article:modified_time\" content=\"2026-03-18T09:10:16+00:00\" \/>\n<meta property=\"og:image\" content=\"https:\/\/mistrzowieimprez.pl\/wp-content\/uploads\/2024\/09\/Twister-XXL.png\" \/>\n\t<meta property=\"og:image:width\" content=\"800\" \/>\n\t<meta property=\"og:image:height\" content=\"800\" \/>\n\t<meta property=\"og:image:type\" content=\"image\/png\" \/>\n<meta name=\"twitter:card\" content=\"summary_large_image\" \/>\n<meta name=\"twitter:label1\" content=\"Estimated reading time\" \/>\n\t<meta name=\"twitter:data1\" content=\"1 minute\" \/>\n<script type=\"application\/ld+json\" class=\"yoast-schema-graph\">{\"@context\":\"https:\\\/\\\/schema.org\",\"@graph\":[{\"@type\":\"WebPage\",\"@id\":\"https:\\\/\\\/mistrzowieimprez.pl\\\/produkt\\\/twister-xxl\\\/\",\"url\":\"https:\\\/\\\/mistrzowieimprez.pl\\\/produkt\\\/twister-xxl\\\/\",\"name\":\"Twister XXL: sprawd\u017a swoj\u0105 r\u00f3wnowag\u0119 na gigantycznej planszy!\",\"isPartOf\":{\"@id\":\"https:\\\/\\\/mistrzowieimprez.pl\\\/#website\"},\"primaryImageOfPage\":{\"@id\":\"https:\\\/\\\/mistrzowieimprez.pl\\\/produkt\\\/twister-xxl\\\/#primaryimage\"},\"image\":{\"@id\":\"https:\\\/\\\/mistrzowieimprez.pl\\\/produkt\\\/twister-xxl\\\/#primaryimage\"},\"thumbnailUrl\":\"https:\\\/\\\/mistrzowieimprez.pl\\\/wp-content\\\/uploads\\\/2024\\\/09\\\/Twister-XXL.png\",\"datePublished\":\"2024-09-01T09:07:43+00:00\",\"dateModified\":\"2026-03-18T09:10:16+00:00\",\"breadcrumb\":{\"@id\":\"https:\\\/\\\/mistrzowieimprez.pl\\\/produkt\\\/twister-xxl\\\/#breadcrumb\"},\"inLanguage\":\"en-GB\",\"potentialAction\":[{\"@type\":\"ReadAction\",\"target\":[\"https:\\\/\\\/mistrzowieimprez.pl\\\/produkt\\\/twister-xxl\\\/\"]}]},{\"@type\":\"ImageObject\",\"inLanguage\":\"en-GB\",\"@id\":\"https:\\\/\\\/mistrzowieimprez.pl\\\/produkt\\\/twister-xxl\\\/#primaryimage\",\"url\":\"https:\\\/\\\/mistrzowieimprez.pl\\\/wp-content\\\/uploads\\\/2024\\\/09\\\/Twister-XXL.png\",\"contentUrl\":\"https:\\\/\\\/mistrzowieimprez.pl\\\/wp-content\\\/uploads\\\/2024\\\/09\\\/Twister-XXL.png\",\"width\":1000,\"height\":1000,\"caption\":\"Osoby bior\u0105ce udzia\u0142 w zabawie na du\u017cej planszy do gry przypominaj\u0105cej Twister na \u015bwie\u017cym powietrzu.\"},{\"@type\":\"BreadcrumbList\",\"@id\":\"https:\\\/\\\/mistrzowieimprez.pl\\\/produkt\\\/twister-xxl\\\/#breadcrumb\",\"itemListElement\":[{\"@type\":\"ListItem\",\"position\":1,\"name\":\"Strona g\u0142\u00f3wna\",\"item\":\"https:\\\/\\\/mistrzowieimprez.pl\\\/\"},{\"@type\":\"ListItem\",\"position\":2,\"name\":\"sklep\",\"item\":\"https:\\\/\\\/mistrzowieimprez.pl\\\/sklep\\\/\"},{\"@type\":\"ListItem\",\"position\":3,\"name\":\"Twister XXL\"}]},{\"@type\":\"WebSite\",\"@id\":\"https:\\\/\\\/mistrzowieimprez.pl\\\/#website\",\"url\":\"https:\\\/\\\/mistrzowieimprez.pl\\\/\",\"name\":\"Mistrzowie Imprez\",\"description\":\"Kompleksowa organizacja imprez\",\"publisher\":{\"@id\":\"https:\\\/\\\/mistrzowieimprez.pl\\\/#organization\"},\"potentialAction\":[{\"@type\":\"SearchAction\",\"target\":{\"@type\":\"EntryPoint\",\"urlTemplate\":\"https:\\\/\\\/mistrzowieimprez.pl\\\/?s={search_term_string}\"},\"query-input\":{\"@type\":\"PropertyValueSpecification\",\"valueRequired\":true,\"valueName\":\"search_term_string\"}}],\"inLanguage\":\"en-GB\"},{\"@type\":\"Organization\",\"@id\":\"https:\\\/\\\/mistrzowieimprez.pl\\\/#organization\",\"name\":\"Mistrzowie Imprez\",\"url\":\"https:\\\/\\\/mistrzowieimprez.pl\\\/\",\"logo\":{\"@type\":\"ImageObject\",\"inLanguage\":\"en-GB\",\"@id\":\"https:\\\/\\\/mistrzowieimprez.pl\\\/#\\\/schema\\\/logo\\\/image\\\/\",\"url\":\"https:\\\/\\\/mistrzowieimprez.pl\\\/wp-content\\\/uploads\\\/2024\\\/08\\\/mistrzowie_imprez_logo_ciemne-tlo@4x.png\",\"contentUrl\":\"https:\\\/\\\/mistrzowieimprez.pl\\\/wp-content\\\/uploads\\\/2024\\\/08\\\/mistrzowie_imprez_logo_ciemne-tlo@4x.png\",\"width\":1318,\"height\":351,\"caption\":\"Mistrzowie Imprez\"},\"image\":{\"@id\":\"https:\\\/\\\/mistrzowieimprez.pl\\\/#\\\/schema\\\/logo\\\/image\\\/\"},\"sameAs\":[\"https:\\\/\\\/www.facebook.com\\\/mistrzowieimprez\",\"https:\\\/\\\/www.instagram.com\\\/mistrzowieimprez\\\/\",\"https:\\\/\\\/www.youtube.com\\\/@ytmistrzowieimprez\"]}]}<\/script>\n<!-- \/ Yoast SEO plugin. -->","yoast_head_json":{"title":"Twister XXL: sprawd\u017a swoj\u0105 r\u00f3wnowag\u0119 na gigantycznej planszy!","robots":{"index":"index","follow":"follow","max-snippet":"max-snippet:-1","max-image-preview":"max-image-preview:large","max-video-preview":"max-video-preview:-1"},"canonical":"https:\/\/mistrzowieimprez.pl\/en\/product\/twister-xxl\/","og_locale":"en_GB","og_type":"article","og_title":"Twister XXL: sprawd\u017a swoj\u0105 r\u00f3wnowag\u0119 na gigantycznej planszy!","og_description":"Zanurz si\u0119 w szale\u0144stwo kolorowych k\u00f3\u0142ek z Twister XXL - gigantyczn\u0105 wersj\u0105 klasycznej gry. Idealne na imprezy, pikniki firmowe czy rodzinne spotkania, umo\u017cliwiaj\u0105c do 10 os\u00f3b jednoczesnej zabawy na matowym polu o wymiarach 5x5m. Poczuj dreszcz emocji, podkr\u0119\u0107 atmosfer\u0119 do czerwono\u015bci i rozwijaj swoje umiej\u0119tno\u015bci motoryczne!","og_url":"https:\/\/mistrzowieimprez.pl\/en\/product\/twister-xxl\/","og_site_name":"Mistrzowie Imprez","article_publisher":"https:\/\/www.facebook.com\/mistrzowieimprez","article_modified_time":"2026-03-18T09:10:16+00:00","og_image":[{"url":"https:\/\/mistrzowieimprez.pl\/wp-content\/uploads\/2024\/09\/Twister-XXL.png","width":800,"height":800,"type":"image\/png"}],"twitter_card":"summary_large_image","twitter_misc":{"Estimated reading time":"1 minute"},"schema":{"@context":"https:\/\/schema.org","@graph":[{"@type":"WebPage","@id":"https:\/\/mistrzowieimprez.pl\/produkt\/twister-xxl\/","url":"https:\/\/mistrzowieimprez.pl\/produkt\/twister-xxl\/","name":"Twister XXL: sprawd\u017a swoj\u0105 r\u00f3wnowag\u0119 na gigantycznej planszy!","isPartOf":{"@id":"https:\/\/mistrzowieimprez.pl\/#website"},"primaryImageOfPage":{"@id":"https:\/\/mistrzowieimprez.pl\/produkt\/twister-xxl\/#primaryimage"},"image":{"@id":"https:\/\/mistrzowieimprez.pl\/produkt\/twister-xxl\/#primaryimage"},"thumbnailUrl":"https:\/\/mistrzowieimprez.pl\/wp-content\/uploads\/2024\/09\/Twister-XXL.png","datePublished":"2024-09-01T09:07:43+00:00","dateModified":"2026-03-18T09:10:16+00:00","breadcrumb":{"@id":"https:\/\/mistrzowieimprez.pl\/produkt\/twister-xxl\/#breadcrumb"},"inLanguage":"en-GB","potentialAction":[{"@type":"ReadAction","target":["https:\/\/mistrzowieimprez.pl\/produkt\/twister-xxl\/"]}]},{"@type":"ImageObject","inLanguage":"en-GB","@id":"https:\/\/mistrzowieimprez.pl\/produkt\/twister-xxl\/#primaryimage","url":"https:\/\/mistrzowieimprez.pl\/wp-content\/uploads\/2024\/09\/Twister-XXL.png","contentUrl":"https:\/\/mistrzowieimprez.pl\/wp-content\/uploads\/2024\/09\/Twister-XXL.png","width":1000,"height":1000,"caption":"Osoby bior\u0105ce udzia\u0142 w zabawie na du\u017cej planszy do gry przypominaj\u0105cej Twister na \u015bwie\u017cym powietrzu."},{"@type":"BreadcrumbList","@id":"https:\/\/mistrzowieimprez.pl\/produkt\/twister-xxl\/#breadcrumb","itemListElement":[{"@type":"ListItem","position":1,"name":"Strona g\u0142\u00f3wna","item":"https:\/\/mistrzowieimprez.pl\/"},{"@type":"ListItem","position":2,"name":"sklep","item":"https:\/\/mistrzowieimprez.pl\/sklep\/"},{"@type":"ListItem","position":3,"name":"Twister XXL"}]},{"@type":"WebSite","@id":"https:\/\/mistrzowieimprez.pl\/#website","url":"https:\/\/mistrzowieimprez.pl\/","name":"Mistrzowie Imprez","description":"Kompleksowa organizacja imprez","publisher":{"@id":"https:\/\/mistrzowieimprez.pl\/#organization"},"potentialAction":[{"@type":"SearchAction","target":{"@type":"EntryPoint","urlTemplate":"https:\/\/mistrzowieimprez.pl\/?s={search_term_string}"},"query-input":{"@type":"PropertyValueSpecification","valueRequired":true,"valueName":"search_term_string"}}],"inLanguage":"en-GB"},{"@type":"Organization","@id":"https:\/\/mistrzowieimprez.pl\/#organization","name":"Mistrzowie Imprez","url":"https:\/\/mistrzowieimprez.pl\/","logo":{"@type":"ImageObject","inLanguage":"en-GB","@id":"https:\/\/mistrzowieimprez.pl\/#\/schema\/logo\/image\/","url":"https:\/\/mistrzowieimprez.pl\/wp-content\/uploads\/2024\/08\/mistrzowie_imprez_logo_ciemne-tlo@4x.png","contentUrl":"https:\/\/mistrzowieimprez.pl\/wp-content\/uploads\/2024\/08\/mistrzowie_imprez_logo_ciemne-tlo@4x.png","width":1318,"height":351,"caption":"Mistrzowie Imprez"},"image":{"@id":"https:\/\/mistrzowieimprez.pl\/#\/schema\/logo\/image\/"},"sameAs":["https:\/\/www.facebook.com\/mistrzowieimprez","https:\/\/www.instagram.com\/mistrzowieimprez\/","https:\/\/www.youtube.com\/@ytmistrzowieimprez"]}]}},"_links":{"self":[{"href":"https:\/\/mistrzowieimprez.pl\/en\/wp-json\/wp\/v2\/product\/777","targetHints":{"allow":["GET"]}}],"collection":[{"href":"https:\/\/mistrzowieimprez.pl\/en\/wp-json\/wp\/v2\/product"}],"about":[{"href":"https:\/\/mistrzowieimprez.pl\/en\/wp-json\/wp\/v2\/types\/product"}],"replies":[{"embeddable":true,"href":"https:\/\/mistrzowieimprez.pl\/en\/wp-json\/wp\/v2\/comments?post=777"}],"version-history":[{"count":1,"href":"https:\/\/mistrzowieimprez.pl\/en\/wp-json\/wp\/v2\/product\/777\/revisions"}],"predecessor-version":[{"id":1965,"href":"https:\/\/mistrzowieimprez.pl\/en\/wp-json\/wp\/v2\/product\/777\/revisions\/1965"}],"wp:featuredmedia":[{"embeddable":true,"href":"https:\/\/mistrzowieimprez.pl\/en\/wp-json\/wp\/v2\/media\/1294"}],"wp:attachment":[{"href":"https:\/\/mistrzowieimprez.pl\/en\/wp-json\/wp\/v2\/media?parent=777"}],"wp:term":[{"taxonomy":"product_brand","embeddable":true,"href":"https:\/\/mistrzowieimprez.pl\/en\/wp-json\/wp\/v2\/product_brand?post=777"},{"taxonomy":"product_cat","embeddable":true,"href":"https:\/\/mistrzowieimprez.pl\/en\/wp-json\/wp\/v2\/product_cat?post=777"},{"taxonomy":"product_tag","embeddable":true,"href":"https:\/\/mistrzowieimprez.pl\/en\/wp-json\/wp\/v2\/product_tag?post=777"}],"curies":[{"name":"wp","href":"https:\/\/api.w.org\/{rel}","templated":true}]}}