{"id":776,"date":"2024-09-01T09:07:43","date_gmt":"2024-09-01T09:07:43","guid":{"rendered":"https:\/\/mistrzowieimprez.pl\/produkt\/przeciaganie-liny\/"},"modified":"2026-03-18T09:09:55","modified_gmt":"2026-03-18T09:09:55","slug":"przeciaganie-liny","status":"publish","type":"product","link":"https:\/\/mistrzowieimprez.pl\/en\/product\/przeciaganie-liny\/","title":{"rendered":"Przeci\u0105ganie liny"},"content":{"rendered":"<p>Zapraszamy do zabawy w przeci\u0105ganie liny! To klasyczna gra, kt\u00f3ra sprawi, \u017ce adrenalina podskoczy, a mi\u0119\u015bnie b\u0119d\u0105 pracowa\u0107. Od ma\u0142ych grup, przez du\u017ce imprezy, do firmowych dni sportowych, przeci\u0105ganie liny to doskona\u0142y spos\u00f3b na integracj\u0119, zabaw\u0119 i rywalizacj\u0119.<\/p>\n<ul>\n<li>Przeci\u0105ganie liny dla grup do 10 os\u00f3b na ka\u017cd\u0105 stron\u0119<\/li>\n<li>Wyposa\u017cenie obejmuje mocn\u0105, bezpieczn\u0105 lin\u0119 i zasady gry<\/li>\n<li>Mo\u017cliwo\u015b\u0107 organizacji turnieju przeci\u0105gania liny z medalem dla zwyci\u0119zc\u00f3w<\/li>\n<\/ul>\n<ul>\n<li>Poczujesz ducha rywalizacji i zespo\u0142owej pracy<\/li>\n<li>Poprawisz swoj\u0105 si\u0142\u0119 i wytrzyma\u0142o\u015b\u0107<\/li>\n<li>Do\u015bwiadczysz niezapomnianych emocji i \u015bwietnej zabawy<\/li>\n<\/ul>\n<p>Nie zwlekaj! Dodaj przeci\u0105ganie liny do swojego zestawu rozrywkowego na nadchodz\u0105ce wydarzenie i zaskocz go\u015bci niezapomnian\u0105 zabaw\u0105!<\/p>","protected":false},"excerpt":{"rendered":"<p>Daj si\u0119 porwa\u0107 emocjom z nasz\u0105 gr\u0105 w przeci\u0105ganie liny! To doskona\u0142y spos\u00f3b na integracj\u0119, zabaw\u0119 i rywalizacj\u0119. Poczujesz ducha rywalizacji, poprawisz swoj\u0105 si\u0142\u0119 i wytrzyma\u0142o\u015b\u0107, a przede wszystkim do\u015bwiadczysz niezapomnianych emocji. Idealne dla grup do 10 os\u00f3b na ka\u017cd\u0105 stron\u0119. Dodaj t\u0119 zabaw\u0119 do swojego zestawu rozrywkowego na nadchodz\u0105ce wydarzenie!<\/p>","protected":false},"featured_media":1136,"comment_status":"closed","ping_status":"closed","template":"","meta":{"_acf_changed":false},"product_brand":[],"product_cat":[80,100,101],"product_tag":[],"class_list":{"0":"post-776","1":"product","2":"type-product","3":"status-publish","4":"has-post-thumbnail","6":"product_cat-dla-mlodziezy-i-doroslych","7":"product_cat-gry-na-imprezy","8":"product_cat-konkursy-i-zabawy","10":"first","11":"instock","12":"downloadable","13":"virtual","14":"purchasable","15":"product-type-simple"},"acf":[],"yoast_head":"<!-- This site is optimized with the Yoast SEO plugin v27.5 - https:\/\/yoast.com\/product\/yoast-seo-wordpress\/ -->\n<title>Przeci\u0105ganie liny: poczuj ducha walki i si\u0142\u0119 swojego zespo\u0142u!<\/title>\n<meta name=\"robots\" content=\"index, follow, max-snippet:-1, max-image-preview:large, max-video-preview:-1\" \/>\n<link rel=\"canonical\" href=\"https:\/\/mistrzowieimprez.pl\/en\/product\/przeciaganie-liny\/\" \/>\n<meta property=\"og:locale\" content=\"en_GB\" \/>\n<meta property=\"og:type\" content=\"article\" \/>\n<meta property=\"og:title\" content=\"Przeci\u0105ganie liny: poczuj ducha walki i si\u0142\u0119 swojego zespo\u0142u!\" \/>\n<meta property=\"og:description\" content=\"Daj si\u0119 porwa\u0107 emocjom z nasz\u0105 gr\u0105 w przeci\u0105ganie liny! To doskona\u0142y spos\u00f3b na integracj\u0119, zabaw\u0119 i rywalizacj\u0119. Poczujesz ducha rywalizacji, poprawisz swoj\u0105 si\u0142\u0119 i wytrzyma\u0142o\u015b\u0107, a przede wszystkim do\u015bwiadczysz niezapomnianych emocji. Idealne dla grup do 10 os\u00f3b na ka\u017cd\u0105 stron\u0119. Dodaj t\u0119 zabaw\u0119 do swojego zestawu rozrywkowego na nadchodz\u0105ce wydarzenie!\" \/>\n<meta property=\"og:url\" content=\"https:\/\/mistrzowieimprez.pl\/en\/product\/przeciaganie-liny\/\" \/>\n<meta property=\"og:site_name\" content=\"Mistrzowie Imprez\" \/>\n<meta property=\"article:publisher\" content=\"https:\/\/www.facebook.com\/mistrzowieimprez\" \/>\n<meta property=\"article:modified_time\" content=\"2026-03-18T09:09:55+00:00\" \/>\n<meta property=\"og:image\" content=\"https:\/\/mistrzowieimprez.pl\/wp-content\/uploads\/2024\/09\/Przeciaganie-liny-scaled.jpg\" \/>\n\t<meta property=\"og:image:width\" content=\"2560\" \/>\n\t<meta property=\"og:image:height\" content=\"1707\" \/>\n\t<meta property=\"og:image:type\" content=\"image\/jpeg\" \/>\n<meta name=\"twitter:card\" content=\"summary_large_image\" \/>\n<meta name=\"twitter:label1\" content=\"Estimated reading time\" \/>\n\t<meta name=\"twitter:data1\" content=\"1 minute\" \/>\n<script type=\"application\/ld+json\" class=\"yoast-schema-graph\">{\"@context\":\"https:\\\/\\\/schema.org\",\"@graph\":[{\"@type\":\"WebPage\",\"@id\":\"https:\\\/\\\/mistrzowieimprez.pl\\\/produkt\\\/przeciaganie-liny\\\/\",\"url\":\"https:\\\/\\\/mistrzowieimprez.pl\\\/produkt\\\/przeciaganie-liny\\\/\",\"name\":\"Przeci\u0105ganie liny: poczuj ducha walki i si\u0142\u0119 swojego zespo\u0142u!\",\"isPartOf\":{\"@id\":\"https:\\\/\\\/mistrzowieimprez.pl\\\/#website\"},\"primaryImageOfPage\":{\"@id\":\"https:\\\/\\\/mistrzowieimprez.pl\\\/produkt\\\/przeciaganie-liny\\\/#primaryimage\"},\"image\":{\"@id\":\"https:\\\/\\\/mistrzowieimprez.pl\\\/produkt\\\/przeciaganie-liny\\\/#primaryimage\"},\"thumbnailUrl\":\"https:\\\/\\\/mistrzowieimprez.pl\\\/wp-content\\\/uploads\\\/2024\\\/09\\\/Przeciaganie-liny-scaled.jpg\",\"datePublished\":\"2024-09-01T09:07:43+00:00\",\"dateModified\":\"2026-03-18T09:09:55+00:00\",\"breadcrumb\":{\"@id\":\"https:\\\/\\\/mistrzowieimprez.pl\\\/produkt\\\/przeciaganie-liny\\\/#breadcrumb\"},\"inLanguage\":\"en-GB\",\"potentialAction\":[{\"@type\":\"ReadAction\",\"target\":[\"https:\\\/\\\/mistrzowieimprez.pl\\\/produkt\\\/przeciaganie-liny\\\/\"]}]},{\"@type\":\"ImageObject\",\"inLanguage\":\"en-GB\",\"@id\":\"https:\\\/\\\/mistrzowieimprez.pl\\\/produkt\\\/przeciaganie-liny\\\/#primaryimage\",\"url\":\"https:\\\/\\\/mistrzowieimprez.pl\\\/wp-content\\\/uploads\\\/2024\\\/09\\\/Przeciaganie-liny-scaled.jpg\",\"contentUrl\":\"https:\\\/\\\/mistrzowieimprez.pl\\\/wp-content\\\/uploads\\\/2024\\\/09\\\/Przeciaganie-liny-scaled.jpg\",\"width\":2560,\"height\":1707,\"caption\":\"Bartek D\u0119bkowski \\\/ Kreatyw! Media\"},{\"@type\":\"BreadcrumbList\",\"@id\":\"https:\\\/\\\/mistrzowieimprez.pl\\\/produkt\\\/przeciaganie-liny\\\/#breadcrumb\",\"itemListElement\":[{\"@type\":\"ListItem\",\"position\":1,\"name\":\"Strona g\u0142\u00f3wna\",\"item\":\"https:\\\/\\\/mistrzowieimprez.pl\\\/\"},{\"@type\":\"ListItem\",\"position\":2,\"name\":\"sklep\",\"item\":\"https:\\\/\\\/mistrzowieimprez.pl\\\/sklep\\\/\"},{\"@type\":\"ListItem\",\"position\":3,\"name\":\"Przeci\u0105ganie liny\"}]},{\"@type\":\"WebSite\",\"@id\":\"https:\\\/\\\/mistrzowieimprez.pl\\\/#website\",\"url\":\"https:\\\/\\\/mistrzowieimprez.pl\\\/\",\"name\":\"Mistrzowie Imprez\",\"description\":\"Kompleksowa organizacja imprez\",\"publisher\":{\"@id\":\"https:\\\/\\\/mistrzowieimprez.pl\\\/#organization\"},\"potentialAction\":[{\"@type\":\"SearchAction\",\"target\":{\"@type\":\"EntryPoint\",\"urlTemplate\":\"https:\\\/\\\/mistrzowieimprez.pl\\\/?s={search_term_string}\"},\"query-input\":{\"@type\":\"PropertyValueSpecification\",\"valueRequired\":true,\"valueName\":\"search_term_string\"}}],\"inLanguage\":\"en-GB\"},{\"@type\":\"Organization\",\"@id\":\"https:\\\/\\\/mistrzowieimprez.pl\\\/#organization\",\"name\":\"Mistrzowie Imprez\",\"url\":\"https:\\\/\\\/mistrzowieimprez.pl\\\/\",\"logo\":{\"@type\":\"ImageObject\",\"inLanguage\":\"en-GB\",\"@id\":\"https:\\\/\\\/mistrzowieimprez.pl\\\/#\\\/schema\\\/logo\\\/image\\\/\",\"url\":\"https:\\\/\\\/mistrzowieimprez.pl\\\/wp-content\\\/uploads\\\/2024\\\/08\\\/mistrzowie_imprez_logo_ciemne-tlo@4x.png\",\"contentUrl\":\"https:\\\/\\\/mistrzowieimprez.pl\\\/wp-content\\\/uploads\\\/2024\\\/08\\\/mistrzowie_imprez_logo_ciemne-tlo@4x.png\",\"width\":1318,\"height\":351,\"caption\":\"Mistrzowie Imprez\"},\"image\":{\"@id\":\"https:\\\/\\\/mistrzowieimprez.pl\\\/#\\\/schema\\\/logo\\\/image\\\/\"},\"sameAs\":[\"https:\\\/\\\/www.facebook.com\\\/mistrzowieimprez\",\"https:\\\/\\\/www.instagram.com\\\/mistrzowieimprez\\\/\",\"https:\\\/\\\/www.youtube.com\\\/@ytmistrzowieimprez\"]}]}<\/script>\n<!-- \/ Yoast SEO plugin. -->","yoast_head_json":{"title":"Przeci\u0105ganie liny: poczuj ducha walki i si\u0142\u0119 swojego zespo\u0142u!","robots":{"index":"index","follow":"follow","max-snippet":"max-snippet:-1","max-image-preview":"max-image-preview:large","max-video-preview":"max-video-preview:-1"},"canonical":"https:\/\/mistrzowieimprez.pl\/en\/product\/przeciaganie-liny\/","og_locale":"en_GB","og_type":"article","og_title":"Przeci\u0105ganie liny: poczuj ducha walki i si\u0142\u0119 swojego zespo\u0142u!","og_description":"Daj si\u0119 porwa\u0107 emocjom z nasz\u0105 gr\u0105 w przeci\u0105ganie liny! To doskona\u0142y spos\u00f3b na integracj\u0119, zabaw\u0119 i rywalizacj\u0119. Poczujesz ducha rywalizacji, poprawisz swoj\u0105 si\u0142\u0119 i wytrzyma\u0142o\u015b\u0107, a przede wszystkim do\u015bwiadczysz niezapomnianych emocji. Idealne dla grup do 10 os\u00f3b na ka\u017cd\u0105 stron\u0119. Dodaj t\u0119 zabaw\u0119 do swojego zestawu rozrywkowego na nadchodz\u0105ce wydarzenie!","og_url":"https:\/\/mistrzowieimprez.pl\/en\/product\/przeciaganie-liny\/","og_site_name":"Mistrzowie Imprez","article_publisher":"https:\/\/www.facebook.com\/mistrzowieimprez","article_modified_time":"2026-03-18T09:09:55+00:00","og_image":[{"width":2560,"height":1707,"url":"https:\/\/mistrzowieimprez.pl\/wp-content\/uploads\/2024\/09\/Przeciaganie-liny-scaled.jpg","type":"image\/jpeg"}],"twitter_card":"summary_large_image","twitter_misc":{"Estimated reading time":"1 minute"},"schema":{"@context":"https:\/\/schema.org","@graph":[{"@type":"WebPage","@id":"https:\/\/mistrzowieimprez.pl\/produkt\/przeciaganie-liny\/","url":"https:\/\/mistrzowieimprez.pl\/produkt\/przeciaganie-liny\/","name":"Przeci\u0105ganie liny: poczuj ducha walki i si\u0142\u0119 swojego zespo\u0142u!","isPartOf":{"@id":"https:\/\/mistrzowieimprez.pl\/#website"},"primaryImageOfPage":{"@id":"https:\/\/mistrzowieimprez.pl\/produkt\/przeciaganie-liny\/#primaryimage"},"image":{"@id":"https:\/\/mistrzowieimprez.pl\/produkt\/przeciaganie-liny\/#primaryimage"},"thumbnailUrl":"https:\/\/mistrzowieimprez.pl\/wp-content\/uploads\/2024\/09\/Przeciaganie-liny-scaled.jpg","datePublished":"2024-09-01T09:07:43+00:00","dateModified":"2026-03-18T09:09:55+00:00","breadcrumb":{"@id":"https:\/\/mistrzowieimprez.pl\/produkt\/przeciaganie-liny\/#breadcrumb"},"inLanguage":"en-GB","potentialAction":[{"@type":"ReadAction","target":["https:\/\/mistrzowieimprez.pl\/produkt\/przeciaganie-liny\/"]}]},{"@type":"ImageObject","inLanguage":"en-GB","@id":"https:\/\/mistrzowieimprez.pl\/produkt\/przeciaganie-liny\/#primaryimage","url":"https:\/\/mistrzowieimprez.pl\/wp-content\/uploads\/2024\/09\/Przeciaganie-liny-scaled.jpg","contentUrl":"https:\/\/mistrzowieimprez.pl\/wp-content\/uploads\/2024\/09\/Przeciaganie-liny-scaled.jpg","width":2560,"height":1707,"caption":"Bartek D\u0119bkowski \/ Kreatyw! Media"},{"@type":"BreadcrumbList","@id":"https:\/\/mistrzowieimprez.pl\/produkt\/przeciaganie-liny\/#breadcrumb","itemListElement":[{"@type":"ListItem","position":1,"name":"Strona g\u0142\u00f3wna","item":"https:\/\/mistrzowieimprez.pl\/"},{"@type":"ListItem","position":2,"name":"sklep","item":"https:\/\/mistrzowieimprez.pl\/sklep\/"},{"@type":"ListItem","position":3,"name":"Przeci\u0105ganie liny"}]},{"@type":"WebSite","@id":"https:\/\/mistrzowieimprez.pl\/#website","url":"https:\/\/mistrzowieimprez.pl\/","name":"Mistrzowie Imprez","description":"Kompleksowa organizacja imprez","publisher":{"@id":"https:\/\/mistrzowieimprez.pl\/#organization"},"potentialAction":[{"@type":"SearchAction","target":{"@type":"EntryPoint","urlTemplate":"https:\/\/mistrzowieimprez.pl\/?s={search_term_string}"},"query-input":{"@type":"PropertyValueSpecification","valueRequired":true,"valueName":"search_term_string"}}],"inLanguage":"en-GB"},{"@type":"Organization","@id":"https:\/\/mistrzowieimprez.pl\/#organization","name":"Mistrzowie Imprez","url":"https:\/\/mistrzowieimprez.pl\/","logo":{"@type":"ImageObject","inLanguage":"en-GB","@id":"https:\/\/mistrzowieimprez.pl\/#\/schema\/logo\/image\/","url":"https:\/\/mistrzowieimprez.pl\/wp-content\/uploads\/2024\/08\/mistrzowie_imprez_logo_ciemne-tlo@4x.png","contentUrl":"https:\/\/mistrzowieimprez.pl\/wp-content\/uploads\/2024\/08\/mistrzowie_imprez_logo_ciemne-tlo@4x.png","width":1318,"height":351,"caption":"Mistrzowie Imprez"},"image":{"@id":"https:\/\/mistrzowieimprez.pl\/#\/schema\/logo\/image\/"},"sameAs":["https:\/\/www.facebook.com\/mistrzowieimprez","https:\/\/www.instagram.com\/mistrzowieimprez\/","https:\/\/www.youtube.com\/@ytmistrzowieimprez"]}]}},"_links":{"self":[{"href":"https:\/\/mistrzowieimprez.pl\/en\/wp-json\/wp\/v2\/product\/776","targetHints":{"allow":["GET"]}}],"collection":[{"href":"https:\/\/mistrzowieimprez.pl\/en\/wp-json\/wp\/v2\/product"}],"about":[{"href":"https:\/\/mistrzowieimprez.pl\/en\/wp-json\/wp\/v2\/types\/product"}],"replies":[{"embeddable":true,"href":"https:\/\/mistrzowieimprez.pl\/en\/wp-json\/wp\/v2\/comments?post=776"}],"version-history":[{"count":1,"href":"https:\/\/mistrzowieimprez.pl\/en\/wp-json\/wp\/v2\/product\/776\/revisions"}],"predecessor-version":[{"id":3581,"href":"https:\/\/mistrzowieimprez.pl\/en\/wp-json\/wp\/v2\/product\/776\/revisions\/3581"}],"wp:featuredmedia":[{"embeddable":true,"href":"https:\/\/mistrzowieimprez.pl\/en\/wp-json\/wp\/v2\/media\/1136"}],"wp:attachment":[{"href":"https:\/\/mistrzowieimprez.pl\/en\/wp-json\/wp\/v2\/media?parent=776"}],"wp:term":[{"taxonomy":"product_brand","embeddable":true,"href":"https:\/\/mistrzowieimprez.pl\/en\/wp-json\/wp\/v2\/product_brand?post=776"},{"taxonomy":"product_cat","embeddable":true,"href":"https:\/\/mistrzowieimprez.pl\/en\/wp-json\/wp\/v2\/product_cat?post=776"},{"taxonomy":"product_tag","embeddable":true,"href":"https:\/\/mistrzowieimprez.pl\/en\/wp-json\/wp\/v2\/product_tag?post=776"}],"curies":[{"name":"wp","href":"https:\/\/api.w.org\/{rel}","templated":true}]}}