{"id":774,"date":"2024-09-01T09:07:42","date_gmt":"2024-09-01T09:07:42","guid":{"rendered":"https:\/\/mistrzowieimprez.pl\/produkt\/chinczyk-xxl\/"},"modified":"2026-03-18T09:09:38","modified_gmt":"2026-03-18T09:09:38","slug":"chinczyk-xxl","status":"publish","type":"product","link":"https:\/\/mistrzowieimprez.pl\/en\/product\/chinczyk-xxl\/","title":{"rendered":"Chi\u0144czyk XXL"},"content":{"rendered":"<p>Chi\u0144czyk XXL to gigantyczna, weso\u0142a wersja klasycznej gry planszowej, kt\u00f3ra zapewni niesko\u0144czon\u0105 zabaw\u0119 podczas Twojego wydarzenia. Ta olbrzymia gra jest idealna dla grup przyjaci\u00f3\u0142, rodzin, czy te\u017c zespo\u0142\u00f3w pracowniczych, zapewniaj\u0105c zar\u00f3wno emocje jak i zdrow\u0105 rywalizacj\u0119. Prze\u017cyj niesamowite chwile, graj\u0105c, \u015bmiej\u0105c si\u0119 i walcz\u0105c o zwyci\u0119stwo w Chi\u0144czyku XXL.<\/p>\n<ul>\n<li>Olbrzymia, w pe\u0142ni funkcjonalna plansza do gry w Chi\u0144czyka<\/li>\n<li>Mo\u017ce pomie\u015bci\u0107 do 4 graczy jednocze\u015bnie<\/li>\n<li>Wykonane z trwa\u0142ych, bezpiecznych materia\u0142\u00f3w<\/li>\n<\/ul>\n<ul>\n<li>Zabawa w grupie, kt\u00f3ra zacie\u015bnia wi\u0119zi i poprawia umiej\u0119tno\u015bci wsp\u00f3\u0142pracy<\/li>\n<li>Stymulacja umys\u0142u poprzez strategiczne my\u015blenie i planowanie<\/li>\n<li>Emocje i rado\u015b\u0107 p\u0142yn\u0105ce z rywalizacji i gry<\/li>\n<\/ul>\n<p>Zam\u00f3w Chi\u0144czyka XXL ju\u017c dzi\u015b i odkryj, jak niesamowicie zabawne mo\u017ce by\u0107 Twoje wydarzenie!<\/p>","protected":false},"excerpt":{"rendered":"<p>Chi\u0144czyk XXL to gigantyczna, interaktywna wersja klasycznej gry planszowej. Doskona\u0142a zabawa dla przyjaci\u00f3\u0142, rodzin czy zespo\u0142\u00f3w pracowniczych, kt\u00f3ra zapewni nie tylko emocje, ale i zdrow\u0105 rywalizacj\u0119. Zam\u00f3w ju\u017c dzi\u015b i prze\u017cyj niesamowite chwile pe\u0142ne \u015bmiechu i walki o zwyci\u0119stwo!<\/p>","protected":false},"featured_media":1972,"comment_status":"closed","ping_status":"closed","template":"","meta":{"_acf_changed":false},"product_brand":[],"product_cat":[80,91],"product_tag":[],"class_list":{"0":"post-774","1":"product","2":"type-product","3":"status-publish","4":"has-post-thumbnail","6":"product_cat-dla-mlodziezy-i-doroslych","7":"product_cat-gry-wielkoformatowe","9":"first","10":"instock","11":"downloadable","12":"virtual","13":"purchasable","14":"product-type-simple"},"acf":[],"yoast_head":"<!-- This site is optimized with the Yoast SEO plugin v27.5 - https:\/\/yoast.com\/product\/yoast-seo-wordpress\/ -->\n<title>Zagraj w Chi\u0144czyka XXL: wielka plansza, wielkie emocje i strategia!<\/title>\n<meta name=\"robots\" content=\"index, follow, max-snippet:-1, max-image-preview:large, max-video-preview:-1\" \/>\n<link rel=\"canonical\" href=\"https:\/\/mistrzowieimprez.pl\/en\/product\/chinczyk-xxl\/\" \/>\n<meta property=\"og:locale\" content=\"en_GB\" \/>\n<meta property=\"og:type\" content=\"article\" \/>\n<meta property=\"og:title\" content=\"Zagraj w Chi\u0144czyka XXL: wielka plansza, wielkie emocje i strategia!\" \/>\n<meta property=\"og:description\" content=\"Chi\u0144czyk XXL to gigantyczna, interaktywna wersja klasycznej gry planszowej. Doskona\u0142a zabawa dla przyjaci\u00f3\u0142, rodzin czy zespo\u0142\u00f3w pracowniczych, kt\u00f3ra zapewni nie tylko emocje, ale i zdrow\u0105 rywalizacj\u0119. Zam\u00f3w ju\u017c dzi\u015b i prze\u017cyj niesamowite chwile pe\u0142ne \u015bmiechu i walki o zwyci\u0119stwo!\" \/>\n<meta property=\"og:url\" content=\"https:\/\/mistrzowieimprez.pl\/en\/product\/chinczyk-xxl\/\" \/>\n<meta property=\"og:site_name\" content=\"Mistrzowie Imprez\" \/>\n<meta property=\"article:publisher\" content=\"https:\/\/www.facebook.com\/mistrzowieimprez\" \/>\n<meta property=\"article:modified_time\" content=\"2026-03-18T09:09:38+00:00\" \/>\n<meta property=\"og:image\" content=\"https:\/\/mistrzowieimprez.pl\/wp-content\/uploads\/2024\/09\/PPP_4792-1.jpg\" \/>\n\t<meta property=\"og:image:width\" content=\"1600\" \/>\n\t<meta property=\"og:image:height\" content=\"1065\" \/>\n\t<meta property=\"og:image:type\" content=\"image\/jpeg\" \/>\n<meta name=\"twitter:card\" content=\"summary_large_image\" \/>\n<meta name=\"twitter:label1\" content=\"Estimated reading time\" \/>\n\t<meta name=\"twitter:data1\" content=\"1 minute\" \/>\n<script type=\"application\/ld+json\" class=\"yoast-schema-graph\">{\"@context\":\"https:\\\/\\\/schema.org\",\"@graph\":[{\"@type\":\"WebPage\",\"@id\":\"https:\\\/\\\/mistrzowieimprez.pl\\\/produkt\\\/chinczyk-xxl\\\/\",\"url\":\"https:\\\/\\\/mistrzowieimprez.pl\\\/produkt\\\/chinczyk-xxl\\\/\",\"name\":\"Zagraj w Chi\u0144czyka XXL: wielka plansza, wielkie emocje i strategia!\",\"isPartOf\":{\"@id\":\"https:\\\/\\\/mistrzowieimprez.pl\\\/#website\"},\"primaryImageOfPage\":{\"@id\":\"https:\\\/\\\/mistrzowieimprez.pl\\\/produkt\\\/chinczyk-xxl\\\/#primaryimage\"},\"image\":{\"@id\":\"https:\\\/\\\/mistrzowieimprez.pl\\\/produkt\\\/chinczyk-xxl\\\/#primaryimage\"},\"thumbnailUrl\":\"https:\\\/\\\/mistrzowieimprez.pl\\\/wp-content\\\/uploads\\\/2024\\\/09\\\/PPP_4792-1.jpg\",\"datePublished\":\"2024-09-01T09:07:42+00:00\",\"dateModified\":\"2026-03-18T09:09:38+00:00\",\"breadcrumb\":{\"@id\":\"https:\\\/\\\/mistrzowieimprez.pl\\\/produkt\\\/chinczyk-xxl\\\/#breadcrumb\"},\"inLanguage\":\"en-GB\",\"potentialAction\":[{\"@type\":\"ReadAction\",\"target\":[\"https:\\\/\\\/mistrzowieimprez.pl\\\/produkt\\\/chinczyk-xxl\\\/\"]}]},{\"@type\":\"ImageObject\",\"inLanguage\":\"en-GB\",\"@id\":\"https:\\\/\\\/mistrzowieimprez.pl\\\/produkt\\\/chinczyk-xxl\\\/#primaryimage\",\"url\":\"https:\\\/\\\/mistrzowieimprez.pl\\\/wp-content\\\/uploads\\\/2024\\\/09\\\/PPP_4792-1.jpg\",\"contentUrl\":\"https:\\\/\\\/mistrzowieimprez.pl\\\/wp-content\\\/uploads\\\/2024\\\/09\\\/PPP_4792-1.jpg\",\"width\":1600,\"height\":1065,\"caption\":\"Na zdj\u0119ciu wida\u0107 dzieci bawi\u0105ce si\u0119 na du\u017cej planszy podczas imprezy plenerowej, prowadzonej przez osob\u0119 w czerwonej sp\u00f3dnicy, z namiotami i lud\u017ami w tle.\"},{\"@type\":\"BreadcrumbList\",\"@id\":\"https:\\\/\\\/mistrzowieimprez.pl\\\/produkt\\\/chinczyk-xxl\\\/#breadcrumb\",\"itemListElement\":[{\"@type\":\"ListItem\",\"position\":1,\"name\":\"Strona g\u0142\u00f3wna\",\"item\":\"https:\\\/\\\/mistrzowieimprez.pl\\\/\"},{\"@type\":\"ListItem\",\"position\":2,\"name\":\"sklep\",\"item\":\"https:\\\/\\\/mistrzowieimprez.pl\\\/sklep\\\/\"},{\"@type\":\"ListItem\",\"position\":3,\"name\":\"Chi\u0144czyk XXL\"}]},{\"@type\":\"WebSite\",\"@id\":\"https:\\\/\\\/mistrzowieimprez.pl\\\/#website\",\"url\":\"https:\\\/\\\/mistrzowieimprez.pl\\\/\",\"name\":\"Mistrzowie Imprez\",\"description\":\"Kompleksowa organizacja imprez\",\"publisher\":{\"@id\":\"https:\\\/\\\/mistrzowieimprez.pl\\\/#organization\"},\"potentialAction\":[{\"@type\":\"SearchAction\",\"target\":{\"@type\":\"EntryPoint\",\"urlTemplate\":\"https:\\\/\\\/mistrzowieimprez.pl\\\/?s={search_term_string}\"},\"query-input\":{\"@type\":\"PropertyValueSpecification\",\"valueRequired\":true,\"valueName\":\"search_term_string\"}}],\"inLanguage\":\"en-GB\"},{\"@type\":\"Organization\",\"@id\":\"https:\\\/\\\/mistrzowieimprez.pl\\\/#organization\",\"name\":\"Mistrzowie Imprez\",\"url\":\"https:\\\/\\\/mistrzowieimprez.pl\\\/\",\"logo\":{\"@type\":\"ImageObject\",\"inLanguage\":\"en-GB\",\"@id\":\"https:\\\/\\\/mistrzowieimprez.pl\\\/#\\\/schema\\\/logo\\\/image\\\/\",\"url\":\"https:\\\/\\\/mistrzowieimprez.pl\\\/wp-content\\\/uploads\\\/2024\\\/08\\\/mistrzowie_imprez_logo_ciemne-tlo@4x.png\",\"contentUrl\":\"https:\\\/\\\/mistrzowieimprez.pl\\\/wp-content\\\/uploads\\\/2024\\\/08\\\/mistrzowie_imprez_logo_ciemne-tlo@4x.png\",\"width\":1318,\"height\":351,\"caption\":\"Mistrzowie Imprez\"},\"image\":{\"@id\":\"https:\\\/\\\/mistrzowieimprez.pl\\\/#\\\/schema\\\/logo\\\/image\\\/\"},\"sameAs\":[\"https:\\\/\\\/www.facebook.com\\\/mistrzowieimprez\",\"https:\\\/\\\/www.instagram.com\\\/mistrzowieimprez\\\/\",\"https:\\\/\\\/www.youtube.com\\\/@ytmistrzowieimprez\"]}]}<\/script>\n<!-- \/ Yoast SEO plugin. -->","yoast_head_json":{"title":"Zagraj w Chi\u0144czyka XXL: wielka plansza, wielkie emocje i strategia!","robots":{"index":"index","follow":"follow","max-snippet":"max-snippet:-1","max-image-preview":"max-image-preview:large","max-video-preview":"max-video-preview:-1"},"canonical":"https:\/\/mistrzowieimprez.pl\/en\/product\/chinczyk-xxl\/","og_locale":"en_GB","og_type":"article","og_title":"Zagraj w Chi\u0144czyka XXL: wielka plansza, wielkie emocje i strategia!","og_description":"Chi\u0144czyk XXL to gigantyczna, interaktywna wersja klasycznej gry planszowej. Doskona\u0142a zabawa dla przyjaci\u00f3\u0142, rodzin czy zespo\u0142\u00f3w pracowniczych, kt\u00f3ra zapewni nie tylko emocje, ale i zdrow\u0105 rywalizacj\u0119. Zam\u00f3w ju\u017c dzi\u015b i prze\u017cyj niesamowite chwile pe\u0142ne \u015bmiechu i walki o zwyci\u0119stwo!","og_url":"https:\/\/mistrzowieimprez.pl\/en\/product\/chinczyk-xxl\/","og_site_name":"Mistrzowie Imprez","article_publisher":"https:\/\/www.facebook.com\/mistrzowieimprez","article_modified_time":"2026-03-18T09:09:38+00:00","og_image":[{"width":1600,"height":1065,"url":"https:\/\/mistrzowieimprez.pl\/wp-content\/uploads\/2024\/09\/PPP_4792-1.jpg","type":"image\/jpeg"}],"twitter_card":"summary_large_image","twitter_misc":{"Estimated reading time":"1 minute"},"schema":{"@context":"https:\/\/schema.org","@graph":[{"@type":"WebPage","@id":"https:\/\/mistrzowieimprez.pl\/produkt\/chinczyk-xxl\/","url":"https:\/\/mistrzowieimprez.pl\/produkt\/chinczyk-xxl\/","name":"Zagraj w Chi\u0144czyka XXL: wielka plansza, wielkie emocje i strategia!","isPartOf":{"@id":"https:\/\/mistrzowieimprez.pl\/#website"},"primaryImageOfPage":{"@id":"https:\/\/mistrzowieimprez.pl\/produkt\/chinczyk-xxl\/#primaryimage"},"image":{"@id":"https:\/\/mistrzowieimprez.pl\/produkt\/chinczyk-xxl\/#primaryimage"},"thumbnailUrl":"https:\/\/mistrzowieimprez.pl\/wp-content\/uploads\/2024\/09\/PPP_4792-1.jpg","datePublished":"2024-09-01T09:07:42+00:00","dateModified":"2026-03-18T09:09:38+00:00","breadcrumb":{"@id":"https:\/\/mistrzowieimprez.pl\/produkt\/chinczyk-xxl\/#breadcrumb"},"inLanguage":"en-GB","potentialAction":[{"@type":"ReadAction","target":["https:\/\/mistrzowieimprez.pl\/produkt\/chinczyk-xxl\/"]}]},{"@type":"ImageObject","inLanguage":"en-GB","@id":"https:\/\/mistrzowieimprez.pl\/produkt\/chinczyk-xxl\/#primaryimage","url":"https:\/\/mistrzowieimprez.pl\/wp-content\/uploads\/2024\/09\/PPP_4792-1.jpg","contentUrl":"https:\/\/mistrzowieimprez.pl\/wp-content\/uploads\/2024\/09\/PPP_4792-1.jpg","width":1600,"height":1065,"caption":"Na zdj\u0119ciu wida\u0107 dzieci bawi\u0105ce si\u0119 na du\u017cej planszy podczas imprezy plenerowej, prowadzonej przez osob\u0119 w czerwonej sp\u00f3dnicy, z namiotami i lud\u017ami w tle."},{"@type":"BreadcrumbList","@id":"https:\/\/mistrzowieimprez.pl\/produkt\/chinczyk-xxl\/#breadcrumb","itemListElement":[{"@type":"ListItem","position":1,"name":"Strona g\u0142\u00f3wna","item":"https:\/\/mistrzowieimprez.pl\/"},{"@type":"ListItem","position":2,"name":"sklep","item":"https:\/\/mistrzowieimprez.pl\/sklep\/"},{"@type":"ListItem","position":3,"name":"Chi\u0144czyk XXL"}]},{"@type":"WebSite","@id":"https:\/\/mistrzowieimprez.pl\/#website","url":"https:\/\/mistrzowieimprez.pl\/","name":"Mistrzowie Imprez","description":"Kompleksowa organizacja imprez","publisher":{"@id":"https:\/\/mistrzowieimprez.pl\/#organization"},"potentialAction":[{"@type":"SearchAction","target":{"@type":"EntryPoint","urlTemplate":"https:\/\/mistrzowieimprez.pl\/?s={search_term_string}"},"query-input":{"@type":"PropertyValueSpecification","valueRequired":true,"valueName":"search_term_string"}}],"inLanguage":"en-GB"},{"@type":"Organization","@id":"https:\/\/mistrzowieimprez.pl\/#organization","name":"Mistrzowie Imprez","url":"https:\/\/mistrzowieimprez.pl\/","logo":{"@type":"ImageObject","inLanguage":"en-GB","@id":"https:\/\/mistrzowieimprez.pl\/#\/schema\/logo\/image\/","url":"https:\/\/mistrzowieimprez.pl\/wp-content\/uploads\/2024\/08\/mistrzowie_imprez_logo_ciemne-tlo@4x.png","contentUrl":"https:\/\/mistrzowieimprez.pl\/wp-content\/uploads\/2024\/08\/mistrzowie_imprez_logo_ciemne-tlo@4x.png","width":1318,"height":351,"caption":"Mistrzowie Imprez"},"image":{"@id":"https:\/\/mistrzowieimprez.pl\/#\/schema\/logo\/image\/"},"sameAs":["https:\/\/www.facebook.com\/mistrzowieimprez","https:\/\/www.instagram.com\/mistrzowieimprez\/","https:\/\/www.youtube.com\/@ytmistrzowieimprez"]}]}},"_links":{"self":[{"href":"https:\/\/mistrzowieimprez.pl\/en\/wp-json\/wp\/v2\/product\/774","targetHints":{"allow":["GET"]}}],"collection":[{"href":"https:\/\/mistrzowieimprez.pl\/en\/wp-json\/wp\/v2\/product"}],"about":[{"href":"https:\/\/mistrzowieimprez.pl\/en\/wp-json\/wp\/v2\/types\/product"}],"replies":[{"embeddable":true,"href":"https:\/\/mistrzowieimprez.pl\/en\/wp-json\/wp\/v2\/comments?post=774"}],"version-history":[{"count":1,"href":"https:\/\/mistrzowieimprez.pl\/en\/wp-json\/wp\/v2\/product\/774\/revisions"}],"predecessor-version":[{"id":1966,"href":"https:\/\/mistrzowieimprez.pl\/en\/wp-json\/wp\/v2\/product\/774\/revisions\/1966"}],"wp:featuredmedia":[{"embeddable":true,"href":"https:\/\/mistrzowieimprez.pl\/en\/wp-json\/wp\/v2\/media\/1972"}],"wp:attachment":[{"href":"https:\/\/mistrzowieimprez.pl\/en\/wp-json\/wp\/v2\/media?parent=774"}],"wp:term":[{"taxonomy":"product_brand","embeddable":true,"href":"https:\/\/mistrzowieimprez.pl\/en\/wp-json\/wp\/v2\/product_brand?post=774"},{"taxonomy":"product_cat","embeddable":true,"href":"https:\/\/mistrzowieimprez.pl\/en\/wp-json\/wp\/v2\/product_cat?post=774"},{"taxonomy":"product_tag","embeddable":true,"href":"https:\/\/mistrzowieimprez.pl\/en\/wp-json\/wp\/v2\/product_tag?post=774"}],"curies":[{"name":"wp","href":"https:\/\/api.w.org\/{rel}","templated":true}]}}