{"id":773,"date":"2024-09-01T09:07:41","date_gmt":"2024-09-01T09:07:41","guid":{"rendered":"https:\/\/mistrzowieimprez.pl\/produkt\/stoly-do-silowania-na-reke-armwrestling\/"},"modified":"2026-03-18T09:09:00","modified_gmt":"2026-03-18T09:09:00","slug":"stoly-do-silowania-na-reke-armwrestling","status":"publish","type":"product","link":"https:\/\/mistrzowieimprez.pl\/en\/product\/stoly-do-silowania-na-reke-armwrestling\/","title":{"rendered":"Sto\u0142y do si\u0142owania na r\u0119k\u0119 (Armwrestling)"},"content":{"rendered":"<p>Rozgrzewka mi\u0119\u015bni, koncentracja i si\u0142a &#8211; to wszystko czeka na Ciebie przy naszych sto\u0142ach do si\u0142owania na r\u0119k\u0119! Te sto\u0142y, idealne dla ka\u017cdego wieku i poziomu sprawno\u015bci fizycznej, s\u0105 gwarancj\u0105 niesamowitej zabawy i rywalizacji podczas ka\u017cdego wydarzenia. Niezale\u017cnie od tego, czy jeste\u015b do\u015bwiadczonym zawodnikiem, czy po prostu szukasz dobrej zabawy, nasze sto\u0142y do armwrestlingu na pewno dostarcz\u0105 Ci mn\u00f3stwo emocji!<\/p>\n<ul>\n<li>Sto\u0142y profesjonalnej jako\u015bci do armwrestlingu<\/li>\n<li>Dostosowane do r\u00f3\u017cnych poziom\u00f3w sprawno\u015bci i do\u015bwiadczenia<\/li>\n<li>Wytrzyma\u0142e i bezpieczne konstrukcje<\/li>\n<\/ul>\n<ul>\n<li>\u015awietna okazja do sprawdzenia swojej si\u0142y i umiej\u0119tno\u015bci<\/li>\n<li>Pobudzanie ducha rywalizacji i zespo\u0142owego ducha<\/li>\n<li>Poszerzanie umiej\u0119tno\u015bci koncentracji i wytrzyma\u0142o\u015bci<\/li>\n<\/ul>\n<p>Nie czekaj, sprawd\u017a swoj\u0105 si\u0142\u0119 i dodaj sto\u0142y do si\u0142owania na r\u0119k\u0119 do swojego zapytania ofertowego!<\/p>","protected":false},"excerpt":{"rendered":"<p>Zapraszamy do rywalizacji na naszych sto\u0142ach do si\u0142owania na r\u0119k\u0119! Bez wzgl\u0119du na poziom do\u015bwiadczenia, ta zabawa dostarczy Ci mn\u00f3stwo emocji i \u015bwietnej zabawy. Sprawd\u017a swoj\u0105 si\u0142\u0119 i dodaj sto\u0142y do si\u0142owania na r\u0119k\u0119 do swojego zapytania ofertowego!<\/p>","protected":false},"featured_media":1279,"comment_status":"closed","ping_status":"closed","template":"","meta":{"_acf_changed":false},"product_brand":[],"product_cat":[80,100,101],"product_tag":[],"class_list":{"0":"post-773","1":"product","2":"type-product","3":"status-publish","4":"has-post-thumbnail","6":"product_cat-dla-mlodziezy-i-doroslych","7":"product_cat-gry-na-imprezy","8":"product_cat-konkursy-i-zabawy","10":"first","11":"instock","12":"downloadable","13":"virtual","14":"purchasable","15":"product-type-simple"},"acf":[],"yoast_head":"<!-- This site is optimized with the Yoast SEO plugin v27.5 - https:\/\/yoast.com\/product\/yoast-seo-wordpress\/ -->\n<title>Armwrestling: sprawd\u017a swoj\u0105 si\u0142\u0119 i koncentracj\u0119 w pojedynku!<\/title>\n<meta name=\"robots\" content=\"index, follow, max-snippet:-1, max-image-preview:large, max-video-preview:-1\" \/>\n<link rel=\"canonical\" href=\"https:\/\/mistrzowieimprez.pl\/en\/product\/stoly-do-silowania-na-reke-armwrestling\/\" \/>\n<meta property=\"og:locale\" content=\"en_GB\" \/>\n<meta property=\"og:type\" content=\"article\" \/>\n<meta property=\"og:title\" content=\"Armwrestling: sprawd\u017a swoj\u0105 si\u0142\u0119 i koncentracj\u0119 w pojedynku!\" \/>\n<meta property=\"og:description\" content=\"Zapraszamy do rywalizacji na naszych sto\u0142ach do si\u0142owania na r\u0119k\u0119! Bez wzgl\u0119du na poziom do\u015bwiadczenia, ta zabawa dostarczy Ci mn\u00f3stwo emocji i \u015bwietnej zabawy. Sprawd\u017a swoj\u0105 si\u0142\u0119 i dodaj sto\u0142y do si\u0142owania na r\u0119k\u0119 do swojego zapytania ofertowego!\" \/>\n<meta property=\"og:url\" content=\"https:\/\/mistrzowieimprez.pl\/en\/product\/stoly-do-silowania-na-reke-armwrestling\/\" \/>\n<meta property=\"og:site_name\" content=\"Mistrzowie Imprez\" \/>\n<meta property=\"article:publisher\" content=\"https:\/\/www.facebook.com\/mistrzowieimprez\" \/>\n<meta property=\"article:modified_time\" content=\"2026-03-18T09:09:00+00:00\" \/>\n<meta property=\"og:image\" content=\"https:\/\/mistrzowieimprez.pl\/wp-content\/uploads\/2024\/09\/Stoly-do-silowania-na-reke-Armwrestling.png\" \/>\n\t<meta property=\"og:image:width\" content=\"1000\" \/>\n\t<meta property=\"og:image:height\" content=\"1000\" \/>\n\t<meta property=\"og:image:type\" content=\"image\/png\" \/>\n<meta name=\"twitter:card\" content=\"summary_large_image\" \/>\n<meta name=\"twitter:label1\" content=\"Estimated reading time\" \/>\n\t<meta name=\"twitter:data1\" content=\"1 minute\" \/>\n<script type=\"application\/ld+json\" class=\"yoast-schema-graph\">{\"@context\":\"https:\\\/\\\/schema.org\",\"@graph\":[{\"@type\":\"WebPage\",\"@id\":\"https:\\\/\\\/mistrzowieimprez.pl\\\/produkt\\\/stoly-do-silowania-na-reke-armwrestling\\\/\",\"url\":\"https:\\\/\\\/mistrzowieimprez.pl\\\/produkt\\\/stoly-do-silowania-na-reke-armwrestling\\\/\",\"name\":\"Armwrestling: sprawd\u017a swoj\u0105 si\u0142\u0119 i koncentracj\u0119 w pojedynku!\",\"isPartOf\":{\"@id\":\"https:\\\/\\\/mistrzowieimprez.pl\\\/#website\"},\"primaryImageOfPage\":{\"@id\":\"https:\\\/\\\/mistrzowieimprez.pl\\\/produkt\\\/stoly-do-silowania-na-reke-armwrestling\\\/#primaryimage\"},\"image\":{\"@id\":\"https:\\\/\\\/mistrzowieimprez.pl\\\/produkt\\\/stoly-do-silowania-na-reke-armwrestling\\\/#primaryimage\"},\"thumbnailUrl\":\"https:\\\/\\\/mistrzowieimprez.pl\\\/wp-content\\\/uploads\\\/2024\\\/09\\\/Stoly-do-silowania-na-reke-Armwrestling.png\",\"datePublished\":\"2024-09-01T09:07:41+00:00\",\"dateModified\":\"2026-03-18T09:09:00+00:00\",\"breadcrumb\":{\"@id\":\"https:\\\/\\\/mistrzowieimprez.pl\\\/produkt\\\/stoly-do-silowania-na-reke-armwrestling\\\/#breadcrumb\"},\"inLanguage\":\"en-GB\",\"potentialAction\":[{\"@type\":\"ReadAction\",\"target\":[\"https:\\\/\\\/mistrzowieimprez.pl\\\/produkt\\\/stoly-do-silowania-na-reke-armwrestling\\\/\"]}]},{\"@type\":\"ImageObject\",\"inLanguage\":\"en-GB\",\"@id\":\"https:\\\/\\\/mistrzowieimprez.pl\\\/produkt\\\/stoly-do-silowania-na-reke-armwrestling\\\/#primaryimage\",\"url\":\"https:\\\/\\\/mistrzowieimprez.pl\\\/wp-content\\\/uploads\\\/2024\\\/09\\\/Stoly-do-silowania-na-reke-Armwrestling.png\",\"contentUrl\":\"https:\\\/\\\/mistrzowieimprez.pl\\\/wp-content\\\/uploads\\\/2024\\\/09\\\/Stoly-do-silowania-na-reke-Armwrestling.png\",\"width\":1000,\"height\":1000,\"caption\":\"Na zdj\u0119ciu przedstawiono ludzi bior\u0105cych udzia\u0142 w zawodach w si\u0142owaniu na r\u0119k\u0119 na \u015bwie\u017cym powietrzu, z kolorowymi dmucha\u0144cami w tle.\"},{\"@type\":\"BreadcrumbList\",\"@id\":\"https:\\\/\\\/mistrzowieimprez.pl\\\/produkt\\\/stoly-do-silowania-na-reke-armwrestling\\\/#breadcrumb\",\"itemListElement\":[{\"@type\":\"ListItem\",\"position\":1,\"name\":\"Strona g\u0142\u00f3wna\",\"item\":\"https:\\\/\\\/mistrzowieimprez.pl\\\/\"},{\"@type\":\"ListItem\",\"position\":2,\"name\":\"sklep\",\"item\":\"https:\\\/\\\/mistrzowieimprez.pl\\\/sklep\\\/\"},{\"@type\":\"ListItem\",\"position\":3,\"name\":\"Sto\u0142y do si\u0142owania na r\u0119k\u0119 (Armwrestling)\"}]},{\"@type\":\"WebSite\",\"@id\":\"https:\\\/\\\/mistrzowieimprez.pl\\\/#website\",\"url\":\"https:\\\/\\\/mistrzowieimprez.pl\\\/\",\"name\":\"Mistrzowie Imprez\",\"description\":\"Kompleksowa organizacja imprez\",\"publisher\":{\"@id\":\"https:\\\/\\\/mistrzowieimprez.pl\\\/#organization\"},\"potentialAction\":[{\"@type\":\"SearchAction\",\"target\":{\"@type\":\"EntryPoint\",\"urlTemplate\":\"https:\\\/\\\/mistrzowieimprez.pl\\\/?s={search_term_string}\"},\"query-input\":{\"@type\":\"PropertyValueSpecification\",\"valueRequired\":true,\"valueName\":\"search_term_string\"}}],\"inLanguage\":\"en-GB\"},{\"@type\":\"Organization\",\"@id\":\"https:\\\/\\\/mistrzowieimprez.pl\\\/#organization\",\"name\":\"Mistrzowie Imprez\",\"url\":\"https:\\\/\\\/mistrzowieimprez.pl\\\/\",\"logo\":{\"@type\":\"ImageObject\",\"inLanguage\":\"en-GB\",\"@id\":\"https:\\\/\\\/mistrzowieimprez.pl\\\/#\\\/schema\\\/logo\\\/image\\\/\",\"url\":\"https:\\\/\\\/mistrzowieimprez.pl\\\/wp-content\\\/uploads\\\/2024\\\/08\\\/mistrzowie_imprez_logo_ciemne-tlo@4x.png\",\"contentUrl\":\"https:\\\/\\\/mistrzowieimprez.pl\\\/wp-content\\\/uploads\\\/2024\\\/08\\\/mistrzowie_imprez_logo_ciemne-tlo@4x.png\",\"width\":1318,\"height\":351,\"caption\":\"Mistrzowie Imprez\"},\"image\":{\"@id\":\"https:\\\/\\\/mistrzowieimprez.pl\\\/#\\\/schema\\\/logo\\\/image\\\/\"},\"sameAs\":[\"https:\\\/\\\/www.facebook.com\\\/mistrzowieimprez\",\"https:\\\/\\\/www.instagram.com\\\/mistrzowieimprez\\\/\",\"https:\\\/\\\/www.youtube.com\\\/@ytmistrzowieimprez\"]}]}<\/script>\n<!-- \/ Yoast SEO plugin. -->","yoast_head_json":{"title":"Armwrestling: sprawd\u017a swoj\u0105 si\u0142\u0119 i koncentracj\u0119 w pojedynku!","robots":{"index":"index","follow":"follow","max-snippet":"max-snippet:-1","max-image-preview":"max-image-preview:large","max-video-preview":"max-video-preview:-1"},"canonical":"https:\/\/mistrzowieimprez.pl\/en\/product\/stoly-do-silowania-na-reke-armwrestling\/","og_locale":"en_GB","og_type":"article","og_title":"Armwrestling: sprawd\u017a swoj\u0105 si\u0142\u0119 i koncentracj\u0119 w pojedynku!","og_description":"Zapraszamy do rywalizacji na naszych sto\u0142ach do si\u0142owania na r\u0119k\u0119! Bez wzgl\u0119du na poziom do\u015bwiadczenia, ta zabawa dostarczy Ci mn\u00f3stwo emocji i \u015bwietnej zabawy. Sprawd\u017a swoj\u0105 si\u0142\u0119 i dodaj sto\u0142y do si\u0142owania na r\u0119k\u0119 do swojego zapytania ofertowego!","og_url":"https:\/\/mistrzowieimprez.pl\/en\/product\/stoly-do-silowania-na-reke-armwrestling\/","og_site_name":"Mistrzowie Imprez","article_publisher":"https:\/\/www.facebook.com\/mistrzowieimprez","article_modified_time":"2026-03-18T09:09:00+00:00","og_image":[{"width":1000,"height":1000,"url":"https:\/\/mistrzowieimprez.pl\/wp-content\/uploads\/2024\/09\/Stoly-do-silowania-na-reke-Armwrestling.png","type":"image\/png"}],"twitter_card":"summary_large_image","twitter_misc":{"Estimated reading time":"1 minute"},"schema":{"@context":"https:\/\/schema.org","@graph":[{"@type":"WebPage","@id":"https:\/\/mistrzowieimprez.pl\/produkt\/stoly-do-silowania-na-reke-armwrestling\/","url":"https:\/\/mistrzowieimprez.pl\/produkt\/stoly-do-silowania-na-reke-armwrestling\/","name":"Armwrestling: sprawd\u017a swoj\u0105 si\u0142\u0119 i koncentracj\u0119 w pojedynku!","isPartOf":{"@id":"https:\/\/mistrzowieimprez.pl\/#website"},"primaryImageOfPage":{"@id":"https:\/\/mistrzowieimprez.pl\/produkt\/stoly-do-silowania-na-reke-armwrestling\/#primaryimage"},"image":{"@id":"https:\/\/mistrzowieimprez.pl\/produkt\/stoly-do-silowania-na-reke-armwrestling\/#primaryimage"},"thumbnailUrl":"https:\/\/mistrzowieimprez.pl\/wp-content\/uploads\/2024\/09\/Stoly-do-silowania-na-reke-Armwrestling.png","datePublished":"2024-09-01T09:07:41+00:00","dateModified":"2026-03-18T09:09:00+00:00","breadcrumb":{"@id":"https:\/\/mistrzowieimprez.pl\/produkt\/stoly-do-silowania-na-reke-armwrestling\/#breadcrumb"},"inLanguage":"en-GB","potentialAction":[{"@type":"ReadAction","target":["https:\/\/mistrzowieimprez.pl\/produkt\/stoly-do-silowania-na-reke-armwrestling\/"]}]},{"@type":"ImageObject","inLanguage":"en-GB","@id":"https:\/\/mistrzowieimprez.pl\/produkt\/stoly-do-silowania-na-reke-armwrestling\/#primaryimage","url":"https:\/\/mistrzowieimprez.pl\/wp-content\/uploads\/2024\/09\/Stoly-do-silowania-na-reke-Armwrestling.png","contentUrl":"https:\/\/mistrzowieimprez.pl\/wp-content\/uploads\/2024\/09\/Stoly-do-silowania-na-reke-Armwrestling.png","width":1000,"height":1000,"caption":"Na zdj\u0119ciu przedstawiono ludzi bior\u0105cych udzia\u0142 w zawodach w si\u0142owaniu na r\u0119k\u0119 na \u015bwie\u017cym powietrzu, z kolorowymi dmucha\u0144cami w tle."},{"@type":"BreadcrumbList","@id":"https:\/\/mistrzowieimprez.pl\/produkt\/stoly-do-silowania-na-reke-armwrestling\/#breadcrumb","itemListElement":[{"@type":"ListItem","position":1,"name":"Strona g\u0142\u00f3wna","item":"https:\/\/mistrzowieimprez.pl\/"},{"@type":"ListItem","position":2,"name":"sklep","item":"https:\/\/mistrzowieimprez.pl\/sklep\/"},{"@type":"ListItem","position":3,"name":"Sto\u0142y do si\u0142owania na r\u0119k\u0119 (Armwrestling)"}]},{"@type":"WebSite","@id":"https:\/\/mistrzowieimprez.pl\/#website","url":"https:\/\/mistrzowieimprez.pl\/","name":"Mistrzowie Imprez","description":"Kompleksowa organizacja imprez","publisher":{"@id":"https:\/\/mistrzowieimprez.pl\/#organization"},"potentialAction":[{"@type":"SearchAction","target":{"@type":"EntryPoint","urlTemplate":"https:\/\/mistrzowieimprez.pl\/?s={search_term_string}"},"query-input":{"@type":"PropertyValueSpecification","valueRequired":true,"valueName":"search_term_string"}}],"inLanguage":"en-GB"},{"@type":"Organization","@id":"https:\/\/mistrzowieimprez.pl\/#organization","name":"Mistrzowie Imprez","url":"https:\/\/mistrzowieimprez.pl\/","logo":{"@type":"ImageObject","inLanguage":"en-GB","@id":"https:\/\/mistrzowieimprez.pl\/#\/schema\/logo\/image\/","url":"https:\/\/mistrzowieimprez.pl\/wp-content\/uploads\/2024\/08\/mistrzowie_imprez_logo_ciemne-tlo@4x.png","contentUrl":"https:\/\/mistrzowieimprez.pl\/wp-content\/uploads\/2024\/08\/mistrzowie_imprez_logo_ciemne-tlo@4x.png","width":1318,"height":351,"caption":"Mistrzowie Imprez"},"image":{"@id":"https:\/\/mistrzowieimprez.pl\/#\/schema\/logo\/image\/"},"sameAs":["https:\/\/www.facebook.com\/mistrzowieimprez","https:\/\/www.instagram.com\/mistrzowieimprez\/","https:\/\/www.youtube.com\/@ytmistrzowieimprez"]}]}},"_links":{"self":[{"href":"https:\/\/mistrzowieimprez.pl\/en\/wp-json\/wp\/v2\/product\/773","targetHints":{"allow":["GET"]}}],"collection":[{"href":"https:\/\/mistrzowieimprez.pl\/en\/wp-json\/wp\/v2\/product"}],"about":[{"href":"https:\/\/mistrzowieimprez.pl\/en\/wp-json\/wp\/v2\/types\/product"}],"replies":[{"embeddable":true,"href":"https:\/\/mistrzowieimprez.pl\/en\/wp-json\/wp\/v2\/comments?post=773"}],"version-history":[{"count":2,"href":"https:\/\/mistrzowieimprez.pl\/en\/wp-json\/wp\/v2\/product\/773\/revisions"}],"predecessor-version":[{"id":3579,"href":"https:\/\/mistrzowieimprez.pl\/en\/wp-json\/wp\/v2\/product\/773\/revisions\/3579"}],"wp:featuredmedia":[{"embeddable":true,"href":"https:\/\/mistrzowieimprez.pl\/en\/wp-json\/wp\/v2\/media\/1279"}],"wp:attachment":[{"href":"https:\/\/mistrzowieimprez.pl\/en\/wp-json\/wp\/v2\/media?parent=773"}],"wp:term":[{"taxonomy":"product_brand","embeddable":true,"href":"https:\/\/mistrzowieimprez.pl\/en\/wp-json\/wp\/v2\/product_brand?post=773"},{"taxonomy":"product_cat","embeddable":true,"href":"https:\/\/mistrzowieimprez.pl\/en\/wp-json\/wp\/v2\/product_cat?post=773"},{"taxonomy":"product_tag","embeddable":true,"href":"https:\/\/mistrzowieimprez.pl\/en\/wp-json\/wp\/v2\/product_tag?post=773"}],"curies":[{"name":"wp","href":"https:\/\/api.w.org\/{rel}","templated":true}]}}