{"id":771,"date":"2024-09-01T09:07:40","date_gmt":"2024-09-01T09:07:40","guid":{"rendered":"https:\/\/mistrzowieimprez.pl\/produkt\/naciaganie-liny-w-uprzezy\/"},"modified":"2026-03-18T09:08:17","modified_gmt":"2026-03-18T09:08:17","slug":"naciaganie-liny-w-uprzezy","status":"publish","type":"product","link":"https:\/\/mistrzowieimprez.pl\/en\/product\/naciaganie-liny-w-uprzezy\/","title":{"rendered":"Naci\u0105ganie liny w uprz\u0119\u017cy"},"content":{"rendered":"<p>Czy jeste\u015b gotowy do testowania swojej si\u0142y i zespo\u0142owego ducha walki? Nasza us\u0142uga Naci\u0105ganie liny w uprz\u0119\u017cy to doskona\u0142a zabawa dla m\u0142odzie\u017cy i doros\u0142ych podczas wszelkiego rodzaju wydarze\u0144! To klasyczna gra o sile z nowoczesnym twistem, kt\u00f3ra gwarantuje, \u017ce Twoje serce zacznie bi\u0107 szybciej!<\/p>\n<ul>\n<li>Wysokiej jako\u015bci uprz\u0119\u017ce i liny dla bezpiecze\u0144stwa i wydajno\u015bci<\/li>\n<li>Mo\u017ce pomie\u015bci\u0107 do 8 graczy jednocze\u015bnie<\/li>\n<li>Dostosowany do wszystkich poziom\u00f3w si\u0142y i umiej\u0119tno\u015bci<\/li>\n<\/ul>\n<ul>\n<li>Poczuj niesamowite emocje i dreszczyk emocji podczas rywalizacji z innymi<\/li>\n<li>Rozwijaj swoje umiej\u0119tno\u015bci zespo\u0142owe i dow\u00f3dztwo<\/li>\n<li>Ciesz si\u0119 zdrow\u0105 rywalizacj\u0105 i dobr\u0105 zabaw\u0105 z przyjaci\u00f3\u0142mi lub kolegami z pracy<\/li>\n<\/ul>\n<p>Nie czekaj! Dodaj Naci\u0105ganie liny w uprz\u0119\u017cy do swojego zapytania ofertowego ju\u017c dzi\u015b i przekonaj si\u0119, jak niesamowite mo\u017ce by\u0107 to do\u015bwiadczenie!<\/p>","protected":false},"excerpt":{"rendered":"<p>Czy jeste\u015b gotowy na test si\u0142y i ducha zespo\u0142owego? Spr\u00f3buj naszej us\u0142ugi Naci\u0105ganie liny w uprz\u0119\u017cy! To klasyczna gra, ale z nowoczesnym twistem, kt\u00f3ra zagwarantuje Ci niezapomniane emocje. Bez wzgl\u0119du na poziom si\u0142y i umiej\u0119tno\u015bci &#8211; ka\u017cdy mo\u017ce spr\u00f3bowa\u0107 swoich si\u0142. Ciesz si\u0119 zdrow\u0105 rywalizacj\u0105 i dobr\u0105 zabaw\u0105 z przyjaci\u00f3\u0142mi lub kolegami z pracy!<\/p>","protected":false},"featured_media":1251,"comment_status":"closed","ping_status":"closed","template":"","meta":{"_acf_changed":false},"product_brand":[],"product_cat":[80,100,101],"product_tag":[],"class_list":{"0":"post-771","1":"product","2":"type-product","3":"status-publish","4":"has-post-thumbnail","6":"product_cat-dla-mlodziezy-i-doroslych","7":"product_cat-gry-na-imprezy","8":"product_cat-konkursy-i-zabawy","10":"first","11":"instock","12":"downloadable","13":"virtual","14":"purchasable","15":"product-type-simple"},"acf":[],"yoast_head":"<!-- This site is optimized with the Yoast SEO plugin v27.5 - https:\/\/yoast.com\/product\/yoast-seo-wordpress\/ -->\n<title>Poczuj moc! Naci\u0105ganie liny w uprz\u0119\u017cy \u2013 nowoczesny twist klasyki<\/title>\n<meta name=\"robots\" content=\"index, follow, max-snippet:-1, max-image-preview:large, max-video-preview:-1\" \/>\n<link rel=\"canonical\" href=\"https:\/\/mistrzowieimprez.pl\/en\/product\/naciaganie-liny-w-uprzezy\/\" \/>\n<meta property=\"og:locale\" content=\"en_GB\" \/>\n<meta property=\"og:type\" content=\"article\" \/>\n<meta property=\"og:title\" content=\"Poczuj moc! Naci\u0105ganie liny w uprz\u0119\u017cy \u2013 nowoczesny twist klasyki\" \/>\n<meta property=\"og:description\" content=\"Czy jeste\u015b gotowy na test si\u0142y i ducha zespo\u0142owego? Spr\u00f3buj naszej us\u0142ugi Naci\u0105ganie liny w uprz\u0119\u017cy! To klasyczna gra, ale z nowoczesnym twistem, kt\u00f3ra zagwarantuje Ci niezapomniane emocje. Bez wzgl\u0119du na poziom si\u0142y i umiej\u0119tno\u015bci - ka\u017cdy mo\u017ce spr\u00f3bowa\u0107 swoich si\u0142. Ciesz si\u0119 zdrow\u0105 rywalizacj\u0105 i dobr\u0105 zabaw\u0105 z przyjaci\u00f3\u0142mi lub kolegami z pracy!\" \/>\n<meta property=\"og:url\" content=\"https:\/\/mistrzowieimprez.pl\/en\/product\/naciaganie-liny-w-uprzezy\/\" \/>\n<meta property=\"og:site_name\" content=\"Mistrzowie Imprez\" \/>\n<meta property=\"article:publisher\" content=\"https:\/\/www.facebook.com\/mistrzowieimprez\" \/>\n<meta property=\"article:modified_time\" content=\"2026-03-18T09:08:17+00:00\" \/>\n<meta property=\"og:image\" content=\"https:\/\/mistrzowieimprez.pl\/wp-content\/uploads\/2024\/09\/Naciaganie-liny-w-uprzezy.png\" \/>\n\t<meta property=\"og:image:width\" content=\"800\" \/>\n\t<meta property=\"og:image:height\" content=\"800\" \/>\n\t<meta property=\"og:image:type\" content=\"image\/png\" \/>\n<meta name=\"twitter:card\" content=\"summary_large_image\" \/>\n<meta name=\"twitter:label1\" content=\"Estimated reading time\" \/>\n\t<meta name=\"twitter:data1\" content=\"1 minute\" \/>\n<script type=\"application\/ld+json\" class=\"yoast-schema-graph\">{\"@context\":\"https:\\\/\\\/schema.org\",\"@graph\":[{\"@type\":\"WebPage\",\"@id\":\"https:\\\/\\\/mistrzowieimprez.pl\\\/produkt\\\/naciaganie-liny-w-uprzezy\\\/\",\"url\":\"https:\\\/\\\/mistrzowieimprez.pl\\\/produkt\\\/naciaganie-liny-w-uprzezy\\\/\",\"name\":\"Poczuj moc! Naci\u0105ganie liny w uprz\u0119\u017cy \u2013 nowoczesny twist klasyki\",\"isPartOf\":{\"@id\":\"https:\\\/\\\/mistrzowieimprez.pl\\\/#website\"},\"primaryImageOfPage\":{\"@id\":\"https:\\\/\\\/mistrzowieimprez.pl\\\/produkt\\\/naciaganie-liny-w-uprzezy\\\/#primaryimage\"},\"image\":{\"@id\":\"https:\\\/\\\/mistrzowieimprez.pl\\\/produkt\\\/naciaganie-liny-w-uprzezy\\\/#primaryimage\"},\"thumbnailUrl\":\"https:\\\/\\\/mistrzowieimprez.pl\\\/wp-content\\\/uploads\\\/2024\\\/09\\\/Naciaganie-liny-w-uprzezy.png\",\"datePublished\":\"2024-09-01T09:07:40+00:00\",\"dateModified\":\"2026-03-18T09:08:17+00:00\",\"breadcrumb\":{\"@id\":\"https:\\\/\\\/mistrzowieimprez.pl\\\/produkt\\\/naciaganie-liny-w-uprzezy\\\/#breadcrumb\"},\"inLanguage\":\"en-GB\",\"potentialAction\":[{\"@type\":\"ReadAction\",\"target\":[\"https:\\\/\\\/mistrzowieimprez.pl\\\/produkt\\\/naciaganie-liny-w-uprzezy\\\/\"]}]},{\"@type\":\"ImageObject\",\"inLanguage\":\"en-GB\",\"@id\":\"https:\\\/\\\/mistrzowieimprez.pl\\\/produkt\\\/naciaganie-liny-w-uprzezy\\\/#primaryimage\",\"url\":\"https:\\\/\\\/mistrzowieimprez.pl\\\/wp-content\\\/uploads\\\/2024\\\/09\\\/Naciaganie-liny-w-uprzezy.png\",\"contentUrl\":\"https:\\\/\\\/mistrzowieimprez.pl\\\/wp-content\\\/uploads\\\/2024\\\/09\\\/Naciaganie-liny-w-uprzezy.png\",\"width\":1000,\"height\":1000,\"caption\":\"Na zdj\u0119ciu wida\u0107 osob\u0119 uczestnicz\u0105c\u0105 w wy\u015bcigu z lin\u0105, prawdopodobnie podczas zorganizowanej imprezy plenerowej.\"},{\"@type\":\"BreadcrumbList\",\"@id\":\"https:\\\/\\\/mistrzowieimprez.pl\\\/produkt\\\/naciaganie-liny-w-uprzezy\\\/#breadcrumb\",\"itemListElement\":[{\"@type\":\"ListItem\",\"position\":1,\"name\":\"Strona g\u0142\u00f3wna\",\"item\":\"https:\\\/\\\/mistrzowieimprez.pl\\\/\"},{\"@type\":\"ListItem\",\"position\":2,\"name\":\"sklep\",\"item\":\"https:\\\/\\\/mistrzowieimprez.pl\\\/sklep\\\/\"},{\"@type\":\"ListItem\",\"position\":3,\"name\":\"Naci\u0105ganie liny w uprz\u0119\u017cy\"}]},{\"@type\":\"WebSite\",\"@id\":\"https:\\\/\\\/mistrzowieimprez.pl\\\/#website\",\"url\":\"https:\\\/\\\/mistrzowieimprez.pl\\\/\",\"name\":\"Mistrzowie Imprez\",\"description\":\"Kompleksowa organizacja imprez\",\"publisher\":{\"@id\":\"https:\\\/\\\/mistrzowieimprez.pl\\\/#organization\"},\"potentialAction\":[{\"@type\":\"SearchAction\",\"target\":{\"@type\":\"EntryPoint\",\"urlTemplate\":\"https:\\\/\\\/mistrzowieimprez.pl\\\/?s={search_term_string}\"},\"query-input\":{\"@type\":\"PropertyValueSpecification\",\"valueRequired\":true,\"valueName\":\"search_term_string\"}}],\"inLanguage\":\"en-GB\"},{\"@type\":\"Organization\",\"@id\":\"https:\\\/\\\/mistrzowieimprez.pl\\\/#organization\",\"name\":\"Mistrzowie Imprez\",\"url\":\"https:\\\/\\\/mistrzowieimprez.pl\\\/\",\"logo\":{\"@type\":\"ImageObject\",\"inLanguage\":\"en-GB\",\"@id\":\"https:\\\/\\\/mistrzowieimprez.pl\\\/#\\\/schema\\\/logo\\\/image\\\/\",\"url\":\"https:\\\/\\\/mistrzowieimprez.pl\\\/wp-content\\\/uploads\\\/2024\\\/08\\\/mistrzowie_imprez_logo_ciemne-tlo@4x.png\",\"contentUrl\":\"https:\\\/\\\/mistrzowieimprez.pl\\\/wp-content\\\/uploads\\\/2024\\\/08\\\/mistrzowie_imprez_logo_ciemne-tlo@4x.png\",\"width\":1318,\"height\":351,\"caption\":\"Mistrzowie Imprez\"},\"image\":{\"@id\":\"https:\\\/\\\/mistrzowieimprez.pl\\\/#\\\/schema\\\/logo\\\/image\\\/\"},\"sameAs\":[\"https:\\\/\\\/www.facebook.com\\\/mistrzowieimprez\",\"https:\\\/\\\/www.instagram.com\\\/mistrzowieimprez\\\/\",\"https:\\\/\\\/www.youtube.com\\\/@ytmistrzowieimprez\"]}]}<\/script>\n<!-- \/ Yoast SEO plugin. -->","yoast_head_json":{"title":"Poczuj moc! Naci\u0105ganie liny w uprz\u0119\u017cy \u2013 nowoczesny twist klasyki","robots":{"index":"index","follow":"follow","max-snippet":"max-snippet:-1","max-image-preview":"max-image-preview:large","max-video-preview":"max-video-preview:-1"},"canonical":"https:\/\/mistrzowieimprez.pl\/en\/product\/naciaganie-liny-w-uprzezy\/","og_locale":"en_GB","og_type":"article","og_title":"Poczuj moc! Naci\u0105ganie liny w uprz\u0119\u017cy \u2013 nowoczesny twist klasyki","og_description":"Czy jeste\u015b gotowy na test si\u0142y i ducha zespo\u0142owego? Spr\u00f3buj naszej us\u0142ugi Naci\u0105ganie liny w uprz\u0119\u017cy! To klasyczna gra, ale z nowoczesnym twistem, kt\u00f3ra zagwarantuje Ci niezapomniane emocje. Bez wzgl\u0119du na poziom si\u0142y i umiej\u0119tno\u015bci - ka\u017cdy mo\u017ce spr\u00f3bowa\u0107 swoich si\u0142. Ciesz si\u0119 zdrow\u0105 rywalizacj\u0105 i dobr\u0105 zabaw\u0105 z przyjaci\u00f3\u0142mi lub kolegami z pracy!","og_url":"https:\/\/mistrzowieimprez.pl\/en\/product\/naciaganie-liny-w-uprzezy\/","og_site_name":"Mistrzowie Imprez","article_publisher":"https:\/\/www.facebook.com\/mistrzowieimprez","article_modified_time":"2026-03-18T09:08:17+00:00","og_image":[{"url":"https:\/\/mistrzowieimprez.pl\/wp-content\/uploads\/2024\/09\/Naciaganie-liny-w-uprzezy.png","width":800,"height":800,"type":"image\/png"}],"twitter_card":"summary_large_image","twitter_misc":{"Estimated reading time":"1 minute"},"schema":{"@context":"https:\/\/schema.org","@graph":[{"@type":"WebPage","@id":"https:\/\/mistrzowieimprez.pl\/produkt\/naciaganie-liny-w-uprzezy\/","url":"https:\/\/mistrzowieimprez.pl\/produkt\/naciaganie-liny-w-uprzezy\/","name":"Poczuj moc! Naci\u0105ganie liny w uprz\u0119\u017cy \u2013 nowoczesny twist klasyki","isPartOf":{"@id":"https:\/\/mistrzowieimprez.pl\/#website"},"primaryImageOfPage":{"@id":"https:\/\/mistrzowieimprez.pl\/produkt\/naciaganie-liny-w-uprzezy\/#primaryimage"},"image":{"@id":"https:\/\/mistrzowieimprez.pl\/produkt\/naciaganie-liny-w-uprzezy\/#primaryimage"},"thumbnailUrl":"https:\/\/mistrzowieimprez.pl\/wp-content\/uploads\/2024\/09\/Naciaganie-liny-w-uprzezy.png","datePublished":"2024-09-01T09:07:40+00:00","dateModified":"2026-03-18T09:08:17+00:00","breadcrumb":{"@id":"https:\/\/mistrzowieimprez.pl\/produkt\/naciaganie-liny-w-uprzezy\/#breadcrumb"},"inLanguage":"en-GB","potentialAction":[{"@type":"ReadAction","target":["https:\/\/mistrzowieimprez.pl\/produkt\/naciaganie-liny-w-uprzezy\/"]}]},{"@type":"ImageObject","inLanguage":"en-GB","@id":"https:\/\/mistrzowieimprez.pl\/produkt\/naciaganie-liny-w-uprzezy\/#primaryimage","url":"https:\/\/mistrzowieimprez.pl\/wp-content\/uploads\/2024\/09\/Naciaganie-liny-w-uprzezy.png","contentUrl":"https:\/\/mistrzowieimprez.pl\/wp-content\/uploads\/2024\/09\/Naciaganie-liny-w-uprzezy.png","width":1000,"height":1000,"caption":"Na zdj\u0119ciu wida\u0107 osob\u0119 uczestnicz\u0105c\u0105 w wy\u015bcigu z lin\u0105, prawdopodobnie podczas zorganizowanej imprezy plenerowej."},{"@type":"BreadcrumbList","@id":"https:\/\/mistrzowieimprez.pl\/produkt\/naciaganie-liny-w-uprzezy\/#breadcrumb","itemListElement":[{"@type":"ListItem","position":1,"name":"Strona g\u0142\u00f3wna","item":"https:\/\/mistrzowieimprez.pl\/"},{"@type":"ListItem","position":2,"name":"sklep","item":"https:\/\/mistrzowieimprez.pl\/sklep\/"},{"@type":"ListItem","position":3,"name":"Naci\u0105ganie liny w uprz\u0119\u017cy"}]},{"@type":"WebSite","@id":"https:\/\/mistrzowieimprez.pl\/#website","url":"https:\/\/mistrzowieimprez.pl\/","name":"Mistrzowie Imprez","description":"Kompleksowa organizacja imprez","publisher":{"@id":"https:\/\/mistrzowieimprez.pl\/#organization"},"potentialAction":[{"@type":"SearchAction","target":{"@type":"EntryPoint","urlTemplate":"https:\/\/mistrzowieimprez.pl\/?s={search_term_string}"},"query-input":{"@type":"PropertyValueSpecification","valueRequired":true,"valueName":"search_term_string"}}],"inLanguage":"en-GB"},{"@type":"Organization","@id":"https:\/\/mistrzowieimprez.pl\/#organization","name":"Mistrzowie Imprez","url":"https:\/\/mistrzowieimprez.pl\/","logo":{"@type":"ImageObject","inLanguage":"en-GB","@id":"https:\/\/mistrzowieimprez.pl\/#\/schema\/logo\/image\/","url":"https:\/\/mistrzowieimprez.pl\/wp-content\/uploads\/2024\/08\/mistrzowie_imprez_logo_ciemne-tlo@4x.png","contentUrl":"https:\/\/mistrzowieimprez.pl\/wp-content\/uploads\/2024\/08\/mistrzowie_imprez_logo_ciemne-tlo@4x.png","width":1318,"height":351,"caption":"Mistrzowie Imprez"},"image":{"@id":"https:\/\/mistrzowieimprez.pl\/#\/schema\/logo\/image\/"},"sameAs":["https:\/\/www.facebook.com\/mistrzowieimprez","https:\/\/www.instagram.com\/mistrzowieimprez\/","https:\/\/www.youtube.com\/@ytmistrzowieimprez"]}]}},"_links":{"self":[{"href":"https:\/\/mistrzowieimprez.pl\/en\/wp-json\/wp\/v2\/product\/771","targetHints":{"allow":["GET"]}}],"collection":[{"href":"https:\/\/mistrzowieimprez.pl\/en\/wp-json\/wp\/v2\/product"}],"about":[{"href":"https:\/\/mistrzowieimprez.pl\/en\/wp-json\/wp\/v2\/types\/product"}],"replies":[{"embeddable":true,"href":"https:\/\/mistrzowieimprez.pl\/en\/wp-json\/wp\/v2\/comments?post=771"}],"version-history":[{"count":1,"href":"https:\/\/mistrzowieimprez.pl\/en\/wp-json\/wp\/v2\/product\/771\/revisions"}],"predecessor-version":[{"id":3576,"href":"https:\/\/mistrzowieimprez.pl\/en\/wp-json\/wp\/v2\/product\/771\/revisions\/3576"}],"wp:featuredmedia":[{"embeddable":true,"href":"https:\/\/mistrzowieimprez.pl\/en\/wp-json\/wp\/v2\/media\/1251"}],"wp:attachment":[{"href":"https:\/\/mistrzowieimprez.pl\/en\/wp-json\/wp\/v2\/media?parent=771"}],"wp:term":[{"taxonomy":"product_brand","embeddable":true,"href":"https:\/\/mistrzowieimprez.pl\/en\/wp-json\/wp\/v2\/product_brand?post=771"},{"taxonomy":"product_cat","embeddable":true,"href":"https:\/\/mistrzowieimprez.pl\/en\/wp-json\/wp\/v2\/product_cat?post=771"},{"taxonomy":"product_tag","embeddable":true,"href":"https:\/\/mistrzowieimprez.pl\/en\/wp-json\/wp\/v2\/product_tag?post=771"}],"curies":[{"name":"wp","href":"https:\/\/api.w.org\/{rel}","templated":true}]}}