{"id":770,"date":"2024-09-01T09:07:39","date_gmt":"2024-09-01T09:07:39","guid":{"rendered":"https:\/\/mistrzowieimprez.pl\/produkt\/pilkarzyki-stolowe-xxl\/"},"modified":"2026-03-18T09:07:30","modified_gmt":"2026-03-18T09:07:30","slug":"pilkarzyki-stolowe-xxl","status":"publish","type":"product","link":"https:\/\/mistrzowieimprez.pl\/en\/product\/pilkarzyki-stolowe-xxl\/","title":{"rendered":"Pi\u0142karzyki sto\u0142owe XXL"},"content":{"rendered":"<p>Zapraszamy do \u015bwiata wielkiej zabawy z naszymi pi\u0142karzykami sto\u0142owymi XXL! To nie jest zwyk\u0142a gra &#8211; to prawdziwe emocje, wy\u015bmienita zabawa i niezapomniane chwile. Idealnie pasuj\u0105 na wszelkiego rodzaju eventy, imprezy firmowe czy spotkania rodzinne.<\/p>\n<ul>\n<li>Wymiary sto\u0142u: 4 metry d\u0142ugo\u015bci x 2 metry szeroko\u015bci<\/li>\n<li>Mo\u017cliwo\u015b\u0107 gry do 8 os\u00f3b jednocze\u015bnie<\/li>\n<li>Stabilna konstrukcja gwarantuj\u0105ca bezpiecze\u0144stwo i komfort gry<\/li>\n<\/ul>\n<ul>\n<li>Podniesienie poziomu adrenaliny i zabawy na ka\u017cdej imprezie<\/li>\n<li>Mo\u017cliwo\u015b\u0107 integracji zespo\u0142u poprzez zdrow\u0105 rywalizacj\u0119<\/li>\n<li>Rozw\u00f3j umiej\u0119tno\u015bci taktycznych i strategicznych podczas gry<\/li>\n<\/ul>\n<p>Nie czekaj d\u0142u\u017cej, dodaj pi\u0142karzyki sto\u0142owe XXL do swojego zapytania ofertowego i zadbaj o niezapomniane atrakcje na swoim evencie!<\/p>","protected":false},"excerpt":{"rendered":"<p>Zapraszamy do wielkiej zabawy z naszymi pi\u0142karzykami sto\u0142owymi XXL! Idealne na wszelkiego rodzaju eventy, gry do 8 os\u00f3b jednocze\u015bnie, zapewniaj\u0105 niezapomniane emocje i doskona\u0142\u0105 integracj\u0119 zespo\u0142u.<\/p>","protected":false},"featured_media":1132,"comment_status":"closed","ping_status":"closed","template":"","meta":{"_acf_changed":false},"product_brand":[],"product_cat":[80,100,101],"product_tag":[],"class_list":{"0":"post-770","1":"product","2":"type-product","3":"status-publish","4":"has-post-thumbnail","6":"product_cat-dla-mlodziezy-i-doroslych","7":"product_cat-gry-na-imprezy","8":"product_cat-konkursy-i-zabawy","10":"first","11":"instock","12":"downloadable","13":"virtual","14":"purchasable","15":"product-type-simple"},"acf":[],"yoast_head":"<!-- This site is optimized with the Yoast SEO plugin v27.5 - https:\/\/yoast.com\/product\/yoast-seo-wordpress\/ -->\n<title>Pi\u0142karzyki XXL: rozegraj wielki mecz w 8 os\u00f3b i poczuj emocje!<\/title>\n<meta name=\"robots\" content=\"index, follow, max-snippet:-1, max-image-preview:large, max-video-preview:-1\" \/>\n<link rel=\"canonical\" href=\"https:\/\/mistrzowieimprez.pl\/en\/product\/pilkarzyki-stolowe-xxl\/\" \/>\n<meta property=\"og:locale\" content=\"en_GB\" \/>\n<meta property=\"og:type\" content=\"article\" \/>\n<meta property=\"og:title\" content=\"Pi\u0142karzyki XXL: rozegraj wielki mecz w 8 os\u00f3b i poczuj emocje!\" \/>\n<meta property=\"og:description\" content=\"Zapraszamy do wielkiej zabawy z naszymi pi\u0142karzykami sto\u0142owymi XXL! Idealne na wszelkiego rodzaju eventy, gry do 8 os\u00f3b jednocze\u015bnie, zapewniaj\u0105 niezapomniane emocje i doskona\u0142\u0105 integracj\u0119 zespo\u0142u.\" \/>\n<meta property=\"og:url\" content=\"https:\/\/mistrzowieimprez.pl\/en\/product\/pilkarzyki-stolowe-xxl\/\" \/>\n<meta property=\"og:site_name\" content=\"Mistrzowie Imprez\" \/>\n<meta property=\"article:publisher\" content=\"https:\/\/www.facebook.com\/mistrzowieimprez\" \/>\n<meta property=\"article:modified_time\" content=\"2026-03-18T09:07:30+00:00\" \/>\n<meta property=\"og:image\" content=\"https:\/\/mistrzowieimprez.pl\/wp-content\/uploads\/2024\/09\/Pilkarzyki-XXL-scaled.jpg\" \/>\n\t<meta property=\"og:image:width\" content=\"2560\" \/>\n\t<meta property=\"og:image:height\" content=\"1707\" \/>\n\t<meta property=\"og:image:type\" content=\"image\/jpeg\" \/>\n<meta name=\"twitter:card\" content=\"summary_large_image\" \/>\n<meta name=\"twitter:label1\" content=\"Estimated reading time\" \/>\n\t<meta name=\"twitter:data1\" content=\"1 minute\" \/>\n<script type=\"application\/ld+json\" class=\"yoast-schema-graph\">{\"@context\":\"https:\\\/\\\/schema.org\",\"@graph\":[{\"@type\":\"WebPage\",\"@id\":\"https:\\\/\\\/mistrzowieimprez.pl\\\/produkt\\\/pilkarzyki-stolowe-xxl\\\/\",\"url\":\"https:\\\/\\\/mistrzowieimprez.pl\\\/produkt\\\/pilkarzyki-stolowe-xxl\\\/\",\"name\":\"Pi\u0142karzyki XXL: rozegraj wielki mecz w 8 os\u00f3b i poczuj emocje!\",\"isPartOf\":{\"@id\":\"https:\\\/\\\/mistrzowieimprez.pl\\\/#website\"},\"primaryImageOfPage\":{\"@id\":\"https:\\\/\\\/mistrzowieimprez.pl\\\/produkt\\\/pilkarzyki-stolowe-xxl\\\/#primaryimage\"},\"image\":{\"@id\":\"https:\\\/\\\/mistrzowieimprez.pl\\\/produkt\\\/pilkarzyki-stolowe-xxl\\\/#primaryimage\"},\"thumbnailUrl\":\"https:\\\/\\\/mistrzowieimprez.pl\\\/wp-content\\\/uploads\\\/2024\\\/09\\\/Pilkarzyki-XXL-scaled.jpg\",\"datePublished\":\"2024-09-01T09:07:39+00:00\",\"dateModified\":\"2026-03-18T09:07:30+00:00\",\"breadcrumb\":{\"@id\":\"https:\\\/\\\/mistrzowieimprez.pl\\\/produkt\\\/pilkarzyki-stolowe-xxl\\\/#breadcrumb\"},\"inLanguage\":\"en-GB\",\"potentialAction\":[{\"@type\":\"ReadAction\",\"target\":[\"https:\\\/\\\/mistrzowieimprez.pl\\\/produkt\\\/pilkarzyki-stolowe-xxl\\\/\"]}]},{\"@type\":\"ImageObject\",\"inLanguage\":\"en-GB\",\"@id\":\"https:\\\/\\\/mistrzowieimprez.pl\\\/produkt\\\/pilkarzyki-stolowe-xxl\\\/#primaryimage\",\"url\":\"https:\\\/\\\/mistrzowieimprez.pl\\\/wp-content\\\/uploads\\\/2024\\\/09\\\/Pilkarzyki-XXL-scaled.jpg\",\"contentUrl\":\"https:\\\/\\\/mistrzowieimprez.pl\\\/wp-content\\\/uploads\\\/2024\\\/09\\\/Pilkarzyki-XXL-scaled.jpg\",\"width\":2560,\"height\":1707,\"caption\":\"Bartek D\u0119bkowski \\\/ Kreatyw! Media\"},{\"@type\":\"BreadcrumbList\",\"@id\":\"https:\\\/\\\/mistrzowieimprez.pl\\\/produkt\\\/pilkarzyki-stolowe-xxl\\\/#breadcrumb\",\"itemListElement\":[{\"@type\":\"ListItem\",\"position\":1,\"name\":\"Strona g\u0142\u00f3wna\",\"item\":\"https:\\\/\\\/mistrzowieimprez.pl\\\/\"},{\"@type\":\"ListItem\",\"position\":2,\"name\":\"sklep\",\"item\":\"https:\\\/\\\/mistrzowieimprez.pl\\\/sklep\\\/\"},{\"@type\":\"ListItem\",\"position\":3,\"name\":\"Pi\u0142karzyki sto\u0142owe XXL\"}]},{\"@type\":\"WebSite\",\"@id\":\"https:\\\/\\\/mistrzowieimprez.pl\\\/#website\",\"url\":\"https:\\\/\\\/mistrzowieimprez.pl\\\/\",\"name\":\"Mistrzowie Imprez\",\"description\":\"Kompleksowa organizacja imprez\",\"publisher\":{\"@id\":\"https:\\\/\\\/mistrzowieimprez.pl\\\/#organization\"},\"potentialAction\":[{\"@type\":\"SearchAction\",\"target\":{\"@type\":\"EntryPoint\",\"urlTemplate\":\"https:\\\/\\\/mistrzowieimprez.pl\\\/?s={search_term_string}\"},\"query-input\":{\"@type\":\"PropertyValueSpecification\",\"valueRequired\":true,\"valueName\":\"search_term_string\"}}],\"inLanguage\":\"en-GB\"},{\"@type\":\"Organization\",\"@id\":\"https:\\\/\\\/mistrzowieimprez.pl\\\/#organization\",\"name\":\"Mistrzowie Imprez\",\"url\":\"https:\\\/\\\/mistrzowieimprez.pl\\\/\",\"logo\":{\"@type\":\"ImageObject\",\"inLanguage\":\"en-GB\",\"@id\":\"https:\\\/\\\/mistrzowieimprez.pl\\\/#\\\/schema\\\/logo\\\/image\\\/\",\"url\":\"https:\\\/\\\/mistrzowieimprez.pl\\\/wp-content\\\/uploads\\\/2024\\\/08\\\/mistrzowie_imprez_logo_ciemne-tlo@4x.png\",\"contentUrl\":\"https:\\\/\\\/mistrzowieimprez.pl\\\/wp-content\\\/uploads\\\/2024\\\/08\\\/mistrzowie_imprez_logo_ciemne-tlo@4x.png\",\"width\":1318,\"height\":351,\"caption\":\"Mistrzowie Imprez\"},\"image\":{\"@id\":\"https:\\\/\\\/mistrzowieimprez.pl\\\/#\\\/schema\\\/logo\\\/image\\\/\"},\"sameAs\":[\"https:\\\/\\\/www.facebook.com\\\/mistrzowieimprez\",\"https:\\\/\\\/www.instagram.com\\\/mistrzowieimprez\\\/\",\"https:\\\/\\\/www.youtube.com\\\/@ytmistrzowieimprez\"]}]}<\/script>\n<!-- \/ Yoast SEO plugin. -->","yoast_head_json":{"title":"Pi\u0142karzyki XXL: rozegraj wielki mecz w 8 os\u00f3b i poczuj emocje!","robots":{"index":"index","follow":"follow","max-snippet":"max-snippet:-1","max-image-preview":"max-image-preview:large","max-video-preview":"max-video-preview:-1"},"canonical":"https:\/\/mistrzowieimprez.pl\/en\/product\/pilkarzyki-stolowe-xxl\/","og_locale":"en_GB","og_type":"article","og_title":"Pi\u0142karzyki XXL: rozegraj wielki mecz w 8 os\u00f3b i poczuj emocje!","og_description":"Zapraszamy do wielkiej zabawy z naszymi pi\u0142karzykami sto\u0142owymi XXL! Idealne na wszelkiego rodzaju eventy, gry do 8 os\u00f3b jednocze\u015bnie, zapewniaj\u0105 niezapomniane emocje i doskona\u0142\u0105 integracj\u0119 zespo\u0142u.","og_url":"https:\/\/mistrzowieimprez.pl\/en\/product\/pilkarzyki-stolowe-xxl\/","og_site_name":"Mistrzowie Imprez","article_publisher":"https:\/\/www.facebook.com\/mistrzowieimprez","article_modified_time":"2026-03-18T09:07:30+00:00","og_image":[{"width":2560,"height":1707,"url":"https:\/\/mistrzowieimprez.pl\/wp-content\/uploads\/2024\/09\/Pilkarzyki-XXL-scaled.jpg","type":"image\/jpeg"}],"twitter_card":"summary_large_image","twitter_misc":{"Estimated reading time":"1 minute"},"schema":{"@context":"https:\/\/schema.org","@graph":[{"@type":"WebPage","@id":"https:\/\/mistrzowieimprez.pl\/produkt\/pilkarzyki-stolowe-xxl\/","url":"https:\/\/mistrzowieimprez.pl\/produkt\/pilkarzyki-stolowe-xxl\/","name":"Pi\u0142karzyki XXL: rozegraj wielki mecz w 8 os\u00f3b i poczuj emocje!","isPartOf":{"@id":"https:\/\/mistrzowieimprez.pl\/#website"},"primaryImageOfPage":{"@id":"https:\/\/mistrzowieimprez.pl\/produkt\/pilkarzyki-stolowe-xxl\/#primaryimage"},"image":{"@id":"https:\/\/mistrzowieimprez.pl\/produkt\/pilkarzyki-stolowe-xxl\/#primaryimage"},"thumbnailUrl":"https:\/\/mistrzowieimprez.pl\/wp-content\/uploads\/2024\/09\/Pilkarzyki-XXL-scaled.jpg","datePublished":"2024-09-01T09:07:39+00:00","dateModified":"2026-03-18T09:07:30+00:00","breadcrumb":{"@id":"https:\/\/mistrzowieimprez.pl\/produkt\/pilkarzyki-stolowe-xxl\/#breadcrumb"},"inLanguage":"en-GB","potentialAction":[{"@type":"ReadAction","target":["https:\/\/mistrzowieimprez.pl\/produkt\/pilkarzyki-stolowe-xxl\/"]}]},{"@type":"ImageObject","inLanguage":"en-GB","@id":"https:\/\/mistrzowieimprez.pl\/produkt\/pilkarzyki-stolowe-xxl\/#primaryimage","url":"https:\/\/mistrzowieimprez.pl\/wp-content\/uploads\/2024\/09\/Pilkarzyki-XXL-scaled.jpg","contentUrl":"https:\/\/mistrzowieimprez.pl\/wp-content\/uploads\/2024\/09\/Pilkarzyki-XXL-scaled.jpg","width":2560,"height":1707,"caption":"Bartek D\u0119bkowski \/ Kreatyw! Media"},{"@type":"BreadcrumbList","@id":"https:\/\/mistrzowieimprez.pl\/produkt\/pilkarzyki-stolowe-xxl\/#breadcrumb","itemListElement":[{"@type":"ListItem","position":1,"name":"Strona g\u0142\u00f3wna","item":"https:\/\/mistrzowieimprez.pl\/"},{"@type":"ListItem","position":2,"name":"sklep","item":"https:\/\/mistrzowieimprez.pl\/sklep\/"},{"@type":"ListItem","position":3,"name":"Pi\u0142karzyki sto\u0142owe XXL"}]},{"@type":"WebSite","@id":"https:\/\/mistrzowieimprez.pl\/#website","url":"https:\/\/mistrzowieimprez.pl\/","name":"Mistrzowie Imprez","description":"Kompleksowa organizacja imprez","publisher":{"@id":"https:\/\/mistrzowieimprez.pl\/#organization"},"potentialAction":[{"@type":"SearchAction","target":{"@type":"EntryPoint","urlTemplate":"https:\/\/mistrzowieimprez.pl\/?s={search_term_string}"},"query-input":{"@type":"PropertyValueSpecification","valueRequired":true,"valueName":"search_term_string"}}],"inLanguage":"en-GB"},{"@type":"Organization","@id":"https:\/\/mistrzowieimprez.pl\/#organization","name":"Mistrzowie Imprez","url":"https:\/\/mistrzowieimprez.pl\/","logo":{"@type":"ImageObject","inLanguage":"en-GB","@id":"https:\/\/mistrzowieimprez.pl\/#\/schema\/logo\/image\/","url":"https:\/\/mistrzowieimprez.pl\/wp-content\/uploads\/2024\/08\/mistrzowie_imprez_logo_ciemne-tlo@4x.png","contentUrl":"https:\/\/mistrzowieimprez.pl\/wp-content\/uploads\/2024\/08\/mistrzowie_imprez_logo_ciemne-tlo@4x.png","width":1318,"height":351,"caption":"Mistrzowie Imprez"},"image":{"@id":"https:\/\/mistrzowieimprez.pl\/#\/schema\/logo\/image\/"},"sameAs":["https:\/\/www.facebook.com\/mistrzowieimprez","https:\/\/www.instagram.com\/mistrzowieimprez\/","https:\/\/www.youtube.com\/@ytmistrzowieimprez"]}]}},"_links":{"self":[{"href":"https:\/\/mistrzowieimprez.pl\/en\/wp-json\/wp\/v2\/product\/770","targetHints":{"allow":["GET"]}}],"collection":[{"href":"https:\/\/mistrzowieimprez.pl\/en\/wp-json\/wp\/v2\/product"}],"about":[{"href":"https:\/\/mistrzowieimprez.pl\/en\/wp-json\/wp\/v2\/types\/product"}],"replies":[{"embeddable":true,"href":"https:\/\/mistrzowieimprez.pl\/en\/wp-json\/wp\/v2\/comments?post=770"}],"version-history":[{"count":1,"href":"https:\/\/mistrzowieimprez.pl\/en\/wp-json\/wp\/v2\/product\/770\/revisions"}],"predecessor-version":[{"id":3574,"href":"https:\/\/mistrzowieimprez.pl\/en\/wp-json\/wp\/v2\/product\/770\/revisions\/3574"}],"wp:featuredmedia":[{"embeddable":true,"href":"https:\/\/mistrzowieimprez.pl\/en\/wp-json\/wp\/v2\/media\/1132"}],"wp:attachment":[{"href":"https:\/\/mistrzowieimprez.pl\/en\/wp-json\/wp\/v2\/media?parent=770"}],"wp:term":[{"taxonomy":"product_brand","embeddable":true,"href":"https:\/\/mistrzowieimprez.pl\/en\/wp-json\/wp\/v2\/product_brand?post=770"},{"taxonomy":"product_cat","embeddable":true,"href":"https:\/\/mistrzowieimprez.pl\/en\/wp-json\/wp\/v2\/product_cat?post=770"},{"taxonomy":"product_tag","embeddable":true,"href":"https:\/\/mistrzowieimprez.pl\/en\/wp-json\/wp\/v2\/product_tag?post=770"}],"curies":[{"name":"wp","href":"https:\/\/api.w.org\/{rel}","templated":true}]}}