{"id":767,"date":"2024-09-01T09:07:38","date_gmt":"2024-09-01T09:07:38","guid":{"rendered":"https:\/\/mistrzowieimprez.pl\/produkt\/pilowanie-bala\/"},"modified":"2026-03-18T09:07:12","modified_gmt":"2026-03-18T09:07:12","slug":"pilowanie-bala","status":"publish","type":"product","link":"https:\/\/mistrzowieimprez.pl\/en\/product\/pilowanie-bala\/","title":{"rendered":"Pi\u0142owanie Bala"},"content":{"rendered":"<p>Rozpocznij prawdziw\u0105 przygod\u0119 z naszym Pi\u0142owaniem Bala! To interaktywna gra, kt\u00f3ra sprawdzi Twoje umiej\u0119tno\u015bci, si\u0142\u0119 i zr\u0119czno\u015b\u0107. Pi\u0142owanie Bala to doskona\u0142y spos\u00f3b na dodanie ekscytacji i rywalizacji do ka\u017cdego wydarzenia, czy to festiwal, piknik firmowy, czy urodziny.<\/p>\n<ul>\n<li>Wymiary: 3m x 2m.<\/li>\n<li>Mo\u017ce pomie\u015bci\u0107 do dw\u00f3ch graczy jednocze\u015bnie.<\/li>\n<li>Wykonane z bezpiecznych i trwa\u0142ych materia\u0142\u00f3w.<\/li>\n<\/ul>\n<ul>\n<li>Zapewnia niezapomniane do\u015bwiadczenia i du\u017co \u015bmiechu.<\/li>\n<li>Stymuluje zdrow\u0105 rywalizacj\u0119 i zespo\u0142owo\u015b\u0107.<\/li>\n<li>Podnosi poziom fizycznej aktywno\u015bci i koordynacji ruchowej.<\/li>\n<\/ul>\n<p>Nie czekaj d\u0142u\u017cej! Dodaj Pi\u0142owanie Bala do swojej listy RFQ i zorganizuj wydarzenie, kt\u00f3re na d\u0142ugo zostanie w pami\u0119ci Twoich go\u015bci!<\/p>","protected":false},"excerpt":{"rendered":"<p>Rozpocznij prawdziw\u0105 przygod\u0119 z nasz\u0105 interaktywn\u0105 gr\u0105 &#8211; Pi\u0142owaniem Bala! Idealna dla festiwali, piknik\u00f3w firmowych czy urodzin, sprawdzi Twoj\u0105 si\u0142\u0119, zr\u0119czno\u015b\u0107 i umiej\u0119tno\u015bci. Zabawa dla dw\u00f3ch os\u00f3b naraz, zapewnia niezapomniane do\u015bwiadczenia i mn\u00f3stwo \u015bmiechu.<\/p>","protected":false},"featured_media":1258,"comment_status":"closed","ping_status":"closed","template":"","meta":{"_acf_changed":false},"product_brand":[],"product_cat":[80,100,101],"product_tag":[],"class_list":{"0":"post-767","1":"product","2":"type-product","3":"status-publish","4":"has-post-thumbnail","6":"product_cat-dla-mlodziezy-i-doroslych","7":"product_cat-gry-na-imprezy","8":"product_cat-konkursy-i-zabawy","10":"first","11":"instock","12":"downloadable","13":"virtual","14":"purchasable","15":"product-type-simple"},"acf":[],"yoast_head":"<!-- This site is optimized with the Yoast SEO plugin v27.5 - https:\/\/yoast.com\/product\/yoast-seo-wordpress\/ -->\n<title>Pi\u0142owanie bala: sprawd\u017a si\u0142\u0119 i zgranie zespo\u0142u w duecie!<\/title>\n<meta name=\"robots\" content=\"index, follow, max-snippet:-1, max-image-preview:large, max-video-preview:-1\" \/>\n<link rel=\"canonical\" href=\"https:\/\/mistrzowieimprez.pl\/en\/product\/pilowanie-bala\/\" \/>\n<meta property=\"og:locale\" content=\"en_GB\" \/>\n<meta property=\"og:type\" content=\"article\" \/>\n<meta property=\"og:title\" content=\"Pi\u0142owanie bala: sprawd\u017a si\u0142\u0119 i zgranie zespo\u0142u w duecie!\" \/>\n<meta property=\"og:description\" content=\"Rozpocznij prawdziw\u0105 przygod\u0119 z nasz\u0105 interaktywn\u0105 gr\u0105 - Pi\u0142owaniem Bala! Idealna dla festiwali, piknik\u00f3w firmowych czy urodzin, sprawdzi Twoj\u0105 si\u0142\u0119, zr\u0119czno\u015b\u0107 i umiej\u0119tno\u015bci. Zabawa dla dw\u00f3ch os\u00f3b naraz, zapewnia niezapomniane do\u015bwiadczenia i mn\u00f3stwo \u015bmiechu.\" \/>\n<meta property=\"og:url\" content=\"https:\/\/mistrzowieimprez.pl\/en\/product\/pilowanie-bala\/\" \/>\n<meta property=\"og:site_name\" content=\"Mistrzowie Imprez\" \/>\n<meta property=\"article:publisher\" content=\"https:\/\/www.facebook.com\/mistrzowieimprez\" \/>\n<meta property=\"article:modified_time\" content=\"2026-03-18T09:07:12+00:00\" \/>\n<meta property=\"og:image\" content=\"https:\/\/mistrzowieimprez.pl\/wp-content\/uploads\/2024\/09\/Pilowanie-Bala.png\" \/>\n\t<meta property=\"og:image:width\" content=\"800\" \/>\n\t<meta property=\"og:image:height\" content=\"800\" \/>\n\t<meta property=\"og:image:type\" content=\"image\/png\" \/>\n<meta name=\"twitter:card\" content=\"summary_large_image\" \/>\n<meta name=\"twitter:label1\" content=\"Estimated reading time\" \/>\n\t<meta name=\"twitter:data1\" content=\"1 minute\" \/>\n<script type=\"application\/ld+json\" class=\"yoast-schema-graph\">{\"@context\":\"https:\\\/\\\/schema.org\",\"@graph\":[{\"@type\":\"WebPage\",\"@id\":\"https:\\\/\\\/mistrzowieimprez.pl\\\/produkt\\\/pilowanie-bala\\\/\",\"url\":\"https:\\\/\\\/mistrzowieimprez.pl\\\/produkt\\\/pilowanie-bala\\\/\",\"name\":\"Pi\u0142owanie bala: sprawd\u017a si\u0142\u0119 i zgranie zespo\u0142u w duecie!\",\"isPartOf\":{\"@id\":\"https:\\\/\\\/mistrzowieimprez.pl\\\/#website\"},\"primaryImageOfPage\":{\"@id\":\"https:\\\/\\\/mistrzowieimprez.pl\\\/produkt\\\/pilowanie-bala\\\/#primaryimage\"},\"image\":{\"@id\":\"https:\\\/\\\/mistrzowieimprez.pl\\\/produkt\\\/pilowanie-bala\\\/#primaryimage\"},\"thumbnailUrl\":\"https:\\\/\\\/mistrzowieimprez.pl\\\/wp-content\\\/uploads\\\/2024\\\/09\\\/Pilowanie-Bala.png\",\"datePublished\":\"2024-09-01T09:07:38+00:00\",\"dateModified\":\"2026-03-18T09:07:12+00:00\",\"breadcrumb\":{\"@id\":\"https:\\\/\\\/mistrzowieimprez.pl\\\/produkt\\\/pilowanie-bala\\\/#breadcrumb\"},\"inLanguage\":\"en-GB\",\"potentialAction\":[{\"@type\":\"ReadAction\",\"target\":[\"https:\\\/\\\/mistrzowieimprez.pl\\\/produkt\\\/pilowanie-bala\\\/\"]}]},{\"@type\":\"ImageObject\",\"inLanguage\":\"en-GB\",\"@id\":\"https:\\\/\\\/mistrzowieimprez.pl\\\/produkt\\\/pilowanie-bala\\\/#primaryimage\",\"url\":\"https:\\\/\\\/mistrzowieimprez.pl\\\/wp-content\\\/uploads\\\/2024\\\/09\\\/Pilowanie-Bala.png\",\"contentUrl\":\"https:\\\/\\\/mistrzowieimprez.pl\\\/wp-content\\\/uploads\\\/2024\\\/09\\\/Pilowanie-Bala.png\",\"width\":1000,\"height\":1000,\"caption\":\"Na zdj\u0119ciu wida\u0107 fragment ci\u0119cia k\u0142ody drewna pi\u0142\u0105 r\u0119czn\u0105, co mo\u017ce by\u0107 cz\u0119\u015bci\u0105 atrakcji zwi\u0105zanej z tematyk\u0105 event\u00f3w.\"},{\"@type\":\"BreadcrumbList\",\"@id\":\"https:\\\/\\\/mistrzowieimprez.pl\\\/produkt\\\/pilowanie-bala\\\/#breadcrumb\",\"itemListElement\":[{\"@type\":\"ListItem\",\"position\":1,\"name\":\"Strona g\u0142\u00f3wna\",\"item\":\"https:\\\/\\\/mistrzowieimprez.pl\\\/\"},{\"@type\":\"ListItem\",\"position\":2,\"name\":\"sklep\",\"item\":\"https:\\\/\\\/mistrzowieimprez.pl\\\/sklep\\\/\"},{\"@type\":\"ListItem\",\"position\":3,\"name\":\"Pi\u0142owanie Bala\"}]},{\"@type\":\"WebSite\",\"@id\":\"https:\\\/\\\/mistrzowieimprez.pl\\\/#website\",\"url\":\"https:\\\/\\\/mistrzowieimprez.pl\\\/\",\"name\":\"Mistrzowie Imprez\",\"description\":\"Kompleksowa organizacja imprez\",\"publisher\":{\"@id\":\"https:\\\/\\\/mistrzowieimprez.pl\\\/#organization\"},\"potentialAction\":[{\"@type\":\"SearchAction\",\"target\":{\"@type\":\"EntryPoint\",\"urlTemplate\":\"https:\\\/\\\/mistrzowieimprez.pl\\\/?s={search_term_string}\"},\"query-input\":{\"@type\":\"PropertyValueSpecification\",\"valueRequired\":true,\"valueName\":\"search_term_string\"}}],\"inLanguage\":\"en-GB\"},{\"@type\":\"Organization\",\"@id\":\"https:\\\/\\\/mistrzowieimprez.pl\\\/#organization\",\"name\":\"Mistrzowie Imprez\",\"url\":\"https:\\\/\\\/mistrzowieimprez.pl\\\/\",\"logo\":{\"@type\":\"ImageObject\",\"inLanguage\":\"en-GB\",\"@id\":\"https:\\\/\\\/mistrzowieimprez.pl\\\/#\\\/schema\\\/logo\\\/image\\\/\",\"url\":\"https:\\\/\\\/mistrzowieimprez.pl\\\/wp-content\\\/uploads\\\/2024\\\/08\\\/mistrzowie_imprez_logo_ciemne-tlo@4x.png\",\"contentUrl\":\"https:\\\/\\\/mistrzowieimprez.pl\\\/wp-content\\\/uploads\\\/2024\\\/08\\\/mistrzowie_imprez_logo_ciemne-tlo@4x.png\",\"width\":1318,\"height\":351,\"caption\":\"Mistrzowie Imprez\"},\"image\":{\"@id\":\"https:\\\/\\\/mistrzowieimprez.pl\\\/#\\\/schema\\\/logo\\\/image\\\/\"},\"sameAs\":[\"https:\\\/\\\/www.facebook.com\\\/mistrzowieimprez\",\"https:\\\/\\\/www.instagram.com\\\/mistrzowieimprez\\\/\",\"https:\\\/\\\/www.youtube.com\\\/@ytmistrzowieimprez\"]}]}<\/script>\n<!-- \/ Yoast SEO plugin. -->","yoast_head_json":{"title":"Pi\u0142owanie bala: sprawd\u017a si\u0142\u0119 i zgranie zespo\u0142u w duecie!","robots":{"index":"index","follow":"follow","max-snippet":"max-snippet:-1","max-image-preview":"max-image-preview:large","max-video-preview":"max-video-preview:-1"},"canonical":"https:\/\/mistrzowieimprez.pl\/en\/product\/pilowanie-bala\/","og_locale":"en_GB","og_type":"article","og_title":"Pi\u0142owanie bala: sprawd\u017a si\u0142\u0119 i zgranie zespo\u0142u w duecie!","og_description":"Rozpocznij prawdziw\u0105 przygod\u0119 z nasz\u0105 interaktywn\u0105 gr\u0105 - Pi\u0142owaniem Bala! Idealna dla festiwali, piknik\u00f3w firmowych czy urodzin, sprawdzi Twoj\u0105 si\u0142\u0119, zr\u0119czno\u015b\u0107 i umiej\u0119tno\u015bci. Zabawa dla dw\u00f3ch os\u00f3b naraz, zapewnia niezapomniane do\u015bwiadczenia i mn\u00f3stwo \u015bmiechu.","og_url":"https:\/\/mistrzowieimprez.pl\/en\/product\/pilowanie-bala\/","og_site_name":"Mistrzowie Imprez","article_publisher":"https:\/\/www.facebook.com\/mistrzowieimprez","article_modified_time":"2026-03-18T09:07:12+00:00","og_image":[{"url":"https:\/\/mistrzowieimprez.pl\/wp-content\/uploads\/2024\/09\/Pilowanie-Bala.png","width":800,"height":800,"type":"image\/png"}],"twitter_card":"summary_large_image","twitter_misc":{"Estimated reading time":"1 minute"},"schema":{"@context":"https:\/\/schema.org","@graph":[{"@type":"WebPage","@id":"https:\/\/mistrzowieimprez.pl\/produkt\/pilowanie-bala\/","url":"https:\/\/mistrzowieimprez.pl\/produkt\/pilowanie-bala\/","name":"Pi\u0142owanie bala: sprawd\u017a si\u0142\u0119 i zgranie zespo\u0142u w duecie!","isPartOf":{"@id":"https:\/\/mistrzowieimprez.pl\/#website"},"primaryImageOfPage":{"@id":"https:\/\/mistrzowieimprez.pl\/produkt\/pilowanie-bala\/#primaryimage"},"image":{"@id":"https:\/\/mistrzowieimprez.pl\/produkt\/pilowanie-bala\/#primaryimage"},"thumbnailUrl":"https:\/\/mistrzowieimprez.pl\/wp-content\/uploads\/2024\/09\/Pilowanie-Bala.png","datePublished":"2024-09-01T09:07:38+00:00","dateModified":"2026-03-18T09:07:12+00:00","breadcrumb":{"@id":"https:\/\/mistrzowieimprez.pl\/produkt\/pilowanie-bala\/#breadcrumb"},"inLanguage":"en-GB","potentialAction":[{"@type":"ReadAction","target":["https:\/\/mistrzowieimprez.pl\/produkt\/pilowanie-bala\/"]}]},{"@type":"ImageObject","inLanguage":"en-GB","@id":"https:\/\/mistrzowieimprez.pl\/produkt\/pilowanie-bala\/#primaryimage","url":"https:\/\/mistrzowieimprez.pl\/wp-content\/uploads\/2024\/09\/Pilowanie-Bala.png","contentUrl":"https:\/\/mistrzowieimprez.pl\/wp-content\/uploads\/2024\/09\/Pilowanie-Bala.png","width":1000,"height":1000,"caption":"Na zdj\u0119ciu wida\u0107 fragment ci\u0119cia k\u0142ody drewna pi\u0142\u0105 r\u0119czn\u0105, co mo\u017ce by\u0107 cz\u0119\u015bci\u0105 atrakcji zwi\u0105zanej z tematyk\u0105 event\u00f3w."},{"@type":"BreadcrumbList","@id":"https:\/\/mistrzowieimprez.pl\/produkt\/pilowanie-bala\/#breadcrumb","itemListElement":[{"@type":"ListItem","position":1,"name":"Strona g\u0142\u00f3wna","item":"https:\/\/mistrzowieimprez.pl\/"},{"@type":"ListItem","position":2,"name":"sklep","item":"https:\/\/mistrzowieimprez.pl\/sklep\/"},{"@type":"ListItem","position":3,"name":"Pi\u0142owanie Bala"}]},{"@type":"WebSite","@id":"https:\/\/mistrzowieimprez.pl\/#website","url":"https:\/\/mistrzowieimprez.pl\/","name":"Mistrzowie Imprez","description":"Kompleksowa organizacja imprez","publisher":{"@id":"https:\/\/mistrzowieimprez.pl\/#organization"},"potentialAction":[{"@type":"SearchAction","target":{"@type":"EntryPoint","urlTemplate":"https:\/\/mistrzowieimprez.pl\/?s={search_term_string}"},"query-input":{"@type":"PropertyValueSpecification","valueRequired":true,"valueName":"search_term_string"}}],"inLanguage":"en-GB"},{"@type":"Organization","@id":"https:\/\/mistrzowieimprez.pl\/#organization","name":"Mistrzowie Imprez","url":"https:\/\/mistrzowieimprez.pl\/","logo":{"@type":"ImageObject","inLanguage":"en-GB","@id":"https:\/\/mistrzowieimprez.pl\/#\/schema\/logo\/image\/","url":"https:\/\/mistrzowieimprez.pl\/wp-content\/uploads\/2024\/08\/mistrzowie_imprez_logo_ciemne-tlo@4x.png","contentUrl":"https:\/\/mistrzowieimprez.pl\/wp-content\/uploads\/2024\/08\/mistrzowie_imprez_logo_ciemne-tlo@4x.png","width":1318,"height":351,"caption":"Mistrzowie Imprez"},"image":{"@id":"https:\/\/mistrzowieimprez.pl\/#\/schema\/logo\/image\/"},"sameAs":["https:\/\/www.facebook.com\/mistrzowieimprez","https:\/\/www.instagram.com\/mistrzowieimprez\/","https:\/\/www.youtube.com\/@ytmistrzowieimprez"]}]}},"_links":{"self":[{"href":"https:\/\/mistrzowieimprez.pl\/en\/wp-json\/wp\/v2\/product\/767","targetHints":{"allow":["GET"]}}],"collection":[{"href":"https:\/\/mistrzowieimprez.pl\/en\/wp-json\/wp\/v2\/product"}],"about":[{"href":"https:\/\/mistrzowieimprez.pl\/en\/wp-json\/wp\/v2\/types\/product"}],"replies":[{"embeddable":true,"href":"https:\/\/mistrzowieimprez.pl\/en\/wp-json\/wp\/v2\/comments?post=767"}],"version-history":[{"count":1,"href":"https:\/\/mistrzowieimprez.pl\/en\/wp-json\/wp\/v2\/product\/767\/revisions"}],"predecessor-version":[{"id":3573,"href":"https:\/\/mistrzowieimprez.pl\/en\/wp-json\/wp\/v2\/product\/767\/revisions\/3573"}],"wp:featuredmedia":[{"embeddable":true,"href":"https:\/\/mistrzowieimprez.pl\/en\/wp-json\/wp\/v2\/media\/1258"}],"wp:attachment":[{"href":"https:\/\/mistrzowieimprez.pl\/en\/wp-json\/wp\/v2\/media?parent=767"}],"wp:term":[{"taxonomy":"product_brand","embeddable":true,"href":"https:\/\/mistrzowieimprez.pl\/en\/wp-json\/wp\/v2\/product_brand?post=767"},{"taxonomy":"product_cat","embeddable":true,"href":"https:\/\/mistrzowieimprez.pl\/en\/wp-json\/wp\/v2\/product_cat?post=767"},{"taxonomy":"product_tag","embeddable":true,"href":"https:\/\/mistrzowieimprez.pl\/en\/wp-json\/wp\/v2\/product_tag?post=767"}],"curies":[{"name":"wp","href":"https:\/\/api.w.org\/{rel}","templated":true}]}}