{"id":765,"date":"2024-09-01T09:07:37","date_gmt":"2024-09-01T09:07:37","guid":{"rendered":"https:\/\/mistrzowieimprez.pl\/produkt\/tor-przeszkod\/"},"modified":"2026-03-18T09:06:26","modified_gmt":"2026-03-18T09:06:26","slug":"tor-przeszkod","status":"publish","type":"product","link":"https:\/\/mistrzowieimprez.pl\/en\/product\/tor-przeszkod\/","title":{"rendered":"Tor Przeszk\u00f3d"},"content":{"rendered":"<p>Zabaw si\u0119 jak nigdy dot\u0105d na naszym emocjonuj\u0105cym Torze Przeszk\u00f3d! Pe\u0142nym wyzwa\u0144, ten gigantyczny tor przeszk\u00f3d jest doskona\u0142ym dodatkiem do ka\u017cdego wydarzenia, kt\u00f3re wymaga odrobin\u0119 aktywno\u015bci i zabawy. Wspinaj si\u0119, skacz, przeciskaj przez zawieszone przeszkody i zobacz czy jeste\u015b w stanie dotrze\u0107 do ko\u0144ca!<\/p>\n<ul>\n<li>Wielko\u015b\u0107 toru przeszk\u00f3d: 30 metr\u00f3w d\u0142ugo\u015bci i 10 metr\u00f3w szeroko\u015bci<\/li>\n<li>Wytrzyma\u0142e materia\u0142y: wykonane z wysokiej jako\u015bci nylonu i winylu, zapewniaj\u0105cego bezpiecze\u0144stwo i trwa\u0142o\u015b\u0107<\/li>\n<li>Zawiera r\u00f3\u017cnego rodzaju przeszkody: tunele, \u015bcianki do wspinaczki, zje\u017cd\u017calnie i inne<\/li>\n<\/ul>\n<ul>\n<li>Poprawa kondycji fizycznej: Tor przeszk\u00f3d to \u015bwietna okazja do poprawy sprawno\u015bci fizycznej w zabawny i interaktywny spos\u00f3b<\/li>\n<li>Rozw\u00f3j umiej\u0119tno\u015bci zespo\u0142owych: Dzi\u0119ki mo\u017cliwo\u015bci rywalizacji w dru\u017cynach, uczestnicy mog\u0105 \u0107wiczy\u0107 swoje umiej\u0119tno\u015bci pracy zespo\u0142owej<\/li>\n<li>Unikalne do\u015bwiadczenie: Wspania\u0142y spos\u00f3b na dodanie troch\u0119 ekscytacji i r\u00f3\u017cnorodno\u015bci do ka\u017cdego rodzaju imprezy<\/li>\n<\/ul>\n<p>Nie czekaj, dodaj Tor Przeszk\u00f3d do swojego zapytania ofertowego ju\u017c teraz i zaskocz swoich go\u015bci niezapomnian\u0105 atrakcj\u0105!<\/p>","protected":false},"excerpt":{"rendered":"<p>Zapraszamy na niezapomniane emocje na naszym gigantycznym Torze Przeszk\u00f3d! Pe\u0142en wyzwa\u0144, zapewnia aktywno\u015b\u0107 i zabaw\u0119 na ka\u017cdym wydarzeniu. Wspinaj si\u0119, skacz, przeciskaj przez przeszkody i sprawd\u017a, czy dotrzesz do ko\u0144ca!<\/p>","protected":false},"featured_media":1291,"comment_status":"closed","ping_status":"closed","template":"","meta":{"_acf_changed":false},"product_brand":[],"product_cat":[80,100,101],"product_tag":[],"class_list":{"0":"post-765","1":"product","2":"type-product","3":"status-publish","4":"has-post-thumbnail","6":"product_cat-dla-mlodziezy-i-doroslych","7":"product_cat-gry-na-imprezy","8":"product_cat-konkursy-i-zabawy","10":"first","11":"instock","12":"downloadable","13":"virtual","14":"purchasable","15":"product-type-simple"},"acf":[],"yoast_head":"<!-- This site is optimized with the Yoast SEO plugin v27.5 - https:\/\/yoast.com\/product\/yoast-seo-wordpress\/ -->\n<title>Wyzwanie na torze przeszk\u00f3d 30x10m: wspinaj si\u0119 i wygrywaj!<\/title>\n<meta name=\"robots\" content=\"index, follow, max-snippet:-1, max-image-preview:large, max-video-preview:-1\" \/>\n<link rel=\"canonical\" href=\"https:\/\/mistrzowieimprez.pl\/en\/product\/tor-przeszkod\/\" \/>\n<meta property=\"og:locale\" content=\"en_GB\" \/>\n<meta property=\"og:type\" content=\"article\" \/>\n<meta property=\"og:title\" content=\"Wyzwanie na torze przeszk\u00f3d 30x10m: wspinaj si\u0119 i wygrywaj!\" \/>\n<meta property=\"og:description\" content=\"Zapraszamy na niezapomniane emocje na naszym gigantycznym Torze Przeszk\u00f3d! Pe\u0142en wyzwa\u0144, zapewnia aktywno\u015b\u0107 i zabaw\u0119 na ka\u017cdym wydarzeniu. Wspinaj si\u0119, skacz, przeciskaj przez przeszkody i sprawd\u017a, czy dotrzesz do ko\u0144ca!\" \/>\n<meta property=\"og:url\" content=\"https:\/\/mistrzowieimprez.pl\/en\/product\/tor-przeszkod\/\" \/>\n<meta property=\"og:site_name\" content=\"Mistrzowie Imprez\" \/>\n<meta property=\"article:publisher\" content=\"https:\/\/www.facebook.com\/mistrzowieimprez\" \/>\n<meta property=\"article:modified_time\" content=\"2026-03-18T09:06:26+00:00\" \/>\n<meta property=\"og:image\" content=\"https:\/\/mistrzowieimprez.pl\/wp-content\/uploads\/2024\/09\/Tor-Przeszkod.png\" \/>\n\t<meta property=\"og:image:width\" content=\"800\" \/>\n\t<meta property=\"og:image:height\" content=\"800\" \/>\n\t<meta property=\"og:image:type\" content=\"image\/png\" \/>\n<meta name=\"twitter:card\" content=\"summary_large_image\" \/>\n<meta name=\"twitter:label1\" content=\"Estimated reading time\" \/>\n\t<meta name=\"twitter:data1\" content=\"2 minutes\" \/>\n<script type=\"application\/ld+json\" class=\"yoast-schema-graph\">{\"@context\":\"https:\\\/\\\/schema.org\",\"@graph\":[{\"@type\":\"WebPage\",\"@id\":\"https:\\\/\\\/mistrzowieimprez.pl\\\/produkt\\\/tor-przeszkod\\\/\",\"url\":\"https:\\\/\\\/mistrzowieimprez.pl\\\/produkt\\\/tor-przeszkod\\\/\",\"name\":\"Wyzwanie na torze przeszk\u00f3d 30x10m: wspinaj si\u0119 i wygrywaj!\",\"isPartOf\":{\"@id\":\"https:\\\/\\\/mistrzowieimprez.pl\\\/#website\"},\"primaryImageOfPage\":{\"@id\":\"https:\\\/\\\/mistrzowieimprez.pl\\\/produkt\\\/tor-przeszkod\\\/#primaryimage\"},\"image\":{\"@id\":\"https:\\\/\\\/mistrzowieimprez.pl\\\/produkt\\\/tor-przeszkod\\\/#primaryimage\"},\"thumbnailUrl\":\"https:\\\/\\\/mistrzowieimprez.pl\\\/wp-content\\\/uploads\\\/2024\\\/09\\\/Tor-Przeszkod.png\",\"datePublished\":\"2024-09-01T09:07:37+00:00\",\"dateModified\":\"2026-03-18T09:06:26+00:00\",\"breadcrumb\":{\"@id\":\"https:\\\/\\\/mistrzowieimprez.pl\\\/produkt\\\/tor-przeszkod\\\/#breadcrumb\"},\"inLanguage\":\"en-GB\",\"potentialAction\":[{\"@type\":\"ReadAction\",\"target\":[\"https:\\\/\\\/mistrzowieimprez.pl\\\/produkt\\\/tor-przeszkod\\\/\"]}]},{\"@type\":\"ImageObject\",\"inLanguage\":\"en-GB\",\"@id\":\"https:\\\/\\\/mistrzowieimprez.pl\\\/produkt\\\/tor-przeszkod\\\/#primaryimage\",\"url\":\"https:\\\/\\\/mistrzowieimprez.pl\\\/wp-content\\\/uploads\\\/2024\\\/09\\\/Tor-Przeszkod.png\",\"contentUrl\":\"https:\\\/\\\/mistrzowieimprez.pl\\\/wp-content\\\/uploads\\\/2024\\\/09\\\/Tor-Przeszkod.png\",\"width\":1000,\"height\":1000,\"caption\":\"Osoba pokonuje tor przeszk\u00f3d z oponami na zewn\u0105trz, b\u0119d\u0105cy cz\u0119\u015bci\u0105 aktywno\u015bci zwi\u0105zanych z eventami organizowanymi przez Mistrz\u00f3w imprez.\"},{\"@type\":\"BreadcrumbList\",\"@id\":\"https:\\\/\\\/mistrzowieimprez.pl\\\/produkt\\\/tor-przeszkod\\\/#breadcrumb\",\"itemListElement\":[{\"@type\":\"ListItem\",\"position\":1,\"name\":\"Strona g\u0142\u00f3wna\",\"item\":\"https:\\\/\\\/mistrzowieimprez.pl\\\/\"},{\"@type\":\"ListItem\",\"position\":2,\"name\":\"sklep\",\"item\":\"https:\\\/\\\/mistrzowieimprez.pl\\\/sklep\\\/\"},{\"@type\":\"ListItem\",\"position\":3,\"name\":\"Tor Przeszk\u00f3d\"}]},{\"@type\":\"WebSite\",\"@id\":\"https:\\\/\\\/mistrzowieimprez.pl\\\/#website\",\"url\":\"https:\\\/\\\/mistrzowieimprez.pl\\\/\",\"name\":\"Mistrzowie Imprez\",\"description\":\"Kompleksowa organizacja imprez\",\"publisher\":{\"@id\":\"https:\\\/\\\/mistrzowieimprez.pl\\\/#organization\"},\"potentialAction\":[{\"@type\":\"SearchAction\",\"target\":{\"@type\":\"EntryPoint\",\"urlTemplate\":\"https:\\\/\\\/mistrzowieimprez.pl\\\/?s={search_term_string}\"},\"query-input\":{\"@type\":\"PropertyValueSpecification\",\"valueRequired\":true,\"valueName\":\"search_term_string\"}}],\"inLanguage\":\"en-GB\"},{\"@type\":\"Organization\",\"@id\":\"https:\\\/\\\/mistrzowieimprez.pl\\\/#organization\",\"name\":\"Mistrzowie Imprez\",\"url\":\"https:\\\/\\\/mistrzowieimprez.pl\\\/\",\"logo\":{\"@type\":\"ImageObject\",\"inLanguage\":\"en-GB\",\"@id\":\"https:\\\/\\\/mistrzowieimprez.pl\\\/#\\\/schema\\\/logo\\\/image\\\/\",\"url\":\"https:\\\/\\\/mistrzowieimprez.pl\\\/wp-content\\\/uploads\\\/2024\\\/08\\\/mistrzowie_imprez_logo_ciemne-tlo@4x.png\",\"contentUrl\":\"https:\\\/\\\/mistrzowieimprez.pl\\\/wp-content\\\/uploads\\\/2024\\\/08\\\/mistrzowie_imprez_logo_ciemne-tlo@4x.png\",\"width\":1318,\"height\":351,\"caption\":\"Mistrzowie Imprez\"},\"image\":{\"@id\":\"https:\\\/\\\/mistrzowieimprez.pl\\\/#\\\/schema\\\/logo\\\/image\\\/\"},\"sameAs\":[\"https:\\\/\\\/www.facebook.com\\\/mistrzowieimprez\",\"https:\\\/\\\/www.instagram.com\\\/mistrzowieimprez\\\/\",\"https:\\\/\\\/www.youtube.com\\\/@ytmistrzowieimprez\"]}]}<\/script>\n<!-- \/ Yoast SEO plugin. -->","yoast_head_json":{"title":"Wyzwanie na torze przeszk\u00f3d 30x10m: wspinaj si\u0119 i wygrywaj!","robots":{"index":"index","follow":"follow","max-snippet":"max-snippet:-1","max-image-preview":"max-image-preview:large","max-video-preview":"max-video-preview:-1"},"canonical":"https:\/\/mistrzowieimprez.pl\/en\/product\/tor-przeszkod\/","og_locale":"en_GB","og_type":"article","og_title":"Wyzwanie na torze przeszk\u00f3d 30x10m: wspinaj si\u0119 i wygrywaj!","og_description":"Zapraszamy na niezapomniane emocje na naszym gigantycznym Torze Przeszk\u00f3d! Pe\u0142en wyzwa\u0144, zapewnia aktywno\u015b\u0107 i zabaw\u0119 na ka\u017cdym wydarzeniu. Wspinaj si\u0119, skacz, przeciskaj przez przeszkody i sprawd\u017a, czy dotrzesz do ko\u0144ca!","og_url":"https:\/\/mistrzowieimprez.pl\/en\/product\/tor-przeszkod\/","og_site_name":"Mistrzowie Imprez","article_publisher":"https:\/\/www.facebook.com\/mistrzowieimprez","article_modified_time":"2026-03-18T09:06:26+00:00","og_image":[{"url":"https:\/\/mistrzowieimprez.pl\/wp-content\/uploads\/2024\/09\/Tor-Przeszkod.png","width":800,"height":800,"type":"image\/png"}],"twitter_card":"summary_large_image","twitter_misc":{"Estimated reading time":"2 minutes"},"schema":{"@context":"https:\/\/schema.org","@graph":[{"@type":"WebPage","@id":"https:\/\/mistrzowieimprez.pl\/produkt\/tor-przeszkod\/","url":"https:\/\/mistrzowieimprez.pl\/produkt\/tor-przeszkod\/","name":"Wyzwanie na torze przeszk\u00f3d 30x10m: wspinaj si\u0119 i wygrywaj!","isPartOf":{"@id":"https:\/\/mistrzowieimprez.pl\/#website"},"primaryImageOfPage":{"@id":"https:\/\/mistrzowieimprez.pl\/produkt\/tor-przeszkod\/#primaryimage"},"image":{"@id":"https:\/\/mistrzowieimprez.pl\/produkt\/tor-przeszkod\/#primaryimage"},"thumbnailUrl":"https:\/\/mistrzowieimprez.pl\/wp-content\/uploads\/2024\/09\/Tor-Przeszkod.png","datePublished":"2024-09-01T09:07:37+00:00","dateModified":"2026-03-18T09:06:26+00:00","breadcrumb":{"@id":"https:\/\/mistrzowieimprez.pl\/produkt\/tor-przeszkod\/#breadcrumb"},"inLanguage":"en-GB","potentialAction":[{"@type":"ReadAction","target":["https:\/\/mistrzowieimprez.pl\/produkt\/tor-przeszkod\/"]}]},{"@type":"ImageObject","inLanguage":"en-GB","@id":"https:\/\/mistrzowieimprez.pl\/produkt\/tor-przeszkod\/#primaryimage","url":"https:\/\/mistrzowieimprez.pl\/wp-content\/uploads\/2024\/09\/Tor-Przeszkod.png","contentUrl":"https:\/\/mistrzowieimprez.pl\/wp-content\/uploads\/2024\/09\/Tor-Przeszkod.png","width":1000,"height":1000,"caption":"Osoba pokonuje tor przeszk\u00f3d z oponami na zewn\u0105trz, b\u0119d\u0105cy cz\u0119\u015bci\u0105 aktywno\u015bci zwi\u0105zanych z eventami organizowanymi przez Mistrz\u00f3w imprez."},{"@type":"BreadcrumbList","@id":"https:\/\/mistrzowieimprez.pl\/produkt\/tor-przeszkod\/#breadcrumb","itemListElement":[{"@type":"ListItem","position":1,"name":"Strona g\u0142\u00f3wna","item":"https:\/\/mistrzowieimprez.pl\/"},{"@type":"ListItem","position":2,"name":"sklep","item":"https:\/\/mistrzowieimprez.pl\/sklep\/"},{"@type":"ListItem","position":3,"name":"Tor Przeszk\u00f3d"}]},{"@type":"WebSite","@id":"https:\/\/mistrzowieimprez.pl\/#website","url":"https:\/\/mistrzowieimprez.pl\/","name":"Mistrzowie Imprez","description":"Kompleksowa organizacja imprez","publisher":{"@id":"https:\/\/mistrzowieimprez.pl\/#organization"},"potentialAction":[{"@type":"SearchAction","target":{"@type":"EntryPoint","urlTemplate":"https:\/\/mistrzowieimprez.pl\/?s={search_term_string}"},"query-input":{"@type":"PropertyValueSpecification","valueRequired":true,"valueName":"search_term_string"}}],"inLanguage":"en-GB"},{"@type":"Organization","@id":"https:\/\/mistrzowieimprez.pl\/#organization","name":"Mistrzowie Imprez","url":"https:\/\/mistrzowieimprez.pl\/","logo":{"@type":"ImageObject","inLanguage":"en-GB","@id":"https:\/\/mistrzowieimprez.pl\/#\/schema\/logo\/image\/","url":"https:\/\/mistrzowieimprez.pl\/wp-content\/uploads\/2024\/08\/mistrzowie_imprez_logo_ciemne-tlo@4x.png","contentUrl":"https:\/\/mistrzowieimprez.pl\/wp-content\/uploads\/2024\/08\/mistrzowie_imprez_logo_ciemne-tlo@4x.png","width":1318,"height":351,"caption":"Mistrzowie Imprez"},"image":{"@id":"https:\/\/mistrzowieimprez.pl\/#\/schema\/logo\/image\/"},"sameAs":["https:\/\/www.facebook.com\/mistrzowieimprez","https:\/\/www.instagram.com\/mistrzowieimprez\/","https:\/\/www.youtube.com\/@ytmistrzowieimprez"]}]}},"_links":{"self":[{"href":"https:\/\/mistrzowieimprez.pl\/en\/wp-json\/wp\/v2\/product\/765","targetHints":{"allow":["GET"]}}],"collection":[{"href":"https:\/\/mistrzowieimprez.pl\/en\/wp-json\/wp\/v2\/product"}],"about":[{"href":"https:\/\/mistrzowieimprez.pl\/en\/wp-json\/wp\/v2\/types\/product"}],"replies":[{"embeddable":true,"href":"https:\/\/mistrzowieimprez.pl\/en\/wp-json\/wp\/v2\/comments?post=765"}],"version-history":[{"count":1,"href":"https:\/\/mistrzowieimprez.pl\/en\/wp-json\/wp\/v2\/product\/765\/revisions"}],"predecessor-version":[{"id":3571,"href":"https:\/\/mistrzowieimprez.pl\/en\/wp-json\/wp\/v2\/product\/765\/revisions\/3571"}],"wp:featuredmedia":[{"embeddable":true,"href":"https:\/\/mistrzowieimprez.pl\/en\/wp-json\/wp\/v2\/media\/1291"}],"wp:attachment":[{"href":"https:\/\/mistrzowieimprez.pl\/en\/wp-json\/wp\/v2\/media?parent=765"}],"wp:term":[{"taxonomy":"product_brand","embeddable":true,"href":"https:\/\/mistrzowieimprez.pl\/en\/wp-json\/wp\/v2\/product_brand?post=765"},{"taxonomy":"product_cat","embeddable":true,"href":"https:\/\/mistrzowieimprez.pl\/en\/wp-json\/wp\/v2\/product_cat?post=765"},{"taxonomy":"product_tag","embeddable":true,"href":"https:\/\/mistrzowieimprez.pl\/en\/wp-json\/wp\/v2\/product_tag?post=765"}],"curies":[{"name":"wp","href":"https:\/\/api.w.org\/{rel}","templated":true}]}}