{"id":764,"date":"2024-09-01T09:07:36","date_gmt":"2024-09-01T09:07:36","guid":{"rendered":"https:\/\/mistrzowieimprez.pl\/produkt\/dart-rzutki\/"},"modified":"2026-03-18T09:05:04","modified_gmt":"2026-03-18T09:05:04","slug":"dart-rzutki","status":"publish","type":"product","link":"https:\/\/mistrzowieimprez.pl\/en\/product\/dart-rzutki\/","title":{"rendered":"Dart (Rzutki)"},"content":{"rendered":"<p>Rzutki to doskona\u0142a gra zr\u0119czno\u015bciowa, kt\u00f3ra dodaje uroku ka\u017cdej imprezie. To wspania\u0142a zabawa dla os\u00f3b w r\u00f3\u017cnym wieku, niezale\u017cnie od umiej\u0119tno\u015bci. Ta interaktywna gra \u0142\u0105czy w sobie elementy rywalizacji i zespo\u0142owego ducha, sprawiaj\u0105c, \u017ce ka\u017cde wydarzenie staje si\u0119 wyj\u0105tkowym i niezapomnianym prze\u017cyciem.<\/p>\n<ul>\n<li>Wysokiej jako\u015bci sprz\u0119t do gry w rzutki<\/li>\n<li>Mo\u017cliwo\u015b\u0107 regulacji trudno\u015bci gry<\/li>\n<li>Bezpieczne dla graczy we wszystkich grupach wiekowych<\/li>\n<\/ul>\n<ul>\n<li>Przyjazne rywalizowanie, kt\u00f3re integruje grup\u0119<\/li>\n<li>Rozwija umiej\u0119tno\u015bci manualne i koncentracj\u0119<\/li>\n<li>Zabawa i emocje gwarantowane dla wszystkich uczestnik\u00f3w<\/li>\n<\/ul>\n<p>Nie czekaj! Dodaj rzutki do swojego wydarzenia ju\u017c teraz i zobacz, jak ta niesamowita gra rozpala atmosfer\u0119 na Twojej imprezie!<\/p>","protected":false},"excerpt":{"rendered":"<p>Rzutki to interaktywna gra zr\u0119czno\u015bciowa, kt\u00f3ra doda uroku ka\u017cdej imprezie. To wspania\u0142a zabawa dla os\u00f3b w r\u00f3\u017cnym wieku, \u0142\u0105czy elementy rywalizacji i zespo\u0142owego ducha. Idealna dla wydarze\u0144, kt\u00f3re ceni\u0105 przyjazn\u0105 rywalizacj\u0119 i rozwijaj\u0105 umiej\u0119tno\u015bci manualne.<\/p>","protected":false},"featured_media":1154,"comment_status":"closed","ping_status":"closed","template":"","meta":{"_acf_changed":false},"product_brand":[],"product_cat":[80,100,101],"product_tag":[],"class_list":{"0":"post-764","1":"product","2":"type-product","3":"status-publish","4":"has-post-thumbnail","6":"product_cat-dla-mlodziezy-i-doroslych","7":"product_cat-gry-na-imprezy","8":"product_cat-konkursy-i-zabawy","10":"first","11":"instock","12":"downloadable","13":"virtual","14":"purchasable","15":"product-type-simple"},"acf":[],"yoast_head":"<!-- This site is optimized with the Yoast SEO plugin v27.5 - https:\/\/yoast.com\/product\/yoast-seo-wordpress\/ -->\n<title>Turniej Darta: sprawd\u017a celno\u015b\u0107 i koncentracj\u0119 na swoim evencie<\/title>\n<meta name=\"robots\" content=\"index, follow, max-snippet:-1, max-image-preview:large, max-video-preview:-1\" \/>\n<link rel=\"canonical\" href=\"https:\/\/mistrzowieimprez.pl\/en\/product\/dart-rzutki\/\" \/>\n<meta property=\"og:locale\" content=\"en_GB\" \/>\n<meta property=\"og:type\" content=\"article\" \/>\n<meta property=\"og:title\" content=\"Turniej Darta: sprawd\u017a celno\u015b\u0107 i koncentracj\u0119 na swoim evencie\" \/>\n<meta property=\"og:description\" content=\"Rzutki to interaktywna gra zr\u0119czno\u015bciowa, kt\u00f3ra doda uroku ka\u017cdej imprezie. To wspania\u0142a zabawa dla os\u00f3b w r\u00f3\u017cnym wieku, \u0142\u0105czy elementy rywalizacji i zespo\u0142owego ducha. Idealna dla wydarze\u0144, kt\u00f3re ceni\u0105 przyjazn\u0105 rywalizacj\u0119 i rozwijaj\u0105 umiej\u0119tno\u015bci manualne.\" \/>\n<meta property=\"og:url\" content=\"https:\/\/mistrzowieimprez.pl\/en\/product\/dart-rzutki\/\" \/>\n<meta property=\"og:site_name\" content=\"Mistrzowie Imprez\" \/>\n<meta property=\"article:publisher\" content=\"https:\/\/www.facebook.com\/mistrzowieimprez\" \/>\n<meta property=\"article:modified_time\" content=\"2026-03-18T09:05:04+00:00\" \/>\n<meta property=\"og:image\" content=\"https:\/\/mistrzowieimprez.pl\/wp-content\/uploads\/2024\/09\/Darty-scaled-e1727258281191.jpg\" \/>\n\t<meta property=\"og:image:width\" content=\"1006\" \/>\n\t<meta property=\"og:image:height\" content=\"1779\" \/>\n\t<meta property=\"og:image:type\" content=\"image\/jpeg\" \/>\n<meta name=\"twitter:card\" content=\"summary_large_image\" \/>\n<meta name=\"twitter:label1\" content=\"Estimated reading time\" \/>\n\t<meta name=\"twitter:data1\" content=\"1 minute\" \/>\n<script type=\"application\/ld+json\" class=\"yoast-schema-graph\">{\"@context\":\"https:\\\/\\\/schema.org\",\"@graph\":[{\"@type\":\"WebPage\",\"@id\":\"https:\\\/\\\/mistrzowieimprez.pl\\\/produkt\\\/dart-rzutki\\\/\",\"url\":\"https:\\\/\\\/mistrzowieimprez.pl\\\/produkt\\\/dart-rzutki\\\/\",\"name\":\"Turniej Darta: sprawd\u017a celno\u015b\u0107 i koncentracj\u0119 na swoim evencie\",\"isPartOf\":{\"@id\":\"https:\\\/\\\/mistrzowieimprez.pl\\\/#website\"},\"primaryImageOfPage\":{\"@id\":\"https:\\\/\\\/mistrzowieimprez.pl\\\/produkt\\\/dart-rzutki\\\/#primaryimage\"},\"image\":{\"@id\":\"https:\\\/\\\/mistrzowieimprez.pl\\\/produkt\\\/dart-rzutki\\\/#primaryimage\"},\"thumbnailUrl\":\"https:\\\/\\\/mistrzowieimprez.pl\\\/wp-content\\\/uploads\\\/2024\\\/09\\\/Darty-scaled-e1727258281191.jpg\",\"datePublished\":\"2024-09-01T09:07:36+00:00\",\"dateModified\":\"2026-03-18T09:05:04+00:00\",\"breadcrumb\":{\"@id\":\"https:\\\/\\\/mistrzowieimprez.pl\\\/produkt\\\/dart-rzutki\\\/#breadcrumb\"},\"inLanguage\":\"en-GB\",\"potentialAction\":[{\"@type\":\"ReadAction\",\"target\":[\"https:\\\/\\\/mistrzowieimprez.pl\\\/produkt\\\/dart-rzutki\\\/\"]}]},{\"@type\":\"ImageObject\",\"inLanguage\":\"en-GB\",\"@id\":\"https:\\\/\\\/mistrzowieimprez.pl\\\/produkt\\\/dart-rzutki\\\/#primaryimage\",\"url\":\"https:\\\/\\\/mistrzowieimprez.pl\\\/wp-content\\\/uploads\\\/2024\\\/09\\\/Darty-scaled-e1727258281191.jpg\",\"contentUrl\":\"https:\\\/\\\/mistrzowieimprez.pl\\\/wp-content\\\/uploads\\\/2024\\\/09\\\/Darty-scaled-e1727258281191.jpg\",\"width\":1006,\"height\":1779,\"caption\":\"Na tej grafice wida\u0107 zestaw do gry w dart ustawiony w drewnianym wn\u0119trzu, z dekoracyjnym elementem w postaci \u0142apacza sn\u00f3w.\"},{\"@type\":\"BreadcrumbList\",\"@id\":\"https:\\\/\\\/mistrzowieimprez.pl\\\/produkt\\\/dart-rzutki\\\/#breadcrumb\",\"itemListElement\":[{\"@type\":\"ListItem\",\"position\":1,\"name\":\"Strona g\u0142\u00f3wna\",\"item\":\"https:\\\/\\\/mistrzowieimprez.pl\\\/\"},{\"@type\":\"ListItem\",\"position\":2,\"name\":\"sklep\",\"item\":\"https:\\\/\\\/mistrzowieimprez.pl\\\/sklep\\\/\"},{\"@type\":\"ListItem\",\"position\":3,\"name\":\"Dart (Rzutki)\"}]},{\"@type\":\"WebSite\",\"@id\":\"https:\\\/\\\/mistrzowieimprez.pl\\\/#website\",\"url\":\"https:\\\/\\\/mistrzowieimprez.pl\\\/\",\"name\":\"Mistrzowie Imprez\",\"description\":\"Kompleksowa organizacja imprez\",\"publisher\":{\"@id\":\"https:\\\/\\\/mistrzowieimprez.pl\\\/#organization\"},\"potentialAction\":[{\"@type\":\"SearchAction\",\"target\":{\"@type\":\"EntryPoint\",\"urlTemplate\":\"https:\\\/\\\/mistrzowieimprez.pl\\\/?s={search_term_string}\"},\"query-input\":{\"@type\":\"PropertyValueSpecification\",\"valueRequired\":true,\"valueName\":\"search_term_string\"}}],\"inLanguage\":\"en-GB\"},{\"@type\":\"Organization\",\"@id\":\"https:\\\/\\\/mistrzowieimprez.pl\\\/#organization\",\"name\":\"Mistrzowie Imprez\",\"url\":\"https:\\\/\\\/mistrzowieimprez.pl\\\/\",\"logo\":{\"@type\":\"ImageObject\",\"inLanguage\":\"en-GB\",\"@id\":\"https:\\\/\\\/mistrzowieimprez.pl\\\/#\\\/schema\\\/logo\\\/image\\\/\",\"url\":\"https:\\\/\\\/mistrzowieimprez.pl\\\/wp-content\\\/uploads\\\/2024\\\/08\\\/mistrzowie_imprez_logo_ciemne-tlo@4x.png\",\"contentUrl\":\"https:\\\/\\\/mistrzowieimprez.pl\\\/wp-content\\\/uploads\\\/2024\\\/08\\\/mistrzowie_imprez_logo_ciemne-tlo@4x.png\",\"width\":1318,\"height\":351,\"caption\":\"Mistrzowie Imprez\"},\"image\":{\"@id\":\"https:\\\/\\\/mistrzowieimprez.pl\\\/#\\\/schema\\\/logo\\\/image\\\/\"},\"sameAs\":[\"https:\\\/\\\/www.facebook.com\\\/mistrzowieimprez\",\"https:\\\/\\\/www.instagram.com\\\/mistrzowieimprez\\\/\",\"https:\\\/\\\/www.youtube.com\\\/@ytmistrzowieimprez\"]}]}<\/script>\n<!-- \/ Yoast SEO plugin. -->","yoast_head_json":{"title":"Turniej Darta: sprawd\u017a celno\u015b\u0107 i koncentracj\u0119 na swoim evencie","robots":{"index":"index","follow":"follow","max-snippet":"max-snippet:-1","max-image-preview":"max-image-preview:large","max-video-preview":"max-video-preview:-1"},"canonical":"https:\/\/mistrzowieimprez.pl\/en\/product\/dart-rzutki\/","og_locale":"en_GB","og_type":"article","og_title":"Turniej Darta: sprawd\u017a celno\u015b\u0107 i koncentracj\u0119 na swoim evencie","og_description":"Rzutki to interaktywna gra zr\u0119czno\u015bciowa, kt\u00f3ra doda uroku ka\u017cdej imprezie. To wspania\u0142a zabawa dla os\u00f3b w r\u00f3\u017cnym wieku, \u0142\u0105czy elementy rywalizacji i zespo\u0142owego ducha. Idealna dla wydarze\u0144, kt\u00f3re ceni\u0105 przyjazn\u0105 rywalizacj\u0119 i rozwijaj\u0105 umiej\u0119tno\u015bci manualne.","og_url":"https:\/\/mistrzowieimprez.pl\/en\/product\/dart-rzutki\/","og_site_name":"Mistrzowie Imprez","article_publisher":"https:\/\/www.facebook.com\/mistrzowieimprez","article_modified_time":"2026-03-18T09:05:04+00:00","og_image":[{"width":1006,"height":1779,"url":"https:\/\/mistrzowieimprez.pl\/wp-content\/uploads\/2024\/09\/Darty-scaled-e1727258281191.jpg","type":"image\/jpeg"}],"twitter_card":"summary_large_image","twitter_misc":{"Estimated reading time":"1 minute"},"schema":{"@context":"https:\/\/schema.org","@graph":[{"@type":"WebPage","@id":"https:\/\/mistrzowieimprez.pl\/produkt\/dart-rzutki\/","url":"https:\/\/mistrzowieimprez.pl\/produkt\/dart-rzutki\/","name":"Turniej Darta: sprawd\u017a celno\u015b\u0107 i koncentracj\u0119 na swoim evencie","isPartOf":{"@id":"https:\/\/mistrzowieimprez.pl\/#website"},"primaryImageOfPage":{"@id":"https:\/\/mistrzowieimprez.pl\/produkt\/dart-rzutki\/#primaryimage"},"image":{"@id":"https:\/\/mistrzowieimprez.pl\/produkt\/dart-rzutki\/#primaryimage"},"thumbnailUrl":"https:\/\/mistrzowieimprez.pl\/wp-content\/uploads\/2024\/09\/Darty-scaled-e1727258281191.jpg","datePublished":"2024-09-01T09:07:36+00:00","dateModified":"2026-03-18T09:05:04+00:00","breadcrumb":{"@id":"https:\/\/mistrzowieimprez.pl\/produkt\/dart-rzutki\/#breadcrumb"},"inLanguage":"en-GB","potentialAction":[{"@type":"ReadAction","target":["https:\/\/mistrzowieimprez.pl\/produkt\/dart-rzutki\/"]}]},{"@type":"ImageObject","inLanguage":"en-GB","@id":"https:\/\/mistrzowieimprez.pl\/produkt\/dart-rzutki\/#primaryimage","url":"https:\/\/mistrzowieimprez.pl\/wp-content\/uploads\/2024\/09\/Darty-scaled-e1727258281191.jpg","contentUrl":"https:\/\/mistrzowieimprez.pl\/wp-content\/uploads\/2024\/09\/Darty-scaled-e1727258281191.jpg","width":1006,"height":1779,"caption":"Na tej grafice wida\u0107 zestaw do gry w dart ustawiony w drewnianym wn\u0119trzu, z dekoracyjnym elementem w postaci \u0142apacza sn\u00f3w."},{"@type":"BreadcrumbList","@id":"https:\/\/mistrzowieimprez.pl\/produkt\/dart-rzutki\/#breadcrumb","itemListElement":[{"@type":"ListItem","position":1,"name":"Strona g\u0142\u00f3wna","item":"https:\/\/mistrzowieimprez.pl\/"},{"@type":"ListItem","position":2,"name":"sklep","item":"https:\/\/mistrzowieimprez.pl\/sklep\/"},{"@type":"ListItem","position":3,"name":"Dart (Rzutki)"}]},{"@type":"WebSite","@id":"https:\/\/mistrzowieimprez.pl\/#website","url":"https:\/\/mistrzowieimprez.pl\/","name":"Mistrzowie Imprez","description":"Kompleksowa organizacja imprez","publisher":{"@id":"https:\/\/mistrzowieimprez.pl\/#organization"},"potentialAction":[{"@type":"SearchAction","target":{"@type":"EntryPoint","urlTemplate":"https:\/\/mistrzowieimprez.pl\/?s={search_term_string}"},"query-input":{"@type":"PropertyValueSpecification","valueRequired":true,"valueName":"search_term_string"}}],"inLanguage":"en-GB"},{"@type":"Organization","@id":"https:\/\/mistrzowieimprez.pl\/#organization","name":"Mistrzowie Imprez","url":"https:\/\/mistrzowieimprez.pl\/","logo":{"@type":"ImageObject","inLanguage":"en-GB","@id":"https:\/\/mistrzowieimprez.pl\/#\/schema\/logo\/image\/","url":"https:\/\/mistrzowieimprez.pl\/wp-content\/uploads\/2024\/08\/mistrzowie_imprez_logo_ciemne-tlo@4x.png","contentUrl":"https:\/\/mistrzowieimprez.pl\/wp-content\/uploads\/2024\/08\/mistrzowie_imprez_logo_ciemne-tlo@4x.png","width":1318,"height":351,"caption":"Mistrzowie Imprez"},"image":{"@id":"https:\/\/mistrzowieimprez.pl\/#\/schema\/logo\/image\/"},"sameAs":["https:\/\/www.facebook.com\/mistrzowieimprez","https:\/\/www.instagram.com\/mistrzowieimprez\/","https:\/\/www.youtube.com\/@ytmistrzowieimprez"]}]}},"_links":{"self":[{"href":"https:\/\/mistrzowieimprez.pl\/en\/wp-json\/wp\/v2\/product\/764","targetHints":{"allow":["GET"]}}],"collection":[{"href":"https:\/\/mistrzowieimprez.pl\/en\/wp-json\/wp\/v2\/product"}],"about":[{"href":"https:\/\/mistrzowieimprez.pl\/en\/wp-json\/wp\/v2\/types\/product"}],"replies":[{"embeddable":true,"href":"https:\/\/mistrzowieimprez.pl\/en\/wp-json\/wp\/v2\/comments?post=764"}],"version-history":[{"count":1,"href":"https:\/\/mistrzowieimprez.pl\/en\/wp-json\/wp\/v2\/product\/764\/revisions"}],"predecessor-version":[{"id":1963,"href":"https:\/\/mistrzowieimprez.pl\/en\/wp-json\/wp\/v2\/product\/764\/revisions\/1963"}],"wp:featuredmedia":[{"embeddable":true,"href":"https:\/\/mistrzowieimprez.pl\/en\/wp-json\/wp\/v2\/media\/1154"}],"wp:attachment":[{"href":"https:\/\/mistrzowieimprez.pl\/en\/wp-json\/wp\/v2\/media?parent=764"}],"wp:term":[{"taxonomy":"product_brand","embeddable":true,"href":"https:\/\/mistrzowieimprez.pl\/en\/wp-json\/wp\/v2\/product_brand?post=764"},{"taxonomy":"product_cat","embeddable":true,"href":"https:\/\/mistrzowieimprez.pl\/en\/wp-json\/wp\/v2\/product_cat?post=764"},{"taxonomy":"product_tag","embeddable":true,"href":"https:\/\/mistrzowieimprez.pl\/en\/wp-json\/wp\/v2\/product_tag?post=764"}],"curies":[{"name":"wp","href":"https:\/\/api.w.org\/{rel}","templated":true}]}}