{"id":763,"date":"2024-09-01T09:07:36","date_gmt":"2024-09-01T09:07:36","guid":{"rendered":"https:\/\/mistrzowieimprez.pl\/produkt\/spodnie-3-osobowe\/"},"modified":"2026-03-18T09:05:31","modified_gmt":"2026-03-18T09:05:31","slug":"spodnie-3-osobowe","status":"publish","type":"product","link":"https:\/\/mistrzowieimprez.pl\/en\/product\/spodnie-3-osobowe\/","title":{"rendered":"Spodnie 3-osobowe"},"content":{"rendered":"<p>Zapraszamy do zabawy w nasze niesamowite 3-osobowe spodnie! To jedna z najzabawniejszych gier, kt\u00f3ra z pewno\u015bci\u0105 wywo\u0142a fal\u0119 \u015bmiechu na ka\u017cdym wydarzeniu. Wykorzystuj\u0105c zasad\u0119 wsp\u00f3\u0142pracy, uczestnicy musz\u0105 porusza\u0107 si\u0119 synchronicznie, aby porusza\u0107 si\u0119 naprz\u00f3d &#8211; co nie jest tak \u0142atwe, jak mo\u017ce si\u0119 wydawa\u0107!<\/p>\n<ul>\n<li>Spodnie wykonane s\u0105 z wytrzyma\u0142ego i bezpiecznego materia\u0142u<\/li>\n<li>Mog\u0105 z nich korzysta\u0107 jednocze\u015bnie trzy osoby<\/li>\n<li>Spodnie s\u0105 regulowane, wi\u0119c pasuj\u0105 do os\u00f3b w r\u00f3\u017cnym wieku i o r\u00f3\u017cnej budowie cia\u0142a<\/li>\n<\/ul>\n<ul>\n<li>Zabawa w 3-osobowe spodnie to \u015bwietny spos\u00f3b na zacie\u015bnienie wi\u0119zi i popraw\u0119 wsp\u00f3\u0142pracy w grupie<\/li>\n<li>Wzbudza wiele \u015bmiechu i pozytywnej energii<\/li>\n<li>Uczestnicy mog\u0105 poprawi\u0107 swoje umiej\u0119tno\u015bci koordynacji i r\u00f3wnowagi<\/li>\n<\/ul>\n<p>Nie czekaj! Dodaj 3-osobowe spodnie do swojego zapytania ofertowego i zaskocz swoich go\u015bci niezapomnian\u0105 zabaw\u0105!<\/p>","protected":false},"excerpt":{"rendered":"<p>Zabaw si\u0119 w nasze niesamowite 3-osobowe spodnie! Ta wyj\u0105tkowa gra, oparta na zasadzie wsp\u00f3\u0142pracy, wywo\u0142a fal\u0119 \u015bmiechu na ka\u017cdym wydarzeniu. Idealna dla os\u00f3b w r\u00f3\u017cnym wieku, gwarantuje niezapomniane chwile, pe\u0142ne pozytywnej energii i \u015bmiechu.<\/p>","protected":false},"featured_media":1278,"comment_status":"closed","ping_status":"closed","template":"","meta":{"_acf_changed":false},"product_brand":[],"product_cat":[80,100,101],"product_tag":[],"class_list":{"0":"post-763","1":"product","2":"type-product","3":"status-publish","4":"has-post-thumbnail","6":"product_cat-dla-mlodziezy-i-doroslych","7":"product_cat-gry-na-imprezy","8":"product_cat-konkursy-i-zabawy","10":"first","11":"instock","12":"downloadable","13":"virtual","14":"purchasable","15":"product-type-simple"},"acf":[],"yoast_head":"<!-- This site is optimized with the Yoast SEO plugin v27.5 - https:\/\/yoast.com\/product\/yoast-seo-wordpress\/ -->\n<title>Spodnie giganty: sprawd\u017a synchronizacj\u0119 i wywo\u0142aj salwy \u015bmiechu!<\/title>\n<meta name=\"robots\" content=\"index, follow, max-snippet:-1, max-image-preview:large, max-video-preview:-1\" \/>\n<link rel=\"canonical\" href=\"https:\/\/mistrzowieimprez.pl\/en\/product\/spodnie-3-osobowe\/\" \/>\n<meta property=\"og:locale\" content=\"en_GB\" \/>\n<meta property=\"og:type\" content=\"article\" \/>\n<meta property=\"og:title\" content=\"Spodnie giganty: sprawd\u017a synchronizacj\u0119 i wywo\u0142aj salwy \u015bmiechu!\" \/>\n<meta property=\"og:description\" content=\"Zabaw si\u0119 w nasze niesamowite 3-osobowe spodnie! Ta wyj\u0105tkowa gra, oparta na zasadzie wsp\u00f3\u0142pracy, wywo\u0142a fal\u0119 \u015bmiechu na ka\u017cdym wydarzeniu. Idealna dla os\u00f3b w r\u00f3\u017cnym wieku, gwarantuje niezapomniane chwile, pe\u0142ne pozytywnej energii i \u015bmiechu.\" \/>\n<meta property=\"og:url\" content=\"https:\/\/mistrzowieimprez.pl\/en\/product\/spodnie-3-osobowe\/\" \/>\n<meta property=\"og:site_name\" content=\"Mistrzowie Imprez\" \/>\n<meta property=\"article:publisher\" content=\"https:\/\/www.facebook.com\/mistrzowieimprez\" \/>\n<meta property=\"article:modified_time\" content=\"2026-03-18T09:05:31+00:00\" \/>\n<meta property=\"og:image\" content=\"https:\/\/mistrzowieimprez.pl\/wp-content\/uploads\/2024\/09\/Spodnie-3-osobowe.png\" \/>\n\t<meta property=\"og:image:width\" content=\"800\" \/>\n\t<meta property=\"og:image:height\" content=\"800\" \/>\n\t<meta property=\"og:image:type\" content=\"image\/png\" \/>\n<meta name=\"twitter:card\" content=\"summary_large_image\" \/>\n<meta name=\"twitter:label1\" content=\"Estimated reading time\" \/>\n\t<meta name=\"twitter:data1\" content=\"1 minute\" \/>\n<script type=\"application\/ld+json\" class=\"yoast-schema-graph\">{\"@context\":\"https:\\\/\\\/schema.org\",\"@graph\":[{\"@type\":\"WebPage\",\"@id\":\"https:\\\/\\\/mistrzowieimprez.pl\\\/produkt\\\/spodnie-3-osobowe\\\/\",\"url\":\"https:\\\/\\\/mistrzowieimprez.pl\\\/produkt\\\/spodnie-3-osobowe\\\/\",\"name\":\"Spodnie giganty: sprawd\u017a synchronizacj\u0119 i wywo\u0142aj salwy \u015bmiechu!\",\"isPartOf\":{\"@id\":\"https:\\\/\\\/mistrzowieimprez.pl\\\/#website\"},\"primaryImageOfPage\":{\"@id\":\"https:\\\/\\\/mistrzowieimprez.pl\\\/produkt\\\/spodnie-3-osobowe\\\/#primaryimage\"},\"image\":{\"@id\":\"https:\\\/\\\/mistrzowieimprez.pl\\\/produkt\\\/spodnie-3-osobowe\\\/#primaryimage\"},\"thumbnailUrl\":\"https:\\\/\\\/mistrzowieimprez.pl\\\/wp-content\\\/uploads\\\/2024\\\/09\\\/Spodnie-3-osobowe.png\",\"datePublished\":\"2024-09-01T09:07:36+00:00\",\"dateModified\":\"2026-03-18T09:05:31+00:00\",\"breadcrumb\":{\"@id\":\"https:\\\/\\\/mistrzowieimprez.pl\\\/produkt\\\/spodnie-3-osobowe\\\/#breadcrumb\"},\"inLanguage\":\"en-GB\",\"potentialAction\":[{\"@type\":\"ReadAction\",\"target\":[\"https:\\\/\\\/mistrzowieimprez.pl\\\/produkt\\\/spodnie-3-osobowe\\\/\"]}]},{\"@type\":\"ImageObject\",\"inLanguage\":\"en-GB\",\"@id\":\"https:\\\/\\\/mistrzowieimprez.pl\\\/produkt\\\/spodnie-3-osobowe\\\/#primaryimage\",\"url\":\"https:\\\/\\\/mistrzowieimprez.pl\\\/wp-content\\\/uploads\\\/2024\\\/09\\\/Spodnie-3-osobowe.png\",\"contentUrl\":\"https:\\\/\\\/mistrzowieimprez.pl\\\/wp-content\\\/uploads\\\/2024\\\/09\\\/Spodnie-3-osobowe.png\",\"width\":1000,\"height\":1000,\"caption\":\"Na zdj\u0119ciu wida\u0107 troje u\u015bmiechni\u0119tych ludzi bior\u0105cych udzia\u0142 w zabawie na \u015bwie\u017cym powietrzu, ubranych w kolorowe, wsp\u00f3lne spodnie, symbolizuj\u0105ce atrakcje organizowane przez Mistrz\u00f3w imprez.\"},{\"@type\":\"BreadcrumbList\",\"@id\":\"https:\\\/\\\/mistrzowieimprez.pl\\\/produkt\\\/spodnie-3-osobowe\\\/#breadcrumb\",\"itemListElement\":[{\"@type\":\"ListItem\",\"position\":1,\"name\":\"Strona g\u0142\u00f3wna\",\"item\":\"https:\\\/\\\/mistrzowieimprez.pl\\\/\"},{\"@type\":\"ListItem\",\"position\":2,\"name\":\"sklep\",\"item\":\"https:\\\/\\\/mistrzowieimprez.pl\\\/sklep\\\/\"},{\"@type\":\"ListItem\",\"position\":3,\"name\":\"Spodnie 3-osobowe\"}]},{\"@type\":\"WebSite\",\"@id\":\"https:\\\/\\\/mistrzowieimprez.pl\\\/#website\",\"url\":\"https:\\\/\\\/mistrzowieimprez.pl\\\/\",\"name\":\"Mistrzowie Imprez\",\"description\":\"Kompleksowa organizacja imprez\",\"publisher\":{\"@id\":\"https:\\\/\\\/mistrzowieimprez.pl\\\/#organization\"},\"potentialAction\":[{\"@type\":\"SearchAction\",\"target\":{\"@type\":\"EntryPoint\",\"urlTemplate\":\"https:\\\/\\\/mistrzowieimprez.pl\\\/?s={search_term_string}\"},\"query-input\":{\"@type\":\"PropertyValueSpecification\",\"valueRequired\":true,\"valueName\":\"search_term_string\"}}],\"inLanguage\":\"en-GB\"},{\"@type\":\"Organization\",\"@id\":\"https:\\\/\\\/mistrzowieimprez.pl\\\/#organization\",\"name\":\"Mistrzowie Imprez\",\"url\":\"https:\\\/\\\/mistrzowieimprez.pl\\\/\",\"logo\":{\"@type\":\"ImageObject\",\"inLanguage\":\"en-GB\",\"@id\":\"https:\\\/\\\/mistrzowieimprez.pl\\\/#\\\/schema\\\/logo\\\/image\\\/\",\"url\":\"https:\\\/\\\/mistrzowieimprez.pl\\\/wp-content\\\/uploads\\\/2024\\\/08\\\/mistrzowie_imprez_logo_ciemne-tlo@4x.png\",\"contentUrl\":\"https:\\\/\\\/mistrzowieimprez.pl\\\/wp-content\\\/uploads\\\/2024\\\/08\\\/mistrzowie_imprez_logo_ciemne-tlo@4x.png\",\"width\":1318,\"height\":351,\"caption\":\"Mistrzowie Imprez\"},\"image\":{\"@id\":\"https:\\\/\\\/mistrzowieimprez.pl\\\/#\\\/schema\\\/logo\\\/image\\\/\"},\"sameAs\":[\"https:\\\/\\\/www.facebook.com\\\/mistrzowieimprez\",\"https:\\\/\\\/www.instagram.com\\\/mistrzowieimprez\\\/\",\"https:\\\/\\\/www.youtube.com\\\/@ytmistrzowieimprez\"]}]}<\/script>\n<!-- \/ Yoast SEO plugin. -->","yoast_head_json":{"title":"Spodnie giganty: sprawd\u017a synchronizacj\u0119 i wywo\u0142aj salwy \u015bmiechu!","robots":{"index":"index","follow":"follow","max-snippet":"max-snippet:-1","max-image-preview":"max-image-preview:large","max-video-preview":"max-video-preview:-1"},"canonical":"https:\/\/mistrzowieimprez.pl\/en\/product\/spodnie-3-osobowe\/","og_locale":"en_GB","og_type":"article","og_title":"Spodnie giganty: sprawd\u017a synchronizacj\u0119 i wywo\u0142aj salwy \u015bmiechu!","og_description":"Zabaw si\u0119 w nasze niesamowite 3-osobowe spodnie! Ta wyj\u0105tkowa gra, oparta na zasadzie wsp\u00f3\u0142pracy, wywo\u0142a fal\u0119 \u015bmiechu na ka\u017cdym wydarzeniu. Idealna dla os\u00f3b w r\u00f3\u017cnym wieku, gwarantuje niezapomniane chwile, pe\u0142ne pozytywnej energii i \u015bmiechu.","og_url":"https:\/\/mistrzowieimprez.pl\/en\/product\/spodnie-3-osobowe\/","og_site_name":"Mistrzowie Imprez","article_publisher":"https:\/\/www.facebook.com\/mistrzowieimprez","article_modified_time":"2026-03-18T09:05:31+00:00","og_image":[{"url":"https:\/\/mistrzowieimprez.pl\/wp-content\/uploads\/2024\/09\/Spodnie-3-osobowe.png","width":800,"height":800,"type":"image\/png"}],"twitter_card":"summary_large_image","twitter_misc":{"Estimated reading time":"1 minute"},"schema":{"@context":"https:\/\/schema.org","@graph":[{"@type":"WebPage","@id":"https:\/\/mistrzowieimprez.pl\/produkt\/spodnie-3-osobowe\/","url":"https:\/\/mistrzowieimprez.pl\/produkt\/spodnie-3-osobowe\/","name":"Spodnie giganty: sprawd\u017a synchronizacj\u0119 i wywo\u0142aj salwy \u015bmiechu!","isPartOf":{"@id":"https:\/\/mistrzowieimprez.pl\/#website"},"primaryImageOfPage":{"@id":"https:\/\/mistrzowieimprez.pl\/produkt\/spodnie-3-osobowe\/#primaryimage"},"image":{"@id":"https:\/\/mistrzowieimprez.pl\/produkt\/spodnie-3-osobowe\/#primaryimage"},"thumbnailUrl":"https:\/\/mistrzowieimprez.pl\/wp-content\/uploads\/2024\/09\/Spodnie-3-osobowe.png","datePublished":"2024-09-01T09:07:36+00:00","dateModified":"2026-03-18T09:05:31+00:00","breadcrumb":{"@id":"https:\/\/mistrzowieimprez.pl\/produkt\/spodnie-3-osobowe\/#breadcrumb"},"inLanguage":"en-GB","potentialAction":[{"@type":"ReadAction","target":["https:\/\/mistrzowieimprez.pl\/produkt\/spodnie-3-osobowe\/"]}]},{"@type":"ImageObject","inLanguage":"en-GB","@id":"https:\/\/mistrzowieimprez.pl\/produkt\/spodnie-3-osobowe\/#primaryimage","url":"https:\/\/mistrzowieimprez.pl\/wp-content\/uploads\/2024\/09\/Spodnie-3-osobowe.png","contentUrl":"https:\/\/mistrzowieimprez.pl\/wp-content\/uploads\/2024\/09\/Spodnie-3-osobowe.png","width":1000,"height":1000,"caption":"Na zdj\u0119ciu wida\u0107 troje u\u015bmiechni\u0119tych ludzi bior\u0105cych udzia\u0142 w zabawie na \u015bwie\u017cym powietrzu, ubranych w kolorowe, wsp\u00f3lne spodnie, symbolizuj\u0105ce atrakcje organizowane przez Mistrz\u00f3w imprez."},{"@type":"BreadcrumbList","@id":"https:\/\/mistrzowieimprez.pl\/produkt\/spodnie-3-osobowe\/#breadcrumb","itemListElement":[{"@type":"ListItem","position":1,"name":"Strona g\u0142\u00f3wna","item":"https:\/\/mistrzowieimprez.pl\/"},{"@type":"ListItem","position":2,"name":"sklep","item":"https:\/\/mistrzowieimprez.pl\/sklep\/"},{"@type":"ListItem","position":3,"name":"Spodnie 3-osobowe"}]},{"@type":"WebSite","@id":"https:\/\/mistrzowieimprez.pl\/#website","url":"https:\/\/mistrzowieimprez.pl\/","name":"Mistrzowie Imprez","description":"Kompleksowa organizacja imprez","publisher":{"@id":"https:\/\/mistrzowieimprez.pl\/#organization"},"potentialAction":[{"@type":"SearchAction","target":{"@type":"EntryPoint","urlTemplate":"https:\/\/mistrzowieimprez.pl\/?s={search_term_string}"},"query-input":{"@type":"PropertyValueSpecification","valueRequired":true,"valueName":"search_term_string"}}],"inLanguage":"en-GB"},{"@type":"Organization","@id":"https:\/\/mistrzowieimprez.pl\/#organization","name":"Mistrzowie Imprez","url":"https:\/\/mistrzowieimprez.pl\/","logo":{"@type":"ImageObject","inLanguage":"en-GB","@id":"https:\/\/mistrzowieimprez.pl\/#\/schema\/logo\/image\/","url":"https:\/\/mistrzowieimprez.pl\/wp-content\/uploads\/2024\/08\/mistrzowie_imprez_logo_ciemne-tlo@4x.png","contentUrl":"https:\/\/mistrzowieimprez.pl\/wp-content\/uploads\/2024\/08\/mistrzowie_imprez_logo_ciemne-tlo@4x.png","width":1318,"height":351,"caption":"Mistrzowie Imprez"},"image":{"@id":"https:\/\/mistrzowieimprez.pl\/#\/schema\/logo\/image\/"},"sameAs":["https:\/\/www.facebook.com\/mistrzowieimprez","https:\/\/www.instagram.com\/mistrzowieimprez\/","https:\/\/www.youtube.com\/@ytmistrzowieimprez"]}]}},"_links":{"self":[{"href":"https:\/\/mistrzowieimprez.pl\/en\/wp-json\/wp\/v2\/product\/763","targetHints":{"allow":["GET"]}}],"collection":[{"href":"https:\/\/mistrzowieimprez.pl\/en\/wp-json\/wp\/v2\/product"}],"about":[{"href":"https:\/\/mistrzowieimprez.pl\/en\/wp-json\/wp\/v2\/types\/product"}],"replies":[{"embeddable":true,"href":"https:\/\/mistrzowieimprez.pl\/en\/wp-json\/wp\/v2\/comments?post=763"}],"version-history":[{"count":1,"href":"https:\/\/mistrzowieimprez.pl\/en\/wp-json\/wp\/v2\/product\/763\/revisions"}],"predecessor-version":[{"id":3569,"href":"https:\/\/mistrzowieimprez.pl\/en\/wp-json\/wp\/v2\/product\/763\/revisions\/3569"}],"wp:featuredmedia":[{"embeddable":true,"href":"https:\/\/mistrzowieimprez.pl\/en\/wp-json\/wp\/v2\/media\/1278"}],"wp:attachment":[{"href":"https:\/\/mistrzowieimprez.pl\/en\/wp-json\/wp\/v2\/media?parent=763"}],"wp:term":[{"taxonomy":"product_brand","embeddable":true,"href":"https:\/\/mistrzowieimprez.pl\/en\/wp-json\/wp\/v2\/product_brand?post=763"},{"taxonomy":"product_cat","embeddable":true,"href":"https:\/\/mistrzowieimprez.pl\/en\/wp-json\/wp\/v2\/product_cat?post=763"},{"taxonomy":"product_tag","embeddable":true,"href":"https:\/\/mistrzowieimprez.pl\/en\/wp-json\/wp\/v2\/product_tag?post=763"}],"curies":[{"name":"wp","href":"https:\/\/api.w.org\/{rel}","templated":true}]}}