{"id":761,"date":"2024-09-01T09:07:35","date_gmt":"2024-09-01T09:07:35","guid":{"rendered":"https:\/\/mistrzowieimprez.pl\/produkt\/kasyno-poker-ruletka-blackjack\/"},"modified":"2026-03-18T09:04:12","modified_gmt":"2026-03-18T09:04:12","slug":"kasyno-poker-ruletka-blackjack","status":"publish","type":"product","link":"https:\/\/mistrzowieimprez.pl\/en\/product\/kasyno-poker-ruletka-blackjack\/","title":{"rendered":"Kasyno &#8211; Poker, Ruletka, Blackjack"},"content":{"rendered":"<p>Zabierz swoich go\u015bci w podr\u00f3\u017c do Las Vegas bez wychodzenia z domu z naszym mobilnym kasynem! Nasza us\u0142uga kasyno zawiera gry takie jak Poker, Ruletka, i Blackjack. To idealne rozwi\u0105zanie dla os\u00f3b poszukuj\u0105cych oryginalnej zabawy na imprezach, eventach firmowych czy wieczorach kawalerskich.<\/p>\n<ul>\n<li>Profesjonalne sto\u0142y do gier ze wszystkimi potrzebnymi akcesoriami<\/li>\n<li>Dost\u0119pne r\u00f3\u017cne gry: Poker, Ruletka, Blackjack<\/li>\n<li>Obs\u0142uga przez do\u015bwiadczonych krupier\u00f3w<\/li>\n<\/ul>\n<ul>\n<li>Niesamowite wra\u017cenia jak w prawdziwym kasynie<\/li>\n<li>Podniesienie poziomu adrenaliny i emocji podczas imprezy<\/li>\n<li>\u015awietna okazja do nauki gier kasynowych w przyjaznej atmosferze<\/li>\n<\/ul>\n<p>Nie czekaj! Wprowad\u017a troch\u0119 blasku Las Vegas na swoj\u0105 imprez\u0119 ju\u017c dzi\u015b. Dodaj nasze mobilne kasyno do swojego zapytania o wycen\u0119!<\/p>","protected":false},"excerpt":{"rendered":"<p>Zapraszamy do wirtualnej podr\u00f3\u017cy do Las Vegas z naszym mobilnym kasynem! Oferujemy emocjonuj\u0105ce gry takie jak Poker, Ruletka i Blackjack. Idealne rozwi\u0105zanie dla tych, kt\u00f3rzy szukaj\u0105 oryginalnej zabawy na imprezach.<\/p>","protected":false},"featured_media":1211,"comment_status":"closed","ping_status":"closed","template":"","meta":{"_acf_changed":false},"product_brand":[],"product_cat":[80,100,101],"product_tag":[],"class_list":{"0":"post-761","1":"product","2":"type-product","3":"status-publish","4":"has-post-thumbnail","6":"product_cat-dla-mlodziezy-i-doroslych","7":"product_cat-gry-na-imprezy","8":"product_cat-konkursy-i-zabawy","10":"first","11":"instock","12":"downloadable","13":"virtual","14":"purchasable","15":"product-type-simple"},"acf":[],"yoast_head":"<!-- This site is optimized with the Yoast SEO plugin v27.5 - https:\/\/yoast.com\/product\/yoast-seo-wordpress\/ -->\n<title>Mobilne kasyno: poczuj klimat Las Vegas na swoim evencie<\/title>\n<meta name=\"robots\" content=\"index, follow, max-snippet:-1, max-image-preview:large, max-video-preview:-1\" \/>\n<link rel=\"canonical\" href=\"https:\/\/mistrzowieimprez.pl\/en\/product\/kasyno-poker-ruletka-blackjack\/\" \/>\n<meta property=\"og:locale\" content=\"en_GB\" \/>\n<meta property=\"og:type\" content=\"article\" \/>\n<meta property=\"og:title\" content=\"Mobilne kasyno: poczuj klimat Las Vegas na swoim evencie\" \/>\n<meta property=\"og:description\" content=\"Zapraszamy do wirtualnej podr\u00f3\u017cy do Las Vegas z naszym mobilnym kasynem! Oferujemy emocjonuj\u0105ce gry takie jak Poker, Ruletka i Blackjack. Idealne rozwi\u0105zanie dla tych, kt\u00f3rzy szukaj\u0105 oryginalnej zabawy na imprezach.\" \/>\n<meta property=\"og:url\" content=\"https:\/\/mistrzowieimprez.pl\/en\/product\/kasyno-poker-ruletka-blackjack\/\" \/>\n<meta property=\"og:site_name\" content=\"Mistrzowie Imprez\" \/>\n<meta property=\"article:publisher\" content=\"https:\/\/www.facebook.com\/mistrzowieimprez\" \/>\n<meta property=\"article:modified_time\" content=\"2026-03-18T09:04:12+00:00\" \/>\n<meta property=\"og:image\" content=\"https:\/\/mistrzowieimprez.pl\/wp-content\/uploads\/2024\/09\/Kasyno-\u2013-Poker-Ruletka-Blackjack.png\" \/>\n\t<meta property=\"og:image:width\" content=\"800\" \/>\n\t<meta property=\"og:image:height\" content=\"800\" \/>\n\t<meta property=\"og:image:type\" content=\"image\/png\" \/>\n<meta name=\"twitter:card\" content=\"summary_large_image\" \/>\n<meta name=\"twitter:label1\" content=\"Estimated reading time\" \/>\n\t<meta name=\"twitter:data1\" content=\"1 minute\" \/>\n<script type=\"application\/ld+json\" class=\"yoast-schema-graph\">{\"@context\":\"https:\\\/\\\/schema.org\",\"@graph\":[{\"@type\":\"WebPage\",\"@id\":\"https:\\\/\\\/mistrzowieimprez.pl\\\/produkt\\\/kasyno-poker-ruletka-blackjack\\\/\",\"url\":\"https:\\\/\\\/mistrzowieimprez.pl\\\/produkt\\\/kasyno-poker-ruletka-blackjack\\\/\",\"name\":\"Mobilne kasyno: poczuj klimat Las Vegas na swoim evencie\",\"isPartOf\":{\"@id\":\"https:\\\/\\\/mistrzowieimprez.pl\\\/#website\"},\"primaryImageOfPage\":{\"@id\":\"https:\\\/\\\/mistrzowieimprez.pl\\\/produkt\\\/kasyno-poker-ruletka-blackjack\\\/#primaryimage\"},\"image\":{\"@id\":\"https:\\\/\\\/mistrzowieimprez.pl\\\/produkt\\\/kasyno-poker-ruletka-blackjack\\\/#primaryimage\"},\"thumbnailUrl\":\"https:\\\/\\\/mistrzowieimprez.pl\\\/wp-content\\\/uploads\\\/2024\\\/09\\\/Kasyno-\u2013-Poker-Ruletka-Blackjack.png\",\"datePublished\":\"2024-09-01T09:07:35+00:00\",\"dateModified\":\"2026-03-18T09:04:12+00:00\",\"breadcrumb\":{\"@id\":\"https:\\\/\\\/mistrzowieimprez.pl\\\/produkt\\\/kasyno-poker-ruletka-blackjack\\\/#breadcrumb\"},\"inLanguage\":\"en-GB\",\"potentialAction\":[{\"@type\":\"ReadAction\",\"target\":[\"https:\\\/\\\/mistrzowieimprez.pl\\\/produkt\\\/kasyno-poker-ruletka-blackjack\\\/\"]}]},{\"@type\":\"ImageObject\",\"inLanguage\":\"en-GB\",\"@id\":\"https:\\\/\\\/mistrzowieimprez.pl\\\/produkt\\\/kasyno-poker-ruletka-blackjack\\\/#primaryimage\",\"url\":\"https:\\\/\\\/mistrzowieimprez.pl\\\/wp-content\\\/uploads\\\/2024\\\/09\\\/Kasyno-\u2013-Poker-Ruletka-Blackjack.png\",\"contentUrl\":\"https:\\\/\\\/mistrzowieimprez.pl\\\/wp-content\\\/uploads\\\/2024\\\/09\\\/Kasyno-\u2013-Poker-Ruletka-Blackjack.png\",\"width\":1000,\"height\":1000,\"caption\":\"Na zdj\u0119ciu widzimy trzech m\u0119\u017cczyzn przebranych za pirat\u00f3w, siedz\u0105cych przy stole do gry, prawdopodobnie w trakcie tematycznego eventu organizowanego przez Mistrz\u00f3w Imprez.\"},{\"@type\":\"BreadcrumbList\",\"@id\":\"https:\\\/\\\/mistrzowieimprez.pl\\\/produkt\\\/kasyno-poker-ruletka-blackjack\\\/#breadcrumb\",\"itemListElement\":[{\"@type\":\"ListItem\",\"position\":1,\"name\":\"Strona g\u0142\u00f3wna\",\"item\":\"https:\\\/\\\/mistrzowieimprez.pl\\\/\"},{\"@type\":\"ListItem\",\"position\":2,\"name\":\"sklep\",\"item\":\"https:\\\/\\\/mistrzowieimprez.pl\\\/sklep\\\/\"},{\"@type\":\"ListItem\",\"position\":3,\"name\":\"Kasyno &#8211; Poker, Ruletka, Blackjack\"}]},{\"@type\":\"WebSite\",\"@id\":\"https:\\\/\\\/mistrzowieimprez.pl\\\/#website\",\"url\":\"https:\\\/\\\/mistrzowieimprez.pl\\\/\",\"name\":\"Mistrzowie Imprez\",\"description\":\"Kompleksowa organizacja imprez\",\"publisher\":{\"@id\":\"https:\\\/\\\/mistrzowieimprez.pl\\\/#organization\"},\"potentialAction\":[{\"@type\":\"SearchAction\",\"target\":{\"@type\":\"EntryPoint\",\"urlTemplate\":\"https:\\\/\\\/mistrzowieimprez.pl\\\/?s={search_term_string}\"},\"query-input\":{\"@type\":\"PropertyValueSpecification\",\"valueRequired\":true,\"valueName\":\"search_term_string\"}}],\"inLanguage\":\"en-GB\"},{\"@type\":\"Organization\",\"@id\":\"https:\\\/\\\/mistrzowieimprez.pl\\\/#organization\",\"name\":\"Mistrzowie Imprez\",\"url\":\"https:\\\/\\\/mistrzowieimprez.pl\\\/\",\"logo\":{\"@type\":\"ImageObject\",\"inLanguage\":\"en-GB\",\"@id\":\"https:\\\/\\\/mistrzowieimprez.pl\\\/#\\\/schema\\\/logo\\\/image\\\/\",\"url\":\"https:\\\/\\\/mistrzowieimprez.pl\\\/wp-content\\\/uploads\\\/2024\\\/08\\\/mistrzowie_imprez_logo_ciemne-tlo@4x.png\",\"contentUrl\":\"https:\\\/\\\/mistrzowieimprez.pl\\\/wp-content\\\/uploads\\\/2024\\\/08\\\/mistrzowie_imprez_logo_ciemne-tlo@4x.png\",\"width\":1318,\"height\":351,\"caption\":\"Mistrzowie Imprez\"},\"image\":{\"@id\":\"https:\\\/\\\/mistrzowieimprez.pl\\\/#\\\/schema\\\/logo\\\/image\\\/\"},\"sameAs\":[\"https:\\\/\\\/www.facebook.com\\\/mistrzowieimprez\",\"https:\\\/\\\/www.instagram.com\\\/mistrzowieimprez\\\/\",\"https:\\\/\\\/www.youtube.com\\\/@ytmistrzowieimprez\"]}]}<\/script>\n<!-- \/ Yoast SEO plugin. -->","yoast_head_json":{"title":"Mobilne kasyno: poczuj klimat Las Vegas na swoim evencie","robots":{"index":"index","follow":"follow","max-snippet":"max-snippet:-1","max-image-preview":"max-image-preview:large","max-video-preview":"max-video-preview:-1"},"canonical":"https:\/\/mistrzowieimprez.pl\/en\/product\/kasyno-poker-ruletka-blackjack\/","og_locale":"en_GB","og_type":"article","og_title":"Mobilne kasyno: poczuj klimat Las Vegas na swoim evencie","og_description":"Zapraszamy do wirtualnej podr\u00f3\u017cy do Las Vegas z naszym mobilnym kasynem! Oferujemy emocjonuj\u0105ce gry takie jak Poker, Ruletka i Blackjack. Idealne rozwi\u0105zanie dla tych, kt\u00f3rzy szukaj\u0105 oryginalnej zabawy na imprezach.","og_url":"https:\/\/mistrzowieimprez.pl\/en\/product\/kasyno-poker-ruletka-blackjack\/","og_site_name":"Mistrzowie Imprez","article_publisher":"https:\/\/www.facebook.com\/mistrzowieimprez","article_modified_time":"2026-03-18T09:04:12+00:00","og_image":[{"url":"https:\/\/mistrzowieimprez.pl\/wp-content\/uploads\/2024\/09\/Kasyno-\u2013-Poker-Ruletka-Blackjack.png","width":800,"height":800,"type":"image\/png"}],"twitter_card":"summary_large_image","twitter_misc":{"Estimated reading time":"1 minute"},"schema":{"@context":"https:\/\/schema.org","@graph":[{"@type":"WebPage","@id":"https:\/\/mistrzowieimprez.pl\/produkt\/kasyno-poker-ruletka-blackjack\/","url":"https:\/\/mistrzowieimprez.pl\/produkt\/kasyno-poker-ruletka-blackjack\/","name":"Mobilne kasyno: poczuj klimat Las Vegas na swoim evencie","isPartOf":{"@id":"https:\/\/mistrzowieimprez.pl\/#website"},"primaryImageOfPage":{"@id":"https:\/\/mistrzowieimprez.pl\/produkt\/kasyno-poker-ruletka-blackjack\/#primaryimage"},"image":{"@id":"https:\/\/mistrzowieimprez.pl\/produkt\/kasyno-poker-ruletka-blackjack\/#primaryimage"},"thumbnailUrl":"https:\/\/mistrzowieimprez.pl\/wp-content\/uploads\/2024\/09\/Kasyno-\u2013-Poker-Ruletka-Blackjack.png","datePublished":"2024-09-01T09:07:35+00:00","dateModified":"2026-03-18T09:04:12+00:00","breadcrumb":{"@id":"https:\/\/mistrzowieimprez.pl\/produkt\/kasyno-poker-ruletka-blackjack\/#breadcrumb"},"inLanguage":"en-GB","potentialAction":[{"@type":"ReadAction","target":["https:\/\/mistrzowieimprez.pl\/produkt\/kasyno-poker-ruletka-blackjack\/"]}]},{"@type":"ImageObject","inLanguage":"en-GB","@id":"https:\/\/mistrzowieimprez.pl\/produkt\/kasyno-poker-ruletka-blackjack\/#primaryimage","url":"https:\/\/mistrzowieimprez.pl\/wp-content\/uploads\/2024\/09\/Kasyno-\u2013-Poker-Ruletka-Blackjack.png","contentUrl":"https:\/\/mistrzowieimprez.pl\/wp-content\/uploads\/2024\/09\/Kasyno-\u2013-Poker-Ruletka-Blackjack.png","width":1000,"height":1000,"caption":"Na zdj\u0119ciu widzimy trzech m\u0119\u017cczyzn przebranych za pirat\u00f3w, siedz\u0105cych przy stole do gry, prawdopodobnie w trakcie tematycznego eventu organizowanego przez Mistrz\u00f3w Imprez."},{"@type":"BreadcrumbList","@id":"https:\/\/mistrzowieimprez.pl\/produkt\/kasyno-poker-ruletka-blackjack\/#breadcrumb","itemListElement":[{"@type":"ListItem","position":1,"name":"Strona g\u0142\u00f3wna","item":"https:\/\/mistrzowieimprez.pl\/"},{"@type":"ListItem","position":2,"name":"sklep","item":"https:\/\/mistrzowieimprez.pl\/sklep\/"},{"@type":"ListItem","position":3,"name":"Kasyno &#8211; Poker, Ruletka, Blackjack"}]},{"@type":"WebSite","@id":"https:\/\/mistrzowieimprez.pl\/#website","url":"https:\/\/mistrzowieimprez.pl\/","name":"Mistrzowie Imprez","description":"Kompleksowa organizacja imprez","publisher":{"@id":"https:\/\/mistrzowieimprez.pl\/#organization"},"potentialAction":[{"@type":"SearchAction","target":{"@type":"EntryPoint","urlTemplate":"https:\/\/mistrzowieimprez.pl\/?s={search_term_string}"},"query-input":{"@type":"PropertyValueSpecification","valueRequired":true,"valueName":"search_term_string"}}],"inLanguage":"en-GB"},{"@type":"Organization","@id":"https:\/\/mistrzowieimprez.pl\/#organization","name":"Mistrzowie Imprez","url":"https:\/\/mistrzowieimprez.pl\/","logo":{"@type":"ImageObject","inLanguage":"en-GB","@id":"https:\/\/mistrzowieimprez.pl\/#\/schema\/logo\/image\/","url":"https:\/\/mistrzowieimprez.pl\/wp-content\/uploads\/2024\/08\/mistrzowie_imprez_logo_ciemne-tlo@4x.png","contentUrl":"https:\/\/mistrzowieimprez.pl\/wp-content\/uploads\/2024\/08\/mistrzowie_imprez_logo_ciemne-tlo@4x.png","width":1318,"height":351,"caption":"Mistrzowie Imprez"},"image":{"@id":"https:\/\/mistrzowieimprez.pl\/#\/schema\/logo\/image\/"},"sameAs":["https:\/\/www.facebook.com\/mistrzowieimprez","https:\/\/www.instagram.com\/mistrzowieimprez\/","https:\/\/www.youtube.com\/@ytmistrzowieimprez"]}]}},"_links":{"self":[{"href":"https:\/\/mistrzowieimprez.pl\/en\/wp-json\/wp\/v2\/product\/761","targetHints":{"allow":["GET"]}}],"collection":[{"href":"https:\/\/mistrzowieimprez.pl\/en\/wp-json\/wp\/v2\/product"}],"about":[{"href":"https:\/\/mistrzowieimprez.pl\/en\/wp-json\/wp\/v2\/types\/product"}],"replies":[{"embeddable":true,"href":"https:\/\/mistrzowieimprez.pl\/en\/wp-json\/wp\/v2\/comments?post=761"}],"version-history":[{"count":1,"href":"https:\/\/mistrzowieimprez.pl\/en\/wp-json\/wp\/v2\/product\/761\/revisions"}],"predecessor-version":[{"id":3567,"href":"https:\/\/mistrzowieimprez.pl\/en\/wp-json\/wp\/v2\/product\/761\/revisions\/3567"}],"wp:featuredmedia":[{"embeddable":true,"href":"https:\/\/mistrzowieimprez.pl\/en\/wp-json\/wp\/v2\/media\/1211"}],"wp:attachment":[{"href":"https:\/\/mistrzowieimprez.pl\/en\/wp-json\/wp\/v2\/media?parent=761"}],"wp:term":[{"taxonomy":"product_brand","embeddable":true,"href":"https:\/\/mistrzowieimprez.pl\/en\/wp-json\/wp\/v2\/product_brand?post=761"},{"taxonomy":"product_cat","embeddable":true,"href":"https:\/\/mistrzowieimprez.pl\/en\/wp-json\/wp\/v2\/product_cat?post=761"},{"taxonomy":"product_tag","embeddable":true,"href":"https:\/\/mistrzowieimprez.pl\/en\/wp-json\/wp\/v2\/product_tag?post=761"}],"curies":[{"name":"wp","href":"https:\/\/api.w.org\/{rel}","templated":true}]}}