{"id":760,"date":"2024-09-01T09:07:35","date_gmt":"2024-09-01T09:07:35","guid":{"rendered":"https:\/\/mistrzowieimprez.pl\/produkt\/alkogogle\/"},"modified":"2026-03-18T09:03:37","modified_gmt":"2026-03-18T09:03:37","slug":"alkogogle","status":"publish","type":"product","link":"https:\/\/mistrzowieimprez.pl\/en\/product\/alkogogle\/","title":{"rendered":"Alkogogle"},"content":{"rendered":"<p>Do\u015bwiadcz niezwyk\u0142ej zabawy z naszymi Alkogoglami! To unikalne okulary symuluj\u0105ce stan po spo\u017cyciu alkoholu, kt\u00f3re zapewni\u0105 Ci i Twoim go\u015bciom niezapomnian\u0105, a przede wszystkim bezpieczn\u0105 rozrywk\u0119. Idealne na imprezy, eventy czy integracyjne spotkania, na kt\u00f3rych chcesz dostarczy\u0107 uczestnikom nie tylko \u015bwietnej zabawy, ale tak\u017ce przekaza\u0107 wa\u017cn\u0105 lekcj\u0119 o bezpiecze\u0144stwie na drogach.<\/p>\n<ul>\n<li>Okulary symuluj\u0105ce stan upojenia alkoholowego<\/li>\n<li>Mo\u017cliwo\u015b\u0107 przeprowadzenia r\u00f3\u017cnych gier i zabaw z udzia\u0142em Alkogogli<\/li>\n<li>Zestaw zawiera r\u00f3\u017cne typy okular\u00f3w, symuluj\u0105ce r\u00f3\u017cne poziomy upojenia<\/li>\n<\/ul>\n<ul>\n<li>Dostarcza unikalnych wra\u017ce\u0144 i du\u017co \u015bmiechu<\/li>\n<li>Umo\u017cliwia przetestowanie swoich umiej\u0119tno\u015bci w nietypowych warunkach<\/li>\n<li>Przekazuje wa\u017cn\u0105 lekcj\u0119 o skutkach spo\u017cywania alkoholu i bezpiecze\u0144stwie na drogach<\/li>\n<\/ul>\n<p>Zapewnij swoim go\u015bciom niezapomniane do\u015bwiadczenie, kt\u00f3re pozwoli im spojrze\u0107 na \u015bwiat z innej perspektywy. Dodaj Alkogogle do swojego zapytania ofertowego ju\u017c dzi\u015b!<\/p>","protected":false},"excerpt":{"rendered":"<p>Ciesz si\u0119 niezwyk\u0142ym do\u015bwiadczeniem z naszymi Alkogoglami, unikalnymi okularami symuluj\u0105cymi stan po spo\u017cyciu alkoholu. Idealne na eventy i imprezy integracyjne, dostarcz\u0105 uczestnikom nie tylko \u015bwietnej zabawy, ale tak\u017ce wa\u017cnej lekcji o bezpiecze\u0144stwie na drogach.<\/p>","protected":false},"featured_media":1164,"comment_status":"closed","ping_status":"closed","template":"","meta":{"_acf_changed":false},"product_brand":[],"product_cat":[80,100,101],"product_tag":[],"class_list":{"0":"post-760","1":"product","2":"type-product","3":"status-publish","4":"has-post-thumbnail","6":"product_cat-dla-mlodziezy-i-doroslych","7":"product_cat-gry-na-imprezy","8":"product_cat-konkursy-i-zabawy","10":"first","11":"instock","12":"downloadable","13":"virtual","14":"purchasable","15":"product-type-simple"},"acf":[],"yoast_head":"<!-- This site is optimized with the Yoast SEO plugin v27.5 - https:\/\/yoast.com\/product\/yoast-seo-wordpress\/ -->\n<title>Alkogogle: sprawd\u017a sw\u00f3j refleks i zobacz \u015bwiat z innej perspektywy!<\/title>\n<meta name=\"robots\" content=\"index, follow, max-snippet:-1, max-image-preview:large, max-video-preview:-1\" \/>\n<link rel=\"canonical\" href=\"https:\/\/mistrzowieimprez.pl\/en\/product\/alkogogle\/\" \/>\n<meta property=\"og:locale\" content=\"en_GB\" \/>\n<meta property=\"og:type\" content=\"article\" \/>\n<meta property=\"og:title\" content=\"Alkogogle: sprawd\u017a sw\u00f3j refleks i zobacz \u015bwiat z innej perspektywy!\" \/>\n<meta property=\"og:description\" content=\"Ciesz si\u0119 niezwyk\u0142ym do\u015bwiadczeniem z naszymi Alkogoglami, unikalnymi okularami symuluj\u0105cymi stan po spo\u017cyciu alkoholu. Idealne na eventy i imprezy integracyjne, dostarcz\u0105 uczestnikom nie tylko \u015bwietnej zabawy, ale tak\u017ce wa\u017cnej lekcji o bezpiecze\u0144stwie na drogach.\" \/>\n<meta property=\"og:url\" content=\"https:\/\/mistrzowieimprez.pl\/en\/product\/alkogogle\/\" \/>\n<meta property=\"og:site_name\" content=\"Mistrzowie Imprez\" \/>\n<meta property=\"article:publisher\" content=\"https:\/\/www.facebook.com\/mistrzowieimprez\" \/>\n<meta property=\"article:modified_time\" content=\"2026-03-18T09:03:37+00:00\" \/>\n<meta property=\"og:image\" content=\"https:\/\/mistrzowieimprez.pl\/wp-content\/uploads\/2024\/09\/Alkogogle.png\" \/>\n\t<meta property=\"og:image:width\" content=\"800\" \/>\n\t<meta property=\"og:image:height\" content=\"800\" \/>\n\t<meta property=\"og:image:type\" content=\"image\/png\" \/>\n<meta name=\"twitter:card\" content=\"summary_large_image\" \/>\n<meta name=\"twitter:label1\" content=\"Estimated reading time\" \/>\n\t<meta name=\"twitter:data1\" content=\"1 minute\" \/>\n<script type=\"application\/ld+json\" class=\"yoast-schema-graph\">{\"@context\":\"https:\\\/\\\/schema.org\",\"@graph\":[{\"@type\":\"WebPage\",\"@id\":\"https:\\\/\\\/mistrzowieimprez.pl\\\/produkt\\\/alkogogle\\\/\",\"url\":\"https:\\\/\\\/mistrzowieimprez.pl\\\/produkt\\\/alkogogle\\\/\",\"name\":\"Alkogogle: sprawd\u017a sw\u00f3j refleks i zobacz \u015bwiat z innej perspektywy!\",\"isPartOf\":{\"@id\":\"https:\\\/\\\/mistrzowieimprez.pl\\\/#website\"},\"primaryImageOfPage\":{\"@id\":\"https:\\\/\\\/mistrzowieimprez.pl\\\/produkt\\\/alkogogle\\\/#primaryimage\"},\"image\":{\"@id\":\"https:\\\/\\\/mistrzowieimprez.pl\\\/produkt\\\/alkogogle\\\/#primaryimage\"},\"thumbnailUrl\":\"https:\\\/\\\/mistrzowieimprez.pl\\\/wp-content\\\/uploads\\\/2024\\\/09\\\/Alkogogle.png\",\"datePublished\":\"2024-09-01T09:07:35+00:00\",\"dateModified\":\"2026-03-18T09:03:37+00:00\",\"breadcrumb\":{\"@id\":\"https:\\\/\\\/mistrzowieimprez.pl\\\/produkt\\\/alkogogle\\\/#breadcrumb\"},\"inLanguage\":\"en-GB\",\"potentialAction\":[{\"@type\":\"ReadAction\",\"target\":[\"https:\\\/\\\/mistrzowieimprez.pl\\\/produkt\\\/alkogogle\\\/\"]}]},{\"@type\":\"ImageObject\",\"inLanguage\":\"en-GB\",\"@id\":\"https:\\\/\\\/mistrzowieimprez.pl\\\/produkt\\\/alkogogle\\\/#primaryimage\",\"url\":\"https:\\\/\\\/mistrzowieimprez.pl\\\/wp-content\\\/uploads\\\/2024\\\/09\\\/Alkogogle.png\",\"contentUrl\":\"https:\\\/\\\/mistrzowieimprez.pl\\\/wp-content\\\/uploads\\\/2024\\\/09\\\/Alkogogle.png\",\"width\":1000,\"height\":1000,\"caption\":\"Osoba uczestniczy w zabawie plenerowej z przeszkodami, nosz\u0105c okulary symuluj\u0105ce ograniczon\u0105 percepcj\u0119, podczas eventu na \u015bwie\u017cym powietrzu.\"},{\"@type\":\"BreadcrumbList\",\"@id\":\"https:\\\/\\\/mistrzowieimprez.pl\\\/produkt\\\/alkogogle\\\/#breadcrumb\",\"itemListElement\":[{\"@type\":\"ListItem\",\"position\":1,\"name\":\"Strona g\u0142\u00f3wna\",\"item\":\"https:\\\/\\\/mistrzowieimprez.pl\\\/\"},{\"@type\":\"ListItem\",\"position\":2,\"name\":\"sklep\",\"item\":\"https:\\\/\\\/mistrzowieimprez.pl\\\/sklep\\\/\"},{\"@type\":\"ListItem\",\"position\":3,\"name\":\"Alkogogle\"}]},{\"@type\":\"WebSite\",\"@id\":\"https:\\\/\\\/mistrzowieimprez.pl\\\/#website\",\"url\":\"https:\\\/\\\/mistrzowieimprez.pl\\\/\",\"name\":\"Mistrzowie Imprez\",\"description\":\"Kompleksowa organizacja imprez\",\"publisher\":{\"@id\":\"https:\\\/\\\/mistrzowieimprez.pl\\\/#organization\"},\"potentialAction\":[{\"@type\":\"SearchAction\",\"target\":{\"@type\":\"EntryPoint\",\"urlTemplate\":\"https:\\\/\\\/mistrzowieimprez.pl\\\/?s={search_term_string}\"},\"query-input\":{\"@type\":\"PropertyValueSpecification\",\"valueRequired\":true,\"valueName\":\"search_term_string\"}}],\"inLanguage\":\"en-GB\"},{\"@type\":\"Organization\",\"@id\":\"https:\\\/\\\/mistrzowieimprez.pl\\\/#organization\",\"name\":\"Mistrzowie Imprez\",\"url\":\"https:\\\/\\\/mistrzowieimprez.pl\\\/\",\"logo\":{\"@type\":\"ImageObject\",\"inLanguage\":\"en-GB\",\"@id\":\"https:\\\/\\\/mistrzowieimprez.pl\\\/#\\\/schema\\\/logo\\\/image\\\/\",\"url\":\"https:\\\/\\\/mistrzowieimprez.pl\\\/wp-content\\\/uploads\\\/2024\\\/08\\\/mistrzowie_imprez_logo_ciemne-tlo@4x.png\",\"contentUrl\":\"https:\\\/\\\/mistrzowieimprez.pl\\\/wp-content\\\/uploads\\\/2024\\\/08\\\/mistrzowie_imprez_logo_ciemne-tlo@4x.png\",\"width\":1318,\"height\":351,\"caption\":\"Mistrzowie Imprez\"},\"image\":{\"@id\":\"https:\\\/\\\/mistrzowieimprez.pl\\\/#\\\/schema\\\/logo\\\/image\\\/\"},\"sameAs\":[\"https:\\\/\\\/www.facebook.com\\\/mistrzowieimprez\",\"https:\\\/\\\/www.instagram.com\\\/mistrzowieimprez\\\/\",\"https:\\\/\\\/www.youtube.com\\\/@ytmistrzowieimprez\"]}]}<\/script>\n<!-- \/ Yoast SEO plugin. -->","yoast_head_json":{"title":"Alkogogle: sprawd\u017a sw\u00f3j refleks i zobacz \u015bwiat z innej perspektywy!","robots":{"index":"index","follow":"follow","max-snippet":"max-snippet:-1","max-image-preview":"max-image-preview:large","max-video-preview":"max-video-preview:-1"},"canonical":"https:\/\/mistrzowieimprez.pl\/en\/product\/alkogogle\/","og_locale":"en_GB","og_type":"article","og_title":"Alkogogle: sprawd\u017a sw\u00f3j refleks i zobacz \u015bwiat z innej perspektywy!","og_description":"Ciesz si\u0119 niezwyk\u0142ym do\u015bwiadczeniem z naszymi Alkogoglami, unikalnymi okularami symuluj\u0105cymi stan po spo\u017cyciu alkoholu. Idealne na eventy i imprezy integracyjne, dostarcz\u0105 uczestnikom nie tylko \u015bwietnej zabawy, ale tak\u017ce wa\u017cnej lekcji o bezpiecze\u0144stwie na drogach.","og_url":"https:\/\/mistrzowieimprez.pl\/en\/product\/alkogogle\/","og_site_name":"Mistrzowie Imprez","article_publisher":"https:\/\/www.facebook.com\/mistrzowieimprez","article_modified_time":"2026-03-18T09:03:37+00:00","og_image":[{"url":"https:\/\/mistrzowieimprez.pl\/wp-content\/uploads\/2024\/09\/Alkogogle.png","width":800,"height":800,"type":"image\/png"}],"twitter_card":"summary_large_image","twitter_misc":{"Estimated reading time":"1 minute"},"schema":{"@context":"https:\/\/schema.org","@graph":[{"@type":"WebPage","@id":"https:\/\/mistrzowieimprez.pl\/produkt\/alkogogle\/","url":"https:\/\/mistrzowieimprez.pl\/produkt\/alkogogle\/","name":"Alkogogle: sprawd\u017a sw\u00f3j refleks i zobacz \u015bwiat z innej perspektywy!","isPartOf":{"@id":"https:\/\/mistrzowieimprez.pl\/#website"},"primaryImageOfPage":{"@id":"https:\/\/mistrzowieimprez.pl\/produkt\/alkogogle\/#primaryimage"},"image":{"@id":"https:\/\/mistrzowieimprez.pl\/produkt\/alkogogle\/#primaryimage"},"thumbnailUrl":"https:\/\/mistrzowieimprez.pl\/wp-content\/uploads\/2024\/09\/Alkogogle.png","datePublished":"2024-09-01T09:07:35+00:00","dateModified":"2026-03-18T09:03:37+00:00","breadcrumb":{"@id":"https:\/\/mistrzowieimprez.pl\/produkt\/alkogogle\/#breadcrumb"},"inLanguage":"en-GB","potentialAction":[{"@type":"ReadAction","target":["https:\/\/mistrzowieimprez.pl\/produkt\/alkogogle\/"]}]},{"@type":"ImageObject","inLanguage":"en-GB","@id":"https:\/\/mistrzowieimprez.pl\/produkt\/alkogogle\/#primaryimage","url":"https:\/\/mistrzowieimprez.pl\/wp-content\/uploads\/2024\/09\/Alkogogle.png","contentUrl":"https:\/\/mistrzowieimprez.pl\/wp-content\/uploads\/2024\/09\/Alkogogle.png","width":1000,"height":1000,"caption":"Osoba uczestniczy w zabawie plenerowej z przeszkodami, nosz\u0105c okulary symuluj\u0105ce ograniczon\u0105 percepcj\u0119, podczas eventu na \u015bwie\u017cym powietrzu."},{"@type":"BreadcrumbList","@id":"https:\/\/mistrzowieimprez.pl\/produkt\/alkogogle\/#breadcrumb","itemListElement":[{"@type":"ListItem","position":1,"name":"Strona g\u0142\u00f3wna","item":"https:\/\/mistrzowieimprez.pl\/"},{"@type":"ListItem","position":2,"name":"sklep","item":"https:\/\/mistrzowieimprez.pl\/sklep\/"},{"@type":"ListItem","position":3,"name":"Alkogogle"}]},{"@type":"WebSite","@id":"https:\/\/mistrzowieimprez.pl\/#website","url":"https:\/\/mistrzowieimprez.pl\/","name":"Mistrzowie Imprez","description":"Kompleksowa organizacja imprez","publisher":{"@id":"https:\/\/mistrzowieimprez.pl\/#organization"},"potentialAction":[{"@type":"SearchAction","target":{"@type":"EntryPoint","urlTemplate":"https:\/\/mistrzowieimprez.pl\/?s={search_term_string}"},"query-input":{"@type":"PropertyValueSpecification","valueRequired":true,"valueName":"search_term_string"}}],"inLanguage":"en-GB"},{"@type":"Organization","@id":"https:\/\/mistrzowieimprez.pl\/#organization","name":"Mistrzowie Imprez","url":"https:\/\/mistrzowieimprez.pl\/","logo":{"@type":"ImageObject","inLanguage":"en-GB","@id":"https:\/\/mistrzowieimprez.pl\/#\/schema\/logo\/image\/","url":"https:\/\/mistrzowieimprez.pl\/wp-content\/uploads\/2024\/08\/mistrzowie_imprez_logo_ciemne-tlo@4x.png","contentUrl":"https:\/\/mistrzowieimprez.pl\/wp-content\/uploads\/2024\/08\/mistrzowie_imprez_logo_ciemne-tlo@4x.png","width":1318,"height":351,"caption":"Mistrzowie Imprez"},"image":{"@id":"https:\/\/mistrzowieimprez.pl\/#\/schema\/logo\/image\/"},"sameAs":["https:\/\/www.facebook.com\/mistrzowieimprez","https:\/\/www.instagram.com\/mistrzowieimprez\/","https:\/\/www.youtube.com\/@ytmistrzowieimprez"]}]}},"_links":{"self":[{"href":"https:\/\/mistrzowieimprez.pl\/en\/wp-json\/wp\/v2\/product\/760","targetHints":{"allow":["GET"]}}],"collection":[{"href":"https:\/\/mistrzowieimprez.pl\/en\/wp-json\/wp\/v2\/product"}],"about":[{"href":"https:\/\/mistrzowieimprez.pl\/en\/wp-json\/wp\/v2\/types\/product"}],"replies":[{"embeddable":true,"href":"https:\/\/mistrzowieimprez.pl\/en\/wp-json\/wp\/v2\/comments?post=760"}],"version-history":[{"count":1,"href":"https:\/\/mistrzowieimprez.pl\/en\/wp-json\/wp\/v2\/product\/760\/revisions"}],"predecessor-version":[{"id":3566,"href":"https:\/\/mistrzowieimprez.pl\/en\/wp-json\/wp\/v2\/product\/760\/revisions\/3566"}],"wp:featuredmedia":[{"embeddable":true,"href":"https:\/\/mistrzowieimprez.pl\/en\/wp-json\/wp\/v2\/media\/1164"}],"wp:attachment":[{"href":"https:\/\/mistrzowieimprez.pl\/en\/wp-json\/wp\/v2\/media?parent=760"}],"wp:term":[{"taxonomy":"product_brand","embeddable":true,"href":"https:\/\/mistrzowieimprez.pl\/en\/wp-json\/wp\/v2\/product_brand?post=760"},{"taxonomy":"product_cat","embeddable":true,"href":"https:\/\/mistrzowieimprez.pl\/en\/wp-json\/wp\/v2\/product_cat?post=760"},{"taxonomy":"product_tag","embeddable":true,"href":"https:\/\/mistrzowieimprez.pl\/en\/wp-json\/wp\/v2\/product_tag?post=760"}],"curies":[{"name":"wp","href":"https:\/\/api.w.org\/{rel}","templated":true}]}}