{"id":755,"date":"2024-09-01T09:07:32","date_gmt":"2024-09-01T09:07:32","guid":{"rendered":"https:\/\/mistrzowieimprez.pl\/produkt\/zawody-sumo\/"},"modified":"2026-03-18T08:59:51","modified_gmt":"2026-03-18T08:59:51","slug":"zawody-sumo","status":"publish","type":"product","link":"https:\/\/mistrzowieimprez.pl\/en\/product\/zawody-sumo\/","title":{"rendered":"Zawody Sumo"},"content":{"rendered":"<p>Przenie\u015b si\u0119 do fascynuj\u0105cego \u015bwiata japo\u0144skich zawodnik\u00f3w sumo z naszymi kostiumami sumo dla doros\u0142ych i m\u0142odzie\u017cy! Te niezwykle zabawne stroje pompuj\u0105 si\u0119 szybko i s\u0105 \u0142atwe do noszenia, co gwarantuje godziny \u015bmiechu i zabawy. Doskona\u0142e na imprezy firmowe, urodziny, festiwale i wiele innych wydarze\u0144, daj\u0105 uczestnikom mo\u017cliwo\u015b\u0107 rywalizacji w bezpiecznych i ekscytuj\u0105cych pojedynkach.<\/p>\n<ul>\n<li>Kostiumy sumo s\u0105 przeznaczone dla os\u00f3b doros\u0142ych i m\u0142odzie\u017cy.<\/li>\n<li>Ka\u017cdy zestaw zawiera dwie pe\u0142nowymiarowe kostiumy sumo, dwie peruki stylizowane na w\u0142osy sumo i mat\u0119 do walki.<\/li>\n<li>Kostiumy s\u0105 \u0142atwe do napompowania i wygodne do noszenia, a ich waga nie przekracza 2 kg.<\/li>\n<\/ul>\n<ul>\n<li>Baw si\u0119 jak nigdy dot\u0105d, prze\u017cywaj\u0105c autentyczne japo\u0144skie do\u015bwiadczenie sumo!<\/li>\n<li>Rozwijaj swoje umiej\u0119tno\u015bci strategiczne i koordynacj\u0119, pr\u00f3buj\u0105c przewr\u00f3ci\u0107 przeciwnika.<\/li>\n<li>Podniesiesz nastr\u00f3j ka\u017cdej imprezy, daj\u0105c uczestnikom niezapomniane wspomnienia pe\u0142ne \u015bmiechu i rado\u015bci.<\/li>\n<\/ul>\n<p>Jeste\u015b got\u00f3w na rund\u0119 sumo? Dodaj do swojego zapytania ofertowego nasze kostiumy sumo i zaskocz wszystkich na swoim wydarzeniu!<\/p>","protected":false},"excerpt":{"rendered":"<p>Dzi\u0119ki naszym kostiumom sumo, przenie\u015b si\u0119 do ekscytuj\u0105cego \u015bwiata japo\u0144skich zapa\u015bnik\u00f3w. Te zabawne, \u0142atwe do noszenia stroje gwarantuj\u0105 godziny \u015bmiechu i rywalizacji. Idealne na imprezy firmowe, urodziny czy festiwale.<\/p>","protected":false},"featured_media":1307,"comment_status":"closed","ping_status":"closed","template":"","meta":{"_acf_changed":false},"product_brand":[],"product_cat":[80,100,101],"product_tag":[],"class_list":{"0":"post-755","1":"product","2":"type-product","3":"status-publish","4":"has-post-thumbnail","6":"product_cat-dla-mlodziezy-i-doroslych","7":"product_cat-gry-na-imprezy","8":"product_cat-konkursy-i-zabawy","10":"first","11":"instock","12":"downloadable","13":"virtual","14":"purchasable","15":"product-type-simple"},"acf":[],"yoast_head":"<!-- This site is optimized with the Yoast SEO plugin v27.5 - https:\/\/yoast.com\/product\/yoast-seo-wordpress\/ -->\n<title>Walki Sumo: za\u0142\u00f3\u017c kostium i stocz pojedynek pe\u0142en \u015bmiechu!<\/title>\n<meta name=\"robots\" content=\"index, follow, max-snippet:-1, max-image-preview:large, max-video-preview:-1\" \/>\n<link rel=\"canonical\" href=\"https:\/\/mistrzowieimprez.pl\/en\/product\/zawody-sumo\/\" \/>\n<meta property=\"og:locale\" content=\"en_GB\" \/>\n<meta property=\"og:type\" content=\"article\" \/>\n<meta property=\"og:title\" content=\"Walki Sumo: za\u0142\u00f3\u017c kostium i stocz pojedynek pe\u0142en \u015bmiechu!\" \/>\n<meta property=\"og:description\" content=\"Dzi\u0119ki naszym kostiumom sumo, przenie\u015b si\u0119 do ekscytuj\u0105cego \u015bwiata japo\u0144skich zapa\u015bnik\u00f3w. Te zabawne, \u0142atwe do noszenia stroje gwarantuj\u0105 godziny \u015bmiechu i rywalizacji. Idealne na imprezy firmowe, urodziny czy festiwale.\" \/>\n<meta property=\"og:url\" content=\"https:\/\/mistrzowieimprez.pl\/en\/product\/zawody-sumo\/\" \/>\n<meta property=\"og:site_name\" content=\"Mistrzowie Imprez\" \/>\n<meta property=\"article:publisher\" content=\"https:\/\/www.facebook.com\/mistrzowieimprez\" \/>\n<meta property=\"article:modified_time\" content=\"2026-03-18T08:59:51+00:00\" \/>\n<meta property=\"og:image\" content=\"https:\/\/mistrzowieimprez.pl\/wp-content\/uploads\/2024\/09\/Zawody-Sumo.png\" \/>\n\t<meta property=\"og:image:width\" content=\"800\" \/>\n\t<meta property=\"og:image:height\" content=\"800\" \/>\n\t<meta property=\"og:image:type\" content=\"image\/png\" \/>\n<meta name=\"twitter:card\" content=\"summary_large_image\" \/>\n<meta name=\"twitter:label1\" content=\"Estimated reading time\" \/>\n\t<meta name=\"twitter:data1\" content=\"2 minutes\" \/>\n<script type=\"application\/ld+json\" class=\"yoast-schema-graph\">{\"@context\":\"https:\\\/\\\/schema.org\",\"@graph\":[{\"@type\":\"WebPage\",\"@id\":\"https:\\\/\\\/mistrzowieimprez.pl\\\/produkt\\\/zawody-sumo\\\/\",\"url\":\"https:\\\/\\\/mistrzowieimprez.pl\\\/produkt\\\/zawody-sumo\\\/\",\"name\":\"Walki Sumo: za\u0142\u00f3\u017c kostium i stocz pojedynek pe\u0142en \u015bmiechu!\",\"isPartOf\":{\"@id\":\"https:\\\/\\\/mistrzowieimprez.pl\\\/#website\"},\"primaryImageOfPage\":{\"@id\":\"https:\\\/\\\/mistrzowieimprez.pl\\\/produkt\\\/zawody-sumo\\\/#primaryimage\"},\"image\":{\"@id\":\"https:\\\/\\\/mistrzowieimprez.pl\\\/produkt\\\/zawody-sumo\\\/#primaryimage\"},\"thumbnailUrl\":\"https:\\\/\\\/mistrzowieimprez.pl\\\/wp-content\\\/uploads\\\/2024\\\/09\\\/Zawody-Sumo.png\",\"datePublished\":\"2024-09-01T09:07:32+00:00\",\"dateModified\":\"2026-03-18T08:59:51+00:00\",\"breadcrumb\":{\"@id\":\"https:\\\/\\\/mistrzowieimprez.pl\\\/produkt\\\/zawody-sumo\\\/#breadcrumb\"},\"inLanguage\":\"en-GB\",\"potentialAction\":[{\"@type\":\"ReadAction\",\"target\":[\"https:\\\/\\\/mistrzowieimprez.pl\\\/produkt\\\/zawody-sumo\\\/\"]}]},{\"@type\":\"ImageObject\",\"inLanguage\":\"en-GB\",\"@id\":\"https:\\\/\\\/mistrzowieimprez.pl\\\/produkt\\\/zawody-sumo\\\/#primaryimage\",\"url\":\"https:\\\/\\\/mistrzowieimprez.pl\\\/wp-content\\\/uploads\\\/2024\\\/09\\\/Zawody-Sumo.png\",\"contentUrl\":\"https:\\\/\\\/mistrzowieimprez.pl\\\/wp-content\\\/uploads\\\/2024\\\/09\\\/Zawody-Sumo.png\",\"width\":1000,\"height\":1000,\"caption\":\"Grafika przedstawia dwie osoby w kolorowych, nadmuchiwanych strojach zapasniczych podczas zabawnej konkurencji na macie, organizowanej przez Mistrz\u00f3w imprez.\"},{\"@type\":\"BreadcrumbList\",\"@id\":\"https:\\\/\\\/mistrzowieimprez.pl\\\/produkt\\\/zawody-sumo\\\/#breadcrumb\",\"itemListElement\":[{\"@type\":\"ListItem\",\"position\":1,\"name\":\"Strona g\u0142\u00f3wna\",\"item\":\"https:\\\/\\\/mistrzowieimprez.pl\\\/\"},{\"@type\":\"ListItem\",\"position\":2,\"name\":\"sklep\",\"item\":\"https:\\\/\\\/mistrzowieimprez.pl\\\/sklep\\\/\"},{\"@type\":\"ListItem\",\"position\":3,\"name\":\"Zawody Sumo\"}]},{\"@type\":\"WebSite\",\"@id\":\"https:\\\/\\\/mistrzowieimprez.pl\\\/#website\",\"url\":\"https:\\\/\\\/mistrzowieimprez.pl\\\/\",\"name\":\"Mistrzowie Imprez\",\"description\":\"Kompleksowa organizacja imprez\",\"publisher\":{\"@id\":\"https:\\\/\\\/mistrzowieimprez.pl\\\/#organization\"},\"potentialAction\":[{\"@type\":\"SearchAction\",\"target\":{\"@type\":\"EntryPoint\",\"urlTemplate\":\"https:\\\/\\\/mistrzowieimprez.pl\\\/?s={search_term_string}\"},\"query-input\":{\"@type\":\"PropertyValueSpecification\",\"valueRequired\":true,\"valueName\":\"search_term_string\"}}],\"inLanguage\":\"en-GB\"},{\"@type\":\"Organization\",\"@id\":\"https:\\\/\\\/mistrzowieimprez.pl\\\/#organization\",\"name\":\"Mistrzowie Imprez\",\"url\":\"https:\\\/\\\/mistrzowieimprez.pl\\\/\",\"logo\":{\"@type\":\"ImageObject\",\"inLanguage\":\"en-GB\",\"@id\":\"https:\\\/\\\/mistrzowieimprez.pl\\\/#\\\/schema\\\/logo\\\/image\\\/\",\"url\":\"https:\\\/\\\/mistrzowieimprez.pl\\\/wp-content\\\/uploads\\\/2024\\\/08\\\/mistrzowie_imprez_logo_ciemne-tlo@4x.png\",\"contentUrl\":\"https:\\\/\\\/mistrzowieimprez.pl\\\/wp-content\\\/uploads\\\/2024\\\/08\\\/mistrzowie_imprez_logo_ciemne-tlo@4x.png\",\"width\":1318,\"height\":351,\"caption\":\"Mistrzowie Imprez\"},\"image\":{\"@id\":\"https:\\\/\\\/mistrzowieimprez.pl\\\/#\\\/schema\\\/logo\\\/image\\\/\"},\"sameAs\":[\"https:\\\/\\\/www.facebook.com\\\/mistrzowieimprez\",\"https:\\\/\\\/www.instagram.com\\\/mistrzowieimprez\\\/\",\"https:\\\/\\\/www.youtube.com\\\/@ytmistrzowieimprez\"]}]}<\/script>\n<!-- \/ Yoast SEO plugin. -->","yoast_head_json":{"title":"Walki Sumo: za\u0142\u00f3\u017c kostium i stocz pojedynek pe\u0142en \u015bmiechu!","robots":{"index":"index","follow":"follow","max-snippet":"max-snippet:-1","max-image-preview":"max-image-preview:large","max-video-preview":"max-video-preview:-1"},"canonical":"https:\/\/mistrzowieimprez.pl\/en\/product\/zawody-sumo\/","og_locale":"en_GB","og_type":"article","og_title":"Walki Sumo: za\u0142\u00f3\u017c kostium i stocz pojedynek pe\u0142en \u015bmiechu!","og_description":"Dzi\u0119ki naszym kostiumom sumo, przenie\u015b si\u0119 do ekscytuj\u0105cego \u015bwiata japo\u0144skich zapa\u015bnik\u00f3w. Te zabawne, \u0142atwe do noszenia stroje gwarantuj\u0105 godziny \u015bmiechu i rywalizacji. Idealne na imprezy firmowe, urodziny czy festiwale.","og_url":"https:\/\/mistrzowieimprez.pl\/en\/product\/zawody-sumo\/","og_site_name":"Mistrzowie Imprez","article_publisher":"https:\/\/www.facebook.com\/mistrzowieimprez","article_modified_time":"2026-03-18T08:59:51+00:00","og_image":[{"url":"https:\/\/mistrzowieimprez.pl\/wp-content\/uploads\/2024\/09\/Zawody-Sumo.png","width":800,"height":800,"type":"image\/png"}],"twitter_card":"summary_large_image","twitter_misc":{"Estimated reading time":"2 minutes"},"schema":{"@context":"https:\/\/schema.org","@graph":[{"@type":"WebPage","@id":"https:\/\/mistrzowieimprez.pl\/produkt\/zawody-sumo\/","url":"https:\/\/mistrzowieimprez.pl\/produkt\/zawody-sumo\/","name":"Walki Sumo: za\u0142\u00f3\u017c kostium i stocz pojedynek pe\u0142en \u015bmiechu!","isPartOf":{"@id":"https:\/\/mistrzowieimprez.pl\/#website"},"primaryImageOfPage":{"@id":"https:\/\/mistrzowieimprez.pl\/produkt\/zawody-sumo\/#primaryimage"},"image":{"@id":"https:\/\/mistrzowieimprez.pl\/produkt\/zawody-sumo\/#primaryimage"},"thumbnailUrl":"https:\/\/mistrzowieimprez.pl\/wp-content\/uploads\/2024\/09\/Zawody-Sumo.png","datePublished":"2024-09-01T09:07:32+00:00","dateModified":"2026-03-18T08:59:51+00:00","breadcrumb":{"@id":"https:\/\/mistrzowieimprez.pl\/produkt\/zawody-sumo\/#breadcrumb"},"inLanguage":"en-GB","potentialAction":[{"@type":"ReadAction","target":["https:\/\/mistrzowieimprez.pl\/produkt\/zawody-sumo\/"]}]},{"@type":"ImageObject","inLanguage":"en-GB","@id":"https:\/\/mistrzowieimprez.pl\/produkt\/zawody-sumo\/#primaryimage","url":"https:\/\/mistrzowieimprez.pl\/wp-content\/uploads\/2024\/09\/Zawody-Sumo.png","contentUrl":"https:\/\/mistrzowieimprez.pl\/wp-content\/uploads\/2024\/09\/Zawody-Sumo.png","width":1000,"height":1000,"caption":"Grafika przedstawia dwie osoby w kolorowych, nadmuchiwanych strojach zapasniczych podczas zabawnej konkurencji na macie, organizowanej przez Mistrz\u00f3w imprez."},{"@type":"BreadcrumbList","@id":"https:\/\/mistrzowieimprez.pl\/produkt\/zawody-sumo\/#breadcrumb","itemListElement":[{"@type":"ListItem","position":1,"name":"Strona g\u0142\u00f3wna","item":"https:\/\/mistrzowieimprez.pl\/"},{"@type":"ListItem","position":2,"name":"sklep","item":"https:\/\/mistrzowieimprez.pl\/sklep\/"},{"@type":"ListItem","position":3,"name":"Zawody Sumo"}]},{"@type":"WebSite","@id":"https:\/\/mistrzowieimprez.pl\/#website","url":"https:\/\/mistrzowieimprez.pl\/","name":"Mistrzowie Imprez","description":"Kompleksowa organizacja imprez","publisher":{"@id":"https:\/\/mistrzowieimprez.pl\/#organization"},"potentialAction":[{"@type":"SearchAction","target":{"@type":"EntryPoint","urlTemplate":"https:\/\/mistrzowieimprez.pl\/?s={search_term_string}"},"query-input":{"@type":"PropertyValueSpecification","valueRequired":true,"valueName":"search_term_string"}}],"inLanguage":"en-GB"},{"@type":"Organization","@id":"https:\/\/mistrzowieimprez.pl\/#organization","name":"Mistrzowie Imprez","url":"https:\/\/mistrzowieimprez.pl\/","logo":{"@type":"ImageObject","inLanguage":"en-GB","@id":"https:\/\/mistrzowieimprez.pl\/#\/schema\/logo\/image\/","url":"https:\/\/mistrzowieimprez.pl\/wp-content\/uploads\/2024\/08\/mistrzowie_imprez_logo_ciemne-tlo@4x.png","contentUrl":"https:\/\/mistrzowieimprez.pl\/wp-content\/uploads\/2024\/08\/mistrzowie_imprez_logo_ciemne-tlo@4x.png","width":1318,"height":351,"caption":"Mistrzowie Imprez"},"image":{"@id":"https:\/\/mistrzowieimprez.pl\/#\/schema\/logo\/image\/"},"sameAs":["https:\/\/www.facebook.com\/mistrzowieimprez","https:\/\/www.instagram.com\/mistrzowieimprez\/","https:\/\/www.youtube.com\/@ytmistrzowieimprez"]}]}},"_links":{"self":[{"href":"https:\/\/mistrzowieimprez.pl\/en\/wp-json\/wp\/v2\/product\/755","targetHints":{"allow":["GET"]}}],"collection":[{"href":"https:\/\/mistrzowieimprez.pl\/en\/wp-json\/wp\/v2\/product"}],"about":[{"href":"https:\/\/mistrzowieimprez.pl\/en\/wp-json\/wp\/v2\/types\/product"}],"replies":[{"embeddable":true,"href":"https:\/\/mistrzowieimprez.pl\/en\/wp-json\/wp\/v2\/comments?post=755"}],"version-history":[{"count":1,"href":"https:\/\/mistrzowieimprez.pl\/en\/wp-json\/wp\/v2\/product\/755\/revisions"}],"predecessor-version":[{"id":3562,"href":"https:\/\/mistrzowieimprez.pl\/en\/wp-json\/wp\/v2\/product\/755\/revisions\/3562"}],"wp:featuredmedia":[{"embeddable":true,"href":"https:\/\/mistrzowieimprez.pl\/en\/wp-json\/wp\/v2\/media\/1307"}],"wp:attachment":[{"href":"https:\/\/mistrzowieimprez.pl\/en\/wp-json\/wp\/v2\/media?parent=755"}],"wp:term":[{"taxonomy":"product_brand","embeddable":true,"href":"https:\/\/mistrzowieimprez.pl\/en\/wp-json\/wp\/v2\/product_brand?post=755"},{"taxonomy":"product_cat","embeddable":true,"href":"https:\/\/mistrzowieimprez.pl\/en\/wp-json\/wp\/v2\/product_cat?post=755"},{"taxonomy":"product_tag","embeddable":true,"href":"https:\/\/mistrzowieimprez.pl\/en\/wp-json\/wp\/v2\/product_tag?post=755"}],"curies":[{"name":"wp","href":"https:\/\/api.w.org\/{rel}","templated":true}]}}