{"id":754,"date":"2024-09-01T09:07:32","date_gmt":"2024-09-01T09:07:32","guid":{"rendered":"https:\/\/mistrzowieimprez.pl\/produkt\/pit-stop\/"},"modified":"2026-03-18T08:59:34","modified_gmt":"2026-03-18T08:59:34","slug":"pit-stop","status":"publish","type":"product","link":"https:\/\/mistrzowieimprez.pl\/en\/product\/pit-stop\/","title":{"rendered":"Pit-Stop"},"content":{"rendered":"<p>Zapraszamy na nasz Pit-Stop &#8211; miejscem, gdzie adrenalina miesza si\u0119 ze zabaw\u0105 i rywalizacj\u0105. Ta interaktywna gra to niezapomniana rozrywka dla m\u0142odzie\u017cy i doros\u0142ych na ka\u017cdym evencie. Wy\u015bcigi pit-stop to \u015bwietna okazja do rywalizacji, wsp\u00f3\u0142pracy i dobrej zabawy, niezale\u017cnie od umiej\u0119tno\u015bci i do\u015bwiadczenia.<\/p>\n<ul>\n<li>Stacja Pit-Stop sk\u0142ada si\u0119 z pe\u0142nego zestawu narz\u0119dzi i cz\u0119\u015bci samochodowych do zmiany.<\/li>\n<li>Wysokiej jako\u015bci, realistyczne wyposa\u017cenie, kt\u00f3re na\u015bladuje prawdziwe warunki w pit-stopie.<\/li>\n<li>Maksymalne bezpiecze\u0144stwo zapewnione przez profesjonalne wyposa\u017cenie i obs\u0142ug\u0119.<\/li>\n<\/ul>\n<ul>\n<li>\u015awietna zabawa podczas rywalizacji z przyjaci\u00f3\u0142mi lub kolegami z pracy.<\/li>\n<li>Poprawa umiej\u0119tno\u015bci manualnych i koordynacji ruchowej.<\/li>\n<li>Mo\u017cliwo\u015b\u0107 do\u015bwiadczenia atmosfery prawdziwych wy\u015bcig\u00f3w Formu\u0142y 1.<\/li>\n<\/ul>\n<p>Nie czekaj, dodaj Pit-Stop do swojej oferty na najbli\u017cszy event i poczuj, jak bije serce prawdziwego kierowcy wy\u015bcigowego!<\/p>","protected":false},"excerpt":{"rendered":"<p>Nasza stacja Pit-Stop to miejsce, gdzie adrenalina spotyka zabaw\u0119. Ta interaktywna gra pe\u0142na jest rywalizacji i jest idealna dla m\u0142odzie\u017cy i doros\u0142ych na ka\u017cdym evencie. Prze\u017cyj emocje prawdziwych wy\u015bcig\u00f3w Formu\u0142y 1, rywalizuj\u0105c z przyjaci\u00f3\u0142mi czy kolegami z pracy.<\/p>","protected":false},"featured_media":1260,"comment_status":"closed","ping_status":"closed","template":"","meta":{"_acf_changed":false},"product_brand":[],"product_cat":[80,100,101],"product_tag":[],"class_list":{"0":"post-754","1":"product","2":"type-product","3":"status-publish","4":"has-post-thumbnail","6":"product_cat-dla-mlodziezy-i-doroslych","7":"product_cat-gry-na-imprezy","8":"product_cat-konkursy-i-zabawy","10":"first","11":"instock","12":"downloadable","13":"virtual","14":"purchasable","15":"product-type-simple"},"acf":[],"yoast_head":"<!-- This site is optimized with the Yoast SEO plugin v27.5 - https:\/\/yoast.com\/product\/yoast-seo-wordpress\/ -->\n<title>Pit-Stop na eventy \u2013 wynajem symulatora zmiany ko\u0142a F1<\/title>\n<meta name=\"robots\" content=\"index, follow, max-snippet:-1, max-image-preview:large, max-video-preview:-1\" \/>\n<link rel=\"canonical\" href=\"https:\/\/mistrzowieimprez.pl\/en\/product\/pit-stop\/\" \/>\n<meta property=\"og:locale\" content=\"en_GB\" \/>\n<meta property=\"og:type\" content=\"article\" \/>\n<meta property=\"og:title\" content=\"Pit-Stop na eventy \u2013 wynajem symulatora zmiany ko\u0142a F1\" \/>\n<meta property=\"og:description\" content=\"Nasza stacja Pit-Stop to miejsce, gdzie adrenalina spotyka zabaw\u0119. Ta interaktywna gra pe\u0142na jest rywalizacji i jest idealna dla m\u0142odzie\u017cy i doros\u0142ych na ka\u017cdym evencie. Prze\u017cyj emocje prawdziwych wy\u015bcig\u00f3w Formu\u0142y 1, rywalizuj\u0105c z przyjaci\u00f3\u0142mi czy kolegami z pracy.\" \/>\n<meta property=\"og:url\" content=\"https:\/\/mistrzowieimprez.pl\/en\/product\/pit-stop\/\" \/>\n<meta property=\"og:site_name\" content=\"Mistrzowie Imprez\" \/>\n<meta property=\"article:publisher\" content=\"https:\/\/www.facebook.com\/mistrzowieimprez\" \/>\n<meta property=\"article:modified_time\" content=\"2026-03-18T08:59:34+00:00\" \/>\n<meta property=\"og:image\" content=\"https:\/\/mistrzowieimprez.pl\/wp-content\/uploads\/2024\/09\/Pit-Stop.png\" \/>\n\t<meta property=\"og:image:width\" content=\"800\" \/>\n\t<meta property=\"og:image:height\" content=\"800\" \/>\n\t<meta property=\"og:image:type\" content=\"image\/png\" \/>\n<meta name=\"twitter:card\" content=\"summary_large_image\" \/>\n<meta name=\"twitter:label1\" content=\"Estimated reading time\" \/>\n\t<meta name=\"twitter:data1\" content=\"1 minute\" \/>\n<script type=\"application\/ld+json\" class=\"yoast-schema-graph\">{\"@context\":\"https:\\\/\\\/schema.org\",\"@graph\":[{\"@type\":\"WebPage\",\"@id\":\"https:\\\/\\\/mistrzowieimprez.pl\\\/produkt\\\/pit-stop\\\/\",\"url\":\"https:\\\/\\\/mistrzowieimprez.pl\\\/produkt\\\/pit-stop\\\/\",\"name\":\"Pit-Stop na eventy \u2013 wynajem symulatora zmiany ko\u0142a F1\",\"isPartOf\":{\"@id\":\"https:\\\/\\\/mistrzowieimprez.pl\\\/#website\"},\"primaryImageOfPage\":{\"@id\":\"https:\\\/\\\/mistrzowieimprez.pl\\\/produkt\\\/pit-stop\\\/#primaryimage\"},\"image\":{\"@id\":\"https:\\\/\\\/mistrzowieimprez.pl\\\/produkt\\\/pit-stop\\\/#primaryimage\"},\"thumbnailUrl\":\"https:\\\/\\\/mistrzowieimprez.pl\\\/wp-content\\\/uploads\\\/2024\\\/09\\\/Pit-Stop.png\",\"datePublished\":\"2024-09-01T09:07:32+00:00\",\"dateModified\":\"2026-03-18T08:59:34+00:00\",\"breadcrumb\":{\"@id\":\"https:\\\/\\\/mistrzowieimprez.pl\\\/produkt\\\/pit-stop\\\/#breadcrumb\"},\"inLanguage\":\"en-GB\",\"potentialAction\":[{\"@type\":\"ReadAction\",\"target\":[\"https:\\\/\\\/mistrzowieimprez.pl\\\/produkt\\\/pit-stop\\\/\"]}]},{\"@type\":\"ImageObject\",\"inLanguage\":\"en-GB\",\"@id\":\"https:\\\/\\\/mistrzowieimprez.pl\\\/produkt\\\/pit-stop\\\/#primaryimage\",\"url\":\"https:\\\/\\\/mistrzowieimprez.pl\\\/wp-content\\\/uploads\\\/2024\\\/09\\\/Pit-Stop.png\",\"contentUrl\":\"https:\\\/\\\/mistrzowieimprez.pl\\\/wp-content\\\/uploads\\\/2024\\\/09\\\/Pit-Stop.png\",\"width\":1000,\"height\":1000,\"caption\":\"Dw\u00f3ch m\u0119\u017cczyzn pracuje nad wymian\u0105 ko\u0142a z wykorzystaniem wkr\u0119tarki podczas wydarzenia zwi\u0105zanego z motoryzacj\u0105.\"},{\"@type\":\"BreadcrumbList\",\"@id\":\"https:\\\/\\\/mistrzowieimprez.pl\\\/produkt\\\/pit-stop\\\/#breadcrumb\",\"itemListElement\":[{\"@type\":\"ListItem\",\"position\":1,\"name\":\"Strona g\u0142\u00f3wna\",\"item\":\"https:\\\/\\\/mistrzowieimprez.pl\\\/\"},{\"@type\":\"ListItem\",\"position\":2,\"name\":\"sklep\",\"item\":\"https:\\\/\\\/mistrzowieimprez.pl\\\/sklep\\\/\"},{\"@type\":\"ListItem\",\"position\":3,\"name\":\"Pit-Stop\"}]},{\"@type\":\"WebSite\",\"@id\":\"https:\\\/\\\/mistrzowieimprez.pl\\\/#website\",\"url\":\"https:\\\/\\\/mistrzowieimprez.pl\\\/\",\"name\":\"Mistrzowie Imprez\",\"description\":\"Kompleksowa organizacja imprez\",\"publisher\":{\"@id\":\"https:\\\/\\\/mistrzowieimprez.pl\\\/#organization\"},\"potentialAction\":[{\"@type\":\"SearchAction\",\"target\":{\"@type\":\"EntryPoint\",\"urlTemplate\":\"https:\\\/\\\/mistrzowieimprez.pl\\\/?s={search_term_string}\"},\"query-input\":{\"@type\":\"PropertyValueSpecification\",\"valueRequired\":true,\"valueName\":\"search_term_string\"}}],\"inLanguage\":\"en-GB\"},{\"@type\":\"Organization\",\"@id\":\"https:\\\/\\\/mistrzowieimprez.pl\\\/#organization\",\"name\":\"Mistrzowie Imprez\",\"url\":\"https:\\\/\\\/mistrzowieimprez.pl\\\/\",\"logo\":{\"@type\":\"ImageObject\",\"inLanguage\":\"en-GB\",\"@id\":\"https:\\\/\\\/mistrzowieimprez.pl\\\/#\\\/schema\\\/logo\\\/image\\\/\",\"url\":\"https:\\\/\\\/mistrzowieimprez.pl\\\/wp-content\\\/uploads\\\/2024\\\/08\\\/mistrzowie_imprez_logo_ciemne-tlo@4x.png\",\"contentUrl\":\"https:\\\/\\\/mistrzowieimprez.pl\\\/wp-content\\\/uploads\\\/2024\\\/08\\\/mistrzowie_imprez_logo_ciemne-tlo@4x.png\",\"width\":1318,\"height\":351,\"caption\":\"Mistrzowie Imprez\"},\"image\":{\"@id\":\"https:\\\/\\\/mistrzowieimprez.pl\\\/#\\\/schema\\\/logo\\\/image\\\/\"},\"sameAs\":[\"https:\\\/\\\/www.facebook.com\\\/mistrzowieimprez\",\"https:\\\/\\\/www.instagram.com\\\/mistrzowieimprez\\\/\",\"https:\\\/\\\/www.youtube.com\\\/@ytmistrzowieimprez\"]}]}<\/script>\n<!-- \/ Yoast SEO plugin. -->","yoast_head_json":{"title":"Pit-Stop na eventy \u2013 wynajem symulatora zmiany ko\u0142a F1","robots":{"index":"index","follow":"follow","max-snippet":"max-snippet:-1","max-image-preview":"max-image-preview:large","max-video-preview":"max-video-preview:-1"},"canonical":"https:\/\/mistrzowieimprez.pl\/en\/product\/pit-stop\/","og_locale":"en_GB","og_type":"article","og_title":"Pit-Stop na eventy \u2013 wynajem symulatora zmiany ko\u0142a F1","og_description":"Nasza stacja Pit-Stop to miejsce, gdzie adrenalina spotyka zabaw\u0119. Ta interaktywna gra pe\u0142na jest rywalizacji i jest idealna dla m\u0142odzie\u017cy i doros\u0142ych na ka\u017cdym evencie. Prze\u017cyj emocje prawdziwych wy\u015bcig\u00f3w Formu\u0142y 1, rywalizuj\u0105c z przyjaci\u00f3\u0142mi czy kolegami z pracy.","og_url":"https:\/\/mistrzowieimprez.pl\/en\/product\/pit-stop\/","og_site_name":"Mistrzowie Imprez","article_publisher":"https:\/\/www.facebook.com\/mistrzowieimprez","article_modified_time":"2026-03-18T08:59:34+00:00","og_image":[{"url":"https:\/\/mistrzowieimprez.pl\/wp-content\/uploads\/2024\/09\/Pit-Stop.png","width":800,"height":800,"type":"image\/png"}],"twitter_card":"summary_large_image","twitter_misc":{"Estimated reading time":"1 minute"},"schema":{"@context":"https:\/\/schema.org","@graph":[{"@type":"WebPage","@id":"https:\/\/mistrzowieimprez.pl\/produkt\/pit-stop\/","url":"https:\/\/mistrzowieimprez.pl\/produkt\/pit-stop\/","name":"Pit-Stop na eventy \u2013 wynajem symulatora zmiany ko\u0142a F1","isPartOf":{"@id":"https:\/\/mistrzowieimprez.pl\/#website"},"primaryImageOfPage":{"@id":"https:\/\/mistrzowieimprez.pl\/produkt\/pit-stop\/#primaryimage"},"image":{"@id":"https:\/\/mistrzowieimprez.pl\/produkt\/pit-stop\/#primaryimage"},"thumbnailUrl":"https:\/\/mistrzowieimprez.pl\/wp-content\/uploads\/2024\/09\/Pit-Stop.png","datePublished":"2024-09-01T09:07:32+00:00","dateModified":"2026-03-18T08:59:34+00:00","breadcrumb":{"@id":"https:\/\/mistrzowieimprez.pl\/produkt\/pit-stop\/#breadcrumb"},"inLanguage":"en-GB","potentialAction":[{"@type":"ReadAction","target":["https:\/\/mistrzowieimprez.pl\/produkt\/pit-stop\/"]}]},{"@type":"ImageObject","inLanguage":"en-GB","@id":"https:\/\/mistrzowieimprez.pl\/produkt\/pit-stop\/#primaryimage","url":"https:\/\/mistrzowieimprez.pl\/wp-content\/uploads\/2024\/09\/Pit-Stop.png","contentUrl":"https:\/\/mistrzowieimprez.pl\/wp-content\/uploads\/2024\/09\/Pit-Stop.png","width":1000,"height":1000,"caption":"Dw\u00f3ch m\u0119\u017cczyzn pracuje nad wymian\u0105 ko\u0142a z wykorzystaniem wkr\u0119tarki podczas wydarzenia zwi\u0105zanego z motoryzacj\u0105."},{"@type":"BreadcrumbList","@id":"https:\/\/mistrzowieimprez.pl\/produkt\/pit-stop\/#breadcrumb","itemListElement":[{"@type":"ListItem","position":1,"name":"Strona g\u0142\u00f3wna","item":"https:\/\/mistrzowieimprez.pl\/"},{"@type":"ListItem","position":2,"name":"sklep","item":"https:\/\/mistrzowieimprez.pl\/sklep\/"},{"@type":"ListItem","position":3,"name":"Pit-Stop"}]},{"@type":"WebSite","@id":"https:\/\/mistrzowieimprez.pl\/#website","url":"https:\/\/mistrzowieimprez.pl\/","name":"Mistrzowie Imprez","description":"Kompleksowa organizacja imprez","publisher":{"@id":"https:\/\/mistrzowieimprez.pl\/#organization"},"potentialAction":[{"@type":"SearchAction","target":{"@type":"EntryPoint","urlTemplate":"https:\/\/mistrzowieimprez.pl\/?s={search_term_string}"},"query-input":{"@type":"PropertyValueSpecification","valueRequired":true,"valueName":"search_term_string"}}],"inLanguage":"en-GB"},{"@type":"Organization","@id":"https:\/\/mistrzowieimprez.pl\/#organization","name":"Mistrzowie Imprez","url":"https:\/\/mistrzowieimprez.pl\/","logo":{"@type":"ImageObject","inLanguage":"en-GB","@id":"https:\/\/mistrzowieimprez.pl\/#\/schema\/logo\/image\/","url":"https:\/\/mistrzowieimprez.pl\/wp-content\/uploads\/2024\/08\/mistrzowie_imprez_logo_ciemne-tlo@4x.png","contentUrl":"https:\/\/mistrzowieimprez.pl\/wp-content\/uploads\/2024\/08\/mistrzowie_imprez_logo_ciemne-tlo@4x.png","width":1318,"height":351,"caption":"Mistrzowie Imprez"},"image":{"@id":"https:\/\/mistrzowieimprez.pl\/#\/schema\/logo\/image\/"},"sameAs":["https:\/\/www.facebook.com\/mistrzowieimprez","https:\/\/www.instagram.com\/mistrzowieimprez\/","https:\/\/www.youtube.com\/@ytmistrzowieimprez"]}]}},"_links":{"self":[{"href":"https:\/\/mistrzowieimprez.pl\/en\/wp-json\/wp\/v2\/product\/754","targetHints":{"allow":["GET"]}}],"collection":[{"href":"https:\/\/mistrzowieimprez.pl\/en\/wp-json\/wp\/v2\/product"}],"about":[{"href":"https:\/\/mistrzowieimprez.pl\/en\/wp-json\/wp\/v2\/types\/product"}],"replies":[{"embeddable":true,"href":"https:\/\/mistrzowieimprez.pl\/en\/wp-json\/wp\/v2\/comments?post=754"}],"version-history":[{"count":1,"href":"https:\/\/mistrzowieimprez.pl\/en\/wp-json\/wp\/v2\/product\/754\/revisions"}],"predecessor-version":[{"id":3561,"href":"https:\/\/mistrzowieimprez.pl\/en\/wp-json\/wp\/v2\/product\/754\/revisions\/3561"}],"wp:featuredmedia":[{"embeddable":true,"href":"https:\/\/mistrzowieimprez.pl\/en\/wp-json\/wp\/v2\/media\/1260"}],"wp:attachment":[{"href":"https:\/\/mistrzowieimprez.pl\/en\/wp-json\/wp\/v2\/media?parent=754"}],"wp:term":[{"taxonomy":"product_brand","embeddable":true,"href":"https:\/\/mistrzowieimprez.pl\/en\/wp-json\/wp\/v2\/product_brand?post=754"},{"taxonomy":"product_cat","embeddable":true,"href":"https:\/\/mistrzowieimprez.pl\/en\/wp-json\/wp\/v2\/product_cat?post=754"},{"taxonomy":"product_tag","embeddable":true,"href":"https:\/\/mistrzowieimprez.pl\/en\/wp-json\/wp\/v2\/product_tag?post=754"}],"curies":[{"name":"wp","href":"https:\/\/api.w.org\/{rel}","templated":true}]}}