{"id":751,"date":"2024-09-01T09:07:30","date_gmt":"2024-09-01T09:07:30","guid":{"rendered":"https:\/\/mistrzowieimprez.pl\/produkt\/speedminton\/"},"modified":"2026-03-18T08:58:44","modified_gmt":"2026-03-18T08:58:44","slug":"speedminton","status":"publish","type":"product","link":"https:\/\/mistrzowieimprez.pl\/en\/product\/speedminton\/","title":{"rendered":"Speedminton"},"content":{"rendered":"<p>Zapraszamy do \u015bwiata Speedmintona &#8211; ekscytuj\u0105cej, szybkiej i pe\u0142nej energii gry, kt\u00f3ra z pewno\u015bci\u0105 dostarczy Ci mn\u00f3stwo rado\u015bci i przyg\u00f3d! Speedminton to idealna zabawa na ka\u017cd\u0105 imprez\u0119, dla ka\u017cdej grupy wiekowej. To idealna r\u00f3wnowaga pomi\u0119dzy sportem a relaksem, gdzie ka\u017cdy mo\u017ce poczu\u0107 dreszczyk emocji!<\/p>\n<ul>\n<li>Ca\u0142kowita mobilno\u015b\u0107 &#8211; zestaw Speedmintona mo\u017cna \u0142atwo przenosi\u0107 i ustawia\u0107 na dowolnej p\u0142askiej powierzchni<\/li>\n<li>2 kompletne zestawy do gry, pozwalaj\u0105ce na jednoczesn\u0105 gr\u0119 do 4 os\u00f3b<\/li>\n<li>W sk\u0142ad zestawu wchodz\u0105 pi\u0142ki speeder, kt\u00f3re s\u0105 specjalnie zaprojektowane do gry na otwartym terenie, niezale\u017cnie od warunk\u00f3w pogodowych<\/li>\n<\/ul>\n<ul>\n<li>\u015awietna zabawa i adrenalina &#8211; Speedminton to szybka i ekscytuj\u0105ca gra, kt\u00f3ra dostarcza mn\u00f3stwo rado\u015bci i emocji<\/li>\n<li>Rozwija koordynacj\u0119 ruchow\u0105 i zr\u0119czno\u015b\u0107 &#8211; gra wymaga precyzyjno\u015bci, szybko\u015bci i zwinno\u015bci<\/li>\n<li>Promuje zdrow\u0105 rywalizacj\u0119 i prac\u0119 zespo\u0142ow\u0105 &#8211; gra w Speedmintona to doskona\u0142a okazja do nauki zasad fair play i kszta\u0142towania umiej\u0119tno\u015bci wsp\u00f3\u0142pracy<\/li>\n<\/ul>\n<p>Nie czekaj, dodaj Speedmintona do swojego koszyka i do\u015bwiadcz niezapomnianej zabawy!<\/p>","protected":false},"excerpt":{"rendered":"<p>Speedminton to ekscytuj\u0105ca gra pe\u0142na energii, idealna na ka\u017cd\u0105 imprez\u0119 i dla ka\u017cdej grupy wiekowej. Ten sportowy relaks dostarczy Ci mn\u00f3stwo rado\u015bci, emocji i przyg\u00f3d, rozwijaj\u0105c przy tym Twoj\u0105 koordynacj\u0119 ruchow\u0105 i zr\u0119czno\u015b\u0107. Zestaw do gry jest \u0142atwy do przeniesienia i ustawienia, a specjalne pi\u0142ki speeder umo\u017cliwiaj\u0105 gr\u0119 na otwartym terenie w dowolnych warunkach pogodowych.<\/p>","protected":false},"featured_media":1276,"comment_status":"closed","ping_status":"closed","template":"","meta":{"_acf_changed":false},"product_brand":[],"product_cat":[80,88],"product_tag":[],"class_list":{"0":"post-751","1":"product","2":"type-product","3":"status-publish","4":"has-post-thumbnail","6":"product_cat-dla-mlodziezy-i-doroslych","7":"product_cat-konkurencje-zespolowe","9":"first","10":"instock","11":"downloadable","12":"virtual","13":"purchasable","14":"product-type-simple"},"acf":[],"yoast_head":"<!-- This site is optimized with the Yoast SEO plugin v27.5 - https:\/\/yoast.com\/product\/yoast-seo-wordpress\/ -->\n<title>Speedminton \u2013 wynajem zestaw\u00f3w do szybkiego badmintona<\/title>\n<meta name=\"robots\" content=\"index, follow, max-snippet:-1, max-image-preview:large, max-video-preview:-1\" \/>\n<link rel=\"canonical\" href=\"https:\/\/mistrzowieimprez.pl\/en\/product\/speedminton\/\" \/>\n<meta property=\"og:locale\" content=\"en_GB\" \/>\n<meta property=\"og:type\" content=\"article\" \/>\n<meta property=\"og:title\" content=\"Speedminton \u2013 wynajem zestaw\u00f3w do szybkiego badmintona\" \/>\n<meta property=\"og:description\" content=\"Speedminton to ekscytuj\u0105ca gra pe\u0142na energii, idealna na ka\u017cd\u0105 imprez\u0119 i dla ka\u017cdej grupy wiekowej. Ten sportowy relaks dostarczy Ci mn\u00f3stwo rado\u015bci, emocji i przyg\u00f3d, rozwijaj\u0105c przy tym Twoj\u0105 koordynacj\u0119 ruchow\u0105 i zr\u0119czno\u015b\u0107. Zestaw do gry jest \u0142atwy do przeniesienia i ustawienia, a specjalne pi\u0142ki speeder umo\u017cliwiaj\u0105 gr\u0119 na otwartym terenie w dowolnych warunkach pogodowych.\" \/>\n<meta property=\"og:url\" content=\"https:\/\/mistrzowieimprez.pl\/en\/product\/speedminton\/\" \/>\n<meta property=\"og:site_name\" content=\"Mistrzowie Imprez\" \/>\n<meta property=\"article:publisher\" content=\"https:\/\/www.facebook.com\/mistrzowieimprez\" \/>\n<meta property=\"article:modified_time\" content=\"2026-03-18T08:58:44+00:00\" \/>\n<meta property=\"og:image\" content=\"https:\/\/mistrzowieimprez.pl\/wp-content\/uploads\/2024\/09\/Speedminton.png\" \/>\n\t<meta property=\"og:image:width\" content=\"800\" \/>\n\t<meta property=\"og:image:height\" content=\"800\" \/>\n\t<meta property=\"og:image:type\" content=\"image\/png\" \/>\n<meta name=\"twitter:card\" content=\"summary_large_image\" \/>\n<meta name=\"twitter:label1\" content=\"Estimated reading time\" \/>\n\t<meta name=\"twitter:data1\" content=\"2 minutes\" \/>\n<script type=\"application\/ld+json\" class=\"yoast-schema-graph\">{\"@context\":\"https:\\\/\\\/schema.org\",\"@graph\":[{\"@type\":\"WebPage\",\"@id\":\"https:\\\/\\\/mistrzowieimprez.pl\\\/produkt\\\/speedminton\\\/\",\"url\":\"https:\\\/\\\/mistrzowieimprez.pl\\\/produkt\\\/speedminton\\\/\",\"name\":\"Speedminton \u2013 wynajem zestaw\u00f3w do szybkiego badmintona\",\"isPartOf\":{\"@id\":\"https:\\\/\\\/mistrzowieimprez.pl\\\/#website\"},\"primaryImageOfPage\":{\"@id\":\"https:\\\/\\\/mistrzowieimprez.pl\\\/produkt\\\/speedminton\\\/#primaryimage\"},\"image\":{\"@id\":\"https:\\\/\\\/mistrzowieimprez.pl\\\/produkt\\\/speedminton\\\/#primaryimage\"},\"thumbnailUrl\":\"https:\\\/\\\/mistrzowieimprez.pl\\\/wp-content\\\/uploads\\\/2024\\\/09\\\/Speedminton.png\",\"datePublished\":\"2024-09-01T09:07:30+00:00\",\"dateModified\":\"2026-03-18T08:58:44+00:00\",\"breadcrumb\":{\"@id\":\"https:\\\/\\\/mistrzowieimprez.pl\\\/produkt\\\/speedminton\\\/#breadcrumb\"},\"inLanguage\":\"en-GB\",\"potentialAction\":[{\"@type\":\"ReadAction\",\"target\":[\"https:\\\/\\\/mistrzowieimprez.pl\\\/produkt\\\/speedminton\\\/\"]}]},{\"@type\":\"ImageObject\",\"inLanguage\":\"en-GB\",\"@id\":\"https:\\\/\\\/mistrzowieimprez.pl\\\/produkt\\\/speedminton\\\/#primaryimage\",\"url\":\"https:\\\/\\\/mistrzowieimprez.pl\\\/wp-content\\\/uploads\\\/2024\\\/09\\\/Speedminton.png\",\"contentUrl\":\"https:\\\/\\\/mistrzowieimprez.pl\\\/wp-content\\\/uploads\\\/2024\\\/09\\\/Speedminton.png\",\"width\":1000,\"height\":1000,\"caption\":\"Grafika przedstawia dwie rakietki i kolorowego lotk\u0119 do gry w speedmintona lub badmintona, u\u017cywane jako atrakcja podczas event\u00f3w.\"},{\"@type\":\"BreadcrumbList\",\"@id\":\"https:\\\/\\\/mistrzowieimprez.pl\\\/produkt\\\/speedminton\\\/#breadcrumb\",\"itemListElement\":[{\"@type\":\"ListItem\",\"position\":1,\"name\":\"Strona g\u0142\u00f3wna\",\"item\":\"https:\\\/\\\/mistrzowieimprez.pl\\\/\"},{\"@type\":\"ListItem\",\"position\":2,\"name\":\"sklep\",\"item\":\"https:\\\/\\\/mistrzowieimprez.pl\\\/sklep\\\/\"},{\"@type\":\"ListItem\",\"position\":3,\"name\":\"Speedminton\"}]},{\"@type\":\"WebSite\",\"@id\":\"https:\\\/\\\/mistrzowieimprez.pl\\\/#website\",\"url\":\"https:\\\/\\\/mistrzowieimprez.pl\\\/\",\"name\":\"Mistrzowie Imprez\",\"description\":\"Kompleksowa organizacja imprez\",\"publisher\":{\"@id\":\"https:\\\/\\\/mistrzowieimprez.pl\\\/#organization\"},\"potentialAction\":[{\"@type\":\"SearchAction\",\"target\":{\"@type\":\"EntryPoint\",\"urlTemplate\":\"https:\\\/\\\/mistrzowieimprez.pl\\\/?s={search_term_string}\"},\"query-input\":{\"@type\":\"PropertyValueSpecification\",\"valueRequired\":true,\"valueName\":\"search_term_string\"}}],\"inLanguage\":\"en-GB\"},{\"@type\":\"Organization\",\"@id\":\"https:\\\/\\\/mistrzowieimprez.pl\\\/#organization\",\"name\":\"Mistrzowie Imprez\",\"url\":\"https:\\\/\\\/mistrzowieimprez.pl\\\/\",\"logo\":{\"@type\":\"ImageObject\",\"inLanguage\":\"en-GB\",\"@id\":\"https:\\\/\\\/mistrzowieimprez.pl\\\/#\\\/schema\\\/logo\\\/image\\\/\",\"url\":\"https:\\\/\\\/mistrzowieimprez.pl\\\/wp-content\\\/uploads\\\/2024\\\/08\\\/mistrzowie_imprez_logo_ciemne-tlo@4x.png\",\"contentUrl\":\"https:\\\/\\\/mistrzowieimprez.pl\\\/wp-content\\\/uploads\\\/2024\\\/08\\\/mistrzowie_imprez_logo_ciemne-tlo@4x.png\",\"width\":1318,\"height\":351,\"caption\":\"Mistrzowie Imprez\"},\"image\":{\"@id\":\"https:\\\/\\\/mistrzowieimprez.pl\\\/#\\\/schema\\\/logo\\\/image\\\/\"},\"sameAs\":[\"https:\\\/\\\/www.facebook.com\\\/mistrzowieimprez\",\"https:\\\/\\\/www.instagram.com\\\/mistrzowieimprez\\\/\",\"https:\\\/\\\/www.youtube.com\\\/@ytmistrzowieimprez\"]}]}<\/script>\n<!-- \/ Yoast SEO plugin. -->","yoast_head_json":{"title":"Speedminton \u2013 wynajem zestaw\u00f3w do szybkiego badmintona","robots":{"index":"index","follow":"follow","max-snippet":"max-snippet:-1","max-image-preview":"max-image-preview:large","max-video-preview":"max-video-preview:-1"},"canonical":"https:\/\/mistrzowieimprez.pl\/en\/product\/speedminton\/","og_locale":"en_GB","og_type":"article","og_title":"Speedminton \u2013 wynajem zestaw\u00f3w do szybkiego badmintona","og_description":"Speedminton to ekscytuj\u0105ca gra pe\u0142na energii, idealna na ka\u017cd\u0105 imprez\u0119 i dla ka\u017cdej grupy wiekowej. Ten sportowy relaks dostarczy Ci mn\u00f3stwo rado\u015bci, emocji i przyg\u00f3d, rozwijaj\u0105c przy tym Twoj\u0105 koordynacj\u0119 ruchow\u0105 i zr\u0119czno\u015b\u0107. Zestaw do gry jest \u0142atwy do przeniesienia i ustawienia, a specjalne pi\u0142ki speeder umo\u017cliwiaj\u0105 gr\u0119 na otwartym terenie w dowolnych warunkach pogodowych.","og_url":"https:\/\/mistrzowieimprez.pl\/en\/product\/speedminton\/","og_site_name":"Mistrzowie Imprez","article_publisher":"https:\/\/www.facebook.com\/mistrzowieimprez","article_modified_time":"2026-03-18T08:58:44+00:00","og_image":[{"url":"https:\/\/mistrzowieimprez.pl\/wp-content\/uploads\/2024\/09\/Speedminton.png","width":800,"height":800,"type":"image\/png"}],"twitter_card":"summary_large_image","twitter_misc":{"Estimated reading time":"2 minutes"},"schema":{"@context":"https:\/\/schema.org","@graph":[{"@type":"WebPage","@id":"https:\/\/mistrzowieimprez.pl\/produkt\/speedminton\/","url":"https:\/\/mistrzowieimprez.pl\/produkt\/speedminton\/","name":"Speedminton \u2013 wynajem zestaw\u00f3w do szybkiego badmintona","isPartOf":{"@id":"https:\/\/mistrzowieimprez.pl\/#website"},"primaryImageOfPage":{"@id":"https:\/\/mistrzowieimprez.pl\/produkt\/speedminton\/#primaryimage"},"image":{"@id":"https:\/\/mistrzowieimprez.pl\/produkt\/speedminton\/#primaryimage"},"thumbnailUrl":"https:\/\/mistrzowieimprez.pl\/wp-content\/uploads\/2024\/09\/Speedminton.png","datePublished":"2024-09-01T09:07:30+00:00","dateModified":"2026-03-18T08:58:44+00:00","breadcrumb":{"@id":"https:\/\/mistrzowieimprez.pl\/produkt\/speedminton\/#breadcrumb"},"inLanguage":"en-GB","potentialAction":[{"@type":"ReadAction","target":["https:\/\/mistrzowieimprez.pl\/produkt\/speedminton\/"]}]},{"@type":"ImageObject","inLanguage":"en-GB","@id":"https:\/\/mistrzowieimprez.pl\/produkt\/speedminton\/#primaryimage","url":"https:\/\/mistrzowieimprez.pl\/wp-content\/uploads\/2024\/09\/Speedminton.png","contentUrl":"https:\/\/mistrzowieimprez.pl\/wp-content\/uploads\/2024\/09\/Speedminton.png","width":1000,"height":1000,"caption":"Grafika przedstawia dwie rakietki i kolorowego lotk\u0119 do gry w speedmintona lub badmintona, u\u017cywane jako atrakcja podczas event\u00f3w."},{"@type":"BreadcrumbList","@id":"https:\/\/mistrzowieimprez.pl\/produkt\/speedminton\/#breadcrumb","itemListElement":[{"@type":"ListItem","position":1,"name":"Strona g\u0142\u00f3wna","item":"https:\/\/mistrzowieimprez.pl\/"},{"@type":"ListItem","position":2,"name":"sklep","item":"https:\/\/mistrzowieimprez.pl\/sklep\/"},{"@type":"ListItem","position":3,"name":"Speedminton"}]},{"@type":"WebSite","@id":"https:\/\/mistrzowieimprez.pl\/#website","url":"https:\/\/mistrzowieimprez.pl\/","name":"Mistrzowie Imprez","description":"Kompleksowa organizacja imprez","publisher":{"@id":"https:\/\/mistrzowieimprez.pl\/#organization"},"potentialAction":[{"@type":"SearchAction","target":{"@type":"EntryPoint","urlTemplate":"https:\/\/mistrzowieimprez.pl\/?s={search_term_string}"},"query-input":{"@type":"PropertyValueSpecification","valueRequired":true,"valueName":"search_term_string"}}],"inLanguage":"en-GB"},{"@type":"Organization","@id":"https:\/\/mistrzowieimprez.pl\/#organization","name":"Mistrzowie Imprez","url":"https:\/\/mistrzowieimprez.pl\/","logo":{"@type":"ImageObject","inLanguage":"en-GB","@id":"https:\/\/mistrzowieimprez.pl\/#\/schema\/logo\/image\/","url":"https:\/\/mistrzowieimprez.pl\/wp-content\/uploads\/2024\/08\/mistrzowie_imprez_logo_ciemne-tlo@4x.png","contentUrl":"https:\/\/mistrzowieimprez.pl\/wp-content\/uploads\/2024\/08\/mistrzowie_imprez_logo_ciemne-tlo@4x.png","width":1318,"height":351,"caption":"Mistrzowie Imprez"},"image":{"@id":"https:\/\/mistrzowieimprez.pl\/#\/schema\/logo\/image\/"},"sameAs":["https:\/\/www.facebook.com\/mistrzowieimprez","https:\/\/www.instagram.com\/mistrzowieimprez\/","https:\/\/www.youtube.com\/@ytmistrzowieimprez"]}]}},"_links":{"self":[{"href":"https:\/\/mistrzowieimprez.pl\/en\/wp-json\/wp\/v2\/product\/751","targetHints":{"allow":["GET"]}}],"collection":[{"href":"https:\/\/mistrzowieimprez.pl\/en\/wp-json\/wp\/v2\/product"}],"about":[{"href":"https:\/\/mistrzowieimprez.pl\/en\/wp-json\/wp\/v2\/types\/product"}],"replies":[{"embeddable":true,"href":"https:\/\/mistrzowieimprez.pl\/en\/wp-json\/wp\/v2\/comments?post=751"}],"version-history":[{"count":1,"href":"https:\/\/mistrzowieimprez.pl\/en\/wp-json\/wp\/v2\/product\/751\/revisions"}],"predecessor-version":[{"id":3559,"href":"https:\/\/mistrzowieimprez.pl\/en\/wp-json\/wp\/v2\/product\/751\/revisions\/3559"}],"wp:featuredmedia":[{"embeddable":true,"href":"https:\/\/mistrzowieimprez.pl\/en\/wp-json\/wp\/v2\/media\/1276"}],"wp:attachment":[{"href":"https:\/\/mistrzowieimprez.pl\/en\/wp-json\/wp\/v2\/media?parent=751"}],"wp:term":[{"taxonomy":"product_brand","embeddable":true,"href":"https:\/\/mistrzowieimprez.pl\/en\/wp-json\/wp\/v2\/product_brand?post=751"},{"taxonomy":"product_cat","embeddable":true,"href":"https:\/\/mistrzowieimprez.pl\/en\/wp-json\/wp\/v2\/product_cat?post=751"},{"taxonomy":"product_tag","embeddable":true,"href":"https:\/\/mistrzowieimprez.pl\/en\/wp-json\/wp\/v2\/product_tag?post=751"}],"curies":[{"name":"wp","href":"https:\/\/api.w.org\/{rel}","templated":true}]}}