{"id":748,"date":"2024-09-01T09:07:29","date_gmt":"2024-09-01T09:07:29","guid":{"rendered":"https:\/\/mistrzowieimprez.pl\/produkt\/hokej-na-trawie\/"},"modified":"2026-03-18T08:57:08","modified_gmt":"2026-03-18T08:57:08","slug":"hokej-na-trawie","status":"publish","type":"product","link":"https:\/\/mistrzowieimprez.pl\/en\/product\/hokej-na-trawie\/","title":{"rendered":"Hokej na trawie"},"content":{"rendered":"<p>Ciesz si\u0119 niesko\u0144czon\u0105 zabaw\u0105 i rywalizacj\u0105 z nasz\u0105 us\u0142ug\u0105 Hokej na Trawie! Ta dynamiczna i pe\u0142na emocji gra jest idealna dla ka\u017cdego wydarzenia, niezale\u017cnie od tego, czy jest to piknik rodzinny, impreza firmowa, czy zorganizowane wydarzenie sportowe. W hokeju na trawie liczy si\u0119 nie tylko celno\u015b\u0107, ale r\u00f3wnie\u017c zgranie zespo\u0142owe i taktyka, co czyni go doskona\u0142\u0105 atrakcj\u0105 na ka\u017cde wydarzenie!<\/p>\n<ul>\n<li>Wielko\u015b\u0107 boiska dostosowana do liczby uczestnik\u00f3w<\/li>\n<li>Kompletny zestaw sprz\u0119tu: kije, pi\u0142ki, bramki<\/li>\n<li>Mo\u017cliwo\u015b\u0107 zorganizowania turnieju z s\u0119dzi\u0105 i nagrodami<\/li>\n<\/ul>\n<ul>\n<li>Doskona\u0142a okazja do integracji i budowania ducha zespo\u0142owego<\/li>\n<li>Stymulacja zdrowej rywalizacji i aktywno\u015bci fizycznej<\/li>\n<li>Poznanie nowego, ekscytuj\u0105cego sportu i rozwijanie nowych umiej\u0119tno\u015bci<\/li>\n<\/ul>\n<p>Nie czekaj &#8211; dodaj Hokej na Trawie do Twojego zapytania ofertowego i zapewnij niezapomniane emocje na Twoim wydarzeniu!<\/p>","protected":false},"excerpt":{"rendered":"<p>Daj si\u0119 porwa\u0107 emocjom z naszym Hokejem na Trawie! Ta dynamiczna gra \u0142\u0105czy w sobie rywalizacj\u0119, zgranie zespo\u0142owe i taktyk\u0119. Idealna atrakcja dla piknik\u00f3w rodzinnych, imprez firmowych czy sportowych event\u00f3w.<\/p>","protected":false},"featured_media":1201,"comment_status":"closed","ping_status":"closed","template":"","meta":{"_acf_changed":false},"product_brand":[],"product_cat":[80,88],"product_tag":[],"class_list":{"0":"post-748","1":"product","2":"type-product","3":"status-publish","4":"has-post-thumbnail","6":"product_cat-dla-mlodziezy-i-doroslych","7":"product_cat-konkurencje-zespolowe","9":"first","10":"instock","11":"downloadable","12":"virtual","13":"purchasable","14":"product-type-simple"},"acf":[],"yoast_head":"<!-- This site is optimized with the Yoast SEO plugin v27.5 - https:\/\/yoast.com\/product\/yoast-seo-wordpress\/ -->\n<title>Zorganizuj turniej hokeja na trawie \u2013 emocje i s\u0119dzia na Tw\u00f3j event<\/title>\n<meta name=\"robots\" content=\"index, follow, max-snippet:-1, max-image-preview:large, max-video-preview:-1\" \/>\n<link rel=\"canonical\" href=\"https:\/\/mistrzowieimprez.pl\/en\/product\/hokej-na-trawie\/\" \/>\n<meta property=\"og:locale\" content=\"en_GB\" \/>\n<meta property=\"og:type\" content=\"article\" \/>\n<meta property=\"og:title\" content=\"Zorganizuj turniej hokeja na trawie \u2013 emocje i s\u0119dzia na Tw\u00f3j event\" \/>\n<meta property=\"og:description\" content=\"Daj si\u0119 porwa\u0107 emocjom z naszym Hokejem na Trawie! Ta dynamiczna gra \u0142\u0105czy w sobie rywalizacj\u0119, zgranie zespo\u0142owe i taktyk\u0119. Idealna atrakcja dla piknik\u00f3w rodzinnych, imprez firmowych czy sportowych event\u00f3w.\" \/>\n<meta property=\"og:url\" content=\"https:\/\/mistrzowieimprez.pl\/en\/product\/hokej-na-trawie\/\" \/>\n<meta property=\"og:site_name\" content=\"Mistrzowie Imprez\" \/>\n<meta property=\"article:publisher\" content=\"https:\/\/www.facebook.com\/mistrzowieimprez\" \/>\n<meta property=\"article:modified_time\" content=\"2026-03-18T08:57:08+00:00\" \/>\n<meta property=\"og:image\" content=\"https:\/\/mistrzowieimprez.pl\/wp-content\/uploads\/2024\/09\/Hokej-na-trawie.png\" \/>\n\t<meta property=\"og:image:width\" content=\"800\" \/>\n\t<meta property=\"og:image:height\" content=\"800\" \/>\n\t<meta property=\"og:image:type\" content=\"image\/png\" \/>\n<meta name=\"twitter:card\" content=\"summary_large_image\" \/>\n<meta name=\"twitter:label1\" content=\"Estimated reading time\" \/>\n\t<meta name=\"twitter:data1\" content=\"1 minute\" \/>\n<script type=\"application\/ld+json\" class=\"yoast-schema-graph\">{\"@context\":\"https:\\\/\\\/schema.org\",\"@graph\":[{\"@type\":\"WebPage\",\"@id\":\"https:\\\/\\\/mistrzowieimprez.pl\\\/produkt\\\/hokej-na-trawie\\\/\",\"url\":\"https:\\\/\\\/mistrzowieimprez.pl\\\/produkt\\\/hokej-na-trawie\\\/\",\"name\":\"Zorganizuj turniej hokeja na trawie \u2013 emocje i s\u0119dzia na Tw\u00f3j event\",\"isPartOf\":{\"@id\":\"https:\\\/\\\/mistrzowieimprez.pl\\\/#website\"},\"primaryImageOfPage\":{\"@id\":\"https:\\\/\\\/mistrzowieimprez.pl\\\/produkt\\\/hokej-na-trawie\\\/#primaryimage\"},\"image\":{\"@id\":\"https:\\\/\\\/mistrzowieimprez.pl\\\/produkt\\\/hokej-na-trawie\\\/#primaryimage\"},\"thumbnailUrl\":\"https:\\\/\\\/mistrzowieimprez.pl\\\/wp-content\\\/uploads\\\/2024\\\/09\\\/Hokej-na-trawie.png\",\"datePublished\":\"2024-09-01T09:07:29+00:00\",\"dateModified\":\"2026-03-18T08:57:08+00:00\",\"breadcrumb\":{\"@id\":\"https:\\\/\\\/mistrzowieimprez.pl\\\/produkt\\\/hokej-na-trawie\\\/#breadcrumb\"},\"inLanguage\":\"en-GB\",\"potentialAction\":[{\"@type\":\"ReadAction\",\"target\":[\"https:\\\/\\\/mistrzowieimprez.pl\\\/produkt\\\/hokej-na-trawie\\\/\"]}]},{\"@type\":\"ImageObject\",\"inLanguage\":\"en-GB\",\"@id\":\"https:\\\/\\\/mistrzowieimprez.pl\\\/produkt\\\/hokej-na-trawie\\\/#primaryimage\",\"url\":\"https:\\\/\\\/mistrzowieimprez.pl\\\/wp-content\\\/uploads\\\/2024\\\/09\\\/Hokej-na-trawie.png\",\"contentUrl\":\"https:\\\/\\\/mistrzowieimprez.pl\\\/wp-content\\\/uploads\\\/2024\\\/09\\\/Hokej-na-trawie.png\",\"width\":1000,\"height\":1000,\"caption\":\"M\u0142ody m\u0119\u017cczyzna w stroju instruktora trzyma kij do hokeja na trawie, na tle boiska z bramk\u0105.\"},{\"@type\":\"BreadcrumbList\",\"@id\":\"https:\\\/\\\/mistrzowieimprez.pl\\\/produkt\\\/hokej-na-trawie\\\/#breadcrumb\",\"itemListElement\":[{\"@type\":\"ListItem\",\"position\":1,\"name\":\"Strona g\u0142\u00f3wna\",\"item\":\"https:\\\/\\\/mistrzowieimprez.pl\\\/\"},{\"@type\":\"ListItem\",\"position\":2,\"name\":\"sklep\",\"item\":\"https:\\\/\\\/mistrzowieimprez.pl\\\/sklep\\\/\"},{\"@type\":\"ListItem\",\"position\":3,\"name\":\"Hokej na trawie\"}]},{\"@type\":\"WebSite\",\"@id\":\"https:\\\/\\\/mistrzowieimprez.pl\\\/#website\",\"url\":\"https:\\\/\\\/mistrzowieimprez.pl\\\/\",\"name\":\"Mistrzowie Imprez\",\"description\":\"Kompleksowa organizacja imprez\",\"publisher\":{\"@id\":\"https:\\\/\\\/mistrzowieimprez.pl\\\/#organization\"},\"potentialAction\":[{\"@type\":\"SearchAction\",\"target\":{\"@type\":\"EntryPoint\",\"urlTemplate\":\"https:\\\/\\\/mistrzowieimprez.pl\\\/?s={search_term_string}\"},\"query-input\":{\"@type\":\"PropertyValueSpecification\",\"valueRequired\":true,\"valueName\":\"search_term_string\"}}],\"inLanguage\":\"en-GB\"},{\"@type\":\"Organization\",\"@id\":\"https:\\\/\\\/mistrzowieimprez.pl\\\/#organization\",\"name\":\"Mistrzowie Imprez\",\"url\":\"https:\\\/\\\/mistrzowieimprez.pl\\\/\",\"logo\":{\"@type\":\"ImageObject\",\"inLanguage\":\"en-GB\",\"@id\":\"https:\\\/\\\/mistrzowieimprez.pl\\\/#\\\/schema\\\/logo\\\/image\\\/\",\"url\":\"https:\\\/\\\/mistrzowieimprez.pl\\\/wp-content\\\/uploads\\\/2024\\\/08\\\/mistrzowie_imprez_logo_ciemne-tlo@4x.png\",\"contentUrl\":\"https:\\\/\\\/mistrzowieimprez.pl\\\/wp-content\\\/uploads\\\/2024\\\/08\\\/mistrzowie_imprez_logo_ciemne-tlo@4x.png\",\"width\":1318,\"height\":351,\"caption\":\"Mistrzowie Imprez\"},\"image\":{\"@id\":\"https:\\\/\\\/mistrzowieimprez.pl\\\/#\\\/schema\\\/logo\\\/image\\\/\"},\"sameAs\":[\"https:\\\/\\\/www.facebook.com\\\/mistrzowieimprez\",\"https:\\\/\\\/www.instagram.com\\\/mistrzowieimprez\\\/\",\"https:\\\/\\\/www.youtube.com\\\/@ytmistrzowieimprez\"]}]}<\/script>\n<!-- \/ Yoast SEO plugin. -->","yoast_head_json":{"title":"Zorganizuj turniej hokeja na trawie \u2013 emocje i s\u0119dzia na Tw\u00f3j event","robots":{"index":"index","follow":"follow","max-snippet":"max-snippet:-1","max-image-preview":"max-image-preview:large","max-video-preview":"max-video-preview:-1"},"canonical":"https:\/\/mistrzowieimprez.pl\/en\/product\/hokej-na-trawie\/","og_locale":"en_GB","og_type":"article","og_title":"Zorganizuj turniej hokeja na trawie \u2013 emocje i s\u0119dzia na Tw\u00f3j event","og_description":"Daj si\u0119 porwa\u0107 emocjom z naszym Hokejem na Trawie! Ta dynamiczna gra \u0142\u0105czy w sobie rywalizacj\u0119, zgranie zespo\u0142owe i taktyk\u0119. Idealna atrakcja dla piknik\u00f3w rodzinnych, imprez firmowych czy sportowych event\u00f3w.","og_url":"https:\/\/mistrzowieimprez.pl\/en\/product\/hokej-na-trawie\/","og_site_name":"Mistrzowie Imprez","article_publisher":"https:\/\/www.facebook.com\/mistrzowieimprez","article_modified_time":"2026-03-18T08:57:08+00:00","og_image":[{"url":"https:\/\/mistrzowieimprez.pl\/wp-content\/uploads\/2024\/09\/Hokej-na-trawie.png","width":800,"height":800,"type":"image\/png"}],"twitter_card":"summary_large_image","twitter_misc":{"Estimated reading time":"1 minute"},"schema":{"@context":"https:\/\/schema.org","@graph":[{"@type":"WebPage","@id":"https:\/\/mistrzowieimprez.pl\/produkt\/hokej-na-trawie\/","url":"https:\/\/mistrzowieimprez.pl\/produkt\/hokej-na-trawie\/","name":"Zorganizuj turniej hokeja na trawie \u2013 emocje i s\u0119dzia na Tw\u00f3j event","isPartOf":{"@id":"https:\/\/mistrzowieimprez.pl\/#website"},"primaryImageOfPage":{"@id":"https:\/\/mistrzowieimprez.pl\/produkt\/hokej-na-trawie\/#primaryimage"},"image":{"@id":"https:\/\/mistrzowieimprez.pl\/produkt\/hokej-na-trawie\/#primaryimage"},"thumbnailUrl":"https:\/\/mistrzowieimprez.pl\/wp-content\/uploads\/2024\/09\/Hokej-na-trawie.png","datePublished":"2024-09-01T09:07:29+00:00","dateModified":"2026-03-18T08:57:08+00:00","breadcrumb":{"@id":"https:\/\/mistrzowieimprez.pl\/produkt\/hokej-na-trawie\/#breadcrumb"},"inLanguage":"en-GB","potentialAction":[{"@type":"ReadAction","target":["https:\/\/mistrzowieimprez.pl\/produkt\/hokej-na-trawie\/"]}]},{"@type":"ImageObject","inLanguage":"en-GB","@id":"https:\/\/mistrzowieimprez.pl\/produkt\/hokej-na-trawie\/#primaryimage","url":"https:\/\/mistrzowieimprez.pl\/wp-content\/uploads\/2024\/09\/Hokej-na-trawie.png","contentUrl":"https:\/\/mistrzowieimprez.pl\/wp-content\/uploads\/2024\/09\/Hokej-na-trawie.png","width":1000,"height":1000,"caption":"M\u0142ody m\u0119\u017cczyzna w stroju instruktora trzyma kij do hokeja na trawie, na tle boiska z bramk\u0105."},{"@type":"BreadcrumbList","@id":"https:\/\/mistrzowieimprez.pl\/produkt\/hokej-na-trawie\/#breadcrumb","itemListElement":[{"@type":"ListItem","position":1,"name":"Strona g\u0142\u00f3wna","item":"https:\/\/mistrzowieimprez.pl\/"},{"@type":"ListItem","position":2,"name":"sklep","item":"https:\/\/mistrzowieimprez.pl\/sklep\/"},{"@type":"ListItem","position":3,"name":"Hokej na trawie"}]},{"@type":"WebSite","@id":"https:\/\/mistrzowieimprez.pl\/#website","url":"https:\/\/mistrzowieimprez.pl\/","name":"Mistrzowie Imprez","description":"Kompleksowa organizacja imprez","publisher":{"@id":"https:\/\/mistrzowieimprez.pl\/#organization"},"potentialAction":[{"@type":"SearchAction","target":{"@type":"EntryPoint","urlTemplate":"https:\/\/mistrzowieimprez.pl\/?s={search_term_string}"},"query-input":{"@type":"PropertyValueSpecification","valueRequired":true,"valueName":"search_term_string"}}],"inLanguage":"en-GB"},{"@type":"Organization","@id":"https:\/\/mistrzowieimprez.pl\/#organization","name":"Mistrzowie Imprez","url":"https:\/\/mistrzowieimprez.pl\/","logo":{"@type":"ImageObject","inLanguage":"en-GB","@id":"https:\/\/mistrzowieimprez.pl\/#\/schema\/logo\/image\/","url":"https:\/\/mistrzowieimprez.pl\/wp-content\/uploads\/2024\/08\/mistrzowie_imprez_logo_ciemne-tlo@4x.png","contentUrl":"https:\/\/mistrzowieimprez.pl\/wp-content\/uploads\/2024\/08\/mistrzowie_imprez_logo_ciemne-tlo@4x.png","width":1318,"height":351,"caption":"Mistrzowie Imprez"},"image":{"@id":"https:\/\/mistrzowieimprez.pl\/#\/schema\/logo\/image\/"},"sameAs":["https:\/\/www.facebook.com\/mistrzowieimprez","https:\/\/www.instagram.com\/mistrzowieimprez\/","https:\/\/www.youtube.com\/@ytmistrzowieimprez"]}]}},"_links":{"self":[{"href":"https:\/\/mistrzowieimprez.pl\/en\/wp-json\/wp\/v2\/product\/748","targetHints":{"allow":["GET"]}}],"collection":[{"href":"https:\/\/mistrzowieimprez.pl\/en\/wp-json\/wp\/v2\/product"}],"about":[{"href":"https:\/\/mistrzowieimprez.pl\/en\/wp-json\/wp\/v2\/types\/product"}],"replies":[{"embeddable":true,"href":"https:\/\/mistrzowieimprez.pl\/en\/wp-json\/wp\/v2\/comments?post=748"}],"version-history":[{"count":1,"href":"https:\/\/mistrzowieimprez.pl\/en\/wp-json\/wp\/v2\/product\/748\/revisions"}],"predecessor-version":[{"id":3557,"href":"https:\/\/mistrzowieimprez.pl\/en\/wp-json\/wp\/v2\/product\/748\/revisions\/3557"}],"wp:featuredmedia":[{"embeddable":true,"href":"https:\/\/mistrzowieimprez.pl\/en\/wp-json\/wp\/v2\/media\/1201"}],"wp:attachment":[{"href":"https:\/\/mistrzowieimprez.pl\/en\/wp-json\/wp\/v2\/media?parent=748"}],"wp:term":[{"taxonomy":"product_brand","embeddable":true,"href":"https:\/\/mistrzowieimprez.pl\/en\/wp-json\/wp\/v2\/product_brand?post=748"},{"taxonomy":"product_cat","embeddable":true,"href":"https:\/\/mistrzowieimprez.pl\/en\/wp-json\/wp\/v2\/product_cat?post=748"},{"taxonomy":"product_tag","embeddable":true,"href":"https:\/\/mistrzowieimprez.pl\/en\/wp-json\/wp\/v2\/product_tag?post=748"}],"curies":[{"name":"wp","href":"https:\/\/api.w.org\/{rel}","templated":true}]}}