{"id":747,"date":"2024-09-01T09:07:28","date_gmt":"2024-09-01T09:07:28","guid":{"rendered":"https:\/\/mistrzowieimprez.pl\/produkt\/siatkowka\/"},"modified":"2026-03-18T08:56:18","modified_gmt":"2026-03-18T08:56:18","slug":"siatkowka","status":"publish","type":"product","link":"https:\/\/mistrzowieimprez.pl\/en\/product\/siatkowka\/","title":{"rendered":"Siatk\u00f3wka"},"content":{"rendered":"<p>Zapraszamy do rywalizacji w najbardziej popularnej grze zespo\u0142owej &#8211; siatk\u00f3wce! Ta energetyczna i ekscytuj\u0105ca gra to doskona\u0142y spos\u00f3b na integracj\u0119, zabaw\u0119 i rywalizacj\u0119. Nasza us\u0142uga siatk\u00f3wki jest odpowiednia dla m\u0142odzie\u017cy i doros\u0142ych, a nasze profesjonalne sprz\u0119ty i zasady gry na pewno zapewni\u0105 niesamowite do\u015bwiadczenie!<\/p>\n<ul>\n<li>Profesjonalna siatka i pi\u0142ka do siatk\u00f3wki<\/li>\n<li>Mo\u017cliwo\u015b\u0107 gry na r\u00f3\u017cnych poziomach trudno\u015bci<\/li>\n<li>Dost\u0119p do do\u015bwiadczonych s\u0119dzi\u00f3w i trener\u00f3w<\/li>\n<\/ul>\n<ul>\n<li>\u015awietna zabawa i emocje zwi\u0105zane z rywalizacj\u0105<\/li>\n<li>Poprawa umiej\u0119tno\u015bci zespo\u0142owych i komunikacji<\/li>\n<li>Rozw\u00f3j fizyczny i poprawa kondycji<\/li>\n<\/ul>\n<p>Gotowy na prawdziwe wyzwanie? Dodaj siatk\u00f3wk\u0119 do swojego zapytania ofertowego ju\u017c teraz!<\/p>","protected":false},"excerpt":{"rendered":"<p>Zapraszamy na intensywn\u0105 rywalizacj\u0119 w siatk\u00f3wk\u0119 &#8211; najpopularniejsz\u0105 gr\u0119 zespo\u0142ow\u0105! Nasze profesjonalne sprz\u0119ty gwarantuj\u0105 niezapomniane do\u015bwiadczenie, a r\u00f3\u017cne poziomy trudno\u015bci sprawi\u0105, \u017ce ka\u017cdy znajdzie co\u015b dla siebie. Doskona\u0142a zabawa i poprawa umiej\u0119tno\u015bci zespo\u0142owych gwarantowane!<\/p>","protected":false},"featured_media":1138,"comment_status":"closed","ping_status":"closed","template":"","meta":{"_acf_changed":false},"product_brand":[],"product_cat":[80,88],"product_tag":[],"class_list":{"0":"post-747","1":"product","2":"type-product","3":"status-publish","4":"has-post-thumbnail","6":"product_cat-dla-mlodziezy-i-doroslych","7":"product_cat-konkurencje-zespolowe","9":"first","10":"instock","11":"downloadable","12":"virtual","13":"purchasable","14":"product-type-simple"},"acf":[],"yoast_head":"<!-- This site is optimized with the Yoast SEO plugin v27.5 - https:\/\/yoast.com\/product\/yoast-seo-wordpress\/ -->\n<title>Turniej siatk\u00f3wki: zintegruj zesp\u00f3\u0142 przez sportow\u0105 rywalizacj\u0119<\/title>\n<meta name=\"robots\" content=\"index, follow, max-snippet:-1, max-image-preview:large, max-video-preview:-1\" \/>\n<link rel=\"canonical\" href=\"https:\/\/mistrzowieimprez.pl\/en\/product\/siatkowka\/\" \/>\n<meta property=\"og:locale\" content=\"en_GB\" \/>\n<meta property=\"og:type\" content=\"article\" \/>\n<meta property=\"og:title\" content=\"Turniej siatk\u00f3wki: zintegruj zesp\u00f3\u0142 przez sportow\u0105 rywalizacj\u0119\" \/>\n<meta property=\"og:description\" content=\"Zapraszamy na intensywn\u0105 rywalizacj\u0119 w siatk\u00f3wk\u0119 - najpopularniejsz\u0105 gr\u0119 zespo\u0142ow\u0105! Nasze profesjonalne sprz\u0119ty gwarantuj\u0105 niezapomniane do\u015bwiadczenie, a r\u00f3\u017cne poziomy trudno\u015bci sprawi\u0105, \u017ce ka\u017cdy znajdzie co\u015b dla siebie. Doskona\u0142a zabawa i poprawa umiej\u0119tno\u015bci zespo\u0142owych gwarantowane!\" \/>\n<meta property=\"og:url\" content=\"https:\/\/mistrzowieimprez.pl\/en\/product\/siatkowka\/\" \/>\n<meta property=\"og:site_name\" content=\"Mistrzowie Imprez\" \/>\n<meta property=\"article:publisher\" content=\"https:\/\/www.facebook.com\/mistrzowieimprez\" \/>\n<meta property=\"article:modified_time\" content=\"2026-03-18T08:56:18+00:00\" \/>\n<meta property=\"og:image\" content=\"https:\/\/mistrzowieimprez.pl\/wp-content\/uploads\/2024\/09\/Siatkowka-scaled.jpg\" \/>\n\t<meta property=\"og:image:width\" content=\"2560\" \/>\n\t<meta property=\"og:image:height\" content=\"1707\" \/>\n\t<meta property=\"og:image:type\" content=\"image\/jpeg\" \/>\n<meta name=\"twitter:card\" content=\"summary_large_image\" \/>\n<meta name=\"twitter:label1\" content=\"Estimated reading time\" \/>\n\t<meta name=\"twitter:data1\" content=\"1 minute\" \/>\n<script type=\"application\/ld+json\" class=\"yoast-schema-graph\">{\"@context\":\"https:\\\/\\\/schema.org\",\"@graph\":[{\"@type\":\"WebPage\",\"@id\":\"https:\\\/\\\/mistrzowieimprez.pl\\\/produkt\\\/siatkowka\\\/\",\"url\":\"https:\\\/\\\/mistrzowieimprez.pl\\\/produkt\\\/siatkowka\\\/\",\"name\":\"Turniej siatk\u00f3wki: zintegruj zesp\u00f3\u0142 przez sportow\u0105 rywalizacj\u0119\",\"isPartOf\":{\"@id\":\"https:\\\/\\\/mistrzowieimprez.pl\\\/#website\"},\"primaryImageOfPage\":{\"@id\":\"https:\\\/\\\/mistrzowieimprez.pl\\\/produkt\\\/siatkowka\\\/#primaryimage\"},\"image\":{\"@id\":\"https:\\\/\\\/mistrzowieimprez.pl\\\/produkt\\\/siatkowka\\\/#primaryimage\"},\"thumbnailUrl\":\"https:\\\/\\\/mistrzowieimprez.pl\\\/wp-content\\\/uploads\\\/2024\\\/09\\\/Siatkowka-scaled.jpg\",\"datePublished\":\"2024-09-01T09:07:28+00:00\",\"dateModified\":\"2026-03-18T08:56:18+00:00\",\"breadcrumb\":{\"@id\":\"https:\\\/\\\/mistrzowieimprez.pl\\\/produkt\\\/siatkowka\\\/#breadcrumb\"},\"inLanguage\":\"en-GB\",\"potentialAction\":[{\"@type\":\"ReadAction\",\"target\":[\"https:\\\/\\\/mistrzowieimprez.pl\\\/produkt\\\/siatkowka\\\/\"]}]},{\"@type\":\"ImageObject\",\"inLanguage\":\"en-GB\",\"@id\":\"https:\\\/\\\/mistrzowieimprez.pl\\\/produkt\\\/siatkowka\\\/#primaryimage\",\"url\":\"https:\\\/\\\/mistrzowieimprez.pl\\\/wp-content\\\/uploads\\\/2024\\\/09\\\/Siatkowka-scaled.jpg\",\"contentUrl\":\"https:\\\/\\\/mistrzowieimprez.pl\\\/wp-content\\\/uploads\\\/2024\\\/09\\\/Siatkowka-scaled.jpg\",\"width\":2560,\"height\":1707,\"caption\":\"Bartek D\u0119bkowski \\\/ Kreatyw! Media\"},{\"@type\":\"BreadcrumbList\",\"@id\":\"https:\\\/\\\/mistrzowieimprez.pl\\\/produkt\\\/siatkowka\\\/#breadcrumb\",\"itemListElement\":[{\"@type\":\"ListItem\",\"position\":1,\"name\":\"Strona g\u0142\u00f3wna\",\"item\":\"https:\\\/\\\/mistrzowieimprez.pl\\\/\"},{\"@type\":\"ListItem\",\"position\":2,\"name\":\"sklep\",\"item\":\"https:\\\/\\\/mistrzowieimprez.pl\\\/sklep\\\/\"},{\"@type\":\"ListItem\",\"position\":3,\"name\":\"Siatk\u00f3wka\"}]},{\"@type\":\"WebSite\",\"@id\":\"https:\\\/\\\/mistrzowieimprez.pl\\\/#website\",\"url\":\"https:\\\/\\\/mistrzowieimprez.pl\\\/\",\"name\":\"Mistrzowie Imprez\",\"description\":\"Kompleksowa organizacja imprez\",\"publisher\":{\"@id\":\"https:\\\/\\\/mistrzowieimprez.pl\\\/#organization\"},\"potentialAction\":[{\"@type\":\"SearchAction\",\"target\":{\"@type\":\"EntryPoint\",\"urlTemplate\":\"https:\\\/\\\/mistrzowieimprez.pl\\\/?s={search_term_string}\"},\"query-input\":{\"@type\":\"PropertyValueSpecification\",\"valueRequired\":true,\"valueName\":\"search_term_string\"}}],\"inLanguage\":\"en-GB\"},{\"@type\":\"Organization\",\"@id\":\"https:\\\/\\\/mistrzowieimprez.pl\\\/#organization\",\"name\":\"Mistrzowie Imprez\",\"url\":\"https:\\\/\\\/mistrzowieimprez.pl\\\/\",\"logo\":{\"@type\":\"ImageObject\",\"inLanguage\":\"en-GB\",\"@id\":\"https:\\\/\\\/mistrzowieimprez.pl\\\/#\\\/schema\\\/logo\\\/image\\\/\",\"url\":\"https:\\\/\\\/mistrzowieimprez.pl\\\/wp-content\\\/uploads\\\/2024\\\/08\\\/mistrzowie_imprez_logo_ciemne-tlo@4x.png\",\"contentUrl\":\"https:\\\/\\\/mistrzowieimprez.pl\\\/wp-content\\\/uploads\\\/2024\\\/08\\\/mistrzowie_imprez_logo_ciemne-tlo@4x.png\",\"width\":1318,\"height\":351,\"caption\":\"Mistrzowie Imprez\"},\"image\":{\"@id\":\"https:\\\/\\\/mistrzowieimprez.pl\\\/#\\\/schema\\\/logo\\\/image\\\/\"},\"sameAs\":[\"https:\\\/\\\/www.facebook.com\\\/mistrzowieimprez\",\"https:\\\/\\\/www.instagram.com\\\/mistrzowieimprez\\\/\",\"https:\\\/\\\/www.youtube.com\\\/@ytmistrzowieimprez\"]}]}<\/script>\n<!-- \/ Yoast SEO plugin. -->","yoast_head_json":{"title":"Turniej siatk\u00f3wki: zintegruj zesp\u00f3\u0142 przez sportow\u0105 rywalizacj\u0119","robots":{"index":"index","follow":"follow","max-snippet":"max-snippet:-1","max-image-preview":"max-image-preview:large","max-video-preview":"max-video-preview:-1"},"canonical":"https:\/\/mistrzowieimprez.pl\/en\/product\/siatkowka\/","og_locale":"en_GB","og_type":"article","og_title":"Turniej siatk\u00f3wki: zintegruj zesp\u00f3\u0142 przez sportow\u0105 rywalizacj\u0119","og_description":"Zapraszamy na intensywn\u0105 rywalizacj\u0119 w siatk\u00f3wk\u0119 - najpopularniejsz\u0105 gr\u0119 zespo\u0142ow\u0105! Nasze profesjonalne sprz\u0119ty gwarantuj\u0105 niezapomniane do\u015bwiadczenie, a r\u00f3\u017cne poziomy trudno\u015bci sprawi\u0105, \u017ce ka\u017cdy znajdzie co\u015b dla siebie. Doskona\u0142a zabawa i poprawa umiej\u0119tno\u015bci zespo\u0142owych gwarantowane!","og_url":"https:\/\/mistrzowieimprez.pl\/en\/product\/siatkowka\/","og_site_name":"Mistrzowie Imprez","article_publisher":"https:\/\/www.facebook.com\/mistrzowieimprez","article_modified_time":"2026-03-18T08:56:18+00:00","og_image":[{"width":2560,"height":1707,"url":"https:\/\/mistrzowieimprez.pl\/wp-content\/uploads\/2024\/09\/Siatkowka-scaled.jpg","type":"image\/jpeg"}],"twitter_card":"summary_large_image","twitter_misc":{"Estimated reading time":"1 minute"},"schema":{"@context":"https:\/\/schema.org","@graph":[{"@type":"WebPage","@id":"https:\/\/mistrzowieimprez.pl\/produkt\/siatkowka\/","url":"https:\/\/mistrzowieimprez.pl\/produkt\/siatkowka\/","name":"Turniej siatk\u00f3wki: zintegruj zesp\u00f3\u0142 przez sportow\u0105 rywalizacj\u0119","isPartOf":{"@id":"https:\/\/mistrzowieimprez.pl\/#website"},"primaryImageOfPage":{"@id":"https:\/\/mistrzowieimprez.pl\/produkt\/siatkowka\/#primaryimage"},"image":{"@id":"https:\/\/mistrzowieimprez.pl\/produkt\/siatkowka\/#primaryimage"},"thumbnailUrl":"https:\/\/mistrzowieimprez.pl\/wp-content\/uploads\/2024\/09\/Siatkowka-scaled.jpg","datePublished":"2024-09-01T09:07:28+00:00","dateModified":"2026-03-18T08:56:18+00:00","breadcrumb":{"@id":"https:\/\/mistrzowieimprez.pl\/produkt\/siatkowka\/#breadcrumb"},"inLanguage":"en-GB","potentialAction":[{"@type":"ReadAction","target":["https:\/\/mistrzowieimprez.pl\/produkt\/siatkowka\/"]}]},{"@type":"ImageObject","inLanguage":"en-GB","@id":"https:\/\/mistrzowieimprez.pl\/produkt\/siatkowka\/#primaryimage","url":"https:\/\/mistrzowieimprez.pl\/wp-content\/uploads\/2024\/09\/Siatkowka-scaled.jpg","contentUrl":"https:\/\/mistrzowieimprez.pl\/wp-content\/uploads\/2024\/09\/Siatkowka-scaled.jpg","width":2560,"height":1707,"caption":"Bartek D\u0119bkowski \/ Kreatyw! Media"},{"@type":"BreadcrumbList","@id":"https:\/\/mistrzowieimprez.pl\/produkt\/siatkowka\/#breadcrumb","itemListElement":[{"@type":"ListItem","position":1,"name":"Strona g\u0142\u00f3wna","item":"https:\/\/mistrzowieimprez.pl\/"},{"@type":"ListItem","position":2,"name":"sklep","item":"https:\/\/mistrzowieimprez.pl\/sklep\/"},{"@type":"ListItem","position":3,"name":"Siatk\u00f3wka"}]},{"@type":"WebSite","@id":"https:\/\/mistrzowieimprez.pl\/#website","url":"https:\/\/mistrzowieimprez.pl\/","name":"Mistrzowie Imprez","description":"Kompleksowa organizacja imprez","publisher":{"@id":"https:\/\/mistrzowieimprez.pl\/#organization"},"potentialAction":[{"@type":"SearchAction","target":{"@type":"EntryPoint","urlTemplate":"https:\/\/mistrzowieimprez.pl\/?s={search_term_string}"},"query-input":{"@type":"PropertyValueSpecification","valueRequired":true,"valueName":"search_term_string"}}],"inLanguage":"en-GB"},{"@type":"Organization","@id":"https:\/\/mistrzowieimprez.pl\/#organization","name":"Mistrzowie Imprez","url":"https:\/\/mistrzowieimprez.pl\/","logo":{"@type":"ImageObject","inLanguage":"en-GB","@id":"https:\/\/mistrzowieimprez.pl\/#\/schema\/logo\/image\/","url":"https:\/\/mistrzowieimprez.pl\/wp-content\/uploads\/2024\/08\/mistrzowie_imprez_logo_ciemne-tlo@4x.png","contentUrl":"https:\/\/mistrzowieimprez.pl\/wp-content\/uploads\/2024\/08\/mistrzowie_imprez_logo_ciemne-tlo@4x.png","width":1318,"height":351,"caption":"Mistrzowie Imprez"},"image":{"@id":"https:\/\/mistrzowieimprez.pl\/#\/schema\/logo\/image\/"},"sameAs":["https:\/\/www.facebook.com\/mistrzowieimprez","https:\/\/www.instagram.com\/mistrzowieimprez\/","https:\/\/www.youtube.com\/@ytmistrzowieimprez"]}]}},"_links":{"self":[{"href":"https:\/\/mistrzowieimprez.pl\/en\/wp-json\/wp\/v2\/product\/747","targetHints":{"allow":["GET"]}}],"collection":[{"href":"https:\/\/mistrzowieimprez.pl\/en\/wp-json\/wp\/v2\/product"}],"about":[{"href":"https:\/\/mistrzowieimprez.pl\/en\/wp-json\/wp\/v2\/types\/product"}],"replies":[{"embeddable":true,"href":"https:\/\/mistrzowieimprez.pl\/en\/wp-json\/wp\/v2\/comments?post=747"}],"version-history":[{"count":1,"href":"https:\/\/mistrzowieimprez.pl\/en\/wp-json\/wp\/v2\/product\/747\/revisions"}],"predecessor-version":[{"id":3555,"href":"https:\/\/mistrzowieimprez.pl\/en\/wp-json\/wp\/v2\/product\/747\/revisions\/3555"}],"wp:featuredmedia":[{"embeddable":true,"href":"https:\/\/mistrzowieimprez.pl\/en\/wp-json\/wp\/v2\/media\/1138"}],"wp:attachment":[{"href":"https:\/\/mistrzowieimprez.pl\/en\/wp-json\/wp\/v2\/media?parent=747"}],"wp:term":[{"taxonomy":"product_brand","embeddable":true,"href":"https:\/\/mistrzowieimprez.pl\/en\/wp-json\/wp\/v2\/product_brand?post=747"},{"taxonomy":"product_cat","embeddable":true,"href":"https:\/\/mistrzowieimprez.pl\/en\/wp-json\/wp\/v2\/product_cat?post=747"},{"taxonomy":"product_tag","embeddable":true,"href":"https:\/\/mistrzowieimprez.pl\/en\/wp-json\/wp\/v2\/product_tag?post=747"}],"curies":[{"name":"wp","href":"https:\/\/api.w.org\/{rel}","templated":true}]}}