{"id":740,"date":"2024-09-01T09:07:23","date_gmt":"2024-09-01T09:07:23","guid":{"rendered":"https:\/\/mistrzowieimprez.pl\/produkt\/skuter-wodny\/"},"modified":"2026-03-18T08:53:40","modified_gmt":"2026-03-18T08:53:40","slug":"skuter-wodny","status":"publish","type":"product","link":"https:\/\/mistrzowieimprez.pl\/en\/product\/skuter-wodny\/","title":{"rendered":"Skuter wodny"},"content":{"rendered":"<p>Ruszaj na fali z naszym Skuterem Wodnym! Ta ekscytuj\u0105ca, pe\u0142na adrenaliny zabawa na wodzie jest doskona\u0142ym sposobem na och\u0142odzenie si\u0119 w gor\u0105ce dni. Nasze skutery wodne s\u0105 \u0142atwe w obs\u0142udze i bezpieczne, co czyni je idealnym rozwi\u0105zaniem dla ka\u017cdego, kto chce doda\u0107 troch\u0119 pikanterii do swojego wydarzenia lub imprezy na \u015bwie\u017cym powietrzu.<\/p>\n<ul>\n<li>Skuter wodny o wysokiej mocy, zapewniaj\u0105cy szybko\u015b\u0107 i ekscytacj\u0119<\/li>\n<li>\u0141atwy w sterowaniu, nawet dla pocz\u0105tkuj\u0105cych<\/li>\n<li>Bezpieczne i stabilne, sprawdzone przez ekspert\u00f3w ds. bezpiecze\u0144stwa<\/li>\n<\/ul>\n<ul>\n<li>\u015awietna zabawa i adrenalina gwarantowana<\/li>\n<li>Okazja do prze\u017cycia niezapomnianych chwil na wodzie<\/li>\n<li>Rozwijanie umiej\u0119tno\u015bci sterowania pojazdem wodnym i zdobywanie nowych do\u015bwiadcze\u0144<\/li>\n<\/ul>\n<p>Nie czekaj, dodaj Skuter Wodny do swojego zapytania ofertowego i zacznij planowa\u0107 swoj\u0105 niesamowit\u0105 przygod\u0119 na wodzie!<\/p>","protected":false},"excerpt":{"rendered":"<p>Szybuj po falach z naszym Skuterem Wodnym! To ekscytuj\u0105ce i pe\u0142ne adrenaliny do\u015bwiadczenie na wodzie to doskona\u0142y spos\u00f3b na orze\u017awienie w gor\u0105ce dni. Nasze skutery s\u0105 \u0142atwe w obs\u0142udze i bezpieczne, idealne do dodania ekscytacji do ka\u017cdego wydarzenia na \u015bwie\u017cym powietrzu.<\/p>","protected":false},"featured_media":1275,"comment_status":"closed","ping_status":"closed","template":"","meta":{"_acf_changed":false},"product_brand":[],"product_cat":[80,87],"product_tag":[],"class_list":{"0":"post-740","1":"product","2":"type-product","3":"status-publish","4":"has-post-thumbnail","6":"product_cat-dla-mlodziezy-i-doroslych","7":"product_cat-wodne","9":"first","10":"instock","11":"downloadable","12":"virtual","13":"purchasable","14":"product-type-simple"},"acf":[],"yoast_head":"<!-- This site is optimized with the Yoast SEO plugin v27.2 - https:\/\/yoast.com\/product\/yoast-seo-wordpress\/ -->\n<title>Skuter wodny: poczuj pr\u0119dko\u015b\u0107 na wodzie i dawk\u0119 adrenaliny<\/title>\n<meta name=\"robots\" content=\"index, follow, max-snippet:-1, max-image-preview:large, max-video-preview:-1\" \/>\n<link rel=\"canonical\" href=\"https:\/\/mistrzowieimprez.pl\/en\/product\/skuter-wodny\/\" \/>\n<meta property=\"og:locale\" content=\"en_GB\" \/>\n<meta property=\"og:type\" content=\"article\" \/>\n<meta property=\"og:title\" content=\"Skuter wodny: poczuj pr\u0119dko\u015b\u0107 na wodzie i dawk\u0119 adrenaliny\" \/>\n<meta property=\"og:description\" content=\"Szybuj po falach z naszym Skuterem Wodnym! To ekscytuj\u0105ce i pe\u0142ne adrenaliny do\u015bwiadczenie na wodzie to doskona\u0142y spos\u00f3b na orze\u017awienie w gor\u0105ce dni. Nasze skutery s\u0105 \u0142atwe w obs\u0142udze i bezpieczne, idealne do dodania ekscytacji do ka\u017cdego wydarzenia na \u015bwie\u017cym powietrzu.\" \/>\n<meta property=\"og:url\" content=\"https:\/\/mistrzowieimprez.pl\/en\/product\/skuter-wodny\/\" \/>\n<meta property=\"og:site_name\" content=\"Mistrzowie Imprez\" \/>\n<meta property=\"article:publisher\" content=\"https:\/\/www.facebook.com\/mistrzowieimprez\" \/>\n<meta property=\"article:modified_time\" content=\"2026-03-18T08:53:40+00:00\" \/>\n<meta property=\"og:image\" content=\"https:\/\/mistrzowieimprez.pl\/wp-content\/uploads\/2024\/09\/Skuter-wodny.png\" \/>\n\t<meta property=\"og:image:width\" content=\"800\" \/>\n\t<meta property=\"og:image:height\" content=\"800\" \/>\n\t<meta property=\"og:image:type\" content=\"image\/png\" \/>\n<meta name=\"twitter:card\" content=\"summary_large_image\" \/>\n<meta name=\"twitter:label1\" content=\"Estimated reading time\" \/>\n\t<meta name=\"twitter:data1\" content=\"1 minute\" \/>\n<script type=\"application\/ld+json\" class=\"yoast-schema-graph\">{\"@context\":\"https:\/\/schema.org\",\"@graph\":[{\"@type\":\"WebPage\",\"@id\":\"https:\/\/mistrzowieimprez.pl\/produkt\/skuter-wodny\/\",\"url\":\"https:\/\/mistrzowieimprez.pl\/produkt\/skuter-wodny\/\",\"name\":\"Skuter wodny: poczuj pr\u0119dko\u015b\u0107 na wodzie i dawk\u0119 adrenaliny\",\"isPartOf\":{\"@id\":\"https:\/\/mistrzowieimprez.pl\/#website\"},\"primaryImageOfPage\":{\"@id\":\"https:\/\/mistrzowieimprez.pl\/produkt\/skuter-wodny\/#primaryimage\"},\"image\":{\"@id\":\"https:\/\/mistrzowieimprez.pl\/produkt\/skuter-wodny\/#primaryimage\"},\"thumbnailUrl\":\"https:\/\/mistrzowieimprez.pl\/wp-content\/uploads\/2024\/09\/Skuter-wodny.png\",\"datePublished\":\"2024-09-01T09:07:23+00:00\",\"dateModified\":\"2026-03-18T08:53:40+00:00\",\"breadcrumb\":{\"@id\":\"https:\/\/mistrzowieimprez.pl\/produkt\/skuter-wodny\/#breadcrumb\"},\"inLanguage\":\"en-GB\",\"potentialAction\":[{\"@type\":\"ReadAction\",\"target\":[\"https:\/\/mistrzowieimprez.pl\/produkt\/skuter-wodny\/\"]}]},{\"@type\":\"ImageObject\",\"inLanguage\":\"en-GB\",\"@id\":\"https:\/\/mistrzowieimprez.pl\/produkt\/skuter-wodny\/#primaryimage\",\"url\":\"https:\/\/mistrzowieimprez.pl\/wp-content\/uploads\/2024\/09\/Skuter-wodny.png\",\"contentUrl\":\"https:\/\/mistrzowieimprez.pl\/wp-content\/uploads\/2024\/09\/Skuter-wodny.png\",\"width\":1000,\"height\":1000,\"caption\":\"Na zdj\u0119ciu dwie osoby w kamizelkach ratunkowych p\u0142yn\u0105 na skuterze wodnym po otwartym morzu.\"},{\"@type\":\"BreadcrumbList\",\"@id\":\"https:\/\/mistrzowieimprez.pl\/produkt\/skuter-wodny\/#breadcrumb\",\"itemListElement\":[{\"@type\":\"ListItem\",\"position\":1,\"name\":\"Strona g\u0142\u00f3wna\",\"item\":\"https:\/\/mistrzowieimprez.pl\/\"},{\"@type\":\"ListItem\",\"position\":2,\"name\":\"sklep\",\"item\":\"https:\/\/mistrzowieimprez.pl\/sklep\/\"},{\"@type\":\"ListItem\",\"position\":3,\"name\":\"Skuter wodny\"}]},{\"@type\":\"WebSite\",\"@id\":\"https:\/\/mistrzowieimprez.pl\/#website\",\"url\":\"https:\/\/mistrzowieimprez.pl\/\",\"name\":\"Mistrzowie Imprez\",\"description\":\"Kompleksowa organizacja imprez\",\"publisher\":{\"@id\":\"https:\/\/mistrzowieimprez.pl\/#organization\"},\"potentialAction\":[{\"@type\":\"SearchAction\",\"target\":{\"@type\":\"EntryPoint\",\"urlTemplate\":\"https:\/\/mistrzowieimprez.pl\/?s={search_term_string}\"},\"query-input\":{\"@type\":\"PropertyValueSpecification\",\"valueRequired\":true,\"valueName\":\"search_term_string\"}}],\"inLanguage\":\"en-GB\"},{\"@type\":\"Organization\",\"@id\":\"https:\/\/mistrzowieimprez.pl\/#organization\",\"name\":\"Mistrzowie Imprez\",\"url\":\"https:\/\/mistrzowieimprez.pl\/\",\"logo\":{\"@type\":\"ImageObject\",\"inLanguage\":\"en-GB\",\"@id\":\"https:\/\/mistrzowieimprez.pl\/#\/schema\/logo\/image\/\",\"url\":\"https:\/\/mistrzowieimprez.pl\/wp-content\/uploads\/2024\/08\/mistrzowie_imprez_logo_ciemne-tlo@4x.png\",\"contentUrl\":\"https:\/\/mistrzowieimprez.pl\/wp-content\/uploads\/2024\/08\/mistrzowie_imprez_logo_ciemne-tlo@4x.png\",\"width\":1318,\"height\":351,\"caption\":\"Mistrzowie Imprez\"},\"image\":{\"@id\":\"https:\/\/mistrzowieimprez.pl\/#\/schema\/logo\/image\/\"},\"sameAs\":[\"https:\/\/www.facebook.com\/mistrzowieimprez\",\"https:\/\/www.instagram.com\/mistrzowieimprez\/\",\"https:\/\/www.youtube.com\/@ytmistrzowieimprez\"]}]}<\/script>\n<!-- \/ Yoast SEO plugin. -->","yoast_head_json":{"title":"Skuter wodny: poczuj pr\u0119dko\u015b\u0107 na wodzie i dawk\u0119 adrenaliny","robots":{"index":"index","follow":"follow","max-snippet":"max-snippet:-1","max-image-preview":"max-image-preview:large","max-video-preview":"max-video-preview:-1"},"canonical":"https:\/\/mistrzowieimprez.pl\/en\/product\/skuter-wodny\/","og_locale":"en_GB","og_type":"article","og_title":"Skuter wodny: poczuj pr\u0119dko\u015b\u0107 na wodzie i dawk\u0119 adrenaliny","og_description":"Szybuj po falach z naszym Skuterem Wodnym! To ekscytuj\u0105ce i pe\u0142ne adrenaliny do\u015bwiadczenie na wodzie to doskona\u0142y spos\u00f3b na orze\u017awienie w gor\u0105ce dni. Nasze skutery s\u0105 \u0142atwe w obs\u0142udze i bezpieczne, idealne do dodania ekscytacji do ka\u017cdego wydarzenia na \u015bwie\u017cym powietrzu.","og_url":"https:\/\/mistrzowieimprez.pl\/en\/product\/skuter-wodny\/","og_site_name":"Mistrzowie Imprez","article_publisher":"https:\/\/www.facebook.com\/mistrzowieimprez","article_modified_time":"2026-03-18T08:53:40+00:00","og_image":[{"url":"https:\/\/mistrzowieimprez.pl\/wp-content\/uploads\/2024\/09\/Skuter-wodny.png","width":800,"height":800,"type":"image\/png"}],"twitter_card":"summary_large_image","twitter_misc":{"Estimated reading time":"1 minute"},"schema":{"@context":"https:\/\/schema.org","@graph":[{"@type":"WebPage","@id":"https:\/\/mistrzowieimprez.pl\/produkt\/skuter-wodny\/","url":"https:\/\/mistrzowieimprez.pl\/produkt\/skuter-wodny\/","name":"Skuter wodny: poczuj pr\u0119dko\u015b\u0107 na wodzie i dawk\u0119 adrenaliny","isPartOf":{"@id":"https:\/\/mistrzowieimprez.pl\/#website"},"primaryImageOfPage":{"@id":"https:\/\/mistrzowieimprez.pl\/produkt\/skuter-wodny\/#primaryimage"},"image":{"@id":"https:\/\/mistrzowieimprez.pl\/produkt\/skuter-wodny\/#primaryimage"},"thumbnailUrl":"https:\/\/mistrzowieimprez.pl\/wp-content\/uploads\/2024\/09\/Skuter-wodny.png","datePublished":"2024-09-01T09:07:23+00:00","dateModified":"2026-03-18T08:53:40+00:00","breadcrumb":{"@id":"https:\/\/mistrzowieimprez.pl\/produkt\/skuter-wodny\/#breadcrumb"},"inLanguage":"en-GB","potentialAction":[{"@type":"ReadAction","target":["https:\/\/mistrzowieimprez.pl\/produkt\/skuter-wodny\/"]}]},{"@type":"ImageObject","inLanguage":"en-GB","@id":"https:\/\/mistrzowieimprez.pl\/produkt\/skuter-wodny\/#primaryimage","url":"https:\/\/mistrzowieimprez.pl\/wp-content\/uploads\/2024\/09\/Skuter-wodny.png","contentUrl":"https:\/\/mistrzowieimprez.pl\/wp-content\/uploads\/2024\/09\/Skuter-wodny.png","width":1000,"height":1000,"caption":"Na zdj\u0119ciu dwie osoby w kamizelkach ratunkowych p\u0142yn\u0105 na skuterze wodnym po otwartym morzu."},{"@type":"BreadcrumbList","@id":"https:\/\/mistrzowieimprez.pl\/produkt\/skuter-wodny\/#breadcrumb","itemListElement":[{"@type":"ListItem","position":1,"name":"Strona g\u0142\u00f3wna","item":"https:\/\/mistrzowieimprez.pl\/"},{"@type":"ListItem","position":2,"name":"sklep","item":"https:\/\/mistrzowieimprez.pl\/sklep\/"},{"@type":"ListItem","position":3,"name":"Skuter wodny"}]},{"@type":"WebSite","@id":"https:\/\/mistrzowieimprez.pl\/#website","url":"https:\/\/mistrzowieimprez.pl\/","name":"Mistrzowie Imprez","description":"Kompleksowa organizacja imprez","publisher":{"@id":"https:\/\/mistrzowieimprez.pl\/#organization"},"potentialAction":[{"@type":"SearchAction","target":{"@type":"EntryPoint","urlTemplate":"https:\/\/mistrzowieimprez.pl\/?s={search_term_string}"},"query-input":{"@type":"PropertyValueSpecification","valueRequired":true,"valueName":"search_term_string"}}],"inLanguage":"en-GB"},{"@type":"Organization","@id":"https:\/\/mistrzowieimprez.pl\/#organization","name":"Mistrzowie Imprez","url":"https:\/\/mistrzowieimprez.pl\/","logo":{"@type":"ImageObject","inLanguage":"en-GB","@id":"https:\/\/mistrzowieimprez.pl\/#\/schema\/logo\/image\/","url":"https:\/\/mistrzowieimprez.pl\/wp-content\/uploads\/2024\/08\/mistrzowie_imprez_logo_ciemne-tlo@4x.png","contentUrl":"https:\/\/mistrzowieimprez.pl\/wp-content\/uploads\/2024\/08\/mistrzowie_imprez_logo_ciemne-tlo@4x.png","width":1318,"height":351,"caption":"Mistrzowie Imprez"},"image":{"@id":"https:\/\/mistrzowieimprez.pl\/#\/schema\/logo\/image\/"},"sameAs":["https:\/\/www.facebook.com\/mistrzowieimprez","https:\/\/www.instagram.com\/mistrzowieimprez\/","https:\/\/www.youtube.com\/@ytmistrzowieimprez"]}]}},"_links":{"self":[{"href":"https:\/\/mistrzowieimprez.pl\/en\/wp-json\/wp\/v2\/product\/740","targetHints":{"allow":["GET"]}}],"collection":[{"href":"https:\/\/mistrzowieimprez.pl\/en\/wp-json\/wp\/v2\/product"}],"about":[{"href":"https:\/\/mistrzowieimprez.pl\/en\/wp-json\/wp\/v2\/types\/product"}],"replies":[{"embeddable":true,"href":"https:\/\/mistrzowieimprez.pl\/en\/wp-json\/wp\/v2\/comments?post=740"}],"version-history":[{"count":1,"href":"https:\/\/mistrzowieimprez.pl\/en\/wp-json\/wp\/v2\/product\/740\/revisions"}],"predecessor-version":[{"id":3548,"href":"https:\/\/mistrzowieimprez.pl\/en\/wp-json\/wp\/v2\/product\/740\/revisions\/3548"}],"wp:featuredmedia":[{"embeddable":true,"href":"https:\/\/mistrzowieimprez.pl\/en\/wp-json\/wp\/v2\/media\/1275"}],"wp:attachment":[{"href":"https:\/\/mistrzowieimprez.pl\/en\/wp-json\/wp\/v2\/media?parent=740"}],"wp:term":[{"taxonomy":"product_brand","embeddable":true,"href":"https:\/\/mistrzowieimprez.pl\/en\/wp-json\/wp\/v2\/product_brand?post=740"},{"taxonomy":"product_cat","embeddable":true,"href":"https:\/\/mistrzowieimprez.pl\/en\/wp-json\/wp\/v2\/product_cat?post=740"},{"taxonomy":"product_tag","embeddable":true,"href":"https:\/\/mistrzowieimprez.pl\/en\/wp-json\/wp\/v2\/product_tag?post=740"}],"curies":[{"name":"wp","href":"https:\/\/api.w.org\/{rel}","templated":true}]}}