{"id":738,"date":"2024-09-01T09:07:22","date_gmt":"2024-09-01T09:07:22","guid":{"rendered":"https:\/\/mistrzowieimprez.pl\/produkt\/silomierz-kopacz\/"},"modified":"2026-03-18T08:52:53","modified_gmt":"2026-03-18T08:52:53","slug":"silomierz-kopacz","status":"publish","type":"product","link":"https:\/\/mistrzowieimprez.pl\/en\/product\/silomierz-kopacz\/","title":{"rendered":"Si\u0142omierz Kopacz"},"content":{"rendered":"<p>Si\u0142omierz Kopacz to doskona\u0142a rozrywka na ka\u017cd\u0105 okazj\u0119! To uroczy, kreatywny i zabawny spos\u00f3b na sprawdzenie swojej si\u0142y i celno\u015bci. Idealny na festiwale, dni rodzinne, imprezy firmowe i wiele innych wydarze\u0144.<\/p>\n<ul>\n<li>Wytrzyma\u0142a konstrukcja z bezpiecznymi materia\u0142ami<\/li>\n<li>Zaprojektowany do rozrywki dla os\u00f3b w r\u00f3\u017cnym wieku<\/li>\n<li>Prosty w obs\u0142udze &#8211; wystarczy kopn\u0105\u0107!<\/li>\n<\/ul>\n<ul>\n<li>Wzmacnia koordynacj\u0119 ruchow\u0105 i si\u0142\u0119<\/li>\n<li>Promuje zdrow\u0105 rywalizacj\u0119 i interakcj\u0119 spo\u0142eczn\u0105<\/li>\n<li>\u015awietna zabawa, kt\u00f3ra sprawia, \u017ce uczestnicy chc\u0105 wraca\u0107 po wi\u0119cej<\/li>\n<\/ul>\n<p>Nie czekaj! Dodaj Si\u0142omierz Kopacz do swojego wydarzenia i zobacz, kto ma najwi\u0119ksz\u0105 si\u0142\u0119! Sprawd\u017a teraz!<\/p>","protected":false},"excerpt":{"rendered":"<p>Si\u0142omierz Kopacz to interaktywna rozrywka, kt\u00f3ra pozwala sprawdzi\u0107 swoj\u0105 si\u0142\u0119 i celno\u015b\u0107. Idealny na festiwale, dni rodzinne, imprezy firmowe. Dodaj go do swojego wydarzenia i zobacz, kto ma najwi\u0119ksz\u0105 si\u0142\u0119!<\/p>","protected":false},"featured_media":1140,"comment_status":"closed","ping_status":"closed","template":"","meta":{"_acf_changed":false},"product_brand":[],"product_cat":[80,86],"product_tag":[],"class_list":{"0":"post-738","1":"product","2":"type-product","3":"status-publish","4":"has-post-thumbnail","6":"product_cat-dla-mlodziezy-i-doroslych","7":"product_cat-mechaniczne","9":"first","10":"instock","11":"downloadable","12":"virtual","13":"purchasable","14":"product-type-simple"},"acf":[],"yoast_head":"<!-- This site is optimized with the Yoast SEO plugin v27.2 - https:\/\/yoast.com\/product\/yoast-seo-wordpress\/ -->\n<title>Si\u0142omierz Kopacz: sprawd\u017a jak mocno kopiesz i pobij rekord!<\/title>\n<meta name=\"robots\" content=\"index, follow, max-snippet:-1, max-image-preview:large, max-video-preview:-1\" \/>\n<link rel=\"canonical\" href=\"https:\/\/mistrzowieimprez.pl\/en\/product\/silomierz-kopacz\/\" \/>\n<meta property=\"og:locale\" content=\"en_GB\" \/>\n<meta property=\"og:type\" content=\"article\" \/>\n<meta property=\"og:title\" content=\"Si\u0142omierz Kopacz: sprawd\u017a jak mocno kopiesz i pobij rekord!\" \/>\n<meta property=\"og:description\" content=\"Si\u0142omierz Kopacz to interaktywna rozrywka, kt\u00f3ra pozwala sprawdzi\u0107 swoj\u0105 si\u0142\u0119 i celno\u015b\u0107. Idealny na festiwale, dni rodzinne, imprezy firmowe. Dodaj go do swojego wydarzenia i zobacz, kto ma najwi\u0119ksz\u0105 si\u0142\u0119!\" \/>\n<meta property=\"og:url\" content=\"https:\/\/mistrzowieimprez.pl\/en\/product\/silomierz-kopacz\/\" \/>\n<meta property=\"og:site_name\" content=\"Mistrzowie Imprez\" \/>\n<meta property=\"article:publisher\" content=\"https:\/\/www.facebook.com\/mistrzowieimprez\" \/>\n<meta property=\"article:modified_time\" content=\"2026-03-18T08:52:53+00:00\" \/>\n<meta property=\"og:image\" content=\"https:\/\/mistrzowieimprez.pl\/wp-content\/uploads\/2024\/09\/Silomierz-kopacz-scaled.jpg\" \/>\n\t<meta property=\"og:image:width\" content=\"2560\" \/>\n\t<meta property=\"og:image:height\" content=\"1707\" \/>\n\t<meta property=\"og:image:type\" content=\"image\/jpeg\" \/>\n<meta name=\"twitter:card\" content=\"summary_large_image\" \/>\n<meta name=\"twitter:label1\" content=\"Estimated reading time\" \/>\n\t<meta name=\"twitter:data1\" content=\"1 minute\" \/>\n<script type=\"application\/ld+json\" class=\"yoast-schema-graph\">{\"@context\":\"https:\/\/schema.org\",\"@graph\":[{\"@type\":\"WebPage\",\"@id\":\"https:\/\/mistrzowieimprez.pl\/produkt\/silomierz-kopacz\/\",\"url\":\"https:\/\/mistrzowieimprez.pl\/produkt\/silomierz-kopacz\/\",\"name\":\"Si\u0142omierz Kopacz: sprawd\u017a jak mocno kopiesz i pobij rekord!\",\"isPartOf\":{\"@id\":\"https:\/\/mistrzowieimprez.pl\/#website\"},\"primaryImageOfPage\":{\"@id\":\"https:\/\/mistrzowieimprez.pl\/produkt\/silomierz-kopacz\/#primaryimage\"},\"image\":{\"@id\":\"https:\/\/mistrzowieimprez.pl\/produkt\/silomierz-kopacz\/#primaryimage\"},\"thumbnailUrl\":\"https:\/\/mistrzowieimprez.pl\/wp-content\/uploads\/2024\/09\/Silomierz-kopacz-scaled.jpg\",\"datePublished\":\"2024-09-01T09:07:22+00:00\",\"dateModified\":\"2026-03-18T08:52:53+00:00\",\"breadcrumb\":{\"@id\":\"https:\/\/mistrzowieimprez.pl\/produkt\/silomierz-kopacz\/#breadcrumb\"},\"inLanguage\":\"en-GB\",\"potentialAction\":[{\"@type\":\"ReadAction\",\"target\":[\"https:\/\/mistrzowieimprez.pl\/produkt\/silomierz-kopacz\/\"]}]},{\"@type\":\"ImageObject\",\"inLanguage\":\"en-GB\",\"@id\":\"https:\/\/mistrzowieimprez.pl\/produkt\/silomierz-kopacz\/#primaryimage\",\"url\":\"https:\/\/mistrzowieimprez.pl\/wp-content\/uploads\/2024\/09\/Silomierz-kopacz-scaled.jpg\",\"contentUrl\":\"https:\/\/mistrzowieimprez.pl\/wp-content\/uploads\/2024\/09\/Silomierz-kopacz-scaled.jpg\",\"width\":2560,\"height\":1707,\"caption\":\"Osoba kopie pi\u0142k\u0119 przypi\u0119t\u0105 do gumowej liny na trawiastym terenie, co mo\u017ce by\u0107 cz\u0119\u015bci\u0105 atrakcji sportowej na imprezie.\"},{\"@type\":\"BreadcrumbList\",\"@id\":\"https:\/\/mistrzowieimprez.pl\/produkt\/silomierz-kopacz\/#breadcrumb\",\"itemListElement\":[{\"@type\":\"ListItem\",\"position\":1,\"name\":\"Strona g\u0142\u00f3wna\",\"item\":\"https:\/\/mistrzowieimprez.pl\/\"},{\"@type\":\"ListItem\",\"position\":2,\"name\":\"sklep\",\"item\":\"https:\/\/mistrzowieimprez.pl\/sklep\/\"},{\"@type\":\"ListItem\",\"position\":3,\"name\":\"Si\u0142omierz Kopacz\"}]},{\"@type\":\"WebSite\",\"@id\":\"https:\/\/mistrzowieimprez.pl\/#website\",\"url\":\"https:\/\/mistrzowieimprez.pl\/\",\"name\":\"Mistrzowie Imprez\",\"description\":\"Kompleksowa organizacja imprez\",\"publisher\":{\"@id\":\"https:\/\/mistrzowieimprez.pl\/#organization\"},\"potentialAction\":[{\"@type\":\"SearchAction\",\"target\":{\"@type\":\"EntryPoint\",\"urlTemplate\":\"https:\/\/mistrzowieimprez.pl\/?s={search_term_string}\"},\"query-input\":{\"@type\":\"PropertyValueSpecification\",\"valueRequired\":true,\"valueName\":\"search_term_string\"}}],\"inLanguage\":\"en-GB\"},{\"@type\":\"Organization\",\"@id\":\"https:\/\/mistrzowieimprez.pl\/#organization\",\"name\":\"Mistrzowie Imprez\",\"url\":\"https:\/\/mistrzowieimprez.pl\/\",\"logo\":{\"@type\":\"ImageObject\",\"inLanguage\":\"en-GB\",\"@id\":\"https:\/\/mistrzowieimprez.pl\/#\/schema\/logo\/image\/\",\"url\":\"https:\/\/mistrzowieimprez.pl\/wp-content\/uploads\/2024\/08\/mistrzowie_imprez_logo_ciemne-tlo@4x.png\",\"contentUrl\":\"https:\/\/mistrzowieimprez.pl\/wp-content\/uploads\/2024\/08\/mistrzowie_imprez_logo_ciemne-tlo@4x.png\",\"width\":1318,\"height\":351,\"caption\":\"Mistrzowie Imprez\"},\"image\":{\"@id\":\"https:\/\/mistrzowieimprez.pl\/#\/schema\/logo\/image\/\"},\"sameAs\":[\"https:\/\/www.facebook.com\/mistrzowieimprez\",\"https:\/\/www.instagram.com\/mistrzowieimprez\/\",\"https:\/\/www.youtube.com\/@ytmistrzowieimprez\"]}]}<\/script>\n<!-- \/ Yoast SEO plugin. -->","yoast_head_json":{"title":"Si\u0142omierz Kopacz: sprawd\u017a jak mocno kopiesz i pobij rekord!","robots":{"index":"index","follow":"follow","max-snippet":"max-snippet:-1","max-image-preview":"max-image-preview:large","max-video-preview":"max-video-preview:-1"},"canonical":"https:\/\/mistrzowieimprez.pl\/en\/product\/silomierz-kopacz\/","og_locale":"en_GB","og_type":"article","og_title":"Si\u0142omierz Kopacz: sprawd\u017a jak mocno kopiesz i pobij rekord!","og_description":"Si\u0142omierz Kopacz to interaktywna rozrywka, kt\u00f3ra pozwala sprawdzi\u0107 swoj\u0105 si\u0142\u0119 i celno\u015b\u0107. Idealny na festiwale, dni rodzinne, imprezy firmowe. Dodaj go do swojego wydarzenia i zobacz, kto ma najwi\u0119ksz\u0105 si\u0142\u0119!","og_url":"https:\/\/mistrzowieimprez.pl\/en\/product\/silomierz-kopacz\/","og_site_name":"Mistrzowie Imprez","article_publisher":"https:\/\/www.facebook.com\/mistrzowieimprez","article_modified_time":"2026-03-18T08:52:53+00:00","og_image":[{"width":2560,"height":1707,"url":"https:\/\/mistrzowieimprez.pl\/wp-content\/uploads\/2024\/09\/Silomierz-kopacz-scaled.jpg","type":"image\/jpeg"}],"twitter_card":"summary_large_image","twitter_misc":{"Estimated reading time":"1 minute"},"schema":{"@context":"https:\/\/schema.org","@graph":[{"@type":"WebPage","@id":"https:\/\/mistrzowieimprez.pl\/produkt\/silomierz-kopacz\/","url":"https:\/\/mistrzowieimprez.pl\/produkt\/silomierz-kopacz\/","name":"Si\u0142omierz Kopacz: sprawd\u017a jak mocno kopiesz i pobij rekord!","isPartOf":{"@id":"https:\/\/mistrzowieimprez.pl\/#website"},"primaryImageOfPage":{"@id":"https:\/\/mistrzowieimprez.pl\/produkt\/silomierz-kopacz\/#primaryimage"},"image":{"@id":"https:\/\/mistrzowieimprez.pl\/produkt\/silomierz-kopacz\/#primaryimage"},"thumbnailUrl":"https:\/\/mistrzowieimprez.pl\/wp-content\/uploads\/2024\/09\/Silomierz-kopacz-scaled.jpg","datePublished":"2024-09-01T09:07:22+00:00","dateModified":"2026-03-18T08:52:53+00:00","breadcrumb":{"@id":"https:\/\/mistrzowieimprez.pl\/produkt\/silomierz-kopacz\/#breadcrumb"},"inLanguage":"en-GB","potentialAction":[{"@type":"ReadAction","target":["https:\/\/mistrzowieimprez.pl\/produkt\/silomierz-kopacz\/"]}]},{"@type":"ImageObject","inLanguage":"en-GB","@id":"https:\/\/mistrzowieimprez.pl\/produkt\/silomierz-kopacz\/#primaryimage","url":"https:\/\/mistrzowieimprez.pl\/wp-content\/uploads\/2024\/09\/Silomierz-kopacz-scaled.jpg","contentUrl":"https:\/\/mistrzowieimprez.pl\/wp-content\/uploads\/2024\/09\/Silomierz-kopacz-scaled.jpg","width":2560,"height":1707,"caption":"Osoba kopie pi\u0142k\u0119 przypi\u0119t\u0105 do gumowej liny na trawiastym terenie, co mo\u017ce by\u0107 cz\u0119\u015bci\u0105 atrakcji sportowej na imprezie."},{"@type":"BreadcrumbList","@id":"https:\/\/mistrzowieimprez.pl\/produkt\/silomierz-kopacz\/#breadcrumb","itemListElement":[{"@type":"ListItem","position":1,"name":"Strona g\u0142\u00f3wna","item":"https:\/\/mistrzowieimprez.pl\/"},{"@type":"ListItem","position":2,"name":"sklep","item":"https:\/\/mistrzowieimprez.pl\/sklep\/"},{"@type":"ListItem","position":3,"name":"Si\u0142omierz Kopacz"}]},{"@type":"WebSite","@id":"https:\/\/mistrzowieimprez.pl\/#website","url":"https:\/\/mistrzowieimprez.pl\/","name":"Mistrzowie Imprez","description":"Kompleksowa organizacja imprez","publisher":{"@id":"https:\/\/mistrzowieimprez.pl\/#organization"},"potentialAction":[{"@type":"SearchAction","target":{"@type":"EntryPoint","urlTemplate":"https:\/\/mistrzowieimprez.pl\/?s={search_term_string}"},"query-input":{"@type":"PropertyValueSpecification","valueRequired":true,"valueName":"search_term_string"}}],"inLanguage":"en-GB"},{"@type":"Organization","@id":"https:\/\/mistrzowieimprez.pl\/#organization","name":"Mistrzowie Imprez","url":"https:\/\/mistrzowieimprez.pl\/","logo":{"@type":"ImageObject","inLanguage":"en-GB","@id":"https:\/\/mistrzowieimprez.pl\/#\/schema\/logo\/image\/","url":"https:\/\/mistrzowieimprez.pl\/wp-content\/uploads\/2024\/08\/mistrzowie_imprez_logo_ciemne-tlo@4x.png","contentUrl":"https:\/\/mistrzowieimprez.pl\/wp-content\/uploads\/2024\/08\/mistrzowie_imprez_logo_ciemne-tlo@4x.png","width":1318,"height":351,"caption":"Mistrzowie Imprez"},"image":{"@id":"https:\/\/mistrzowieimprez.pl\/#\/schema\/logo\/image\/"},"sameAs":["https:\/\/www.facebook.com\/mistrzowieimprez","https:\/\/www.instagram.com\/mistrzowieimprez\/","https:\/\/www.youtube.com\/@ytmistrzowieimprez"]}]}},"_links":{"self":[{"href":"https:\/\/mistrzowieimprez.pl\/en\/wp-json\/wp\/v2\/product\/738","targetHints":{"allow":["GET"]}}],"collection":[{"href":"https:\/\/mistrzowieimprez.pl\/en\/wp-json\/wp\/v2\/product"}],"about":[{"href":"https:\/\/mistrzowieimprez.pl\/en\/wp-json\/wp\/v2\/types\/product"}],"replies":[{"embeddable":true,"href":"https:\/\/mistrzowieimprez.pl\/en\/wp-json\/wp\/v2\/comments?post=738"}],"version-history":[{"count":1,"href":"https:\/\/mistrzowieimprez.pl\/en\/wp-json\/wp\/v2\/product\/738\/revisions"}],"predecessor-version":[{"id":3546,"href":"https:\/\/mistrzowieimprez.pl\/en\/wp-json\/wp\/v2\/product\/738\/revisions\/3546"}],"wp:featuredmedia":[{"embeddable":true,"href":"https:\/\/mistrzowieimprez.pl\/en\/wp-json\/wp\/v2\/media\/1140"}],"wp:attachment":[{"href":"https:\/\/mistrzowieimprez.pl\/en\/wp-json\/wp\/v2\/media?parent=738"}],"wp:term":[{"taxonomy":"product_brand","embeddable":true,"href":"https:\/\/mistrzowieimprez.pl\/en\/wp-json\/wp\/v2\/product_brand?post=738"},{"taxonomy":"product_cat","embeddable":true,"href":"https:\/\/mistrzowieimprez.pl\/en\/wp-json\/wp\/v2\/product_cat?post=738"},{"taxonomy":"product_tag","embeddable":true,"href":"https:\/\/mistrzowieimprez.pl\/en\/wp-json\/wp\/v2\/product_tag?post=738"}],"curies":[{"name":"wp","href":"https:\/\/api.w.org\/{rel}","templated":true}]}}