{"id":737,"date":"2024-09-01T09:07:22","date_gmt":"2024-09-01T09:07:22","guid":{"rendered":"https:\/\/mistrzowieimprez.pl\/produkt\/silomierz-mlot\/"},"modified":"2026-03-18T08:52:35","modified_gmt":"2026-03-18T08:52:35","slug":"silomierz-mlot","status":"publish","type":"product","link":"https:\/\/mistrzowieimprez.pl\/en\/product\/silomierz-mlot\/","title":{"rendered":"Si\u0142omierz M\u0142ot"},"content":{"rendered":"<p>Zapraszamy do spr\u00f3bowania swoich si\u0142 na naszym Si\u0142omierzu M\u0142ot! To zabawne i interaktywne urz\u0105dzenie, kt\u00f3re z pewno\u015bci\u0105 przyci\u0105gnie t\u0142umy na ka\u017cdym evencie. Kto z was jest najsilniejszy? Sprawd\u017acie, rzucaj\u0105c m\u0142otem i obserwuj\u0105c, jak wysoko wskaz\u00f3wka p\u00f3jdzie!<\/p>\n<ul>\n<li>Urz\u0105dzenie mierzy si\u0142\u0119 uderzenia m\u0142otem.<\/li>\n<li>Posiada jasno widoczny wska\u017anik wynik\u00f3w.<\/li>\n<li>Stabilna konstrukcja gwarantuje bezpiecze\u0144stwo u\u017cytkowania.<\/li>\n<\/ul>\n<ul>\n<li>Zabawa i rywalizacja \u2013 sprawdzisz, kto z twoich znajomych jest najsilniejszy.<\/li>\n<li>Poprawa kondycji fizycznej \u2013 si\u0142omierz to \u015bwietna okazja do \u0107wiczenia si\u0142y i koordynacji ruchowej.<\/li>\n<li>Integracja \u2013 wsp\u00f3lne zabawy to doskona\u0142y spos\u00f3b na zacie\u015bnienie wi\u0119zi i lepsz\u0105 integracj\u0119 grupy.<\/li>\n<\/ul>\n<p>Chcesz sprawdzi\u0107 swoj\u0105 si\u0142\u0119? Dodaj Si\u0142omierz M\u0142ot do swojego zapytania o wycen\u0119 i zobacz, czy jeste\u015b silniejszy ni\u017c my\u015blisz!<\/p>","protected":false},"excerpt":{"rendered":"<p>Spr\u00f3buj swojej si\u0142y z naszym Si\u0142omierzem M\u0142otem! To interaktywna atrakcja, kt\u00f3ra przyci\u0105gnie t\u0142umy i doda rywalizacji na ka\u017cdym evencie. Kto jest najsilniejszy? Dowied\u017a si\u0119, rzucaj\u0105c m\u0142otem i obserwuj\u0105c, jak wysoko podskoczy wska\u017anik!<\/p>","protected":false},"featured_media":1141,"comment_status":"closed","ping_status":"closed","template":"","meta":{"_acf_changed":false},"product_brand":[],"product_cat":[80,86],"product_tag":[],"class_list":{"0":"post-737","1":"product","2":"type-product","3":"status-publish","4":"has-post-thumbnail","6":"product_cat-dla-mlodziezy-i-doroslych","7":"product_cat-mechaniczne","9":"first","10":"instock","11":"downloadable","12":"virtual","13":"purchasable","14":"product-type-simple"},"acf":[],"yoast_head":"<!-- This site is optimized with the Yoast SEO plugin v27.5 - https:\/\/yoast.com\/product\/yoast-seo-wordpress\/ -->\n<title>Si\u0142omierz M\u0142ot: sprawd\u017a si\u0142\u0119 uderzenia i rzu\u0107 wyzwanie znajomym<\/title>\n<meta name=\"robots\" content=\"index, follow, max-snippet:-1, max-image-preview:large, max-video-preview:-1\" \/>\n<link rel=\"canonical\" href=\"https:\/\/mistrzowieimprez.pl\/en\/product\/silomierz-mlot\/\" \/>\n<meta property=\"og:locale\" content=\"en_GB\" \/>\n<meta property=\"og:type\" content=\"article\" \/>\n<meta property=\"og:title\" content=\"Si\u0142omierz M\u0142ot: sprawd\u017a si\u0142\u0119 uderzenia i rzu\u0107 wyzwanie znajomym\" \/>\n<meta property=\"og:description\" content=\"Spr\u00f3buj swojej si\u0142y z naszym Si\u0142omierzem M\u0142otem! To interaktywna atrakcja, kt\u00f3ra przyci\u0105gnie t\u0142umy i doda rywalizacji na ka\u017cdym evencie. Kto jest najsilniejszy? Dowied\u017a si\u0119, rzucaj\u0105c m\u0142otem i obserwuj\u0105c, jak wysoko podskoczy wska\u017anik!\" \/>\n<meta property=\"og:url\" content=\"https:\/\/mistrzowieimprez.pl\/en\/product\/silomierz-mlot\/\" \/>\n<meta property=\"og:site_name\" content=\"Mistrzowie Imprez\" \/>\n<meta property=\"article:publisher\" content=\"https:\/\/www.facebook.com\/mistrzowieimprez\" \/>\n<meta property=\"article:modified_time\" content=\"2026-03-18T08:52:35+00:00\" \/>\n<meta property=\"og:image\" content=\"https:\/\/mistrzowieimprez.pl\/wp-content\/uploads\/2024\/09\/Silomierz-mlot-scaled.jpg\" \/>\n\t<meta property=\"og:image:width\" content=\"2560\" \/>\n\t<meta property=\"og:image:height\" content=\"1707\" \/>\n\t<meta property=\"og:image:type\" content=\"image\/jpeg\" \/>\n<meta name=\"twitter:card\" content=\"summary_large_image\" \/>\n<meta name=\"twitter:label1\" content=\"Estimated reading time\" \/>\n\t<meta name=\"twitter:data1\" content=\"1 minute\" \/>\n<script type=\"application\/ld+json\" class=\"yoast-schema-graph\">{\"@context\":\"https:\\\/\\\/schema.org\",\"@graph\":[{\"@type\":\"WebPage\",\"@id\":\"https:\\\/\\\/mistrzowieimprez.pl\\\/produkt\\\/silomierz-mlot\\\/\",\"url\":\"https:\\\/\\\/mistrzowieimprez.pl\\\/produkt\\\/silomierz-mlot\\\/\",\"name\":\"Si\u0142omierz M\u0142ot: sprawd\u017a si\u0142\u0119 uderzenia i rzu\u0107 wyzwanie znajomym\",\"isPartOf\":{\"@id\":\"https:\\\/\\\/mistrzowieimprez.pl\\\/#website\"},\"primaryImageOfPage\":{\"@id\":\"https:\\\/\\\/mistrzowieimprez.pl\\\/produkt\\\/silomierz-mlot\\\/#primaryimage\"},\"image\":{\"@id\":\"https:\\\/\\\/mistrzowieimprez.pl\\\/produkt\\\/silomierz-mlot\\\/#primaryimage\"},\"thumbnailUrl\":\"https:\\\/\\\/mistrzowieimprez.pl\\\/wp-content\\\/uploads\\\/2024\\\/09\\\/Silomierz-mlot-scaled.jpg\",\"datePublished\":\"2024-09-01T09:07:22+00:00\",\"dateModified\":\"2026-03-18T08:52:35+00:00\",\"breadcrumb\":{\"@id\":\"https:\\\/\\\/mistrzowieimprez.pl\\\/produkt\\\/silomierz-mlot\\\/#breadcrumb\"},\"inLanguage\":\"en-GB\",\"potentialAction\":[{\"@type\":\"ReadAction\",\"target\":[\"https:\\\/\\\/mistrzowieimprez.pl\\\/produkt\\\/silomierz-mlot\\\/\"]}]},{\"@type\":\"ImageObject\",\"inLanguage\":\"en-GB\",\"@id\":\"https:\\\/\\\/mistrzowieimprez.pl\\\/produkt\\\/silomierz-mlot\\\/#primaryimage\",\"url\":\"https:\\\/\\\/mistrzowieimprez.pl\\\/wp-content\\\/uploads\\\/2024\\\/09\\\/Silomierz-mlot-scaled.jpg\",\"contentUrl\":\"https:\\\/\\\/mistrzowieimprez.pl\\\/wp-content\\\/uploads\\\/2024\\\/09\\\/Silomierz-mlot-scaled.jpg\",\"width\":2560,\"height\":1707,\"caption\":\"Na zdj\u0119ciu widzimy m\u0119\u017cczyzn\u0119 bior\u0105cego udzia\u0142 w grze polegaj\u0105cej na uderzaniu m\u0142otem w urz\u0105dzenie na \u015bwie\u017cym powietrzu, otoczonego przez grup\u0119 ludzi obserwuj\u0105cych wydarzenie.\"},{\"@type\":\"BreadcrumbList\",\"@id\":\"https:\\\/\\\/mistrzowieimprez.pl\\\/produkt\\\/silomierz-mlot\\\/#breadcrumb\",\"itemListElement\":[{\"@type\":\"ListItem\",\"position\":1,\"name\":\"Strona g\u0142\u00f3wna\",\"item\":\"https:\\\/\\\/mistrzowieimprez.pl\\\/\"},{\"@type\":\"ListItem\",\"position\":2,\"name\":\"sklep\",\"item\":\"https:\\\/\\\/mistrzowieimprez.pl\\\/sklep\\\/\"},{\"@type\":\"ListItem\",\"position\":3,\"name\":\"Si\u0142omierz M\u0142ot\"}]},{\"@type\":\"WebSite\",\"@id\":\"https:\\\/\\\/mistrzowieimprez.pl\\\/#website\",\"url\":\"https:\\\/\\\/mistrzowieimprez.pl\\\/\",\"name\":\"Mistrzowie Imprez\",\"description\":\"Kompleksowa organizacja imprez\",\"publisher\":{\"@id\":\"https:\\\/\\\/mistrzowieimprez.pl\\\/#organization\"},\"potentialAction\":[{\"@type\":\"SearchAction\",\"target\":{\"@type\":\"EntryPoint\",\"urlTemplate\":\"https:\\\/\\\/mistrzowieimprez.pl\\\/?s={search_term_string}\"},\"query-input\":{\"@type\":\"PropertyValueSpecification\",\"valueRequired\":true,\"valueName\":\"search_term_string\"}}],\"inLanguage\":\"en-GB\"},{\"@type\":\"Organization\",\"@id\":\"https:\\\/\\\/mistrzowieimprez.pl\\\/#organization\",\"name\":\"Mistrzowie Imprez\",\"url\":\"https:\\\/\\\/mistrzowieimprez.pl\\\/\",\"logo\":{\"@type\":\"ImageObject\",\"inLanguage\":\"en-GB\",\"@id\":\"https:\\\/\\\/mistrzowieimprez.pl\\\/#\\\/schema\\\/logo\\\/image\\\/\",\"url\":\"https:\\\/\\\/mistrzowieimprez.pl\\\/wp-content\\\/uploads\\\/2024\\\/08\\\/mistrzowie_imprez_logo_ciemne-tlo@4x.png\",\"contentUrl\":\"https:\\\/\\\/mistrzowieimprez.pl\\\/wp-content\\\/uploads\\\/2024\\\/08\\\/mistrzowie_imprez_logo_ciemne-tlo@4x.png\",\"width\":1318,\"height\":351,\"caption\":\"Mistrzowie Imprez\"},\"image\":{\"@id\":\"https:\\\/\\\/mistrzowieimprez.pl\\\/#\\\/schema\\\/logo\\\/image\\\/\"},\"sameAs\":[\"https:\\\/\\\/www.facebook.com\\\/mistrzowieimprez\",\"https:\\\/\\\/www.instagram.com\\\/mistrzowieimprez\\\/\",\"https:\\\/\\\/www.youtube.com\\\/@ytmistrzowieimprez\"]}]}<\/script>\n<!-- \/ Yoast SEO plugin. -->","yoast_head_json":{"title":"Si\u0142omierz M\u0142ot: sprawd\u017a si\u0142\u0119 uderzenia i rzu\u0107 wyzwanie znajomym","robots":{"index":"index","follow":"follow","max-snippet":"max-snippet:-1","max-image-preview":"max-image-preview:large","max-video-preview":"max-video-preview:-1"},"canonical":"https:\/\/mistrzowieimprez.pl\/en\/product\/silomierz-mlot\/","og_locale":"en_GB","og_type":"article","og_title":"Si\u0142omierz M\u0142ot: sprawd\u017a si\u0142\u0119 uderzenia i rzu\u0107 wyzwanie znajomym","og_description":"Spr\u00f3buj swojej si\u0142y z naszym Si\u0142omierzem M\u0142otem! To interaktywna atrakcja, kt\u00f3ra przyci\u0105gnie t\u0142umy i doda rywalizacji na ka\u017cdym evencie. Kto jest najsilniejszy? Dowied\u017a si\u0119, rzucaj\u0105c m\u0142otem i obserwuj\u0105c, jak wysoko podskoczy wska\u017anik!","og_url":"https:\/\/mistrzowieimprez.pl\/en\/product\/silomierz-mlot\/","og_site_name":"Mistrzowie Imprez","article_publisher":"https:\/\/www.facebook.com\/mistrzowieimprez","article_modified_time":"2026-03-18T08:52:35+00:00","og_image":[{"width":2560,"height":1707,"url":"https:\/\/mistrzowieimprez.pl\/wp-content\/uploads\/2024\/09\/Silomierz-mlot-scaled.jpg","type":"image\/jpeg"}],"twitter_card":"summary_large_image","twitter_misc":{"Estimated reading time":"1 minute"},"schema":{"@context":"https:\/\/schema.org","@graph":[{"@type":"WebPage","@id":"https:\/\/mistrzowieimprez.pl\/produkt\/silomierz-mlot\/","url":"https:\/\/mistrzowieimprez.pl\/produkt\/silomierz-mlot\/","name":"Si\u0142omierz M\u0142ot: sprawd\u017a si\u0142\u0119 uderzenia i rzu\u0107 wyzwanie znajomym","isPartOf":{"@id":"https:\/\/mistrzowieimprez.pl\/#website"},"primaryImageOfPage":{"@id":"https:\/\/mistrzowieimprez.pl\/produkt\/silomierz-mlot\/#primaryimage"},"image":{"@id":"https:\/\/mistrzowieimprez.pl\/produkt\/silomierz-mlot\/#primaryimage"},"thumbnailUrl":"https:\/\/mistrzowieimprez.pl\/wp-content\/uploads\/2024\/09\/Silomierz-mlot-scaled.jpg","datePublished":"2024-09-01T09:07:22+00:00","dateModified":"2026-03-18T08:52:35+00:00","breadcrumb":{"@id":"https:\/\/mistrzowieimprez.pl\/produkt\/silomierz-mlot\/#breadcrumb"},"inLanguage":"en-GB","potentialAction":[{"@type":"ReadAction","target":["https:\/\/mistrzowieimprez.pl\/produkt\/silomierz-mlot\/"]}]},{"@type":"ImageObject","inLanguage":"en-GB","@id":"https:\/\/mistrzowieimprez.pl\/produkt\/silomierz-mlot\/#primaryimage","url":"https:\/\/mistrzowieimprez.pl\/wp-content\/uploads\/2024\/09\/Silomierz-mlot-scaled.jpg","contentUrl":"https:\/\/mistrzowieimprez.pl\/wp-content\/uploads\/2024\/09\/Silomierz-mlot-scaled.jpg","width":2560,"height":1707,"caption":"Na zdj\u0119ciu widzimy m\u0119\u017cczyzn\u0119 bior\u0105cego udzia\u0142 w grze polegaj\u0105cej na uderzaniu m\u0142otem w urz\u0105dzenie na \u015bwie\u017cym powietrzu, otoczonego przez grup\u0119 ludzi obserwuj\u0105cych wydarzenie."},{"@type":"BreadcrumbList","@id":"https:\/\/mistrzowieimprez.pl\/produkt\/silomierz-mlot\/#breadcrumb","itemListElement":[{"@type":"ListItem","position":1,"name":"Strona g\u0142\u00f3wna","item":"https:\/\/mistrzowieimprez.pl\/"},{"@type":"ListItem","position":2,"name":"sklep","item":"https:\/\/mistrzowieimprez.pl\/sklep\/"},{"@type":"ListItem","position":3,"name":"Si\u0142omierz M\u0142ot"}]},{"@type":"WebSite","@id":"https:\/\/mistrzowieimprez.pl\/#website","url":"https:\/\/mistrzowieimprez.pl\/","name":"Mistrzowie Imprez","description":"Kompleksowa organizacja imprez","publisher":{"@id":"https:\/\/mistrzowieimprez.pl\/#organization"},"potentialAction":[{"@type":"SearchAction","target":{"@type":"EntryPoint","urlTemplate":"https:\/\/mistrzowieimprez.pl\/?s={search_term_string}"},"query-input":{"@type":"PropertyValueSpecification","valueRequired":true,"valueName":"search_term_string"}}],"inLanguage":"en-GB"},{"@type":"Organization","@id":"https:\/\/mistrzowieimprez.pl\/#organization","name":"Mistrzowie Imprez","url":"https:\/\/mistrzowieimprez.pl\/","logo":{"@type":"ImageObject","inLanguage":"en-GB","@id":"https:\/\/mistrzowieimprez.pl\/#\/schema\/logo\/image\/","url":"https:\/\/mistrzowieimprez.pl\/wp-content\/uploads\/2024\/08\/mistrzowie_imprez_logo_ciemne-tlo@4x.png","contentUrl":"https:\/\/mistrzowieimprez.pl\/wp-content\/uploads\/2024\/08\/mistrzowie_imprez_logo_ciemne-tlo@4x.png","width":1318,"height":351,"caption":"Mistrzowie Imprez"},"image":{"@id":"https:\/\/mistrzowieimprez.pl\/#\/schema\/logo\/image\/"},"sameAs":["https:\/\/www.facebook.com\/mistrzowieimprez","https:\/\/www.instagram.com\/mistrzowieimprez\/","https:\/\/www.youtube.com\/@ytmistrzowieimprez"]}]}},"_links":{"self":[{"href":"https:\/\/mistrzowieimprez.pl\/en\/wp-json\/wp\/v2\/product\/737","targetHints":{"allow":["GET"]}}],"collection":[{"href":"https:\/\/mistrzowieimprez.pl\/en\/wp-json\/wp\/v2\/product"}],"about":[{"href":"https:\/\/mistrzowieimprez.pl\/en\/wp-json\/wp\/v2\/types\/product"}],"replies":[{"embeddable":true,"href":"https:\/\/mistrzowieimprez.pl\/en\/wp-json\/wp\/v2\/comments?post=737"}],"version-history":[{"count":1,"href":"https:\/\/mistrzowieimprez.pl\/en\/wp-json\/wp\/v2\/product\/737\/revisions"}],"predecessor-version":[{"id":3545,"href":"https:\/\/mistrzowieimprez.pl\/en\/wp-json\/wp\/v2\/product\/737\/revisions\/3545"}],"wp:featuredmedia":[{"embeddable":true,"href":"https:\/\/mistrzowieimprez.pl\/en\/wp-json\/wp\/v2\/media\/1141"}],"wp:attachment":[{"href":"https:\/\/mistrzowieimprez.pl\/en\/wp-json\/wp\/v2\/media?parent=737"}],"wp:term":[{"taxonomy":"product_brand","embeddable":true,"href":"https:\/\/mistrzowieimprez.pl\/en\/wp-json\/wp\/v2\/product_brand?post=737"},{"taxonomy":"product_cat","embeddable":true,"href":"https:\/\/mistrzowieimprez.pl\/en\/wp-json\/wp\/v2\/product_cat?post=737"},{"taxonomy":"product_tag","embeddable":true,"href":"https:\/\/mistrzowieimprez.pl\/en\/wp-json\/wp\/v2\/product_tag?post=737"}],"curies":[{"name":"wp","href":"https:\/\/api.w.org\/{rel}","templated":true}]}}